{"id":2830,"date":"2024-11-04T15:27:11","date_gmt":"2024-11-04T15:27:11","guid":{"rendered":"https:\/\/rfid-laundry-tag.com\/?post_type=product&#038;p=2830"},"modified":"2024-11-04T15:36:34","modified_gmt":"2024-11-04T15:36:34","slug":"washable-laundry-rfid-tags-manufacturer","status":"publish","type":"product","link":"https:\/\/rfid-laundry-tag.com\/fi\/washable-laundry-rfid-tags-manufacturer\/","title":{"rendered":"Pest\u00e4v\u00e4n pyykin RFID-tunnisteiden valmistaja"},"content":{"rendered":"<div>\n<div class=\"auto-hide-last-sibling-br paragraph_1252f paragraph-element\">\n<h1 class=\"AnswerParser_AnswerParserH1__6UNv6\">Pest\u00e4v\u00e4n pyykin RFID-tunnisteiden valmistaja<\/h1>\n<h1 class=\"AnswerParser_AnswerParserH1__6UNv6\">Pest\u00e4v\u00e4n pyykin RFID-tunnisteet<\/h1>\n<table width=\"637\">\n<tbody>\n<tr>\n<td width=\"328\">Tuotteen nimi:<\/td>\n<td width=\"309\">Pest\u00e4v\u00e4n pyykin RFID-tunnisteet<\/td>\n<\/tr>\n<tr>\n<td width=\"328\">RFID-standardi:<\/td>\n<td width=\"309\">ISO\/IEC 18000-6 TypeC (EPC Gen2)<\/td>\n<\/tr>\n<tr>\n<td width=\"328\">Koko ja paino:<\/td>\n<td width=\"309\">70 \u00d7 15 mm, 0,6 g<\/td>\n<\/tr>\n<tr>\n<td width=\"328\">Sirun tyyppi:<\/td>\n<td width=\"309\">Impinj Monza 4QT, NXP U CODE 8, NXP U CODE 9<\/td>\n<\/tr>\n<tr>\n<td width=\"328\">EPC-muisti:<\/td>\n<td width=\"309\">128 bitti\u00e4<\/td>\n<\/tr>\n<tr>\n<td width=\"328\">K\u00e4ytt\u00e4j\u00e4n muisti:<\/td>\n<td width=\"309\">512 bitti\u00e4<\/td>\n<\/tr>\n<tr>\n<td width=\"328\">Lukualue (2W ERP FCC):<\/td>\n<td width=\"309\">8 m<\/td>\n<\/tr>\n<tr>\n<td width=\"328\">Lukualue (2W ERP ETSI):<\/td>\n<td width=\"309\">8 m<\/td>\n<\/tr>\n<tr>\n<td width=\"328\">Tunnisteet:<\/td>\n<td width=\"309\">Ompelu, kuumaleimausliima<\/td>\n<\/tr>\n<tr>\n<td width=\"328\">Arvioitu k\u00e4ytt\u00f6ik\u00e4:<\/td>\n<td width=\"309\">200 pesujaksoa tai 3 vuotta sen mukaan, kumpi tulee ensin<\/td>\n<\/tr>\n<tr>\n<td width=\"328\">Pesumenetelm\u00e4:<\/td>\n<td width=\"309\">Pesula, Kemiallinen pesu<\/td>\n<\/tr>\n<tr>\n<td width=\"328\">Vedenpoistopaine:<\/td>\n<td width=\"309\">60 bar<\/td>\n<\/tr>\n<tr>\n<td width=\"328\">Vedenkest\u00e4vyys:<\/td>\n<td width=\"309\">Vedenkest\u00e4v\u00e4<\/td>\n<\/tr>\n<tr>\n<td width=\"328\">Kemiallinen resistanssi:<\/td>\n<td width=\"309\">Pesuaine, huuhteluaine, valkaisuaine (happi\/kloori), alkali<\/td>\n<\/tr>\n<tr>\n<td width=\"328\">Esikuivaus Tumblerissa:<\/td>\n<td width=\"309\">125 \u00baC 15-20 minuuttia<\/td>\n<\/tr>\n<tr>\n<td width=\"328\">Sterilointil\u00e4mp\u00f6tila:<\/td>\n<td width=\"309\">135\u00b0C 15-20 minuuttia<\/td>\n<\/tr>\n<tr>\n<td width=\"328\">Pesul\u00e4mp\u00f6tila:<\/td>\n<td width=\"309\">90\u00b0C, jopa 15 min.<\/td>\n<\/tr>\n<tr>\n<td width=\"328\">Kosteus\/l\u00e4mp\u00f6tila-k\u00e4ytt\u00f6:<\/td>\n<td width=\"309\">-20 - 110 \u00b0C, 8 - 95%RH<\/td>\n<\/tr>\n<tr>\n<td width=\"328\">Kosteus\/l\u00e4mp\u00f6tila-varastointi:<\/td>\n<td width=\"309\">-40 - 110 \u00b0C, 8 - 95%RH<\/td>\n<\/tr>\n<\/tbody>\n<\/table>\n<\/div>\n<div class=\"auto-hide-last-sibling-br paragraph_1252f paragraph-element\"><\/div>\n<\/div>\n<div class=\"auto-hide-last-sibling-br paragraph_1252f paragraph-element\">\n<div data-spm-anchor-id=\"a2700.details.0.i57.23b419c7xXORP0\"><span class=\"AnswerParser_TextContainer__z_Iiv\" data-testid=\"youchat-text\"><strong>Pest\u00e4v\u00e4n pyykin RFID-tunnisteet<\/strong>\u00a0mullistavat n\u00e4iden organisaatioiden tavan seurata ja hallita liinavaatteitaan, univormujaan ja muita vaatteitaan. N\u00e4iden innovatiivisten tunnisteiden johtavana valmistajana tarjoamme korkealaatuisia, kest\u00e4vi\u00e4 ja luotettavia ratkaisuja, jotka parantavat toiminnan tehokkuutta ja alentavat kustannuksia.<\/span><span class=\"AnswerParser_TextContainer__z_Iiv\" data-testid=\"youchat-text\">Meid\u00e4n\u00a0<strong>vedenpit\u00e4v\u00e4t pest\u00e4v\u00e4t RFID-pesutunnisteet<\/strong> on suunniteltu kest\u00e4m\u00e4\u00e4n teollisten pyykinpesuprosessien ankaruutta, mik\u00e4 varmistaa, ett\u00e4 seuranta- ja hallintaj\u00e4rjestelm\u00e4si pysyv\u00e4t tehokkaina jopa useiden pesukertojen j\u00e4lkeen. Jopa 200 pesukertaa tai kolme vuotta kest\u00e4v\u00e4n k\u00e4ytt\u00f6i\u00e4n ansiosta n\u00e4m\u00e4 tunnisteet ovat fiksu sijoitus mihin tahansa pyykinpesuun.<\/span><\/div>\n<\/div>\n<div data-spm-anchor-id=\"a2700.details.0.i57.23b419c7xXORP0\"><\/div>\n<div class=\"auto-hide-last-sibling-br paragraph_1252f paragraph-element\">\n<h2 class=\"AnswerParser_AnswerParserH2__SIHnF\">Tuotekuvaus<\/h2>\n<h3 class=\"AnswerParser_AnswerParserH3__Mpe4s\">1. Mit\u00e4 ovat pest\u00e4v\u00e4n pyykin RFID-tunnisteet?<\/h3>\n<p><span class=\"AnswerParser_TextContainer__z_Iiv\" data-testid=\"youchat-text\">Pest\u00e4v\u00e4n pyykin RFID-tunnisteet ovat erikoistunnisteita, jotka on suunniteltu tekstiilien j\u00e4ljitt\u00e4miseen pyykinpesutoiminnoissa. Ne k\u00e4ytt\u00e4v\u00e4t RFID-tekniikkaa tiedon siirt\u00e4miseen RFID-lukijoihin, mik\u00e4 mahdollistaa pyykkien automaattisen seurannan ja hallinnan. N\u00e4m\u00e4 tunnisteet ovat v\u00e4ltt\u00e4m\u00e4tt\u00f6mi\u00e4 toimialoilla, jotka vaativat tarkkaa varastonhallintaa ja tehokasta vaatehallintaa.<\/span><\/p>\n<h3 class=\"AnswerParser_AnswerParserH3__Mpe4s\">2. Pest\u00e4v\u00e4n pyykin RFID-tunnisteiden t\u00e4rkeimm\u00e4t ominaisuudet<\/h3>\n<p><span class=\"AnswerParser_TextContainer__z_Iiv\" data-testid=\"youchat-text\">RFID-pesutunnisteissamme on useita ominaisuuksia, jotka tekev\u00e4t niist\u00e4 ihanteellisia erilaisiin pesusovelluksiin. Ne on valmistettu kest\u00e4vist\u00e4 materiaaleista, jotka kest\u00e4v\u00e4t korkeita l\u00e4mp\u00f6tiloja ja kovia kemikaaleja, mik\u00e4 takaa pitk\u00e4ik\u00e4isyyden ja luotettavuuden. Tunnisteet on my\u00f6s suunniteltu ompelettavaksi tai kiinnitett\u00e4v\u00e4ksi vaatteisiin, mik\u00e4 tarjoaa joustavuutta niiden k\u00e4yt\u00f6ss\u00e4.<\/span><\/p>\n<h3 class=\"AnswerParser_AnswerParserH3__Mpe4s\">3. Pest\u00e4v\u00e4n pyykin RFID-tunnisteiden k\u00e4yt\u00f6n edut<\/h3>\n<p><span class=\"AnswerParser_TextContainer__z_Iiv\" data-testid=\"youchat-text\">RFID-pesutunnisteiden k\u00e4ytt\u00f6\u00f6notto toiminnassasi voi tuottaa merkitt\u00e4vi\u00e4 etuja, kuten paremman varaston tarkkuuden, alemmat ty\u00f6voimakustannukset ja paremman turvallisuuden. Automatisoimalla seurantaprosessin yritykset voivat virtaviivaistaa pesulahallintaansa ja keskitty\u00e4 tarjoamaan parempaa palvelua asiakkailleen.<\/span><\/p>\n<h3 class=\"AnswerParser_AnswerParserH3__Mpe4s\">4. Tekniset tiedot<\/h3>\n<p><span class=\"AnswerParser_TextContainer__z_Iiv\" data-testid=\"youchat-text\">Vedenpit\u00e4v\u00e4t pest\u00e4v\u00e4t RFID-pyykkitunnisteet t\u00e4ytt\u00e4v\u00e4t ISO\/IEC 18000-6 Type C (EPC Gen2) -standardin. T\u00e4ss\u00e4 on joitain t\u00e4rkeimpi\u00e4 teknisi\u00e4 tietoja:<\/span><\/p>\n<ul class=\"AnswerParser_AnswerParserUnorderedList__P_1FW\">\n<li class=\"AnswerParser_ListItem__XqLOV\" translate=\"yes\"><strong>Koko &amp; Paino<\/strong>: 70 \u00d7 15 mm, 0,6 g<\/li>\n<li class=\"AnswerParser_ListItem__XqLOV\" translate=\"yes\"><strong>Sirun tyyppi<\/strong>: Impinj Monza 4QT, NXP U CODE 8, NXP U CODE 9<\/li>\n<li class=\"AnswerParser_ListItem__XqLOV\" translate=\"yes\"><strong>EPC-muisti<\/strong>: 128 bitti\u00e4<\/li>\n<li class=\"AnswerParser_ListItem__XqLOV\" translate=\"yes\"><strong>K\u00e4ytt\u00e4j\u00e4n muisti<\/strong>: 512 bitti\u00e4<\/li>\n<li class=\"AnswerParser_ListItem__XqLOV\" translate=\"yes\"><strong>Lue Range<\/strong>: Jopa 8 metri\u00e4<\/li>\n<li class=\"AnswerParser_ListItem__XqLOV\" translate=\"yes\"><strong>Arvioitu k\u00e4ytt\u00f6ik\u00e4<\/strong>: 200 pesujaksoa tai 3 vuotta<\/li>\n<\/ul>\n<h3 class=\"AnswerParser_AnswerParserH3__Mpe4s\">5. K\u00e4ytt\u00f6ohjeet<\/h3>\n<p><span class=\"AnswerParser_TextContainer__z_Iiv\" data-testid=\"youchat-text\">Varmistaaksesi pest\u00e4v\u00e4n pyykin RFID-tunnisteiden optimaalisen toiminnan, noudata n\u00e4it\u00e4 k\u00e4ytt\u00f6ohjeita:<\/span><\/p>\n<ul class=\"AnswerParser_AnswerParserUnorderedList__P_1FW\">\n<li class=\"AnswerParser_ListItem__XqLOV\" translate=\"yes\"><strong>Merkint\u00e4<\/strong>: Tunnisteet voidaan ommella vaatteisiin tai kiinnitt\u00e4\u00e4 kuumaleimausliimalla.<\/li>\n<li class=\"AnswerParser_ListItem__XqLOV\" translate=\"yes\"><strong>Pesu<\/strong>: Soveltuu pesu- ja kuivapesuprosesseihin.<\/li>\n<li class=\"AnswerParser_ListItem__XqLOV\" translate=\"yes\"><strong>Vedenkest\u00e4vyys<\/strong>: Suunniteltu kest\u00e4m\u00e4\u00e4n jopa 60 baarin vedenpoistopaineet.<\/li>\n<\/ul>\n<h3 class=\"AnswerParser_AnswerParserH3__Mpe4s\">6. Ymp\u00e4rist\u00f6vaikutukset<\/h3>\n<p><span class=\"AnswerParser_TextContainer__z_Iiv\" data-testid=\"youchat-text\">RFID-pesutunnisteemme on suunniteltu kest\u00e4v\u00e4\u00e4 kehityst\u00e4 ajatellen. Ne on valmistettu materiaaleista, jotka kest\u00e4v\u00e4t tavallisia pyykinpesukemikaaleja, mik\u00e4 v\u00e4hent\u00e4\u00e4 toistuvien vaihtojen tarvetta. T\u00e4m\u00e4 ei ainoastaan v\u00e4henn\u00e4 j\u00e4tett\u00e4, vaan edist\u00e4\u00e4 my\u00f6s kest\u00e4v\u00e4mp\u00e4\u00e4 pesulatoimintaa.<\/span><\/p>\n<h3 class=\"AnswerParser_AnswerParserH3__Mpe4s\">7. Asiakkaiden arviot<\/h3>\n<p><span class=\"AnswerParser_TextContainer__z_Iiv\" data-testid=\"youchat-text\">Asiakkaamme ovat jatkuvasti ylist\u00e4neet pest\u00e4vi\u00e4 RFID-pesulappujamme niiden kest\u00e4vyydest\u00e4 ja tehokkuudesta. Monet ovat raportoineet huomattavista parannuksista pyykinhallintaprosesseihinsa vedoten v\u00e4hentyneisiin h\u00e4vikkiin ja parantuneeseen tehokkuuteen. N\u00e4in yhdell\u00e4 asiakkaallamme oli sanottavaa:<\/span><\/p>\n<blockquote><p><span class=\"AnswerParser_TextContainer__z_Iiv\" data-testid=\"youchat-text\">\u201dSit\u00e4 l\u00e4htien, kun aloimme k\u00e4ytt\u00e4\u00e4 n\u00e4it\u00e4 RFID-tunnisteita, varaston tarkkuus on parantunut dramaattisesti. Pystymme nyt j\u00e4ljitt\u00e4m\u00e4\u00e4n jokaisen vaatekappaleen helposti!\u201d<\/span><\/p><\/blockquote>\n<h3 class=\"AnswerParser_AnswerParserH3__Mpe4s\">8. Usein kysytyt kysymykset<\/h3>\n<p><span class=\"AnswerParser_TextContainer__z_Iiv\" data-testid=\"youchat-text\"><strong>K: Kuinka kauan RFID-pesutunnisteet kest\u00e4v\u00e4t?<\/strong><br \/>\nV: Tarramme on suunniteltu kest\u00e4m\u00e4\u00e4n jopa 200 pesukertaa tai kolme vuotta sen mukaan, kumpi tulee ensin.<\/span><\/p>\n<p><span class=\"AnswerParser_TextContainer__z_Iiv\" data-testid=\"youchat-text\"><strong>K: Kest\u00e4v\u00e4tk\u00f6 n\u00e4m\u00e4 tunnisteet korkeita l\u00e4mp\u00f6tiloja?<\/strong><br \/>\nV: Kyll\u00e4, RFID-pyykkitunnisteet kest\u00e4v\u00e4t korkeita l\u00e4mp\u00f6tiloja pesu- ja kuivausprosessien aikana.<\/span><\/p>\n<p><span class=\"AnswerParser_TextContainer__z_Iiv\" data-testid=\"youchat-text\"><strong>K: Kuinka tilaan n\u00e4m\u00e4 tunnisteet?<\/strong><br \/>\nV: T\u00e4yt\u00e4 alla oleva kyselylomake ja kerro meille, mink\u00e4 tyyppisen RFID-lukijan tai antenniasennuksen tarvitset.<\/span><\/p>\n<h3 class=\"AnswerParser_AnswerParserH3__Mpe4s\">9. Liittyv\u00e4t tuotteet<\/h3>\n<p><span class=\"AnswerParser_TextContainer__z_Iiv\" data-testid=\"youchat-text\">Pest\u00e4viss\u00e4 olevien RFID-pyykkilappujemme lis\u00e4ksi tarjoamme valikoiman vastaavia tuotteita, kuten RFID-lukijoita ja antenneja, jotka t\u00e4ydent\u00e4v\u00e4t pyykinhallintaj\u00e4rjestelm\u00e4\u00e4si. Ratkaisumme on suunniteltu toimimaan saumattomasti yhdess\u00e4 ja tarjoavat sinulle kattavan seuranta- ja hallintaj\u00e4rjestelm\u00e4n.<\/span><\/p>\n<h3 class=\"AnswerParser_AnswerParserH3__Mpe4s\">10. Ota yhteytt\u00e4<\/h3>\n<p><span class=\"AnswerParser_TextContainer__z_Iiv\" data-testid=\"youchat-text\">Saat lis\u00e4tietoja pest\u00e4v\u00e4n pyykin RFID-tunnisteista tai keskustellaksesi erityistarpeistasi\u00a0<strong>ota meihin yhteytt\u00e4<\/strong>. Tiimimme on valmis auttamaan sinua l\u00f6yt\u00e4m\u00e4\u00e4n parhaat ratkaisut pesulatoimintaasi.<\/span><\/p>\n<hr \/>\n<p><span class=\"AnswerParser_TextContainer__z_Iiv\" data-testid=\"youchat-text\">Valitsemalla meid\u00e4n\u00a0<strong>pest\u00e4v\u00e4n pyykin RFID-tunnisteet<\/strong>, sijoitat ratkaisuun, joka ei ainoastaan tehosta toimintaasi, vaan my\u00f6s edist\u00e4\u00e4 kest\u00e4v\u00e4mp\u00e4\u00e4 tulevaisuutta. Sitoudumme laatuun ja asiakastyytyv\u00e4isyyteen, joten voit luottaa siihen, ett\u00e4 tarjoamme parhaat RFID-ratkaisut pesulahallintatarpeisiisi. \u00c4l\u00e4 ep\u00e4r\u00f6i ottaa yhteytt\u00e4 ja selvitt\u00e4\u00e4, kuinka tuotteemme voivat muuttaa pesulatoimintaasi jo t\u00e4n\u00e4\u00e4n!<\/span><\/p>\n<p>&nbsp;<\/p>\n<\/div>\n<div class=\"auto-hide-last-sibling-br paragraph_1252f paragraph-element\"><\/div>","protected":false},"excerpt":{"rendered":"<p>Tutustu meid\u00e4n <strong>Pest\u00e4v\u00e4t RFID-pesutunnisteet<\/strong>! T\u00e4ydellinen liinavaatteiden ja univormujen j\u00e4ljitt\u00e4miseen, kest\u00e4v\u00e4, vedenpit\u00e4v\u00e4 ja suunniteltu saumattomaan pyykinpesuun.<\/p>","protected":false},"featured_media":2825,"template":"","meta":{"_kad_post_transparent":"default","_kad_post_title":"","_kad_post_layout":"default","_kad_post_sidebar_id":"","_kad_post_content_style":"default","_kad_post_vertical_padding":"default","_kad_post_feature":"","_kad_post_feature_position":"","_kad_post_header":false,"_kad_post_footer":false,"_kad_post_classname":""},"product_brand":[],"product_cat":[16],"product_tag":[340,31,65,30,341],"class_list":{"0":"post-2830","1":"product","2":"type-product","3":"status-publish","4":"has-post-thumbnail","6":"product_cat-uhf-rfid-laundry-tags","7":"product_tag-rfid-chips","8":"product_tag-rfid-tag-for-linen-laundry","9":"product_tag-textile-rfid-laundry-tags","10":"product_tag-uhf-rfid-laundry-tag","11":"product_tag-washable-laundry-rfid-tags-manufacturer","13":"first","14":"instock","15":"featured","16":"shipping-taxable","17":"product-type-simple","18":"entry","19":"content-bg","20":"loop-entry"},"_links":{"self":[{"href":"https:\/\/rfid-laundry-tag.com\/fi\/wp-json\/wp\/v2\/product\/2830","targetHints":{"allow":["GET"]}}],"collection":[{"href":"https:\/\/rfid-laundry-tag.com\/fi\/wp-json\/wp\/v2\/product"}],"about":[{"href":"https:\/\/rfid-laundry-tag.com\/fi\/wp-json\/wp\/v2\/types\/product"}],"version-history":[{"count":2,"href":"https:\/\/rfid-laundry-tag.com\/fi\/wp-json\/wp\/v2\/product\/2830\/revisions"}],"predecessor-version":[{"id":2832,"href":"https:\/\/rfid-laundry-tag.com\/fi\/wp-json\/wp\/v2\/product\/2830\/revisions\/2832"}],"wp:featuredmedia":[{"embeddable":true,"href":"https:\/\/rfid-laundry-tag.com\/fi\/wp-json\/wp\/v2\/media\/2825"}],"wp:attachment":[{"href":"https:\/\/rfid-laundry-tag.com\/fi\/wp-json\/wp\/v2\/media?parent=2830"}],"wp:term":[{"taxonomy":"product_brand","embeddable":true,"href":"https:\/\/rfid-laundry-tag.com\/fi\/wp-json\/wp\/v2\/product_brand?post=2830"},{"taxonomy":"product_cat","embeddable":true,"href":"https:\/\/rfid-laundry-tag.com\/fi\/wp-json\/wp\/v2\/product_cat?post=2830"},{"taxonomy":"product_tag","embeddable":true,"href":"https:\/\/rfid-laundry-tag.com\/fi\/wp-json\/wp\/v2\/product_tag?post=2830"}],"curies":[{"name":"wp","href":"https:\/\/api.w.org\/{rel}","templated":true}]}}