{"id":283,"date":"2024-06-26T10:23:21","date_gmt":"2024-06-26T10:23:21","guid":{"rendered":"https:\/\/rfid-laundry-tag.com\/?post_type=product&#038;p=283"},"modified":"2024-07-16T16:23:55","modified_gmt":"2024-07-16T16:23:55","slug":"uhf-rfid-inlay","status":"publish","type":"product","link":"https:\/\/rfid-laundry-tag.com\/fi\/uhf-rfid-inlay\/","title":{"rendered":"UHF RFID Inlay"},"content":{"rendered":"<div class=\"J_module\">\n<div class=\"ife-detail-decorate-table\">\n<table class=\"has-title is-zebra all magic-13\">\n<tbody>\n<tr>\n<td colspan=\"2\" rowspan=\"1\">\n<div class=\"magic-23\">\n<div class=\"magic-15\" data-spm-anchor-id=\"a2700.pc-decorate.0.i151.408c3333ouNNMP\"><span class=\"magic-24\" style=\"color: #2196ed;\"><b class=\"magic-25\" data-spm-anchor-id=\"a2700.pc-decorate.0.i28.5f51333385WVJq\">Mekaaniset tiedot<\/b><\/span><\/div>\n<\/div>\n<\/td>\n<\/tr>\n<tr>\n<td colspan=\"1\" rowspan=\"1\">\n<div class=\"magic-28\">Pohjamateriaali<\/div>\n<\/td>\n<td colspan=\"1\" rowspan=\"1\">\n<div class=\"magic-29\">LEMMIKKI<\/div>\n<\/td>\n<\/tr>\n<tr>\n<td colspan=\"1\" rowspan=\"1\">\n<div class=\"magic-28\">Liner Materiaali<\/div>\n<\/td>\n<td colspan=\"1\" rowspan=\"1\">\n<div class=\"magic-29\">80g p\u00e4\u00e4llystetty paperi<\/div>\n<\/td>\n<\/tr>\n<tr>\n<td colspan=\"1\" rowspan=\"1\">\n<div class=\"magic-28\">Pohjan materiaali<\/div>\n<\/td>\n<td colspan=\"1\" rowspan=\"1\">\n<div class=\"magic-29\">Vapauta paperi<\/div>\n<\/td>\n<\/tr>\n<tr>\n<td colspan=\"1\" rowspan=\"1\">\n<div class=\"magic-28\">M\u00e4\u00e4r\u00e4<\/div>\n<\/td>\n<td colspan=\"1\" rowspan=\"1\">\n<div class=\"magic-29\">2500 kpl \/ rulla (voidaan mukauttaa)<\/div>\n<\/td>\n<\/tr>\n<tr>\n<td colspan=\"1\" rowspan=\"1\">\n<div class=\"magic-28\">Kelan halkaisija<\/div>\n<\/td>\n<td colspan=\"1\" rowspan=\"1\">\n<div class=\"magic-29\">76,2 mm<\/div>\n<\/td>\n<\/tr>\n<tr>\n<td colspan=\"1\" rowspan=\"1\">\n<div class=\"magic-28\">Tunnisteen mitat<\/div>\n<\/td>\n<td colspan=\"1\" rowspan=\"1\">\n<div class=\"magic-29\">98 * 15 mm<\/div>\n<\/td>\n<\/tr>\n<tr>\n<td colspan=\"1\" rowspan=\"1\">\n<div class=\"magic-28\">Antenni mitat<\/div>\n<\/td>\n<td colspan=\"1\" rowspan=\"1\">\n<div class=\"magic-29\">95 * 8 mm<\/div>\n<\/td>\n<\/tr>\n<tr>\n<td colspan=\"2\" rowspan=\"1\">\n<div class=\"magic-23\">\n<div class=\"magic-15\" data-spm-anchor-id=\"a2700.pc-decorate.0.i158.408c3333ouNNMP\"><span class=\"magic-24\" style=\"color: #2196ed;\"><b data-spm-anchor-id=\"a2700.pc-decorate.0.i11.562b3333nh3oh1\">S\u00e4hk\u00f6iset tiedot<\/b><\/span><\/div>\n<\/div>\n<\/td>\n<\/tr>\n<tr>\n<td colspan=\"1\" rowspan=\"1\">\n<div class=\"magic-28\">Air Interface Protocol<\/div>\n<\/td>\n<td colspan=\"1\" rowspan=\"1\">\n<div class=\"magic-29\">EPC Global Class1 Gen2 ISO18000-6C<\/div>\n<\/td>\n<\/tr>\n<tr>\n<td colspan=\"1\" rowspan=\"1\">\n<div class=\"magic-28\">Taajuus<\/div>\n<\/td>\n<td colspan=\"1\" rowspan=\"1\">\n<div class=\"magic-29\">Globaali 860-960 MHz<\/div>\n<\/td>\n<\/tr>\n<tr>\n<td colspan=\"1\" rowspan=\"1\">\n<div class=\"magic-28\">IC-tyyppi<\/div>\n<\/td>\n<td colspan=\"1\" rowspan=\"1\">\n<div class=\"magic-29\">NXP UCODE -sarja (tarkista siruparametri)<\/div>\n<\/td>\n<\/tr>\n<tr>\n<td colspan=\"1\" rowspan=\"1\">\n<div class=\"magic-28\">lC Life<\/div>\n<\/td>\n<td colspan=\"1\" rowspan=\"1\">\n<div class=\"magic-29\">100 000 kertaa<\/div>\n<\/td>\n<\/tr>\n<tr>\n<td colspan=\"1\" rowspan=\"1\">\n<div class=\"magic-28\">Tietojen s\u00e4ilytt\u00e4minen<\/div>\n<\/td>\n<td colspan=\"1\" rowspan=\"1\">\n<div class=\"magic-29\">10 vuotta<\/div>\n<\/td>\n<\/tr>\n<tr>\n<td colspan=\"1\" rowspan=\"1\">\n<div class=\"magic-28\">Sovelluksen pinta<\/div>\n<\/td>\n<td colspan=\"1\" rowspan=\"1\">\n<div class=\"magic-29\">Ei-metallinen pinta<\/div>\n<\/td>\n<\/tr>\n<tr>\n<td colspan=\"1\" rowspan=\"1\">\n<div class=\"magic-28\">Lukualue<\/div>\n<\/td>\n<td colspan=\"1\" rowspan=\"1\">\n<div class=\"magic-29\">Noin 12 m (US Standard, Handheld 1W)<\/div>\n<\/td>\n<\/tr>\n<tr>\n<td colspan=\"2\" rowspan=\"1\">\n<div class=\"magic-23\">\n<div class=\"magic-15\" data-spm-anchor-id=\"a2700.pc-decorate.0.i165.408c3333ouNNMP\"><span class=\"magic-24\" style=\"color: #2196ed;\"><b data-spm-anchor-id=\"a2700.pc-decorate.0.i24.42813333eBT2Nf\">Ymp\u00e4rist\u00f6n kest\u00e4vyys<\/b><\/span><\/div>\n<\/div>\n<\/td>\n<\/tr>\n<tr>\n<td colspan=\"1\" rowspan=\"1\">\n<div class=\"magic-28\">K\u00e4ytt\u00f6l\u00e4mp\u00f6tila<\/div>\n<\/td>\n<td colspan=\"1\" rowspan=\"1\">\n<div class=\"magic-29\">-20 \u2103 ~ 80 \u2103<\/div>\n<\/td>\n<\/tr>\n<tr>\n<td colspan=\"1\" rowspan=\"1\">\n<div class=\"magic-28\">S\u00e4ilytysl\u00e4mp\u00f6tila<\/div>\n<\/td>\n<td colspan=\"1\" rowspan=\"1\">\n<div class=\"magic-29\">-20\u00b0C ~ 100\u00b0C<\/div>\n<\/td>\n<\/tr>\n<tr>\n<td colspan=\"1\" rowspan=\"1\">\n<div class=\"magic-28\">Varastointi Kosteus<\/div>\n<\/td>\n<td colspan=\"1\" rowspan=\"1\">\n<div class=\"magic-29\">20~90 % Suhteellinen kosteus<\/div>\n<\/td>\n<\/tr>\n<tr>\n<td colspan=\"1\" rowspan=\"1\">\n<div class=\"magic-28\">S\u00e4ilyvyys<\/div>\n<\/td>\n<td colspan=\"1\" rowspan=\"1\">\n<div class=\"magic-29\">20\u00b0C\uff5e30\u00b0C, 40\u00b060% Liittyv\u00e4 kosteus, yli 2 vuotta;<\/div>\n<\/td>\n<\/tr>\n<\/tbody>\n<\/table>\n<\/div>\n<\/div>\n<div class=\"J_module\">\n<div class=\"ife-detail-decorate-table\">\n<table class=\"has-title is-zebra all magic-13\">\n<tbody>\n<tr>\n<td colspan=\"5\" rowspan=\"1\">\n<div class=\"magic-23\">\n<div class=\"magic-15\" data-spm-anchor-id=\"a2700.pc-decorate.0.i50.42813333eBT2Nf\"><b><span class=\"magic-24\" style=\"color: #2196ed;\">Sirun parametri:\u00a0<\/span><span class=\"magic-24\" style=\"color: #2196ed;\">NXP UCODE<\/span><span class=\"magic-8\" style=\"color: #2196ed;\"><span class=\"magic-24\" data-spm-anchor-id=\"a2700.pc-decorate.0.i51.27d333338zw2ok\">Sarjan siru<\/span><\/span><\/b><\/div>\n<\/div>\n<\/td>\n<\/tr>\n<tr>\n<td colspan=\"1\" rowspan=\"1\">\n<div class=\"magic-34\">\n<div class=\"magic-15\">Sirun parametri<\/div>\n<\/div>\n<\/td>\n<td colspan=\"1\" rowspan=\"1\">\n<div class=\"magic-30\">\n<div class=\"magic-15\" data-spm-anchor-id=\"a2700.pc-decorate.0.i11.4fe73333sMMc4J\">UCODE8<\/div>\n<\/div>\n<\/td>\n<td colspan=\"1\" rowspan=\"1\">\n<div class=\"magic-31\">\n<div class=\"magic-15\" data-spm-anchor-id=\"a2700.pc-decorate.0.i12.4fe73333sMMc4J\">UCODE 9<\/div>\n<\/div>\n<\/td>\n<td colspan=\"1\" rowspan=\"1\">\n<div class=\"magic-32\">\n<div class=\"magic-15\" data-spm-anchor-id=\"0.0.0.i9.20624f05xIYcLw\">UCODE 9xe<\/div>\n<\/div>\n<\/td>\n<td colspan=\"1\" rowspan=\"1\">\n<div class=\"magic-32\">\n<div class=\"magic-15\" data-spm-anchor-id=\"0.0.0.i11.20624f05xIYcLw\">UCODE 9xm<\/div>\n<\/div>\n<\/td>\n<\/tr>\n<tr>\n<td colspan=\"1\" rowspan=\"1\">\n<div class=\"magic-34\">\n<div class=\"magic-15\">EPC<\/div>\n<\/div>\n<\/td>\n<td colspan=\"1\" rowspan=\"1\">\n<div class=\"magic-30\">\n<div class=\"magic-15\">128 bitti\u00e4<\/div>\n<\/div>\n<\/td>\n<td colspan=\"1\" rowspan=\"1\">\n<div class=\"magic-31\">\n<div class=\"magic-15\">96 bitti\u00e4<\/div>\n<\/div>\n<\/td>\n<td colspan=\"1\" rowspan=\"1\">\n<div class=\"magic-32\">\n<div class=\"magic-15\">128 bitti\u00e4<\/div>\n<\/div>\n<\/td>\n<td colspan=\"1\" rowspan=\"1\">\n<div class=\"magic-32\">\n<div class=\"magic-15\" data-spm-anchor-id=\"a2700.pc-decorate.0.i22.4fe73333sMMc4J\">Enint\u00e4\u00e4n 496 bitti\u00e4<\/div>\n<\/div>\n<\/td>\n<\/tr>\n<tr>\n<td colspan=\"1\" rowspan=\"1\">\n<div class=\"magic-34\">\n<div class=\"magic-15\">TID<\/div>\n<\/div>\n<\/td>\n<td colspan=\"1\" rowspan=\"1\">\n<div class=\"magic-30\">\n<div class=\"magic-15\">96 bitti\u00e4<\/div>\n<\/div>\n<\/td>\n<td colspan=\"1\" rowspan=\"1\">\n<div class=\"magic-31\">\n<div class=\"magic-15\">96 bitti\u00e4<\/div>\n<\/div>\n<\/td>\n<td colspan=\"1\" rowspan=\"1\">\n<div class=\"magic-32\">\n<div class=\"magic-15\">96 bitti\u00e4<\/div>\n<\/div>\n<\/td>\n<td colspan=\"1\" rowspan=\"1\">\n<div class=\"magic-32\">\n<div class=\"magic-15\">96 bitti\u00e4<\/div>\n<\/div>\n<\/td>\n<\/tr>\n<tr>\n<td colspan=\"1\" rowspan=\"1\">\n<div class=\"magic-34\">\n<div class=\"magic-15\">K\u00e4ytt\u00e4j\u00e4alue<\/div>\n<\/div>\n<\/td>\n<td colspan=\"1\" rowspan=\"1\">\n<div class=\"magic-30\">\n<div class=\"magic-15\">0<\/div>\n<\/div>\n<\/td>\n<td colspan=\"1\" rowspan=\"1\">\n<div class=\"magic-31\">\n<div class=\"magic-15\" data-spm-anchor-id=\"a2700.pc-decorate.0.i18.4fe73333sMMc4J\">0<\/div>\n<\/div>\n<\/td>\n<td colspan=\"1\" rowspan=\"1\">\n<div class=\"magic-32\">\n<div class=\"magic-15\" data-spm-anchor-id=\"a2700.pc-decorate.0.i20.4fe73333sMMc4J\">0<\/div>\n<\/div>\n<\/td>\n<td colspan=\"1\" rowspan=\"1\">\n<div class=\"magic-32\">\n<div class=\"magic-15\" data-spm-anchor-id=\"a2700.pc-decorate.0.i21.4fe73333sMMc4J\">Enint\u00e4\u00e4n 752 bitti\u00e4<\/div>\n<\/div>\n<\/td>\n<\/tr>\n<\/tbody>\n<\/table>\n<\/div>\n<div><\/div>\n<div class=\"auto-hide-last-sibling-br paragraph_9dc5f paragraph-element\">UHF RFID wet inlay -tunnisteet ovat monipuolisia ty\u00f6kaluja, joita voidaan k\u00e4ytt\u00e4\u00e4 useilla aloilla, mukaan lukien:<\/div>\n<ol class=\"auto-hide-last-sibling-br\">\n<li>\n<div class=\"auto-hide-last-sibling-br paragraph_9dc5f paragraph-element\">Varastonhallintaj\u00e4rjestelm\u00e4t: N\u00e4m\u00e4 PET- tai l\u00e4mp\u00f6paperitarroihin upotetut upotteet voivat merkit\u00e4 omaisuutta reaaliaikaisen seurannan ja hallinnan varmistamiseksi.<\/div>\n<\/li>\n<li>\n<div class=\"auto-hide-last-sibling-br paragraph_9dc5f paragraph-element\">Supply Chain Management: RFID-skannereilla n\u00e4m\u00e4 omaisuuteen kiinnitetyt tunnisteet mahdollistavat tavaroiden reaaliaikaisen seurannan koko toimitusketjussa tuotannosta jakeluun v\u00e4hitt\u00e4ismyyntiin, mik\u00e4 lis\u00e4\u00e4 l\u00e4pin\u00e4kyvyytt\u00e4 ja toiminnan tehokkuutta.<\/div>\n<\/li>\n<li>\n<div class=\"auto-hide-last-sibling-br paragraph_9dc5f paragraph-element\">Omaisuuden seuranta: Soveltuvat sellaisille aloille kuin rakentaminen, valmistus ja logistiikka. Ne mahdollistavat omaisuuden, kuten laitteiden, ajoneuvojen ja ty\u00f6kalujen, seurannan optimoiden resurssit ja minimoimalla tappiot.<\/div>\n<\/li>\n<li>\n<div class=\"auto-hide-last-sibling-br paragraph_9dc5f paragraph-element\">V\u00e4hitt\u00e4ismyynti: Pakkaukseen kiinnitetyt tunnisteet antavat varastojen RFID-lukijat tallentaa tiedot v\u00e4litt\u00f6m\u00e4sti jokaisesta tuotteesta. N\u00e4m\u00e4 tunnisteet on integroitu varastonhallintaj\u00e4rjestelm\u00e4\u00e4n, ja ne voivat auttaa parantamaan varaston tarkkuutta, v\u00e4hent\u00e4m\u00e4\u00e4n varaston loppumista ja parantamaan asiakkaiden ostokokemusta.<\/div>\n<\/li>\n<li>\n<div class=\"auto-hide-last-sibling-br paragraph_9dc5f paragraph-element\">Kulunvalvonta: N\u00e4m\u00e4 tunnisteet ovat ihanteellisia varmistamaan turvallisen p\u00e4\u00e4syn rakennuksiin, parkkipaikoille, tapahtumiin ja erilaisiin asetuksiin. N\u00e4m\u00e4 tunnisteet edist\u00e4v\u00e4t tehokasta ja turvallista kulunhallintaj\u00e4rjestelm\u00e4\u00e4.<\/div>\n<\/li>\n<li>\n<div class=\"auto-hide-last-sibling-br paragraph_9dc5f paragraph-element\">L\u00e4\u00e4ketiede ja terveydenhuolto: N\u00e4ill\u00e4 tunnisteilla on my\u00f6s merkitt\u00e4v\u00e4\u00e4 k\u00e4ytt\u00f6\u00e4 l\u00e4\u00e4ketieteellisten laitteiden, potilastietojen ja l\u00e4\u00e4kkeiden seurannassa sairaaloissa ja terveydenhuoltolaitoksissa, mik\u00e4 parantaa potilaiden hoitoa ja ylivoimaista sairaalan hallintaa.<\/div>\n<\/li>\n<\/ol>\n<div class=\"auto-hide-last-sibling-br paragraph_9dc5f paragraph-element\">Yhteenvetona voidaan todeta, ett\u00e4 UHF RFID -m\u00e4rk\u00e4-inlayt parantavat toiminnan tehokkuutta, tarkkuutta ja turvallisuutta eri toimialoilla ja ymp\u00e4rist\u00f6iss\u00e4.<\/div>\n<\/div>","protected":false},"excerpt":{"rendered":"<div class=\"auto-hide-last-sibling-br paragraph_9dc5f paragraph-element\">UHF RFID -inlayt ovat er\u00e4\u00e4nlainen RFID-tunniste, joka toimii eritt\u00e4in korkealla taajuudella. Ne koostuvat yleens\u00e4 kahdesta osasta:<\/div>\n<ol class=\"auto-hide-last-sibling-br\">\n<li>Integroitu piiri (tunnetaan my\u00f6s nimell\u00e4 siru), johon tietoja tallennetaan.<\/li>\n<li>Antenni, jota k\u00e4ytet\u00e4\u00e4n n\u00e4iden tietojen v\u00e4litt\u00e4miseen RFID-lukijaan.<\/li>\n<\/ol>","protected":false},"featured_media":284,"template":"","meta":{"_kad_post_transparent":"default","_kad_post_title":"","_kad_post_layout":"default","_kad_post_sidebar_id":"","_kad_post_content_style":"default","_kad_post_vertical_padding":"default","_kad_post_feature":"","_kad_post_feature_position":"","_kad_post_header":false,"_kad_post_footer":false,"_kad_post_classname":""},"product_brand":[],"product_cat":[54,189],"product_tag":[108,109],"class_list":{"0":"post-283","1":"product","2":"type-product","3":"status-publish","4":"has-post-thumbnail","6":"product_cat-hot-selling-rfid-tags","7":"product_cat-rfid-inlay","8":"product_tag-rfid-inlay","9":"product_tag-uhf-rfid-inlay","11":"first","12":"instock","13":"shipping-taxable","14":"product-type-simple","15":"entry","16":"content-bg","17":"loop-entry"},"_links":{"self":[{"href":"https:\/\/rfid-laundry-tag.com\/fi\/wp-json\/wp\/v2\/product\/283","targetHints":{"allow":["GET"]}}],"collection":[{"href":"https:\/\/rfid-laundry-tag.com\/fi\/wp-json\/wp\/v2\/product"}],"about":[{"href":"https:\/\/rfid-laundry-tag.com\/fi\/wp-json\/wp\/v2\/types\/product"}],"version-history":[{"count":1,"href":"https:\/\/rfid-laundry-tag.com\/fi\/wp-json\/wp\/v2\/product\/283\/revisions"}],"predecessor-version":[{"id":720,"href":"https:\/\/rfid-laundry-tag.com\/fi\/wp-json\/wp\/v2\/product\/283\/revisions\/720"}],"wp:featuredmedia":[{"embeddable":true,"href":"https:\/\/rfid-laundry-tag.com\/fi\/wp-json\/wp\/v2\/media\/284"}],"wp:attachment":[{"href":"https:\/\/rfid-laundry-tag.com\/fi\/wp-json\/wp\/v2\/media?parent=283"}],"wp:term":[{"taxonomy":"product_brand","embeddable":true,"href":"https:\/\/rfid-laundry-tag.com\/fi\/wp-json\/wp\/v2\/product_brand?post=283"},{"taxonomy":"product_cat","embeddable":true,"href":"https:\/\/rfid-laundry-tag.com\/fi\/wp-json\/wp\/v2\/product_cat?post=283"},{"taxonomy":"product_tag","embeddable":true,"href":"https:\/\/rfid-laundry-tag.com\/fi\/wp-json\/wp\/v2\/product_tag?post=283"}],"curies":[{"name":"wp","href":"https:\/\/api.w.org\/{rel}","templated":true}]}}