{"id":2823,"date":"2024-11-04T14:49:42","date_gmt":"2024-11-04T14:49:42","guid":{"rendered":"https:\/\/rfid-laundry-tag.com\/?post_type=product&#038;p=2823"},"modified":"2024-11-04T15:01:57","modified_gmt":"2024-11-04T15:01:57","slug":"rfid-chips-for-uniforms-garments-and-linen-tracking-solution","status":"publish","type":"product","link":"https:\/\/rfid-laundry-tag.com\/fi\/rfid-chips-for-uniforms-garments-and-linen-tracking-solution\/","title":{"rendered":"RFID-sirut univormuvaatteisiin ja pellava-seurantaratkaisu"},"content":{"rendered":"<div>\n<div class=\"auto-hide-last-sibling-br paragraph_1252f paragraph-element\">\n<h2>RFID-sirut univormuvaatteisiin ja pellava-seurantaratkaisu<\/h2>\n<p><strong>RFID-sirut univormuihin, vaatteisiin ja pellava-seurantaratkaisuun<\/strong>\u00a0tarjoavat yrityksille vankan tavan hallita tekstiilej\u00e4\u00e4n, mik\u00e4 varmistaa tarkkuuden ja v\u00e4hent\u00e4\u00e4 tappioita. T\u00e4m\u00e4 artikkeli sukeltaa syv\u00e4lle RFID-pesutunnisteiden k\u00e4yt\u00f6n etuihin, niiden toimintaan ja siihen, miksi ne ovat fiksu sijoitus mihin tahansa pyykinpesuun.<\/p>\n<table width=\"637\">\n<tbody>\n<tr>\n<td width=\"328\">Tuotteen nimi:<\/td>\n<td width=\"309\">RFID-sirut univormuvaatteisiin<\/td>\n<\/tr>\n<tr>\n<td width=\"328\">RFID-standardi:<\/td>\n<td width=\"309\">ISO\/IEC 18000-6 Type C (EPC Gen2)<\/td>\n<\/tr>\n<tr>\n<td width=\"328\">Koko ja paino:<\/td>\n<td width=\"309\">70 \u00d7 15 mm, 0,6 g<\/td>\n<\/tr>\n<tr>\n<td width=\"328\">Sirun tyyppi:<\/td>\n<td width=\"309\">Impinj Monza 4QT, NXP U CODE 8, NXP U CODE 9<\/td>\n<\/tr>\n<tr>\n<td width=\"328\">EPC-muisti:<\/td>\n<td width=\"309\">128 bitti\u00e4<\/td>\n<\/tr>\n<tr>\n<td width=\"328\">K\u00e4ytt\u00e4j\u00e4n muisti:<\/td>\n<td width=\"309\">512 bitti\u00e4<\/td>\n<\/tr>\n<tr>\n<td width=\"328\">Lukualue (2W ERP FCC):<\/td>\n<td width=\"309\">8 m<\/td>\n<\/tr>\n<tr>\n<td width=\"328\">Lukualue (2W ERP ETSI):<\/td>\n<td width=\"309\">8 m<\/td>\n<\/tr>\n<tr>\n<td width=\"328\">Tunnisteet:<\/td>\n<td width=\"309\">Ompelu, kuumaleimausliima<\/td>\n<\/tr>\n<tr>\n<td width=\"328\">Arvioitu k\u00e4ytt\u00f6ik\u00e4:<\/td>\n<td width=\"309\">200 pesujaksoa tai 3 vuotta sen mukaan, kumpi tulee ensin<\/td>\n<\/tr>\n<tr>\n<td width=\"328\">Pesumenetelm\u00e4:<\/td>\n<td width=\"309\">Pesula, Kemiallinen pesu<\/td>\n<\/tr>\n<tr>\n<td width=\"328\">Vedenpoistopaine:<\/td>\n<td width=\"309\">60 bar<\/td>\n<\/tr>\n<tr>\n<td width=\"328\">Vedenkest\u00e4vyys:<\/td>\n<td width=\"309\">Vedenkest\u00e4v\u00e4<\/td>\n<\/tr>\n<tr>\n<td width=\"328\">Kemiallinen resistanssi:<\/td>\n<td width=\"309\">Pesuaine, huuhteluaine, valkaisuaine (happi\/kloori), alkali<\/td>\n<\/tr>\n<tr>\n<td width=\"328\">Esikuivaus Tumblerissa:<\/td>\n<td width=\"309\">125 \u00baC 15-20 minuuttia<\/td>\n<\/tr>\n<tr>\n<td width=\"328\">Sterilointil\u00e4mp\u00f6tila:<\/td>\n<td width=\"309\">135\u00b0C 15-20 minuuttia<\/td>\n<\/tr>\n<tr>\n<td width=\"328\">Pesul\u00e4mp\u00f6tila:<\/td>\n<td width=\"309\">90\u00b0C, jopa 15 min.<\/td>\n<\/tr>\n<tr>\n<td width=\"328\">Kosteus\/l\u00e4mp\u00f6tila-k\u00e4ytt\u00f6:<\/td>\n<td width=\"309\">-20 - 110 \u00b0C, 8 - 95%RH<\/td>\n<\/tr>\n<tr>\n<td width=\"328\">Kosteus\/l\u00e4mp\u00f6tila-varastointi:<\/td>\n<td width=\"309\">-40 - 110 \u00b0C, 8 - 95%RH<\/td>\n<\/tr>\n<\/tbody>\n<\/table>\n<\/div>\n<div class=\"auto-hide-last-sibling-br paragraph_1252f paragraph-element\"><\/div>\n<\/div>\n<div data-spm-anchor-id=\"a2700.details.0.i57.23b419c7xXORP0\">\n<div class=\"auto-hide-last-sibling-br paragraph_1252f paragraph-element\">Univormuvaatteiden RFID-sirut ja pellavaseurantaratkaisu ovat erikoisk\u00e4ytt\u00f6isi\u00e4 RFID-tunnisteita, jotka on luotu erityisesti tekstiileille, jotka k\u00e4yv\u00e4t l\u00e4pi tiukat teolliset pesutoimenpiteet, mukaan lukien sterilointi ja silitys.<\/div>\n<\/div>\n<h3 class=\"wp-block-heading\">RFID-sirujen asennus univormuvaatteisiin<\/h3>\n<p><strong>Ommelmerkint\u00e4<\/strong>: Ommellaan tekstiilin helmaan. Ompele pyykkilappu pois taittoviivoista.<br \/>\n<strong>Kuumasaumaus<\/strong>: Kuumasaumattava suoraan tekstiilin p\u00e4\u00e4lle +200\u00b0C:ssa (392\u00b0F), 12-14 s.<br \/>\n<strong>Pussissa<\/strong>: Ommeltava kuten tavallinen hoitotarra. Ompele pyykkilappu pois taittoviivoista.<\/p>\n<div class=\"auto-hide-last-sibling-br paragraph_1252f paragraph-element\">\n<p style=\"font-weight: 400;\"><span style=\"font-style: inherit; font-weight: inherit;\" data-spm-anchor-id=\"a2700.details.0.i52.7e74253fSAfL7T\">Miten <\/span><b><strong style=\"font-style: inherit;\">VAHVA<\/strong><\/b><span style=\"font-style: inherit; font-weight: inherit;\"> he ovat ?<\/span><\/p>\n<p><b><strong>\u2460<\/strong><\/b>.Ovatko RFID-sirut vaurioituneet korkeissa l\u00e4mp\u00f6tiloissa?<span style=\"font-style: inherit; font-weight: inherit;\"> \u2013<\/span><b><strong>\u2714 RFID-tekstiilipesulappumme on suunniteltu k\u00e4ytett\u00e4v\u00e4ksi 200 \u00b0C:ssa<\/strong><\/b><span style=\"font-style: inherit; font-weight: inherit;\">.<\/span><\/p>\n<p style=\"font-weight: 400;\"><b><strong>\u2461<\/strong><\/b>Kuinka monta kertaa voimme pest\u00e4 univormutekstiilituotteisiin kiinnitetyt etiketit? <b><strong>\u2013\u2714 RFID-tekstiilipyykkilapumme voidaan pest\u00e4 yli 200 kertaa takuulla 2 vuoden ajan toimituksen j\u00e4lkeen.<\/strong><\/b><\/p>\n<p style=\"font-weight: 400;\"><b><strong>\u2462<\/strong><\/b>Aiomme viett\u00e4\u00e4 arvostettuja univormut tekstiilituotteita, jatkamme ty\u00f6t\u00e4, jos siru murskahtaa? <b><strong>\u2013\u2714Suunnittelimme tekstiilipyykkilappumme kest\u00e4m\u00e4\u00e4n 60 baarin painetta tekstiilituotteidesi puristusprosessissa.<\/strong><\/b><\/p>\n<p style=\"font-weight: 400;\"><b><strong>\u2463<\/strong><\/b>Mihin asetat RFID-tekstiilien pyykkitunnisteet univormutekstiileihin? <b><strong>\u2013 \u2714RFID-tekstiilipesulappu asennetaan univormujen saatavuuden mukaan.<\/strong><\/b><\/p>\n<h2 class=\"AnswerParser_AnswerParserH2__SIHnF\">Mik\u00e4 on RFID-pesunseuranta?<\/h2>\n<p><span class=\"AnswerParser_TextContainer__z_Iiv\" data-testid=\"youchat-text\">RFID (Radio Frequency Identification) pyykin seuranta on tekniikka, joka k\u00e4ytt\u00e4\u00e4\u00a0<strong>RFID-tunnisteet<\/strong>\u00a0kiinnitetty tekstiileihin valvomaan ja hallitsemaan pyykki\u00e4 koko niiden elinkaaren ajan. N\u00e4m\u00e4 tunnisteet, joita usein kutsutaan\u00a0<strong>RFID-pesutunnisteet<\/strong>, k\u00e4ytt\u00e4v\u00e4t radioaaltoja tiedon siirt\u00e4miseen RFID-lukijoihin, mik\u00e4 mahdollistaa reaaliaikaisen seurannan ja varastonhallinnan.<\/span><span class=\"AnswerParser_TextContainer__z_Iiv\" data-testid=\"youchat-text\">T\u00e4m\u00e4 tekniikka tehostaa pyykinpesua automatisoimalla seurantaprosessin ja varmistaa, ett\u00e4 vaatteet ja liinavaatteet huomioidaan jokaisessa vaiheessa \u2013 pesusta toimitukseen. Ottamalla k\u00e4ytt\u00f6\u00f6n RFID-pesunseurantaj\u00e4rjestelm\u00e4n yritykset voivat merkitt\u00e4v\u00e4sti v\u00e4hent\u00e4\u00e4 inhimillisi\u00e4 virheit\u00e4 ja parantaa yleist\u00e4 tehokkuutta.<\/span><\/p>\n<h2 class=\"AnswerParser_AnswerParserH2__SIHnF\">RFID-pesutunnisteiden edut<\/h2>\n<h3 class=\"AnswerParser_AnswerParserH3__Mpe4s\">Tehostettu varastonhallinta<\/h3>\n<p><span class=\"AnswerParser_TextContainer__z_Iiv\" data-testid=\"youchat-text\">RFID-pesutunnisteet helpottavat tarkkaa varastonhallintaa tarjoamalla v\u00e4lit\u00f6nt\u00e4 tietoa jokaisen vaatteen tai liinavaatteen sijainnista ja tilasta. T\u00e4m\u00e4n kapasiteetin ansiosta pesulat voivat seurata tavaroita tehokkaasti ja varmistaa, ett\u00e4 kaikki univormut ja liinavaatteet ovat saatavilla tarvittaessa, mik\u00e4 parantaa toiminnan sujuvuutta.<\/span><\/p>\n<h3 class=\"AnswerParser_AnswerParserH3__Mpe4s\">V\u00e4hentynyt menetys ja varkaus<\/h3>\n<p><span class=\"AnswerParser_TextContainer__z_Iiv\" data-testid=\"youchat-text\">Yksi RFID-tunnisteiden k\u00e4yt\u00f6n pesulatoiminnassa merkitt\u00e4vist\u00e4 eduista on h\u00e4vi\u00f6iden ja varkauksien v\u00e4hent\u00e4minen. Jokainen merkitty esine voidaan helposti tunnistaa ja seurata, mik\u00e4 tekee kohteiden katoamisen l\u00e4hes mahdottomaksi. Yritykset voivat seurata varastoaan reaaliajassa ja varmistaa, ett\u00e4 kaikki on tilitetty.<\/span><\/p>\n<h3 class=\"AnswerParser_AnswerParserH3__Mpe4s\">Parempi toiminnan tehokkuus<\/h3>\n<p><span class=\"AnswerParser_TextContainer__z_Iiv\" data-testid=\"youchat-text\">RFID-tekniikan avulla pesulatoiminnot voivat automatisoida erilaisia prosesseja, mik\u00e4 lis\u00e4\u00e4 tehokkuutta. Teht\u00e4vi\u00e4, kuten pyykin lajittelua, seurantaa ja hallintaa, voidaan virtaviivaistaa, jolloin henkil\u00f6kunta voi keskitty\u00e4 kriittisempiin toimintoihin. T\u00e4m\u00e4 tekniikka voi my\u00f6s lyhent\u00e4\u00e4 huomattavasti manuaalisiin varastotarkistuksiin kuluvaa aikaa.<\/span><\/p>\n<h2 class=\"AnswerParser_AnswerParserH2__SIHnF\">Kuinka RFID-tunnisteet toimivat?<\/h2>\n<h3 class=\"AnswerParser_AnswerParserH3__Mpe4s\">RFID-j\u00e4rjestelm\u00e4n osat<\/h3>\n<p><span class=\"AnswerParser_TextContainer__z_Iiv\" data-testid=\"youchat-text\">RFID-j\u00e4rjestelm\u00e4 koostuu kolmesta p\u00e4\u00e4komponentista:\u00a0<strong>RFID-tunnisteet<\/strong>,\u00a0<strong>RFID-lukijat<\/strong>, ja\u00a0<strong>ohjelmisto<\/strong>\u00a0tiedonhallintaa varten. RFID-tunnisteet kiinnitet\u00e4\u00e4n vaatteisiin ja liinavaatteisiin, ja lukijat skannaavat ja ker\u00e4\u00e4v\u00e4t tietoja n\u00e4ist\u00e4 tunnisteista. Ker\u00e4tyt tiedot k\u00e4sitell\u00e4\u00e4n sitten hallintaohjelmistolla varaston seurantaa ja raportointia varten.<\/span><\/p>\n<h3 class=\"AnswerParser_AnswerParserH3__Mpe4s\">Tiedonsiirto<\/h3>\n<p><span class=\"AnswerParser_TextContainer__z_Iiv\" data-testid=\"youchat-text\">Kun RFID-tunniste kulkee RFID-lukijan kantaman sis\u00e4ll\u00e4, lukija l\u00e4hett\u00e4\u00e4 radioaaltoja, jotka saavat tunnisteen tehon, jolloin se l\u00e4hett\u00e4\u00e4 yksil\u00f6llisen tunnistenumeronsa. N\u00e4m\u00e4 tiedot l\u00e4hetet\u00e4\u00e4n ohjelmistoon, joka kirjaa kohteen sijainnin ja tilan, mik\u00e4 mahdollistaa reaaliaikaisen seurannan.<\/span><\/p>\n<h3 class=\"AnswerParser_AnswerParserH3__Mpe4s\">Yhteensopivuus pesulatoimintojen kanssa<\/h3>\n<p><span class=\"AnswerParser_TextContainer__z_Iiv\" data-testid=\"youchat-text\">Pesulasovelluksiin suunnitellut RFID-tunnisteet ovat kest\u00e4vi\u00e4 ja pest\u00e4vi\u00e4, mik\u00e4 varmistaa, ett\u00e4 ne kest\u00e4v\u00e4t korkeita l\u00e4mp\u00f6tiloja menett\u00e4m\u00e4tt\u00e4 toimivuutta. Ne toimivat tehokkaasti my\u00f6s ankarissa pyykinpesuymp\u00e4rist\u00f6iss\u00e4, joten ne ovat ihanteellisia teolliseen pesuun.<\/span><\/p>\n<h2 class=\"AnswerParser_AnswerParserH2__SIHnF\">RFID-pesutunnisteiden t\u00e4rkeimm\u00e4t ominaisuudet<\/h2>\n<h3 class=\"AnswerParser_AnswerParserH3__Mpe4s\">Pest\u00e4v\u00e4 ja kest\u00e4v\u00e4<\/h3>\n<p><span class=\"AnswerParser_TextContainer__z_Iiv\" data-testid=\"youchat-text\">RFID-pesutunnisteet on suunniteltu sellaisiksi\u00a0<strong>pest\u00e4v\u00e4<\/strong>, jolloin ne kest\u00e4v\u00e4t useita pesujaksoja ilman hajoamista. Ne on valmistettu kest\u00e4vist\u00e4 materiaaleista, jotka kest\u00e4v\u00e4t korkeita l\u00e4mp\u00f6tiloja ja kovia pesuaineita, mik\u00e4 takaa pitk\u00e4n k\u00e4ytt\u00f6i\u00e4n.<\/span><\/p>\n<h3 class=\"AnswerParser_AnswerParserH3__Mpe4s\">UHF-tekniikka<\/h3>\n<p><span class=\"AnswerParser_TextContainer__z_Iiv\" data-testid=\"youchat-text\">Useimmat RFID-pesutunnisteet k\u00e4ytt\u00e4v\u00e4t\u00a0<strong>UHF (Ultra High Frequency)<\/strong>\u00a0tekniikkaa, joka mahdollistaa useiden metrien lukuet\u00e4isyyden. T\u00e4m\u00e4 ominaisuus parantaa seurantatehokkuutta, jolloin useita kohteita voidaan skannata samanaikaisesti ilman suoraa n\u00e4k\u00f6yhteytt\u00e4.<\/span><\/p>\n<h3 class=\"AnswerParser_AnswerParserH3__Mpe4s\">R\u00e4\u00e4t\u00e4l\u00f6intiasetukset<\/h3>\n<p><span class=\"AnswerParser_TextContainer__z_Iiv\" data-testid=\"youchat-text\">RFID-pesutunnisteita voidaan r\u00e4\u00e4t\u00e4l\u00f6id\u00e4 erilaisiin muotoihin, kokoihin ja muistikapasiteeteihin vastaamaan erityisi\u00e4 k\u00e4ytt\u00f6tarpeita. T\u00e4m\u00e4n joustavuuden ansiosta yritykset voivat valita tunnisteita, jotka parhaiten vastaavat vaatteiden tai liinavaatteiden hallintavaatimuksia.<\/span><\/p>\n<h2 class=\"AnswerParser_AnswerParserH2__SIHnF\">UHF RFID -tekniikan ymm\u00e4rt\u00e4minen<\/h2>\n<h3 class=\"AnswerParser_AnswerParserH3__Mpe4s\">Mik\u00e4 on UHF RFID?<\/h3>\n<p><span class=\"AnswerParser_TextContainer__z_Iiv\" data-testid=\"youchat-text\"><strong>UHF RFID<\/strong>\u00a0toimii taajuusalueella 300 MHz - 3 GHz tarjoten useita etuja muihin taajuuksiin verrattuna, mukaan lukien pidemm\u00e4t lukualueet ja nopeammat tiedonsiirtonopeudet. T\u00e4m\u00e4 tekniikka on erityisen hy\u00f6dyllinen pyykinpesusovelluksissa, joissa useiden esineiden seuranta kerralla on v\u00e4ltt\u00e4m\u00e4t\u00f6nt\u00e4.<\/span><\/p>\n<h3 class=\"AnswerParser_AnswerParserH3__Mpe4s\">UHF RFID:n edut pyykinhallinnassa<\/h3>\n<p><span class=\"AnswerParser_TextContainer__z_Iiv\" data-testid=\"youchat-text\">UHF RFID -teknologia tarjoaa parannetut seurantaominaisuudet, mik\u00e4 mahdollistaa suurten varastojen tehokkaan hallinnan. Sen kyky siirt\u00e4\u00e4 tietoja pitki\u00e4 matkoja tarkoittaa, ett\u00e4 pesulat voivat parantaa ty\u00f6nkulkuaan minimoimalla manuaalisen skannauksen tarpeen.<\/span><\/p>\n<h2 class=\"AnswerParser_AnswerParserH2__SIHnF\">RFID-pesutunnisteiden ymp\u00e4rist\u00f6vaikutukset<\/h2>\n<h3 class=\"AnswerParser_AnswerParserH3__Mpe4s\">Kest\u00e4vyysn\u00e4k\u00f6kohdat<\/h3>\n<p><span class=\"AnswerParser_TextContainer__z_Iiv\" data-testid=\"youchat-text\">RFID-tekniikan k\u00e4ytt\u00f6\u00f6notto pesulatoiminnassa voi edist\u00e4\u00e4 kest\u00e4v\u00e4n kehityksen ponnisteluja. V\u00e4hent\u00e4m\u00e4ll\u00e4 tekstiilien h\u00e4vikki\u00e4 ja optimoimalla pesuprosesseja yritykset voivat minimoida j\u00e4tett\u00e4 ja parantaa resurssitehokkuutta.<\/span><\/p>\n<h3 class=\"AnswerParser_AnswerParserH3__Mpe4s\">Elinkaarivaikutus<\/h3>\n<p><span class=\"AnswerParser_TextContainer__z_Iiv\" data-testid=\"youchat-text\">RFID-pesutunnisteet on suunniteltu kest\u00e4m\u00e4\u00e4n pitk\u00e4\u00e4 k\u00e4ytt\u00f6ik\u00e4\u00e4, mik\u00e4 v\u00e4hent\u00e4\u00e4 toistuvien vaihtojen tarvetta. Niiden kest\u00e4vyys varmistaa, ett\u00e4 ne kest\u00e4v\u00e4t lukuisia pesujaksoja, mik\u00e4 v\u00e4hent\u00e4\u00e4 merkitt\u00e4v\u00e4sti tekstiilij\u00e4tteeseen liittyvi\u00e4 ymp\u00e4rist\u00f6vaikutuksia.<\/span><\/p>\n<h2 class=\"AnswerParser_AnswerParserH2__SIHnF\">Asiakkaiden arvostelut ja suosittelut<\/h2>\n<h3 class=\"AnswerParser_AnswerParserH3__Mpe4s\">Tosimaailman kokemuksia<\/h3>\n<p><span class=\"AnswerParser_TextContainer__z_Iiv\" data-testid=\"youchat-text\">Monet pesulat ovat raportoineet merkitt\u00e4vist\u00e4 parannuksista tehokkuudessa ja varaston tarkkuudessa RFID-pesutunnisteiden k\u00e4ytt\u00f6\u00f6noton j\u00e4lkeen. Asiakkaat arvostavat kadonneiden tavaroiden v\u00e4henemist\u00e4 ja univormujen ja liinavaatteiden j\u00e4ljitt\u00e4misen helppoutta.<\/span><\/p>\n<blockquote><p><span class=\"AnswerParser_TextContainer__z_Iiv\" data-testid=\"youchat-text\">\u201dPyykinpesun RFID-seurannan k\u00e4ytt\u00f6\u00f6noton j\u00e4lkeen toimintamme tehokkuus on noussut pilviin! Voimme nyt seurata liinavaatteitamme reaaliajassa, mik\u00e4 on v\u00e4hent\u00e4nyt tappioitamme huomattavasti.&quot; \u2013\u00a0<em>Jane D., pesulap\u00e4\u00e4llikk\u00f6<\/em><\/span><\/p><\/blockquote>\n<h3 class=\"AnswerParser_AnswerParserH3__Mpe4s\">Positiivista palautetta<\/h3>\n<p><span class=\"AnswerParser_TextContainer__z_Iiv\" data-testid=\"youchat-text\">K\u00e4ytt\u00e4jilt\u00e4 saatu palaute korostaa RFID-pesutunnisteiden tehokkuutta ja luotettavuutta, mik\u00e4 tekee niist\u00e4 suosituimman valinnan pesulapalveluiden joukossa. Asiakkaat arvostavat pitk\u00e4n aikav\u00e4lin s\u00e4\u00e4st\u00f6j\u00e4, jotka liittyv\u00e4t varastoh\u00e4vi\u00f6iden v\u00e4henemiseen ja parempaan hallintaan.<\/span><\/p>\n<h2 class=\"AnswerParser_AnswerParserH2__SIHnF\">Usein kysytyt kysymykset<\/h2>\n<h3 class=\"AnswerParser_AnswerParserH3__Mpe4s\">Kuinka kauan RFID-pesutunnisteet kest\u00e4v\u00e4t?<\/h3>\n<p><span class=\"AnswerParser_TextContainer__z_Iiv\" data-testid=\"youchat-text\">RFID-pesutunnisteet on suunniteltu kest\u00e4m\u00e4\u00e4n jopa\u00a0<strong>200 pesukertaa<\/strong>, riippuen tunnisteesta ja pesuolosuhteista. Niiden kest\u00e4vyys varmistaa, ett\u00e4 ne pysyv\u00e4t toimivina koko elinkaarensa ajan.<\/span><\/p>\n<h3 class=\"AnswerParser_AnswerParserH3__Mpe4s\">Voidaanko RFID-pesutunnisteita mukauttaa?<\/h3>\n<p><span class=\"AnswerParser_TextContainer__z_Iiv\" data-testid=\"youchat-text\">Kyll\u00e4, RFID-pesutunnisteita voidaan r\u00e4\u00e4t\u00e4l\u00f6id\u00e4 erilaisiin muotoihin ja muistikapasiteettiin vastaamaan pesutoimintojesi erityistarpeita.<\/span><\/p>\n<h3 class=\"AnswerParser_AnswerParserH3__Mpe4s\">Mik\u00e4 on UHF RFID -tunnisteiden lukualue?<\/h3>\n<p><span class=\"AnswerParser_TextContainer__z_Iiv\" data-testid=\"youchat-text\">UHF RFID -tunnisteiden lukualue on tyypillisesti jopa\u00a0<strong>6 metri\u00e4<\/strong>, mik\u00e4 mahdollistaa useiden kohteiden tehokkaan seurannan samanaikaisesti.<\/span><\/p>\n<h2 class=\"AnswerParser_AnswerParserH2__SIHnF\">Johtop\u00e4\u00e4t\u00f6s<\/h2>\n<p><span class=\"AnswerParser_TextContainer__z_Iiv\" data-testid=\"youchat-text\">RFID-sirut univormuihin, vaatteisiin ja pellavaseurantaratkaisuun edustavat mullistavaa edistyst\u00e4 pyykinhallinnassa. Investoimalla RFID-pesutunnisteisiin yritykset voivat tehostaa toimintaansa, v\u00e4hent\u00e4\u00e4 h\u00e4vi\u00f6it\u00e4 ja parantaa yleist\u00e4 varastonhallintaa.<\/span><\/p>\n<\/div>\n<div class=\"auto-hide-last-sibling-br paragraph_1252f paragraph-element\"><\/div>","protected":false},"excerpt":{"rendered":"<p><span class=\"AnswerParser_TextContainer__z_Iiv\" data-testid=\"youchat-text\">RFID-sirut univormuihin, vaatteisiin ja pellavaseurantaratkaisuun edustavat mullistavaa edistyst\u00e4 pyykinhallinnassa. Investoimalla RFID-pesutunnisteisiin yritykset voivat tehostaa toimintaansa, v\u00e4hent\u00e4\u00e4 h\u00e4vi\u00f6it\u00e4 ja parantaa yleist\u00e4 varastonhallintaa.<\/span><\/p>","protected":false},"featured_media":2824,"template":"","meta":{"_kad_post_transparent":"default","_kad_post_title":"","_kad_post_layout":"default","_kad_post_sidebar_id":"","_kad_post_content_style":"default","_kad_post_vertical_padding":"default","_kad_post_feature":"","_kad_post_feature_position":"","_kad_post_header":false,"_kad_post_footer":false,"_kad_post_classname":""},"product_brand":[],"product_cat":[19],"product_tag":[338,339,65,30],"class_list":{"0":"post-2823","1":"product","2":"type-product","3":"status-publish","4":"has-post-thumbnail","6":"product_cat-textile-rfid-laundry-tag","7":"product_tag-rfid-chips-for-uniforms","8":"product_tag-rfid-washable-tags","9":"product_tag-textile-rfid-laundry-tags","10":"product_tag-uhf-rfid-laundry-tag","12":"first","13":"instock","14":"featured","15":"shipping-taxable","16":"product-type-simple","17":"entry","18":"content-bg","19":"loop-entry"},"_links":{"self":[{"href":"https:\/\/rfid-laundry-tag.com\/fi\/wp-json\/wp\/v2\/product\/2823","targetHints":{"allow":["GET"]}}],"collection":[{"href":"https:\/\/rfid-laundry-tag.com\/fi\/wp-json\/wp\/v2\/product"}],"about":[{"href":"https:\/\/rfid-laundry-tag.com\/fi\/wp-json\/wp\/v2\/types\/product"}],"version-history":[{"count":1,"href":"https:\/\/rfid-laundry-tag.com\/fi\/wp-json\/wp\/v2\/product\/2823\/revisions"}],"predecessor-version":[{"id":2826,"href":"https:\/\/rfid-laundry-tag.com\/fi\/wp-json\/wp\/v2\/product\/2823\/revisions\/2826"}],"wp:featuredmedia":[{"embeddable":true,"href":"https:\/\/rfid-laundry-tag.com\/fi\/wp-json\/wp\/v2\/media\/2824"}],"wp:attachment":[{"href":"https:\/\/rfid-laundry-tag.com\/fi\/wp-json\/wp\/v2\/media?parent=2823"}],"wp:term":[{"taxonomy":"product_brand","embeddable":true,"href":"https:\/\/rfid-laundry-tag.com\/fi\/wp-json\/wp\/v2\/product_brand?post=2823"},{"taxonomy":"product_cat","embeddable":true,"href":"https:\/\/rfid-laundry-tag.com\/fi\/wp-json\/wp\/v2\/product_cat?post=2823"},{"taxonomy":"product_tag","embeddable":true,"href":"https:\/\/rfid-laundry-tag.com\/fi\/wp-json\/wp\/v2\/product_tag?post=2823"}],"curies":[{"name":"wp","href":"https:\/\/api.w.org\/{rel}","templated":true}]}}