{"id":2822,"date":"2024-11-04T14:49:24","date_gmt":"2024-11-04T14:49:24","guid":{"rendered":"https:\/\/rfid-laundry-tag.com\/?post_type=product&#038;p=2822"},"modified":"2024-11-04T15:12:28","modified_gmt":"2024-11-04T15:12:28","slug":"waterproof-washable-rfid-laundry-tag","status":"publish","type":"product","link":"https:\/\/rfid-laundry-tag.com\/fi\/waterproof-washable-rfid-laundry-tag\/","title":{"rendered":"Vedenkest\u00e4v\u00e4 pest\u00e4v\u00e4 RFID-pesulappu"},"content":{"rendered":"<div>\n<div class=\"auto-hide-last-sibling-br paragraph_1252f paragraph-element\">\n<h2>Vedenkest\u00e4v\u00e4 pest\u00e4v\u00e4 RFID-pesulappu<\/h2>\n<table width=\"637\">\n<tbody>\n<tr>\n<td width=\"328\">Tuotteen nimi:<\/td>\n<td width=\"309\">Vedenkest\u00e4v\u00e4 pest\u00e4v\u00e4 RFID-pesulappu<\/td>\n<\/tr>\n<tr>\n<td width=\"328\">RFID-standardi:<\/td>\n<td width=\"309\">ISO\/IEC 18000-6 TypeC (EPC Gen2)<\/td>\n<\/tr>\n<tr>\n<td width=\"328\">Koko ja paino:<\/td>\n<td width=\"309\">70 \u00d7 15 mm, 0,6 g<\/td>\n<\/tr>\n<tr>\n<td width=\"328\">Sirun tyyppi:<\/td>\n<td width=\"309\">Impinj Monza 4QT, NXP U CODE 8, NXP U CODE 9<\/td>\n<\/tr>\n<tr>\n<td width=\"328\">EPC-muisti:<\/td>\n<td width=\"309\">128 bitti\u00e4<\/td>\n<\/tr>\n<tr>\n<td width=\"328\">K\u00e4ytt\u00e4j\u00e4n muisti:<\/td>\n<td width=\"309\">512 bitti\u00e4<\/td>\n<\/tr>\n<tr>\n<td width=\"328\">Lukualue (2W ERP FCC):<\/td>\n<td width=\"309\">8 m<\/td>\n<\/tr>\n<tr>\n<td width=\"328\">Lukualue (2W ERP ETSI):<\/td>\n<td width=\"309\">8 m<\/td>\n<\/tr>\n<tr>\n<td width=\"328\">Tunnisteet:<\/td>\n<td width=\"309\">Ompelu, kuumaleimausliima<\/td>\n<\/tr>\n<tr>\n<td width=\"328\">Arvioitu k\u00e4ytt\u00f6ik\u00e4:<\/td>\n<td width=\"309\">200 pesujaksoa tai 3 vuotta sen mukaan, kumpi tulee ensin<\/td>\n<\/tr>\n<tr>\n<td width=\"328\">Pesumenetelm\u00e4:<\/td>\n<td width=\"309\">Pesula, Kemiallinen pesu<\/td>\n<\/tr>\n<tr>\n<td width=\"328\">Vedenpoistopaine:<\/td>\n<td width=\"309\">60 bar<\/td>\n<\/tr>\n<tr>\n<td width=\"328\">Vedenkest\u00e4vyys:<\/td>\n<td width=\"309\">Vedenkest\u00e4v\u00e4<\/td>\n<\/tr>\n<tr>\n<td width=\"328\">Kemiallinen resistanssi:<\/td>\n<td width=\"309\">Pesuaine, huuhteluaine, valkaisuaine (happi\/kloori), alkali<\/td>\n<\/tr>\n<tr>\n<td width=\"328\">Esikuivaus Tumblerissa:<\/td>\n<td width=\"309\">125 \u00baC 15-20 minuuttia<\/td>\n<\/tr>\n<tr>\n<td width=\"328\">Sterilointil\u00e4mp\u00f6tila:<\/td>\n<td width=\"309\">135\u00b0C 15-20 minuuttia<\/td>\n<\/tr>\n<tr>\n<td width=\"328\">Pesul\u00e4mp\u00f6tila:<\/td>\n<td width=\"309\">90\u00b0C, jopa 15 min.<\/td>\n<\/tr>\n<tr>\n<td width=\"328\">Kosteus\/l\u00e4mp\u00f6tila-k\u00e4ytt\u00f6:<\/td>\n<td width=\"309\">-20 - 110 \u00b0C, 8 - 95%RH<\/td>\n<\/tr>\n<tr>\n<td width=\"328\">Kosteus\/l\u00e4mp\u00f6tila-varastointi:<\/td>\n<td width=\"309\">-40 - 110 \u00b0C, 8 - 95%RH<\/td>\n<\/tr>\n<\/tbody>\n<\/table>\n<\/div>\n<div class=\"auto-hide-last-sibling-br paragraph_1252f paragraph-element\"><\/div>\n<\/div>\n<div class=\"auto-hide-last-sibling-br paragraph_1252f paragraph-element\">\n<div data-spm-anchor-id=\"a2700.details.0.i57.23b419c7xXORP0\"><span data-spm-anchor-id=\"a2700.details.0.i75.23b419c7xXORP0\"><b>Ominaisuus:<\/b><br \/>\n1) UHF-tekniikka satojen tunnisteiden lukemiseen samanaikaisesti.<br \/>\n2) Yli 8 jalkaa lukuet\u00e4isyys.<br \/>\n3) Uusi mekaaninen muotoilu parantaa litteiden liinavaatteiden suorituskyky\u00e4.<br \/>\n4) Soveltuu korkeapaineimureille 60 bar asti.<br \/>\n5) Soveltuu autoklaavisterilointiin.<br \/>\n6) Pieni, pehme\u00e4, joustava materiaali sopii erinomaisesti tekstiileille, liinavaatteille, vaatteille ja tarvikkeille.<\/span><\/div>\n<\/div>\n<div data-spm-anchor-id=\"a2700.details.0.i57.23b419c7xXORP0\"><\/div>\n<div data-spm-anchor-id=\"a2700.details.0.i57.23b419c7xXORP0\"><span class=\"AnswerParser_TextContainer__z_Iiv\" data-testid=\"youchat-text\">The\u00a0<strong>Vedenkest\u00e4v\u00e4 pest\u00e4v\u00e4 RFID-pesulappu<\/strong>\u00a0on vallankumouksellinen ratkaisu, joka on suunniteltu virtaviivaistamaan vaatteiden, liinavaatteiden ja univormujen seurantaa ja hallintaa. N\u00e4m\u00e4 tunnisteet eiv\u00e4t ainoastaan lis\u00e4\u00e4 toiminnan tehokkuutta, vaan tarjoavat my\u00f6s merkitt\u00e4vi\u00e4 kustannuss\u00e4\u00e4st\u00f6j\u00e4 ja paremman varastonhallinnan. Kest\u00e4v\u00e4n ja pest\u00e4v\u00e4n muotoilunsa ansiosta ne sopivat ihanteellisesti korkean l\u00e4mp\u00f6tilan pesuohjelmiin, mik\u00e4 tekee niist\u00e4 \u00e4lykk\u00e4\u00e4n sijoituksen mihin tahansa pesuun.<\/span><\/p>\n<h2 class=\"AnswerParser_AnswerParserH2__SIHnF\">Miksi valita vedenpit\u00e4v\u00e4t pest\u00e4v\u00e4t RFID-pesutunnisteet?<\/h2>\n<p><span class=\"AnswerParser_TextContainer__z_Iiv\" data-testid=\"youchat-text\">K\u00e4yt\u00f6n edut\u00a0<strong>RFID-pesutunnisteet<\/strong>\u00a0ovat lukuisia. Ne mahdollistavat pyykkien automaattisen seurannan, v\u00e4hent\u00e4en manuaalista ty\u00f6t\u00e4 ja minimoivat virheet. T\u00e4m\u00e4 tekniikka mahdollistaa reaaliaikaisen varastohallinnan ja varmistaa, ett\u00e4 jokainen vaate otetaan huomioon. Lis\u00e4ksi n\u00e4iden tunnisteiden vedenpit\u00e4v\u00e4t ja pest\u00e4v\u00e4t ominaisuudet takaavat pitk\u00e4ik\u00e4isyyden ja luotettavuuden vaativimmissakin pyykinpesuymp\u00e4rist\u00f6iss\u00e4. Sijoittamalla\u00a0<strong>RFID-pesutunnisteet<\/strong>, yritykset voivat tehostaa toimintaansa, parantaa asiakastyytyv\u00e4isyytt\u00e4\u00e4n ja viime k\u00e4dess\u00e4 lis\u00e4t\u00e4 kannattavuuttaan.<\/span><\/div>\n<h3 class=\"wp-block-heading\">Asennus<\/h3>\n<p><strong>Ommelmerkint\u00e4<\/strong>: Ommellaan tekstiilin helmaan. Ompele pyykkilappu pois taittoviivoista.<br \/>\n<strong>Kuumasaumaus<\/strong>: Kuumasaumattava suoraan tekstiilin p\u00e4\u00e4lle +200\u00b0C:ssa (392\u00b0F), 12-14 s.<br \/>\n<strong>Pussissa<\/strong>: Ommeltava kuten tavallinen hoitotarra. Ompele pyykkilappu pois taittoviivoista.<\/p>\n<div class=\"auto-hide-last-sibling-br paragraph_1252f paragraph-element\">\n<div><\/div>\n<p style=\"font-weight: 400;\"><span style=\"font-style: inherit; font-weight: inherit;\" data-spm-anchor-id=\"a2700.details.0.i52.7e74253fSAfL7T\">Miten <\/span><b><strong style=\"font-style: inherit;\">VAHVA<\/strong><\/b><span style=\"font-style: inherit; font-weight: inherit;\"> he ovat ?<\/span><\/p>\n<p><b><strong>\u2460<\/strong><\/b>.Ovatko RFID-sirut vaurioituneet korkeissa l\u00e4mp\u00f6tiloissa?<span style=\"font-style: inherit; font-weight: inherit;\"> \u2013<\/span><b><strong>\u2714 RFID-tekstiilipesulappumme on suunniteltu k\u00e4ytett\u00e4v\u00e4ksi 200 \u00b0C:ssa<\/strong><\/b><span style=\"font-style: inherit; font-weight: inherit;\">.<\/span><\/p>\n<p style=\"font-weight: 400;\"><b><strong>\u2461<\/strong><\/b>Kuinka monta kertaa voimme pest\u00e4 univormutekstiilituotteisiin kiinnitetyt etiketit? <b><strong>\u2013\u2714 RFID-tekstiilipyykkilapumme voidaan pest\u00e4 yli 200 kertaa takuulla 2 vuoden ajan toimituksen j\u00e4lkeen.<\/strong><\/b><\/p>\n<p style=\"font-weight: 400;\"><b><strong>\u2462<\/strong><\/b>Aiomme viett\u00e4\u00e4 arvostettuja univormut tekstiilituotteita, jatkamme ty\u00f6t\u00e4, jos siru murskahtaa? <b><strong>\u2013\u2714Suunnittelimme tekstiilipyykkilappumme kest\u00e4m\u00e4\u00e4n 60 baarin painetta tekstiilituotteidesi puristusprosessissa.<\/strong><\/b><\/p>\n<p style=\"font-weight: 400;\"><b><strong>\u2463<\/strong><\/b>Mihin asetat RFID-tekstiilien pyykkitunnisteet univormutekstiileihin? <b><strong>\u2013 \u2714RFID-tekstiilipesulappu asennetaan univormujen saatavuuden mukaan.<\/strong><\/b><\/p>\n<h3 class=\"AnswerParser_AnswerParserH3__Mpe4s\">Vedenkest\u00e4v\u00e4n pest\u00e4v\u00e4n RFID-pesutunnisteen ominaisuudet<\/h3>\n<p><span class=\"AnswerParser_TextContainer__z_Iiv\" data-testid=\"youchat-text\">The\u00a0<strong>Vedenkest\u00e4v\u00e4 pest\u00e4v\u00e4 RFID-pesulappu<\/strong>\u00a0on suunniteltu useilla t\u00e4rkeill\u00e4 ominaisuuksilla, jotka tekev\u00e4t siit\u00e4 olennaisen ty\u00f6kalun pyykin hallinnassa. N\u00e4m\u00e4 tunnisteet on valmistettu kest\u00e4vist\u00e4 materiaaleista, jotka kest\u00e4v\u00e4t korkeita l\u00e4mp\u00f6tiloja ja ankaria pesuolosuhteita. Ne on varustettu UHF RFID -tekniikalla, joka mahdollistaa jopa 6 metrin lukuet\u00e4isyyden, mik\u00e4 on ihanteellinen useiden kohteiden seurantaan samanaikaisesti.<\/span><span class=\"AnswerParser_TextContainer__z_Iiv\" data-testid=\"youchat-text\">Lis\u00e4ksi n\u00e4m\u00e4 tunnisteet ovat kevyit\u00e4, painavat vain 0,6 grammaa, ja niiden koko on 70 \u00d7 15 mm, joten ne on helppo kiinnitt\u00e4\u00e4 erilaisiin tekstiileihin lis\u00e4\u00e4m\u00e4tt\u00e4 massaa. Tunnisteet voidaan ommella vaatteisiin tai kiinnitt\u00e4\u00e4 liimalla, mik\u00e4 tarjoaa joustavuutta k\u00e4ytt\u00f6\u00f6n.<\/span><\/p>\n<h3 class=\"AnswerParser_AnswerParserH3__Mpe4s\">Tekniset tiedot<\/h3>\n<p><span class=\"AnswerParser_TextContainer__z_Iiv\" data-testid=\"youchat-text\">Teknisten eritelmien ymm\u00e4rt\u00e4minen\u00a0<strong>RFID-pesutunniste<\/strong>\u00a0on ratkaisevan t\u00e4rke\u00e4\u00e4 yrityksille, jotka haluavat ottaa t\u00e4m\u00e4n teknologian k\u00e4ytt\u00f6\u00f6n. Tunnisteet ovat ISO\/IEC 18000-6 Type C (EPC Gen2) -standardin mukaisia, mik\u00e4 varmistaa yhteensopivuuden useiden RFID-lukijoiden kanssa.<\/span><\/p>\n<ul class=\"AnswerParser_AnswerParserUnorderedList__P_1FW\">\n<li class=\"AnswerParser_ListItem__XqLOV\" translate=\"yes\"><strong>Sirun tyyppi<\/strong>: Impinj Monza 4QT, NXP U CODE 8, NXP U CODE 9<\/li>\n<li class=\"AnswerParser_ListItem__XqLOV\" translate=\"yes\"><strong>EPC-muisti<\/strong>: 128 bitti\u00e4<\/li>\n<li class=\"AnswerParser_ListItem__XqLOV\" translate=\"yes\"><strong>K\u00e4ytt\u00e4j\u00e4n muisti<\/strong>: 512 bitti\u00e4<\/li>\n<li class=\"AnswerParser_ListItem__XqLOV\" translate=\"yes\"><strong>Pesujaksot<\/strong>: Suunniteltu kest\u00e4m\u00e4\u00e4n yli 200 pesujaksoa menett\u00e4m\u00e4tt\u00e4 toimivuutta.<\/li>\n<\/ul>\n<p><span class=\"AnswerParser_TextContainer__z_Iiv\" data-testid=\"youchat-text\">N\u00e4m\u00e4 tekniset tiedot korostavat tunnisteen kest\u00e4vyytt\u00e4 ja luotettavuutta, mik\u00e4 tekee siit\u00e4 sopivan erilaisiin pesusovelluksiin.<\/span><\/p>\n<h3 class=\"AnswerParser_AnswerParserH3__Mpe4s\">RFID-pesutunnisteiden k\u00e4yt\u00f6n edut<\/h3>\n<p><span class=\"AnswerParser_TextContainer__z_Iiv\" data-testid=\"youchat-text\">Toteutus\u00a0<strong>RFID-pesutunnisteet<\/strong>\u00a0tarjoaa monia etuja yrityksille. Ensinn\u00e4kin ne v\u00e4hent\u00e4v\u00e4t merkitt\u00e4v\u00e4sti varastonhallintaan k\u00e4ytetty\u00e4 aikaa. Automatisoidun seurannan avulla henkil\u00f6kunta voi nopeasti paikantaa ja hallita pyykkituotteita, mik\u00e4 lis\u00e4\u00e4 tuottavuutta.<\/span><span class=\"AnswerParser_TextContainer__z_Iiv\" data-testid=\"youchat-text\">Toiseksi n\u00e4m\u00e4 tunnisteet lis\u00e4\u00e4v\u00e4t turvallisuutta est\u00e4m\u00e4ll\u00e4 vaatteiden katoamisen ja varastamisen. Mahdollisuus seurata jokaista tuotetta reaaliajassa varmistaa, ett\u00e4 yritykset voivat pit\u00e4\u00e4 tarkkaa kirjaa varastostaan. Lopuksi RFID-j\u00e4rjestelmist\u00e4 ker\u00e4tyt tiedot voivat tarjota arvokasta tietoa pesulatoiminnasta, mik\u00e4 auttaa yrityksi\u00e4 optimoimaan prosessejaan ja alentamaan kustannuksia.<\/span><\/p>\n<h3 class=\"AnswerParser_AnswerParserH3__Mpe4s\">Ymp\u00e4rist\u00f6vaikutus<\/h3>\n<p><span class=\"AnswerParser_TextContainer__z_Iiv\" data-testid=\"youchat-text\">The\u00a0<strong>Vedenkest\u00e4v\u00e4 pest\u00e4v\u00e4 RFID-pesulappu<\/strong>\u00a0on hy\u00f6dyllist\u00e4 paitsi yrityksille my\u00f6s ymp\u00e4rist\u00f6lle. V\u00e4hent\u00e4m\u00e4ll\u00e4 manuaalisen seurannan tarvetta ja minimoimalla virheet, n\u00e4m\u00e4 tunnisteet tehostavat pyykinpesua, mik\u00e4 voi johtaa pienemp\u00e4\u00e4n veden- ja energiankulutukseen.<\/span><span class=\"AnswerParser_TextContainer__z_Iiv\" data-testid=\"youchat-text\">Lis\u00e4ksi n\u00e4iden merkkien kest\u00e4vyys tarkoittaa, ett\u00e4 niit\u00e4 ei tarvitse vaihtaa usein, mik\u00e4 v\u00e4hent\u00e4\u00e4 j\u00e4tett\u00e4. Yritykset voivat my\u00f6s ottaa k\u00e4ytt\u00f6\u00f6n RFID-j\u00e4rjestelmi\u00e4, jotka ovat yhteensopivia ymp\u00e4rist\u00f6yst\u00e4v\u00e4llisten k\u00e4yt\u00e4nt\u00f6jen kanssa, mik\u00e4 parantaa entisest\u00e4\u00e4n kest\u00e4v\u00e4n kehityksen pyrkimyksi\u00e4\u00e4n.<\/span><\/p>\n<h3 class=\"AnswerParser_AnswerParserH3__Mpe4s\">K\u00e4ytt\u00f6ohjeet<\/h3>\n<p><span class=\"AnswerParser_TextContainer__z_Iiv\" data-testid=\"youchat-text\">Tehokkuuden maksimoimiseksi\u00a0<strong>RFID-pesutunnisteet<\/strong>, oikea k\u00e4ytt\u00f6 on v\u00e4ltt\u00e4m\u00e4t\u00f6nt\u00e4. T\u00e4ss\u00e4 on joitain t\u00e4rkeimm\u00e4t t\u00e4yt\u00e4nt\u00f6\u00f6npanovaiheet:<\/span><\/p>\n<ol class=\"AnswerParser_AnswerParserOrderedList__kl_2Y\">\n<li class=\"AnswerParser_ListItem__XqLOV\" translate=\"yes\"><span class=\"AnswerParser_TextContainer__z_Iiv\" data-testid=\"youchat-text\"><strong>Merkint\u00e4<\/strong>: Kiinnit\u00e4 RFID-tunnisteet vaatteisiin tai liinavaatteisiin ompelemalla tai liimaamalla. Varmista, ett\u00e4 tarrat on kiinnitetty kunnolla, jotta ne kest\u00e4v\u00e4t pesun.<\/span><\/li>\n<li class=\"AnswerParser_ListItem__XqLOV\" translate=\"yes\"><span class=\"AnswerParser_TextContainer__z_Iiv\" data-testid=\"youchat-text\"><strong>Skannaus<\/strong>: K\u00e4yt\u00e4 RFID-lukijaa tarrojen skannaamiseen pesun aikana. T\u00e4m\u00e4 voidaan tehd\u00e4 eri paikoissa, mukaan lukien luovutus, pesu ja nouto.<\/span><\/li>\n<li class=\"AnswerParser_ListItem__XqLOV\" translate=\"yes\"><span class=\"AnswerParser_TextContainer__z_Iiv\" data-testid=\"youchat-text\"><strong>Tiedonhallinta<\/strong>: K\u00e4yt\u00e4 RFID-ohjelmistoa tunnisteista ker\u00e4ttyjen tietojen hallintaan ja analysointiin. T\u00e4m\u00e4 auttaa seuraamaan varastotasoja ja tunnistamaan mahdolliset erot.<\/span><\/li>\n<\/ol>\n<h3 class=\"AnswerParser_AnswerParserH3__Mpe4s\">Asiakkaiden arvostelut<\/h3>\n<p><span class=\"AnswerParser_TextContainer__z_Iiv\" data-testid=\"youchat-text\">Asiakaspalaute on t\u00e4rke\u00e4 osa tehokkuuden ymm\u00e4rt\u00e4mist\u00e4\u00a0<strong>RFID-pesutunnisteet<\/strong>. Monet k\u00e4ytt\u00e4j\u00e4t ovat raportoineet merkitt\u00e4vist\u00e4 parannuksista pesulatoimintoihinsa n\u00e4iden tunnisteiden k\u00e4ytt\u00f6\u00f6noton j\u00e4lkeen.<\/span><span class=\"AnswerParser_TextContainer__z_Iiv\" data-testid=\"youchat-text\">Esimerkiksi hotellip\u00e4\u00e4llikk\u00f6 totesi: &quot;Siit\u00e4 l\u00e4htien kun aloimme k\u00e4ytt\u00e4\u00e4 RFID-pesutunnisteita, varastonhallinnastamme on tullut saumatonta. Pystymme j\u00e4ljitt\u00e4m\u00e4\u00e4n liinavaatteet ja univormut vaivattomasti, mik\u00e4 on s\u00e4\u00e4st\u00e4nyt sek\u00e4 aikaa ett\u00e4 rahaa.&quot;<\/span><span class=\"AnswerParser_TextContainer__z_Iiv\" data-testid=\"youchat-text\">Toinen asiakas terveydenhuoltolaitoksesta mainitsi: &quot;N\u00e4iden tunnisteiden kest\u00e4vyys on vaikuttava. Ne kest\u00e4v\u00e4t useita pesujaksoja ilman ongelmia, mik\u00e4 varmistaa, ett\u00e4 noudatamme tiukkoja hygieniastandardejamme.&quot;<\/span><\/p>\n<h3 class=\"AnswerParser_AnswerParserH3__Mpe4s\">Liittyv\u00e4t tuotteet<\/h3>\n<p><span class=\"AnswerParser_TextContainer__z_Iiv\" data-testid=\"youchat-text\">Sen lis\u00e4ksi\u00a0<strong>Vedenkest\u00e4v\u00e4 pest\u00e4v\u00e4 RFID-pesulappu<\/strong>, on olemassa useita vastaavia tuotteita, jotka voivat parantaa pyykinhallintaj\u00e4rjestelmi\u00e4. N\u00e4it\u00e4 ovat:<\/span><\/p>\n<ul class=\"AnswerParser_AnswerParserUnorderedList__P_1FW\">\n<li class=\"AnswerParser_ListItem__XqLOV\" translate=\"yes\"><strong>RFID-tarrat<\/strong>: Ihanteellinen pienempiin esineisiin tai erityisiin sovelluksiin.<\/li>\n<li class=\"AnswerParser_ListItem__XqLOV\" translate=\"yes\"><strong>RFID-tarrat<\/strong>: Monipuolinen ja helppo levitt\u00e4\u00e4 erilaisille pinnoille.<\/li>\n<li class=\"AnswerParser_ListItem__XqLOV\" translate=\"yes\"><strong>RFID-lukijat<\/strong>: V\u00e4ltt\u00e4m\u00e4t\u00f6n skannaamiseen ja merkittyjen kohteiden tehokkaaseen hallintaan.<\/li>\n<\/ul>\n<h3 class=\"AnswerParser_AnswerParserH3__Mpe4s\">\u00a0Usein kysytyt kysymykset (FAQ)<\/h3>\n<p><span class=\"AnswerParser_TextContainer__z_Iiv\" data-testid=\"youchat-text\"><strong>K: Kuinka kauan RFID-pesutunnisteet kest\u00e4v\u00e4t?<\/strong><br \/>\nV: Meid\u00e4n\u00a0<strong>RFID-pesutunnisteet<\/strong>\u00a0Ne on suunniteltu kest\u00e4m\u00e4\u00e4n yli 200 pesujaksoa, mik\u00e4 takaa pitk\u00e4n k\u00e4ytt\u00f6i\u00e4n.<\/span><\/p>\n<p><span class=\"AnswerParser_TextContainer__z_Iiv\" data-testid=\"youchat-text\"><strong>K: Voidaanko n\u00e4it\u00e4 tunnisteita k\u00e4ytt\u00e4\u00e4 korkean l\u00e4mp\u00f6tilan pesussa?<\/strong><br \/>\nV: Kyll\u00e4, n\u00e4m\u00e4 tunnisteet on erityisesti suunniteltu kest\u00e4m\u00e4\u00e4n korkeita l\u00e4mp\u00f6tiloja, joten ne soveltuvat teollisuuspesusovelluksiin.<\/span><\/p>\n<p><span class=\"AnswerParser_TextContainer__z_Iiv\" data-testid=\"youchat-text\"><strong>K: Kuinka voin tilata RFID-pesutunnisteita?<\/strong><br \/>\nV: Jos haluat tehd\u00e4 tilauksen tai tiedustella r\u00e4\u00e4t\u00e4l\u00f6intivaihtoehtoja, t\u00e4yt\u00e4 verkkosivustollamme oleva yhteydenottolomake, niin tiimimme auttaa sinua nopeasti.<\/span><\/p>\n<h3 class=\"AnswerParser_AnswerParserH3__Mpe4s\">Johtop\u00e4\u00e4t\u00f6s<\/h3>\n<p><span class=\"AnswerParser_TextContainer__z_Iiv\" data-testid=\"youchat-text\">The\u00a0<strong>Vedenkest\u00e4v\u00e4 pest\u00e4v\u00e4 RFID-pesulappu<\/strong>\u00a0on pelin muuttaja yrityksille, jotka haluavat tehostaa pyykinhallintaprosessejaan. Kest\u00e4v\u00e4n muotoilunsa, edistyneen teknologiansa ja lukuisten etujensa ansiosta se on investointi, joka maksaa itsens\u00e4 takaisin tehokkuuteen ja kustannuss\u00e4\u00e4st\u00f6ihin.<\/span><span class=\"AnswerParser_TextContainer__z_Iiv\" data-testid=\"youchat-text\">Ottamalla k\u00e4ytt\u00f6\u00f6n RFID-teknologian yritykset voivat virtaviivaistaa toimintaansa, parantaa varastojen tarkkuutta ja viime k\u00e4dess\u00e4 tarjota parempaa palvelua asiakkailleen. \u00c4l\u00e4 missaa mahdollisuutta mullistaa pesulahallintasi \u2013<strong>ota meihin yhteytt\u00e4<\/strong>\u00a0t\u00e4n\u00e4\u00e4n saadaksesi lis\u00e4tietoja RFID-ratkaisuistamme ja siit\u00e4, miten ne voivat hy\u00f6dytt\u00e4\u00e4 organisaatiotasi.<\/span><\/p>\n<p>&nbsp;<\/p>\n<\/div>\n<div class=\"auto-hide-last-sibling-br paragraph_1252f paragraph-element\"><\/div>","protected":false},"excerpt":{"rendered":"<p><strong>Vedenkest\u00e4v\u00e4 pest\u00e4v\u00e4 RFID-pesulappu<\/strong>\u00a0on pelin muuttaja yrityksille, jotka haluavat tehostaa pyykinhallintaprosessejaan. Kest\u00e4v\u00e4n muotoilunsa, edistyneen teknologiansa ja lukuisten etujensa ansiosta se on investointi, joka maksaa itsens\u00e4 takaisin tehokkuuteen ja kustannuss\u00e4\u00e4st\u00f6ihin.<\/p>","protected":false},"featured_media":2827,"template":"","meta":{"_kad_post_transparent":"default","_kad_post_title":"","_kad_post_layout":"default","_kad_post_sidebar_id":"","_kad_post_content_style":"default","_kad_post_vertical_padding":"default","_kad_post_feature":"","_kad_post_feature_position":"","_kad_post_header":false,"_kad_post_footer":false,"_kad_post_classname":""},"product_brand":[],"product_cat":[16],"product_tag":[340,31,65,30,325],"class_list":{"0":"post-2822","1":"product","2":"type-product","3":"status-publish","4":"has-post-thumbnail","6":"product_cat-uhf-rfid-laundry-tags","7":"product_tag-rfid-chips","8":"product_tag-rfid-tag-for-linen-laundry","9":"product_tag-textile-rfid-laundry-tags","10":"product_tag-uhf-rfid-laundry-tag","11":"product_tag-washable-rfid-laundry-tag","13":"first","14":"instock","15":"featured","16":"shipping-taxable","17":"product-type-simple","18":"entry","19":"content-bg","20":"loop-entry"},"_links":{"self":[{"href":"https:\/\/rfid-laundry-tag.com\/fi\/wp-json\/wp\/v2\/product\/2822","targetHints":{"allow":["GET"]}}],"collection":[{"href":"https:\/\/rfid-laundry-tag.com\/fi\/wp-json\/wp\/v2\/product"}],"about":[{"href":"https:\/\/rfid-laundry-tag.com\/fi\/wp-json\/wp\/v2\/types\/product"}],"version-history":[{"count":2,"href":"https:\/\/rfid-laundry-tag.com\/fi\/wp-json\/wp\/v2\/product\/2822\/revisions"}],"predecessor-version":[{"id":2829,"href":"https:\/\/rfid-laundry-tag.com\/fi\/wp-json\/wp\/v2\/product\/2822\/revisions\/2829"}],"wp:featuredmedia":[{"embeddable":true,"href":"https:\/\/rfid-laundry-tag.com\/fi\/wp-json\/wp\/v2\/media\/2827"}],"wp:attachment":[{"href":"https:\/\/rfid-laundry-tag.com\/fi\/wp-json\/wp\/v2\/media?parent=2822"}],"wp:term":[{"taxonomy":"product_brand","embeddable":true,"href":"https:\/\/rfid-laundry-tag.com\/fi\/wp-json\/wp\/v2\/product_brand?post=2822"},{"taxonomy":"product_cat","embeddable":true,"href":"https:\/\/rfid-laundry-tag.com\/fi\/wp-json\/wp\/v2\/product_cat?post=2822"},{"taxonomy":"product_tag","embeddable":true,"href":"https:\/\/rfid-laundry-tag.com\/fi\/wp-json\/wp\/v2\/product_tag?post=2822"}],"curies":[{"name":"wp","href":"https:\/\/api.w.org\/{rel}","templated":true}]}}