{"id":2792,"date":"2024-10-29T11:28:05","date_gmt":"2024-10-29T11:28:05","guid":{"rendered":"https:\/\/rfid-laundry-tag.com\/?post_type=product&#038;p=2792"},"modified":"2024-10-29T13:03:05","modified_gmt":"2024-10-29T13:03:05","slug":"fdx-b-134-2khz-rfid-animal-id-glass-tag-syringe-transponder","status":"publish","type":"product","link":"https:\/\/rfid-laundry-tag.com\/fi\/fdx-b-134-2khz-rfid-animal-id-glass-tag-syringe-transponder\/","title":{"rendered":"FDX-B 134,2 khz RFID Animal ID lasilappu ruiskutransponderi"},"content":{"rendered":"<h2>FDX-B 134,2 khz RFID Animal ID lasilappu ruiskutransponderi<\/h2>\n<p><span class=\"AnswerParser_TextContainer__z_Iiv\" data-testid=\"youchat-text\"><strong>FDX-B 134,2 kHz RFID Animal ID lasilappu ruiskutransponderi<\/strong>\u00a0on huippuluokan ratkaisu el\u00e4inten tunnistamiseen ja hallintaan. T\u00e4m\u00e4 erityisesti lemmikkiel\u00e4imille ja karjalle suunniteltu RFID-lasitunniste varmistaa tarkan seurannan ja tunnistamisen, joten se on t\u00e4rke\u00e4 ty\u00f6kalu el\u00e4inl\u00e4\u00e4k\u00e4reille, kasvattajille ja lemmikkiel\u00e4inten omistajille. Lujatekoisten ominaisuuksiensa ja luotettavan suorituskyvyns\u00e4 ansiosta t\u00e4h\u00e4n tuotteeseen kannattaa sijoittaa kaikille, jotka ovat mukana el\u00e4inten hoidossa ja hoidossa.<\/span><\/p>\n<h2 class=\"AnswerParser_AnswerParserH2__SIHnF\">Miksi valita FDX-B 134,2 kHz RFID Animal ID -lasilappu?<\/h2>\n<p><span class=\"AnswerParser_TextContainer__z_Iiv\" data-testid=\"youchat-text\">FDX-B RFID -lasitunniste ei ole vain yksinkertainen tunnistusty\u00f6kalu; se tarjoaa lukuisia etuja, jotka parantavat el\u00e4inten hoitoa. Sen\u00a0<strong>biolasi<\/strong>\u00a0Rakenne varmistaa kest\u00e4vyyden ja biologisen yhteensopivuuden, mik\u00e4 tekee siit\u00e4 turvallisen implantointiin. Tunniste toimii taajuudella\u00a0<strong>134,2 kHz<\/strong>, joka on kansainv\u00e4listen standardien (ISO11784\/785, ISO14443A) mukainen, mik\u00e4 takaa luotettavan suorituskyvyn eri sovelluksissa. Lis\u00e4ksi,\u00a0<strong>100% l\u00e4\u00e4ketieteellisen luokan sterilointi<\/strong>\u00a0takaa, ett\u00e4 merkint\u00e4 on turvallinen k\u00e4ytett\u00e4v\u00e4ksi el\u00e4imill\u00e4, minimoiden infektioriskin tai komplikaatioiden implantaation j\u00e4lkeen.<\/span><\/p>\n<h3 class=\"AnswerParser_AnswerParserH3__Mpe4s\">Tuotekuvaus<\/h3>\n<h4 class=\"AnswerParser_AnswerParserH4__ghxg8\">1. Tuotteen ominaisuudet<\/h4>\n<p><span class=\"AnswerParser_TextContainer__z_Iiv\" data-testid=\"youchat-text\">FDX-B RFID -lasitunnistetta on saatavana eri kokoisina, mukaan lukien\u00a0<strong>1,25*7mm<\/strong>,\u00a0<strong>1,4*8mm<\/strong>,\u00a0<strong>2*8mm<\/strong>,\u00a0<strong>2*12mm<\/strong>, ja\u00a0<strong>3*15mm<\/strong>. T\u00e4m\u00e4 valikoima mahdollistaa joustavuuden sovelluksissa ja sopii erikokoisille el\u00e4imille pienist\u00e4 lemmikeist\u00e4 suurempiin el\u00e4imiin. Tagin\u00a0<strong>antibakteerinen, antiallerginen ja hylkimist\u00e4 est\u00e4v\u00e4<\/strong>\u00a0Ominaisuudet varmistavat, ett\u00e4 se on turvallinen kaikentyyppisille el\u00e4imille, mik\u00e4 tarjoaa mielenrauhaa lemmikkiel\u00e4inten omistajille ja el\u00e4inl\u00e4\u00e4k\u00e4reille.<\/span><\/p>\n<h4 class=\"AnswerParser_AnswerParserH4__ghxg8\">2. Tekniset tiedot<\/h4>\n<table class=\"hight-light-first-column all magic-18\">\n<tbody>\n<tr>\n<td colspan=\"1\" rowspan=\"1\">\n<div class=\"magic-19\">Tuote<\/div>\n<\/td>\n<td colspan=\"1\" rowspan=\"1\">\n<div class=\"magic-20\">RFID-lasimerkki<\/div>\n<\/td>\n<\/tr>\n<tr>\n<td colspan=\"1\" rowspan=\"1\">\n<div class=\"magic-19\">Materiaali<\/div>\n<\/td>\n<td colspan=\"1\" rowspan=\"1\">\n<div class=\"magic-20\">Biolasi<\/div>\n<\/td>\n<\/tr>\n<tr>\n<td colspan=\"1\" rowspan=\"1\">\n<div class=\"magic-19\">Saatavana koko<\/div>\n<\/td>\n<td colspan=\"1\" rowspan=\"1\">\n<div class=\"magic-20\">1,25 * 7 mm, 1,4 * 8 mm, 2 * 8 mm, 2 * 12 mm, 3 * 15 mm jne.<\/div>\n<\/td>\n<\/tr>\n<tr>\n<td colspan=\"1\" rowspan=\"1\">\n<div class=\"magic-19\">Toimintataajuus<\/div>\n<\/td>\n<td colspan=\"1\" rowspan=\"1\">\n<div class=\"magic-20\" data-spm-anchor-id=\"a2700.details.0.i46.2ffc6c8dJHsoYV\">134.2KHz, 125KHz, 13.56MHz<\/div>\n<\/td>\n<\/tr>\n<tr>\n<td colspan=\"1\" rowspan=\"1\">\n<div class=\"magic-19\">Protokaalinen<\/div>\n<\/td>\n<td colspan=\"1\" rowspan=\"1\">\n<div class=\"magic-20\">ISO11784\/785, IS014443A<\/div>\n<\/td>\n<\/tr>\n<tr>\n<td colspan=\"1\" rowspan=\"1\">\n<div class=\"magic-19\">Taidek\u00e4sity\u00f6<\/div>\n<\/td>\n<td colspan=\"1\" rowspan=\"1\">\n<div class=\"magic-20\">Tunnusnumeron ohjelmointi<\/div>\n<\/td>\n<\/tr>\n<tr>\n<td colspan=\"1\" rowspan=\"1\">\n<div class=\"magic-19\">Sterilointi<\/div>\n<\/td>\n<td colspan=\"1\" rowspan=\"1\">\n<div class=\"magic-20\">100% L\u00e4\u00e4ketieteellinen sterilointi<\/div>\n<\/td>\n<\/tr>\n<tr>\n<td colspan=\"1\" rowspan=\"1\">\n<div class=\"magic-19\">Siruominaisuus<\/div>\n<\/td>\n<td colspan=\"1\" rowspan=\"1\">\n<div class=\"magic-20\">Antibakteerinen, antiallerginen, hylkimist\u00e4 est\u00e4v\u00e4<\/div>\n<\/td>\n<\/tr>\n<tr>\n<td colspan=\"1\" rowspan=\"1\">\n<div class=\"magic-19\">Sovellus<\/div>\n<\/td>\n<td colspan=\"1\" rowspan=\"1\">\n<div class=\"magic-20\" data-spm-anchor-id=\"a2700.details.0.i45.2ffc6c8dJHsoYV\">El\u00e4inten lemmikkien hallinta jne<\/div>\n<\/td>\n<\/tr>\n<\/tbody>\n<\/table>\n<p><span class=\"AnswerParser_TextContainer__z_Iiv\" data-testid=\"youchat-text\">N\u00e4m\u00e4 tekniset tiedot korostavat tunnisteen monipuolisuutta ja luotettavuutta, mik\u00e4 tekee siit\u00e4 sopivan erilaisiin el\u00e4inten tunnistustarpeisiin.<\/span><\/p>\n<h4 class=\"AnswerParser_AnswerParserH4__ghxg8\">3. K\u00e4ytt\u00f6ohjeet<\/h4>\n<p><span class=\"AnswerParser_TextContainer__z_Iiv\" data-testid=\"youchat-text\">FDX-B RFID -lasitunniste on suunniteltu helppoon implantointiin erikoisruiskulla. Prosessi on suoraviivainen:<\/span><\/p>\n<ol class=\"AnswerParser_AnswerParserOrderedList__kl_2Y\">\n<li class=\"AnswerParser_ListItem__XqLOV\" translate=\"yes\"><strong>Valmistele ruisku<\/strong>\u00a0RFID-lasitunnisteella.<\/li>\n<li class=\"AnswerParser_ListItem__XqLOV\" translate=\"yes\"><strong>Paikanna implantaatiokohta<\/strong>\u00a0el\u00e4imess\u00e4, tyypillisesti lapaluiden v\u00e4liss\u00e4.<\/li>\n<li class=\"AnswerParser_ListItem__XqLOV\" translate=\"yes\"><strong>Ruiskuta tunniste<\/strong>\u00a0k\u00e4ytt\u00e4m\u00e4ll\u00e4 ruiskua ja varmistamalla, ett\u00e4 se asetetaan ihon alle.<\/li>\n<\/ol>\n<p><span class=\"AnswerParser_TextContainer__z_Iiv\" data-testid=\"youchat-text\">T\u00e4m\u00e4 yksinkertainen toimenpide mahdollistaa el\u00e4inten nopean ja tehokkaan merkitsemisen, mik\u00e4 minimoi stressin sek\u00e4 el\u00e4imelle ett\u00e4 ohjaajalle.<\/span><\/p>\n<h4 class=\"AnswerParser_AnswerParserH4__ghxg8\">4. Ymp\u00e4rist\u00f6vaikutukset<\/h4>\n<p><span class=\"AnswerParser_TextContainer__z_Iiv\" data-testid=\"youchat-text\">FDX-B RFID -lasitunniste on suunniteltu kest\u00e4v\u00e4\u00e4 kehityst\u00e4 ajatellen. Biolasimateriaali on ymp\u00e4rist\u00f6yst\u00e4v\u00e4llist\u00e4 ja se voidaan h\u00e4vitt\u00e4\u00e4 turvallisesti ekosysteemi\u00e4 vahingoittamatta. Lis\u00e4ksi valmistusprosessi noudattaa tiukkoja ymp\u00e4rist\u00f6standardeja, mik\u00e4 takaa minimaalisen j\u00e4tteen ja energiankulutuksen.<\/span><\/p>\n<h4 class=\"AnswerParser_AnswerParserH4__ghxg8\">5. Asiakkaiden arviot<\/h4>\n<p><span class=\"AnswerParser_TextContainer__z_Iiv\" data-testid=\"youchat-text\">Asiakkaat ovat ylist\u00e4neet FDX-B RFID -lasitunnistetta sen luotettavuudesta ja helppok\u00e4ytt\u00f6isyydest\u00e4. Monet el\u00e4inl\u00e4\u00e4k\u00e4rit raportoivat, ett\u00e4 tunnisteet ovat merkitt\u00e4v\u00e4sti parantaneet heid\u00e4n kyky\u00e4\u00e4n seurata ja hallita el\u00e4imi\u00e4, mik\u00e4 on johtanut parempiin terveysvaikutuksiin. Lemmikkiel\u00e4inten omistajat arvostavat mielenrauhaa, joka liittyy siihen, ett\u00e4 heid\u00e4n lemmikkins\u00e4 voidaan tunnistaa helposti, jos ne eksyv\u00e4t.<\/span><\/p>\n<h4 class=\"AnswerParser_AnswerParserH4__ghxg8\">6. Usein kysytyt kysymykset<\/h4>\n<p><span class=\"AnswerParser_TextContainer__z_Iiv\" data-testid=\"youchat-text\"><strong>K: Kuinka kauan RFID-tunniste kest\u00e4\u00e4 istutuksen j\u00e4lkeen?<\/strong><br \/>\nV: FDX-B RFID-lasitunniste on suunniteltu kest\u00e4m\u00e4\u00e4n el\u00e4imen koko elini\u00e4n ja mahdollistaa pysyv\u00e4n tunnistamisen.<\/span><span class=\"AnswerParser_TextContainer__z_Iiv\" data-testid=\"youchat-text\"><strong>K: Onko implantaatioprosessi kivulias el\u00e4imelle?<\/strong><br \/>\nV: Implantaatioprosessi on nopea ja minimaalisesti invasiivinen aiheuttaen vain liev\u00e4\u00e4 ep\u00e4mukavuutta, joka muistuttaa rokotusta.<\/span><span class=\"AnswerParser_TextContainer__z_Iiv\" data-testid=\"youchat-text\"><strong>K: Voidaanko tunniste lukea kaukaa?<\/strong><br \/>\nV: Kyll\u00e4, tunniste voidaan lukea usean senttimetrin et\u00e4isyydelt\u00e4 riippuen k\u00e4ytetyst\u00e4 lukijasta.<\/span><\/p>\n<h4 class=\"AnswerParser_AnswerParserH4__ghxg8\">7. Liittyv\u00e4t tuotteet<\/h4>\n<p><span class=\"AnswerParser_TextContainer__z_Iiv\" data-testid=\"youchat-text\">FDX-B RFID-lasitunnisteen lis\u00e4ksi tarjoamme valikoiman siihen liittyvi\u00e4 tuotteita, mukaan lukien RFID-lukijat ja ohjelmistoratkaisut el\u00e4inten hoitoon. N\u00e4m\u00e4 tuotteet voivat parantaa seurantakyky\u00e4si ja virtaviivaistaa toimintaasi.<\/span><\/p>\n<h4 class=\"AnswerParser_AnswerParserH4__ghxg8\">8. Laadunvarmistus<\/h4>\n<p><span class=\"AnswerParser_TextContainer__z_Iiv\" data-testid=\"youchat-text\">FDX-B RFID -lasitunniste on valmistettu tiukkojen laadunvalvontatoimenpiteiden mukaisesti, mik\u00e4 varmistaa tasaisen laadun ja suorituskyvyn. Se on akkreditoitu useiden kansainv\u00e4listen standardien mukaan, mukaan lukien ISO 9001, ISO 14001 ja ISO 45001, mik\u00e4 takaa sen luotettavuuden ja turvallisuuden.<\/span><\/p>\n<h4 class=\"AnswerParser_AnswerParserH4__ghxg8\">9. Johtop\u00e4\u00e4t\u00f6s<\/h4>\n<p><span class=\"AnswerParser_TextContainer__z_Iiv\" data-testid=\"youchat-text\">Sijoittaminen\u00a0<strong>FDX-B 134,2 kHz RFID Animal ID lasilappu ruiskutransponderi<\/strong>\u00a0on fiksu valinta kaikille el\u00e4intenhoitoon osallistuville. Sen edistyneet ominaisuudet, helppok\u00e4ytt\u00f6isyys ja sitoutuminen turvallisuuteen tekev\u00e4t siit\u00e4 korvaamattoman ty\u00f6kalun tehokkaaseen el\u00e4inten hoitoon. Olitpa el\u00e4inl\u00e4\u00e4k\u00e4ri, kasvattaja tai lemmikin omistaja, t\u00e4m\u00e4 RFID-lasitunniste parantaa kyky\u00e4si seurata ja tunnistaa el\u00e4imi\u00e4 tehokkaasti.<\/span><\/p>\n<h4 class=\"AnswerParser_AnswerParserH4__ghxg8\">10. Toimintakehotus<\/h4>\n<p><span class=\"AnswerParser_TextContainer__z_Iiv\" data-testid=\"youchat-text\">Oletko valmis parantamaan el\u00e4intenhoitok\u00e4yt\u00e4nt\u00f6j\u00e4si?\u00a0<strong>Ota meihin yhteytt\u00e4 jo t\u00e4n\u00e4\u00e4n<\/strong>\u00a0saadaksesi lis\u00e4tietoja FDX-B RFID -lasitunnisteesta ja tutustua RFID-ratkaisuvalikoimaamme. T\u00e4yt\u00e4 kyselylomake saadaksesi ilmaisen n\u00e4ytteen tai keskustellaksesi erityistarpeistasi asiantuntijoidemme kanssa!<\/span><\/p>","protected":false},"excerpt":{"rendered":"<p>FDX-B 134,2 kHz RFID Animal ID Glass Tag ruiskutransponderi on huippuluokan ratkaisu el\u00e4inten tunnistamiseen ja hallintaan.<\/p>","protected":false},"featured_media":2793,"template":"","meta":{"_kad_post_transparent":"default","_kad_post_title":"","_kad_post_layout":"default","_kad_post_sidebar_id":"","_kad_post_content_style":"default","_kad_post_vertical_padding":"default","_kad_post_feature":"","_kad_post_feature_position":"","_kad_post_header":false,"_kad_post_footer":false,"_kad_post_classname":""},"product_brand":[],"product_cat":[54],"product_tag":[327,330,329,328],"class_list":{"0":"post-2792","1":"product","2":"type-product","3":"status-publish","4":"has-post-thumbnail","6":"product_cat-hot-selling-rfid-tags","7":"product_tag-fdx-b-134-2khz-rfid-animal-tag","8":"product_tag-rfid-animal-id-glass-tag-syringe","9":"product_tag-rfid-glass-tag-syringe-animal-microchip","10":"product_tag-rfid-pet-microchip-implant-capsule","12":"first","13":"instock","14":"shipping-taxable","15":"product-type-simple","16":"entry","17":"content-bg","18":"loop-entry"},"_links":{"self":[{"href":"https:\/\/rfid-laundry-tag.com\/fi\/wp-json\/wp\/v2\/product\/2792","targetHints":{"allow":["GET"]}}],"collection":[{"href":"https:\/\/rfid-laundry-tag.com\/fi\/wp-json\/wp\/v2\/product"}],"about":[{"href":"https:\/\/rfid-laundry-tag.com\/fi\/wp-json\/wp\/v2\/types\/product"}],"version-history":[{"count":2,"href":"https:\/\/rfid-laundry-tag.com\/fi\/wp-json\/wp\/v2\/product\/2792\/revisions"}],"predecessor-version":[{"id":2797,"href":"https:\/\/rfid-laundry-tag.com\/fi\/wp-json\/wp\/v2\/product\/2792\/revisions\/2797"}],"wp:featuredmedia":[{"embeddable":true,"href":"https:\/\/rfid-laundry-tag.com\/fi\/wp-json\/wp\/v2\/media\/2793"}],"wp:attachment":[{"href":"https:\/\/rfid-laundry-tag.com\/fi\/wp-json\/wp\/v2\/media?parent=2792"}],"wp:term":[{"taxonomy":"product_brand","embeddable":true,"href":"https:\/\/rfid-laundry-tag.com\/fi\/wp-json\/wp\/v2\/product_brand?post=2792"},{"taxonomy":"product_cat","embeddable":true,"href":"https:\/\/rfid-laundry-tag.com\/fi\/wp-json\/wp\/v2\/product_cat?post=2792"},{"taxonomy":"product_tag","embeddable":true,"href":"https:\/\/rfid-laundry-tag.com\/fi\/wp-json\/wp\/v2\/product_tag?post=2792"}],"curies":[{"name":"wp","href":"https:\/\/api.w.org\/{rel}","templated":true}]}}