{"id":2790,"date":"2024-10-29T10:34:39","date_gmt":"2024-10-29T10:34:39","guid":{"rendered":"https:\/\/rfid-laundry-tag.com\/?post_type=product&#038;p=2790"},"modified":"2024-10-29T10:49:45","modified_gmt":"2024-10-29T10:49:45","slug":"rfid-pet-microchip-implant-capsule","status":"publish","type":"product","link":"https:\/\/rfid-laundry-tag.com\/fi\/rfid-pet-microchip-implant-capsule\/","title":{"rendered":"RFID Pet Microchip -implanttikapseli"},"content":{"rendered":"<p><span class=\"AnswerParser_TextContainer__z_Iiv\" data-testid=\"youchat-text\"><strong>RFID Pet Microchip -implanttikapseli<\/strong>\u00a0tarjoaa luotettavan ja tehokkaan ratkaisun lemmikkiel\u00e4inten omistajille, jotka haluavat seurata el\u00e4imi\u00e4\u00e4n. T\u00e4m\u00e4 innovatiivinen tuote on suunniteltu tarjoamaan pysyv\u00e4 tunnistusmenetelm\u00e4, joka on sek\u00e4 turvallinen ett\u00e4 tehokas. Edistyksellisen teknologiansa ja l\u00e4\u00e4ketieteellisten materiaalien ansiosta t\u00e4m\u00e4 mikrosiru on pakollinen vastuullinen lemmikin omistaminen.<\/span><\/p>\n<h2 class=\"AnswerParser_AnswerParserH2__SIHnF\">Miksi valita RFID Pet Microchip -implanttikapseli?<\/h2>\n<p><span class=\"AnswerParser_TextContainer__z_Iiv\" data-testid=\"youchat-text\">RFID Pet Microchip Implant Capsule ei ole vain tuote; se on sitoutumista lemmikkisi turvallisuuteen. Istuttamalla t\u00e4m\u00e4 mikrosiru varmistat, ett\u00e4 lemmikkisi on helppo tunnistaa, jos se joskus katoaa. Mikrosiru on pieni, kest\u00e4v\u00e4 ja valmistettu\u00a0<strong>biolasi<\/strong>, joten se on turvallinen implantaatiota varten. Saatavana useita kokoja, mukaan lukien\u00a0<strong>1,25*7mm<\/strong>,\u00a0<strong>2*12mm<\/strong>ja paljon muuta, sit\u00e4 voidaan k\u00e4ytt\u00e4\u00e4 kaikenkokoisille lemmikeille, pienist\u00e4 kaloista suuriin koiriin.<\/span><\/p>\n<h3 class=\"AnswerParser_AnswerParserH3__Mpe4s\">T\u00e4rkeimm\u00e4t edut:<\/h3>\n<ul class=\"AnswerParser_AnswerParserUnorderedList__P_1FW\">\n<li class=\"AnswerParser_ListItem__XqLOV\" translate=\"yes\"><strong>Pysyv\u00e4 tunnistus<\/strong>: Toisin kuin kaulukset tai etiketit, mikrosirua ei voi kadottaa tai poistaa.<\/li>\n<li class=\"AnswerParser_ListItem__XqLOV\" translate=\"yes\"><strong>L\u00e4\u00e4ketieteellisen luokan sterilointi<\/strong>: Jokainen kapseli l\u00e4pik\u00e4y\u00a0<strong>100% l\u00e4\u00e4ketieteellisen luokan sterilointi<\/strong>varmistaen turvallisuuden implantaation aikana.<\/li>\n<li class=\"AnswerParser_ListItem__XqLOV\" translate=\"yes\"><strong>Bakteerien ja allergian vastaiset ominaisuudet<\/strong>: Siru on suunniteltu minimoimaan infektio- ja allergisten reaktioiden riski.<\/li>\n<\/ul>\n<h2 class=\"AnswerParser_AnswerParserH2__SIHnF\">Tuotteen ominaisuudet<\/h2>\n<h3 class=\"AnswerParser_AnswerParserH3__Mpe4s\">1. Kehittynyt tekniikka<\/h3>\n<p><span class=\"AnswerParser_TextContainer__z_Iiv\" data-testid=\"youchat-text\">RFID Pet Microchip Implant Capsule toimii taajuudella\u00a0<strong>134,2 kHz<\/strong>, noudattaen\u00a0<strong>ISO11784\/785<\/strong>\u00a0ja\u00a0<strong>ISO14443A<\/strong>\u00a0protokollat. T\u00e4m\u00e4 varmistaa yhteensopivuuden eri RFID-lukijoiden kanssa, mik\u00e4 tekee lemmikkisi tietojen skannaamisesta ja hakemisesta helppoa.<\/span><\/p>\n<h3 class=\"AnswerParser_AnswerParserH3__Mpe4s\">2. Kest\u00e4v\u00e4 ja turvallinen materiaali<\/h3>\n<p><span class=\"AnswerParser_TextContainer__z_Iiv\" data-testid=\"youchat-text\">Rakennettu alkaen\u00a0<strong>biolasi<\/strong>, mikrosiru on suunniteltu kest\u00e4m\u00e4\u00e4n el\u00e4imen el\u00e4m\u00e4ntyyli\u00e4. The\u00a0<strong>paryleenipinnoite<\/strong>\u00a0est\u00e4\u00e4 siirtymisen istutuksen j\u00e4lkeen ja varmistaa, ett\u00e4 siru pysyy tukevasti paikallaan.<\/span><\/p>\n<h3 class=\"AnswerParser_AnswerParserH3__Mpe4s\">3. Kokoasetukset<\/h3>\n<p><span class=\"AnswerParser_TextContainer__z_Iiv\" data-testid=\"youchat-text\">Saatavana useita kokoja, RFID Pet Microchip Implant Capsule sopii erilaisille el\u00e4imille:<\/span><\/p>\n<ul class=\"AnswerParser_AnswerParserUnorderedList__P_1FW\">\n<li class=\"AnswerParser_ListItem__XqLOV\" translate=\"yes\"><strong>1,25*7mm<\/strong>: Ihanteellinen pienille lemmikkiel\u00e4imille, kuten kaloille ja hiirille.<\/li>\n<li class=\"AnswerParser_ListItem__XqLOV\" translate=\"yes\"><strong>2*12mm<\/strong>: K\u00e4ytet\u00e4\u00e4n yleisesti koirille, kissoille ja suuremmille el\u00e4imille.<\/li>\n<\/ul>\n<h3 class=\"AnswerParser_AnswerParserH3__Mpe4s\">4. Helppo istutus<\/h3>\n<p><span class=\"AnswerParser_TextContainer__z_Iiv\" data-testid=\"youchat-text\">Mikrosiru voidaan helposti implantoida ruiskulla, mik\u00e4 tekee prosessista nopean ja kivuttoman lemmikillesi. The\u00a0<strong>injektori<\/strong>\u00a0on suunniteltu tarkkuuteen, mik\u00e4 varmistaa, ett\u00e4 siru asetetaan oikein.<\/span><\/p>\n<h3 class=\"AnswerParser_AnswerParserH3__Mpe4s\">5. Ohjelmoitava ID-numero<\/h3>\n<p><span class=\"AnswerParser_TextContainer__z_Iiv\" data-testid=\"youchat-text\">Jokaisessa mikrosirussa on yksil\u00f6llinen tunnusnumero, joka voidaan ohjelmoida linkitt\u00e4m\u00e4\u00e4n lemmikkisi tietoihin, mukaan lukien sairaushistoria ja omistajan tiedot. T\u00e4m\u00e4 ominaisuus parantaa onnistuneen j\u00e4lleenn\u00e4kemisen mahdollisuuksia, jos lemmikkisi katoaa.<\/span><\/p>\n<h2 class=\"AnswerParser_AnswerParserH2__SIHnF\">Ymp\u00e4rist\u00f6vaikutus<\/h2>\n<p><span class=\"AnswerParser_TextContainer__z_Iiv\" data-testid=\"youchat-text\">RFID Pet Microchip -implanttikapseli on suunniteltu kest\u00e4vyytt\u00e4 ajatellen. K\u00e4ytetyt materiaalit ovat ymp\u00e4rist\u00f6yst\u00e4v\u00e4llisi\u00e4 ja valmistusprosessi noudattaa tiukkoja vaatimuksia\u00a0<strong>ISO 9001<\/strong>\u00a0ja\u00a0<strong>ISO 14001<\/strong>\u00a0standardit. T\u00e4m\u00e4 sitoutuminen laatuun ja kest\u00e4vyyteen varmistaa, ett\u00e4 teet vastuullisen valinnan lemmikkisi ja planeettasi kannalta.<\/span><\/p>\n<h2 class=\"AnswerParser_AnswerParserH2__SIHnF\">Asiakkaiden arvostelut<\/h2>\n<p><span class=\"AnswerParser_TextContainer__z_Iiv\" data-testid=\"youchat-text\">Monet lemmikkiel\u00e4inten omistajat ovat l\u00f6yt\u00e4neet mielenrauhan istutettuaan RFID Pet Microchip Capsule -kapselin lemmikkiins\u00e4. T\u00e4ss\u00e4 on joitain kokemuksia:<\/span><\/p>\n<ul class=\"AnswerParser_AnswerParserUnorderedList__P_1FW\">\n<li class=\"AnswerParser_ListItem__XqLOV\" translate=\"yes\"><strong>Sarah T.<\/strong>: &quot;Olin huolissani kissani katoamisesta, mutta nyt tunnen oloni paljon paremmaksi, kun tied\u00e4n, ett\u00e4 h\u00e4nell\u00e4 on mikrosiru. Se on pieni hinta h\u00e4nen turvallisuudestaan!\u201d<\/li>\n<li class=\"AnswerParser_ListItem__XqLOV\" translate=\"yes\"><strong>John D.<\/strong>: &quot;Implantaatioprosessi oli nopea ja helppo. Suosittelen t\u00e4t\u00e4 tuotetta kaikille lemmikkiel\u00e4inten omistajille.&quot;<\/li>\n<\/ul>\n<h2 class=\"AnswerParser_AnswerParserH2__SIHnF\">UKK<\/h2>\n<h3 class=\"AnswerParser_AnswerParserH3__Mpe4s\">Kuinka RFID Pet Microchip toimii?<\/h3>\n<p><span class=\"AnswerParser_TextContainer__z_Iiv\" data-testid=\"youchat-text\">Mikrosiru k\u00e4ytt\u00e4\u00e4 radiotaajuista tunnistustekniikkaa lemmikkisi yksil\u00f6llisen tunnusnumeron l\u00e4hett\u00e4miseen skanneriin. N\u00e4m\u00e4 tiedot voidaan sitten linkitt\u00e4\u00e4 yhteystietoihisi.<\/span><\/p>\n<h3 class=\"AnswerParser_AnswerParserH3__Mpe4s\">Onko istutusprosessi kivulias lemmikilleni?<\/h3>\n<p><span class=\"AnswerParser_TextContainer__z_Iiv\" data-testid=\"youchat-text\">Implantaatio on samanlainen kuin rutiinirokotus ja on yleens\u00e4 nopea ja kivuton. Useimmat lemmikit kokevat vain v\u00e4h\u00e4n ep\u00e4mukavuutta.<\/span><\/p>\n<h3 class=\"AnswerParser_AnswerParserH3__Mpe4s\">Voiko mikrosirun poistaa?<\/h3>\n<p><span class=\"AnswerParser_TextContainer__z_Iiv\" data-testid=\"youchat-text\">Ei, RFID Pet Microchip on suunniteltu pysyv\u00e4ksi tunnistamismuotoksi. Sit\u00e4 ei voi poistaa istutuksen j\u00e4lkeen.<\/span><\/p>\n<h3 class=\"AnswerParser_AnswerParserH3__Mpe4s\">Mit\u00e4 jos lemmikkini katoaa?<\/h3>\n<p><span class=\"AnswerParser_TextContainer__z_Iiv\" data-testid=\"youchat-text\">Jos lemmikkisi l\u00f6ydet\u00e4\u00e4n ja skannataan, yksil\u00f6llinen tunnusnumero antaa p\u00e4\u00e4syn yhteystietoihisi, mik\u00e4 mahdollistaa nopean j\u00e4lleenn\u00e4kemisen.<\/span><\/p>\n<h2 class=\"AnswerParser_AnswerParserH2__SIHnF\">Johtop\u00e4\u00e4t\u00f6s<\/h2>\n<p><span class=\"AnswerParser_TextContainer__z_Iiv\" data-testid=\"youchat-text\">Sijoittaminen\u00a0<strong>RFID Pet Microchip -implanttikapseli<\/strong>\u00a0on ennakoiva askel lemmikkisi turvallisuuden ja hyvinvoinnin varmistamisessa. Edistyksellisen teknologiansa, kest\u00e4vien materiaaliensa ja helppok\u00e4ytt\u00f6isyytens\u00e4 ansiosta t\u00e4m\u00e4 mikrosiru on olennainen ty\u00f6kalu vastuulliseen lemmikkiel\u00e4inten omistamiseen. \u00c4l\u00e4 odota, kunnes on liian my\u00f6h\u00e4ist\u00e4 \u2013 varmista lemmikkisi tulevaisuus jo t\u00e4n\u00e4\u00e4n t\u00e4ll\u00e4 luotettavalla tunnistusratkaisulla.<\/span><span class=\"AnswerParser_TextContainer__z_Iiv\" data-testid=\"youchat-text\">Jos haluat lis\u00e4tietoja tai tehd\u00e4 tilauksen, t\u00e4yt\u00e4 kyselylomake. Lemmikkisi ansaitsee parasta!<\/span><\/p>","protected":false},"excerpt":{"rendered":"<p>RFID Pet Microchip Implant Capsule tarjoaa luotettavan, inhimillisen el\u00e4inten tunnistamisen kest\u00e4v\u00e4ll\u00e4 biolasilla, mik\u00e4 varmistaa turvallisuuden ja tarkkuuden eri lajeille.<\/p>","protected":false},"featured_media":2787,"template":"","meta":{"_kad_post_transparent":"default","_kad_post_title":"","_kad_post_layout":"default","_kad_post_sidebar_id":"","_kad_post_content_style":"default","_kad_post_vertical_padding":"default","_kad_post_feature":"","_kad_post_feature_position":"","_kad_post_header":false,"_kad_post_footer":false,"_kad_post_classname":""},"product_brand":[],"product_cat":[54],"product_tag":[327,326,329,328],"class_list":{"0":"post-2790","1":"product","2":"type-product","3":"status-publish","4":"has-post-thumbnail","6":"product_cat-hot-selling-rfid-tags","7":"product_tag-fdx-b-134-2khz-rfid-animal-tag","8":"product_tag-rfid-animal-id-glass-tag","9":"product_tag-rfid-glass-tag-syringe-animal-microchip","10":"product_tag-rfid-pet-microchip-implant-capsule","12":"first","13":"instock","14":"shipping-taxable","15":"product-type-simple","16":"entry","17":"content-bg","18":"loop-entry"},"_links":{"self":[{"href":"https:\/\/rfid-laundry-tag.com\/fi\/wp-json\/wp\/v2\/product\/2790","targetHints":{"allow":["GET"]}}],"collection":[{"href":"https:\/\/rfid-laundry-tag.com\/fi\/wp-json\/wp\/v2\/product"}],"about":[{"href":"https:\/\/rfid-laundry-tag.com\/fi\/wp-json\/wp\/v2\/types\/product"}],"version-history":[{"count":1,"href":"https:\/\/rfid-laundry-tag.com\/fi\/wp-json\/wp\/v2\/product\/2790\/revisions"}],"predecessor-version":[{"id":2791,"href":"https:\/\/rfid-laundry-tag.com\/fi\/wp-json\/wp\/v2\/product\/2790\/revisions\/2791"}],"wp:featuredmedia":[{"embeddable":true,"href":"https:\/\/rfid-laundry-tag.com\/fi\/wp-json\/wp\/v2\/media\/2787"}],"wp:attachment":[{"href":"https:\/\/rfid-laundry-tag.com\/fi\/wp-json\/wp\/v2\/media?parent=2790"}],"wp:term":[{"taxonomy":"product_brand","embeddable":true,"href":"https:\/\/rfid-laundry-tag.com\/fi\/wp-json\/wp\/v2\/product_brand?post=2790"},{"taxonomy":"product_cat","embeddable":true,"href":"https:\/\/rfid-laundry-tag.com\/fi\/wp-json\/wp\/v2\/product_cat?post=2790"},{"taxonomy":"product_tag","embeddable":true,"href":"https:\/\/rfid-laundry-tag.com\/fi\/wp-json\/wp\/v2\/product_tag?post=2790"}],"curies":[{"name":"wp","href":"https:\/\/api.w.org\/{rel}","templated":true}]}}