{"id":279,"date":"2024-06-26T08:08:27","date_gmt":"2024-06-26T08:08:27","guid":{"rendered":"https:\/\/rfid-laundry-tag.com\/?post_type=product&#038;p=279"},"modified":"2024-06-26T09:06:58","modified_gmt":"2024-06-26T09:06:58","slug":"uhf-rfid-flexible-anti-metal-tag","status":"publish","type":"product","link":"https:\/\/rfid-laundry-tag.com\/fi\/uhf-rfid-flexible-anti-metal-tag\/","title":{"rendered":"Joustava UHF RFID -metallimerkki"},"content":{"rendered":"<table style=\"border-collapse: collapse; width: 370.82pt;\" border=\"0\" width=\"618\" cellspacing=\"0\" cellpadding=\"0\">\n<tbody>\n<tr style=\"height: 17.40pt;\">\n<td class=\"et2\" style=\"height: 17.40pt; width: 127.80pt;\" width=\"213\" height=\"29\">Tuotteen nimi<\/td>\n<td class=\"et3\" style=\"width: 243.00pt;\" width=\"405\">Joustava UHF RFID -metallimerkki<\/td>\n<\/tr>\n<tr style=\"height: 41.00pt;\">\n<td class=\"et4\" style=\"height: 41.00pt; width: 127.80pt;\" width=\"213\" height=\"68\">Materiaali<\/td>\n<td class=\"et5\" style=\"width: 243.00pt;\" width=\"405\">P\u00e4\u00e4llystetty paperi+EFVA Foam<\/td>\n<\/tr>\n<tr style=\"height: 25.00pt;\">\n<td class=\"et4\" style=\"height: 25.00pt; width: 127.80pt;\" width=\"213\" height=\"41\">Koko<\/td>\n<td class=\"et5\" style=\"width: 243.00pt;\" width=\"405\">90 * 25 * 1,2 mm, 60 * 25 * 1,2 mm, 70 * 30 jne<\/td>\n<\/tr>\n<tr style=\"height: 17.40pt;\">\n<td class=\"et4\" style=\"height: 17.40pt; width: 127.80pt;\" width=\"213\" height=\"29\">Siru<\/td>\n<td class=\"et5\" style=\"width: 243.00pt;\" width=\"405\">Monza R6, U9 jne<\/td>\n<\/tr>\n<tr style=\"height: 40.00pt;\">\n<td class=\"et4\" style=\"height: 40.00pt; width: 127.80pt;\" width=\"213\" height=\"66\">p\u00f6yt\u00e4kirja<\/td>\n<td class=\"et5\" style=\"width: 243.00pt;\" width=\"405\">ISO\/IEC18000-6C<\/td>\n<\/tr>\n<tr style=\"height: 17.40pt;\">\n<td class=\"et4\" style=\"height: 17.40pt; width: 127.80pt;\" width=\"213\" height=\"29\">Taajuus<\/td>\n<td class=\"et5\" style=\"width: 243.00pt;\" width=\"405\">902-928 MHz<\/td>\n<\/tr>\n<tr style=\"height: 63.00pt;\">\n<td class=\"et4\" style=\"height: 63.00pt; width: 127.80pt;\" width=\"213\" height=\"105\">Personointi<\/td>\n<td class=\"et5\" style=\"width: 243.00pt;\" width=\"405\">Logon tulostus, koodaus<\/td>\n<\/tr>\n<tr style=\"height: 60.00pt;\">\n<td class=\"et6\" style=\"height: 60.00pt; width: 127.80pt;\" width=\"213\" height=\"100\">Sovellus<\/td>\n<td class=\"et7\" style=\"width: 243.00pt;\" width=\"405\">varastohylly, IT-omaisuus \/ metallis\u00e4ili\u00f6 \/ laitteiden ja laitteiden seuranta<\/td>\n<\/tr>\n<\/tbody>\n<\/table>\n<div><\/div>\n<div class=\"auto-hide-last-sibling-br paragraph_9dc5f paragraph-element\">\n<div class=\"auto-hide-last-sibling-br paragraph_9dc5f paragraph-element\">Printable On Metal RFID-tunniste tarjoaa lukuisia merkitt\u00e4vi\u00e4 ominaisuuksia, jotka tekev\u00e4t siit\u00e4 ihanteellisen valinnan erilaisiin sovelluksiin:<\/div>\n<p><br class=\"container_21264 wrapper_661ac undefined\" \/><\/p>\n<ol class=\"auto-hide-last-sibling-br\">\n<li>\n<div class=\"auto-hide-last-sibling-br paragraph_9dc5f paragraph-element\">T\u00e4ydellinen RFID-suorituskyky metallipinnoilla: Tunniste on erityisesti suunniteltu tarjoamaan optimaalinen suorituskyky, kun se on kiinnitetty metalliosaan.<\/div>\n<\/li>\n<li>\n<div class=\"auto-hide-last-sibling-br paragraph_9dc5f paragraph-element\">Eritt\u00e4in pieni ja eritt\u00e4in ohut: Vain 1 mm:n paksuinen RFID-tunniste on uskomattoman kompakti, joten se sopii erinomaisesti l\u00e4mp\u00f6siirtotulostukseen.<\/div>\n<\/li>\n<li>\n<div class=\"auto-hide-last-sibling-br paragraph_9dc5f paragraph-element\">Joustavuus: Tarra on suunniteltu joustavaksi, mik\u00e4 tarkoittaa, ett\u00e4 se mukautuu kaareviin pintoihin ilman ongelmia.<\/div>\n<\/li>\n<li>\n<div class=\"auto-hide-last-sibling-br paragraph_9dc5f paragraph-element\">Pitk\u00e4 lukualue: Kun tunniste on kiinnitetty metallipintaan, sen lukualue on vaikuttava jopa 8 metriin, mik\u00e4 tarjoaa erinomaisen j\u00e4ljitett\u00e4vyyden.<\/div>\n<\/li>\n<li>\n<div class=\"auto-hide-last-sibling-br paragraph_9dc5f paragraph-element\">Taajuustuki: Tunniste tukee sek\u00e4 FCC:n (Federal Communications Commission) ett\u00e4 ETSI:n (European Telecommunications Standards Institute) taajuuksia, joten se voidaan mukauttaa k\u00e4ytett\u00e4v\u00e4ksi eri alueilla.<\/div>\n<\/li>\n<li>\n<div class=\"auto-hide-last-sibling-br paragraph_9dc5f paragraph-element\">Erinomainen suojaus: IP68-luokituksensa ansiosta RFID-tunniste on p\u00f6lytiivis ja kest\u00e4\u00e4 upotuksen veteen, joten se on erinomainen valinta vaativiin ymp\u00e4rist\u00f6ihin tai sovelluksiin, joissa vaaditaan kest\u00e4vyytt\u00e4 ankarissa olosuhteissa.<\/div>\n<\/li>\n<\/ol>\n<div class=\"auto-hide-last-sibling-br paragraph_9dc5f paragraph-element\">N\u00e4m\u00e4 ominaisuudet yhdess\u00e4 tekev\u00e4t Printable On Metal RFID -tunnisteesta tehokkaan ja monipuolisen ty\u00f6kalun metallipintojen omaisuuden seurantaan ja hallintaan.<\/div>\n<\/div>","protected":false},"excerpt":{"rendered":"<p>UHF RFID Flexible Anti-Metal Tagit on erityisesti suunniteltu toimimaan tehokkaasti haastavissa ymp\u00e4rist\u00f6iss\u00e4 ja metallipinnoilla. Tunnisteet on suunniteltu toimimaan 865MHz - 867MHz UHF-taajuuksilla ja kest\u00e4v\u00e4t vett\u00e4, p\u00f6ly\u00e4 ja \u00e4\u00e4rimm\u00e4isi\u00e4 l\u00e4mp\u00f6tiloja.<\/p>","protected":false},"featured_media":280,"template":"","meta":{"_kad_post_transparent":"default","_kad_post_title":"","_kad_post_layout":"default","_kad_post_sidebar_id":"","_kad_post_content_style":"default","_kad_post_vertical_padding":"default","_kad_post_feature":"","_kad_post_feature_position":"","_kad_post_header":false,"_kad_post_footer":false,"_kad_post_classname":""},"product_brand":[],"product_cat":[54],"product_tag":[106],"class_list":{"0":"post-279","1":"product","2":"type-product","3":"status-publish","4":"has-post-thumbnail","6":"product_cat-hot-selling-rfid-tags","7":"product_tag-uhf-rfid-flexible-anti-metal-tag","9":"first","10":"instock","11":"shipping-taxable","12":"product-type-simple","13":"entry","14":"content-bg","15":"loop-entry"},"_links":{"self":[{"href":"https:\/\/rfid-laundry-tag.com\/fi\/wp-json\/wp\/v2\/product\/279","targetHints":{"allow":["GET"]}}],"collection":[{"href":"https:\/\/rfid-laundry-tag.com\/fi\/wp-json\/wp\/v2\/product"}],"about":[{"href":"https:\/\/rfid-laundry-tag.com\/fi\/wp-json\/wp\/v2\/types\/product"}],"version-history":[{"count":0,"href":"https:\/\/rfid-laundry-tag.com\/fi\/wp-json\/wp\/v2\/product\/279\/revisions"}],"wp:featuredmedia":[{"embeddable":true,"href":"https:\/\/rfid-laundry-tag.com\/fi\/wp-json\/wp\/v2\/media\/280"}],"wp:attachment":[{"href":"https:\/\/rfid-laundry-tag.com\/fi\/wp-json\/wp\/v2\/media?parent=279"}],"wp:term":[{"taxonomy":"product_brand","embeddable":true,"href":"https:\/\/rfid-laundry-tag.com\/fi\/wp-json\/wp\/v2\/product_brand?post=279"},{"taxonomy":"product_cat","embeddable":true,"href":"https:\/\/rfid-laundry-tag.com\/fi\/wp-json\/wp\/v2\/product_cat?post=279"},{"taxonomy":"product_tag","embeddable":true,"href":"https:\/\/rfid-laundry-tag.com\/fi\/wp-json\/wp\/v2\/product_tag?post=279"}],"curies":[{"name":"wp","href":"https:\/\/api.w.org\/{rel}","templated":true}]}}