{"id":2784,"date":"2024-10-29T10:04:23","date_gmt":"2024-10-29T10:04:23","guid":{"rendered":"https:\/\/rfid-laundry-tag.com\/?post_type=product&#038;p=2784"},"modified":"2024-10-29T10:32:07","modified_gmt":"2024-10-29T10:32:07","slug":"134-2khz-tube-rfid-glass-tag","status":"publish","type":"product","link":"https:\/\/rfid-laundry-tag.com\/fi\/134-2khz-tube-rfid-glass-tag\/","title":{"rendered":"134,2 kHz:n putken RFID-lasimerkki"},"content":{"rendered":"<p><span class=\"AnswerParser_TextContainer__z_Iiv\" data-testid=\"youchat-text\"><strong>134,2 kHz:n putken RFID-lasimerkki<\/strong>\u00a0on innovatiivinen ja luotettava ratkaisu el\u00e4inten tunnistamiseen ja hoitoon. T\u00e4m\u00e4 RFID-lasimerkki, joka on suunniteltu erityisesti t\u00e4ytt\u00e4m\u00e4\u00e4n ISO-standardit, tarjoaa poikkeuksellisen tarkkuuden ja kest\u00e4vyyden, joten se on ihanteellinen valinta lemmikkiel\u00e4inten omistajille, el\u00e4inl\u00e4\u00e4k\u00e4reille ja karjanhoitajille. Pienen kokonsa ja edistyneiden ominaisuuksiensa ansiosta t\u00e4m\u00e4 tuote varmistaa el\u00e4inten tehokkaan seurannan ja tunnistamisen, mik\u00e4 parantaa hallintak\u00e4yt\u00e4nt\u00f6j\u00e4 eri sovelluksissa.<\/span><\/p>\n<h2 class=\"AnswerParser_AnswerParserH2__SIHnF\">134,2 kHz:n putken RFID-lasitunnisteen edut<\/h2>\n<p><span class=\"AnswerParser_TextContainer__z_Iiv\" data-testid=\"youchat-text\">Investointi 134,2 kHz:n putki-RFID-lasitunnisteeseen tarjoaa lukuisia etuja. Se tarjoaa saumattoman tunnistusmenetelm\u00e4n, joka ei ole vain tehokas vaan my\u00f6s inhimillinen. Tunniste on valmistettu biolasista, joten se on turvallinen el\u00e4imille. Sen l\u00e4\u00e4ketieteellisen luokan sterilointiprosessi takaa, ett\u00e4 jokainen etiketti on vapaa kontaminanteista, mik\u00e4 v\u00e4hent\u00e4\u00e4 infektioiden riski\u00e4. Lis\u00e4ksi tunnisteen antibakteeriset ja antiallergiset ominaisuudet varmistavat, ett\u00e4 el\u00e4imet pysyv\u00e4t mukavana istutuksen j\u00e4lkeen.<\/span><span class=\"AnswerParser_TextContainer__z_Iiv\" data-testid=\"youchat-text\">T\u00e4t\u00e4 RFID-lasimerkki\u00e4 on saatavana eri kokoisina (1.25<em>7mm, 1.4<\/em>8mm, 2<em>8mm, 2<\/em>12mm ja 3*15mm), jotka sopivat erilaisille el\u00e4inlajeille ja -kokoille. Se toimii 134,2 kHz:n ty\u00f6taajuudella, mik\u00e4 tekee siit\u00e4 sopivan monenlaisiin sovelluksiin lemmikkien hoidosta karjan seurantaan.<\/span><\/p>\n<h2 class=\"AnswerParser_AnswerParserH2__SIHnF\">Tuotekuvaus<\/h2>\n<h3 class=\"AnswerParser_AnswerParserH3__Mpe4s\">1. Mik\u00e4 on RFID-lasimerkki?<\/h3>\n<p><span class=\"AnswerParser_TextContainer__z_Iiv\" data-testid=\"youchat-text\">RFID-lasitunnisteet, jotka tunnetaan my\u00f6s nimell\u00e4 RFID-kapselitunnisteet, ovat pieni\u00e4 transpondereita, jotka on suunniteltu ensisijaisesti el\u00e4inten tunnistamiseen. Ne hy\u00f6dynt\u00e4v\u00e4t radiotaajuustunnistustekniikkaa (RFID) mahdollistamaan el\u00e4inten tarkan seurannan ja hallinnan. 134.2KHz Tube RFID Glass Tag on erityisesti suunniteltu t\u00e4ytt\u00e4m\u00e4\u00e4n ISO11784\/785 ja ISO14443A protokollat, mik\u00e4 varmistaa yhteensopivuuden eri RFID-j\u00e4rjestelmien kanssa.<\/span><\/p>\n<h3 class=\"AnswerParser_AnswerParserH3__Mpe4s\">2. 134,2 kHz RFID-lasitunnisteen t\u00e4rkeimm\u00e4t ominaisuudet<\/h3>\n<ul class=\"AnswerParser_AnswerParserUnorderedList__P_1FW\">\n<li class=\"AnswerParser_ListItem__XqLOV\" translate=\"yes\"><strong>Materiaali<\/strong>: RFID-lasitunniste on valmistettu biolasista, kest\u00e4v\u00e4st\u00e4 ja bioyhteensopivasta materiaalista, joka varmistaa istutettujen el\u00e4inten turvallisuuden ja hyvinvoinnin.<\/li>\n<li class=\"AnswerParser_ListItem__XqLOV\" translate=\"yes\"><strong>Kokoja saatavilla<\/strong>: Tunniste on saatavilla useissa koossa, mukaan lukien 1.25<em>7mm (ihanteellinen pienille lemmikeille), 2<\/em>12 mm (k\u00e4ytet\u00e4\u00e4n yleisesti koirille ja kissoille) ja muut koot, jotka sopivat eri lajeille.<\/li>\n<li class=\"AnswerParser_ListItem__XqLOV\" translate=\"yes\"><strong>Ty\u00f6skentelytaajuus<\/strong>: T\u00e4m\u00e4 134,2 kHz:n taajuudella toimiva tunniste on suunniteltu luotettavaan suorituskykyyn eri ymp\u00e4rist\u00f6iss\u00e4.<\/li>\n<\/ul>\n<h3 class=\"AnswerParser_AnswerParserH3__Mpe4s\">3. Tekniset tiedot<\/h3>\n<div class=\"AnswerParser_TableContainer__Erb6v\" data-testid=\"table-container\">\n<table>\n<thead>\n<tr>\n<th style=\"text-align: left;\">Erittely<\/th>\n<th style=\"text-align: left;\">Yksityiskohdat<\/th>\n<\/tr>\n<\/thead>\n<tbody>\n<tr>\n<td><strong>Materiaali<\/strong><\/td>\n<td>Biolasi<\/td>\n<\/tr>\n<tr>\n<td><strong>Saatavilla koot<\/strong><\/td>\n<td>1.25<em>7mm, 1.4<\/em>8mm, 2<em>8mm, 2<\/em>12mm, 3*15mm<\/td>\n<\/tr>\n<tr>\n<td><strong>Ty\u00f6skentelytaajuus<\/strong><\/td>\n<td>134,2KHz, 125KHz, 13,56MHz<\/td>\n<\/tr>\n<tr>\n<td><strong>p\u00f6yt\u00e4kirja<\/strong><\/td>\n<td>ISO11784\/785, ISO14443A<\/td>\n<\/tr>\n<tr>\n<td><strong>Sterilointi<\/strong><\/td>\n<td>100% L\u00e4\u00e4ketieteellinen sterilointi<\/td>\n<\/tr>\n<tr>\n<td><strong>Sirun ominaisuudet<\/strong><\/td>\n<td>Antibakteerinen, antiallerginen, hylkimist\u00e4 est\u00e4v\u00e4<\/td>\n<\/tr>\n<\/tbody>\n<\/table>\n<\/div>\n<h3 class=\"AnswerParser_AnswerParserH3__Mpe4s\">4. K\u00e4ytt\u00f6ohjeet<\/h3>\n<p><span class=\"AnswerParser_TextContainer__z_Iiv\" data-testid=\"youchat-text\">134.2KHz Tube RFID Glass Tagin asennus on yksinkertaista. Se voidaan implantoida helposti ruiskulla, mik\u00e4 tekee siit\u00e4 nopean ja kivuttoman toimenpiteen el\u00e4imille. Tunniste tulee asettaa ihon alle, jotta se pysyy turvallisesti paikoillaan ja tarjoaa luotettavan tunnistamisen.<\/span><\/p>\n<h3 class=\"AnswerParser_AnswerParserH3__Mpe4s\">5. Ymp\u00e4rist\u00f6vaikutukset<\/h3>\n<p><span class=\"AnswerParser_TextContainer__z_Iiv\" data-testid=\"youchat-text\">RFID-lasitunniste on suunniteltu mahdollisimman v\u00e4h\u00e4isi\u00e4 ymp\u00e4rist\u00f6vaikutuksia ajatellen. Biolasimateriaali on kierr\u00e4tett\u00e4v\u00e4\u00e4 ja valmistusprosessi noudattaa tiukkoja ymp\u00e4rist\u00f6standardeja. Lis\u00e4ksi tunnisteet on valmistettu ISO 9001- ja ISO 14001 -sertifikaateilla, mik\u00e4 takaa kest\u00e4v\u00e4t k\u00e4yt\u00e4nn\u00f6t koko tuotantoprosessin ajan.<\/span><\/p>\n<h3 class=\"AnswerParser_AnswerParserH3__Mpe4s\">6. Asiakkaiden arviot<\/h3>\n<p><span class=\"AnswerParser_TextContainer__z_Iiv\" data-testid=\"youchat-text\">Asiakkaat ovat ylist\u00e4neet 134,2 KHz Tube RFID Glass Tagia sen luotettavuudesta ja helppok\u00e4ytt\u00f6isyydest\u00e4. Monet el\u00e4inl\u00e4\u00e4k\u00e4rit suosittelevat sit\u00e4 lemmikkiel\u00e4inten tunnistamiseen huomioiden sen mukavuuden el\u00e4imille ja sen tarkkuuden seurannassa. My\u00f6s karjanhoitajat arvostavat sen kest\u00e4vyytt\u00e4 ja mielenrauhaa, jonka se tarjoaa karjansa hoidossa.<\/span><\/p>\n<h3 class=\"AnswerParser_AnswerParserH3__Mpe4s\">7. Usein kysytyt kysymykset<\/h3>\n<p><span class=\"AnswerParser_TextContainer__z_Iiv\" data-testid=\"youchat-text\"><strong>K: Kuinka kauan RFID-lasitunniste kest\u00e4\u00e4?<\/strong><br \/>\nV: RFID-lasitunniste on suunniteltu pitk\u00e4aikaiseen k\u00e4ytt\u00f6\u00f6n, ja se kest\u00e4\u00e4 usein el\u00e4imen elini\u00e4n, jos se on oikein istutettu.<\/span><\/p>\n<p><span class=\"AnswerParser_TextContainer__z_Iiv\" data-testid=\"youchat-text\"><strong>K: Onko merkki turvallinen kaikille el\u00e4imille?<\/strong><br \/>\nV: Kyll\u00e4, biolasimateriaali ja l\u00e4\u00e4ketieteelliset sterilointiprosessit varmistavat, ett\u00e4 se on turvallinen kaikille el\u00e4intyypeille, mukaan lukien lemmikkiel\u00e4imet ja karja.<\/span><\/p>\n<p><span class=\"AnswerParser_TextContainer__z_Iiv\" data-testid=\"youchat-text\"><strong>K: Voidaanko tunniste lukea kaukaa?<\/strong><br \/>\nV: Kyll\u00e4, lukualue voi vaihdella k\u00e4ytetyn lukijan mukaan, mutta yleens\u00e4 se mahdollistaa tehokkaan skannauksen ilman suoraa kosketusta.<\/span><\/p>\n<h3 class=\"AnswerParser_AnswerParserH3__Mpe4s\">8. Liittyv\u00e4t tuotteet<\/h3>\n<p><span class=\"AnswerParser_TextContainer__z_Iiv\" data-testid=\"youchat-text\">Tutustu aiheeseen liittyviin tuotteisiimme, mukaan lukien RFID-tarrat, RFID-tarrat ja muut RFID-merkint\u00e4ratkaisut, jotka t\u00e4ydent\u00e4v\u00e4t 134,2 kHz:n putkien RFID-lasitunnistetta. N\u00e4m\u00e4 tuotteet voivat parantaa tunnistusj\u00e4rjestelmi\u00e4si ja virtaviivaistaa el\u00e4inten hallintaprosessejasi.<\/span><\/p>\n<h3 class=\"AnswerParser_AnswerParserH3__Mpe4s\">9. Johtop\u00e4\u00e4t\u00f6s<\/h3>\n<p><span class=\"AnswerParser_TextContainer__z_Iiv\" data-testid=\"youchat-text\">The\u00a0<strong>134,2 kHz:n putken RFID-lasimerkki<\/strong>\u00a0tarjoaa erinomaisen ratkaisun el\u00e4inten tunnistamiseen ja hoitoon. Vankan rakenteensa, tehokkaan toiminnan ja inhimillisen sovelluksensa ansiosta se on luotettava ty\u00f6kalu niin lemmikkiel\u00e4inten omistajille kuin karjanhoitajillekin. Investoi el\u00e4inten seurannan ja hallinnan tulevaisuuteen t\u00e4ll\u00e4 huippuluokan RFID-ratkaisulla.<\/span><\/p>","protected":false},"excerpt":{"rendered":"<p>134.2KHz Tube RFID Glass Tag tarjoaa luotettavan, inhimillisen el\u00e4inten tunnistamisen kest\u00e4v\u00e4ll\u00e4 biolasisuunnittelulla, mik\u00e4 varmistaa turvallisuuden ja tarkkuuden eri lajeille.<\/p>","protected":false},"featured_media":2785,"template":"","meta":{"_kad_post_transparent":"default","_kad_post_title":"","_kad_post_layout":"default","_kad_post_sidebar_id":"","_kad_post_content_style":"default","_kad_post_vertical_padding":"default","_kad_post_feature":"","_kad_post_feature_position":"","_kad_post_header":false,"_kad_post_footer":false,"_kad_post_classname":""},"product_brand":[],"product_cat":[54],"product_tag":[327,326,328],"class_list":{"0":"post-2784","1":"product","2":"type-product","3":"status-publish","4":"has-post-thumbnail","6":"product_cat-hot-selling-rfid-tags","7":"product_tag-fdx-b-134-2khz-rfid-animal-tag","8":"product_tag-rfid-animal-id-glass-tag","9":"product_tag-rfid-pet-microchip-implant-capsule","11":"first","12":"instock","13":"shipping-taxable","14":"product-type-simple","15":"entry","16":"content-bg","17":"loop-entry"},"_links":{"self":[{"href":"https:\/\/rfid-laundry-tag.com\/fi\/wp-json\/wp\/v2\/product\/2784","targetHints":{"allow":["GET"]}}],"collection":[{"href":"https:\/\/rfid-laundry-tag.com\/fi\/wp-json\/wp\/v2\/product"}],"about":[{"href":"https:\/\/rfid-laundry-tag.com\/fi\/wp-json\/wp\/v2\/types\/product"}],"version-history":[{"count":1,"href":"https:\/\/rfid-laundry-tag.com\/fi\/wp-json\/wp\/v2\/product\/2784\/revisions"}],"predecessor-version":[{"id":2789,"href":"https:\/\/rfid-laundry-tag.com\/fi\/wp-json\/wp\/v2\/product\/2784\/revisions\/2789"}],"wp:featuredmedia":[{"embeddable":true,"href":"https:\/\/rfid-laundry-tag.com\/fi\/wp-json\/wp\/v2\/media\/2785"}],"wp:attachment":[{"href":"https:\/\/rfid-laundry-tag.com\/fi\/wp-json\/wp\/v2\/media?parent=2784"}],"wp:term":[{"taxonomy":"product_brand","embeddable":true,"href":"https:\/\/rfid-laundry-tag.com\/fi\/wp-json\/wp\/v2\/product_brand?post=2784"},{"taxonomy":"product_cat","embeddable":true,"href":"https:\/\/rfid-laundry-tag.com\/fi\/wp-json\/wp\/v2\/product_cat?post=2784"},{"taxonomy":"product_tag","embeddable":true,"href":"https:\/\/rfid-laundry-tag.com\/fi\/wp-json\/wp\/v2\/product_tag?post=2784"}],"curies":[{"name":"wp","href":"https:\/\/api.w.org\/{rel}","templated":true}]}}