{"id":2775,"date":"2024-10-24T16:17:52","date_gmt":"2024-10-24T16:17:52","guid":{"rendered":"https:\/\/rfid-laundry-tag.com\/?post_type=product&#038;p=2775"},"modified":"2024-10-29T09:32:48","modified_gmt":"2024-10-29T09:32:48","slug":"waterproof-washable-uhf-textile-rfid-laundry-tag-with-hole","status":"publish","type":"product","link":"https:\/\/rfid-laundry-tag.com\/fi\/waterproof-washable-uhf-textile-rfid-laundry-tag-with-hole\/","title":{"rendered":"Vedenkest\u00e4v\u00e4, pest\u00e4v\u00e4 UHF-tekstiili RFID-pesulappu rei\u00e4ll\u00e4"},"content":{"rendered":"<h1><strong>Vedenkest\u00e4v\u00e4, pest\u00e4v\u00e4 UHF-tekstiili RFID-pesulappu rei\u00e4ll\u00e4<\/strong><\/h1>\n<p><strong>Vedenpit\u00e4v\u00e4 pest\u00e4v\u00e4 UHF-tekstiili-RFID-pesulappu rei\u00e4ll\u00e4,<\/strong>vallankumouksellinen tuote, joka on r\u00e4\u00e4t\u00e4l\u00f6ity parantamaan pyykkituotteiden seurantaa ja hallintaa. T\u00e4m\u00e4 RFID-tunniste on suunniteltu kest\u00e4v\u00e4ksi ja helppok\u00e4ytt\u00f6iseksi, ja se on ratkaisevan t\u00e4rke\u00e4 toiminnan tehokkuuden yll\u00e4pit\u00e4misess\u00e4 erilaisissa ymp\u00e4rist\u00f6iss\u00e4 teollisuuspesuloista sairaaloihin ja hotelleihin. Lue lis\u00e4\u00e4 saadaksesi selville lukuisat edut, joita n\u00e4iden tunnisteiden sis\u00e4llytt\u00e4minen pesutoimintoihisi antaa.<\/p>\n<table class=\"all magic-7\">\n<tbody>\n<tr>\n<td colspan=\"1\" rowspan=\"1\">\n<div class=\"magic-8\" data-spm-anchor-id=\"a2700.details.0.i41.3a7a13dayRHcNe\">RFID-standardi:<\/div>\n<\/td>\n<td colspan=\"1\" rowspan=\"1\">\n<div class=\"magic-9\">ISO\/IEC 18000-6 TypeC (EPC Gen2)<\/div>\n<\/td>\n<\/tr>\n<tr>\n<td colspan=\"1\" rowspan=\"1\">\n<div class=\"magic-8\">Koko ja paino:<\/div>\n<\/td>\n<td colspan=\"1\" rowspan=\"1\">\n<div class=\"magic-9\">70\u00d715 mm, 0,7g<\/div>\n<\/td>\n<\/tr>\n<tr>\n<td colspan=\"1\" rowspan=\"1\">\n<div class=\"magic-8\">Sirun tyyppi:<\/div>\n<\/td>\n<td colspan=\"1\" rowspan=\"1\">\n<div class=\"magic-9\">NXP Ucode 9<\/div>\n<\/td>\n<\/tr>\n<tr>\n<td colspan=\"1\" rowspan=\"1\">\n<div class=\"magic-8\">EPC-muisti:<\/div>\n<\/td>\n<td colspan=\"1\" rowspan=\"1\">\n<div class=\"magic-9\">128 bitti\u00e4<\/div>\n<\/td>\n<\/tr>\n<tr>\n<td colspan=\"1\" rowspan=\"1\">\n<div class=\"magic-8\">K\u00e4ytt\u00e4j\u00e4n muisti:<\/div>\n<\/td>\n<td colspan=\"1\" rowspan=\"1\">\n<div class=\"magic-9\">96 bitti\u00e4<\/div>\n<\/td>\n<\/tr>\n<tr>\n<td colspan=\"1\" rowspan=\"1\">\n<div class=\"magic-8\">Lukualue (kiinte\u00e4 lukija):<\/div>\n<\/td>\n<td colspan=\"1\" rowspan=\"1\">\n<div class=\"magic-9\">10 m<\/div>\n<\/td>\n<\/tr>\n<tr>\n<td colspan=\"1\" rowspan=\"1\">\n<div class=\"magic-8\">Lukualue (k\u00e4silukija):<\/div>\n<\/td>\n<td colspan=\"1\" rowspan=\"1\">\n<div class=\"magic-9\">8 m<\/div>\n<\/td>\n<\/tr>\n<tr>\n<td colspan=\"1\" rowspan=\"1\">\n<div class=\"magic-8\">Tunnisteet:<\/div>\n<\/td>\n<td colspan=\"1\" rowspan=\"1\">\n<div class=\"magic-9\">Ompelu, Kuumasaumaus<\/div>\n<\/td>\n<\/tr>\n<tr>\n<td colspan=\"1\" rowspan=\"1\">\n<div class=\"magic-8\">Arvioitu k\u00e4ytt\u00f6ik\u00e4:<\/div>\n<\/td>\n<td colspan=\"1\" rowspan=\"1\">\n<div class=\"magic-9\">200 pesujaksoa tai 3 vuotta sen mukaan, kumpi tulee ensin<\/div>\n<\/td>\n<\/tr>\n<tr>\n<td colspan=\"1\" rowspan=\"1\">\n<div class=\"magic-8\">Pesumenetelm\u00e4:<\/div>\n<\/td>\n<td colspan=\"1\" rowspan=\"1\">\n<div class=\"magic-9\">Pesula, Kemiallinen pesu<\/div>\n<\/td>\n<\/tr>\n<tr>\n<td colspan=\"1\" rowspan=\"1\">\n<div class=\"magic-8\">Vedenpoistopaine:<\/div>\n<\/td>\n<td colspan=\"1\" rowspan=\"1\">\n<div class=\"magic-9\">60 bar<\/div>\n<\/td>\n<\/tr>\n<tr>\n<td colspan=\"1\" rowspan=\"1\">\n<div class=\"magic-8\">Vedenkest\u00e4vyys:<\/div>\n<\/td>\n<td colspan=\"1\" rowspan=\"1\">\n<div class=\"magic-9\">Vedenkest\u00e4v\u00e4<\/div>\n<\/td>\n<\/tr>\n<tr>\n<td colspan=\"1\" rowspan=\"1\">\n<div class=\"magic-8\">Kemiallinen resistanssi:<\/div>\n<\/td>\n<td colspan=\"1\" rowspan=\"1\">\n<div class=\"magic-9\">Pesuaine, huuhteluaine, valkaisuaine (happi\/kloori), alkali<\/div>\n<\/td>\n<\/tr>\n<tr>\n<td colspan=\"1\" rowspan=\"1\">\n<div class=\"magic-8\">Esikuivaus Tumblerissa:<\/div>\n<\/td>\n<td colspan=\"1\" rowspan=\"1\">\n<div class=\"magic-9\">125 \u00baC 15-20 minuuttia<\/div>\n<\/td>\n<\/tr>\n<tr>\n<td colspan=\"1\" rowspan=\"1\">\n<div class=\"magic-8\" data-spm-anchor-id=\"a2700.details.0.i43.3a7a13dayRHcNe\">Sterilointil\u00e4mp\u00f6tila:<\/div>\n<\/td>\n<td colspan=\"1\" rowspan=\"1\">\n<div class=\"magic-9\">135\u00b0C 15-20 minuuttia<\/div>\n<\/td>\n<\/tr>\n<tr>\n<td colspan=\"1\" rowspan=\"1\">\n<div class=\"magic-8\">Pesul\u00e4mp\u00f6tila:<\/div>\n<\/td>\n<td colspan=\"1\" rowspan=\"1\">\n<div class=\"magic-9\">90\u00b0C, jopa 15 min.<\/div>\n<\/td>\n<\/tr>\n<tr>\n<td colspan=\"1\" rowspan=\"1\">\n<div class=\"magic-8\">Kosteus\/l\u00e4mp\u00f6tila-k\u00e4ytt\u00f6:<\/div>\n<\/td>\n<td colspan=\"1\" rowspan=\"1\">\n<div class=\"magic-9\" data-spm-anchor-id=\"a2700.details.0.i42.3a7a13dayRHcNe\">-20 - 110 \u00b0C, 8 - 95%RH<\/div>\n<\/td>\n<\/tr>\n<tr>\n<td colspan=\"1\" rowspan=\"1\">\n<div class=\"magic-8\">Kosteus\/l\u00e4mp\u00f6tila-varastointi:<\/div>\n<\/td>\n<td colspan=\"1\" rowspan=\"1\">\n<div class=\"magic-9\">-40 - 110 \u00b0C, 8 - 95%RH<\/div>\n<\/td>\n<\/tr>\n<\/tbody>\n<\/table>\n<h3>Miksi valita vedenpit\u00e4v\u00e4, pest\u00e4v\u00e4 UHF-tekstiili-RFID-pesutunnisteet?<\/h3>\n<p>RFID-pesutunnisteisiin sijoittaminen tarjoaa monia etuja, joiden avulla yritykset voivat virtaviivaistaa prosessejaan. T\u00e4ss\u00e4 on muutamia pakottavia syit\u00e4 harkita\u00a0<strong>RFID-pesutunniste<\/strong>\u00a0pesulatoimintojasi varten:<\/p>\n<ul>\n<li><strong>Parannettu seuranta ja hallinta:<\/strong>\u00a0Sano hyv\u00e4stit kadonneille tai kadonneille tavaroille. UHF-teknologia varmistaa, ett\u00e4 jokainen vaate tai liinavaatteet voidaan j\u00e4ljitt\u00e4\u00e4 tarkasti, mik\u00e4 v\u00e4hent\u00e4\u00e4 manuaalisia virheit\u00e4 ja parantaa varastonhallintaa.<\/li>\n<li><strong>Kest\u00e4vyys ja luotettavuus:<\/strong>\u00a0N\u00e4m\u00e4 RFID-tunnisteet on valmistettu kest\u00e4m\u00e4\u00e4n vaativia pesuolosuhteita, ja ne kest\u00e4v\u00e4t korkeita l\u00e4mp\u00f6tiloja ja useita pesujaksoja (jopa 200), joten ne ovat ihanteellinen ratkaisu kaupallisiin ja teollisiin pyykinpesusovelluksiin.<\/li>\n<li><strong>Monipuolisuus k\u00e4yt\u00f6ss\u00e4:<\/strong>\u00a0N\u00e4m\u00e4 voidaan ommella tai kuumasaumaa erilaisiin tekstiileihin\u00a0<strong>pest\u00e4v\u00e4t RFID-tunnisteet<\/strong>\u00a0sopivat erinomaisesti hotelleihin, sairaaloihin ja kaikkiin tiloihin, jotka vaativat tiukkaa liinavaatteiden hallintaa.<\/li>\n<\/ul>\n<h3>Vedenkest\u00e4v\u00e4n pest\u00e4v\u00e4n UHF-tekstiili-RFID-pesutunnisteen t\u00e4rkeimm\u00e4t ominaisuudet<\/h3>\n<h4>1. Kehittynyt RFID-tekniikka<\/h4>\n<p>Meid\u00e4n\u00a0<strong>RFID-pesutunnisteet<\/strong>\u00a0ovat ISO\/IEC 18000-6 Type C (EPC Gen2) -standardin mukaisia, mik\u00e4 varmistaa, ett\u00e4 ne t\u00e4ytt\u00e4v\u00e4t alan suorituskyky\u00e4 ja luotettavuutta koskevat standardit. Huippuluokan UHF-teknologian integrointi mahdollistaa nopean tiedonsiirron ja tehokkaat seurantaprosessit.<\/p>\n<h4>2. Koko ja paino<\/h4>\n<p>Mitoilla\u00a0<strong>70\u00d715 mm<\/strong>\u00a0ja kevyt muotoilu vain\u00a0<strong>0,7 g<\/strong>, n\u00e4m\u00e4 tunnisteet on helppo liitt\u00e4\u00e4 mihin tahansa vaatteeseen lis\u00e4\u00e4m\u00e4tt\u00e4 massaa tai ep\u00e4mukavuutta. Kompakti koko mahdollistaa saumattoman integroinnin erilaisiin tekstiileihin\u00a0<strong>univormut, liinavaatteet tai muut pyykkivaatteet<\/strong>.<\/p>\n<h4>3. Korkea lukualue<\/h4>\n<p>The\u00a0<strong>lukualue<\/strong>\u00a0on kriittinen tekij\u00e4 tehokkaille RFID-j\u00e4rjestelmille. Tunnisteet voivat saavuttaa a\u00a0<strong>lukuet\u00e4isyys jopa 10 metri\u00e4 kiinteill\u00e4 lukijoilla<\/strong>\u00a0ja\u00a0<strong>8 metri\u00e4 k\u00e4dess\u00e4 pidett\u00e4vill\u00e4 lukijoilla<\/strong>. T\u00e4m\u00e4 laajennettu valikoima optimoi seurantaprosessin, mik\u00e4 mahdollistaa tehokkaat varastotarkastukset ja ty\u00f6nkulun hallinnan vilkkaassa pesulaymp\u00e4rist\u00f6ss\u00e4.<\/p>\n<h4>4. Kest\u00e4v\u00e4 ankarissa olosuhteissa<\/h4>\n<p>N\u00e4m\u00e4 on suunniteltu kest\u00e4m\u00e4\u00e4n\u00a0<strong>vedenpit\u00e4v\u00e4t RFID-tunnisteet<\/strong>\u00a0kest\u00e4\u00e4 vaativia puhdistusprosesseja, mukaan lukien:<\/p>\n<ul>\n<li><strong>Pesul\u00e4mp\u00f6tila:<\/strong>\u00a0Jopa\u00a0<strong>90 \u00b0C<\/strong>\u00a015 minuuttia varmistaen perusteellisen puhdistuksen.<\/li>\n<li><strong>Sterilointil\u00e4mp\u00f6tila:<\/strong>\u00a0Kest\u00e4\u00e4 sterilointiprosesseja klo\u00a0<strong>135 \u00b0C<\/strong>\u00a015-20 minuuttia, joten ne sopivat l\u00e4\u00e4ketieteellisiin ymp\u00e4rist\u00f6ihin.<\/li>\n<li><strong>Kemiallinen resistanssi:<\/strong>\u00a0Kest\u00e4\u00e4 tavallisia pyykinpesukemikaaleja, kuten pesuaineita, huuhteluaineita ja valkaisuaineita, mik\u00e4 takaa pitk\u00e4n k\u00e4ytt\u00f6i\u00e4n ja tasaisen suorituskyvyn.<\/li>\n<\/ul>\n<h4>5. Ymp\u00e4rist\u00f6n\u00e4k\u00f6kohdat<\/h4>\n<p>N\u00e4m\u00e4 tunnisteet on suunniteltu kest\u00e4m\u00e4\u00e4n\u00a0<strong>korkeat vedenpoistopaineet<\/strong>\u00a0jopa\u00a0<strong>60 bar<\/strong>varmistaen, ett\u00e4 ne pysyv\u00e4t toimivina vaativimmissakin pesuolosuhteissa. K\u00e4ytetyt materiaalit ovat ymp\u00e4rist\u00f6yst\u00e4v\u00e4llisi\u00e4, mik\u00e4 lis\u00e4\u00e4 niiden arvoa entisest\u00e4\u00e4n.<\/p>\n<h4>6. K\u00e4ytt\u00f6ik\u00e4- ja k\u00e4ytt\u00f6ohjeet<\/h4>\n<p>Arvioitu k\u00e4ytt\u00f6ik\u00e4\u00a0<strong>200 pesukertaa tai 3 vuotta<\/strong>\u00a0(Kumpi tulee ensin), RFID-pesulappumme on rakennettu kest\u00e4m\u00e4\u00e4n. Ne voivat siirty\u00e4 saumattomasti pyykinpesuymp\u00e4rist\u00f6st\u00e4 kuivapesuymp\u00e4rist\u00f6\u00f6n, mik\u00e4 tekee niist\u00e4 monipuolisia erilaisiin k\u00e4ytt\u00f6tarpeisiin.<\/p>\n<h3>Liittyv\u00e4t tuotteet<\/h3>\n<p>T\u00e4ydent\u00e4m\u00e4\u00e4n meid\u00e4n\u00a0<strong>vedenpit\u00e4v\u00e4t pest\u00e4v\u00e4t UHF-tekstiilit RFID-pyykkitunnisteet<\/strong>, harkitse n\u00e4ihin liittyvien tuotteiden tutkimista:<\/p>\n<ul>\n<li><strong>RFID-lukijat:<\/strong>\u00a0T\u00e4rkeit\u00e4 ty\u00f6kaluja RFID-tunnisteiden tehokkaaseen lukemiseen ja seurantaan.<\/li>\n<li><strong>Merkint\u00e4tarvikkeet:<\/strong>\u00a0Vaihtoehdot ompelemiseen, kuumasaumaukseen tai RFID-tunnisteiden kiinnitt\u00e4miseen eri tekstiileihin.<\/li>\n<li><strong>Ohjelmistoratkaisut:<\/strong>\u00a0RFID-hallintaohjelmisto varaston seurantaan ja pyykinhallintaj\u00e4rjestelm\u00e4n parantamiseen.<\/li>\n<\/ul>\n<h3>Ymp\u00e4rist\u00f6vaikutukset ja teollisuuden edut<\/h3>\n<ol>\n<li><strong>V\u00e4hentynyt j\u00e4te:<\/strong>\u00a0Seuraamalla tehokkaasti liinavaatteita ja vaatteita n\u00e4m\u00e4 tunnisteet auttavat v\u00e4hent\u00e4m\u00e4\u00e4n kadonneiden tai kadonneiden tavaroiden j\u00e4tett\u00e4 ja edist\u00e4v\u00e4t kest\u00e4v\u00e4mpi\u00e4 k\u00e4yt\u00e4nt\u00f6j\u00e4 pesulateollisuudessa.<\/li>\n<li><strong>Optimoitu resurssienhallinta:<\/strong>\u00a0Tehokas seuranta johtaa optimoituihin pesutoimintoihin ja varmistaa, ett\u00e4 kaikki liinavaatteet ja vaatteet pysyv\u00e4t huippulaadussa, mik\u00e4 pident\u00e4\u00e4 viime k\u00e4dess\u00e4 niiden k\u00e4ytt\u00f6ik\u00e4\u00e4 ja pienent\u00e4\u00e4 vaihtokustannuksia.<\/li>\n<li><strong>Parempi asiakastyytyv\u00e4isyys:<\/strong>\u00a0Tehokas varastonhallinta tarkoittaa, ett\u00e4 asiakkaat saavat liinavaatteet oikea-aikaisesti ja j\u00e4rjestelm\u00e4llisesti, mik\u00e4 parantaa asiakaskokemusta muun muassa majoitus- ja terveydenhuollon aloilla.<\/li>\n<\/ol>\n<h3>Asiakkaiden arvostelut ja kokemukset<\/h3>\n<p>Asiakkaamme ovat raportoineet huomattavista parannuksista pesulatoiminnassaan otettuaan k\u00e4ytt\u00f6\u00f6n vedenpit\u00e4v\u00e4t pest\u00e4v\u00e4t UHF-tekstiilit RFID-pesutunnisteet. T\u00e4ss\u00e4 muutamia suosituksia:<\/p>\n<ul>\n<li><strong>\u201dSiit\u00e4 l\u00e4htien, kun aloimme k\u00e4ytt\u00e4\u00e4 n\u00e4it\u00e4 RFID-pesutunnisteita, olemme v\u00e4hent\u00e4neet huomattavasti aikaa, joka kuluu kadonneiden vaatteiden etsimiseen. Tehokkuus on parantunut ja henkil\u00f6kuntamme voi keskitty\u00e4 laadukkaan palvelun tuottamiseen.<\/strong>\u00a0sanoo Linda, paikallisen hotellin johtaja.<\/li>\n<li><strong>\u201dN\u00e4iden tunnisteiden kest\u00e4vyys on ollut vaikuttava. Ne kest\u00e4v\u00e4t tiukat pesuohjelmamme ja toimivat silti t\u00e4ydellisesti. Suosittelen niit\u00e4 l\u00e4mpim\u00e4sti kaikkiin kaupallisiin pesulapalveluihin.&quot;<\/strong>\u00a0toteaa Mark, teollisuuspesulan toimintap\u00e4\u00e4llikk\u00f6.<\/li>\n<\/ul>\n<h3>Usein kysytyt kysymykset (FAQ)<\/h3>\n<h4>1. Mik\u00e4 on n\u00e4iden RFID-tunnisteiden k\u00e4ytt\u00f6l\u00e4mp\u00f6tila-alue?<\/h4>\n<p>RFID-tunnisteet voivat toimia l\u00e4mp\u00f6tila-alueella\u00a0<strong>-20 - 110 \u00b0C<\/strong>\u00a0ja siet\u00e4\u00e4\u00a0<strong>8 - 95% suhteellinen kosteus<\/strong>varmistaen, ett\u00e4 ne voivat toimia eri ymp\u00e4rist\u00f6iss\u00e4.<\/p>\n<h4>2. Kuinka kiinnit\u00e4n RFID-pesutunnisteet vaatteisiin?<\/h4>\n<p>Tunnisteet voidaan kiinnitt\u00e4\u00e4\u00a0<strong>ompelu tai kuumasaumaus<\/strong>, joka tarjoaa joustavuutta toiminnallisten tarpeidesi ja vaatetyyppiesi mukaan.<\/p>\n<h4>3. Voidaanko n\u00e4it\u00e4 tunnisteita k\u00e4ytt\u00e4\u00e4 kuivapesuun?<\/h4>\n<p>Kyll\u00e4, n\u00e4m\u00e4 RFID-tunnisteet ovat riitt\u00e4v\u00e4n monipuolisia k\u00e4ytett\u00e4v\u00e4ksi molemmissa\u00a0<strong>pesula- ja kuivapesuasetukset<\/strong>.<\/p>\n<h4>4. Kuinka maksimoin RFID-pesutunnisteeni k\u00e4ytt\u00f6i\u00e4n?<\/h4>\n<p>Pitk\u00e4n k\u00e4ytt\u00f6i\u00e4n varmistamiseksi noudata mukana toimitettuja pesu- ja kuivausohjeita ja v\u00e4lt\u00e4 altistumista \u00e4\u00e4rimm\u00e4isille kemikaaleille tavallisten pesu- ja huuhteluaineiden ulkopuolella.<\/p>\n<h3>Johtop\u00e4\u00e4t\u00f6s: Muuta pyykinhallintaasi RFID-tekniikalla<\/h3>\n<p>The\u00a0<strong>Vedenkest\u00e4v\u00e4, pest\u00e4v\u00e4 UHF-tekstiili RFID-pesulappu rei\u00e4ll\u00e4<\/strong>\u00a0on enemm\u00e4n kuin pelkk\u00e4 pyykinpesutarvike; se on v\u00e4ltt\u00e4m\u00e4t\u00f6n ty\u00f6kalu modernille\u00a0<strong>pyykin hallinta<\/strong>. Investoimalla kest\u00e4viin, luotettaviin ja helppok\u00e4ytt\u00f6isiin tunnisteisiin voit virtaviivaistaa toimintaa, v\u00e4hent\u00e4\u00e4 h\u00e4vi\u00f6it\u00e4 ja parantaa pesulapalveluidesi yleist\u00e4 tehokkuutta.<\/p>","protected":false},"excerpt":{"rendered":"<p>Vedenkest\u00e4v\u00e4, pest\u00e4v\u00e4 UHF-tekstiili-RFID-pesulappu rei\u00e4ll\u00e4, suunniteltu kest\u00e4vyyteen ja tehokkaaseen seurantaan teollisissa pyykinpesusovelluksissa.<\/p>","protected":false},"featured_media":2776,"template":"","meta":{"_kad_post_transparent":"default","_kad_post_title":"","_kad_post_layout":"default","_kad_post_sidebar_id":"","_kad_post_content_style":"default","_kad_post_vertical_padding":"default","_kad_post_feature":"","_kad_post_feature_position":"","_kad_post_header":false,"_kad_post_footer":false,"_kad_post_classname":""},"product_brand":[],"product_cat":[19],"product_tag":[324,65,30,325],"class_list":{"0":"post-2775","1":"product","2":"type-product","3":"status-publish","4":"has-post-thumbnail","6":"product_cat-textile-rfid-laundry-tag","7":"product_tag-rfid-laundry-tag","8":"product_tag-textile-rfid-laundry-tags","9":"product_tag-uhf-rfid-laundry-tag","10":"product_tag-washable-rfid-laundry-tag","12":"first","13":"instock","14":"featured","15":"shipping-taxable","16":"product-type-simple","17":"entry","18":"content-bg","19":"loop-entry"},"_links":{"self":[{"href":"https:\/\/rfid-laundry-tag.com\/fi\/wp-json\/wp\/v2\/product\/2775","targetHints":{"allow":["GET"]}}],"collection":[{"href":"https:\/\/rfid-laundry-tag.com\/fi\/wp-json\/wp\/v2\/product"}],"about":[{"href":"https:\/\/rfid-laundry-tag.com\/fi\/wp-json\/wp\/v2\/types\/product"}],"version-history":[{"count":3,"href":"https:\/\/rfid-laundry-tag.com\/fi\/wp-json\/wp\/v2\/product\/2775\/revisions"}],"predecessor-version":[{"id":2782,"href":"https:\/\/rfid-laundry-tag.com\/fi\/wp-json\/wp\/v2\/product\/2775\/revisions\/2782"}],"wp:featuredmedia":[{"embeddable":true,"href":"https:\/\/rfid-laundry-tag.com\/fi\/wp-json\/wp\/v2\/media\/2776"}],"wp:attachment":[{"href":"https:\/\/rfid-laundry-tag.com\/fi\/wp-json\/wp\/v2\/media?parent=2775"}],"wp:term":[{"taxonomy":"product_brand","embeddable":true,"href":"https:\/\/rfid-laundry-tag.com\/fi\/wp-json\/wp\/v2\/product_brand?post=2775"},{"taxonomy":"product_cat","embeddable":true,"href":"https:\/\/rfid-laundry-tag.com\/fi\/wp-json\/wp\/v2\/product_cat?post=2775"},{"taxonomy":"product_tag","embeddable":true,"href":"https:\/\/rfid-laundry-tag.com\/fi\/wp-json\/wp\/v2\/product_tag?post=2775"}],"curies":[{"name":"wp","href":"https:\/\/api.w.org\/{rel}","templated":true}]}}