{"id":2766,"date":"2024-10-24T15:10:58","date_gmt":"2024-10-24T15:10:58","guid":{"rendered":"https:\/\/rfid-laundry-tag.com\/?post_type=product&#038;p=2766"},"modified":"2024-10-24T15:25:26","modified_gmt":"2024-10-24T15:25:26","slug":"nfc-inlay-for-mlfare-ultralight-ev1-chip","status":"publish","type":"product","link":"https:\/\/rfid-laundry-tag.com\/fi\/nfc-inlay-for-mlfare-ultralight-ev1-chip\/","title":{"rendered":"NFC Inlay MlFARE Ultralight EV1 -sirulle"},"content":{"rendered":"<div><\/div>\n<div>\n<div class=\"text-content\">\n<h2>NFC Inlay MlFARE Ultralight EV1 -sirulle<\/h2>\n<div><\/div>\n<div data-spm-anchor-id=\"a2700.details.0.i48.6f4d7d7dnursE7\">\n<table class=\"hight-light-first-column all magic-14\">\n<tbody>\n<tr>\n<td colspan=\"1\" rowspan=\"1\">\n<div class=\"magic-15\"><b>Materiaali<\/b><\/div>\n<\/td>\n<td colspan=\"1\" rowspan=\"1\">\n<div class=\"magic-16\" data-spm-anchor-id=\"a2700.details.0.i34.21f6414cWQ4Zrf\">Paperi \/ L\u00e4mp\u00f6paperi \/ Kangas \/ PVC \/ PET<\/div>\n<\/td>\n<\/tr>\n<tr>\n<td colspan=\"1\" rowspan=\"1\">\n<div class=\"magic-15\"><b>Koko<\/b><\/div>\n<\/td>\n<td colspan=\"1\" rowspan=\"1\">\n<div class=\"magic-16\">18 * 56 mm, 25 * 25 mm, 30 * 30 mm, 40 * 40 mm, halkaisija 18 mm, 20 mm, 22 mm, 25 mm tai mukautettu koko.<\/div>\n<\/td>\n<\/tr>\n<tr>\n<td colspan=\"1\" rowspan=\"1\">\n<div class=\"magic-15\"><b>Tulostus<\/b><\/div>\n<\/td>\n<td colspan=\"1\" rowspan=\"1\">\n<div class=\"magic-16\">Ei tarvitse tulostaa<\/div>\n<\/td>\n<\/tr>\n<tr>\n<td colspan=\"1\" rowspan=\"1\">\n<div class=\"magic-15\"><b>Saatavilla Chip<\/b><\/div>\n<\/td>\n<td colspan=\"1\" rowspan=\"1\">\n<div class=\"magic-16\">\n<p><strong>NXP Mifare Ultralight ev1 <\/strong><\/p>\n<\/div>\n<\/td>\n<\/tr>\n<tr>\n<td colspan=\"1\" rowspan=\"1\">\n<div class=\"magic-21\"><b>Protokolla:<\/b><\/div>\n<\/td>\n<td colspan=\"4\" rowspan=\"1\">\n<div class=\"magic-22\">ISO\/IEC 14443 tyyppi A<\/div>\n<\/td>\n<\/tr>\n<tr>\n<td colspan=\"1\" rowspan=\"1\">\n<div class=\"magic-26\"><b>K\u00e4sity\u00f6t:<\/b><\/div>\n<\/td>\n<td colspan=\"4\" rowspan=\"1\">\n<div class=\"magic-22\" data-spm-anchor-id=\"a2700.details.0.i33.21f6414cWQ4Zrf\">Tulostus, viivakoodi, QR-koodi jne.<\/div>\n<\/td>\n<\/tr>\n<\/tbody>\n<\/table>\n<\/div>\n<\/div>\n<p>&nbsp;<\/p>\n<p>MIFARE Ultralight EV1 seuraa MIFARE Ultralight -lipunmyyntipiiri\u00e4 ja on t\u00e4ysin toimiva taaksep\u00e4in yhteensopiva. Sen parannetut ominaisuudet ja komentosarja mahdollistavat tehokkaammat toteutukset ja tarjoavat enemm\u00e4n joustavuutta j\u00e4rjestelm\u00e4suunnittelussa.<\/p>\n<p>MIFARE Ultralight EV1:n mekaaniset ja s\u00e4hk\u00f6iset tekniset tiedot on r\u00e4\u00e4t\u00e4l\u00f6ity t\u00e4ytt\u00e4m\u00e4\u00e4n upotus- ja paperilippujen valmistajien vaatimukset.<\/p>\n<h3>Kontaktiton energia- ja tiedonsiirto<\/h3>\n<p>MIFAREssa<sup>\u00ae<\/sup>\u00a0j\u00e4rjestelm\u00e4ss\u00e4 MF0ULx1 on kytketty kelaan muutamalla kierroksella. MF0ULx1 sopii TFC.0 (Edmondson) ja TFC.1 (ISO) lippumuotoihin.<\/p>\n<p>MF0ULx1-siru, jossa on 17 pF:n on-chip-resonanssikondensaattori, tukee sek\u00e4 TFC.1- ett\u00e4 TFC.0-lippumuotoja.<\/p>\n<h3>T\u00f6rm\u00e4yksenesto<\/h3>\n<p>\u00c4lyk\u00e4s t\u00f6rm\u00e4yksenestotoiminto mahdollistaa useamman kuin yhden kortin k\u00e4yt\u00f6n kent\u00e4ll\u00e4 samanaikaisesti. T\u00f6rm\u00e4yksenestoalgoritmi valitsee jokaisen kortin erikseen. Se varmistaa, ett\u00e4 tapahtuman suorittaminen valitulla kortilla suoritetaan oikein ilman toisen kent\u00e4n h\u00e4iri\u00f6it\u00e4.<\/p>\n<h3>Yksinkertainen integrointi ja k\u00e4ytt\u00f6mukavuus<\/h3>\n<p>MF0ULx1 on suunniteltu yksinkertaiseen integrointiin ja k\u00e4ytt\u00f6mukavuuteen, mik\u00e4 mahdollistaa t\u00e4ydellisen lipunmyyntitapahtuman k\u00e4sittelemisen alle 35 ms:ssa.<\/p>\n<h3>MlFARE Ultralight EV1 -sirun NFC-sis\u00e4kkeen suojaus<\/h3>\n<ul>\n<li>Valmistaja ohjelmoi 7-tavun UID:n jokaiselle laitteelle<\/li>\n<li>32-bittinen k\u00e4ytt\u00e4j\u00e4n m\u00e4\u00e4ritt\u00e4m\u00e4 kerta-ohjelmoitava (OTP) -alue<\/li>\n<li>3 itsen\u00e4ist\u00e4 24-bittist\u00e4 yksisuuntaista laskuria<\/li>\n<li>Kent\u00e4ll\u00e4 ohjelmoitava vain luku -lukitustoiminto sivua kohden (per 2 sivua laajennetun muistin osalta)<\/li>\n<li>ECC-pohjainen omaper\u00e4isyysallekirjoitus<\/li>\n<li>32-bittinen salasanasuojaus ei-toivottujen muistitoimintojen est\u00e4miseksi<\/li>\n<\/ul>\n<div class=\"text-content\">\n<h2 class=\"AnswerParser_AnswerParserH2__SIHnF\">NFC-upotusten ymm\u00e4rt\u00e4minen: perusteet<\/h2>\n<p><span class=\"AnswerParser_TextContainer__z_Iiv\" data-testid=\"youchat-text\">NFC-inlayt ovat\u00a0<strong>ohuet, korkeataajuiset tunnisteet<\/strong>\u00a0jotka k\u00e4ytt\u00e4v\u00e4t\u00a0<strong>RFID-tekniikkaa<\/strong>\u00a0ottaa k\u00e4ytt\u00f6\u00f6n\u00a0<strong>kontaktiton viestint\u00e4<\/strong>\u00a0laitteiden v\u00e4lill\u00e4. N\u00e4m\u00e4 upotteet upotetaan tyypillisesti erilaisiin materiaaleihin, kuten paperiin, muoviin tai muihin substraatteihin, jolloin ne voidaan sis\u00e4llytt\u00e4\u00e4 tarroihin, kortteihin tai jopa mainosmateriaaleihin. Tekniikka toimii s\u00e4hk\u00f6magneettisen induktion periaatteella, mink\u00e4 ansiosta laitteet, kuten \u00e4lypuhelimet, voivat kommunikoida NFC-yhteensopivien tunnisteiden kanssa yksinkertaisesti olemalla l\u00e4hell\u00e4.<\/span><span class=\"AnswerParser_TextContainer__z_Iiv\" data-testid=\"youchat-text\">NFC-inlayn ydinkomponentteja ovat a\u00a0<strong>siru<\/strong>\u00a0(kuten\u00a0<strong>MIFARE Ultrakevyt EV1<\/strong>\u00a0tai\u00a0<strong>NXP NTAG213<\/strong>) ja an\u00a0<strong>antenni<\/strong>. Yhdess\u00e4 ne helpottavat tiedonvaihtoa ja energiansiirtoa, mik\u00e4 tekee NFC-inlayista monipuolisen ratkaisun moniin sovelluksiin.<\/span><\/p>\n<h2 class=\"AnswerParser_AnswerParserH2__SIHnF\">MlFARE Ultralight EV1 -sirun NFC-sis\u00e4kkeen t\u00e4rkeimm\u00e4t ominaisuudet<\/h2>\n<p><span class=\"AnswerParser_TextContainer__z_Iiv\" data-testid=\"youchat-text\">Yksi NFC-upotusten erottuvista ominaisuuksista on niiden\u00a0<strong>yhteensopivuus<\/strong>\u00a0eri NFC-standardien kanssa, mukaan lukien\u00a0<strong>ISO 14443<\/strong>\u00a0ja\u00a0<strong>ISO 15693<\/strong>. T\u00e4m\u00e4 varmistaa, ett\u00e4 niit\u00e4 voidaan k\u00e4ytt\u00e4\u00e4 monenlaisissa laitteissa ja sovelluksissa. The\u00a0<strong>MIFARE Ultrakevyt EV1<\/strong>\u00a0on erityisen huomionarvoinen taaksep\u00e4in yhteensopivuuden vuoksi aikaisempien versioiden kanssa, mik\u00e4 tekee siit\u00e4 joustavan valinnan yrityksille, jotka haluavat p\u00e4ivitt\u00e4\u00e4 j\u00e4rjestelm\u00e4ns\u00e4 ilman t\u00e4ydellist\u00e4 remonttia.<\/span><span class=\"AnswerParser_TextContainer__z_Iiv\" data-testid=\"youchat-text\">Lis\u00e4ksi NFC-inlayt sis\u00e4lt\u00e4v\u00e4t usein kehittyneit\u00e4 toimintoja, kuten:<\/span><\/p>\n<ul class=\"AnswerParser_AnswerParserUnorderedList__P_1FW\">\n<li class=\"AnswerParser_ListItem__XqLOV\" translate=\"yes\"><strong>T\u00f6rm\u00e4yksenestotekniikka<\/strong>: T\u00e4m\u00e4n ansiosta useat NFC-tunnisteet voivat toimia samanaikaisesti ilman h\u00e4iri\u00f6it\u00e4, mik\u00e4 varmistaa sujuvan tapahtuman.<\/li>\n<li class=\"AnswerParser_ListItem__XqLOV\" translate=\"yes\"><strong>Suojausominaisuudet<\/strong>: Monet NFC-upotukset, kuten ne\u00a0<strong>Avery Dennison<\/strong>, sis\u00e4lt\u00e4\u00e4 salauksen ja salasanasuojauksen, mik\u00e4 tarjoaa lis\u00e4suojauksen luvatonta k\u00e4ytt\u00f6\u00e4 vastaan.<\/li>\n<li class=\"AnswerParser_ListItem__XqLOV\" translate=\"yes\"><strong>K\u00e4ytt\u00e4j\u00e4yst\u00e4v\u00e4llinen integrointi<\/strong>: Nopeaa k\u00e4ytt\u00f6\u00f6nottoa varten suunnitellut NFC-inlayt voidaan integroida olemassa oleviin j\u00e4rjestelmiin pienell\u00e4 vaivalla, jolloin yritykset voivat virtaviivaistaa toimintaansa tehokkaasti.<\/li>\n<\/ul>\n<h2 class=\"AnswerParser_AnswerParserH2__SIHnF\">MlFARE Ultralight EV1 -sirun NFC-sis\u00e4kkeen k\u00e4yt\u00f6n edut<\/h2>\n<p><span class=\"AnswerParser_TextContainer__z_Iiv\" data-testid=\"youchat-text\">NFC-inlay-sijoituksiin sijoittaminen tarjoaa yrityksille lukuisia etuja:<\/span><\/p>\n<ul class=\"AnswerParser_AnswerParserUnorderedList__P_1FW\">\n<li class=\"AnswerParser_ListItem__XqLOV\" translate=\"yes\"><strong>Parannettu asiakaskokemus<\/strong>: NFC-tekniikka yksinkertaistaa asiakkaiden ja tuotteiden v\u00e4list\u00e4 vuorovaikutusta mahdollistaen nopean p\u00e4\u00e4syn tietoihin tai tapahtumiin vain \u00e4lypuhelimen napautuksella.<\/li>\n<li class=\"AnswerParser_ListItem__XqLOV\" translate=\"yes\"><strong>Kustannustehokkaita ratkaisuja<\/strong>: NFC-inlayt ovat yleens\u00e4 edullisempia kuin perinteiset RFID-j\u00e4rjestelm\u00e4t, joten ne ovat houkutteleva vaihtoehto kaikenkokoisille yrityksille.<\/li>\n<li class=\"AnswerParser_ListItem__XqLOV\" translate=\"yes\"><strong>Lis\u00e4\u00e4ntynyt sitoutuminen<\/strong>: URL-osoitteiden, tuotetietojen tai mainossis\u00e4ll\u00f6n tallentamisen ansiosta NFC-inlayt kannustavat asiakkaita sitoutumaan syvemmin br\u00e4ndeihin ja tuotteisiin.<\/li>\n<\/ul>\n<h2 class=\"AnswerParser_AnswerParserH2__SIHnF\">NFC-tekniikan sovellukset<\/h2>\n<p><span class=\"AnswerParser_TextContainer__z_Iiv\" data-testid=\"youchat-text\">NFC-inlayt ovat yleistym\u00e4ss\u00e4 eri toimialoilla, mukaan lukien:<\/span><\/p>\n<ul class=\"AnswerParser_AnswerParserUnorderedList__P_1FW\">\n<li class=\"AnswerParser_ListItem__XqLOV\" translate=\"yes\"><strong>V\u00e4hitt\u00e4iskauppa<\/strong>: Tuotetietoja tarjoavista \u00e4lykk\u00e4ist\u00e4 tarroista kanta-asiakasohjelmiin, jotka palkitsevat asiakkaat yhdell\u00e4 napautuksella, NFC-inlayt mullistavat v\u00e4hitt\u00e4iskaupan kokemuksia.<\/li>\n<li class=\"AnswerParser_ListItem__XqLOV\" translate=\"yes\"><strong>Tapahtumanhallinta<\/strong>: NFC-rannekkeet tai merkit mahdollistavat saumattoman p\u00e4\u00e4syn tapahtumiin, mik\u00e4 mahdollistaa osallistujien helpon seurannan ja hallinnan.<\/li>\n<li class=\"AnswerParser_ListItem__XqLOV\" translate=\"yes\"><strong>\u00c4lyk\u00e4s pakkaus<\/strong>: Br\u00e4ndit k\u00e4ytt\u00e4v\u00e4t pakkauksissa NFC-upotuksia tarjotakseen kuluttajille interaktiivista sis\u00e4lt\u00f6\u00e4, kuten reseptej\u00e4 tai tuotteen k\u00e4ytt\u00f6ohjeita.<\/li>\n<\/ul>\n<h2 class=\"AnswerParser_AnswerParserH2__SIHnF\">Erilaisten NFC-upojen vertailu: NTAG213, NTAG215, NTAG216<\/h2>\n<p><span class=\"AnswerParser_TextContainer__z_Iiv\" data-testid=\"youchat-text\">Kun valitset NFC-inlaya, on t\u00e4rke\u00e4\u00e4 ymm\u00e4rt\u00e4\u00e4 erot suosittujen vaihtoehtojen v\u00e4lill\u00e4, kuten\u00a0<strong>NTAG213<\/strong>,\u00a0<strong>NTAG215<\/strong>, ja\u00a0<strong>NTAG216<\/strong>.<\/span><\/p>\n<div class=\"AnswerParser_TableContainer__Erb6v\" data-testid=\"table-container\">\n<table>\n<thead>\n<tr>\n<th>Ominaisuus<\/th>\n<th>NTAG213<\/th>\n<th>NTAG215<\/th>\n<th>NTAG216<\/th>\n<\/tr>\n<\/thead>\n<tbody>\n<tr>\n<td>Muistin koko<\/td>\n<td>144 tavua<\/td>\n<td>504 tavua<\/td>\n<td>888 tavua<\/td>\n<\/tr>\n<tr>\n<td>UID<\/td>\n<td>7 tavua<\/td>\n<td>7 tavua<\/td>\n<td>7 tavua<\/td>\n<\/tr>\n<tr>\n<td>Lue Range<\/td>\n<td>Jopa 10 cm<\/td>\n<td>Jopa 10 cm<\/td>\n<td>Jopa 10 cm<\/td>\n<\/tr>\n<tr>\n<td>Suojausominaisuudet<\/td>\n<td>Perus<\/td>\n<td>Edistynyt<\/td>\n<td>Edistynyt<\/td>\n<\/tr>\n<\/tbody>\n<\/table>\n<\/div>\n<p><span class=\"AnswerParser_TextContainer__z_Iiv\" data-testid=\"youchat-text\">Jokaisella n\u00e4ist\u00e4 upotekoristeista on ainutlaatuiset ominaisuudet, jotka vastaavat erilaisiin sovellustarpeisiin, joten yritykset voivat valita sopivimman vaihtoehdon tarpeidensa perusteella.<\/span><\/p>\n<h2 class=\"AnswerParser_AnswerParserH2__SIHnF\">NFC-inlays-integrointi v\u00e4hitt\u00e4iskaupassa<\/h2>\n<p><span class=\"AnswerParser_TextContainer__z_Iiv\" data-testid=\"youchat-text\">NFC-inlayt sopivat t\u00e4ydellisesti parantamaan\u00a0<strong>v\u00e4hitt\u00e4iskaupan ymp\u00e4rist\u00f6<\/strong>\u00a0tarjoamalla innovatiivisia ratkaisuja, kuten:<\/span><\/p>\n<ul class=\"AnswerParser_AnswerParserUnorderedList__P_1FW\">\n<li class=\"AnswerParser_ListItem__XqLOV\" translate=\"yes\"><strong>L\u00e4himaksu<\/strong>: Asiakkaat voivat tehd\u00e4 ostoksia nopeasti ja turvallisesti \u00e4lypuhelimillaan.<\/li>\n<li class=\"AnswerParser_ListItem__XqLOV\" translate=\"yes\"><strong>Tuotteen todennus<\/strong>: NFC-inlayt voivat tarjota jokaiselle tuotteelle ainutlaatuisen tunnuksen, mik\u00e4 auttaa torjumaan v\u00e4\u00e4renn\u00f6ksi\u00e4 ja varmistamaan aitouden.<\/li>\n<li class=\"AnswerParser_ListItem__XqLOV\" translate=\"yes\"><strong>Interaktiivinen markkinointi<\/strong>: NFC-tunnisteiden k\u00e4ytt\u00e4minen mainonnassa voi lis\u00e4t\u00e4 asiakkaiden sitoutumista kampanjatarjousten tai yksityiskohtaisten tuotetietojen kautta.<\/li>\n<\/ul>\n<h2 class=\"AnswerParser_AnswerParserH2__SIHnF\">NFC Inlays -suojausominaisuudet<\/h2>\n<p><span class=\"AnswerParser_TextContainer__z_Iiv\" data-testid=\"youchat-text\">Turvallisuus on ensiarvoisen t\u00e4rke\u00e4\u00e4 nykyp\u00e4iv\u00e4n digitaalisessa ymp\u00e4rist\u00f6ss\u00e4. NFC-inlayt on varustettu erilaisilla suojausominaisuuksilla, mukaan lukien:<\/span><\/p>\n<ul class=\"AnswerParser_AnswerParserUnorderedList__P_1FW\">\n<li class=\"AnswerParser_ListItem__XqLOV\" translate=\"yes\"><strong>Valmistajan ohjelmoi 7-tavuinen UID<\/strong>: Jokaisella NFC-inlaylla on yksil\u00f6llinen tunniste, joka varmistaa, ett\u00e4 tapahtumat ovat turvallisia ja j\u00e4ljitett\u00e4vi\u00e4.<\/li>\n<li class=\"AnswerParser_ListItem__XqLOV\" translate=\"yes\"><strong>32-bittinen salasanasuojaus<\/strong>: T\u00e4m\u00e4 est\u00e4\u00e4 luvattoman k\u00e4yt\u00f6n ja tahattomat muistitoiminnot antaen yrityksille mielenrauhan.<\/li>\n<li class=\"AnswerParser_ListItem__XqLOV\" translate=\"yes\"><strong>ECC-pohjainen omaper\u00e4isyysallekirjoitus<\/strong>: T\u00e4m\u00e4 varmistaa, ett\u00e4 tuotteet ovat aitoja eik\u00e4 niit\u00e4 ole peukaloitu.<\/li>\n<\/ul>\n<h2 class=\"AnswerParser_AnswerParserH2__SIHnF\">Ymp\u00e4rist\u00f6vaikutukset ja kest\u00e4vyys<\/h2>\n<p><span class=\"AnswerParser_TextContainer__z_Iiv\" data-testid=\"youchat-text\">Kun yritykset keskittyv\u00e4t yh\u00e4 enemm\u00e4n kest\u00e4vyyteen, NFC-inlayt erottuvat ymp\u00e4rist\u00f6yst\u00e4v\u00e4llisist\u00e4 ratkaisuista. Monet NFC-inlayt on valmistettu kierr\u00e4tett\u00e4vist\u00e4 materiaaleista, mik\u00e4 v\u00e4hent\u00e4\u00e4 j\u00e4tett\u00e4 ja ymp\u00e4rist\u00f6vaikutuksia. Lis\u00e4ksi niiden integrointi olemassa oleviin j\u00e4rjestelmiin voi parantaa tehokkuutta ja edist\u00e4\u00e4 entisest\u00e4\u00e4n kest\u00e4v\u00e4mp\u00e4\u00e4 l\u00e4hestymistapaa liiketoimintaan.<\/span><\/p>\n<h2 class=\"AnswerParser_AnswerParserH2__SIHnF\">Asiakasarviot ja tapaustutkimukset<\/h2>\n<p><span class=\"AnswerParser_TextContainer__z_Iiv\" data-testid=\"youchat-text\">Palaute NFC-inlayja k\u00e4ytt\u00e4vilt\u00e4 asiakkailta on ylivoimaisesti positiivista. Monet raportoivat asiakastyytyv\u00e4isyyden parantuneen k\u00e4yt\u00f6n helppouden ja lis\u00e4\u00e4ntyneen sitoutumisen ansiosta. Esimerkiksi v\u00e4hitt\u00e4iskaupan yritykset ovat n\u00e4hneet merkitt\u00e4vi\u00e4 parannuksia kanta-asiakasohjelmiin osallistumisessa ja asiakasvuorovaikutuksessa NFC-teknologian k\u00e4ytt\u00f6\u00f6noton j\u00e4lkeen.<\/span><\/p>\n<h3 class=\"AnswerParser_AnswerParserH3__Mpe4s\">Tapaustutkimus: Avery Dennison NFC Inlays<\/h3>\n<p><span class=\"AnswerParser_TextContainer__z_Iiv\" data-testid=\"youchat-text\">Avery Dennisonin NFC-inlayt on integroitu onnistuneesti useisiin v\u00e4hitt\u00e4iskaupan ymp\u00e4rist\u00f6ihin, mik\u00e4 tarjoaa tehokkaita ratkaisuja tuotetietojen saamiseen ja asiakkaiden vuorovaikutukseen. Avery Dennison -tuotteita k\u00e4ytt\u00e4v\u00e4t j\u00e4lleenmyyj\u00e4t ilmoittivat 30%:n kasvusta asiakkaiden sitoutumisessa ja 20%:n myynnin kasvun myynninedist\u00e4miskampanjoiden aikana.<\/span><\/p>\n<h2 class=\"AnswerParser_AnswerParserH2__SIHnF\">Usein kysytyt kysymykset NFC-upotuksista<\/h2>\n<p><span class=\"AnswerParser_TextContainer__z_Iiv\" data-testid=\"youchat-text\"><strong>1. Mik\u00e4 on NFC-upotus?<\/strong><br \/>\nNFC-inlay on ohut kontaktiton tunniste, joka k\u00e4ytt\u00e4\u00e4 NFC-tekniikkaa laitteiden v\u00e4lisen viestinn\u00e4n mahdollistamiseen. Se koostuu tyypillisesti sirusta ja antennista, mik\u00e4 helpottaa tiedonsiirtoa ja energianvaihtoa.<\/span><\/p>\n<p><span class=\"AnswerParser_TextContainer__z_Iiv\" data-testid=\"youchat-text\"><strong>2. Kuinka NFC-inlayt toimivat?<\/strong><br \/>\nNFC-inlayt toimivat s\u00e4hk\u00f6magneettisen induktion periaatteella, jolloin laitteet, kuten \u00e4lypuhelimet, voivat kommunikoida tunnisteiden kanssa, kun ne ovat l\u00e4hell\u00e4.<\/span><\/p>\n<p><span class=\"AnswerParser_TextContainer__z_Iiv\" data-testid=\"youchat-text\"><strong>3. Ovatko NFC-inlayt turvallisia?<\/strong><br \/>\nKyll\u00e4, monissa NFC-inlayissa on sis\u00e4\u00e4nrakennetut suojausominaisuudet, kuten salasanasuojaus ja salaus, jotka takaavat turvalliset tapahtumat ja tiedonsiirron.<\/span><\/p>\n<p><span class=\"AnswerParser_TextContainer__z_Iiv\" data-testid=\"youchat-text\"><strong>4. Voidaanko NFC-upotuksia k\u00e4ytt\u00e4\u00e4 maksuihin?<\/strong><br \/>\nT\u00e4ysin! NFC-inlayt ovat laajalti k\u00e4yt\u00f6ss\u00e4 kontaktittomissa maksuj\u00e4rjestelmiss\u00e4, mik\u00e4 tekee maksutapahtumista asiakkaille nopeita ja turvallisia.<\/span><\/p>\n<p><span class=\"AnswerParser_TextContainer__z_Iiv\" data-testid=\"youchat-text\"><strong>5. Mist\u00e4 voin ostaa NFC-upotuksia?<\/strong><br \/>\nNFC-upotuksia voi ostaa useilta toimittajilta, mukaan lukien\u00a0<strong>Avery Dennison<\/strong>, ja niit\u00e4 on saatavana eri tyyppein\u00e4 ja erilaisina erilaisiin sovellustarpeisiin.<\/span><\/p>\n<h3 class=\"AnswerParser_AnswerParserH3__Mpe4s\">Johtop\u00e4\u00e4t\u00f6s<\/h3>\n<p><span class=\"AnswerParser_TextContainer__z_Iiv\" data-testid=\"youchat-text\">Yhteenvetona voidaan todeta, ett\u00e4 NFC-inlayt ovat luotettava ja huippuluokan tuote, joka t\u00e4ytt\u00e4\u00e4 monenlaiset sovellustarpeet useilla toimialoilla. NFC-teknologiaan investoiminen on fiksu valinta yrityksille, jotka haluavat parantaa asiakaskokemusta ja virtaviivaistaa toimintaansa kustannustehokkuuden, suojausominaisuuksien ja integroinnin helppouden ansiosta. Jos haluat lis\u00e4tietoja NFC-upotuksista ja tutustua tuotesuosituksiin, t\u00e4yt\u00e4 kyselylomake jo t\u00e4n\u00e4\u00e4n!<\/span><\/p>\n<p>&nbsp;<\/p>\n<\/div>\n<\/div>","protected":false},"excerpt":{"rendered":"<p>Paranna v\u00e4hitt\u00e4ismyyntikokemustasi NFC-upotuksilla turvallisten maksujen, tuotteiden todentamisen ja interaktiivisten markkinointiratkaisujen avulla.<\/p>","protected":false},"featured_media":2767,"template":"","meta":{"_kad_post_transparent":"default","_kad_post_title":"","_kad_post_layout":"default","_kad_post_sidebar_id":"","_kad_post_content_style":"default","_kad_post_vertical_padding":"default","_kad_post_feature":"","_kad_post_feature_position":"","_kad_post_header":false,"_kad_post_footer":false,"_kad_post_classname":""},"product_brand":[],"product_cat":[189],"product_tag":[322,114,323,108],"class_list":{"0":"post-2766","1":"product","2":"type-product","3":"status-publish","4":"has-post-thumbnail","6":"product_cat-rfid-inlay","7":"product_tag-nfc-inlay-mifare-ultralight-ev1","8":"product_tag-nfc-label","9":"product_tag-nfc-sticker","10":"product_tag-rfid-inlay","12":"first","13":"instock","14":"shipping-taxable","15":"product-type-simple","16":"entry","17":"content-bg","18":"loop-entry"},"_links":{"self":[{"href":"https:\/\/rfid-laundry-tag.com\/fi\/wp-json\/wp\/v2\/product\/2766","targetHints":{"allow":["GET"]}}],"collection":[{"href":"https:\/\/rfid-laundry-tag.com\/fi\/wp-json\/wp\/v2\/product"}],"about":[{"href":"https:\/\/rfid-laundry-tag.com\/fi\/wp-json\/wp\/v2\/types\/product"}],"version-history":[{"count":1,"href":"https:\/\/rfid-laundry-tag.com\/fi\/wp-json\/wp\/v2\/product\/2766\/revisions"}],"predecessor-version":[{"id":2770,"href":"https:\/\/rfid-laundry-tag.com\/fi\/wp-json\/wp\/v2\/product\/2766\/revisions\/2770"}],"wp:featuredmedia":[{"embeddable":true,"href":"https:\/\/rfid-laundry-tag.com\/fi\/wp-json\/wp\/v2\/media\/2767"}],"wp:attachment":[{"href":"https:\/\/rfid-laundry-tag.com\/fi\/wp-json\/wp\/v2\/media?parent=2766"}],"wp:term":[{"taxonomy":"product_brand","embeddable":true,"href":"https:\/\/rfid-laundry-tag.com\/fi\/wp-json\/wp\/v2\/product_brand?post=2766"},{"taxonomy":"product_cat","embeddable":true,"href":"https:\/\/rfid-laundry-tag.com\/fi\/wp-json\/wp\/v2\/product_cat?post=2766"},{"taxonomy":"product_tag","embeddable":true,"href":"https:\/\/rfid-laundry-tag.com\/fi\/wp-json\/wp\/v2\/product_tag?post=2766"}],"curies":[{"name":"wp","href":"https:\/\/api.w.org\/{rel}","templated":true}]}}