{"id":2761,"date":"2024-10-21T16:41:28","date_gmt":"2024-10-21T16:41:28","guid":{"rendered":"https:\/\/rfid-laundry-tag.com\/?post_type=product&#038;p=2761"},"modified":"2024-10-21T16:54:52","modified_gmt":"2024-10-21T16:54:52","slug":"iso15693-i-code-slix-patrol-nfc-tag","status":"publish","type":"product","link":"https:\/\/rfid-laundry-tag.com\/fi\/iso15693-i-code-slix-patrol-nfc-tag\/","title":{"rendered":"ISO15693 I CODE SLIX Patrol NFC Tag"},"content":{"rendered":"<h1>ISO15693 I CODE SLIX Patrol NFC Tag<\/h1>\n<p>The\u00a0<strong>ICODE SLI X Patrol NFC Tag<\/strong>\u00a0on suunniteltu niille, jotka vaativat luotettavuutta ja suorituskyky\u00e4 haastavissa ymp\u00e4rist\u00f6iss\u00e4. T\u00e4m\u00e4 edistynyt\u00a0<strong>NFC-tunniste<\/strong>\u00a0sopii t\u00e4ydellisesti partiok\u00e4ytt\u00f6\u00f6n, mik\u00e4 mahdollistaa saumattoman viestinn\u00e4n NFC-yhteensopivien laitteiden kanssa. Se on rakennettu kest\u00e4m\u00e4\u00e4n ajan ja ankarat olosuhteet, ja se tarjoaa uskomattoman\u00a0<strong>IP65<\/strong>\u00a0luokitus varmistaa, ett\u00e4 se pysyy toimivana my\u00f6s kosteudelle ja p\u00f6lylle alttiina. R\u00e4\u00e4t\u00e4l\u00f6intimahdollisuuksien ja korkean kest\u00e4vyyden ansiosta ICODE SLI X on olennainen ty\u00f6kalu turvahenkil\u00f6st\u00f6lle, omaisuuden seurantaan ja erilaisiin teollisiin sovelluksiin.<\/p>\n<h2 class=\"AnswerParser_AnswerParserH2__SIHnF\">ICODE SLI X NFC Tagin ominaisuudet ja edut<\/h2>\n<ul class=\"AnswerParser_AnswerParserUnorderedList__P_1FW\">\n<li class=\"AnswerParser_ListItem__XqLOV\" translate=\"yes\"><strong>Kest\u00e4v\u00e4 rakenne<\/strong>: Valmistettu\u00a0<strong>ABS<\/strong>\u00a0ICODE SLI X kest\u00e4\u00e4 fyysisi\u00e4 vaurioita ja ymp\u00e4rist\u00f6tekij\u00f6it\u00e4.<\/li>\n<li class=\"AnswerParser_ListItem__XqLOV\" translate=\"yes\"><strong>Monipuoliset koot<\/strong>: Saatavilla\u00a0<strong>25mm, 30mm ja 52mm<\/strong>\u00a0halkaisijavaihtoehtoja, t\u00e4m\u00e4 tunniste voidaan r\u00e4\u00e4t\u00e4l\u00f6id\u00e4 vastaamaan erityisi\u00e4 sovellustarpeita.<\/li>\n<li class=\"AnswerParser_ListItem__XqLOV\" translate=\"yes\"><strong>Korkea suorituskyky<\/strong>: Toimii klo\u00a0<strong>13,56 MHz<\/strong>, tunniste tarjoaa erinomaisen suorituskyvyn tiedonsiirrossa, mik\u00e4 mahdollistaa nopean ja luotettavan viestinn\u00e4n.<\/li>\n<\/ul>\n<table class=\"all magic-8\">\n<tbody>\n<tr>\n<td colspan=\"1\" rowspan=\"1\">\n<div class=\"magic-9\" data-spm-anchor-id=\"a2700.details.0.i71.50be21afmO5Aid\">Siru<\/div>\n<\/td>\n<td colspan=\"1\" rowspan=\"1\">\n<div class=\"magic-10\">ICODE SLI X (muokattu)<\/div>\n<\/td>\n<\/tr>\n<tr>\n<td colspan=\"1\" rowspan=\"1\">\n<div class=\"magic-9\">Mitat<\/div>\n<\/td>\n<td colspan=\"1\" rowspan=\"1\">\n<div class=\"magic-10\" data-spm-anchor-id=\"a2700.details.0.i73.50be21afmO5Aid\">25mm, 30mm, 52mm halkaisija (r\u00e4\u00e4t\u00e4l\u00f6ity)<\/div>\n<\/td>\n<\/tr>\n<tr>\n<td colspan=\"1\" rowspan=\"1\">\n<div class=\"magic-9\">Paksuus<\/div>\n<\/td>\n<td colspan=\"1\" rowspan=\"1\">\n<div class=\"magic-10\">3mm, rei\u00e4n koko: 5mm halkaisija<\/div>\n<\/td>\n<\/tr>\n<tr>\n<td colspan=\"1\" rowspan=\"1\">\n<div class=\"magic-9\">Materiaali<\/div>\n<\/td>\n<td colspan=\"1\" rowspan=\"1\">\n<div class=\"magic-10\">ABS<\/div>\n<\/td>\n<\/tr>\n<tr>\n<td colspan=\"1\" rowspan=\"1\">\n<div class=\"magic-9\">IP-luokitus<\/div>\n<\/td>\n<td colspan=\"1\" rowspan=\"1\">\n<div class=\"magic-10\">IP 65<\/div>\n<\/td>\n<\/tr>\n<tr>\n<td colspan=\"1\" rowspan=\"1\">\n<div class=\"magic-9\">Sovellusl\u00e4mp\u00f6tila<\/div>\n<\/td>\n<td colspan=\"1\" rowspan=\"1\">\n<div class=\"magic-10\">-40-80\u00b0<\/div>\n<\/td>\n<\/tr>\n<tr>\n<td colspan=\"1\" rowspan=\"1\">\n<div class=\"magic-9\">K\u00e4ytt\u00f6l\u00e4mp\u00f6tila<\/div>\n<\/td>\n<td colspan=\"1\" rowspan=\"1\">\n<div class=\"magic-10\" data-spm-anchor-id=\"a2700.details.0.i72.50be21afmO5Aid\">-40-70\u00b0C<\/div>\n<\/td>\n<\/tr>\n<tr>\n<td colspan=\"1\" rowspan=\"1\">\n<div class=\"magic-9\">Muisti<\/div>\n<\/td>\n<td colspan=\"1\" rowspan=\"1\">\n<div class=\"magic-10\">1K bitti\u00e4 (riippuu sirusta)<\/div>\n<\/td>\n<\/tr>\n<tr>\n<td colspan=\"1\" rowspan=\"1\">\n<div class=\"magic-9\">Taajuusalue parhaalla suorituskyvyll\u00e4<\/div>\n<\/td>\n<td colspan=\"1\" rowspan=\"1\">\n<div class=\"magic-10\">13,56 MHz<\/div>\n<\/td>\n<\/tr>\n<tr>\n<td colspan=\"1\" rowspan=\"1\">\n<div class=\"magic-9\">IC:n el\u00e4m\u00e4<\/div>\n<\/td>\n<td colspan=\"1\" rowspan=\"1\">\n<div class=\"magic-10\">Kirjoita 100 000 syklin kesto P\u00e4iv\u00e4m\u00e4\u00e4r\u00e4n s\u00e4ilytys<\/div>\n<\/td>\n<\/tr>\n<\/tbody>\n<\/table>\n<p>&nbsp;<\/p>\n<h3 class=\"AnswerParser_AnswerParserH3__Mpe4s\">1. NFC-tunnisteen yhteensopivuus ja toiminnallisuus<\/h3>\n<p><span class=\"AnswerParser_TextContainer__z_Iiv\" data-testid=\"youchat-text\">The\u00a0<strong>ICODE SLI X NFC-tunniste<\/strong>\u00a0on yhteensopiva laajan valikoiman kanssa\u00a0<strong>NFC-yhteensopivia laitteita<\/strong>, mukaan lukien \u00e4lypuhelimet ja tabletit. T\u00e4m\u00e4n yhteensopivuuden ansiosta k\u00e4ytt\u00e4j\u00e4t voivat helposti\u00a0<strong>lue NFC<\/strong>\u00a0-tunnisteet laitteitaan k\u00e4ytt\u00e4m\u00e4ll\u00e4 riippumatta siit\u00e4, k\u00e4ytt\u00e4v\u00e4tk\u00f6 he\u00a0<strong>iPhone<\/strong>\u00a0tai an\u00a0<strong>Android<\/strong>\u00a0puhelin. Integrointi\u00a0<strong>NFC-tekniikka<\/strong>\u00a0tarkoittaa, ett\u00e4 k\u00e4ytt\u00e4j\u00e4t voivat napauttaa laitteitaan nopeasti tunnisteeseen saadakseen v\u00e4litt\u00f6m\u00e4n p\u00e4\u00e4syn tietoihin, mik\u00e4 tekee siit\u00e4 ihanteellisen k\u00e4yntikortteihin, suojattuihin sy\u00f6tt\u00f6j\u00e4rjestelmiin tai tiedon jakamiseen.<\/span><span class=\"AnswerParser_TextContainer__z_Iiv\" data-testid=\"youchat-text\">Tunniste on suunniteltu k\u00e4ytett\u00e4v\u00e4ksi erilaisissa sovelluksissa, mik\u00e4 antaa yrityksille mahdollisuuden tehostaa toimintaansa ja parantaa viestint\u00e4\u00e4. K\u00e4yt\u00e4tk\u00f6 sit\u00e4 osana a\u00a0<strong>partioj\u00e4rjestelm\u00e4<\/strong>\u00a0tai omaisuuden seurantaan, ICODE SLI X tarjoaa luotettavan ratkaisun, joka voi osoittautua korvaamattomaksi p\u00e4ivitt\u00e4isess\u00e4 toiminnassa.<\/span><\/p>\n<h3 class=\"AnswerParser_AnswerParserH3__Mpe4s\">2. On-Metal NFC-tunnisteen suorituskyky<\/h3>\n<p><span class=\"AnswerParser_TextContainer__z_Iiv\" data-testid=\"youchat-text\">Yksi ICODE SLI X:n erottuvista ominaisuuksista on sen kyky toimia tehokkaasti\u00a0<strong>metallinen NFC-tunniste<\/strong>. Perinteiset NFC-tunnisteet kamppailevat usein metallipintojen kanssa h\u00e4iri\u00f6iden vuoksi, mutta t\u00e4m\u00e4 tunniste hy\u00f6dynt\u00e4\u00e4 edistyneit\u00e4\u00a0<strong>antimetallitekniikkaa<\/strong>\u00a0luotettavan suorituskyvyn varmistamiseksi. T\u00e4m\u00e4 tarkoittaa, ett\u00e4 voit kiinnitt\u00e4\u00e4 sen turvallisesti metallipintoihin menett\u00e4m\u00e4tt\u00e4 toimivuutta, mik\u00e4 tekee siit\u00e4 t\u00e4ydellisen teollisuusymp\u00e4rist\u00f6ihin tai turvatarkastuspisteisiin.<\/span><span class=\"AnswerParser_TextContainer__z_Iiv\" data-testid=\"youchat-text\">Metalliin kiinnitettyn\u00e4 ICODE SLI X s\u00e4ilytt\u00e4\u00e4 vahvan yhteyden NFC-laitteiden kanssa, mik\u00e4 mahdollistaa saumattoman tiedonsiirron ilman lis\u00e4laitteita. T\u00e4m\u00e4 ominaisuus on erityisen hy\u00f6dyllinen yrityksille, jotka haluavat ottaa sen k\u00e4ytt\u00f6\u00f6n\u00a0<strong>kontaktittomia ratkaisuja<\/strong>\u00a0ankarissa ymp\u00e4rist\u00f6iss\u00e4.<\/span><\/p>\n<h3 class=\"AnswerParser_AnswerParserH3__Mpe4s\">3. Eri sovellusten mukautusvaihtoehdot<\/h3>\n<p><span class=\"AnswerParser_TextContainer__z_Iiv\" data-testid=\"youchat-text\">R\u00e4\u00e4t\u00e4l\u00f6inti on avainasemassa NFC-teknologian k\u00e4ytt\u00f6\u00f6notossa eri toimialoilla. ICODE SLI X voidaan r\u00e4\u00e4t\u00e4l\u00f6id\u00e4 vastaamaan erityisvaatimuksia, mukaan lukien koko ja muistikapasiteetti. Vaihtoehtoineen\u00a0<strong>25mm, 30mm ja 52mm<\/strong>\u00a0halkaisijat, yritykset voivat valita t\u00e4ydellisen koon tarpeisiinsa.<\/span><span class=\"AnswerParser_TextContainer__z_Iiv\" data-testid=\"youchat-text\">Lis\u00e4ksi muistin kapasiteettia voidaan s\u00e4\u00e4t\u00e4\u00e4, mik\u00e4 mahdollistaa erilaiset tallennustarpeet. Tarvitsitpa yksinkertaista\u00a0<strong>NFC-tarra<\/strong>\u00a0k\u00e4yntikorttia tai monimutkaisempaa omaisuuden seurantaratkaisua varten ICODE SLI X voidaan r\u00e4\u00e4t\u00e4l\u00f6id\u00e4 tarjoamaan oikeat toiminnot.<\/span><\/p>\n<h3 class=\"AnswerParser_AnswerParserH3__Mpe4s\">4. Ymp\u00e4rist\u00f6yst\u00e4v\u00e4llinen suunnittelu<\/h3>\n<p><span class=\"AnswerParser_TextContainer__z_Iiv\" data-testid=\"youchat-text\">kanssa\u00a0<strong>IP65<\/strong>\u00a0ICODE SLI X on suunniteltu kest\u00e4m\u00e4\u00e4n altistumista p\u00f6lylle ja kosteudelle, joten se sopii ulkok\u00e4ytt\u00f6\u00f6n ja teollisuusk\u00e4ytt\u00f6\u00f6n. Tunniste voi toimia l\u00e4mp\u00f6tiloissa, jotka vaihtelevat\u00a0<strong>-40 \u00b0C - 80 \u00b0C<\/strong>varmistaen tasaisen suorituskyvyn \u00e4\u00e4rimm\u00e4isiss\u00e4 olosuhteissa.<\/span><span class=\"AnswerParser_TextContainer__z_Iiv\" data-testid=\"youchat-text\">T\u00e4m\u00e4 kest\u00e4vyys tarkoittaa, ett\u00e4 yritykset voivat luottaa ICODE SLI X:\u00e4\u00e4n\u00a0<strong>pitk\u00e4aikaiseen k\u00e4ytt\u00f6\u00f6n<\/strong>, mik\u00e4 v\u00e4hent\u00e4\u00e4 toistuvien vaihtojen tarvetta ja s\u00e4\u00e4st\u00e4\u00e4 lopulta kustannuksia. Tunnisteen kest\u00e4vyys varmistaa, ett\u00e4 se kest\u00e4\u00e4 vaikeimmissakin ymp\u00e4rist\u00f6iss\u00e4, mik\u00e4 tekee siit\u00e4 \u00e4lykk\u00e4\u00e4n sijoituksen mihin tahansa toimintaan.<\/span><\/p>\n<h3 class=\"AnswerParser_AnswerParserH3__Mpe4s\">5. Helppo asennus ja k\u00e4ytt\u00f6<\/h3>\n<p><span class=\"AnswerParser_TextContainer__z_Iiv\" data-testid=\"youchat-text\">ICODE SLI X:n asentaminen on yksinkertaista, koska sen suunnittelussa on a\u00a0<strong>ruuvin reik\u00e4<\/strong>\u00a0turvalliseen kiinnitykseen. Riippumatta siit\u00e4, haluatko noudattaa sit\u00e4\u00a0<strong>liima NFC<\/strong>\u00a0tukemalla tai ruuvaamalla se paikalleen, asennusprosessi on yksinkertainen ja tehokas.<\/span><span class=\"AnswerParser_TextContainer__z_Iiv\" data-testid=\"youchat-text\">Asennuksen j\u00e4lkeen tunnisteen k\u00e4ytt\u00f6 on yht\u00e4 helppoa. K\u00e4ytt\u00e4j\u00e4t voivat yksinkertaisesti\u00a0<strong>napauta tunnistetta<\/strong>\u00a0heid\u00e4n kanssaan\u00a0<strong>NFC-yhteensopiva puhelin<\/strong>\u00a0saada tietoja tai suorittaa komentoja. T\u00e4m\u00e4 helppok\u00e4ytt\u00f6isyys tekee ICODE SLI X:st\u00e4 ihanteellisen valinnan yrityksille, jotka haluavat ottaa k\u00e4ytt\u00f6\u00f6n\u00a0<strong>langaton viestint\u00e4<\/strong>\u00a0ilman perinteisten j\u00e4rjestelmien monimutkaisuutta.<\/span><\/p>\n<h3 class=\"AnswerParser_AnswerParserH3__Mpe4s\">6. Usein kysytyt kysymykset ICODE SLI X NFC -tunnisteesta<\/h3>\n<p><span class=\"AnswerParser_TextContainer__z_Iiv\" data-testid=\"youchat-text\"><strong>K: Voidaanko ICODE SLI X:\u00e4\u00e4 k\u00e4ytt\u00e4\u00e4 l\u00e4himaksuihin?<\/strong><br \/>\nV: Vaikka ICODE SLI X on suunniteltu tiedonsiirtoon ja viestint\u00e4\u00e4n, se voidaan integroida l\u00e4himaksuja tukeviin j\u00e4rjestelmiin, mutta se ei ole itse maksunk\u00e4sittelylaite.<\/span><\/p>\n<p><span class=\"AnswerParser_TextContainer__z_Iiv\" data-testid=\"youchat-text\"><strong>K: Onko ICODE SLI X vedenpit\u00e4v\u00e4?<\/strong><br \/>\nV: ICODE SLI X:ll\u00e4 on IP65-luokitus, joten se kest\u00e4\u00e4 p\u00f6ly\u00e4 ja vesiroiskeita, mutta ei t\u00e4ysin vedenpit\u00e4v\u00e4\u00e4. Se sopii ulkok\u00e4ytt\u00f6\u00f6n erilaisissa s\u00e4\u00e4olosuhteissa.<\/span><\/p>\n<p><span class=\"AnswerParser_TextContainer__z_Iiv\" data-testid=\"youchat-text\"><strong>K: Kuinka kauan akku kest\u00e4\u00e4?<\/strong><br \/>\nV: NFC-tunnisteissa, kuten ICODE SLI X:ss\u00e4, ei ole akkua; ne ottavat virtaa NFC-yhteensopivasta laitteesta, kun niit\u00e4 napautetaan, mik\u00e4 takaa pitk\u00e4kestoisen toiminnan v\u00e4h\u00e4isell\u00e4 huoltom\u00e4\u00e4r\u00e4ll\u00e4.<\/span><\/p>","protected":false},"excerpt":{"rendered":"<p>The <strong>ICODE SLI X Patrol NFC Tag<\/strong> erottuu luotettavana ja monipuolisena p\u00e4ivystys- ja partio-RFID-ratkaisuna metallin viestint\u00e4tarpeisiin.<\/p>","protected":false},"featured_media":2763,"template":"","meta":{"_kad_post_transparent":"default","_kad_post_title":"","_kad_post_layout":"default","_kad_post_sidebar_id":"","_kad_post_content_style":"default","_kad_post_vertical_padding":"default","_kad_post_feature":"","_kad_post_feature_position":"","_kad_post_header":false,"_kad_post_footer":false,"_kad_post_classname":""},"product_brand":[],"product_cat":[54],"product_tag":[133,320,321],"class_list":{"0":"post-2761","1":"product","2":"type-product","3":"status-publish","4":"has-post-thumbnail","6":"product_cat-hot-selling-rfid-tags","7":"product_tag-i-code-slix-nfc-tag","8":"product_tag-iso15693-nfc-tag","9":"product_tag-patrol-nfc-tag","11":"first","12":"instock","13":"shipping-taxable","14":"product-type-simple","15":"entry","16":"content-bg","17":"loop-entry"},"_links":{"self":[{"href":"https:\/\/rfid-laundry-tag.com\/fi\/wp-json\/wp\/v2\/product\/2761","targetHints":{"allow":["GET"]}}],"collection":[{"href":"https:\/\/rfid-laundry-tag.com\/fi\/wp-json\/wp\/v2\/product"}],"about":[{"href":"https:\/\/rfid-laundry-tag.com\/fi\/wp-json\/wp\/v2\/types\/product"}],"version-history":[{"count":1,"href":"https:\/\/rfid-laundry-tag.com\/fi\/wp-json\/wp\/v2\/product\/2761\/revisions"}],"predecessor-version":[{"id":2765,"href":"https:\/\/rfid-laundry-tag.com\/fi\/wp-json\/wp\/v2\/product\/2761\/revisions\/2765"}],"wp:featuredmedia":[{"embeddable":true,"href":"https:\/\/rfid-laundry-tag.com\/fi\/wp-json\/wp\/v2\/media\/2763"}],"wp:attachment":[{"href":"https:\/\/rfid-laundry-tag.com\/fi\/wp-json\/wp\/v2\/media?parent=2761"}],"wp:term":[{"taxonomy":"product_brand","embeddable":true,"href":"https:\/\/rfid-laundry-tag.com\/fi\/wp-json\/wp\/v2\/product_brand?post=2761"},{"taxonomy":"product_cat","embeddable":true,"href":"https:\/\/rfid-laundry-tag.com\/fi\/wp-json\/wp\/v2\/product_cat?post=2761"},{"taxonomy":"product_tag","embeddable":true,"href":"https:\/\/rfid-laundry-tag.com\/fi\/wp-json\/wp\/v2\/product_tag?post=2761"}],"curies":[{"name":"wp","href":"https:\/\/api.w.org\/{rel}","templated":true}]}}