{"id":275,"date":"2024-06-21T16:36:22","date_gmt":"2024-06-21T16:36:22","guid":{"rendered":"https:\/\/rfid-laundry-tag.com\/?post_type=product&#038;p=275"},"modified":"2024-08-14T15:51:48","modified_gmt":"2024-08-14T15:51:48","slug":"arc-uhf-rfid-label-for-retail-inventory","status":"publish","type":"product","link":"https:\/\/rfid-laundry-tag.com\/fi\/arc-uhf-rfid-label-for-retail-inventory\/","title":{"rendered":"ARC UHF RFID -tarra v\u00e4hitt\u00e4iskaupan varastoon"},"content":{"rendered":"<table class=\"is-zebra all magic-8\">\n<tbody>\n<tr>\n<td colspan=\"1\" rowspan=\"1\">\n<div class=\"magic-9\">Tekniset tiedot:<\/div>\n<\/td>\n<td colspan=\"1\" rowspan=\"1\">\n<div class=\"magic-10\" data-spm-anchor-id=\"a2700.details.0.i56.7f4b711d2WlIPD\">80 mm * 20 mm, 70 * 14,5 mm, 30 * 50 mm, (muokattavissa)<\/div>\n<\/td>\n<\/tr>\n<tr>\n<td colspan=\"1\" rowspan=\"1\">\n<div class=\"magic-9\">Pakkausmateriaalit:<\/div>\n<\/td>\n<td colspan=\"1\" rowspan=\"1\">\n<div class=\"magic-10\">P\u00e4\u00e4llystetty paperi \/ PVC \/ PET jne<\/div>\n<\/td>\n<\/tr>\n<tr>\n<td colspan=\"1\" rowspan=\"1\">\n<div class=\"magic-9\">Sovellusalue:<\/div>\n<\/td>\n<td colspan=\"1\" rowspan=\"1\">\n<div class=\"magic-10\">Supermarkettien v\u00e4hitt\u00e4iskauppa, vaatteet, keng\u00e4t ja hatut, v\u00e4\u00e4renn\u00f6sten torjunta, j\u00e4ljitett\u00e4vyys, varastonhallinta jne.<\/div>\n<\/td>\n<\/tr>\n<tr>\n<td colspan=\"1\" rowspan=\"1\">\n<div class=\"magic-9\">Uudelleenkirjoitusjakso:<\/div>\n<\/td>\n<td colspan=\"1\" rowspan=\"1\">\n<div class=\"magic-10\">10W kertaa<\/div>\n<\/td>\n<\/tr>\n<tr>\n<td colspan=\"1\" rowspan=\"1\">\n<div class=\"magic-11\">Tunnistuset\u00e4isyys:<\/div>\n<\/td>\n<td colspan=\"1\" rowspan=\"1\">\n<div class=\"magic-12\">\u00a015 m<\/div>\n<\/td>\n<\/tr>\n<tr>\n<td colspan=\"1\" rowspan=\"1\">\n<div class=\"magic-11\">Siru:<\/div>\n<\/td>\n<td colspan=\"1\" rowspan=\"1\">\n<div class=\"magic-12\">Alien Higgs 3, H9, H10, U9, U10 jne<\/div>\n<\/td>\n<\/tr>\n<tr>\n<td colspan=\"1\" rowspan=\"1\">\n<div class=\"magic-11\">Ominaisuudet:<\/div>\n<\/td>\n<td colspan=\"1\" rowspan=\"1\">\n<div class=\"magic-12\">ARC-sertifioitu, tulostettava ja yhteensopiva useiden tulostimien kanssa<\/div>\n<\/td>\n<\/tr>\n<tr>\n<td colspan=\"1\" rowspan=\"1\">\n<div class=\"magic-13\">Toimintataajuus:<\/div>\n<\/td>\n<td colspan=\"1\" rowspan=\"1\">\n<div class=\"magic-14\" data-spm-anchor-id=\"a2700.details.0.i55.7f4b711d2WlIPD\">860-960 MHz<\/div>\n<\/td>\n<\/tr>\n<\/tbody>\n<\/table>\n<p>&nbsp;<\/p>\n<p><b>RFID-tarrat<\/b> yleens\u00e4 hallitaan RFID-kiinnityksell\u00e4 ja yksinkertaisella k\u00e4yt\u00f6ll\u00e4 ja kiinnityksell\u00e4. Se on suhteellisen yksinkertainen kokonaisuus, kerrostalous ja kokoonpano. RFID-liimaus on er\u00e4\u00e4nlainen sovellus, jonka on oltava k\u00e4yt\u00e4nn\u00f6llinen kohdepinnalla ja joka voidaan helposti kiinnitt\u00e4\u00e4 my\u00f6s vaatteisiin. Sovelletaan supermakerten hallintaan\/kassaan, kuljetusten hallintaan, omaisuudenhallintaan jne.<\/p>\n<p><b>Painoty\u00f6:<\/b> 1. Tulostusprosessit, kuten rullapainatus, digitaalinen painatus, arkkipainatus, silkkipainatus, kaksiulotteinen koodiruiskutus, viivakoodiruiskutus, viivakoodin muuttuva m\u00e4\u00e4r\u00e4 jne. 2. Tulostettavat materiaalit ovat: p\u00e4\u00e4llystetty paperi, PVC, PET valkoinen, synteettinen paperi, l\u00e4mp\u00f6paperi, l\u00e4pin\u00e4kyv\u00e4 lohik\u00e4\u00e4rme, kaksoisliimapaperi.<\/p>\n<div><b>Valinnaiset: <\/b><\/div>\n<div data-spm-anchor-id=\"a2700.details.0.i77.2a8f6864Jckp2O\">Henkil\u00f6kohtainen r\u00e4\u00e4t\u00e4l\u00f6inti; silkkipainatus, ruiskupainettu numero (UID-koodi, EPC-koodi, viivakoodi jne.) Tarjoa liimavaihtoehto. Koodauspalvelu. Muut palvelut pyynn\u00f6st\u00e4si.<\/div>\n<div data-spm-anchor-id=\"a2700.details.0.i77.2a8f6864Jckp2O\"><\/div>\n<div data-spm-anchor-id=\"a2700.details.0.i77.2a8f6864Jckp2O\">\n<div class=\"J_module\">\n<div id=\"ali-anchor-AliMagic-o3qbn0\" class=\"magic-12\" data-section=\"AliMagic-o3qbn0\" data-section-title=\"Avaliable Chip\" data-spm-anchor-id=\"a2700.details.0.i50.22492d905vHxQE\">Saatavilla siru<\/div>\n<\/div>\n<div class=\"J_module\">\n<div class=\"ife-detail-decorate-table\">\n<table class=\"all magic-23\">\n<tbody>\n<tr>\n<td colspan=\"1\" rowspan=\"3\">\n<div class=\"magic-24\">\n<div class=\"magic-2\" data-spm-anchor-id=\"a2700.custom-template.0.i380.a89a33331THEnR\"><b class=\"magic-25\">\u00a0<\/b><\/div>\n<div class=\"magic-2\" data-spm-anchor-id=\"a2700.custom-template.0.i380.a89a33331THEnR\"><b class=\"magic-25\">Sirun tyyppi<\/b><\/div>\n<\/div>\n<\/td>\n<td colspan=\"2\" rowspan=\"1\">\n<div class=\"magic-26\">\n<div class=\"magic-2\" data-spm-anchor-id=\"a2700.custom-template.0.i9.4058333366sJMP\"><b class=\"magic-25\">Varattu<\/b><\/div>\n<\/div>\n<\/td>\n<td colspan=\"1\" rowspan=\"1\">\n<div class=\"magic-29\">\n<div class=\"magic-2\"><b class=\"magic-25\" data-spm-anchor-id=\"a2700.custom-template.0.i425.a89a33331THEnR\">EPC<\/b><\/div>\n<\/div>\n<\/td>\n<td colspan=\"1\" rowspan=\"1\">\n<div class=\"magic-30\">\n<div class=\"magic-2\"><b>K\u00e4ytt\u00e4j\u00e4<\/b><\/div>\n<\/div>\n<\/td>\n<td colspan=\"1\" rowspan=\"3\">\n<div class=\"magic-31\">\n<div class=\"magic-2\"><b>\u00a0<\/b><\/div>\n<div class=\"magic-2\"><b>p\u00f6yt\u00e4kirja<\/b><\/div>\n<\/div>\n<\/td>\n<td colspan=\"1\" rowspan=\"3\">\n<div class=\"magic-32\">\n<div class=\"magic-2\"><b>\u00a0<\/b><\/div>\n<div class=\"magic-2\"><b>Taajuus<\/b><\/div>\n<\/div>\n<\/td>\n<\/tr>\n<tr>\n<td colspan=\"1\" rowspan=\"2\">\n<div class=\"magic-34\">\n<div class=\"magic-2\" data-spm-anchor-id=\"a2700.custom-template.0.i437.a89a33331THEnR\">P\u00e4\u00e4sy<\/div>\n<div class=\"magic-2\">(bitti\u00e4)<\/div>\n<\/div>\n<\/td>\n<td colspan=\"1\" rowspan=\"2\">\n<div class=\"magic-35\">\n<div class=\"magic-2\">Tappaa<\/div>\n<div class=\"magic-2\" data-spm-anchor-id=\"a2700.details.0.i51.22492d905vHxQE\">(bitti\u00e4)<\/div>\n<\/div>\n<\/td>\n<td colspan=\"1\" rowspan=\"2\">\n<div class=\"magic-34\">\n<div class=\"magic-2\">EPC<\/div>\n<div class=\"magic-2\">(bitti\u00e4)<\/div>\n<\/div>\n<\/td>\n<td colspan=\"1\" rowspan=\"2\">\n<div class=\"magic-36\">\n<div class=\"magic-2\">k\u00e4ytt\u00e4j\u00e4<\/div>\n<div class=\"magic-2\">(bitti\u00e4)<\/div>\n<\/div>\n<\/td>\n<\/tr>\n<tr>\n<td colspan=\"7\" rowspan=\"1\">\n<div class=\"magic-39\">\n<div class=\"magic-2\" data-spm-anchor-id=\"a2700.custom-template.0.i20.a89a3333ytXRbS\"><b data-spm-anchor-id=\"a2700.custom-template.0.i12.4058333366sJMP\"><span class=\"magic-40\">NXP<\/span><\/b><\/div>\n<\/div>\n<\/td>\n<\/tr>\n<tr>\n<td colspan=\"1\" rowspan=\"1\">\n<div class=\"magic-33\">UCODE\u00ae 9<\/div>\n<\/td>\n<td colspan=\"1\" rowspan=\"1\">\n<div class=\"magic-29\">\n<div class=\"magic-2\">32<\/div>\n<\/div>\n<\/td>\n<td colspan=\"1\" rowspan=\"1\">\n<div class=\"magic-28\">\n<div class=\"magic-2\">32<\/div>\n<\/div>\n<\/td>\n<td colspan=\"1\" rowspan=\"1\">\n<div class=\"magic-29\">\n<div class=\"magic-2\" data-spm-anchor-id=\"a2700.custom-template.0.i5.a89a3333hCDHmj\">96<\/div>\n<\/div>\n<\/td>\n<td colspan=\"1\" rowspan=\"1\">\n<div class=\"magic-30\">\n<div class=\"magic-2\">\u2013<\/div>\n<\/div>\n<\/td>\n<td colspan=\"1\" rowspan=\"4\">\n<div class=\"magic-31\">\n<div class=\"magic-2\" data-spm-anchor-id=\"a2700.custom-template.0.i472.a89a33331THEnR\"><\/div>\n<div class=\"magic-2\" data-spm-anchor-id=\"a2700.custom-template.0.i473.a89a33331THEnR\"><\/div>\n<div class=\"magic-2\" data-spm-anchor-id=\"a2700.custom-template.0.i473.a89a33331THEnR\">ISO18000-6C<\/div>\n<div class=\"magic-2\" data-spm-anchor-id=\"a2700.custom-template.0.i466.a89a33331THEnR\">Luokka 1 Gen 2<\/div>\n<\/div>\n<\/td>\n<td colspan=\"1\" rowspan=\"4\">\n<div class=\"magic-32\">\n<div class=\"magic-2\"><\/div>\n<div class=\"magic-2\"><\/div>\n<div class=\"magic-2\">860-960 MHz<\/div>\n<\/div>\n<\/td>\n<\/tr>\n<tr>\n<td colspan=\"1\" rowspan=\"1\">\n<div class=\"magic-33\">UCODE\u00ae 8\/8m<\/div>\n<\/td>\n<td colspan=\"1\" rowspan=\"1\">\n<div class=\"magic-29\">\n<div class=\"magic-2\">32<\/div>\n<\/div>\n<\/td>\n<td colspan=\"1\" rowspan=\"1\">\n<div class=\"magic-28\">\n<div class=\"magic-2\">32<\/div>\n<\/div>\n<\/td>\n<td colspan=\"1\" rowspan=\"1\">\n<div class=\"magic-29\">\n<div class=\"magic-2\">128\/96<\/div>\n<\/div>\n<\/td>\n<td colspan=\"1\" rowspan=\"1\">\n<div class=\"magic-41\">\n<div class=\"magic-2\">0\/32<\/div>\n<\/div>\n<\/td>\n<\/tr>\n<tr>\n<td colspan=\"1\" rowspan=\"1\">\n<div class=\"magic-33\">UCODE\u00ae 7m<\/div>\n<\/td>\n<td colspan=\"1\" rowspan=\"1\">\n<div class=\"magic-29\">\n<div class=\"magic-2\">32<\/div>\n<\/div>\n<\/td>\n<td colspan=\"1\" rowspan=\"1\">\n<div class=\"magic-28\">\n<div class=\"magic-2\">0<\/div>\n<\/div>\n<\/td>\n<td colspan=\"1\" rowspan=\"1\">\n<div class=\"magic-29\">\n<div class=\"magic-2\">128<\/div>\n<\/div>\n<\/td>\n<td colspan=\"1\" rowspan=\"1\">\n<div class=\"magic-41\">\n<div class=\"magic-2\">32<\/div>\n<\/div>\n<\/td>\n<\/tr>\n<tr>\n<td colspan=\"1\" rowspan=\"1\">\n<div class=\"magic-33\">UCODE\u00ae 7<\/div>\n<\/td>\n<td colspan=\"1\" rowspan=\"1\">\n<div class=\"magic-29\">\n<div class=\"magic-2\">32<\/div>\n<\/div>\n<\/td>\n<td colspan=\"1\" rowspan=\"1\">\n<div class=\"magic-28\">\n<div class=\"magic-2\">32<\/div>\n<\/div>\n<\/td>\n<td colspan=\"1\" rowspan=\"1\">\n<div class=\"magic-29\">\n<div class=\"magic-2\">128<\/div>\n<\/div>\n<\/td>\n<td colspan=\"1\" rowspan=\"1\">\n<div class=\"magic-41\">\n<div class=\"magic-2\">0<\/div>\n<\/div>\n<\/td>\n<\/tr>\n<tr>\n<td colspan=\"7\" rowspan=\"1\">\n<div class=\"magic-42\"><b data-spm-anchor-id=\"a2700.custom-template.0.i92.a89a3333ytXRbS\">UCODE ovat NXP BV:n rekister\u00f6ityj\u00e4 tavaramerkkej\u00e4 ja niit\u00e4 k\u00e4ytet\u00e4\u00e4n lisenssill\u00e4.<\/b><\/div>\n<\/td>\n<\/tr>\n<\/tbody>\n<\/table>\n<\/div>\n<\/div>\n<\/div>","protected":false},"excerpt":{"rendered":"<p><span data-spm-anchor-id=\"a2700.details.0.i75.2a8f6864Jckp2O\">Walmart k\u00e4ytt\u00e4\u00e4 RFID:t\u00e4 lis\u00e4t\u00e4kseen asiakastyytyv\u00e4isyytt\u00e4 ja tehokkuutta lis\u00e4\u00e4m\u00e4ll\u00e4 noudon tarkkuutta ja v\u00e4hent\u00e4m\u00e4ll\u00e4 ep\u00e4tyydytt\u00e4vien tuotteiden esiintymist\u00e4.<\/span><\/p>","protected":false},"featured_media":276,"template":"","meta":{"_kad_post_transparent":"default","_kad_post_title":"","_kad_post_layout":"default","_kad_post_sidebar_id":"","_kad_post_content_style":"default","_kad_post_vertical_padding":"default","_kad_post_feature":"","_kad_post_feature_position":"","_kad_post_header":false,"_kad_post_footer":false,"_kad_post_classname":""},"product_brand":[],"product_cat":[54],"product_tag":[104,103,98],"class_list":{"0":"post-275","1":"product","2":"type-product","3":"status-publish","4":"has-post-thumbnail","6":"product_cat-hot-selling-rfid-tags","7":"product_tag-arc-uhf-rfid-label","8":"product_tag-arc-uhf-rfid-label-for-retail-inventory","9":"product_tag-uhf-rfid-label","11":"first","12":"instock","13":"shipping-taxable","14":"product-type-simple","15":"entry","16":"content-bg","17":"loop-entry"},"_links":{"self":[{"href":"https:\/\/rfid-laundry-tag.com\/fi\/wp-json\/wp\/v2\/product\/275","targetHints":{"allow":["GET"]}}],"collection":[{"href":"https:\/\/rfid-laundry-tag.com\/fi\/wp-json\/wp\/v2\/product"}],"about":[{"href":"https:\/\/rfid-laundry-tag.com\/fi\/wp-json\/wp\/v2\/types\/product"}],"version-history":[{"count":1,"href":"https:\/\/rfid-laundry-tag.com\/fi\/wp-json\/wp\/v2\/product\/275\/revisions"}],"predecessor-version":[{"id":1302,"href":"https:\/\/rfid-laundry-tag.com\/fi\/wp-json\/wp\/v2\/product\/275\/revisions\/1302"}],"wp:featuredmedia":[{"embeddable":true,"href":"https:\/\/rfid-laundry-tag.com\/fi\/wp-json\/wp\/v2\/media\/276"}],"wp:attachment":[{"href":"https:\/\/rfid-laundry-tag.com\/fi\/wp-json\/wp\/v2\/media?parent=275"}],"wp:term":[{"taxonomy":"product_brand","embeddable":true,"href":"https:\/\/rfid-laundry-tag.com\/fi\/wp-json\/wp\/v2\/product_brand?post=275"},{"taxonomy":"product_cat","embeddable":true,"href":"https:\/\/rfid-laundry-tag.com\/fi\/wp-json\/wp\/v2\/product_cat?post=275"},{"taxonomy":"product_tag","embeddable":true,"href":"https:\/\/rfid-laundry-tag.com\/fi\/wp-json\/wp\/v2\/product_tag?post=275"}],"curies":[{"name":"wp","href":"https:\/\/api.w.org\/{rel}","templated":true}]}}