{"id":2742,"date":"2024-10-11T16:12:50","date_gmt":"2024-10-11T16:12:50","guid":{"rendered":"https:\/\/rfid-laundry-tag.com\/?post_type=product&#038;p=2742"},"modified":"2024-10-29T14:33:03","modified_gmt":"2024-10-29T14:33:03","slug":"epoxy-menu-nfc-tags","status":"publish","type":"product","link":"https:\/\/rfid-laundry-tag.com\/fi\/epoxy-menu-nfc-tags\/","title":{"rendered":"Epoksivalikko NFC-tunnisteet"},"content":{"rendered":"<p><span class=\"AnswerParser_TextContainer__z_Iiv\" data-testid=\"youchat-text\"><strong>Epoksivalikko NFC-tunnisteet<\/strong>\u00a0Hy\u00f6dynn\u00e4 huippuluokan NFC- ja QR-kooditekniikkaa muuttaaksesi vieraiden vuorovaikutusta ruokalistan kanssa. N\u00e4iden innovatiivisten tunnisteiden avulla asiakkaat voivat nopeasti selata ja tilata suoraan \u00e4lypuhelimillaan, mik\u00e4 parantaa ruokailukokemustaan ja virtaviivaistaa ravintoloiden, kahviloiden ja baarien toimintaa. R\u00e4\u00e4t\u00e4l\u00f6it\u00e4viss\u00e4 olevan suunnittelun ja kest\u00e4vien ominaisuuksien ansiosta n\u00e4m\u00e4 tunnisteet ovat v\u00e4ltt\u00e4m\u00e4tt\u00f6mi\u00e4 jokaisessa modernissa laitoksessa.<\/span><\/p>\n<h2 class=\"AnswerParser_AnswerParserH2__SIHnF\">Tuotekuvaus<\/h2>\n<h3 class=\"AnswerParser_AnswerParserH3__Mpe4s\">1. Mit\u00e4 ovat Epoxy Menu NFC -tunnisteet?<\/h3>\n<p><span class=\"AnswerParser_TextContainer__z_Iiv\" data-testid=\"youchat-text\">Epoxy Menu NFC -tunnisteet ovat kehittyneit\u00e4 digitaalisia ty\u00f6kaluja, jotka on suunniteltu helpottamaan saumatonta valikkojen k\u00e4ytt\u00f6\u00e4 ja tilaamista. N\u00e4m\u00e4 tunnisteet on valmistettu kest\u00e4vist\u00e4 materiaaleista, kuten PVC:st\u00e4 ja varustettu NFC-siruilla, ja niit\u00e4 voidaan mukauttaa logoilla, sarjanumeroilla ja jopa dynaamisilla QR-koodeilla. Niiden epoksiliimapinta varmistaa pitk\u00e4ik\u00e4isyyden ja joustavuuden, joten ne sopivat erilaisiin ymp\u00e4rist\u00f6ihin.<\/span><\/p>\n<h3 class=\"AnswerParser_AnswerParserH3__Mpe4s\">2. Epoxy Menu NFC -tunnisteiden t\u00e4rkeimm\u00e4t ominaisuudet<\/h3>\n<ul class=\"AnswerParser_AnswerParserUnorderedList__P_1FW\">\n<li class=\"AnswerParser_ListItem__XqLOV\" translate=\"yes\"><strong>Kest\u00e4vyys<\/strong>: Epoksihartsipinta tarjoaa poikkeuksellisen suojan \u00f6ljy\u00e4, vett\u00e4, naarmuja ja UV-s\u00e4teit\u00e4 vastaan varmistaen, ett\u00e4 tunnisteet pysyv\u00e4t toimivina ja visuaalisesti houkuttelevina ajan mittaan.<\/li>\n<li class=\"AnswerParser_ListItem__XqLOV\" translate=\"yes\"><strong>Monipuolisuus<\/strong>: Koot ovat saatavilla py\u00f6rein\u00e4 (\u042460mm, \u042475mm, \u0424100mm) ja neli\u00f6m\u00e4isin\u00e4 (80x80mm), joten n\u00e4m\u00e4 tunnisteet voidaan r\u00e4\u00e4t\u00e4l\u00f6id\u00e4 kaikkiin suunnittelun esteettisiin tai br\u00e4nd\u00e4ysvaatimuksiin.<\/li>\n<li class=\"AnswerParser_ListItem__XqLOV\" translate=\"yes\"><strong>Yhteensopivuus<\/strong>: Antimetallikerroksen ansiosta n\u00e4m\u00e4 tunnisteet voivat toimia tehokkaasti sek\u00e4 metalli- ett\u00e4 ei-metallisilla pinnoilla, mik\u00e4 tekee niist\u00e4 ihanteellisia erilaisiin sovelluksiin.<\/li>\n<\/ul>\n<h3 class=\"AnswerParser_AnswerParserH3__Mpe4s\">3. Tekniset tiedot<\/h3>\n<table class=\"has-title all magic-15\">\n<tbody>\n<tr>\n<td colspan=\"1\" rowspan=\"1\">\n<div class=\"magic-16\" data-spm-anchor-id=\"a2700.details.0.i39.7beebf0eKrXqHT\"><span class=\"magic-17\">Tuote<\/span><\/div>\n<\/td>\n<td colspan=\"1\" rowspan=\"1\">\n<div class=\"magic-18\"><span class=\"magic-17\">Epoksivalikko NFC-tunnisteet <\/span><\/div>\n<\/td>\n<\/tr>\n<tr>\n<td colspan=\"1\" rowspan=\"1\">\n<div class=\"magic-16\"><span class=\"magic-17\">Erikoisominaisuudet<\/span><\/div>\n<\/td>\n<td colspan=\"1\" rowspan=\"1\">\n<div class=\"magic-18\"><span class=\"magic-17\">Vedenpit\u00e4v\u00e4\/s\u00e4\u00e4nkest\u00e4v\u00e4<\/span><\/div>\n<\/td>\n<\/tr>\n<tr>\n<td colspan=\"1\" rowspan=\"1\">\n<div class=\"magic-16\"><span class=\"magic-17\">Viestint\u00e4liittym\u00e4<\/span><\/div>\n<\/td>\n<td colspan=\"1\" rowspan=\"1\">\n<div class=\"magic-18\"><span class=\"magic-17\">NFC<\/span><\/div>\n<\/td>\n<\/tr>\n<tr>\n<td colspan=\"1\" rowspan=\"1\">\n<div class=\"magic-16\"><span class=\"magic-17\">Taajuus<\/span><\/div>\n<\/td>\n<td colspan=\"1\" rowspan=\"1\">\n<div class=\"magic-18\"><span class=\"magic-17\">13,56 MHz<\/span><\/div>\n<\/td>\n<\/tr>\n<tr>\n<td colspan=\"1\" rowspan=\"1\">\n<div class=\"magic-16\"><span class=\"magic-17\">Materiaali<\/span><\/div>\n<\/td>\n<td colspan=\"1\" rowspan=\"1\">\n<div class=\"magic-18\">Epoksi + PET\/PVC + NFC-pinnoite + Antimetallikerros + 3M liima<\/div>\n<\/td>\n<\/tr>\n<tr>\n<td colspan=\"1\" rowspan=\"1\">\n<div class=\"magic-16\">Koko<\/div>\n<\/td>\n<td colspan=\"1\" rowspan=\"1\">\n<div class=\"magic-18\">Py\u00f6re\u00e4: \u042460mm, \u042475mm, \u0424100mm; Neli\u00f6: 80x80mm tai r\u00e4\u00e4t\u00e4l\u00f6ity<\/div>\n<\/td>\n<\/tr>\n<tr>\n<td colspan=\"1\" rowspan=\"1\">\n<div class=\"magic-16\"><span class=\"magic-17\">p\u00f6yt\u00e4kirja<\/span><\/div>\n<\/td>\n<td colspan=\"1\" rowspan=\"1\">\n<div class=\"magic-18\"><span class=\"magic-17\">ISO 14443A<\/span><\/div>\n<\/td>\n<\/tr>\n<tr>\n<td colspan=\"1\" rowspan=\"1\">\n<div class=\"magic-16\"><span class=\"magic-17\">Siru<\/span><\/div>\n<\/td>\n<td colspan=\"1\" rowspan=\"1\">\n<div class=\"magic-18\">NTAG213, NTAG215, NTAG216 (muita siruja saatavilla)<\/div>\n<\/td>\n<\/tr>\n<tr>\n<td colspan=\"1\" rowspan=\"1\">\n<div class=\"magic-16\"><span class=\"magic-17\">Muisti<\/span><\/div>\n<\/td>\n<td colspan=\"1\" rowspan=\"1\">\n<div class=\"magic-18\"><span class=\"magic-17\">144 tavua, 504 tavua, 888 tavua jne<\/span><\/div>\n<\/td>\n<\/tr>\n<tr>\n<td colspan=\"1\" rowspan=\"1\">\n<div class=\"magic-16\"><span class=\"magic-17\">Lukuet\u00e4isyys<\/span><\/div>\n<\/td>\n<td colspan=\"1\" rowspan=\"1\">\n<div class=\"magic-18\"><span class=\"magic-17\">3-15 cm riippuu lukijan ja merkin koosta<\/span><\/div>\n<\/td>\n<\/tr>\n<tr>\n<td colspan=\"1\" rowspan=\"1\">\n<div class=\"magic-16\"><span class=\"magic-17\">Tulostus<\/span><\/div>\n<\/td>\n<td colspan=\"1\" rowspan=\"1\">\n<div class=\"magic-18\"><span class=\"magic-17\">CMYK 4C -tulostus\/offsetointi\/silkkipainotulostus<\/span><\/div>\n<\/td>\n<\/tr>\n<tr>\n<td colspan=\"1\" rowspan=\"1\">\n<div class=\"magic-16\"><span class=\"magic-17\">K\u00e4sity\u00f6<\/span><\/div>\n<\/td>\n<td colspan=\"1\" rowspan=\"1\">\n<div class=\"magic-18\"><span class=\"magic-17\">Laserkoodi\\UV-muste\\Sarjanumero\\Kohokuviointi\\L\u00e4mp\u00f6tulostus<\/span><\/div>\n<\/td>\n<\/tr>\n<tr>\n<td colspan=\"1\" rowspan=\"1\">\n<div class=\"magic-16\"><span class=\"magic-17\">Pinta<\/span><\/div>\n<\/td>\n<td colspan=\"1\" rowspan=\"1\">\n<div class=\"magic-18\"><span class=\"magic-17\">Kiilt\u00e4v\u00e4 \/ Matta\/ Himme\u00e4\/ L\u00e4pin\u00e4kyv\u00e4<\/span><\/div>\n<\/td>\n<\/tr>\n<tr>\n<td colspan=\"1\" rowspan=\"1\">\n<div class=\"magic-16\"><span class=\"magic-17\">Toiminto<\/span><\/div>\n<\/td>\n<td colspan=\"1\" rowspan=\"1\">\n<div class=\"magic-18\"><span class=\"magic-17\" data-spm-anchor-id=\"a2700.details.0.i40.7beebf0eKrXqHT\">NFC-sosiaalinen media, logistiikan hallinta, omaisuudenhallinta, toimitusketjun hallinta, ajoneuvojen hallinta, tuotannonohjaus, varastonhallinta, tuotehallinta, tuotevarmennus, omaisuuden seuranta, matkatavaroiden seuranta, varastonhallinta, maksu, rannenauha jne. Laminointi, Luotettava, sujuva tulostuspinta.<\/span><\/div>\n<\/td>\n<\/tr>\n<tr>\n<td colspan=\"1\" rowspan=\"1\">\n<div class=\"magic-16\"><span class=\"magic-17\">Vakiokokoisen kortin paino<\/span><\/div>\n<\/td>\n<td colspan=\"1\" rowspan=\"1\">\n<div class=\"magic-18\"><span class=\"magic-17\">120*120*4mm 0,058KG\/PCS\u00a0 \u00a0<\/span><\/p>\n<div data-spm-anchor-id=\"a2700.pc-decorate.0.i47.51c0333312LtHT\"><span class=\"magic-17\">Jokainen tarrapaketti Opp Transparent -pussilla,\u00a0\u00a0<\/span><\/div>\n<div data-spm-anchor-id=\"a2700.pc-decorate.0.i114.51c0333312LtHT\"><span class=\"magic-17\">320kpl\/sarjakuva<\/span><\/div>\n<\/div>\n<\/td>\n<\/tr>\n<\/tbody>\n<\/table>\n<h3 class=\"AnswerParser_AnswerParserH3__Mpe4s\">4. Mukauttaminen<\/h3>\n<p><span class=\"AnswerParser_TextContainer__z_Iiv\" data-testid=\"youchat-text\">Yksi Epoxy Menu NFC -tunnisteiden erottuvista ominaisuuksista on niiden mukautusominaisuudet. Yritykset voivat painaa logonsa, yksil\u00f6lliset tunnisteet ja jopa dynaamiset QR-koodit, jotka linkitt\u00e4v\u00e4t tiettyihin tarjouksiin tai valikoihin. T\u00e4m\u00e4 personoinnin taso ei ainoastaan lis\u00e4\u00e4 br\u00e4ndin n\u00e4kyvyytt\u00e4, vaan my\u00f6s sitouttaa asiakkaat ainutlaatuisella tavalla.<\/span><\/p>\n<h3 class=\"AnswerParser_AnswerParserH3__Mpe4s\">5. Sovellukset ravintola-alalla<\/h3>\n<p><span class=\"AnswerParser_TextContainer__z_Iiv\" data-testid=\"youchat-text\">Epoxy Menu NFC -tunnisteet sopivat t\u00e4ydellisesti erilaisiin sovelluksiin, mukaan lukien:<\/span><\/p>\n<ul class=\"AnswerParser_AnswerParserUnorderedList__P_1FW\">\n<li class=\"AnswerParser_ListItem__XqLOV\" translate=\"yes\"><strong>Digitaaliset valikot<\/strong>: Vieraat p\u00e4\u00e4sev\u00e4t valikkoon yksinkertaisesti napauttamalla \u00e4lypuhelintaan tunnistetta vasten tai skannaamalla QR-koodin, mik\u00e4 v\u00e4hent\u00e4\u00e4 fyysisten valikoiden tarvetta.<\/li>\n<li class=\"AnswerParser_ListItem__XqLOV\" translate=\"yes\"><strong>Nopea Checkout<\/strong>: Virtaviivaista maksuprosessia integroimalla maksulinkit suoraan NFC-tunnisteisiin.<\/li>\n<li class=\"AnswerParser_ListItem__XqLOV\" translate=\"yes\"><strong>Linkit sosiaaliseen mediaan<\/strong>: Kannusta asiakkaita jakamaan kokemuksiaan linkitt\u00e4m\u00e4ll\u00e4 sosiaalisen median sivuille tai arvostelualustoille.<\/li>\n<\/ul>\n<h3 class=\"AnswerParser_AnswerParserH3__Mpe4s\">6. Ymp\u00e4rist\u00f6vaikutukset<\/h3>\n<p><span class=\"AnswerParser_TextContainer__z_Iiv\" data-testid=\"youchat-text\">Epoxy Menu NFC -tunnisteiden k\u00e4ytt\u00e4minen voi v\u00e4hent\u00e4\u00e4 merkitt\u00e4v\u00e4sti perinteisiin valikoihin liittyv\u00e4\u00e4 paperih\u00e4vikki\u00e4. Valitsemalla digitaaliset ratkaisut yritykset edist\u00e4v\u00e4t ymp\u00e4rist\u00f6n kest\u00e4vyytt\u00e4 ja lis\u00e4\u00e4v\u00e4t samalla asiakkaiden mukavuutta.<\/span><\/p>\n<h3 class=\"AnswerParser_AnswerParserH3__Mpe4s\">7. Asiakkaiden arviot ja palaute<\/h3>\n<p><span class=\"AnswerParser_TextContainer__z_Iiv\" data-testid=\"youchat-text\">Asiakkaat ovat ylist\u00e4neet\u00a0<strong>Epoksivalikko NFC-tunnisteet<\/strong>\u00a0niiden kest\u00e4vyyden ja helppok\u00e4ytt\u00f6isyyden vuoksi. Monet ovat huomanneet, ett\u00e4 tunnisteet ovat parantaneet heid\u00e4n ruokailukokemustaan tarjoamalla nopean p\u00e4\u00e4syn ruokalistoihin ja lyhent\u00e4en odotusaikoja. Merkitt\u00e4v\u00e4n\u00e4 etuna on my\u00f6s nostettu mahdollisuus p\u00e4ivitt\u00e4\u00e4 valikkokohtia reaaliajassa.<\/span><\/p>\n<h3 class=\"AnswerParser_AnswerParserH3__Mpe4s\">8. Usein kysytyt kysymykset<\/h3>\n<p><span class=\"AnswerParser_TextContainer__z_Iiv\" data-testid=\"youchat-text\"><strong>K: Kuinka asennan Epoxy Menu NFC -tunnisteet?<\/strong><br \/>\nV: Irrota 3M-liiman tausta ja kiinnit\u00e4 etiketti puhtaaseen, kuivaan pintaan. Varmista, ett\u00e4 se on sijoitettu sellaiseen paikkaan, jossa asiakkaat p\u00e4\u00e4sev\u00e4t siihen helposti k\u00e4siksi.<\/span><span class=\"AnswerParser_TextContainer__z_Iiv\" data-testid=\"youchat-text\"><strong>K: Voinko p\u00e4ivitt\u00e4\u00e4 NFC-tunnisteiden tiedot?<\/strong><br \/>\nV: Kyll\u00e4! Tiedot voidaan p\u00e4ivitt\u00e4\u00e4 milloin tahansa, jolloin voit pit\u00e4\u00e4 valikkosi ajan tasalla ilman uusia tunnisteita.<\/span><span class=\"AnswerParser_TextContainer__z_Iiv\" data-testid=\"youchat-text\"><strong>K: Mik\u00e4 on v\u00e4himm\u00e4istilausm\u00e4\u00e4r\u00e4?<\/strong><br \/>\nV: Pienin tilausm\u00e4\u00e4r\u00e4 on 100 kappaletta, ja parempi hinta on saatavilla v\u00e4hint\u00e4\u00e4n 500 kappaleen tilauksille.<\/span><\/p>\n<h3 class=\"AnswerParser_AnswerParserH3__Mpe4s\">9. Miksi valita epoksivalikon NFC-tunnisteet?<\/h3>\n<p><span class=\"AnswerParser_TextContainer__z_Iiv\" data-testid=\"youchat-text\">Sijoittaminen\u00a0<strong>Epoksivalikko NFC-tunnisteet<\/strong>\u00a0tarkoittaa sijoittamista tulevaisuuteen, jossa asiakaskokemus on etusijalla. N\u00e4m\u00e4 tunnisteet eiv\u00e4t vain lis\u00e4\u00e4 toiminnan tehokkuutta, vaan tarjoavat my\u00f6s modernin kosketuksen perinteisiin ruokailukokemuksiin. Vankkaiden ominaisuuksiensa ja muokattavissa olevien vaihtoehtojensa ansiosta ne ovat olennainen ty\u00f6kalu kaikille yrityksille, jotka haluavat pysy\u00e4 edell\u00e4 kilpailluilla majoitusmarkkinoilla.<\/span><\/p>\n<h3 class=\"AnswerParser_AnswerParserH3__Mpe4s\">10. Aloita jo t\u00e4n\u00e4\u00e4n!<\/h3>\n<p><span class=\"AnswerParser_TextContainer__z_Iiv\" data-testid=\"youchat-text\">Oletko valmis parantamaan ruokailukokemustasi?\u00a0<strong>Ota meihin yhteytt\u00e4 jo t\u00e4n\u00e4\u00e4n<\/strong>\u00a0Pyyd\u00e4 ilmainen varaston\u00e4yte Epoxy Menu NFC -tunnisteistamme ja n\u00e4e ero itse. Sitoutumisemme laatuun ja asiakastyytyv\u00e4isyyteen olemme t\u00e4\u00e4ll\u00e4 auttamassa sinua kaikissa vaiheissa.<\/span><\/p>","protected":false},"excerpt":{"rendered":"<p>Uudista ruokailua Epoxy Menu NFC -tunnisteilla! Salli nopea menun k\u00e4ytt\u00f6 ja tilaukset \u00e4lypuhelimien kautta, mik\u00e4 parantaa vieraiden kokemusta ja optimoi ravintolatoimintoja.<\/p>","protected":false},"featured_media":2800,"template":"","meta":{"_kad_post_transparent":"default","_kad_post_title":"","_kad_post_layout":"default","_kad_post_sidebar_id":"","_kad_post_content_style":"default","_kad_post_vertical_padding":"default","_kad_post_feature":"","_kad_post_feature_position":"","_kad_post_header":false,"_kad_post_footer":false,"_kad_post_classname":""},"product_brand":[],"product_cat":[54],"product_tag":[277,333,217,332,331],"class_list":{"0":"post-2742","1":"product","2":"type-product","3":"status-publish","4":"has-post-thumbnail","6":"product_cat-hot-selling-rfid-tags","7":"product_tag-menu-nfc-tags","8":"product_tag-nfc-epoxy-sticker","9":"product_tag-nfc-tags","10":"product_tag-restaurant-desk-nfc-menu-tag","11":"product_tag-table-nfc-tags","13":"first","14":"instock","15":"shipping-taxable","16":"product-type-simple","17":"entry","18":"content-bg","19":"loop-entry"},"_links":{"self":[{"href":"https:\/\/rfid-laundry-tag.com\/fi\/wp-json\/wp\/v2\/product\/2742","targetHints":{"allow":["GET"]}}],"collection":[{"href":"https:\/\/rfid-laundry-tag.com\/fi\/wp-json\/wp\/v2\/product"}],"about":[{"href":"https:\/\/rfid-laundry-tag.com\/fi\/wp-json\/wp\/v2\/types\/product"}],"version-history":[{"count":1,"href":"https:\/\/rfid-laundry-tag.com\/fi\/wp-json\/wp\/v2\/product\/2742\/revisions"}],"predecessor-version":[{"id":2801,"href":"https:\/\/rfid-laundry-tag.com\/fi\/wp-json\/wp\/v2\/product\/2742\/revisions\/2801"}],"wp:featuredmedia":[{"embeddable":true,"href":"https:\/\/rfid-laundry-tag.com\/fi\/wp-json\/wp\/v2\/media\/2800"}],"wp:attachment":[{"href":"https:\/\/rfid-laundry-tag.com\/fi\/wp-json\/wp\/v2\/media?parent=2742"}],"wp:term":[{"taxonomy":"product_brand","embeddable":true,"href":"https:\/\/rfid-laundry-tag.com\/fi\/wp-json\/wp\/v2\/product_brand?post=2742"},{"taxonomy":"product_cat","embeddable":true,"href":"https:\/\/rfid-laundry-tag.com\/fi\/wp-json\/wp\/v2\/product_cat?post=2742"},{"taxonomy":"product_tag","embeddable":true,"href":"https:\/\/rfid-laundry-tag.com\/fi\/wp-json\/wp\/v2\/product_tag?post=2742"}],"curies":[{"name":"wp","href":"https:\/\/api.w.org\/{rel}","templated":true}]}}