{"id":2714,"date":"2024-09-28T14:57:16","date_gmt":"2024-09-28T14:57:16","guid":{"rendered":"https:\/\/rfid-laundry-tag.com\/?post_type=product&#038;p=2714"},"modified":"2024-09-28T15:13:47","modified_gmt":"2024-09-28T15:13:47","slug":"custom-laundry-rfid-tag","status":"publish","type":"product","link":"https:\/\/rfid-laundry-tag.com\/fi\/custom-laundry-rfid-tag\/","title":{"rendered":"Mukautettu pesula RFID-tunniste"},"content":{"rendered":"<div>\n<div class=\"auto-hide-last-sibling-br paragraph_1252f paragraph-element\">\n<table width=\"637\">\n<tbody>\n<tr>\n<td width=\"328\">Tuotteen nimi:<\/td>\n<td width=\"309\"><strong>Mukautettu pesula RFID-tunniste<\/strong><\/td>\n<\/tr>\n<tr>\n<td width=\"328\">RFID-standardi:<\/td>\n<td width=\"309\">ISO\/IEC 18000-6 TypeC (EPC Gen2)<\/td>\n<\/tr>\n<tr>\n<td width=\"328\">Koko ja paino:<\/td>\n<td width=\"309\">70 \u00d7 15 mm, 0,6 g<\/td>\n<\/tr>\n<tr>\n<td width=\"328\">Sirun tyyppi:<\/td>\n<td width=\"309\">Impinj Monza 4QT, NXP U CODE 8, NXP U CODE 9<\/td>\n<\/tr>\n<tr>\n<td width=\"328\">EPC-muisti:<\/td>\n<td width=\"309\">128 bitti\u00e4<\/td>\n<\/tr>\n<tr>\n<td width=\"328\">K\u00e4ytt\u00e4j\u00e4n muisti:<\/td>\n<td width=\"309\">512 bitti\u00e4<\/td>\n<\/tr>\n<tr>\n<td width=\"328\">Lukualue (2W ERP FCC):<\/td>\n<td width=\"309\">8 m<\/td>\n<\/tr>\n<tr>\n<td width=\"328\">Lukualue (2W ERP ETSI):<\/td>\n<td width=\"309\">8 m<\/td>\n<\/tr>\n<tr>\n<td width=\"328\">Tunnisteet:<\/td>\n<td width=\"309\">Ompelu, kuumaleimausliima<\/td>\n<\/tr>\n<tr>\n<td width=\"328\">Arvioitu k\u00e4ytt\u00f6ik\u00e4:<\/td>\n<td width=\"309\">200 pesujaksoa tai 3 vuotta sen mukaan, kumpi tulee ensin<\/td>\n<\/tr>\n<tr>\n<td width=\"328\">Pesumenetelm\u00e4:<\/td>\n<td width=\"309\">Pesula, Kemiallinen pesu<\/td>\n<\/tr>\n<tr>\n<td width=\"328\">Vedenpoistopaine:<\/td>\n<td width=\"309\">60 bar<\/td>\n<\/tr>\n<tr>\n<td width=\"328\">Vedenkest\u00e4vyys:<\/td>\n<td width=\"309\">Vedenkest\u00e4v\u00e4<\/td>\n<\/tr>\n<tr>\n<td width=\"328\">Kemiallinen resistanssi:<\/td>\n<td width=\"309\">Pesuaine, huuhteluaine, valkaisuaine (happi\/kloori), alkali<\/td>\n<\/tr>\n<tr>\n<td width=\"328\">Esikuivaus Tumblerissa:<\/td>\n<td width=\"309\">125 \u00baC 15-20 minuuttia<\/td>\n<\/tr>\n<tr>\n<td width=\"328\">Sterilointil\u00e4mp\u00f6tila:<\/td>\n<td width=\"309\">135\u00b0C 15-20 minuuttia<\/td>\n<\/tr>\n<tr>\n<td width=\"328\">Pesul\u00e4mp\u00f6tila:<\/td>\n<td width=\"309\">90\u00b0C, jopa 15 min.<\/td>\n<\/tr>\n<tr>\n<td width=\"328\">Kosteus\/l\u00e4mp\u00f6tila-k\u00e4ytt\u00f6:<\/td>\n<td width=\"309\">-20 - 110 \u00b0C, 8 - 95%RH<\/td>\n<\/tr>\n<tr>\n<td width=\"328\">Kosteus\/l\u00e4mp\u00f6tila-varastointi:<\/td>\n<td width=\"309\">-40 - 110 \u00b0C, 8 - 95%RH<\/td>\n<\/tr>\n<\/tbody>\n<\/table>\n<\/div>\n<\/div>\n<div class=\"auto-hide-last-sibling-br paragraph_1252f paragraph-element\">\n<h2 class=\"AnswerParser_AnswerParserH2__SIHnF\">Miksi valita mukautettu pyykin RFID-tunniste?<\/h2>\n<p><span class=\"AnswerParser_TextContainer__z_Iiv\" data-testid=\"youchat-text\">Sijoittaminen a\u00a0<strong>mukautettu pyykin RFID-tunniste<\/strong>\u00a0parantaa toiminnan tehokkuutta, v\u00e4hent\u00e4\u00e4 h\u00e4vi\u00f6it\u00e4 ja parantaa varastonhallintaa. Automatisoimalla seurantaprosessin yritykset voivat s\u00e4\u00e4st\u00e4\u00e4 aikaa ja resursseja ja varmistaa samalla tekstiilituotteiden tarkan kirjaamisen. N\u00e4iden tunnisteiden kest\u00e4vyys ja kemikaalien kest\u00e4vyys tekev\u00e4t niist\u00e4 ihanteellisia erilaisiin pesuymp\u00e4rist\u00f6ihin ja tarjoavat k\u00e4ytt\u00e4jille mielenrauhaa.<\/span><\/p>\n<h2 class=\"AnswerParser_AnswerParserH2__SIHnF\">Custom Laundry RFID -tunnisteen ominaisuudet<\/h2>\n<h3 class=\"AnswerParser_AnswerParserH3__Mpe4s\">1. Kest\u00e4v\u00e4 ja pest\u00e4v\u00e4 muotoilu<\/h3>\n<p><span class=\"AnswerParser_TextContainer__z_Iiv\" data-testid=\"youchat-text\">The\u00a0<strong>mukautettu pyykin RFID-tunniste<\/strong>\u00a0on erityisesti suunniteltu kest\u00e4m\u00e4\u00e4n kaupallisen pesun ankaruutta. Se on kooltaan 70 \u00d7 15 mm ja painaa vain 0,6 g, joten se on kevyt, mutta riitt\u00e4v\u00e4n kest\u00e4v\u00e4 kest\u00e4\u00e4kseen jopa 200 pesukertaa tai kolme vuotta k\u00e4ytt\u00f6\u00e4. Valmistettu vedenpit\u00e4vist\u00e4 ja kemikaaleja kest\u00e4vist\u00e4 materiaaleista, t\u00e4m\u00e4 merkki selvi\u00e4\u00e4 ankarissa ymp\u00e4rist\u00f6iss\u00e4, mukaan lukien pesu-, huuhtelu- ja valkaisuaineille altistuminen.<\/span><\/p>\n<h3 class=\"AnswerParser_AnswerParserH3__Mpe4s\">2. Kehittynyt RFID-tekniikka<\/h3>\n<p><span class=\"AnswerParser_TextContainer__z_Iiv\" data-testid=\"youchat-text\">T\u00e4m\u00e4 toimii ISO\/IEC 18000-6 Type C (EPC Gen2) -standardin mukaisesti\u00a0<strong>RFID-pesutunniste<\/strong>\u00a0siin\u00e4 on vaikuttava 8 metrin lukualue, mik\u00e4 tekee pyykkien j\u00e4ljitt\u00e4misest\u00e4 helppoa ilman suoraa n\u00e4k\u00f6yhteytt\u00e4. Edistyneet sirutyypit, mukaan lukien Impinj Monza 4QT ja NXP U CODE 8\/9, mahdollistavat tehokkaan tiedonsiirron ja luotettavan suorituskyvyn my\u00f6s haastavissa olosuhteissa.<\/span><\/p>\n<h3 class=\"AnswerParser_AnswerParserH3__Mpe4s\">3. Monipuoliset merkint\u00e4vaihtoehdot<\/h3>\n<p><span class=\"AnswerParser_TextContainer__z_Iiv\" data-testid=\"youchat-text\">The\u00a0<strong>mukautettu pyykin RFID-tunniste<\/strong>\u00a0tarjoaa joustavia merkint\u00e4ratkaisuja, mukaan lukien ompelu- ja kuumaleimausliimamenetelm\u00e4t. T\u00e4m\u00e4 monipuolisuus mahdollistaa helpon integroinnin erilaisiin tekstiilituotteisiin, mik\u00e4 varmistaa, ett\u00e4 etiketit pysyv\u00e4t tukevasti kiinni koko elinkaarensa ajan.<\/span><\/p>\n<h3 class=\"AnswerParser_AnswerParserH3__Mpe4s\">4. Kemiallinen ja l\u00e4mp\u00f6tilankesto<\/h3>\n<p><span class=\"AnswerParser_TextContainer__z_Iiv\" data-testid=\"youchat-text\">Suunniteltu kest\u00e4m\u00e4\u00e4n korkeita l\u00e4mp\u00f6tiloja,\u00a0<strong>RFID-tunniste<\/strong>\u00a0kest\u00e4\u00e4 pesun jopa 90\u00b0C:ssa 15 minuuttia ja steriloinnin 135\u00b0C:ssa 15-20 minuuttia. 60 baarin vedenpoistopaineella n\u00e4m\u00e4 tunnisteet on valmistettu kest\u00e4m\u00e4\u00e4n vaativia pesuymp\u00e4rist\u00f6j\u00e4, joten ne sopivat teollisiin pyykinpesusovelluksiin.<\/span><\/p>\n<h3 class=\"AnswerParser_AnswerParserH3__Mpe4s\">5. Tehostettu varastonhallinta<\/h3>\n<p><span class=\"AnswerParser_TextContainer__z_Iiv\" data-testid=\"youchat-text\">Hy\u00f6dynt\u00e4m\u00e4ll\u00e4\u00a0<strong>RFID pyykin seuranta<\/strong>\u00a0teknologian avulla yritykset voivat virtaviivaistaa pesulatoimintaansa. Tunnisteet helpottavat tehokasta varastonhallintaa, est\u00e4v\u00e4t tappioita ja varmistavat, ett\u00e4 kaikki tuotteet on kirjattu. T\u00e4m\u00e4n tason seuranta on v\u00e4ltt\u00e4m\u00e4t\u00f6nt\u00e4 terveydenhuoltolaitoksille, hotelleille ja muille organisaatioille, joissa on paljon pyykki\u00e4.<\/span><\/p>\n<h3 class=\"AnswerParser_AnswerParserH3__Mpe4s\">6. Ymp\u00e4rist\u00f6vaikutukset<\/h3>\n<p><span class=\"AnswerParser_TextContainer__z_Iiv\" data-testid=\"youchat-text\">The\u00a0<strong>mukautettu pyykin RFID-tunniste<\/strong>\u00a0ei ole vain kest\u00e4v\u00e4, vaan my\u00f6s ymp\u00e4rist\u00f6yst\u00e4v\u00e4llinen. V\u00e4hent\u00e4m\u00e4ll\u00e4 manuaalisen seurannan tarvetta ja minimoimalla tekstiilien h\u00e4vikki\u00e4 n\u00e4m\u00e4 tunnisteet edist\u00e4v\u00e4t kest\u00e4v\u00e4mpi\u00e4 pyykinpesuk\u00e4yt\u00e4nt\u00f6j\u00e4. RFID-tekniikan k\u00e4ytt\u00f6\u00f6notto voi v\u00e4hent\u00e4\u00e4 j\u00e4tett\u00e4 ja parantaa kierr\u00e4tysponnisteluja.<\/span><\/div>\n<div><\/div>\n<div>\n<h2 class=\"AnswerParser_AnswerParserH2__SIHnF\">K\u00e4ytt\u00f6ohjeet<\/h2>\n<ol class=\"AnswerParser_AnswerParserOrderedList__kl_2Y\">\n<li class=\"AnswerParser_ListItem__XqLOV\" translate=\"yes\"><strong>Merkint\u00e4<\/strong>: Valitse haluamasi merkint\u00e4tapa (ompelu tai kuumaleimaus) kiinnitt\u00e4\u00e4ksesi RFID-tunnisteen turvallisesti vaatteeseesi tai pellavaasi.<\/li>\n<li class=\"AnswerParser_ListItem__XqLOV\" translate=\"yes\"><strong>Pesu<\/strong>: Noudata pesuohjeita ja varmista, ett\u00e4 etiketti altistuu suositelluille l\u00e4mp\u00f6tiloille ja kemiallisille asetuksille.<\/li>\n<li class=\"AnswerParser_ListItem__XqLOV\" translate=\"yes\"><strong>Seuranta<\/strong>: K\u00e4yt\u00e4 RFID-lukijaa pyykkivaraston seurantaan ja hallintaan tehokkaasti, mik\u00e4 varmistaa tarkat tiedot ja minimoi h\u00e4vi\u00f6t.<\/li>\n<\/ol>\n<h2 class=\"AnswerParser_AnswerParserH2__SIHnF\">Asiakkaiden arvostelut<\/h2>\n<p><span class=\"AnswerParser_TextContainer__z_Iiv\" data-testid=\"youchat-text\">&quot;K\u00e4ytt\u00e4m\u00e4ll\u00e4\u00a0<strong>mukautettu pyykin RFID-tunniste<\/strong>\u00a0on muuttanut pesulatoimintaamme. Pystymme j\u00e4ljitt\u00e4m\u00e4\u00e4n liinavaatteitamme saumattomasti ja olemme havainneet tappioiden huomattavaa v\u00e4henemist\u00e4.&quot; \u2013 Sarah, hotellip\u00e4\u00e4llikk\u00f6<\/span><span class=\"AnswerParser_TextContainer__z_Iiv\" data-testid=\"youchat-text\">\u201dT\u00e4m\u00e4 RFID-ratkaisu on kest\u00e4v\u00e4 ja kest\u00e4\u00e4 teollisuuden pesuprosessimme ongelmitta. Suosittelen l\u00e4mpim\u00e4sti!\u201d \u2013 Mark, toimintajohtaja<\/span><\/p>\n<h2 class=\"AnswerParser_AnswerParserH2__SIHnF\">Usein kysytyt kysymykset (FAQ)<\/h2>\n<p><span class=\"AnswerParser_TextContainer__z_Iiv\" data-testid=\"youchat-text\"><strong>K: Kuinka kauan RFID-tunniste kest\u00e4\u00e4?<\/strong><br \/>\nV:\u00a0<strong>mukautettu pyykin RFID-tunniste<\/strong>\u00a0on suunniteltu kest\u00e4m\u00e4\u00e4n jopa 200 pesukertaa tai kolme vuotta sen mukaan, kumpi tulee ensin.<\/span><\/div>\n<div><span class=\"AnswerParser_TextContainer__z_Iiv\" data-testid=\"youchat-text\"><strong>K: Kest\u00e4\u00e4k\u00f6 tunniste korkeita l\u00e4mp\u00f6tiloja?<\/strong><br \/>\nV: Kyll\u00e4, etiketti on suunniteltu kest\u00e4m\u00e4\u00e4n pesul\u00e4mp\u00f6tilaa jopa 90 \u00b0C ja sterilointil\u00e4mp\u00f6tilaa 135 \u00b0C.<\/span><\/div>\n<div><span class=\"AnswerParser_TextContainer__z_Iiv\" data-testid=\"youchat-text\"><strong>K: Kuinka kiinnit\u00e4n RFID-tunnisteen tekstiileihini?<\/strong><br \/>\nV: Tunniste voidaan ommella kankaaseen tai kiinnitt\u00e4\u00e4 kuumaleimausliimalla mieltymystesi mukaan.<\/span><\/div>\n<div><span class=\"AnswerParser_TextContainer__z_Iiv\" data-testid=\"youchat-text\"><strong>K: Onko RFID-tunniste vedenpit\u00e4v\u00e4?<\/strong><br \/>\nV: Kyll\u00e4, merkki on vedenpit\u00e4v\u00e4 ja kest\u00e4\u00e4 altistuksen erilaisille kemikaaleille ja pesuolosuhteille.<\/span><\/p>\n<h3 class=\"AnswerParser_AnswerParserH3__Mpe4s\">Liittyv\u00e4t tuotteet<\/h3>\n<ul class=\"AnswerParser_AnswerParserUnorderedList__P_1FW\">\n<li class=\"AnswerParser_ListItem__XqLOV\" translate=\"yes\"><strong>RFID pellavatunnisteet<\/strong>: Ihanteellinen liinavaatteiden seurantaan hotelleissa ja terveydenhuoltolaitoksissa.<\/li>\n<li class=\"AnswerParser_ListItem__XqLOV\" translate=\"yes\"><strong>Pest\u00e4v\u00e4t RFID-tunnisteet<\/strong>: T\u00e4ydellinen vaatteille, jotka vaativat usein pesua ja seurantaa.<\/li>\n<li class=\"AnswerParser_ListItem__XqLOV\" translate=\"yes\"><strong>Teollisuuden pesularatkaisut<\/strong>: R\u00e4\u00e4t\u00e4l\u00f6idyt RFID-ratkaisut suurien pesum\u00e4\u00e4rien pesuun.<\/li>\n<\/ul>\n<\/div>\n<div data-spm-anchor-id=\"a2700.details.0.i57.23b419c7xXORP0\">\n<div class=\"auto-hide-last-sibling-br paragraph_1252f paragraph-element\"><\/div>\n<\/div>\n<div class=\"auto-hide-last-sibling-br paragraph_1252f paragraph-element\"><\/div>","protected":false},"excerpt":{"rendered":"<p>Merkitse vaatteesi turvallisesti kest\u00e4vill\u00e4 <strong>Pesujen RFID-tunnisteet<\/strong>, suunniteltu korkeille l\u00e4mp\u00f6tiloille, vedenpit\u00e4v\u00e4 ja ihanteellinen tehokkaaseen pyykin seurantaan.<\/p>","protected":false},"featured_media":2715,"template":"","meta":{"_kad_post_transparent":"default","_kad_post_title":"","_kad_post_layout":"default","_kad_post_sidebar_id":"","_kad_post_content_style":"default","_kad_post_vertical_padding":"default","_kad_post_feature":"","_kad_post_feature_position":"","_kad_post_header":false,"_kad_post_footer":false,"_kad_post_classname":""},"product_brand":[],"product_cat":[19],"product_tag":[315,297,31,30],"class_list":{"0":"post-2714","1":"product","2":"type-product","3":"status-publish","4":"has-post-thumbnail","6":"product_cat-textile-rfid-laundry-tag","7":"product_tag-custom-laundry-rfid-tag","8":"product_tag-rfid-chips-for-uniform","9":"product_tag-rfid-tag-for-linen-laundry","10":"product_tag-uhf-rfid-laundry-tag","12":"first","13":"instock","14":"featured","15":"shipping-taxable","16":"product-type-simple","17":"entry","18":"content-bg","19":"loop-entry"},"_links":{"self":[{"href":"https:\/\/rfid-laundry-tag.com\/fi\/wp-json\/wp\/v2\/product\/2714","targetHints":{"allow":["GET"]}}],"collection":[{"href":"https:\/\/rfid-laundry-tag.com\/fi\/wp-json\/wp\/v2\/product"}],"about":[{"href":"https:\/\/rfid-laundry-tag.com\/fi\/wp-json\/wp\/v2\/types\/product"}],"version-history":[{"count":1,"href":"https:\/\/rfid-laundry-tag.com\/fi\/wp-json\/wp\/v2\/product\/2714\/revisions"}],"predecessor-version":[{"id":2716,"href":"https:\/\/rfid-laundry-tag.com\/fi\/wp-json\/wp\/v2\/product\/2714\/revisions\/2716"}],"wp:featuredmedia":[{"embeddable":true,"href":"https:\/\/rfid-laundry-tag.com\/fi\/wp-json\/wp\/v2\/media\/2715"}],"wp:attachment":[{"href":"https:\/\/rfid-laundry-tag.com\/fi\/wp-json\/wp\/v2\/media?parent=2714"}],"wp:term":[{"taxonomy":"product_brand","embeddable":true,"href":"https:\/\/rfid-laundry-tag.com\/fi\/wp-json\/wp\/v2\/product_brand?post=2714"},{"taxonomy":"product_cat","embeddable":true,"href":"https:\/\/rfid-laundry-tag.com\/fi\/wp-json\/wp\/v2\/product_cat?post=2714"},{"taxonomy":"product_tag","embeddable":true,"href":"https:\/\/rfid-laundry-tag.com\/fi\/wp-json\/wp\/v2\/product_tag?post=2714"}],"curies":[{"name":"wp","href":"https:\/\/api.w.org\/{rel}","templated":true}]}}