{"id":2689,"date":"2024-09-26T09:32:20","date_gmt":"2024-09-26T09:32:20","guid":{"rendered":"https:\/\/rfid-laundry-tag.com\/?post_type=product&#038;p=2689"},"modified":"2024-09-26T14:30:31","modified_gmt":"2024-09-26T14:30:31","slug":"rfid-nfc-mifare-desfire-inlay","status":"publish","type":"product","link":"https:\/\/rfid-laundry-tag.com\/fi\/rfid-nfc-mifare-desfire-inlay\/","title":{"rendered":"RFID NFC MIFARE Desfire INLAY"},"content":{"rendered":"<h1>RFID NFC MIFARE Desfire INLAY<\/h1>\n<p>The<strong> RFID NFC MIFARE Desfire INLAY<\/strong>\u00a0on edistyksellinen ratkaisu, joka on suunniteltu sovelluksiin, jotka vaativat vankkaa turvallisuutta ja poikkeuksellista suorituskyky\u00e4. Sis\u00e4\u00e4nrakennetun RFID-sirun ja mukautettavien ominaisuuksiensa ansiosta t\u00e4m\u00e4 inlay tarjoaa saumattoman kokemuksen eri k\u00e4ytt\u00f6tarkoituksiin - kulunvalvonnasta maksuj\u00e4rjestelmiin. Olitpa yritys, joka haluaa p\u00e4ivitt\u00e4\u00e4 tunnistusmenetelmi\u00e4si, tai yksityishenkil\u00f6, joka etsii turvallisia tapahtumia, MIFARE DESFire -upotteet ovat vakuuttava valinta.<\/p>\n<h3>MIFARE_DESFIRE EV2 2K\/4k\/8K:n ominaisuudet<\/h3>\n<div id=\"featuresXsp\" class=\"features-list toggle-opacity in\">\n<div class=\"features-xsp\">\n<div class=\"collapse-mobile ste-list\">\n<h3>RF-liit\u00e4nt\u00e4: ISO\/IEC 14443 Type A<\/h3>\n<ul class=\"boxes\">\n<li>ISO\/IEC 14443-2\/3 A:n mukainen kontaktiton liit\u00e4nt\u00e4<\/li>\n<li>Matala Hmin mahdollistaa jopa 100 mm:n toimintaet\u00e4isyyden (riippuen PCD:n ja antennin geometriasta)<\/li>\n<li>Nopea tiedonsiirto: 106 kbit\/s, 212 kbit\/s, 424 kbit\/s, 848 kbit\/s<\/li>\n<li>7 tavun yksil\u00f6llinen tunniste (valinnainen satunnaistunnukselle)<\/li>\n<li>K\u00e4ytt\u00e4\u00e4 ISO\/IEC 14443-4 -siirtoprotokollaa<\/li>\n<li>Konfiguroitava FSCI tukemaan jopa 128 tavun kehyskokoa (uusi)<\/li>\n<\/ul>\n<\/div>\n<div class=\"collapse-mobile ste-list\">\n<h3>Haihtumaton muisti<\/h3>\n<ul class=\"boxes\">\n<li>2 kt, 4 kt, 8 kt, 16 kt tai 32 kt NV<\/li>\n<li>Tietojen s\u00e4ilytysaika 25 vuotta<\/li>\n<li>Kirjoita kest\u00e4vyys tyypillisesti 500 000 sykli\u00e4<\/li>\n<li>Nopeat ohjelmointijaksot (pyyhi\/kirjoita)<\/li>\n<\/ul>\n<\/div>\n<div class=\"collapse-mobile ste-list\">\n<h3>NV-muistiorganisaatio<\/h3>\n<ul class=\"boxes\">\n<li>Joustava tiedostoj\u00e4rjestelm\u00e4: k\u00e4ytt\u00e4j\u00e4 voi vapaasti m\u00e4\u00e4ritell\u00e4 sovellusrakenteet PICC:ss\u00e4<\/li>\n<li>K\u00e4yt\u00e4nn\u00f6ss\u00e4 ei rajoituksia sovellusten m\u00e4\u00e4r\u00e4lle PICC:t\u00e4 kohden (uusi)<\/li>\n<li>Jopa 32 tiedostoa kussakin sovelluksessa (6 tiedostotyyppi\u00e4 saatavilla: vakiodatatiedosto, varmuuskopiointitiedosto, arvotiedosto, lineaarinen tietuetiedosto, syklinen tietuetiedosto ja tapahtuman MAC-tiedosto)<\/li>\n<li>Tiedoston koko m\u00e4\u00e4ritet\u00e4\u00e4n luonnin aikana (ei tapahtuman MAC-tiedostolle)<\/li>\n<\/ul>\n<\/div>\n<\/div>\n<\/div>\n<h2>RFID NFC MIFARE Desfire INLAY:n t\u00e4rkeimm\u00e4t edut<\/h2>\n<p>MIFARE DESFire <a href=\"https:\/\/rfid-laundry-tag.com\/fi\/rfid-inlay\/\">RFID-inlayt<\/a> eiv\u00e4t ole vain tarroja; ne edustavat askelta tulevaisuuteen, jossa tehokkuus, joustavuus ja turvallisuus ovat rinnakkain. N\u00e4m\u00e4 upotteet voidaan r\u00e4\u00e4t\u00e4l\u00f6id\u00e4 vastaamaan erityistarpeitasi, ja ne esittelev\u00e4t tuotemerkki\u00e4si ja tarjoavat parannettuja toimintoja. MIFARE DESFire -alustan monipuolisuus mahdollistaa sovellukset kosketuksettomista maksuista turvallisiin kulunvalvontaj\u00e4rjestelmiin.<\/p>\n<h3>MIFARE DESFire RFID Inlayn ominaisuudet<\/h3>\n<p>MIFARE DESFire <a href=\"https:\/\/rfid-laundry-tag.com\/fi\/rfid-inlay\/\">RFID Inlay<\/a> tarjoaa lukuisia ominaisuuksia, jotka tekev\u00e4t siit\u00e4 olennaisen ty\u00f6kalun nykyaikaisissa RFID-sovelluksissa. T\u00e4m\u00e4 sis\u00e4lt\u00e4\u00e4 yhteensopivuuden NFC-yhteensopivien laitteiden kanssa, useita datakapasiteettia (jopa 32k) ja turvalliset salausstandardit, jotka suojaavat k\u00e4ytt\u00e4j\u00e4tietoja.<\/p>\n<h3>MIFARE DESFire -teknologian voima<\/h3>\n<p>MIFARE DESFire -teknologia on RFID-alan eturintamassa, joka tunnetaan tehokkuudestaan tiedonsiirrossa ja turvallisuudesta. Alusta noudattaa Common Criteria EAL5+ -turvasertifikaattia, mik\u00e4 tekee siit\u00e4 luotettavan herkiss\u00e4 sovelluksissa, kuten pankkikortit ja s\u00e4hk\u00f6iset passit.<\/p>\n<h3>RFID-inlayiden monipuoliset sovellukset<\/h3>\n<p>MIFARE DESFiren mukautusvaihtoehdot <a href=\"https:\/\/rfid-laundry-tag.com\/fi\/rfid-inlay\/\">RFID-inlayt<\/a> ovat laajoja. Smart City -palveluista kanta-asiakasohjelmiin ja k\u00e4teismaksuratkaisuihin toiminnot on r\u00e4\u00e4t\u00e4l\u00f6ity vastaamaan modernin teknologian vaatimuksia.<\/p>\n<h3>R\u00e4\u00e4t\u00e4l\u00f6intivaihtoehdot yrityksellesi<\/h3>\n<p>MIFARE DESFiren kanssa <a href=\"https:\/\/rfid-laundry-tag.com\/fi\/rfid-inlay\/\">RFID-inlayt<\/a>, voit muokata kaikkea muotoa ja kokoa painettuihin logoihin ja sarjanumeroihin. T\u00e4m\u00e4 joustavuus lis\u00e4\u00e4 br\u00e4ndin n\u00e4kyvyytt\u00e4 ja tarjoaa ainutlaatuisen k\u00e4ytt\u00f6kokemuksen, joka on r\u00e4\u00e4t\u00e4l\u00f6ity tiettyihin liiketoiminnan tarpeisiin.<\/p>\n<h3>Parannetut suojausominaisuudet<\/h3>\n<p>MIFARE DESFire RFID Inlays -sis\u00e4\u00e4n upotetut turvatoimenpiteet ovat vertaansa vailla. Keskin\u00e4isen kolmivaiheisen todennuksen ja tiedonsiirron AES-salauksen ansiosta k\u00e4ytt\u00e4j\u00e4t voivat olla varmoja siit\u00e4, ett\u00e4 heid\u00e4n tietonsa pysyv\u00e4t yksityisin\u00e4 ja turvallisina.<\/p>\n<h3>Ymp\u00e4rist\u00f6yst\u00e4v\u00e4llisi\u00e4 huomioita<\/h3>\n<p>Koska RFID-teknologia kattaa kest\u00e4v\u00e4n kehityksen, MIFARE DESFire Inlays voidaan valmistaa ymp\u00e4rist\u00f6yst\u00e4v\u00e4llisist\u00e4 materiaaleista. T\u00e4m\u00e4 ei ainoastaan v\u00e4henn\u00e4 ymp\u00e4rist\u00f6vaikutuksia, vaan my\u00f6s yhdenmukaistaa yrityksesi nykyaikaisten kuluttajaarvojen kanssa.<\/p>\n<h3>Tekniset tiedot yhdell\u00e4 silm\u00e4yksell\u00e4<\/h3>\n<div>\n<div class=\"overflow-x-auto custom-scrollbar custom-scrollbar-wide mb-2\">\n<table class=\"w-fit !mb-2 !max-w-none\">\n<thead>\n<tr>\n<th style=\"text-align: left;\"><strong>Erittely<\/strong><\/th>\n<th style=\"text-align: left;\"><strong>Kuvaus<\/strong><\/th>\n<\/tr>\n<\/thead>\n<tbody>\n<tr>\n<td><strong>RF-liit\u00e4nt\u00e4<\/strong><\/td>\n<td>ISO\/IEC 14443 tyyppi A<\/td>\n<\/tr>\n<tr>\n<td><strong>Toimintaet\u00e4isyys<\/strong><\/td>\n<td>Jopa 100 mm<\/td>\n<\/tr>\n<tr>\n<td><strong>Tiedonsiirtonopeudet<\/strong><\/td>\n<td>106 kbit\/s - 848 kbit\/s<\/td>\n<\/tr>\n<tr>\n<td><strong>Muistin asetukset<\/strong><\/td>\n<td>2k, 4k, 8k, 16k tai 32k NV<\/td>\n<\/tr>\n<tr>\n<td><strong>Yksil\u00f6llinen tunniste<\/strong><\/td>\n<td>7 tavua Random ID -vaihtoehdolla<\/td>\n<\/tr>\n<tr>\n<td><strong>Turvallisuussertifikaatti<\/strong><\/td>\n<td>Yleiset kriteerit EAL5+<\/td>\n<\/tr>\n<\/tbody>\n<\/table>\n<\/div>\n<\/div>\n<h3>Asiakkaiden suosittelut<\/h3>\n<p>Asiakkaat eri toimialoilta ovat ylist\u00e4neet MIFARE DESFire -urakoita niiden suorituskyvyst\u00e4 ja luotettavuudesta. Palaute korostaa integroinnin helppoutta, toiminnan tehokkuutta ja yleist\u00e4 tyytyv\u00e4isyytt\u00e4 turvaominaisuuksiin.<\/p>\n<h3>Usein kysytyt kysymykset (FAQ)<\/h3>\n<p><strong>Mik\u00e4 on MIFARE DESFire -upotusten enimm\u00e4ismuistin koko?<\/strong><\/p>\n<ul>\n<li style=\"list-style-type: none;\">\n<ul>\n<li>Muistin enimm\u00e4iskoko on 32 kt.<\/li>\n<\/ul>\n<\/li>\n<\/ul>\n<p><strong>Ovatko n\u00e4m\u00e4 upotteet yhteensopivia olemassa olevien NFC-lukijoiden kanssa?<\/strong><\/p>\n<ul>\n<li style=\"list-style-type: none;\">\n<ul>\n<li>Kyll\u00e4, ne ovat t\u00e4ysin yhteensopivia olemassa olevan NFC-lukijainfrastruktuurin kanssa.<\/li>\n<\/ul>\n<\/li>\n<\/ul>\n<p><strong>Voinko mukauttaa tiedonsiirtoasetuksia?<\/strong><\/p>\n<ul>\n<li style=\"list-style-type: none;\">\n<ul>\n<li>Kyll\u00e4, voit m\u00e4\u00e4ritt\u00e4\u00e4 kehyksen koon sovelluksesi tarpeiden mukaan.<\/li>\n<\/ul>\n<\/li>\n<\/ul>\n<h3>Viimeiset pohdinnat MIFARE DESFire RFID -upotuksista<\/h3>\n<p>MIFARE DESFire RFID Inlay ilment\u00e4\u00e4 t\u00e4ydellisen yhdistelm\u00e4n turvallisuutta, suorituskyky\u00e4 ja monipuolisuutta. T\u00e4h\u00e4n teknologiaan sijoittaminen on fiksu valinta niin yrityksille kuin yksityishenkil\u00f6illekin, sill\u00e4 se tarjoaa r\u00e4\u00e4t\u00e4l\u00f6intivaihtoehdot, korkeat turvallisuusstandardit ja valikoiman sovelluksia.<\/p>\n<p>Avaa seuraavan tason tietoturva ja tehokkuus\u00a0<strong>MIFARE DESFire RFID Inlays<\/strong>.\u00a0<strong>Ota yhteytt\u00e4<\/strong>\u00a0t\u00e4n\u00e4\u00e4n tutkiaksemme, kuinka ratkaisumme voivat vastata tarpeisiisi ja p\u00e4ivitt\u00e4\u00e4 liiketoimintakyky\u00e4si. Halusitpa parantaa kulunvalvontaa, optimoida maksuj\u00e4rjestelmi\u00e4 tai integroida \u00e4lykk\u00e4\u00e4n seurantaratkaisun, MIFARE DESFire -teknologia on avain turvalliseen tulevaisuuteen.<\/p>","protected":false},"excerpt":{"rendered":"<p>Tutustu RFID NFC MIFARE Desfire INLAY -turvallisiin, monipuolisiin ja muokattavissa oleviin kulunvalvonta- ja maksuratkaisuihin, jotka takaavat paremman tehokkuuden ja turvallisuuden.<\/p>","protected":false},"featured_media":2673,"template":"","meta":{"_kad_post_transparent":"default","_kad_post_title":"","_kad_post_layout":"default","_kad_post_sidebar_id":"","_kad_post_content_style":"default","_kad_post_vertical_padding":"default","_kad_post_feature":"","_kad_post_feature_position":"","_kad_post_header":false,"_kad_post_footer":false,"_kad_post_classname":""},"product_brand":[],"product_cat":[189],"product_tag":[313,111,108],"class_list":{"0":"post-2689","1":"product","2":"type-product","3":"status-publish","4":"has-post-thumbnail","6":"product_cat-rfid-inlay","7":"product_tag-mifare-desfire-inlay","8":"product_tag-nfc-inlay","9":"product_tag-rfid-inlay","11":"first","12":"instock","13":"shipping-taxable","14":"product-type-simple","15":"entry","16":"content-bg","17":"loop-entry"},"_links":{"self":[{"href":"https:\/\/rfid-laundry-tag.com\/fi\/wp-json\/wp\/v2\/product\/2689","targetHints":{"allow":["GET"]}}],"collection":[{"href":"https:\/\/rfid-laundry-tag.com\/fi\/wp-json\/wp\/v2\/product"}],"about":[{"href":"https:\/\/rfid-laundry-tag.com\/fi\/wp-json\/wp\/v2\/types\/product"}],"version-history":[{"count":2,"href":"https:\/\/rfid-laundry-tag.com\/fi\/wp-json\/wp\/v2\/product\/2689\/revisions"}],"predecessor-version":[{"id":2693,"href":"https:\/\/rfid-laundry-tag.com\/fi\/wp-json\/wp\/v2\/product\/2689\/revisions\/2693"}],"wp:featuredmedia":[{"embeddable":true,"href":"https:\/\/rfid-laundry-tag.com\/fi\/wp-json\/wp\/v2\/media\/2673"}],"wp:attachment":[{"href":"https:\/\/rfid-laundry-tag.com\/fi\/wp-json\/wp\/v2\/media?parent=2689"}],"wp:term":[{"taxonomy":"product_brand","embeddable":true,"href":"https:\/\/rfid-laundry-tag.com\/fi\/wp-json\/wp\/v2\/product_brand?post=2689"},{"taxonomy":"product_cat","embeddable":true,"href":"https:\/\/rfid-laundry-tag.com\/fi\/wp-json\/wp\/v2\/product_cat?post=2689"},{"taxonomy":"product_tag","embeddable":true,"href":"https:\/\/rfid-laundry-tag.com\/fi\/wp-json\/wp\/v2\/product_tag?post=2689"}],"curies":[{"name":"wp","href":"https:\/\/api.w.org\/{rel}","templated":true}]}}