{"id":268,"date":"2024-06-21T15:32:44","date_gmt":"2024-06-21T15:32:44","guid":{"rendered":"https:\/\/rfid-laundry-tag.com\/?post_type=product&#038;p=268"},"modified":"2024-06-28T10:04:38","modified_gmt":"2024-06-28T10:04:38","slug":"uhf-rfid-label-alien-h9","status":"publish","type":"product","link":"https:\/\/rfid-laundry-tag.com\/fi\/uhf-rfid-label-alien-h9\/","title":{"rendered":"UHF RFID -tarra Alien H9"},"content":{"rendered":"<h2>UHF RFID -tarra Alien H9<\/h2>\n<p><span style=\"font-family: inherit; font-size: 24px; font-weight: bold;\">UHF RFID -tarra varaston seurantaan<\/span><\/p>\n<div class=\"J_module\">\n<div class=\"ife-detail-decorate-table\">\n<table class=\"all magic-10\">\n<tbody>\n<tr>\n<td colspan=\"1\" rowspan=\"1\">\n<div class=\"magic-11\">Siru<\/div>\n<\/td>\n<td colspan=\"1\" rowspan=\"1\">\n<div class=\"magic-12\">Alien H9<\/div>\n<\/td>\n<\/tr>\n<tr>\n<td colspan=\"1\" rowspan=\"1\">\n<div class=\"magic-11\">Taajuus<\/div>\n<\/td>\n<td colspan=\"1\" rowspan=\"1\">\n<div class=\"magic-12\">860-960 MHz<\/div>\n<\/td>\n<\/tr>\n<tr>\n<td colspan=\"1\" rowspan=\"1\">\n<div class=\"magic-11\">Materiaali<\/div>\n<\/td>\n<td colspan=\"1\" rowspan=\"1\">\n<div class=\"magic-12\">P\u00e4\u00e4llystetty paperi\/PET\/synteettinen paperi\/l\u00e4mp\u00f6paperi\/r\u00e4\u00e4t\u00e4l\u00f6inti<\/div>\n<\/td>\n<\/tr>\n<tr>\n<td colspan=\"1\" rowspan=\"1\">\n<div class=\"magic-11\">Ty\u00f6tila<\/div>\n<\/td>\n<td colspan=\"1\" rowspan=\"1\">\n<div class=\"magic-12\">Passiivinen<\/div>\n<\/td>\n<\/tr>\n<tr>\n<td colspan=\"1\" rowspan=\"1\">\n<div class=\"magic-11\">IC:n el\u00e4m\u00e4<\/div>\n<\/td>\n<td colspan=\"1\" rowspan=\"1\">\n<div class=\"magic-12\">100 000 ohjelmointijaksoa, 10 vuoden tietojen s\u00e4ilytys<\/div>\n<\/td>\n<\/tr>\n<tr>\n<td colspan=\"1\" rowspan=\"1\">\n<div class=\"magic-11\">K\u00e4ytt\u00f6l\u00e4mp\u00f6tila\/kosteus<\/div>\n<\/td>\n<td colspan=\"1\" rowspan=\"1\">\n<div class=\"magic-12\">-25 ~ 50 \u2103\/20% ~ 80% RH<\/div>\n<\/td>\n<\/tr>\n<tr>\n<td colspan=\"1\" rowspan=\"1\">\n<div class=\"magic-11\">Varastointil\u00e4mp\u00f6tila\/kosteus<\/div>\n<\/td>\n<td colspan=\"1\" rowspan=\"1\">\n<div class=\"magic-12\">+23\u00b0C\u00b15\u00b0C\/ 50%\u00b110% RH (ilman kondensaatiota).<\/div>\n<\/td>\n<\/tr>\n<tr>\n<td colspan=\"1\" rowspan=\"1\">\n<div class=\"magic-11\">Antenni<\/div>\n<\/td>\n<td colspan=\"1\" rowspan=\"1\">\n<div class=\"magic-12\">Alumiinisetsaus, 94,8 * 8,1 mm<\/div>\n<\/td>\n<\/tr>\n<tr>\n<td colspan=\"1\" rowspan=\"1\">\n<div class=\"magic-11\">M\u00e4rk\u00e4 inlay\/tarran koko<\/div>\n<\/td>\n<td colspan=\"1\" rowspan=\"1\">\n<div class=\"magic-12\">98 * 15 mm tai r\u00e4\u00e4t\u00e4l\u00f6ity<\/div>\n<\/td>\n<\/tr>\n<tr>\n<td colspan=\"1\" rowspan=\"1\">\n<div class=\"magic-11\">Tulostus<\/div>\n<\/td>\n<td colspan=\"1\" rowspan=\"1\">\n<div class=\"magic-12\">V\u00e4ritulostus, logo, viivakoodi, QR-koodi jne<\/div>\n<\/td>\n<\/tr>\n<tr>\n<td colspan=\"1\" rowspan=\"1\">\n<div class=\"magic-11\">N\u00e4yte<\/div>\n<\/td>\n<td colspan=\"1\" rowspan=\"1\">\n<div class=\"magic-12\">N\u00e4yte on ilmainen laatutesti\u00e4si varten<\/div>\n<\/td>\n<\/tr>\n<tr>\n<td colspan=\"1\" rowspan=\"1\">\n<div class=\"magic-11\">p\u00f6yt\u00e4kirja<\/div>\n<\/td>\n<td colspan=\"1\" rowspan=\"1\">\n<div class=\"magic-12\">ISO\/IEC 18000-6C EPC Class1 Gen2<\/div>\n<\/td>\n<\/tr>\n<tr>\n<td colspan=\"1\" rowspan=\"1\">\n<div class=\"magic-11\">Pakkaus<\/div>\n<\/td>\n<td colspan=\"1\" rowspan=\"1\">\n<div class=\"magic-12\">1000-5000 kpl \/ rulla, 4 rullaa \/ laatikko<\/div>\n<\/td>\n<\/tr>\n<tr>\n<td colspan=\"1\" rowspan=\"1\">\n<div class=\"magic-11\">Alkuper\u00e4paikka<\/div>\n<\/td>\n<td colspan=\"1\" rowspan=\"1\">\n<div class=\"magic-12\">Chengdu, Kiina<\/div>\n<\/td>\n<\/tr>\n<tr>\n<td colspan=\"1\" rowspan=\"4\">\n<div class=\"magic-11\">Sovellus\/Ratkaisu<\/div>\n<\/td>\n<td colspan=\"1\" rowspan=\"1\">\n<div class=\"magic-12\">Suojattu sis\u00e4\u00e4np\u00e4\u00e4syn valvonta\/k\u00e4teismaksujen j\u00e4senyys ja kanta-asiakasohjelmat<\/div>\n<\/td>\n<\/tr>\n<tr>\n<td colspan=\"1\" rowspan=\"1\">\n<div class=\"magic-12\" data-spm-anchor-id=\"a2700.details.0.i80.59c943e8HVzkHD\">P\u00e4\u00e4sy tapahtumiin ja br\u00e4nd\u00e4ys\/sosiaalinen media\/v\u00e4hitt\u00e4ismyynti<\/div>\n<\/td>\n<\/tr>\n<tr>\n<td colspan=\"1\" rowspan=\"1\">\n<div class=\"magic-12\">Ymp\u00e4rist\u00f6 \/ Pelit ja lelut Sijainti \/ Elektroniikka \/ Messut<\/div>\n<\/td>\n<\/tr>\n<tr>\n<td colspan=\"1\" rowspan=\"1\">\n<div class=\"magic-12\">Tapahtumat \/ Soittopyynt\u00f6 \/ K\u00e4yntikortit<\/div>\n<\/td>\n<\/tr>\n<\/tbody>\n<\/table>\n<p>&nbsp;<\/p>\n<\/div>\n<\/div>\n<div class=\"J_module\">\n<div><\/div>\n<div class=\"auto-hide-last-sibling-br paragraph_9dc5f paragraph-element\">UHF RFID Labels (Ultra High Frequency Radio Frequency Identification Labels) ovat todellakin monipuolisia ty\u00f6kaluja, joilla on laaja k\u00e4ytt\u00f6sovellus eri aloilla.<\/div>\n<div class=\"auto-hide-last-sibling-br paragraph_9dc5f paragraph-element\">Tunnistus: N\u00e4ill\u00e4 tarroilla voidaan helposti tallentaa henkil\u00f6tietoja, mik\u00e4 on hy\u00f6dyllist\u00e4 henkil\u00f6llisyyden todentamisskenaarioissa, mik\u00e4 tekee siit\u00e4 luotettavan valinnan erilaisille laitoksille, jotka vaativat turvallisia ja tehokkaita tunnistusmenetelmi\u00e4.<\/div>\n<div><\/div>\n<div class=\"auto-hide-last-sibling-br paragraph_9dc5f paragraph-element\">Julkinen liikenne ja tapahtumaliput: UHF RFID -tarroja k\u00e4ytet\u00e4\u00e4n yleisesti automatisoiduissa lipunmyyntij\u00e4rjestelmiss\u00e4, kuten metro- tai linja-autoissa, sek\u00e4 tapahtumien lipunmyynniss\u00e4, jossa se mahdollistaa nopean ja tehokkaan sis\u00e4\u00e4np\u00e4\u00e4syn.<\/div>\n<div><\/div>\n<div class=\"auto-hide-last-sibling-br paragraph_9dc5f paragraph-element\">S\u00e4hk\u00f6inen tietullien ker\u00e4\u00e4minen: UHF RFID -tarrojen k\u00e4ytt\u00f6 mahdollistaa nopeat tiemaksut ilman ajoneuvojen pys\u00e4htymist\u00e4, mik\u00e4 v\u00e4hent\u00e4\u00e4 merkitt\u00e4v\u00e4sti liikennett\u00e4 ja lis\u00e4\u00e4 k\u00e4ytt\u00f6mukavuutta.<\/div>\n<div><\/div>\n<div class=\"auto-hide-last-sibling-br paragraph_9dc5f paragraph-element\">Omaisuudenhallinta: Tarrat voidaan kiinnitt\u00e4\u00e4 omaisuuteen, mik\u00e4 mahdollistaa reaaliaikaisen seurannan, sijainnin ja tietojen p\u00e4ivityksen, parantaa varastonhallintaa ja v\u00e4hent\u00e4\u00e4 katoamista tai varkautta.<\/div>\n<div><\/div>\n<div class=\"auto-hide-last-sibling-br paragraph_9dc5f paragraph-element\">Kirjastot ja vuokraukset: Niit\u00e4 k\u00e4ytet\u00e4\u00e4n kirjojen tai muiden kirjastoon saapuvien ja sielt\u00e4 l\u00e4htevien esineiden seurantaan, mik\u00e4 tekee lainaus- ja palautusprosessista tehokkaamman. Niit\u00e4 voidaan soveltaa my\u00f6s vuokrauspalveluihin vuokratavaroiden parempaan hallintaan.<\/div>\n<div><\/div>\n<div class=\"auto-hide-last-sibling-br paragraph_9dc5f paragraph-element\">Kanta-asiakasj\u00e4rjestelm\u00e4: UHF RFID -tarroja voidaan k\u00e4ytt\u00e4\u00e4 yritysten kanta-asiakas- tai palkintokorteissa, mik\u00e4 parantaa asiakkaiden pysyvyytt\u00e4 ja tarjoaa erinomaisen k\u00e4ytt\u00f6kokemuksen.<\/div>\n<div><\/div>\n<div class=\"auto-hide-last-sibling-br paragraph_9dc5f paragraph-element\">Kulunvalvontahallinta: Paikoissa, joissa vaaditaan suojattua p\u00e4\u00e4sy\u00e4, kuten toimistoissa, asuinalueilla tai tietyill\u00e4 julkisilla alueilla, n\u00e4it\u00e4 tunnisteita voidaan k\u00e4ytt\u00e4\u00e4 tehokkaaseen kulunvalvontaan, mik\u00e4 lis\u00e4\u00e4 ylim\u00e4\u00e4r\u00e4ist\u00e4 suojaustasoa.<\/div>\n<div><\/div>\n<div class=\"auto-hide-last-sibling-br paragraph_9dc5f paragraph-element\">Lis\u00e4ksi mukautetut ohjelmointi- ja koodauspalvelumme voivat vastata asiakkaan erityistarpeita, mik\u00e4 tekee UHF RFID -tarroista eritt\u00e4in kustannustehokkaan ja k\u00e4tev\u00e4n ratkaisun monille yrityksille ja palveluille.<\/div>\n<div><\/div>\n<\/div>\n<div><\/div>\n<div><strong>Miksi valita USA?<\/strong><\/div>\n<div><\/div>\n<div>Olemme johtava RFID-teknologian toimittaja yli 11 vuoden kokemuksella, joka tuo edistynytt\u00e4 tehokkuutta, luotettavuutta ja tarkkuutta asiakkaiden maailmanlaajuisiin toimitusketjuihin alan johtavilla tuotteilla, ratkaisuilla ja teknologioilla. Globaalin tason valmistajana tarjoamme asiakkaillemme perustavanlaatuisia teknologioita, kuten kulunvalvontaa, el\u00e4inten merkitsemist\u00e4, l\u00e4hikentt\u00e4viestint\u00e4\u00e4 (NFC), erilaisia RFID-lukijoita ja -ratkaisuja. Ratkaisuissamme on eritt\u00e4in konfiguroitavat sovelluskehykset ja tyylikk\u00e4\u00e4t k\u00e4ytt\u00f6liittym\u00e4t edistyneell\u00e4 analytiikan kanssa, mik\u00e4 mahdollistaa p\u00e4\u00e4st\u00e4 p\u00e4\u00e4h\u00e4n -liiketoimintatiedon ja tietojen n\u00e4kyvyyden useilla toimialoilla.<\/div>","protected":false},"excerpt":{"rendered":"<p>UHF RFID Labeli\u00e4 voidaan k\u00e4ytt\u00e4\u00e4 laajasti tunnistamisessa, joukkoliikenteess\u00e4, tapahtumalippujen s\u00e4hk\u00f6isess\u00e4 tiemaksujen ker\u00e4\u00e4misess\u00e4, omaisuudenhallinnassa, kirjastoissa ja vuokrauksessa, kanta-asiakasj\u00e4rjestelm\u00e4ss\u00e4 ja kulunvalvontaj\u00e4rjestelm\u00e4ss\u00e4 jne. Tarjoamme ohjelmointi- ja koodauspalveluita, jotka sopivat tarkasti asiakkaan ohjelmointi- tai koodausvaatimuksiin.<\/p>","protected":false},"featured_media":270,"template":"","meta":{"_kad_post_transparent":"default","_kad_post_title":"","_kad_post_layout":"default","_kad_post_sidebar_id":"","_kad_post_content_style":"default","_kad_post_vertical_padding":"default","_kad_post_feature":"","_kad_post_feature_position":"","_kad_post_header":false,"_kad_post_footer":false,"_kad_post_classname":""},"product_brand":[],"product_cat":[54],"product_tag":[102,100,98],"class_list":{"0":"post-268","1":"product","2":"type-product","3":"status-publish","4":"has-post-thumbnail","6":"product_cat-hot-selling-rfid-tags","7":"product_tag-paper-uhf-rfid-sticker","8":"product_tag-rfid-label","9":"product_tag-uhf-rfid-label","11":"first","12":"instock","13":"shipping-taxable","14":"product-type-simple","15":"entry","16":"content-bg","17":"loop-entry"},"_links":{"self":[{"href":"https:\/\/rfid-laundry-tag.com\/fi\/wp-json\/wp\/v2\/product\/268","targetHints":{"allow":["GET"]}}],"collection":[{"href":"https:\/\/rfid-laundry-tag.com\/fi\/wp-json\/wp\/v2\/product"}],"about":[{"href":"https:\/\/rfid-laundry-tag.com\/fi\/wp-json\/wp\/v2\/types\/product"}],"version-history":[{"count":0,"href":"https:\/\/rfid-laundry-tag.com\/fi\/wp-json\/wp\/v2\/product\/268\/revisions"}],"wp:featuredmedia":[{"embeddable":true,"href":"https:\/\/rfid-laundry-tag.com\/fi\/wp-json\/wp\/v2\/media\/270"}],"wp:attachment":[{"href":"https:\/\/rfid-laundry-tag.com\/fi\/wp-json\/wp\/v2\/media?parent=268"}],"wp:term":[{"taxonomy":"product_brand","embeddable":true,"href":"https:\/\/rfid-laundry-tag.com\/fi\/wp-json\/wp\/v2\/product_brand?post=268"},{"taxonomy":"product_cat","embeddable":true,"href":"https:\/\/rfid-laundry-tag.com\/fi\/wp-json\/wp\/v2\/product_cat?post=268"},{"taxonomy":"product_tag","embeddable":true,"href":"https:\/\/rfid-laundry-tag.com\/fi\/wp-json\/wp\/v2\/product_tag?post=268"}],"curies":[{"name":"wp","href":"https:\/\/api.w.org\/{rel}","templated":true}]}}