{"id":265,"date":"2024-06-21T15:26:22","date_gmt":"2024-06-21T15:26:22","guid":{"rendered":"https:\/\/rfid-laundry-tag.com\/?post_type=product&#038;p=265"},"modified":"2024-08-14T16:48:09","modified_gmt":"2024-08-14T16:48:09","slug":"uhf-rfid-sticker-nxp-u-code-9","status":"publish","type":"product","link":"https:\/\/rfid-laundry-tag.com\/fi\/uhf-rfid-sticker-nxp-u-code-9\/","title":{"rendered":"UHF RFID -tarra-NXP U-KOODI 9"},"content":{"rendered":"<h2>UHF RFID -tarra-NXP U-KOODI 9<\/h2>\n<p><span style=\"font-family: inherit; font-size: 24px; font-weight: bold;\">UHF RFID -tarra varastonhallintal\u00e4hteiden seurantaan<\/span><\/p>\n<div class=\"J_module\">\n<div class=\"ife-detail-decorate-table\">\n<table class=\"all magic-10\">\n<tbody>\n<tr>\n<td colspan=\"1\" rowspan=\"1\">\n<div class=\"magic-11\">Siru<\/div>\n<\/td>\n<td colspan=\"1\" rowspan=\"1\">\n<div class=\"magic-12\">NXP U -KOODI 9<\/div>\n<\/td>\n<\/tr>\n<tr>\n<td colspan=\"1\" rowspan=\"1\">\n<div class=\"magic-11\">Taajuus<\/div>\n<\/td>\n<td colspan=\"1\" rowspan=\"1\">\n<div class=\"magic-12\">860-960 MHz<\/div>\n<\/td>\n<\/tr>\n<tr>\n<td colspan=\"1\" rowspan=\"1\">\n<div class=\"magic-11\">Materiaali<\/div>\n<\/td>\n<td colspan=\"1\" rowspan=\"1\">\n<div class=\"magic-12\">P\u00e4\u00e4llystetty paperi\/PET\/synteettinen paperi\/l\u00e4mp\u00f6paperi\/r\u00e4\u00e4t\u00e4l\u00f6inti<\/div>\n<\/td>\n<\/tr>\n<tr>\n<td colspan=\"1\" rowspan=\"1\">\n<div class=\"magic-11\">Ty\u00f6tila<\/div>\n<\/td>\n<td colspan=\"1\" rowspan=\"1\">\n<div class=\"magic-12\">Passiivinen<\/div>\n<\/td>\n<\/tr>\n<tr>\n<td colspan=\"1\" rowspan=\"1\">\n<div class=\"magic-11\">IC:n el\u00e4m\u00e4<\/div>\n<\/td>\n<td colspan=\"1\" rowspan=\"1\">\n<div class=\"magic-12\">100 000 ohjelmointijaksoa, 10 vuoden tietojen s\u00e4ilytys<\/div>\n<\/td>\n<\/tr>\n<tr>\n<td colspan=\"1\" rowspan=\"1\">\n<div class=\"magic-11\">K\u00e4ytt\u00f6l\u00e4mp\u00f6tila\/kosteus<\/div>\n<\/td>\n<td colspan=\"1\" rowspan=\"1\">\n<div class=\"magic-12\">-25 ~ 50 \u2103\/20% ~ 80% RH<\/div>\n<\/td>\n<\/tr>\n<tr>\n<td colspan=\"1\" rowspan=\"1\">\n<div class=\"magic-11\">Varastointil\u00e4mp\u00f6tila\/kosteus<\/div>\n<\/td>\n<td colspan=\"1\" rowspan=\"1\">\n<div class=\"magic-12\">+23\u00b0C\u00b15\u00b0C\/ 50%\u00b110% RH (ilman kondensaatiota).<\/div>\n<\/td>\n<\/tr>\n<tr>\n<td colspan=\"1\" rowspan=\"1\">\n<div class=\"magic-11\">Antenni<\/div>\n<\/td>\n<td colspan=\"1\" rowspan=\"1\">\n<div class=\"magic-12\">Alumiinisetsaus, 94,8 * 8,1 mm<\/div>\n<\/td>\n<\/tr>\n<tr>\n<td colspan=\"1\" rowspan=\"1\">\n<div class=\"magic-11\">M\u00e4rk\u00e4 inlay\/tarran koko<\/div>\n<\/td>\n<td colspan=\"1\" rowspan=\"1\">\n<div class=\"magic-12\">98 * 15 mm tai r\u00e4\u00e4t\u00e4l\u00f6ity<\/div>\n<\/td>\n<\/tr>\n<tr>\n<td colspan=\"1\" rowspan=\"1\">\n<div class=\"magic-11\">Tulostus<\/div>\n<\/td>\n<td colspan=\"1\" rowspan=\"1\">\n<div class=\"magic-12\">V\u00e4ritulostus, logo, viivakoodi, QR-koodi jne<\/div>\n<\/td>\n<\/tr>\n<tr>\n<td colspan=\"1\" rowspan=\"1\">\n<div class=\"magic-11\">N\u00e4yte<\/div>\n<\/td>\n<td colspan=\"1\" rowspan=\"1\">\n<div class=\"magic-12\">N\u00e4yte on ilmainen laatutesti\u00e4si varten<\/div>\n<\/td>\n<\/tr>\n<tr>\n<td colspan=\"1\" rowspan=\"1\">\n<div class=\"magic-11\">p\u00f6yt\u00e4kirja<\/div>\n<\/td>\n<td colspan=\"1\" rowspan=\"1\">\n<div class=\"magic-12\">ISO\/IEC 18000-6C EPC Class1 Gen2<\/div>\n<\/td>\n<\/tr>\n<tr>\n<td colspan=\"1\" rowspan=\"1\">\n<div class=\"magic-11\">Pakkaus<\/div>\n<\/td>\n<td colspan=\"1\" rowspan=\"1\">\n<div class=\"magic-12\">1000-5000 kpl \/ rulla, 4 rullaa \/ laatikko<\/div>\n<\/td>\n<\/tr>\n<tr>\n<td colspan=\"1\" rowspan=\"1\">\n<div class=\"magic-11\">Alkuper\u00e4paikka<\/div>\n<\/td>\n<td colspan=\"1\" rowspan=\"1\">\n<div class=\"magic-12\">Chengdu, Kiina<\/div>\n<\/td>\n<\/tr>\n<tr>\n<td colspan=\"1\" rowspan=\"4\">\n<div class=\"magic-11\">Sovellus\/Ratkaisu<\/div>\n<\/td>\n<td colspan=\"1\" rowspan=\"1\">\n<div class=\"magic-12\">Suojattu sis\u00e4\u00e4np\u00e4\u00e4syn valvonta\/k\u00e4teismaksujen j\u00e4senyys ja kanta-asiakasohjelmat<\/div>\n<\/td>\n<\/tr>\n<tr>\n<td colspan=\"1\" rowspan=\"1\">\n<div class=\"magic-12\" data-spm-anchor-id=\"a2700.details.0.i80.59c943e8HVzkHD\">P\u00e4\u00e4sy tapahtumiin ja br\u00e4nd\u00e4ys\/sosiaalinen media\/v\u00e4hitt\u00e4ismyynti<\/div>\n<\/td>\n<\/tr>\n<tr>\n<td colspan=\"1\" rowspan=\"1\">\n<div class=\"magic-12\">Ymp\u00e4rist\u00f6 \/ Pelit ja lelut Sijainti \/ Elektroniikka \/ Messut<\/div>\n<\/td>\n<\/tr>\n<tr>\n<td colspan=\"1\" rowspan=\"1\">\n<div class=\"magic-12\">Tapahtumat \/ Soittopyynt\u00f6 \/ K\u00e4yntikortit<\/div>\n<\/td>\n<\/tr>\n<\/tbody>\n<\/table>\n<p>&nbsp;<\/p>\n<\/div>\n<\/div>\n<div class=\"text-title\"><span class=\"magic-26\" style=\"color: #000000;\">J\u00e4rjestelm\u00e4n palvelutila<\/span><\/div>\n<div class=\"text-content\" data-spm-anchor-id=\"a2700.details.0.i55.72f139f1jxVcfh\">Tarjoamme \u00e4lykk\u00e4it\u00e4 RFID-teknologiaan perustuvia hallintaratkaisuja, jotka voivat auttaa yrityksi\u00e4 digitaalisessa hallinnassa omaisuudenhallinnan, leasingin, varastojen ja logistiikan aloilla.<\/div>\n<div data-spm-anchor-id=\"a2700.details.0.i55.72f139f1jxVcfh\"><\/div>\n<div class=\"J_module\">\n<p>RFID Inlay on erikoistermi RFID-teollisuudelle, joka viittaa esilaminoituun tuotteeseen, joka koostuu monikerroksisesta PVC:st\u00e4 tai muista materiaaleista, jotka sis\u00e4lt\u00e4v\u00e4t siruja ja keloja. Erilaisten pakkausmuotojen j\u00e4lkeen voidaan valmistaa erilaisia RFID-tunnisteita. Inlay voidaan ymm\u00e4rt\u00e4\u00e4 puolivalmiiksi tuotteiksi ilman RFID-tunnisteiden kapselointia. RFID-inlay voidaan jakaa kuiva- ja m\u00e4rk\u00e4inlayksi. RFID Dry inlay ei sis\u00e4ll\u00e4 takaliimaa, ja sen rakenne on antenni + siru + sirupaketti; RFID Wet inlay sis\u00e4lt\u00e4\u00e4 takaliimaa, joka voidaan kiinnitt\u00e4\u00e4 suoraan esineisiin. Rakenne on antenni + siru + sirupaketti + PET + liima + irrokepaperi Taajuusvaatimukset: 869-915mhz-uhf \/ 13.56mhz-iso14443 \/ 13.56mhz-iso 15693. MINDilla on teknikot ja ne tarjoavat erilaisia antenniasiakkaiden suunnittelupalveluita.<\/p>\n<\/div>","protected":false},"excerpt":{"rendered":"<p>UHF RFID -tarra-NXP U-KOODI 9. UHF RFID -tarra on EPC C1G2 (ISO18000-6C) -standardin mukainen, mik\u00e4 mahdollistaa sen yleisen k\u00e4yt\u00f6n 860-960 MHz:n toimintataajuuden ansiosta. Jokaisella tarralla on erillinen tunnus ja se voi sis\u00e4lt\u00e4\u00e4 henkil\u00f6kohtaisia tietoja. T\u00e4m\u00e4 ominaisuus mahdollistaa sen laajan k\u00e4yt\u00f6n eri alojen hallinnassa, mukaan lukien vaatetus, lentokent\u00e4n matkatavaroiden seuranta, logistiikka ja omaisuudenhallinta.<\/p>","protected":false},"featured_media":267,"template":"","meta":{"_kad_post_transparent":"default","_kad_post_title":"","_kad_post_layout":"default","_kad_post_sidebar_id":"","_kad_post_content_style":"default","_kad_post_vertical_padding":"default","_kad_post_feature":"","_kad_post_feature_position":"","_kad_post_header":false,"_kad_post_footer":false,"_kad_post_classname":""},"product_brand":[],"product_cat":[54],"product_tag":[102],"class_list":{"0":"post-265","1":"product","2":"type-product","3":"status-publish","4":"has-post-thumbnail","6":"product_cat-hot-selling-rfid-tags","7":"product_tag-paper-uhf-rfid-sticker","9":"first","10":"instock","11":"shipping-taxable","12":"product-type-simple","13":"entry","14":"content-bg","15":"loop-entry"},"_links":{"self":[{"href":"https:\/\/rfid-laundry-tag.com\/fi\/wp-json\/wp\/v2\/product\/265","targetHints":{"allow":["GET"]}}],"collection":[{"href":"https:\/\/rfid-laundry-tag.com\/fi\/wp-json\/wp\/v2\/product"}],"about":[{"href":"https:\/\/rfid-laundry-tag.com\/fi\/wp-json\/wp\/v2\/types\/product"}],"version-history":[{"count":1,"href":"https:\/\/rfid-laundry-tag.com\/fi\/wp-json\/wp\/v2\/product\/265\/revisions"}],"predecessor-version":[{"id":1337,"href":"https:\/\/rfid-laundry-tag.com\/fi\/wp-json\/wp\/v2\/product\/265\/revisions\/1337"}],"wp:featuredmedia":[{"embeddable":true,"href":"https:\/\/rfid-laundry-tag.com\/fi\/wp-json\/wp\/v2\/media\/267"}],"wp:attachment":[{"href":"https:\/\/rfid-laundry-tag.com\/fi\/wp-json\/wp\/v2\/media?parent=265"}],"wp:term":[{"taxonomy":"product_brand","embeddable":true,"href":"https:\/\/rfid-laundry-tag.com\/fi\/wp-json\/wp\/v2\/product_brand?post=265"},{"taxonomy":"product_cat","embeddable":true,"href":"https:\/\/rfid-laundry-tag.com\/fi\/wp-json\/wp\/v2\/product_cat?post=265"},{"taxonomy":"product_tag","embeddable":true,"href":"https:\/\/rfid-laundry-tag.com\/fi\/wp-json\/wp\/v2\/product_tag?post=265"}],"curies":[{"name":"wp","href":"https:\/\/api.w.org\/{rel}","templated":true}]}}