{"id":2641,"date":"2024-09-22T15:06:11","date_gmt":"2024-09-22T15:06:11","guid":{"rendered":"https:\/\/rfid-laundry-tag.com\/?post_type=product&#038;p=2641"},"modified":"2024-09-22T15:36:05","modified_gmt":"2024-09-22T15:36:05","slug":"on-heavy-duty-nfc-tag-for-patrol","status":"publish","type":"product","link":"https:\/\/rfid-laundry-tag.com\/fi\/on-heavy-duty-nfc-tag-for-patrol\/","title":{"rendered":"On Heavy Duty NFC -tunniste Patrolille"},"content":{"rendered":"<p>Tehokas partioiden hallinta on ratkaisevan t\u00e4rke\u00e4\u00e4 turvallisuuden ja tehokkaan toiminnan kannalta eri toimialoilla, kuten rakennuksissa, tehtaissa ja varastoissa. The\u00a0<strong>On Heavy Duty NFC -tunniste Patrolille<\/strong>\u00a0on suunniteltu nostamaan partiohenkil\u00f6st\u00f6n valvontaprosesseja varmistaen kattavat tiedot ja vertaansa vailla olevan vastuullisuuden. T\u00e4m\u00e4 innovatiivinen tekniikka ei ainoastaan yksinkertaista partioiden seurantaa, vaan my\u00f6s luo turvallisuutta ja toiminnan tehokkuutta edist\u00e4v\u00e4n ymp\u00e4rist\u00f6n.<\/p>\n<h2>\u00a0Johdatus On Heavy Duty NFC -tunnisteisiin<\/h2>\n<p>Ymp\u00e4rist\u00f6ss\u00e4, joka vaatii jatkuvasti vastuullisuutta ja tarkkuutta,\u00a0<strong>Heavy Duty NFC -tunnisteilla<\/strong>\u00a0tarjoavat luotettavan ratkaisun partioiden hallintaan. N\u00e4iden tunnisteiden avulla johtajat ja johtajat voivat seurata partiotoimintaa ja varmistaa, ett\u00e4 jokaista vaihetta seurataan ja kirjataan tarkasti. Hy\u00f6dynt\u00e4m\u00e4ll\u00e4\u00a0<strong>metallinen NFC<\/strong>\u00a0teknologian ansiosta n\u00e4m\u00e4 tunnisteet on suunniteltu kiinnittym\u00e4\u00e4n pintoihin vaativimmissakin ymp\u00e4rist\u00f6iss\u00e4.<\/p>\n<p>The\u00a0<strong>NFC-tunniste<\/strong>\u00a0palvelee useita toimialoja ja auttaa kuromaan umpeen manuaalisten seurantaj\u00e4rjestelmien ja automatisoitujen, tehokkaiden valvontaprosessien v\u00e4list\u00e4 kuilua. Integroimalla t\u00e4llaisen edistyneen teknologian tietoturvatoimintoihisi voit odottaa vertaansa vailla olevaa palvelua ja tehokkuutta.<\/p>\n<h2>NFC-tunnisteiden t\u00e4rkeimm\u00e4t ominaisuudet<\/h2>\n<p><strong>Heavy Duty NFC -tunnisteilla<\/strong>\u00a0koostuu useista t\u00e4rkeimmist\u00e4 ominaisuuksista, jotka tekev\u00e4t niist\u00e4 erottuvan markkinoilla:<\/p>\n<ul>\n<li><strong>Kest\u00e4v\u00e4 rakenne:<\/strong>\u00a0N\u00e4m\u00e4 kovaan k\u00e4ytt\u00f6\u00f6n suunnitellut tunnisteet kest\u00e4v\u00e4t ankarat olosuhteet ja ne on suunniteltu kiinnitett\u00e4v\u00e4ksi mihin tahansa metallipintaan. Niiden vankka rakenne kest\u00e4\u00e4 kulumista ja repeytymist\u00e4, mik\u00e4 takaa pitk\u00e4n k\u00e4ytt\u00f6i\u00e4n.<\/li>\n<li><strong>Kehittynyt NTAG-tekniikka:<\/strong>\u00a0Liitt\u00e4minen\u00a0<strong>ntag213<\/strong>\u00a0siru takaa nopeat tiedonsiirtonopeudet ja tehokkaan toiminnan. 180 tavun muistikapasiteetilla tunniste pystyy tallentamaan tarvittavat tiedot tehokkaaseen seurantaan.<\/li>\n<li><strong>Yhteensopivuus metallipintojen kanssa:<\/strong>\u00a0The\u00a0<strong>antimetalli<\/strong>\u00a0Ominaisuuden avulla n\u00e4m\u00e4 tunnisteet toimivat tehokkaasti, kun ne asetetaan mille tahansa metallipinnalle, mik\u00e4 varmistaa luotettavuuden erilaisissa k\u00e4ytt\u00f6ymp\u00e4rist\u00f6iss\u00e4.<\/li>\n<\/ul>\n<h2>NFC-tunnisteiden k\u00e4yt\u00f6n edut partiotoiminnassa<\/h2>\n<p>Toteutus\u00a0<strong>NFC<\/strong>\u00a0partiotoiminnan tekniikka tuo lukuisia etuja:<\/p>\n<ul>\n<li><strong>Reaaliaikainen seuranta:<\/strong>\u00a0Esimiehet voivat tarkkailla partiointireittej\u00e4 ja -aikoja reaaliajassa, mik\u00e4 auttaa merkitt\u00e4v\u00e4sti parantamaan turvaprotokollia ja varmistamaan, ett\u00e4 jokainen partio suoritetaan aikataulun mukaisesti.<\/li>\n<li><strong>Tehokas kirjanpito:<\/strong>\u00a0The\u00a0<strong>NFC-tunniste<\/strong>\u00a0mahdollistaa partiotoimintojen helpon kirjaamisen, mik\u00e4 auttaa minimoimaan inhimillisi\u00e4 virheit\u00e4 ja virtaviivaistamaan raportointiin liittyvi\u00e4 hallinnollisia teht\u00e4vi\u00e4.<\/li>\n<\/ul>\n<p>Sijoittaminen\u00a0<strong>NFC metallilla<\/strong>\u00a0-tunnisteet tarkoittaa parempaa resurssien hallintaa ja tehostettuja suojaustoimia.<\/p>\n<h2>NFC-tunnisteiden asentaminen<\/h2>\n<p>Asentaminen\u00a0<strong>Heavy Duty NFC -tunnisteilla<\/strong>\u00a0on suoraviivaista. N\u00e4in:<\/p>\n<ol>\n<li><strong>Pinnan valmistelu:<\/strong>\u00a0Varmista, ett\u00e4 valittu metallipinta on puhdas ja p\u00f6lyt\u00f6n tai kosteus saavuttaaksesi vahvan kiinnittymisen.<\/li>\n<li><strong>Tunnisteen sijoittaminen:<\/strong>\u00a0M\u00e4\u00e4rit\u00e4 tunnisteen optimaalinen sijainti. K\u00e4yt\u00e4 a\u00a0<strong>ruuvin reik\u00e4<\/strong>\u00a0tarvittaessa pysyv\u00e4mp\u00e4\u00e4n ratkaisuun tai k\u00e4yt\u00e4 liima-alustaa helpottamaan levityst\u00e4.<\/li>\n<li><strong>Tunnisteen testaus:<\/strong>\u00a0Kun k\u00e4ytt\u00f6 on tehty, varmista, ett\u00e4 tarkistat lukualueen ja toiminnallisuuden oikean toiminnan varmistamiseksi.<\/li>\n<\/ol>\n<p>Oikea asennus varmistaa pitk\u00e4n k\u00e4ytt\u00f6i\u00e4n ja parantaa partiohallintaj\u00e4rjestelm\u00e4n tehokkuutta.<\/p>\n<p><img fetchpriority=\"high\" decoding=\"async\" class=\"alignnone wp-image-2646\" src=\"https:\/\/rfid-laundry-tag.com\/wp-content\/uploads\/2024\/09\/7_H17fee47b9eae43d5a80c5a2bc6771f13t-300x300.jpg\" alt=\"NFC TAGS\" width=\"489\" height=\"489\" srcset=\"https:\/\/rfid-laundry-tag.com\/wp-content\/uploads\/2024\/09\/7_H17fee47b9eae43d5a80c5a2bc6771f13t-300x300.jpg 300w, https:\/\/rfid-laundry-tag.com\/wp-content\/uploads\/2024\/09\/7_H17fee47b9eae43d5a80c5a2bc6771f13t-150x150.jpg 150w, https:\/\/rfid-laundry-tag.com\/wp-content\/uploads\/2024\/09\/7_H17fee47b9eae43d5a80c5a2bc6771f13t-768x768.jpg 768w, https:\/\/rfid-laundry-tag.com\/wp-content\/uploads\/2024\/09\/7_H17fee47b9eae43d5a80c5a2bc6771f13t-12x12.jpg 12w, https:\/\/rfid-laundry-tag.com\/wp-content\/uploads\/2024\/09\/7_H17fee47b9eae43d5a80c5a2bc6771f13t-600x600.jpg 600w, https:\/\/rfid-laundry-tag.com\/wp-content\/uploads\/2024\/09\/7_H17fee47b9eae43d5a80c5a2bc6771f13t-100x100.jpg 100w, https:\/\/rfid-laundry-tag.com\/wp-content\/uploads\/2024\/09\/7_H17fee47b9eae43d5a80c5a2bc6771f13t.jpg 1000w\" sizes=\"(max-width: 489px) 100vw, 489px\" \/><\/p>\n<h2>On Heavy Duty NFC -tunnisteiden tekniset tiedot<\/h2>\n<p>Alla on t\u00e4rke\u00e4t tekniset tiedot\u00a0<strong>Heavy Duty NFC -tunnisteilla<\/strong>:<\/p>\n<div>\n<div class=\"overflow-x-auto custom-scrollbar custom-scrollbar-wide mb-2\">\n<table class=\"w-fit !mb-2 !max-w-none\">\n<thead>\n<tr>\n<th style=\"text-align: left;\">Ominaisuus<\/th>\n<th style=\"text-align: left;\">Erittely<\/th>\n<\/tr>\n<\/thead>\n<tbody>\n<tr>\n<td>Koko<\/td>\n<td>25mm, 30mm<\/td>\n<\/tr>\n<tr>\n<td>Siru<\/td>\n<td>NTAG213<\/td>\n<\/tr>\n<tr>\n<td>Taajuus<\/td>\n<td>13,56 MHz<\/td>\n<\/tr>\n<tr>\n<td>p\u00f6yt\u00e4kirja<\/td>\n<td>ISO\/IEC 14443A<\/td>\n<\/tr>\n<tr>\n<td>Muisti<\/td>\n<td>180 tavua<\/td>\n<\/tr>\n<tr>\n<td>K\u00e4ytt\u00f6l\u00e4mp\u00f6tila<\/td>\n<td>-20-65 astetta<\/td>\n<\/tr>\n<tr>\n<td>Toimitusaika<\/td>\n<td>7 ty\u00f6p\u00e4iv\u00e4\u00e4<\/td>\n<\/tr>\n<tr>\n<td>Tietojen s\u00e4ilytt\u00e4minen<\/td>\n<td>\u226510 vuotta<\/td>\n<\/tr>\n<tr>\n<td>Lukualue<\/td>\n<td>0-10 cm<\/td>\n<\/tr>\n<\/tbody>\n<\/table>\n<\/div>\n<\/div>\n<p>N\u00e4iden eritelmien ymm\u00e4rt\u00e4minen auttaa k\u00e4ytt\u00e4ji\u00e4 m\u00e4\u00e4ritt\u00e4m\u00e4\u00e4n parhaan tunnisteen omiin tarpeisiinsa.<\/p>\n<h2>NFC-tunnisteiden ymp\u00e4rist\u00f6vaikutukset<\/h2>\n<p>K\u00e4yt\u00f6n ymp\u00e4rist\u00f6vaikutukset\u00a0<strong>NFC-tekniikka<\/strong>\u00a0on kasvava huolenaihe. Onneksi n\u00e4m\u00e4 tunnisteet on suunniteltu kest\u00e4vi\u00e4 k\u00e4yt\u00e4nt\u00f6j\u00e4 ajatellen:<\/p>\n<ul>\n<li><strong>K\u00e4ytetyt materiaalit:<\/strong>\u00a0Valmistuksessa k\u00e4ytetyt materiaalit\u00a0<strong>metallinen NFC<\/strong>\u00a0tunnisteet on valittu niiden pitk\u00e4ik\u00e4isyyden ja kierr\u00e4tett\u00e4vyyden perusteella.<\/li>\n<li><strong>V\u00e4hentynyt j\u00e4te:<\/strong>\u00a0Poistamalla paperilokien ja manuaalisen kirjaamisen tarpeen organisaatiot voivat v\u00e4hent\u00e4\u00e4 merkitt\u00e4v\u00e4sti paperij\u00e4tteen jalanj\u00e4lke\u00e4\u00e4n.<\/li>\n<\/ul>\n<p>Syleilev\u00e4\u00a0<strong>NFC-tunnisteet<\/strong>\u00a0ei vain lis\u00e4\u00e4 turvallisuutta, vaan my\u00f6s vastaa ymp\u00e4rist\u00f6yst\u00e4v\u00e4llisi\u00e4 toimintatapoja.<\/p>\n<h3>Asiakaskokemukset ja arvostelut<\/h3>\n<p>Reaalimaailman sovellukset\u00a0<strong>NFC-tunniste<\/strong>\u00a0voi vaikuttaa ostop\u00e4\u00e4t\u00f6ksiin. T\u00e4\u00e4ll\u00e4 perehdymme asiakkaiden kokemuksiin ja kokemuksiin.<\/p>\n<h2>Usein kysytyt kysymykset Heavy Duty NFC -tunnisteista<\/h2>\n<p><strong>K: Voidaanko n\u00e4it\u00e4 NFC-tunnisteita k\u00e4ytt\u00e4\u00e4 eritt\u00e4in kuumissa tai kylmiss\u00e4 olosuhteissa?<\/strong><br \/>\nV: Kyll\u00e4, k\u00e4ytt\u00f6l\u00e4mp\u00f6tila-alue -20 - 65 astetta C tekee niist\u00e4 sopivia erilaisiin ymp\u00e4rist\u00f6ihin.<\/p>\n<p><strong>K: Kuinka kauan tunnisteen tiedot s\u00e4ilyv\u00e4t?<\/strong><br \/>\nV: Tietojen s\u00e4ilytysaika on v\u00e4hint\u00e4\u00e4n 10 vuotta, mik\u00e4 takaa pitk\u00e4n aikav\u00e4lin luotettavuuden.<\/p>\n<p>Jos sinulla on lis\u00e4\u00e4 kysytt\u00e4v\u00e4\u00e4, ota rohkeasti yhteytt\u00e4 saadaksesi selvennyksi\u00e4.<\/p>\n<p>Yhteenvetona,\u00a0<strong>Raskaaseen k\u00e4ytt\u00f6\u00f6n NFC-tunnisteet Patrolille<\/strong>\u00a0ovat v\u00e4ltt\u00e4m\u00e4t\u00f6n ty\u00f6kalu nykyaikaisille organisaatioille, jotka haluavat parantaa turvallisuuttaan ja johtamisk\u00e4yt\u00e4nt\u00f6j\u00e4\u00e4n. Edistyksellisen teknologiansa, kest\u00e4vyytens\u00e4 ja mukautumiskykyns\u00e4 ansiosta n\u00e4m\u00e4 tunnisteet tarjoavat merkitt\u00e4vi\u00e4 toiminnallisia parannuksia.<\/p>","protected":false},"excerpt":{"rendered":"<p>Paranna partioinnin tehokkuutta On Heavy Duty NFC -tunnisteella, joka on suunniteltu metallipinnoille. Kest\u00e4v\u00e4, luotettava ja t\u00e4ydellinen virtaviivaistettuun tietoturvan hallintaan.<\/p>","protected":false},"featured_media":2642,"template":"","meta":{"_kad_post_transparent":"default","_kad_post_title":"","_kad_post_layout":"default","_kad_post_sidebar_id":"","_kad_post_content_style":"default","_kad_post_vertical_padding":"default","_kad_post_feature":"","_kad_post_feature_position":"","_kad_post_header":false,"_kad_post_footer":false,"_kad_post_classname":""},"product_brand":[],"product_cat":[54],"product_tag":[305,216,290],"class_list":{"0":"post-2641","1":"product","2":"type-product","3":"status-publish","4":"has-post-thumbnail","6":"product_cat-hot-selling-rfid-tags","7":"product_tag-heavy-duty-nfc-tags","8":"product_tag-nfc-patrol-tag","9":"product_tag-nfc-tag","11":"first","12":"instock","13":"shipping-taxable","14":"product-type-simple","15":"entry","16":"content-bg","17":"loop-entry"},"_links":{"self":[{"href":"https:\/\/rfid-laundry-tag.com\/fi\/wp-json\/wp\/v2\/product\/2641","targetHints":{"allow":["GET"]}}],"collection":[{"href":"https:\/\/rfid-laundry-tag.com\/fi\/wp-json\/wp\/v2\/product"}],"about":[{"href":"https:\/\/rfid-laundry-tag.com\/fi\/wp-json\/wp\/v2\/types\/product"}],"version-history":[{"count":1,"href":"https:\/\/rfid-laundry-tag.com\/fi\/wp-json\/wp\/v2\/product\/2641\/revisions"}],"predecessor-version":[{"id":2647,"href":"https:\/\/rfid-laundry-tag.com\/fi\/wp-json\/wp\/v2\/product\/2641\/revisions\/2647"}],"wp:featuredmedia":[{"embeddable":true,"href":"https:\/\/rfid-laundry-tag.com\/fi\/wp-json\/wp\/v2\/media\/2642"}],"wp:attachment":[{"href":"https:\/\/rfid-laundry-tag.com\/fi\/wp-json\/wp\/v2\/media?parent=2641"}],"wp:term":[{"taxonomy":"product_brand","embeddable":true,"href":"https:\/\/rfid-laundry-tag.com\/fi\/wp-json\/wp\/v2\/product_brand?post=2641"},{"taxonomy":"product_cat","embeddable":true,"href":"https:\/\/rfid-laundry-tag.com\/fi\/wp-json\/wp\/v2\/product_cat?post=2641"},{"taxonomy":"product_tag","embeddable":true,"href":"https:\/\/rfid-laundry-tag.com\/fi\/wp-json\/wp\/v2\/product_tag?post=2641"}],"curies":[{"name":"wp","href":"https:\/\/api.w.org\/{rel}","templated":true}]}}