{"id":2638,"date":"2024-09-22T14:53:50","date_gmt":"2024-09-22T14:53:50","guid":{"rendered":"https:\/\/rfid-laundry-tag.com\/?post_type=product&#038;p=2638"},"modified":"2024-09-22T14:53:51","modified_gmt":"2024-09-22T14:53:51","slug":"on-metal-nfc-screw-tag-for-checkpoint-security","status":"publish","type":"product","link":"https:\/\/rfid-laundry-tag.com\/fi\/on-metal-nfc-screw-tag-for-checkpoint-security\/","title":{"rendered":"Metallinen NFC-ruuvikilpi Checkpoint-turvallisuutta varten"},"content":{"rendered":"<p><strong>Metallinen NFC-ruuvilappu Checkpoint-turvallisuutta varten:<\/strong>\u00a0Varmista vankka tarkistuspisteen turvallisuus kest\u00e4v\u00e4ll\u00e4 on-Metal NFC -ruuvitunnisteellamme. Se on rakennettu NTAG213:lla luotettavaa tiedonsiirtoa varten metallipinnoilla, ja se integroituu saumattomasti suojausprotokolliisi ja tarjoaa nopean p\u00e4\u00e4syn ja reaaliaikaisen seurannan turvallisuuden ja tehokkuuden parantamiseksi.<\/p>\n<h2>On-Metal NFC -ruuvitunnisteen ominaisuudet<\/h2>\n<p>The\u00a0<strong>Metallinen NFC-ruuvikilpi<\/strong>\u00a0on suunniteltu useilla merkitt\u00e4vill\u00e4 ominaisuuksilla, jotka tekev\u00e4t siit\u00e4 monipuolisen ratkaisun:<\/p>\n<ul>\n<li><strong>Kest\u00e4vyys<\/strong>: Rakennettu an\u00a0<strong>ABS-kuori<\/strong>\u00a0joka kest\u00e4\u00e4 kovia ymp\u00e4rist\u00f6j\u00e4, t\u00e4m\u00e4 tunniste kest\u00e4\u00e4 p\u00f6ly\u00e4, vett\u00e4 ja kemiallista korroosiota, jolloin saavutetaan\u00a0<strong>IP67<\/strong>\u00a0suojaustaso.<\/li>\n<li><strong>Korkea suorituskyky<\/strong>: Tunniste ty\u00f6llist\u00e4\u00e4\u00a0<strong>NTAG213<\/strong>\u00a0tekniikka, joka mahdollistaa nopean lukunopeuden, tiedonsiirtonopeudella jopa\u00a0<strong>106 kbit\/s<\/strong>, mik\u00e4 mahdollistaa tehokkaan toiminnan kiireisiss\u00e4 ymp\u00e4rist\u00f6iss\u00e4.<\/li>\n<li><strong>Anti-Metal-tekniikka<\/strong>:\u00a0<strong>antimetalli<\/strong>\u00a0toiminto varmistaa, ett\u00e4 tunniste toimii tehokkaasti my\u00f6s kiinnitettyn\u00e4 metallipintoihin, jotka normaalisti h\u00e4iritsev\u00e4t NFC-signaaleja.<\/li>\n<\/ul>\n<p>N\u00e4m\u00e4 ominaisuudet tekev\u00e4t On-Metal NFC Screw Tagista ihanteellisen sovelluksiin logistiikassa, l\u00e4sn\u00e4olon valvonnassa ja muilla aloilla, joilla kest\u00e4vyys ja suorituskyky ovat ensiarvoisen t\u00e4rkeit\u00e4.<\/p>\n<h2>Tekniset tiedot<\/h2>\n<div>\n<div class=\"overflow-x-auto custom-scrollbar custom-scrollbar-wide mb-2\">\n<table class=\"w-fit !mb-2 !max-w-none\">\n<thead>\n<tr>\n<th>Erittely<\/th>\n<th>Yksityiskohdat<\/th>\n<\/tr>\n<\/thead>\n<tbody>\n<tr>\n<td><strong>Siru<\/strong><\/td>\n<td>NTAG213<\/td>\n<\/tr>\n<tr>\n<td><strong>Muisti<\/strong><\/td>\n<td>144\/504\/888\/1 kt tavua<\/td>\n<\/tr>\n<tr>\n<td><strong>p\u00f6yt\u00e4kirja<\/strong><\/td>\n<td>ISO 14443A<\/td>\n<\/tr>\n<tr>\n<td><strong>Taajuus<\/strong><\/td>\n<td>13,56 MHz<\/td>\n<\/tr>\n<tr>\n<td><strong>V\u00e4rivaihtoehdot<\/strong><\/td>\n<td>Musta, Valkoinen, Keltainen<\/td>\n<\/tr>\n<tr>\n<td><strong>Halkaisija<\/strong><\/td>\n<td>25\/30\/35\/40\/52 mm (saatavana mukautettuja kokoja)<\/td>\n<\/tr>\n<tr>\n<td><strong>Paksuus<\/strong><\/td>\n<td>5 mm<\/td>\n<\/tr>\n<tr>\n<td><strong>Paino<\/strong><\/td>\n<td>3 g<\/td>\n<\/tr>\n<tr>\n<td><strong>K\u00e4ytt\u00f6l\u00e4mp\u00f6tila<\/strong><\/td>\n<td>-25 \u00b0C - 70 \u00b0C<\/td>\n<\/tr>\n<tr>\n<td><strong>Pyyhitt\u00e4vyys<\/strong><\/td>\n<td>&gt; 100 000 poistoa<\/td>\n<\/tr>\n<tr>\n<td><strong>Lukuet\u00e4isyys<\/strong><\/td>\n<td>2-20 cm (ymp\u00e4rist\u00f6st\u00e4 riippuen)<\/td>\n<\/tr>\n<\/tbody>\n<\/table>\n<\/div>\n<\/div>\n<p>N\u00e4ill\u00e4 ominaisuuksilla varustettu On-Metal NFC Screw Tag on tehokas ty\u00f6kalu erilaisiin\u00a0<strong>NFC-sovellukset<\/strong>.<\/p>\n<h2>Sovellukset eri toimialoilla<\/h2>\n<p>On-Metal NFC Screw Tagin monipuolisuus mahdollistaa sen k\u00e4yt\u00f6n useilla sektoreilla:<\/p>\n<ul>\n<li><strong>Kulunvalvonta<\/strong>: Hallitse sis\u00e4\u00e4ntulopisteit\u00e4 helposti suojatuissa paikoissa liitt\u00e4m\u00e4ll\u00e4\u00a0<strong>NFC-tunnisteet<\/strong>\u00a0oviin tai portteihin. Tunnisteet voidaan linkitt\u00e4\u00e4 k\u00e4ytt\u00e4j\u00e4profiileihin saumattoman todentamisen varmistamiseksi.<\/li>\n<li><strong>Logistiikka ja varastonhallinta<\/strong>: Yksinkertaista tavaroiden seurantaa asettamalla tunnisteet metallis\u00e4ili\u00f6ihin. N\u00e4iden tunnisteiden kest\u00e4vyys varmistaa, ett\u00e4 ne kest\u00e4v\u00e4t valmistuksen ja kuljetuksen tiukat.<\/li>\n<li><strong>Julkinen liikenne<\/strong>: Paranna k\u00e4ytt\u00f6kokemusta k\u00e4ytt\u00e4m\u00e4ll\u00e4 On-Metal NFC -tunnisteita lippuj\u00e4rjestelmiss\u00e4, jolloin matkustajat voivat tarkistaa tilansa tai ladata tilins\u00e4 helposti.<\/li>\n<\/ul>\n<p>Ottamalla n\u00e4m\u00e4 tunnisteet k\u00e4ytt\u00f6\u00f6n yritykset voivat tehostaa toimintaansa ja parantaa merkitt\u00e4v\u00e4sti palveluiden toimitusta.<\/p>\n<h2>NTAG213:n, NTAG215:n ja NTAG216:n k\u00e4yt\u00f6n edut<\/h2>\n<p>NXP Semiconductorsin NTAG213-, NTAG215- ja NTAG216-sirut tarjoavat selvi\u00e4 etuja:<\/p>\n<ol>\n<li><strong>Segmentointi<\/strong>: K\u00e4ytt\u00e4j\u00e4t voivat segmentoida muistia useille sovelluksille, mik\u00e4 tekee tunnisteista joustavia toiminnaltaan.<\/li>\n<li><strong>Suojausominaisuudet<\/strong>: Varustettu\u00a0<em><strong>ECC-pohjaiset omaper\u00e4isyysallekirjoitukset<\/strong><\/em>\u00a0ja\u00a0<strong>salasanasuojaus<\/strong>, n\u00e4m\u00e4 tunnisteet suojaavat tietoja luvattomalta k\u00e4yt\u00f6lt\u00e4 ja varmistavat eheyden.<\/li>\n<li><strong>Suuri kapasiteetti ja suorituskyky<\/strong>: Laajennetut muistivaihtoehdot tekev\u00e4t siit\u00e4 sopivan sovelluksiin, jotka vaativat huomattavaa tallennustilaa ja s\u00e4ilytt\u00e4v\u00e4t samalla nopeat lukuominaisuudet.<\/li>\n<\/ol>\n<p>N\u00e4m\u00e4 edut antavat yrityksille mahdollisuuden r\u00e4\u00e4t\u00e4l\u00f6id\u00e4 ratkaisujaan erityisten toimintatarpeiden mukaan.<\/p>\n<h2>Asennus- ja k\u00e4ytt\u00f6ohjeet<\/h2>\n<p>On-Metal NFC -ruuvitunnisteen asentaminen on yksinkertaista:<\/p>\n<ol>\n<li><strong>Valitse Sijainti<\/strong>: Valitse metalliesineen tasainen pinta, johon tunniste asetetaan. Varmista, ett\u00e4\u00a0<strong>pinta<\/strong>\u00a0on puhdas ja kuiva.<\/li>\n<li><strong>Kiinnit\u00e4 ruuveilla<\/strong>: K\u00e4yt\u00e4 mukana tulleita ruuveja\u00a0<em>ruuvin reiki\u00e4<\/em>\u00a0pysyv\u00e4n kiinnityksen etiketiss\u00e4.<\/li>\n<li><strong>Liimavaihtoehto<\/strong>: Vaihtoehtoisesti etiketti voidaan kiinnitt\u00e4\u00e4 haluttaessa vahvalla liimalla.<\/li>\n<\/ol>\n<p>Kun tunnisteet on asennettu, ne voidaan skannata helposti yhteensopivilla NFC-yhteensopivilla laitteilla, mik\u00e4 mahdollistaa v\u00e4litt\u00f6m\u00e4n p\u00e4\u00e4syn tunnisteeseen tallennettuihin tietoihin.<\/p>\n<h2>Usein kysytyt kysymykset On-Metal NFC -tunnisteista<\/h2>\n<p><strong>K: Voiko On-Metal NFC Screw Tag toimia kaikilla metallipinnoilla?<\/strong><br \/>\nV: Kyll\u00e4, kiitos sen erikoistumisen\u00a0<strong>antimetallitekniikkaa<\/strong>, tunniste toimii tehokkaasti eri metallipinnoilla ilman h\u00e4iri\u00f6it\u00e4.<\/p>\n<p><strong>K: Kuinka ohjelmoin tai kirjoitan tietoja NTAG213-tunnisteeseen?<\/strong><br \/>\nV: Ohjelmointi voidaan suorittaa k\u00e4ytt\u00e4m\u00e4ll\u00e4 yhteensopivia NFC-laitteita, joissa on sopiva sovellus. Monimutkaisemmissa sovelluksissa kannattaa k\u00e4ytt\u00e4\u00e4 erityist\u00e4 NFC-kirjoitusohjelmistoa.<\/p>\n<p><strong>K: Mik\u00e4 on n\u00e4iden tunnisteiden k\u00e4ytt\u00f6l\u00e4mp\u00f6tila-alue?<\/strong><br \/>\nV: Tunnisteet toimivat tehokkaasti l\u00e4mp\u00f6tiloissa alkaen\u00a0<strong>-25 \u00b0C - 70 \u00b0C<\/strong>.<\/p>\n<h2>Ymp\u00e4rist\u00f6n\u00e4k\u00f6kohdat<\/h2>\n<p>The\u00a0<strong>Metallinen NFC-ruuvikilpi<\/strong>\u00a0on suunniteltu kest\u00e4v\u00e4\u00e4 kehityst\u00e4 ajatellen. Sen vankka rakenne minimoi vaihtotarpeen ja v\u00e4hent\u00e4\u00e4 j\u00e4tett\u00e4. Lis\u00e4ksi oikein h\u00e4vitettyn\u00e4 n\u00e4iden merkkien valmistuksessa k\u00e4ytetyt elementit ovat kierr\u00e4tett\u00e4vi\u00e4.<\/p>","protected":false},"excerpt":{"rendered":"<p>Tehosta toimintaasi on-Metal NFC Screw Tagilla. Kest\u00e4v\u00e4, monipuolinen ja varustettu NFC-tekniikalla saumattomaan tiedonsiirtoon metallipinnoilla.<\/p>","protected":false},"featured_media":2639,"template":"","meta":{"_kad_post_transparent":"default","_kad_post_title":"","_kad_post_layout":"default","_kad_post_sidebar_id":"","_kad_post_content_style":"default","_kad_post_vertical_padding":"default","_kad_post_feature":"","_kad_post_feature_position":"","_kad_post_header":false,"_kad_post_footer":false,"_kad_post_classname":""},"product_brand":[],"product_cat":[54],"product_tag":[305,216,304],"class_list":{"0":"post-2638","1":"product","2":"type-product","3":"status-publish","4":"has-post-thumbnail","6":"product_cat-hot-selling-rfid-tags","7":"product_tag-heavy-duty-nfc-tags","8":"product_tag-nfc-patrol-tag","9":"product_tag-nfc-screw-tag","11":"first","12":"instock","13":"shipping-taxable","14":"product-type-simple","15":"entry","16":"content-bg","17":"loop-entry"},"_links":{"self":[{"href":"https:\/\/rfid-laundry-tag.com\/fi\/wp-json\/wp\/v2\/product\/2638","targetHints":{"allow":["GET"]}}],"collection":[{"href":"https:\/\/rfid-laundry-tag.com\/fi\/wp-json\/wp\/v2\/product"}],"about":[{"href":"https:\/\/rfid-laundry-tag.com\/fi\/wp-json\/wp\/v2\/types\/product"}],"version-history":[{"count":1,"href":"https:\/\/rfid-laundry-tag.com\/fi\/wp-json\/wp\/v2\/product\/2638\/revisions"}],"predecessor-version":[{"id":2640,"href":"https:\/\/rfid-laundry-tag.com\/fi\/wp-json\/wp\/v2\/product\/2638\/revisions\/2640"}],"wp:featuredmedia":[{"embeddable":true,"href":"https:\/\/rfid-laundry-tag.com\/fi\/wp-json\/wp\/v2\/media\/2639"}],"wp:attachment":[{"href":"https:\/\/rfid-laundry-tag.com\/fi\/wp-json\/wp\/v2\/media?parent=2638"}],"wp:term":[{"taxonomy":"product_brand","embeddable":true,"href":"https:\/\/rfid-laundry-tag.com\/fi\/wp-json\/wp\/v2\/product_brand?post=2638"},{"taxonomy":"product_cat","embeddable":true,"href":"https:\/\/rfid-laundry-tag.com\/fi\/wp-json\/wp\/v2\/product_cat?post=2638"},{"taxonomy":"product_tag","embeddable":true,"href":"https:\/\/rfid-laundry-tag.com\/fi\/wp-json\/wp\/v2\/product_tag?post=2638"}],"curies":[{"name":"wp","href":"https:\/\/api.w.org\/{rel}","templated":true}]}}