{"id":2587,"date":"2024-09-20T13:25:42","date_gmt":"2024-09-20T13:25:42","guid":{"rendered":"https:\/\/rfid-laundry-tag.com\/?post_type=product&#038;p=2587"},"modified":"2024-09-20T14:18:31","modified_gmt":"2024-09-20T14:18:31","slug":"rfid-chips-for-uniform-and-linen","status":"publish","type":"product","link":"https:\/\/rfid-laundry-tag.com\/fi\/rfid-chips-for-uniform-and-linen\/","title":{"rendered":"RFID-sirut univormulle ja pellavalle"},"content":{"rendered":"<div>\n<div class=\"auto-hide-last-sibling-br paragraph_1252f paragraph-element\">\n<table width=\"637\">\n<tbody>\n<tr>\n<td width=\"328\"><strong>Tuotteen nimi:<\/strong><\/td>\n<td width=\"309\"><strong>RFID-sirut univormulle ja pellavalle<\/strong><\/td>\n<\/tr>\n<tr>\n<td width=\"328\">RFID-standardi:<\/td>\n<td width=\"309\">ISO\/IEC 18000-6 TypeC (EPC Gen2)<\/td>\n<\/tr>\n<tr>\n<td width=\"328\">Koko ja paino:<\/td>\n<td width=\"309\">70 \u00d7 15 mm, 0,6 g<\/td>\n<\/tr>\n<tr>\n<td width=\"328\">Sirun tyyppi:<\/td>\n<td width=\"309\">Impinj Monza 4QT,NXP U CODE 9<\/td>\n<\/tr>\n<tr>\n<td width=\"328\">EPC-muisti:<\/td>\n<td width=\"309\">128 bitti\u00e4<\/td>\n<\/tr>\n<tr>\n<td width=\"328\">K\u00e4ytt\u00e4j\u00e4n muisti:<\/td>\n<td width=\"309\">512 bitti\u00e4<\/td>\n<\/tr>\n<tr>\n<td width=\"328\">Lukualue (2W ERP FCC):<\/td>\n<td width=\"309\">8 m<\/td>\n<\/tr>\n<tr>\n<td width=\"328\">Lukualue (2W ERP ETSI):<\/td>\n<td width=\"309\">8 m<\/td>\n<\/tr>\n<tr>\n<td width=\"328\">Tunnisteet:<\/td>\n<td width=\"309\">Ompelu, kuumaleimausliima<\/td>\n<\/tr>\n<tr>\n<td width=\"328\">Arvioitu k\u00e4ytt\u00f6ik\u00e4:<\/td>\n<td width=\"309\">200 pesujaksoa tai 3 vuotta sen mukaan, kumpi tulee ensin<\/td>\n<\/tr>\n<tr>\n<td width=\"328\">Pesumenetelm\u00e4:<\/td>\n<td width=\"309\">Pesula, Kemiallinen pesu<\/td>\n<\/tr>\n<tr>\n<td width=\"328\">Vedenpoistopaine:<\/td>\n<td width=\"309\">60 bar<\/td>\n<\/tr>\n<tr>\n<td width=\"328\">Vedenkest\u00e4vyys:<\/td>\n<td width=\"309\">Vedenkest\u00e4v\u00e4<\/td>\n<\/tr>\n<tr>\n<td width=\"328\">Kemiallinen resistanssi:<\/td>\n<td width=\"309\">Pesuaine, huuhteluaine, valkaisuaine (happi\/kloori), alkali<\/td>\n<\/tr>\n<tr>\n<td width=\"328\">Esikuivaus Tumblerissa:<\/td>\n<td width=\"309\">125 \u00baC 15-20 minuuttia<\/td>\n<\/tr>\n<tr>\n<td width=\"328\">Sterilointil\u00e4mp\u00f6tila:<\/td>\n<td width=\"309\">135\u00b0C 15-20 minuuttia<\/td>\n<\/tr>\n<tr>\n<td width=\"328\">Pesul\u00e4mp\u00f6tila:<\/td>\n<td width=\"309\">90\u00b0C, jopa 15 min.<\/td>\n<\/tr>\n<tr>\n<td width=\"328\">Kosteus\/l\u00e4mp\u00f6tila-k\u00e4ytt\u00f6:<\/td>\n<td width=\"309\">-20 - 110 \u00b0C, 8 - 95%RH<\/td>\n<\/tr>\n<tr>\n<td width=\"328\">Kosteus\/l\u00e4mp\u00f6tila-varastointi:<\/td>\n<td width=\"309\">-40 - 110 \u00b0C, 8 - 95%RH<\/td>\n<\/tr>\n<\/tbody>\n<\/table>\n<\/div>\n<\/div>\n<div class=\"auto-hide-last-sibling-br paragraph_1252f paragraph-element\">\n<div data-spm-anchor-id=\"a2700.details.0.i57.23b419c7xXORP0\">\n<h2>Usein kysytyt kysymykset RFID-pesutunnisteista<\/h2>\n<h3>Ent\u00e4 jos RFID-tunnisteeni vaurioituvat?<\/h3>\n<p>RFID-tunnisteet on suunniteltu kest\u00e4m\u00e4\u00e4n teollisuuspesulle tyypillisi\u00e4 korkean paineen ja korkean l\u00e4mp\u00f6tilan skenaarioita. Jos tunniste vaurioituu, sen vaihtaminen uuteen on yksinkertaista.<\/p>\n<h3>Ovatko RFID-pesutunnisteet yhteensopivia viivakoodien kanssa?<\/h3>\n<p>Kyll\u00e4, RFID-tunnisteet voivat toimia olemassa olevien viivakoodij\u00e4rjestelmien rinnalla ja tarjota kattavan varastonhallintaratkaisun.<\/p>\n<h3>Kuinka varmistan, ett\u00e4 tunnisteeni toimivat oikein?<\/h3>\n<p>Suorita rutiiniskannaukset RFID-pyykin tunnisteista varmistaaksesi niiden toimivuuden ja yhdenmukaisuuden. S\u00e4\u00e4nn\u00f6lliset tarkastukset auttavat yll\u00e4pit\u00e4m\u00e4\u00e4n toiminnan tehokkuutta.<\/p>\n<\/div>\n<\/div>\n<h3 class=\"wp-block-heading\">Asennus<\/h3>\n<p><strong>Ommelmerkint\u00e4<\/strong>: Ommellaan tekstiilin helmaan. Ompele pyykkilappu pois taittoviivoista.<br \/>\n<strong>Kuumasaumaus<\/strong>: Kuumasaumattava suoraan tekstiilin p\u00e4\u00e4lle +200\u00b0C:ssa (392\u00b0F), 12-14 s.<br \/>\n<strong>Pussissa<\/strong>: Ommeltava kuten tavallinen hoitotarra. Ompele pyykkilappu pois taittoviivoista.<\/p>\n<div class=\"auto-hide-last-sibling-br paragraph_1252f paragraph-element\">\n<div class=\"auto-hide-last-sibling-br paragraph_1252f paragraph-element\"><strong>Kangastekstiilipest\u00e4v\u00e4n UHF RFID -pesutunnisteen k\u00e4ytt\u00f6tarkoitukset:<\/strong><\/div>\n<ol class=\"auto-hide-last-sibling-br\">\n<li>Industrial Laundry: Virtaviivaistaa yhten\u00e4isen pyykin puhdistusprosesseja ja jakelulogistiikkaa.<\/li>\n<li>Hospitality Sector: Parantaa hotellien kalusteiden ja pyyhkeiden pesuj\u00e4rjestelmien hallintaa.<\/li>\n<li>Terveydenhuoltoteollisuus: Apua sairaala- ja terveydenhuoltoasujen j\u00e4rjest\u00e4misess\u00e4 ja yll\u00e4pidossa.<\/li>\n<\/ol>\n<p style=\"font-weight: 400;\">\n<\/div>","protected":false},"excerpt":{"rendered":"<p>Tehosta univormujen ja liinavaatteiden hallintaa kest\u00e4vill\u00e4 RFID-siruilla, mik\u00e4 varmistaa tehokkaan seurannan, reaaliaikaisen inventaarion ja virtaviivaistetut pyykinpesuprosessit.<\/p>","protected":false},"featured_media":2590,"template":"","meta":{"_kad_post_transparent":"default","_kad_post_title":"","_kad_post_layout":"default","_kad_post_sidebar_id":"","_kad_post_content_style":"default","_kad_post_vertical_padding":"default","_kad_post_feature":"","_kad_post_feature_position":"","_kad_post_header":false,"_kad_post_footer":false,"_kad_post_classname":""},"product_brand":[],"product_cat":[19,16],"product_tag":[298,297,296,30],"class_list":{"0":"post-2587","1":"product","2":"type-product","3":"status-publish","4":"has-post-thumbnail","6":"product_cat-textile-rfid-laundry-tag","7":"product_cat-uhf-rfid-laundry-tags","8":"product_tag-rfid-chip-for-linens","9":"product_tag-rfid-chips-for-uniform","10":"product_tag-textile-uhf-rfid-tags","11":"product_tag-uhf-rfid-laundry-tag","13":"first","14":"instock","15":"featured","16":"shipping-taxable","17":"product-type-simple","18":"entry","19":"content-bg","20":"loop-entry"},"_links":{"self":[{"href":"https:\/\/rfid-laundry-tag.com\/fi\/wp-json\/wp\/v2\/product\/2587","targetHints":{"allow":["GET"]}}],"collection":[{"href":"https:\/\/rfid-laundry-tag.com\/fi\/wp-json\/wp\/v2\/product"}],"about":[{"href":"https:\/\/rfid-laundry-tag.com\/fi\/wp-json\/wp\/v2\/types\/product"}],"version-history":[{"count":1,"href":"https:\/\/rfid-laundry-tag.com\/fi\/wp-json\/wp\/v2\/product\/2587\/revisions"}],"predecessor-version":[{"id":2591,"href":"https:\/\/rfid-laundry-tag.com\/fi\/wp-json\/wp\/v2\/product\/2587\/revisions\/2591"}],"wp:featuredmedia":[{"embeddable":true,"href":"https:\/\/rfid-laundry-tag.com\/fi\/wp-json\/wp\/v2\/media\/2590"}],"wp:attachment":[{"href":"https:\/\/rfid-laundry-tag.com\/fi\/wp-json\/wp\/v2\/media?parent=2587"}],"wp:term":[{"taxonomy":"product_brand","embeddable":true,"href":"https:\/\/rfid-laundry-tag.com\/fi\/wp-json\/wp\/v2\/product_brand?post=2587"},{"taxonomy":"product_cat","embeddable":true,"href":"https:\/\/rfid-laundry-tag.com\/fi\/wp-json\/wp\/v2\/product_cat?post=2587"},{"taxonomy":"product_tag","embeddable":true,"href":"https:\/\/rfid-laundry-tag.com\/fi\/wp-json\/wp\/v2\/product_tag?post=2587"}],"curies":[{"name":"wp","href":"https:\/\/api.w.org\/{rel}","templated":true}]}}