{"id":2581,"date":"2024-09-19T13:02:28","date_gmt":"2024-09-19T13:02:28","guid":{"rendered":"https:\/\/rfid-laundry-tag.com\/?post_type=product&#038;p=2581"},"modified":"2024-09-19T13:40:21","modified_gmt":"2024-09-19T13:40:21","slug":"on-metal-nfc-screw-tag-ntag213","status":"publish","type":"product","link":"https:\/\/rfid-laundry-tag.com\/fi\/on-metal-nfc-screw-tag-ntag213\/","title":{"rendered":"Metallinen NFC-ruuvikilpi Ntag213"},"content":{"rendered":"<p>The <strong>Metallinen NFC-ruuvikilpi<\/strong> on eritt\u00e4in kest\u00e4v\u00e4 NFC-tunniste, joka on suunniteltu erityisesti teollisuusk\u00e4ytt\u00f6\u00f6n. Sen <strong>ABS tai PVC rakenne<\/strong> varmistaa sen olevan <strong>vedenpit\u00e4v\u00e4<\/strong> ja <strong>l\u00e4mm\u00f6nkest\u00e4v\u00e4<\/strong>, joten se sopii vaativiin ymp\u00e4rist\u00f6ihin, kuten korkea kosteus tai \u00e4\u00e4rimm\u00e4iset l\u00e4mp\u00f6tilat.<\/p>\n<h3>Avainominaisuudet:<\/h3>\n<ul>\n<li><strong>Sirun tyyppi<\/strong>: NXP NTAG213 (yhteensopiva kaikkien mobiililaitteiden kanssa)<\/li>\n<li><strong>Muoto<\/strong>: Py\u00f6re\u00e4<\/li>\n<li><strong>Koko<\/strong>: halkaisija 30 mm, plus 2,5 mm paksuus<\/li>\n<li><strong>Antennin koko<\/strong>: 25mm<\/li>\n<li><strong>Kokonaismuisti<\/strong>: 144 tavua<\/li>\n<li><strong>Alustettu muisti<\/strong>: 137 tavua<\/li>\n<li><strong>Toimintataajuus<\/strong>: 13,56 MHz<\/li>\n<\/ul>\n<h3>Ihanteellinen:<\/h3>\n<ul>\n<li>K\u00e4yt\u00e4 metallipinnoilla h\u00e4iritsem\u00e4tt\u00e4.<\/li>\n<li>Pitk\u00e4 lukuet\u00e4isyys jopa vaativissa teollisuusymp\u00e4rist\u00f6iss\u00e4.<\/li>\n<li>Yhteensopiva kaikkien NFC-yhteensopivien laitteiden kanssa (esim. \u00e4lypuhelimet, tabletit).<\/li>\n<\/ul>\n<p>T\u00e4m\u00e4 tunniste on my\u00f6s muokattavissa, ja se tarjoaa erilaisia sirutyyppej\u00e4 ja <strong>ID-tulostusvaihtoehdot<\/strong>. Se voidaan kiinnitt\u00e4\u00e4 ruuvilla tai liimalla, mik\u00e4 varmistaa turvallisen kiinnityksen metalliesineisiin.<\/p>\n<h3 class=\"AnswerParser_AnswerParserH3__Mpe4s\">Tekniset tiedot<\/h3>\n<div class=\"AnswerParser_TableContainer__Erb6v\" data-testid=\"table-container\">\n<table>\n<thead>\n<tr>\n<th>Ominaisuus<\/th>\n<th>Erittely<\/th>\n<\/tr>\n<\/thead>\n<tbody>\n<tr>\n<td>Halkaisija<\/td>\n<td>30 mm<\/td>\n<\/tr>\n<tr>\n<td>Paksuus<\/td>\n<td>3 mm<\/td>\n<\/tr>\n<tr>\n<td>Ruuvin reik\u00e4<\/td>\n<td>3 mm<\/td>\n<\/tr>\n<tr>\n<td>Sirun tyyppi<\/td>\n<td>NTAG213<\/td>\n<\/tr>\n<tr>\n<td>Muisti<\/td>\n<td>144 tavua<\/td>\n<\/tr>\n<tr>\n<td>Taajuus<\/td>\n<td>13,56 MHz (HF)<\/td>\n<\/tr>\n<\/tbody>\n<\/table>\n<\/div>\n<h2 class=\"AnswerParser_AnswerParserH2__SIHnF\">Ntag213-siru: Huippuluokan NFC-tekniikka<\/h2>\n<p><span class=\"AnswerParser_TextContainer__z_Iiv\" data-testid=\"youchat-text\">On-Metal NFC Screw Tagin ytimess\u00e4 on tehokas Ntag213-siru, joka tarjoaa:<\/span><\/p>\n<ul class=\"AnswerParser_AnswerParserUnorderedList__P_1FW\">\n<li class=\"AnswerParser_ListItem__XqLOV\" translate=\"yes\">144 tavua k\u00e4ytt\u00e4j\u00e4muistia<\/li>\n<li class=\"AnswerParser_ListItem__XqLOV\" translate=\"yes\">Nopea luku- ja kirjoitusnopeus<\/li>\n<li class=\"AnswerParser_ListItem__XqLOV\" translate=\"yes\">Yhteensopiva kaikkien NFC-yhteensopivien laitteiden kanssa<\/li>\n<\/ul>\n<p><span class=\"AnswerParser_TextContainer__z_Iiv\" data-testid=\"youchat-text\">T\u00e4m\u00e4 edistyksellinen siru varmistaa, ett\u00e4 tietosi siirret\u00e4\u00e4n nopeasti ja luotettavasti, mik\u00e4 tekee siit\u00e4 t\u00e4ydellisen monenlaisiin NFC-sovelluksiin.<\/span><\/p>\n<h2 class=\"AnswerParser_AnswerParserH2__SIHnF\">On-Metal Performance: H\u00e4iri\u00f6haasteiden voittaminen<\/h2>\n<p><span class=\"AnswerParser_TextContainer__z_Iiv\" data-testid=\"youchat-text\">Perinteiset NFC-tunnisteet ovat usein vaikeuksissa, kun ne asetetaan metallipinnoille signaalih\u00e4iri\u00f6iden vuoksi. On-Metal NFC -ruuvitunnisteet on suunniteltu erityisesti:<\/span><\/p>\n<ul class=\"AnswerParser_AnswerParserUnorderedList__P_1FW\">\n<li class=\"AnswerParser_ListItem__XqLOV\" translate=\"yes\">S\u00e4ilyt\u00e4 optimaalinen suorituskyky metallipinnoilla<\/li>\n<li class=\"AnswerParser_ListItem__XqLOV\" translate=\"yes\">Tarjoa yhten\u00e4iset lukualueet<\/li>\n<li class=\"AnswerParser_ListItem__XqLOV\" translate=\"yes\">Poista v\u00e4likkeiden tai lis\u00e4liimojen tarve<\/li>\n<\/ul>\n<p><span class=\"AnswerParser_TextContainer__z_Iiv\" data-testid=\"youchat-text\">Hy\u00f6dynt\u00e4m\u00e4ll\u00e4 kehittynytt\u00e4 antimetalliteknologiaa n\u00e4m\u00e4 tunnisteet varmistavat luotettavan viestinn\u00e4n my\u00f6s silloin, kun ne kiinnitet\u00e4\u00e4n suoraan metalliesineisiin.<\/span><\/p>\n<h2 class=\"AnswerParser_AnswerParserH2__SIHnF\">Helppo integrointi: Yhteensopiva nykyisen NFC-infrastruktuurisi kanssa<\/h2>\n<p><span class=\"AnswerParser_TextContainer__z_Iiv\" data-testid=\"youchat-text\">On-Metal NFC Screw Tagit on suunniteltu integroitumaan saumattomasti nykyiseen NFC-ekosysteemiisi. Ne ovat:<\/span><\/p>\n<ul class=\"AnswerParser_AnswerParserUnorderedList__P_1FW\">\n<li class=\"AnswerParser_ListItem__XqLOV\" translate=\"yes\">Yhteensopiva kaikkien tavallisten NFC-lukijoiden kanssa<\/li>\n<li class=\"AnswerParser_ListItem__XqLOV\" translate=\"yes\">Helppo ohjelmoida NFC-yhteensopivilla \u00e4lypuhelimilla<\/li>\n<li class=\"AnswerParser_ListItem__XqLOV\" translate=\"yes\">Sopii sek\u00e4 Android- ett\u00e4 iOS-laitteille<\/li>\n<\/ul>\n<p><span class=\"AnswerParser_TextContainer__z_Iiv\" data-testid=\"youchat-text\">T\u00e4m\u00e4 monipuolisuus varmistaa, ett\u00e4 voit ottaa n\u00e4m\u00e4 tunnisteet k\u00e4ytt\u00f6\u00f6n ilman kalliita infrastruktuurip\u00e4ivityksi\u00e4.<\/span><\/p>\n<h2 class=\"AnswerParser_AnswerParserH2__SIHnF\">R\u00e4\u00e4t\u00e4l\u00f6intivaihtoehdot: R\u00e4\u00e4t\u00e4l\u00f6i tunnisteet tarpeidesi mukaan<\/h2>\n<p><span class=\"AnswerParser_TextContainer__z_Iiv\" data-testid=\"youchat-text\">Ymm\u00e4rr\u00e4mme, ett\u00e4 jokaisella yrityksell\u00e4 on ainutlaatuiset vaatimukset. Siksi tarjoamme valikoiman mukautusvaihtoehtoja on-Metal NFC -ruuvitunnisteillemme:<\/span><\/p>\n<ul class=\"AnswerParser_AnswerParserUnorderedList__P_1FW\">\n<li class=\"AnswerParser_ListItem__XqLOV\" translate=\"yes\">R\u00e4\u00e4t\u00e4l\u00f6ity tulostus logollasi tai tuotemerkill\u00e4si<\/li>\n<li class=\"AnswerParser_ListItem__XqLOV\" translate=\"yes\">Erilaisia v\u00e4rivaihtoehtoja, jotka sopivat tyyliisi<\/li>\n<li class=\"AnswerParser_ListItem__XqLOV\" translate=\"yes\">Henkil\u00f6kohtainen koodaus tietyill\u00e4 tiedoillasi<\/li>\n<\/ul>\n<p><span class=\"AnswerParser_TextContainer__z_Iiv\" data-testid=\"youchat-text\">Asiantuntijatiimimme on valmis auttamaan sinua luomaan t\u00e4ydellisen NFC-ratkaisun yrityksesi tarpeisiin.<\/span><\/p>\n<h2 class=\"AnswerParser_AnswerParserH2__SIHnF\">Ymp\u00e4rist\u00f6vaikutukset: Kest\u00e4v\u00e4t NFC-ratkaisut<\/h2>\n<p><span class=\"AnswerParser_TextContainer__z_Iiv\" data-testid=\"youchat-text\">Nykyp\u00e4iv\u00e4n ymp\u00e4rist\u00f6tietoisessa maailmassa olemme sitoutuneet tarjoamaan kest\u00e4vi\u00e4 NFC-ratkaisuja. On-Metal NFC -ruuvitunnisteet:<\/span><\/p>\n<ul class=\"AnswerParser_AnswerParserUnorderedList__P_1FW\">\n<li class=\"AnswerParser_ListItem__XqLOV\" translate=\"yes\">Ne on valmistettu kierr\u00e4tett\u00e4vist\u00e4 materiaaleista<\/li>\n<li class=\"AnswerParser_ListItem__XqLOV\" translate=\"yes\">Pitk\u00e4 k\u00e4ytt\u00f6ik\u00e4 v\u00e4hent\u00e4en j\u00e4tett\u00e4<\/li>\n<li class=\"AnswerParser_ListItem__XqLOV\" translate=\"yes\">Osallistu paperittomiin j\u00e4rjestelmiin, mik\u00e4 v\u00e4hent\u00e4\u00e4 yleist\u00e4 ymp\u00e4rist\u00f6vaikutusta<\/li>\n<\/ul>\n<p><span class=\"AnswerParser_TextContainer__z_Iiv\" data-testid=\"youchat-text\">Valitsemalla tunnisteet et investoi vain huipputeknologiaan vaan my\u00f6s kest\u00e4v\u00e4mp\u00e4\u00e4n tulevaisuuteen.<\/span><\/p>\n<h2 class=\"AnswerParser_AnswerParserH2__SIHnF\">Kustannustehokas ratkaisu: Maksimoi sijoitetun p\u00e4\u00e4oman tuottoprosentti<\/h2>\n<p><span class=\"AnswerParser_TextContainer__z_Iiv\" data-testid=\"youchat-text\">Vaikka On-Metal NFC -ruuvitunnisteiden alkuper\u00e4inen hinta voi olla korkeampi kuin perinteisten tarrapohjaisten tunnisteiden, ne tarjoavat merkitt\u00e4vi\u00e4 pitk\u00e4n aikav\u00e4lin etuja:<\/span><\/p>\n<ul class=\"AnswerParser_AnswerParserUnorderedList__P_1FW\">\n<li class=\"AnswerParser_ListItem__XqLOV\" translate=\"yes\">Pienemm\u00e4t vaihtokustannukset erinomaisen kest\u00e4vyyden ansiosta<\/li>\n<li class=\"AnswerParser_ListItem__XqLOV\" translate=\"yes\">Parempi tehokkuus omaisuuden seurannassa ja hallinnassa<\/li>\n<li class=\"AnswerParser_ListItem__XqLOV\" translate=\"yes\">Mahdollisuus virtaviivaistettuun toimintaan ja kustannuss\u00e4\u00e4st\u00f6ihin<\/li>\n<\/ul>\n<p><span class=\"AnswerParser_TextContainer__z_Iiv\" data-testid=\"youchat-text\">Korkealaatuisiin NFC-tunnisteihimme sijoittaminen voi johtaa sijoitetun p\u00e4\u00e4oman huomattavaan tuottoon ajan mittaan.<\/span><\/p>\n<h2 class=\"AnswerParser_AnswerParserH2__SIHnF\">Helppo asennus ja k\u00e4ytt\u00f6ohje<\/h2>\n<p><span class=\"AnswerParser_TextContainer__z_Iiv\" data-testid=\"youchat-text\">On-Metal NFC -ruuvitunnisteiden k\u00e4yt\u00f6n aloittaminen on helppoa:<\/span><\/p>\n<ol class=\"AnswerParser_AnswerParserOrderedList__kl_2Y\">\n<li class=\"AnswerParser_ListItem__XqLOV\" translate=\"yes\">Puhdista metallipinta, johon kiinnit\u00e4t etiketin<\/li>\n<li class=\"AnswerParser_ListItem__XqLOV\" translate=\"yes\">K\u00e4yt\u00e4 3 mm:n ruuvinreik\u00e4\u00e4 kiinnitt\u00e4\u00e4ksesi etiketin kunnolla<\/li>\n<li class=\"AnswerParser_ListItem__XqLOV\" translate=\"yes\">Ohjelmoi tunniste NFC-yhteensopivalla laitteellasi<\/li>\n<li class=\"AnswerParser_ListItem__XqLOV\" translate=\"yes\">Aloita juuri asennetun NFC-tunnisteen k\u00e4ytt\u00f6!<\/li>\n<\/ol>\n<p><span class=\"AnswerParser_TextContainer__z_Iiv\" data-testid=\"youchat-text\">Tarkemmat ohjeet ja ohjelmointioppaat l\u00f6yd\u00e4t kattavan k\u00e4ytt\u00f6oppaan saapuneesta postilaatikostasi oston j\u00e4lkeen.<\/span><\/p>\n<h2 class=\"AnswerParser_AnswerParserH2__SIHnF\">Usein kysytyt kysymykset<\/h2>\n<p><span class=\"AnswerParser_TextContainer__z_Iiv\" data-testid=\"youchat-text\"><strong>K: Voidaanko n\u00e4it\u00e4 tunnisteita k\u00e4ytt\u00e4\u00e4 ei-metallisilla pinnoilla?<\/strong>\u00a0<\/span><\/p>\n<p><span class=\"AnswerParser_TextContainer__z_Iiv\" data-testid=\"youchat-text\">V: Kyll\u00e4, vaikka tarramme on optimoitu metallipinnoille, ne toimivat yht\u00e4 hyvin ei-metallimateriaaleissa.<\/span><\/p>\n<p><span class=\"AnswerParser_TextContainer__z_Iiv\" data-testid=\"youchat-text\"><strong>K: Mik\u00e4 on n\u00e4iden NFC-tunnisteiden lukualue?<\/strong>\u00a0<\/span><\/p>\n<p><span class=\"AnswerParser_TextContainer__z_Iiv\" data-testid=\"youchat-text\">V: Tyypillinen lukuet\u00e4isyys on jopa 5 cm, riippuen k\u00e4ytetyst\u00e4 lukijalaitteesta.<\/span><\/p>\n<p><span class=\"AnswerParser_TextContainer__z_Iiv\" data-testid=\"youchat-text\"><strong>K: Ovatko n\u00e4m\u00e4 tarrat vedenpit\u00e4vi\u00e4?<\/strong>\u00a0<\/span><\/p>\n<p><span class=\"AnswerParser_TextContainer__z_Iiv\" data-testid=\"youchat-text\">V: Kyll\u00e4, metallirakenne tekee niist\u00e4 eritt\u00e4in kest\u00e4vi\u00e4 vett\u00e4 ja muita nesteit\u00e4 vastaan.<\/span><\/p>","protected":false},"excerpt":{"rendered":"<p>The <strong>Metallinen NFC-ruuvikilpi<\/strong> on eritt\u00e4in kest\u00e4v\u00e4 NFC-tunniste, joka on suunniteltu erityisesti teollisuusk\u00e4ytt\u00f6\u00f6n.<\/p>","protected":false},"featured_media":2582,"template":"","meta":{"_kad_post_transparent":"default","_kad_post_title":"","_kad_post_layout":"default","_kad_post_sidebar_id":"","_kad_post_content_style":"default","_kad_post_vertical_padding":"default","_kad_post_feature":"","_kad_post_feature_position":"","_kad_post_header":false,"_kad_post_footer":false,"_kad_post_classname":""},"product_brand":[],"product_cat":[54],"product_tag":[295,216,290,294],"class_list":{"0":"post-2581","1":"product","2":"type-product","3":"status-publish","4":"has-post-thumbnail","6":"product_cat-hot-selling-rfid-tags","7":"product_tag-nfc-disc-tag","8":"product_tag-nfc-patrol-tag","9":"product_tag-nfc-tag","10":"product_tag-on-metal-nfc-screw-tag","12":"first","13":"instock","14":"shipping-taxable","15":"product-type-simple","16":"entry","17":"content-bg","18":"loop-entry"},"_links":{"self":[{"href":"https:\/\/rfid-laundry-tag.com\/fi\/wp-json\/wp\/v2\/product\/2581","targetHints":{"allow":["GET"]}}],"collection":[{"href":"https:\/\/rfid-laundry-tag.com\/fi\/wp-json\/wp\/v2\/product"}],"about":[{"href":"https:\/\/rfid-laundry-tag.com\/fi\/wp-json\/wp\/v2\/types\/product"}],"version-history":[{"count":1,"href":"https:\/\/rfid-laundry-tag.com\/fi\/wp-json\/wp\/v2\/product\/2581\/revisions"}],"predecessor-version":[{"id":2586,"href":"https:\/\/rfid-laundry-tag.com\/fi\/wp-json\/wp\/v2\/product\/2581\/revisions\/2586"}],"wp:featuredmedia":[{"embeddable":true,"href":"https:\/\/rfid-laundry-tag.com\/fi\/wp-json\/wp\/v2\/media\/2582"}],"wp:attachment":[{"href":"https:\/\/rfid-laundry-tag.com\/fi\/wp-json\/wp\/v2\/media?parent=2581"}],"wp:term":[{"taxonomy":"product_brand","embeddable":true,"href":"https:\/\/rfid-laundry-tag.com\/fi\/wp-json\/wp\/v2\/product_brand?post=2581"},{"taxonomy":"product_cat","embeddable":true,"href":"https:\/\/rfid-laundry-tag.com\/fi\/wp-json\/wp\/v2\/product_cat?post=2581"},{"taxonomy":"product_tag","embeddable":true,"href":"https:\/\/rfid-laundry-tag.com\/fi\/wp-json\/wp\/v2\/product_tag?post=2581"}],"curies":[{"name":"wp","href":"https:\/\/api.w.org\/{rel}","templated":true}]}}