{"id":2576,"date":"2024-09-17T14:08:34","date_gmt":"2024-09-17T14:08:34","guid":{"rendered":"https:\/\/rfid-laundry-tag.com\/?post_type=product&#038;p=2576"},"modified":"2024-09-17T14:08:35","modified_gmt":"2024-09-17T14:08:35","slug":"custom-anti-metal-nfc-coin-tag","status":"publish","type":"product","link":"https:\/\/rfid-laundry-tag.com\/fi\/custom-anti-metal-nfc-coin-tag\/","title":{"rendered":"Mukautettu anti-metallinen NFC-kolikkomerkki"},"content":{"rendered":"<h3>Mukautettu anti-metallinen NFC-kolikkomerkki<\/h3>\n<h2 class=\"AnswerParser_AnswerParserH2__SIHnF\">Mit\u00e4 ovat mukautetut Anti-Metal NFC -kolikkotunnisteet?<\/h2>\n<p><span class=\"AnswerParser_TextContainer__z_Iiv\" data-testid=\"youchat-text\"><strong>Mukautetut anti-metalliset NFC-kolikkotunnisteet<\/strong>\u00a0ovat erityisesti suunniteltuja NFC-tunnisteita, jotka voidaan upottaa erilaisiin tuotteisiin tai mainosmateriaaleihin. Toisin kuin tavalliset NFC-tunnisteet, n\u00e4m\u00e4 tunnisteet on suunniteltu toimimaan tehokkaasti metallipinnoilla, mik\u00e4 tekee niist\u00e4 monipuolisia useisiin sovelluksiin. Tunnisteet voidaan r\u00e4\u00e4t\u00e4l\u00f6id\u00e4 kooltaan ja ulkoasultaan, jolloin yritykset voivat luoda ainutlaatuisia ratkaisuja, jotka tehostavat asiakkaiden vuorovaikutusta.<\/span><span class=\"AnswerParser_TextContainer__z_Iiv\" data-testid=\"youchat-text\">N\u00e4m\u00e4 NFC-kolikkotunnisteet voidaan upottaa \u00e4lykk\u00e4isiin julisteisiin, ikkunoihin ja jopa suoraan tuotteisiin, jolloin kuluttajat voivat napauttaa NFC-yhteensopivia \u00e4lypuhelimiaan saadakseen t\u00e4rkeit\u00e4 tietoja tai kampanjoita v\u00e4litt\u00f6m\u00e4sti.<\/span><\/p>\n<h2 class=\"AnswerParser_AnswerParserH2__SIHnF\">Kuinka NFC-tekniikka toimii?<\/h2>\n<p><span class=\"AnswerParser_TextContainer__z_Iiv\" data-testid=\"youchat-text\">NFC-tekniikka mahdollistaa lyhyen kantaman viestinn\u00e4n laitteiden v\u00e4lill\u00e4. N\u00e4in se toimii, kun kuluttaja on vuorovaikutuksessa NFC-tunnisteen kanssa:<\/span><\/p>\n<ol class=\"AnswerParser_AnswerParserOrderedList__kl_2Y\">\n<li class=\"AnswerParser_ListItem__XqLOV\" translate=\"yes\"><strong>Napauta Vuorovaikutus<\/strong>: Kun kuluttaja napauttaa NFC-yhteensopivaa \u00e4lypuhelintaan NFC-tunnistetta vasten, puhelin havaitsee tunnisteen yksil\u00f6llisen tunnisteen.<\/li>\n<li class=\"AnswerParser_ListItem__XqLOV\" translate=\"yes\"><strong>URL-osoitteiden tunnistus<\/strong>: NFC-tunniste sis\u00e4lt\u00e4\u00e4 URL-osoitteen, joka on linkitetty tiettyyn kampanjaan tai tietoon.<\/li>\n<li class=\"AnswerParser_ListItem__XqLOV\" translate=\"yes\"><strong>Tiedonvaihto<\/strong>: \u00c4lypuhelin l\u00e4hett\u00e4\u00e4 URL-osoitteen pilvipalvelimelle, joka hakee kyseiseen URL-osoitteeseen liittyv\u00e4t kampanjatiedot.<\/li>\n<li class=\"AnswerParser_ListItem__XqLOV\" translate=\"yes\"><strong>N\u00e4ytt\u00f6 \u00e4lypuhelimessa<\/strong>: Haetut kampanjatiedot n\u00e4ytet\u00e4\u00e4n sitten kuluttajan \u00e4lypuhelimessa, mik\u00e4 tarjoaa v\u00e4litt\u00f6m\u00e4n p\u00e4\u00e4syn sis\u00e4lt\u00f6\u00f6n, kuten kampanjatarjouksiin, tuotetietoihin tai interaktiivisiin kokemuksiin.<\/li>\n<\/ol>\n<p><span class=\"AnswerParser_TextContainer__z_Iiv\" data-testid=\"youchat-text\">T\u00e4m\u00e4 saumaton tiedonvaihto lis\u00e4\u00e4 k\u00e4ytt\u00e4jien sitoutumista ja yksinkertaistaa tapaa, jolla br\u00e4ndit ovat yhteydess\u00e4 yleis\u00f6\u00f6ns\u00e4.<\/span><\/p>\n<h2 class=\"AnswerParser_AnswerParserH2__SIHnF\">Mukautettujen NFC-kolikkotunnisteiden k\u00e4yt\u00f6n edut<\/h2>\n<p><span class=\"AnswerParser_TextContainer__z_Iiv\" data-testid=\"youchat-text\">Mukautettujen NFC-kolikkotunnisteiden k\u00e4ytt\u00f6 tarjoaa lukuisia etuja:<\/span><\/p>\n<ul class=\"AnswerParser_AnswerParserUnorderedList__P_1FW\">\n<li class=\"AnswerParser_ListItem__XqLOV\" translate=\"yes\"><strong>Saumaton vuorovaikutus<\/strong>: Toisin kuin WiFi-markkinointi, NFC ei vaadi kuluttajia m\u00e4\u00e4ritt\u00e4m\u00e4\u00e4n \u00e4lypuhelimiaan. K\u00e4ytt\u00e4j\u00e4t p\u00e4\u00e4sev\u00e4t nopeasti k\u00e4siksi tietoihin yksinkertaisella napautuksella, mik\u00e4 tekee siit\u00e4 k\u00e4ytt\u00e4j\u00e4yst\u00e4v\u00e4llisen kokemuksen.<\/li>\n<li class=\"AnswerParser_ListItem__XqLOV\" translate=\"yes\"><strong>Tehostettu sitoutuminen<\/strong>: NFC-kolikkotunnisteiden avulla br\u00e4ndit voivat luoda interaktiivisia ja dynaamisia markkinointikampanjoita, jotka kiinnitt\u00e4v\u00e4t kuluttajien huomion ja edist\u00e4v\u00e4t br\u00e4ndiuskollisuutta.<\/li>\n<li class=\"AnswerParser_ListItem__XqLOV\" translate=\"yes\"><strong>Monipuolisuus<\/strong>: N\u00e4it\u00e4 tunnisteita voidaan kiinnitt\u00e4\u00e4 erilaisille pinnoille, mukaan lukien metallille, mik\u00e4 tekee niist\u00e4 sopivia monenlaisille tuotteille ja mainosmateriaaleille.<\/li>\n<\/ul>\n<p><span class=\"AnswerParser_TextContainer__z_Iiv\" data-testid=\"youchat-text\">N\u00e4m\u00e4 edut asettavat NFC-kolikkotunnisteet tehokkaaksi ty\u00f6kaluksi nykyaikaisissa markkinointistrategioissa.<\/span><\/p>\n<h2 class=\"AnswerParser_AnswerParserH2__SIHnF\">Materiaali- ja suunnitteluvaihtoehdot NFC-kolikkotunnisteille<\/h2>\n<p><span class=\"AnswerParser_TextContainer__z_Iiv\" data-testid=\"youchat-text\">Mukautetut NFC-kolikkotunnisteet on valmistettu kest\u00e4vist\u00e4 materiaaleista, jotka takaavat pitk\u00e4ik\u00e4isyyden ja toimivuuden:<\/span><\/p>\n<ul class=\"AnswerParser_AnswerParserUnorderedList__P_1FW\">\n<li class=\"AnswerParser_ListItem__XqLOV\" translate=\"yes\"><strong>PVC\/PET<\/strong>: N\u00e4it\u00e4 materiaaleja k\u00e4ytet\u00e4\u00e4n yleisesti niiden lujuuden ja joustavuuden vuoksi, joten ne sopivat ihanteellisesti jokap\u00e4iv\u00e4iseen k\u00e4ytt\u00f6\u00f6n.<\/li>\n<li class=\"AnswerParser_ListItem__XqLOV\" translate=\"yes\"><strong>Anti-metalli materiaali<\/strong>: Ainutlaatuinen antimetallirakenne mahdollistaa NFC-tunnisteiden k\u00e4yt\u00f6n metallipinnoilla ilman h\u00e4iri\u00f6it\u00e4, mik\u00e4 varmistaa luotettavan suorituskyvyn.<\/li>\n<\/ul>\n<p><span class=\"AnswerParser_TextContainer__z_Iiv\" data-testid=\"youchat-text\">Lis\u00e4ksi NFC-kolikkotunnisteiden kokoa voidaan mukauttaa vastaamaan erityisi\u00e4 tarpeita, mik\u00e4 tarjoaa joustavuutta suunnittelussa ja sovelluksessa.<\/span><\/p>\n<h2 class=\"AnswerParser_AnswerParserH2__SIHnF\">Painatus- ja askartelutekniikat<\/h2>\n<p><span class=\"AnswerParser_TextContainer__z_Iiv\" data-testid=\"youchat-text\">Mukautettujen NFC-kolikkotunnisteiden tulostus- ja valmistusvaihtoehtoja ovat:<\/span><\/p>\n<ul class=\"AnswerParser_AnswerParserUnorderedList__P_1FW\">\n<li class=\"AnswerParser_ListItem__XqLOV\" translate=\"yes\"><strong>CMYK-offsetpaino\/digitaalipainatus<\/strong>: N\u00e4m\u00e4 tekniikat mahdollistavat laadukkaita, v\u00e4rikk\u00e4it\u00e4 malleja, joissa voi olla logoja, br\u00e4nd\u00e4yksi\u00e4 ja muita visuaalisia elementtej\u00e4.<\/li>\n<li class=\"AnswerParser_ListItem__XqLOV\" translate=\"yes\"><strong>K\u00e4sity\u00f6tekniikat<\/strong>: Jokaiseen tunnisteeseen voidaan luoda ainutlaatuisia ominaisuuksia, kuten numerointi tai koodaus, toiminnallisuuden ja br\u00e4nd\u00e4yksen parantamiseksi.<\/li>\n<\/ul>\n<p><span class=\"AnswerParser_TextContainer__z_Iiv\" data-testid=\"youchat-text\">N\u00e4m\u00e4 vaihtoehdot varmistavat, ett\u00e4 jokainen NFC-kolikkotunniste voidaan r\u00e4\u00e4t\u00e4l\u00f6id\u00e4 vastaamaan br\u00e4ndin identiteetti\u00e4 ja s\u00e4ilytt\u00e4\u00e4 samalla korkeat laatuvaatimukset.<\/span><\/p>\n<h2 class=\"AnswerParser_AnswerParserH2__SIHnF\">NFC-kolikkotunnisteiden sovellukset markkinoinnissa<\/h2>\n<p><span class=\"AnswerParser_TextContainer__z_Iiv\" data-testid=\"youchat-text\">NFC-kolikkotunnisteita voidaan k\u00e4ytt\u00e4\u00e4 erilaisissa markkinointisovelluksissa, mukaan lukien:<\/span><\/p>\n<ul class=\"AnswerParser_AnswerParserUnorderedList__P_1FW\">\n<li class=\"AnswerParser_ListItem__XqLOV\" translate=\"yes\"><strong>\u00c4lykk\u00e4\u00e4t julisteet<\/strong>: Br\u00e4ndit voivat upottaa NFC-kolikkotunnisteita julisteisiin houkutellakseen kuluttajia interaktiivisella sis\u00e4ll\u00f6ll\u00e4, kuten videoilla tai kampanjatarjouksilla.<\/li>\n<li class=\"AnswerParser_ListItem__XqLOV\" translate=\"yes\"><strong>Tuotteen pakkaus<\/strong>: Integroimalla NFC-tunnisteet tuotepakkauksiin yritykset voivat tarjota asiakkaille helpon p\u00e4\u00e4syn tuotetta koskeviin tietoihin, mukaan lukien ohjeet, k\u00e4ytt\u00f6vinkit ja erikoistarjoukset.<\/li>\n<li class=\"AnswerParser_ListItem__XqLOV\" translate=\"yes\"><strong>Tapahtumakampanjat<\/strong>: NFC-kolikkotunnisteita voidaan k\u00e4ytt\u00e4\u00e4 tapahtumissa mahdollistamaan nopean p\u00e4\u00e4syn tapahtumatietoihin, aikatauluihin ja mainosmateriaaliin.<\/li>\n<\/ul>\n<p><span class=\"AnswerParser_TextContainer__z_Iiv\" data-testid=\"youchat-text\">N\u00e4m\u00e4 sovellukset osoittavat NFC-kolikkotunnisteiden monipuolisuuden lis\u00e4\u00e4m\u00e4ll\u00e4 markkinointiponnisteluja ja kuluttajien sitoutumista.<\/span><\/p>\n<h2 class=\"AnswerParser_AnswerParserH2__SIHnF\">Minimitilausm\u00e4\u00e4r\u00e4 ja n\u00e4ytteen saatavuus<\/h2>\n<p><span class=\"AnswerParser_TextContainer__z_Iiv\" data-testid=\"youchat-text\">Kun harkitset mukautettuja NFC-kolikkotunnisteita, on t\u00e4rke\u00e4\u00e4 huomioida seuraavat asiat:<\/span><\/p>\n<ul class=\"AnswerParser_AnswerParserUnorderedList__P_1FW\">\n<li class=\"AnswerParser_ListItem__XqLOV\" translate=\"yes\"><strong>Minimitilausm\u00e4\u00e4r\u00e4 (MOQ)<\/strong>: R\u00e4\u00e4t\u00e4l\u00f6ityjen NFC-kolikkotunnisteiden MOQ on\u00a0<strong>500<\/strong>\u00a0yksik\u00f6it\u00e4 ja varmistaa, ett\u00e4 yritykset voivat skaalata myynninedist\u00e4mistoimiaan tehokkaasti.<\/li>\n<li class=\"AnswerParser_ListItem__XqLOV\" translate=\"yes\"><strong>N\u00e4ytteen saatavuus<\/strong>: Ilmaisia n\u00e4ytteit\u00e4 on saatavilla pyynn\u00f6st\u00e4, jolloin yritykset voivat arvioida NFC-tunnisteiden laatua ja toimivuutta ennen suurempien tilausten tekemist\u00e4.<\/li>\n<\/ul>\n<p><span class=\"AnswerParser_TextContainer__z_Iiv\" data-testid=\"youchat-text\">T\u00e4m\u00e4n joustavuuden ansiosta yritysten on helpompi sis\u00e4llytt\u00e4\u00e4 NFC-tekniikka markkinointistrategioihinsa.<\/span><\/p>\n<h2 class=\"AnswerParser_AnswerParserH2__SIHnF\">NFC-tekniikan suojausominaisuudet<\/h2>\n<p><span class=\"AnswerParser_TextContainer__z_Iiv\" data-testid=\"youchat-text\">NFC-tekniikka sis\u00e4lt\u00e4\u00e4 useita suojausominaisuuksia tietojen ja tapahtumien suojaamiseksi:<\/span><\/p>\n<ul class=\"AnswerParser_AnswerParserUnorderedList__P_1FW\">\n<li class=\"AnswerParser_ListItem__XqLOV\" translate=\"yes\"><strong>Salaus<\/strong>: NFC-tunnisteen ja \u00e4lypuhelimen v\u00e4lill\u00e4 vaihdetut tiedot voidaan salata, mik\u00e4 varmistaa, ett\u00e4 arkaluontoiset tiedot pysyv\u00e4t turvassa.<\/li>\n<li class=\"AnswerParser_ListItem__XqLOV\" translate=\"yes\"><strong>Peukaloinnin esto<\/strong>: Monet NFC-tunnisteet on suunniteltu est\u00e4m\u00e4\u00e4n peukalointia ja tarjoavat lis\u00e4suojausta br\u00e4ndeille ja kuluttajille.<\/li>\n<\/ul>\n<p><span class=\"AnswerParser_TextContainer__z_Iiv\" data-testid=\"youchat-text\">N\u00e4m\u00e4 suojausominaisuudet tekev\u00e4t NFC-tekniikasta luotettavan valinnan yrityksille, jotka haluavat sitouttaa asiakkaita ja samalla suojata heid\u00e4n tietojaan.<\/span><\/p>\n<h2 class=\"AnswerParser_AnswerParserH2__SIHnF\">Usein kysytyt kysymykset mukautetuista anti-Metal NFC -kolikkotunnisteista<\/h2>\n<p><span class=\"AnswerParser_TextContainer__z_Iiv\" data-testid=\"youchat-text\"><strong>K: Voidaanko NFC-kolikkotunnisteita k\u00e4ytt\u00e4\u00e4 uudelleen?<\/strong><br \/>\nV: NFC-kolikkotunnisteita voidaan yleens\u00e4 k\u00e4ytt\u00e4\u00e4 useita kertoja riippuen sirutyypist\u00e4 ja siit\u00e4, onko ne ohjelmoitu tallentamaan uusia tietoja.<\/span><\/p>\n<p><span class=\"AnswerParser_TextContainer__z_Iiv\" data-testid=\"youchat-text\"><strong>K: Mitk\u00e4 laitteet ovat yhteensopivia NFC-kolikkotunnisteiden kanssa?<\/strong><br \/>\nV: NFC-kolikkotunnisteet ovat yhteensopivia useimpien NFC-yhteensopivien \u00e4lypuhelimien kanssa, mukaan lukien Android-laitteet ja iPhonet.<\/span><\/p>\n<p><span class=\"AnswerParser_TextContainer__z_Iiv\" data-testid=\"youchat-text\"><strong>K: Ovatko NFC-kolikkotunnisteet vedenpit\u00e4vi\u00e4?<\/strong><br \/>\nV: Vaikka NFC-kolikkotunnisteet on suunniteltu kest\u00e4m\u00e4\u00e4n, niiden vedenkest\u00e4vyys voi vaihdella k\u00e4ytetyist\u00e4 materiaaleista riippuen. On v\u00e4ltt\u00e4m\u00e4t\u00f6nt\u00e4 tarkistaa tiedot teknisist\u00e4 tiedoista.<\/span><\/p>","protected":false},"excerpt":{"rendered":"<p>Mukautetut anti-Metal NFC -kolikkotunnisteet mahdollistavat saumattoman kuluttajien sitoutumisen. Napauta n\u00e4hd\u00e4ksesi tiedot v\u00e4litt\u00f6m\u00e4sti, t\u00e4ydellinen metallipintojen markkinointiin.<\/p>","protected":false},"featured_media":2577,"template":"","meta":{"_kad_post_transparent":"default","_kad_post_title":"","_kad_post_layout":"default","_kad_post_sidebar_id":"","_kad_post_content_style":"default","_kad_post_vertical_padding":"default","_kad_post_feature":"","_kad_post_feature_position":"","_kad_post_header":false,"_kad_post_footer":false,"_kad_post_classname":""},"product_brand":[],"product_cat":[54],"product_tag":[292,290,293],"class_list":{"0":"post-2576","1":"product","2":"type-product","3":"status-publish","4":"has-post-thumbnail","6":"product_cat-hot-selling-rfid-tags","7":"product_tag-anti-metal-nfc-coin-tag","8":"product_tag-nfc-tag","9":"product_tag-nfc-token","11":"first","12":"instock","13":"shipping-taxable","14":"product-type-simple","15":"entry","16":"content-bg","17":"loop-entry"},"_links":{"self":[{"href":"https:\/\/rfid-laundry-tag.com\/fi\/wp-json\/wp\/v2\/product\/2576","targetHints":{"allow":["GET"]}}],"collection":[{"href":"https:\/\/rfid-laundry-tag.com\/fi\/wp-json\/wp\/v2\/product"}],"about":[{"href":"https:\/\/rfid-laundry-tag.com\/fi\/wp-json\/wp\/v2\/types\/product"}],"version-history":[{"count":1,"href":"https:\/\/rfid-laundry-tag.com\/fi\/wp-json\/wp\/v2\/product\/2576\/revisions"}],"predecessor-version":[{"id":2580,"href":"https:\/\/rfid-laundry-tag.com\/fi\/wp-json\/wp\/v2\/product\/2576\/revisions\/2580"}],"wp:featuredmedia":[{"embeddable":true,"href":"https:\/\/rfid-laundry-tag.com\/fi\/wp-json\/wp\/v2\/media\/2577"}],"wp:attachment":[{"href":"https:\/\/rfid-laundry-tag.com\/fi\/wp-json\/wp\/v2\/media?parent=2576"}],"wp:term":[{"taxonomy":"product_brand","embeddable":true,"href":"https:\/\/rfid-laundry-tag.com\/fi\/wp-json\/wp\/v2\/product_brand?post=2576"},{"taxonomy":"product_cat","embeddable":true,"href":"https:\/\/rfid-laundry-tag.com\/fi\/wp-json\/wp\/v2\/product_cat?post=2576"},{"taxonomy":"product_tag","embeddable":true,"href":"https:\/\/rfid-laundry-tag.com\/fi\/wp-json\/wp\/v2\/product_tag?post=2576"}],"curies":[{"name":"wp","href":"https:\/\/api.w.org\/{rel}","templated":true}]}}