{"id":2571,"date":"2024-09-17T13:42:59","date_gmt":"2024-09-17T13:42:59","guid":{"rendered":"https:\/\/rfid-laundry-tag.com\/?post_type=product&#038;p=2571"},"modified":"2024-09-17T13:43:00","modified_gmt":"2024-09-17T13:43:00","slug":"custom-guard-nfc-token-on-metal","status":"publish","type":"product","link":"https:\/\/rfid-laundry-tag.com\/fi\/custom-guard-nfc-token-on-metal\/","title":{"rendered":"Custom Guard NFC Token ON-METAL"},"content":{"rendered":"<h3>Custom Guard NFC Token ON-METAL<\/h3>\n<h3>Avainominaisuudet:<\/h3>\n<ul>\n<li><strong>Sirun tyyppi<\/strong>: NTAG213, joka tunnetaan suuresta muistikapasiteetistaan ja sopii useisiin eri sovelluksiin.<\/li>\n<li><strong>On-Metal-toiminnallisuus<\/strong>: Varustettu 0,2 mm:n paksuisella antimetallilla eristekerroksella, joka mahdollistaa luotettavan NFC-toiminnan metallipinnoilla.<\/li>\n<li><strong>Materiaali<\/strong>: Valmistettu sile\u00e4st\u00e4, tukevasta PVC-muovista, suunniteltu vedenpit\u00e4v\u00e4ksi ja erityisesti muokattavissa logoilla tai kuvilla; saatavana my\u00f6s mustana.<\/li>\n<li><strong>Liima<\/strong>: Mukana 3M 9448A pehmopaperiteippi, kevyt akryyliliima, joka tarjoaa vahvan sidoksen eri pintoihin; saatavana my\u00f6s vaihtoehto ilman liimaa.<\/li>\n<li><strong>Kokovaihtoehdot<\/strong>: Saatavana eri muodoissa, kuten py\u00f6re\u00e4 (25 mm, 30 mm, 35 mm) ja neli\u00f6 (30 mm x 30 mm), mukautettuja kokoja mahdollista.<\/li>\n<li><strong>Ty\u00f6tilat<\/strong>: Tukee sek\u00e4 luku- ett\u00e4 kirjoitustoimintoja tietojen tallentamiseen ja hakemiseen.<\/li>\n<li><strong>Lue Et\u00e4isyys<\/strong>: Pystyy lukemaan 1-30 cm:n et\u00e4isyydelt\u00e4 k\u00e4ytt\u00f6olosuhteista riippuen.<\/li>\n<li><strong>K\u00e4sity\u00f6vaihtoehdot<\/strong>: Mukautettavat pinnat, mukaan lukien kiilt\u00e4v\u00e4, mattapintainen, hologrammi ja vaihtoehdot lasernumerointiin tai QR-koodeihin.<\/li>\n<\/ul>\n<h3>Sovellukset:<\/h3>\n<ul>\n<li><strong>Kulunvalvonta<\/strong>: Ihanteellinen p\u00e4\u00e4syn valvontaan ja valvontaan eri ymp\u00e4rist\u00f6iss\u00e4.<\/li>\n<li><strong>Automaatio<\/strong>: Voidaan k\u00e4ytt\u00e4\u00e4 automaattisissa j\u00e4rjestelmiss\u00e4 seuranta- ja tunnistustarkoituksiin.<\/li>\n<li><strong>Varastonhallinta<\/strong>: Hy\u00f6dyllinen varastojen ja varastojen hallintaan merkittyjen kohteiden reaaliaikaisen tunnistamisen avulla.<\/li>\n<li><strong>Vartijan kierrokset<\/strong>: Suunniteltu erityisesti k\u00e4ytett\u00e4v\u00e4ksi vartijakierrosj\u00e4rjestelmiss\u00e4, mik\u00e4 varmistaa turvahenkil\u00f6st\u00f6n tehokkaan seurannan.<\/li>\n<\/ul>\n<p>T\u00e4m\u00e4 NFC-tunnustyyppi yhdist\u00e4\u00e4 saumattomasti toiminnallisuuden ja helppok\u00e4ytt\u00f6isyyden, mik\u00e4 tekee siit\u00e4 erinomaisen valinnan erilaisiin NFC-sovelluksiin tietoturvan ja omaisuudenhallinnan alalla.<\/p>","protected":false},"excerpt":{"rendered":"<p>Metalliset NFC-tunnukset ovat mullistaneet tavan olla vuorovaikutuksessa teknologian kanssa, erityisesti turvallisuuden ja omaisuudenhallinnan alalla.<\/p>","protected":false},"featured_media":2572,"template":"","meta":{"_kad_post_transparent":"default","_kad_post_title":"","_kad_post_layout":"default","_kad_post_sidebar_id":"","_kad_post_content_style":"default","_kad_post_vertical_padding":"default","_kad_post_feature":"","_kad_post_feature_position":"","_kad_post_header":false,"_kad_post_footer":false,"_kad_post_classname":""},"product_brand":[],"product_cat":[54],"product_tag":[],"class_list":{"0":"post-2571","1":"product","2":"type-product","3":"status-publish","4":"has-post-thumbnail","6":"product_cat-hot-selling-rfid-tags","8":"first","9":"instock","10":"shipping-taxable","11":"product-type-simple","12":"entry","13":"content-bg","14":"loop-entry"},"_links":{"self":[{"href":"https:\/\/rfid-laundry-tag.com\/fi\/wp-json\/wp\/v2\/product\/2571","targetHints":{"allow":["GET"]}}],"collection":[{"href":"https:\/\/rfid-laundry-tag.com\/fi\/wp-json\/wp\/v2\/product"}],"about":[{"href":"https:\/\/rfid-laundry-tag.com\/fi\/wp-json\/wp\/v2\/types\/product"}],"version-history":[{"count":2,"href":"https:\/\/rfid-laundry-tag.com\/fi\/wp-json\/wp\/v2\/product\/2571\/revisions"}],"predecessor-version":[{"id":2575,"href":"https:\/\/rfid-laundry-tag.com\/fi\/wp-json\/wp\/v2\/product\/2571\/revisions\/2575"}],"wp:featuredmedia":[{"embeddable":true,"href":"https:\/\/rfid-laundry-tag.com\/fi\/wp-json\/wp\/v2\/media\/2572"}],"wp:attachment":[{"href":"https:\/\/rfid-laundry-tag.com\/fi\/wp-json\/wp\/v2\/media?parent=2571"}],"wp:term":[{"taxonomy":"product_brand","embeddable":true,"href":"https:\/\/rfid-laundry-tag.com\/fi\/wp-json\/wp\/v2\/product_brand?post=2571"},{"taxonomy":"product_cat","embeddable":true,"href":"https:\/\/rfid-laundry-tag.com\/fi\/wp-json\/wp\/v2\/product_cat?post=2571"},{"taxonomy":"product_tag","embeddable":true,"href":"https:\/\/rfid-laundry-tag.com\/fi\/wp-json\/wp\/v2\/product_tag?post=2571"}],"curies":[{"name":"wp","href":"https:\/\/api.w.org\/{rel}","templated":true}]}}