{"id":2567,"date":"2024-09-16T05:27:07","date_gmt":"2024-09-16T05:27:07","guid":{"rendered":"https:\/\/rfid-laundry-tag.com\/?post_type=product&#038;p=2567"},"modified":"2024-09-16T05:27:07","modified_gmt":"2024-09-16T05:27:07","slug":"custom-printing-on-metal-nfc-sticker-ntag213","status":"publish","type":"product","link":"https:\/\/rfid-laundry-tag.com\/fi\/custom-printing-on-metal-nfc-sticker-ntag213\/","title":{"rendered":"Mukautettu tulostus metallille NFC-tarra NTAG213"},"content":{"rendered":"<p><strong>Metallinen NFC-tarra<\/strong>\u00a0varustettu luotettavalla\u00a0<strong>NTAG213 NFC-siru<\/strong>. N\u00e4m\u00e4 innovatiiviset tarrat on suunniteltu toimimaan virheett\u00f6m\u00e4sti metallipinnoilla, mik\u00e4 avaa dynaamisen tavan sitouttaa asiakkaita, jakaa tietoja nopeasti ja parantaa markkinointistrategioita. Halusitpa sitten esitell\u00e4 logoasi, tarjota tuotetietoja tai lis\u00e4t\u00e4 asiakkaiden vuorovaikutusta, metalliset NFC-tarramme ovat etsim\u00e4si ratkaisu.<\/p>\n<table class=\"has-title is-zebra hight-light-first-column all magic-22\">\n<tbody>\n<tr>\n<td colspan=\"1\" rowspan=\"1\">\n<div class=\"magic-23\" data-spm-anchor-id=\"a2700.details.0.i46.640212393xXGMO\">Tuotteen nimi<\/div>\n<\/td>\n<td colspan=\"4\" rowspan=\"1\">\n<div class=\"magic-24\">Mukautettu tulostus metallille NFC-tarra NTAG213<\/div>\n<\/td>\n<\/tr>\n<tr>\n<td colspan=\"1\" rowspan=\"1\">\n<div class=\"magic-23\">Ty\u00f6skentelytaajuus<\/div>\n<\/td>\n<td colspan=\"4\" rowspan=\"1\">\n<div class=\"magic-24\">13,56 MHz<\/div>\n<\/td>\n<\/tr>\n<tr>\n<td colspan=\"1\" rowspan=\"1\">\n<div class=\"magic-23\">p\u00f6yt\u00e4kirja<\/div>\n<\/td>\n<td colspan=\"4\" rowspan=\"1\">\n<div class=\"magic-24\">\u00a0ISO14443A NFC Forum Type 2<\/div>\n<\/td>\n<\/tr>\n<tr>\n<td colspan=\"1\" rowspan=\"1\">\n<div class=\"magic-23\">Materiaali<\/div>\n<\/td>\n<td colspan=\"4\" rowspan=\"1\">\n<div class=\"magic-27\">Paperi tai valkoinen PET tai pehme\u00e4\/kova PVC<\/div>\n<\/td>\n<\/tr>\n<tr>\n<td colspan=\"1\" rowspan=\"1\">\n<div class=\"magic-23\">IC<\/div>\n<\/td>\n<td colspan=\"4\" rowspan=\"1\">\n<div class=\"magic-27\">NXP Ntag213<\/div>\n<\/td>\n<\/tr>\n<tr>\n<td colspan=\"1\" rowspan=\"1\">\n<div class=\"magic-23\">Antenni<\/div>\n<\/td>\n<td colspan=\"4\" rowspan=\"1\">\n<div class=\"magic-27\">Sy\u00f6vytetty antenni<\/div>\n<\/td>\n<\/tr>\n<tr>\n<td colspan=\"1\" rowspan=\"1\">\n<div class=\"magic-23\">Tietojen tallennus<\/div>\n<\/td>\n<td colspan=\"4\" rowspan=\"1\">\n<div class=\"magic-27\">20 vuotta<\/div>\n<\/td>\n<\/tr>\n<tr>\n<td colspan=\"1\" rowspan=\"1\">\n<div class=\"magic-23\">Sirun k\u00e4ytt\u00f6ik\u00e4<\/div>\n<\/td>\n<td colspan=\"4\" rowspan=\"1\">\n<div class=\"magic-27\">Kirjoita kest\u00e4vyys yli 100 000 sykli\u00e4<\/div>\n<\/td>\n<\/tr>\n<tr>\n<td colspan=\"1\" rowspan=\"1\">\n<div class=\"magic-23\">S\u00e4ilytysl\u00e4mp\u00f6tila<\/div>\n<\/td>\n<td colspan=\"4\" rowspan=\"1\">\n<div class=\"magic-27\">-40 - +85 \u00b0C<\/div>\n<\/td>\n<\/tr>\n<tr>\n<td colspan=\"1\" rowspan=\"1\">\n<div class=\"magic-23\">Ty\u00f6skentelyl\u00e4mp\u00f6tila<\/div>\n<\/td>\n<td colspan=\"4\" rowspan=\"1\">\n<div class=\"magic-27\">-20 - +75 \u00b0C<\/div>\n<\/td>\n<\/tr>\n<tr>\n<td colspan=\"1\" rowspan=\"1\">\n<div class=\"magic-23\">Varastointi Kosteus<\/div>\n<\/td>\n<td colspan=\"4\" rowspan=\"1\">\n<div class=\"magic-27\">5%\uff5e95%<\/div>\n<\/td>\n<\/tr>\n<tr>\n<td colspan=\"1\" rowspan=\"1\">\n<div class=\"magic-23\">Asennustapa<\/div>\n<\/td>\n<td colspan=\"4\" rowspan=\"1\">\n<div class=\"magic-27\">Kiinnit\u00e4 esineisiin, jotka haluamme tunnistaa<\/div>\n<\/td>\n<\/tr>\n<tr>\n<td colspan=\"1\" rowspan=\"1\">\n<div class=\"magic-23\">Ty\u00f6tila<\/div>\n<\/td>\n<td colspan=\"4\" rowspan=\"1\">\n<div class=\"magic-27\">Passiivinen (passiiviset RFID-tarrat)<\/div>\n<\/td>\n<\/tr>\n<tr>\n<td colspan=\"1\" rowspan=\"1\">\n<div class=\"magic-23\">Yksil\u00f6llinen palvelu<\/div>\n<\/td>\n<td colspan=\"4\" rowspan=\"1\">\n<div class=\"magic-27\">Esiohjelmoitu: EPC<br \/>\nTulostus: logo , laser UID , kirjaimet , viivakoodi , QR , numerot , iskulause<\/div>\n<\/td>\n<\/tr>\n<tr>\n<td colspan=\"1\" rowspan=\"1\">\n<div class=\"magic-23\">Sovellus<\/div>\n<\/td>\n<td colspan=\"4\" rowspan=\"1\">\n<div class=\"magic-27\">\n<div data-spm-anchor-id=\"a2700.pc-decorate.0.i167.373e3333414ktv\">L\u00e4himaksut<\/div>\n<div data-spm-anchor-id=\"a2700.pc-decorate.0.i167.373e3333414ktv\">sosiaalinen media<\/div>\n<div data-spm-anchor-id=\"a2700.pc-decorate.0.i168.373e3333414ktv\">laitteet, matkapuhelimet, tabletit, tietokoneet<\/div>\n<div data-spm-anchor-id=\"a2700.pc-decorate.0.i168.373e3333414ktv\">Logistiikka, v\u00e4hitt\u00e4iskauppa Muoti, korut ja kosmetiikka<\/div>\n<div data-spm-anchor-id=\"a2700.pc-decorate.0.i168.373e3333414ktv\">Koneiden ja laitteiden tarkastukset<\/div>\n<div data-spm-anchor-id=\"a2700.pc-decorate.0.i168.373e3333414ktv\">Tunnistus ja kulunvalvonta\u2026<\/div>\n<\/div>\n<\/td>\n<\/tr>\n<\/tbody>\n<\/table>\n<h2>Miksi valita On-Metal NFC-tarrat Ntag213?<\/h2>\n<p>Investointi metalliin kiinnitettyihin NFC-tarroihin ei ainoastaan lis\u00e4\u00e4 br\u00e4ndisi n\u00e4kyvyytt\u00e4, vaan my\u00f6s parantaa k\u00e4ytt\u00f6kokemusta. Hy\u00f6dynt\u00e4m\u00e4ll\u00e4 an\u00a0<strong>NTAG213<\/strong>\u00a0siru, n\u00e4m\u00e4 tarrat voivat tallentaa ja l\u00e4hett\u00e4\u00e4 tietoja tehokkaasti. Niiden mukana tulee a\u00a0<strong>144 tavua<\/strong>\u00a0tallennuskapasiteetti, joka tarjoaa runsaasti tilaa t\u00e4rkeille tiedoille, kuten verkkosivustojen URL-osoitteille, yhteystiedoille tai kampanjatarjouksille.<\/p>\n<h3>On-Metal NFC-tarrojen t\u00e4rkeimm\u00e4t edut<\/h3>\n<ul>\n<li><strong>Monipuolinen r\u00e4\u00e4t\u00e4l\u00f6inti<\/strong>: Mukauta jokainen tarra logoilla, viivakoodeilla tai CMYK- ja mustalla painetulla tekstill\u00e4. Tarramme voidaan r\u00e4\u00e4t\u00e4l\u00f6id\u00e4 br\u00e4nd\u00e4ystarpeidesi mukaan.<\/li>\n<li><strong>Kest\u00e4vyys<\/strong>: N\u00e4m\u00e4 tarrat on valmistettu kest\u00e4m\u00e4\u00e4n erilaisia ymp\u00e4rist\u00f6olosuhteita, ja niiss\u00e4 on ferriittikerros, joka takaa erinomaisen suorituskyvyn metallipinnoilla.<\/li>\n<li><strong>Helppok\u00e4ytt\u00f6isyys<\/strong>: Yksinkertainen ja nopea vuorovaikutus \u2013 napauta vain tarraa\u00a0<strong>iPhone<\/strong>\u00a0tai\u00a0<strong>Android<\/strong>\u00a0laitteella, jotta voit k\u00e4ytt\u00e4\u00e4 m\u00e4\u00e4ritt\u00e4m\u00e4\u00e4si sis\u00e4lt\u00f6\u00e4 v\u00e4litt\u00f6m\u00e4sti.<\/li>\n<\/ul>\n<h2>NTAG213 NFC -tekniikan ymm\u00e4rt\u00e4minen<\/h2>\n<p>NTAG213 NFC-siru on yksi NFC-alan luotettavimmista ratkaisuista, ja se on erityisesti suunniteltu varmistamaan yhteensopivuus sek\u00e4 iOS- ett\u00e4 Android-laitteiden kanssa. Muistikapasiteetilla\u00a0<strong>144 tavua<\/strong>, se sis\u00e4lt\u00e4\u00e4 tarpeeksi tietoa v\u00e4ltt\u00e4m\u00e4tt\u00f6miin k\u00e4ytt\u00f6tapauksiin. NTAG213 erottaa muista sen parannetut t\u00f6rm\u00e4yksenestoominaisuudet, jotka mahdollistavat useiden NFC-tunnisteiden toiminnan samanaikaisesti ilman konflikteja.<\/p>\n<p>Kun k\u00e4ytt\u00e4j\u00e4t napauttavat \u00e4lypuhelintaan metallista NFC-tarraa vasten, he ovat v\u00e4litt\u00f6m\u00e4sti yhteydess\u00e4 haluttuun digitaaliseen sis\u00e4lt\u00f6\u00f6n ilman, ett\u00e4 heid\u00e4n tarvitsee ladata sovelluksia. T\u00e4m\u00e4\u00a0<strong>plug and play<\/strong>\u00a0toiminnallisuus v\u00e4hent\u00e4\u00e4 vuorovaikutuksen esteit\u00e4 ja tekee siit\u00e4 ihanteellisen ty\u00f6kalun yrityksille, jotka haluavat sitouttaa kuluttajia tehokkaasti.<\/p>\n<h2>Metallitarrojen mukautusvaihtoehdot<\/h2>\n<p>Yksi metallisten NFC-tarrojen houkuttelevimmista puolista on k\u00e4ytett\u00e4viss\u00e4 olevien mukautusvaihtoehtojen valikoima. Voit kehitt\u00e4\u00e4 tuotekuvaasi vastaavan tuotteen muodoista ja koosta painatusvaihtoehtoihin.<\/p>\n<ul>\n<li><strong>Painetut mallit<\/strong>: K\u00e4yt\u00e4 korkealaatuisia tulostustekniikoita esitell\u00e4ksesi eloisia logoja, tyylikk\u00e4it\u00e4 kirjaimia ja ainutlaatuisia viivakoodeja. Valitse kiilt\u00e4v\u00e4 tai mattapintainen viimeistely, joka sopii tuotteesi estetiikkaan.<\/li>\n<li><strong>Materiaalivalinnat<\/strong>: Metallitarramme voidaan painaa erilaisille materiaaleille, mukaan lukien\u00a0<strong>PVC<\/strong>,\u00a0<strong>LEMMIKKI<\/strong>, tai\u00a0<strong>Paperi<\/strong>, mik\u00e4 mahdollistaa joustavuuden k\u00e4yt\u00f6ss\u00e4 ja sovelluksessa.<\/li>\n<\/ul>\n<p>T\u00e4m\u00e4 r\u00e4\u00e4t\u00e4l\u00f6intitaso varmistaa, ett\u00e4 NFC-tarrasi eiv\u00e4t vain toimi hyvin, vaan toimivat my\u00f6s visuaalisena esityksen\u00e4 br\u00e4ndist\u00e4si.<\/p>\n<h2>Anti-Metal NFC-tarrojen edut<\/h2>\n<p>Metallipinnoille tarkoitetut NFC-tarrat kohtaavat ainutlaatuisia haasteita. Perinteiset tarrat ep\u00e4onnistuvat usein t\u00e4ss\u00e4 ymp\u00e4rist\u00f6ss\u00e4, mutta antimetalliset NFC-tarramme tarjoavat erinomaisen ratkaisun:<\/p>\n<ul>\n<li><strong>Ferriittikerros<\/strong>: Integroitu ferriittikerros auttaa tehokkaasti torjumaan signaalin h\u00e4iri\u00f6it\u00e4, joita esiintyy yleisesti, kun tarroja kiinnitet\u00e4\u00e4n metalliin, mik\u00e4 varmistaa sujuvan tiedonsiirron.<\/li>\n<li><strong>Parannettu suorituskyky<\/strong>: N\u00e4m\u00e4 tarrat yll\u00e4pit\u00e4v\u00e4t erinomaisen viestint\u00e4alueen ja vakauden, mik\u00e4 lis\u00e4\u00e4 k\u00e4ytt\u00e4jien tyytyv\u00e4isyytt\u00e4 ja v\u00e4hent\u00e4\u00e4 turhautumista.<\/li>\n<\/ul>\n<p>Valitsemalla antimetalliset NFC-tarramme voit tarjota asiakkaillesi keskeytym\u00e4tt\u00f6m\u00e4n k\u00e4ytt\u00f6kokemuksen, mik\u00e4 parantaa viime k\u00e4dess\u00e4 kampanjoidesi tehokkuutta.<\/p>\n<h2>Oikean liiman valitseminen tarpeisiisi<\/h2>\n<p>Oikean liiman valitseminen metalliin kiinnitett\u00e4ville NFC-tarroille on ratkaisevan t\u00e4rke\u00e4\u00e4 pitk\u00e4n k\u00e4ytt\u00f6i\u00e4n ja kest\u00e4vyyden takaamiseksi. Eri sovellukset saattavat vaatia erilaisia liimatyyppej\u00e4:<\/p>\n<ul>\n<li><strong>Vahva liima<\/strong>: Sovelluksissa, joissa altistuminen kosteudelle tai vaihteleville l\u00e4mp\u00f6tiloille tarvitaan vahvasti sidottua liimaa.<\/li>\n<li><strong>Irrotettava liima<\/strong>: Jos tarvitset v\u00e4liaikaista levityst\u00e4, harkitse irrotettavia liimoja, jotka mahdollistavat helpon sijoittamisen tai poistamisen j\u00e4tt\u00e4m\u00e4tt\u00e4 j\u00e4\u00e4mi\u00e4.<\/li>\n<\/ul>\n<p>Varaamalla aikaa oikean liiman valitsemiseen voit taata NFC-tarroidesi pitk\u00e4ik\u00e4isyyden ja tehokkuuden.<\/p>\n<h2>On-Metal NFC-tarrojen sovellukset<\/h2>\n<p>Metallirakenteisten NFC-tarrojen monipuolisuus tarkoittaa, ett\u00e4 niit\u00e4 voidaan k\u00e4ytt\u00e4\u00e4 useilla aloilla. T\u00e4ss\u00e4 on joitain merkitt\u00e4vi\u00e4 sovelluksia:<\/p>\n<ul>\n<li><strong>V\u00e4hitt\u00e4ismyynti<\/strong>: V\u00e4litt\u00f6m\u00e4t tarjoukset, p\u00e4ivitykset ja tuotetiedot ovat k\u00e4ytett\u00e4viss\u00e4 vain napauttamalla tuotteen n\u00e4yt\u00f6ll\u00e4 olevaa tarraa.<\/li>\n<li><strong>Tapahtumanhallinta<\/strong>: Sis\u00e4llyt\u00e4 NFC-tarroja tapahtumapasseihin ja merkkeihin saadaksesi nopean p\u00e4\u00e4syn aikatauluihin, biosiin ja verkkomahdollisuuksiin.<\/li>\n<li><strong>Omaisuuden seuranta<\/strong>: Organisaatiot voivat k\u00e4ytt\u00e4\u00e4 n\u00e4it\u00e4 tarroja tehostaakseen varastonhallintaa. Kiinnit\u00e4 ne laitteisiin helpottaaksesi tunnistamista ja kunnon valvontaa.<\/li>\n<\/ul>\n<p>Mahdollisia sovelluksia on loputtomasti, ja ne on sijoitettu t\u00e4ydellisesti parantamaan k\u00e4ytt\u00f6kokemusta ja yritystoimintaa.<\/p>\n<h2>Vertailu muihin NFC-tunnisteisiin<\/h2>\n<p>Kun harkitset NFC-tuotteita, on t\u00e4rke\u00e4\u00e4 ymm\u00e4rt\u00e4\u00e4, miten\u00a0<strong>metalliset NFC-tunnisteet<\/strong>\u00a0eroavat muista vaihtoehdoista.<\/p>\n<ul>\n<li><strong>Suorituskyky<\/strong>: Toisin kuin tavalliset NFC-tunnisteet, metalliin kiinnitetyt tarrat tarjoavat erinomaisen suorituskyvyn metallipinnoilla erityissuunnittelunsa ja ferriittipohjansa ansiosta.<\/li>\n<li><strong>Kapasiteetti<\/strong>: Kun\u00a0<strong>NTAG215<\/strong>\u00a0tarjouksia\u00a0<strong>504 tavua<\/strong>\u00a0muistia, NTAG213 on enemm\u00e4n kuin riitt\u00e4v\u00e4 useimpiin sovelluksiin, jotka tarvitsevat perus-URL-linkkej\u00e4 tai pient\u00e4 teksti\u00e4, joten se on taloudellinen ja tehokas valinta.<\/li>\n<\/ul>\n<p>N\u00e4iden keskeisten erojen ymm\u00e4rt\u00e4minen auttaa yrityksi\u00e4 valitsemaan oikean NFC-ratkaisun erityistarpeisiinsa.<\/p>\n<h2>Usein kysytyt kysymykset<\/h2>\n<p>T\u00e4ss\u00e4 on joitain yleisi\u00e4 kyselyit\u00e4 metallisista NFC-tarroistamme:<\/p>\n<ol>\n<li><strong>Mitk\u00e4 laitteet ovat yhteensopivia NFC-tarrojen kanssa?<\/strong>\n<ul>\n<li>Molemmat\u00a0<strong>iPhone<\/strong>\u00a0ja\u00a0<strong>Android<\/strong>\u00a0laitteet tukevat NFC-tekniikkaa, mik\u00e4 mahdollistaa laajan vuorovaikutuksen.<\/li>\n<\/ul>\n<\/li>\n<li><strong>Kuinka paljon tietoa NTAG213 NFC -siru voi tallentaa?<\/strong>\n<ul>\n<li>NTAG213-sirun tallennuskapasiteetti on\u00a0<strong>144 tavua<\/strong>, sopii lyhyelle tekstille tai linkeille.<\/li>\n<\/ul>\n<\/li>\n<li><strong>Voidaanko tarroja painaa mukautetuilla malleilla?<\/strong>\n<ul>\n<li>T\u00e4ysin! Tarrojamme voidaan r\u00e4\u00e4t\u00e4l\u00f6id\u00e4 logoillasi, viivakoodeillasi tai mill\u00e4 tahansa valitsemillasi painokuvioilla.<\/li>\n<\/ul>\n<\/li>\n<\/ol>","protected":false},"excerpt":{"rendered":"<p>Tutustu monipuoliseen metalliin kiinnitett\u00e4v\u00e4\u00e4n NFC-tarraan NTAG213. Mukauta tuotemerkki\u00e4 varten, nauti kest\u00e4vyydest\u00e4 ja avaa v\u00e4lit\u00f6n vuorovaikutus \u00e4lypuhelimien kanssa!<\/p>","protected":false},"featured_media":2568,"template":"","meta":{"_kad_post_transparent":"default","_kad_post_title":"","_kad_post_layout":"default","_kad_post_sidebar_id":"","_kad_post_content_style":"default","_kad_post_vertical_padding":"default","_kad_post_feature":"","_kad_post_feature_position":"","_kad_post_header":false,"_kad_post_footer":false,"_kad_post_classname":""},"product_brand":[],"product_cat":[54],"product_tag":[290,291,289],"class_list":{"0":"post-2567","1":"product","2":"type-product","3":"status-publish","4":"has-post-thumbnail","6":"product_cat-hot-selling-rfid-tags","7":"product_tag-nfc-tag","8":"product_tag-ntag213-nfc-label","9":"product_tag-on-metal-nfc-sticker-ntag213","11":"first","12":"instock","13":"shipping-taxable","14":"product-type-simple","15":"entry","16":"content-bg","17":"loop-entry"},"_links":{"self":[{"href":"https:\/\/rfid-laundry-tag.com\/fi\/wp-json\/wp\/v2\/product\/2567","targetHints":{"allow":["GET"]}}],"collection":[{"href":"https:\/\/rfid-laundry-tag.com\/fi\/wp-json\/wp\/v2\/product"}],"about":[{"href":"https:\/\/rfid-laundry-tag.com\/fi\/wp-json\/wp\/v2\/types\/product"}],"version-history":[{"count":2,"href":"https:\/\/rfid-laundry-tag.com\/fi\/wp-json\/wp\/v2\/product\/2567\/revisions"}],"predecessor-version":[{"id":2570,"href":"https:\/\/rfid-laundry-tag.com\/fi\/wp-json\/wp\/v2\/product\/2567\/revisions\/2570"}],"wp:featuredmedia":[{"embeddable":true,"href":"https:\/\/rfid-laundry-tag.com\/fi\/wp-json\/wp\/v2\/media\/2568"}],"wp:attachment":[{"href":"https:\/\/rfid-laundry-tag.com\/fi\/wp-json\/wp\/v2\/media?parent=2567"}],"wp:term":[{"taxonomy":"product_brand","embeddable":true,"href":"https:\/\/rfid-laundry-tag.com\/fi\/wp-json\/wp\/v2\/product_brand?post=2567"},{"taxonomy":"product_cat","embeddable":true,"href":"https:\/\/rfid-laundry-tag.com\/fi\/wp-json\/wp\/v2\/product_cat?post=2567"},{"taxonomy":"product_tag","embeddable":true,"href":"https:\/\/rfid-laundry-tag.com\/fi\/wp-json\/wp\/v2\/product_tag?post=2567"}],"curies":[{"name":"wp","href":"https:\/\/api.w.org\/{rel}","templated":true}]}}