{"id":2559,"date":"2024-09-16T05:02:04","date_gmt":"2024-09-16T05:02:04","guid":{"rendered":"https:\/\/rfid-laundry-tag.com\/?post_type=product&#038;p=2559"},"modified":"2024-09-16T05:02:05","modified_gmt":"2024-09-16T05:02:05","slug":"custom-on-metal-nfc-sticker","status":"publish","type":"product","link":"https:\/\/rfid-laundry-tag.com\/fi\/custom-on-metal-nfc-sticker\/","title":{"rendered":"Mukautettu metallin p\u00e4\u00e4ll\u00e4 oleva NFC-tarra"},"content":{"rendered":"<h1>Mukautettu metallin p\u00e4\u00e4ll\u00e4 oleva NFC-tarra<\/h1>\n<table class=\"is-zebra all magic-11\">\n<tbody>\n<tr>\n<td colspan=\"1\" rowspan=\"1\">\n<div class=\"magic-12\">\n<div class=\"magic-7\" data-spm-anchor-id=\"a2700.details.0.i36.1f0c15c2i7ObkG\"><b class=\"magic-13\" data-spm-anchor-id=\"a2700.pc-decorate.0.i38.639a3333UiH69N\">Tuotteen nimi<\/b><\/div>\n<\/div>\n<\/td>\n<td colspan=\"1\" rowspan=\"1\">\n<div class=\"magic-14\">Metallia est\u00e4v\u00e4 NFC-tarra<\/div>\n<\/td>\n<td colspan=\"1\" rowspan=\"1\">\n<div class=\"magic-15\">\n<div class=\"magic-7\"><b class=\"magic-13\" data-spm-anchor-id=\"a2700.pc-decorate.0.i36.639a3333UiH69N\">Siruprotokolla<\/b><\/div>\n<\/div>\n<\/td>\n<td colspan=\"1\" rowspan=\"1\">\n<div class=\"magic-16\">ISO \/ 14443 A<\/div>\n<\/td>\n<\/tr>\n<tr>\n<td colspan=\"1\" rowspan=\"1\">\n<div class=\"magic-12\">\n<div class=\"magic-7\"><b class=\"magic-13\" data-spm-anchor-id=\"a2700.pc-decorate.0.i4.10f43333bOcIYi\">Chip malli<\/b><\/div>\n<\/div>\n<\/td>\n<td colspan=\"3\" rowspan=\"1\">\n<div class=\"magic-17\">NTAG\u00ae 213\/NTAG\u00ae 215\/NTAG\u00ae 216<\/div>\n<\/td>\n<\/tr>\n<tr>\n<td colspan=\"1\" rowspan=\"1\">\n<div class=\"magic-12\">\n<div class=\"magic-7\"><b class=\"magic-13\">Tallennus\/k\u00e4ytt\u00e4j\u00e4t<\/b><\/div>\n<\/div>\n<\/td>\n<td colspan=\"1\" rowspan=\"1\">\n<div class=\"magic-14\">144\/504\/888<\/div>\n<\/td>\n<td colspan=\"1\" rowspan=\"1\">\n<div class=\"magic-15\">\n<div class=\"magic-7\" data-spm-anchor-id=\"a2700.pc-decorate.0.i73.639a3333UiH69N\"><b>Sirun taajuus<\/b><\/div>\n<\/div>\n<\/td>\n<td colspan=\"1\" rowspan=\"1\">\n<div class=\"magic-16\">13,56 MHz<\/div>\n<\/td>\n<\/tr>\n<tr>\n<td colspan=\"1\" rowspan=\"1\">\n<div class=\"magic-12\">\n<div class=\"magic-7\" data-spm-anchor-id=\"a2700.pc-decorate.0.i154.639a3333UiH69N\"><b class=\"magic-13\" data-spm-anchor-id=\"a2700.pc-decorate.0.i91.639a3333UiH69N\">tuotteen koko<\/b><\/div>\n<\/div>\n<\/td>\n<td colspan=\"3\" rowspan=\"1\">\n<div class=\"magic-17\">Halkaisija 25 mm, halkaisija 30 mm, 30 * 30 mm, 40 * 25 mm, 35 * 25 mm tai r\u00e4\u00e4t\u00e4l\u00f6ity<\/div>\n<\/td>\n<\/tr>\n<tr>\n<td colspan=\"1\" rowspan=\"1\">\n<div class=\"magic-12\">\n<div class=\"magic-7\" data-spm-anchor-id=\"a2700.pc-decorate.0.i98.639a3333UiH69N\"><b class=\"magic-13\">Pyyhi ja kirjoita ajat<\/b><\/div>\n<\/div>\n<\/td>\n<td colspan=\"1\" rowspan=\"1\">\n<div class=\"magic-14\">\u2265100 000 kertaa<\/div>\n<\/td>\n<td colspan=\"1\" rowspan=\"1\">\n<div class=\"magic-15\">\n<div class=\"magic-7\"><b class=\"magic-13\">Tunteva et\u00e4isyys<\/b><\/div>\n<\/div>\n<\/td>\n<td colspan=\"1\" rowspan=\"1\">\n<div class=\"magic-16\">10cm sis\u00e4ll\u00e4<\/div>\n<\/td>\n<\/tr>\n<tr>\n<td colspan=\"1\" rowspan=\"1\">\n<div class=\"magic-12\">\n<div class=\"magic-7\"><b>Pakkaus<\/b><\/div>\n<\/div>\n<\/td>\n<td colspan=\"3\" rowspan=\"1\">\n<div class=\"magic-20\">1000-5000 kpl \/ rulla, 4 rullaa \/ laatikko<\/div>\n<\/td>\n<\/tr>\n<tr>\n<td colspan=\"1\" rowspan=\"1\">\n<div class=\"magic-23\"><b>Tuotteen kuvaus<\/b><\/div>\n<\/td>\n<td colspan=\"3\" rowspan=\"1\">\n<div class=\"magic-20\">Passiivinen NFC-tunniste \u00e4lykk\u00e4ille upotuksille, tarroille ja tunnisteille<\/div>\n<\/td>\n<\/tr>\n<tr>\n<td colspan=\"1\" rowspan=\"1\">\n<div class=\"magic-26\">\n<div class=\"magic-7\" data-spm-anchor-id=\"a2700.pc-decorate.0.i15.458b3333cr4pua\"><b class=\"magic-13\" data-spm-anchor-id=\"a2700.pc-decorate.0.i14.458b3333cr4pua\"><br \/>\nSovellus<\/b><\/div>\n<\/div>\n<\/td>\n<td colspan=\"3\" rowspan=\"1\">\n<div class=\"magic-27\" data-spm-anchor-id=\"a2700.details.0.i34.1f0c15c2i7ObkG\">Suojattu sis\u00e4\u00e4np\u00e4\u00e4syn valvonta\/k\u00e4teismaksujen j\u00e4senyys ja kanta-asiakasohjelmat<br \/>\nP\u00e4\u00e4sy tapahtumiin ja br\u00e4nd\u00e4ys\/sosiaalinen media\/v\u00e4hitt\u00e4ismyynti<br \/>\nYmp\u00e4rist\u00f6 \/ Pelit ja lelut Sijainti \/ Elektroniikka \/ Messut<br \/>\nTapahtumat \/ Soittopyynt\u00f6 \/ K\u00e4yntikortit<\/div>\n<\/td>\n<\/tr>\n<\/tbody>\n<\/table>\n<h2 class=\"AnswerParser_AnswerParserH2__SIHnF\"><img fetchpriority=\"high\" decoding=\"async\" class=\"alignnone size-full wp-image-2560\" src=\"https:\/\/rfid-laundry-tag.com\/wp-content\/uploads\/2024\/09\/on-metal-NFC-sticker.jpg\" alt=\"\" width=\"790\" height=\"956\" srcset=\"https:\/\/rfid-laundry-tag.com\/wp-content\/uploads\/2024\/09\/on-metal-NFC-sticker.jpg 790w, https:\/\/rfid-laundry-tag.com\/wp-content\/uploads\/2024\/09\/on-metal-NFC-sticker-248x300.jpg 248w, https:\/\/rfid-laundry-tag.com\/wp-content\/uploads\/2024\/09\/on-metal-NFC-sticker-768x929.jpg 768w, https:\/\/rfid-laundry-tag.com\/wp-content\/uploads\/2024\/09\/on-metal-NFC-sticker-10x12.jpg 10w, https:\/\/rfid-laundry-tag.com\/wp-content\/uploads\/2024\/09\/on-metal-NFC-sticker-600x726.jpg 600w\" sizes=\"(max-width: 790px) 100vw, 790px\" \/>Mit\u00e4 ovat on-Metal NFC-tarrat?<\/h2>\n<p><span class=\"AnswerParser_TextContainer__z_Iiv\" data-testid=\"youchat-text\"><strong>Metalliset NFC-tarrat<\/strong>\u00a0on erityisesti suunniteltu kiinnittym\u00e4\u00e4n metallipintoihin s\u00e4ilytt\u00e4en samalla optimaalisen suorituskyvyn. N\u00e4m\u00e4 tarrat sis\u00e4lt\u00e4v\u00e4t\u00a0<strong>NFC-tekniikka<\/strong>, jolloin laitteet voivat kommunikoida langattomasti ollessaan l\u00e4hell\u00e4. Jokaiseen tarraan on upotettu NFC-siru, kuten\u00a0<strong>NTAG213<\/strong>\u00a0tai\u00a0<strong>NTAG215<\/strong>, joka mahdollistaa erilaisia toimintoja, kuten tiedonsiirron, l\u00e4himaksut ja laitteiden lukituksen.<\/span><span class=\"AnswerParser_TextContainer__z_Iiv\" data-testid=\"youchat-text\">N\u00e4iden tarrojen monipuolisuuden ansiosta ne voidaan kiinnitt\u00e4\u00e4 \u00e4lypuhelimiin, tabletteihin, tietokoneisiin ja muihin metalliesineisiin, mik\u00e4 tekee niist\u00e4 ihanteellisia monenlaisiin sovelluksiin.<\/span><\/p>\n<h2 class=\"AnswerParser_AnswerParserH2__SIHnF\">Kuinka On-Metal NFC-tarrat toimivat?<\/h2>\n<p><span class=\"AnswerParser_TextContainer__z_Iiv\" data-testid=\"youchat-text\">Metalliset NFC-tarrat toimivat k\u00e4ytt\u00e4m\u00e4ll\u00e4\u00a0<strong>Near Field Communication (NFC)<\/strong>\u00a0tekniikkaa, joka mahdollistaa lyhyen kantaman langattoman viestinn\u00e4n laitteiden v\u00e4lill\u00e4. N\u00e4in prosessi toimii:<\/span><\/p>\n<ol class=\"AnswerParser_AnswerParserOrderedList__kl_2Y\">\n<li class=\"AnswerParser_ListItem__XqLOV\" translate=\"yes\"><strong>Aktivointi<\/strong>: Kun NFC-yhteensopiva laite, kuten\u00a0<strong>Android<\/strong>\u00a0\u00e4lypuhelin tai\u00a0<strong>iPhone<\/strong>, tulee NFC-tarran l\u00e4helle, laite aktivoi tarran.<\/li>\n<li class=\"AnswerParser_ListItem__XqLOV\" translate=\"yes\"><strong>Tiedonvaihto<\/strong>: Tarran sis\u00e4ll\u00e4 oleva NFC-siru l\u00e4hett\u00e4\u00e4 tietoja laitteeseen. N\u00e4m\u00e4 tiedot voivat sis\u00e4lt\u00e4\u00e4 URL-osoitteita, yhteystietoja tai komentoja tiettyjen toimien suorittamiseksi.<\/li>\n<li class=\"AnswerParser_ListItem__XqLOV\" translate=\"yes\"><strong>Toiminnan toteuttaminen<\/strong>: Kun tiedot on vastaanotettu, laite voi suorittaa vastaavan toiminnon, kuten avata verkkosivuston tai lis\u00e4t\u00e4 yhteystiedon.<\/li>\n<\/ol>\n<p><span class=\"AnswerParser_TextContainer__z_Iiv\" data-testid=\"youchat-text\">T\u00e4m\u00e4 saumaton vuorovaikutus parantaa k\u00e4ytt\u00f6kokemusta ja tarjoaa k\u00e4tev\u00e4n tavan k\u00e4ytt\u00e4\u00e4 tietoja tai palveluita.<\/span><\/p>\n<h2 class=\"AnswerParser_AnswerParserH2__SIHnF\">Mukautettavien metallisten NFC-tarrojen edut<\/h2>\n<p><span class=\"AnswerParser_TextContainer__z_Iiv\" data-testid=\"youchat-text\">Mukautettavien metallisten NFC-tarrojen k\u00e4ytt\u00e4minen tarjoaa lukuisia etuja:<\/span><\/p>\n<ul class=\"AnswerParser_AnswerParserUnorderedList__P_1FW\">\n<li class=\"AnswerParser_ListItem__XqLOV\" translate=\"yes\"><strong>Parannettu yhteys<\/strong>: N\u00e4m\u00e4 tarrat mahdollistavat nopean ja helpon yhteyden laitteiden v\u00e4lill\u00e4, mik\u00e4 mahdollistaa v\u00e4litt\u00f6m\u00e4n p\u00e4\u00e4syn tietoihin ja palveluihin.<\/li>\n<li class=\"AnswerParser_ListItem__XqLOV\" translate=\"yes\"><strong>Muokattava muotoilu<\/strong>: Logojen, tekstin ja QR-koodien avulla yritykset voivat luoda ainutlaatuisen identiteetin ja integroida NFC-teknologiaa tuotteisiinsa.<\/li>\n<li class=\"AnswerParser_ListItem__XqLOV\" translate=\"yes\"><strong>Kest\u00e4vyys<\/strong>: N\u00e4m\u00e4 tarrat on suunniteltu kest\u00e4m\u00e4\u00e4n erilaisia olosuhteita, ja ne on valmistettu materiaaleista, kuten PET ja PVC, mik\u00e4 varmistaa, ett\u00e4 ne pysyv\u00e4t toimivina my\u00f6s haastavissa ymp\u00e4rist\u00f6iss\u00e4.<\/li>\n<\/ul>\n<p><span class=\"AnswerParser_TextContainer__z_Iiv\" data-testid=\"youchat-text\">N\u00e4m\u00e4 edut tekev\u00e4t metallista kiinnitett\u00e4vist\u00e4 NFC-tarroista houkuttelevan vaihtoehdon yrityksille ja yksityishenkil\u00f6ille, jotka haluavat parantaa tuotteitaan NFC-ominaisuuksilla.<\/span><\/p>\n<h2 class=\"AnswerParser_AnswerParserH2__SIHnF\">Mukautusvaihtoehdot saatavilla<\/h2>\n<p><span class=\"AnswerParser_TextContainer__z_Iiv\" data-testid=\"youchat-text\">Yksi metallisten NFC-tarrojen erottuvista ominaisuuksista on niiden mukautusvaihtoehdot. Asiakkaat voivat valita useista eri muodoista ja kokoista sek\u00e4 seuraavista parannuksista:<\/span><\/p>\n<ul class=\"AnswerParser_AnswerParserUnorderedList__P_1FW\">\n<li class=\"AnswerParser_ListItem__XqLOV\" translate=\"yes\"><strong>Logo ja br\u00e4nd\u00e4ys<\/strong>: Sis\u00e4llyt\u00e4 yrityksesi logo tai br\u00e4nd\u00e4yselementtej\u00e4 luodaksesi yhten\u00e4isen ilmeen.<\/li>\n<li class=\"AnswerParser_ListItem__XqLOV\" translate=\"yes\"><strong>QR-koodit<\/strong>: Lis\u00e4\u00e4 QR-koodeja helpottaaksesi skannausta ja p\u00e4\u00e4sy\u00e4 lis\u00e4tietoihin.<\/li>\n<li class=\"AnswerParser_ListItem__XqLOV\" translate=\"yes\"><strong>V\u00e4ri ja viimeistely<\/strong>: Valitse kiilt\u00e4v\u00e4 tai mattapintainen CMYK-tulostus halutun esteettisen kuvan saavuttamiseksi.<\/li>\n<\/ul>\n<p><span class=\"AnswerParser_TextContainer__z_Iiv\" data-testid=\"youchat-text\">N\u00e4iden r\u00e4\u00e4t\u00e4l\u00f6intivaihtoehtojen avulla k\u00e4ytt\u00e4j\u00e4t voivat r\u00e4\u00e4t\u00e4l\u00f6id\u00e4 tarroja erityistarpeidensa ja tuotemerkkivaatimustensa mukaan.<\/span><\/p>\n<h2 class=\"AnswerParser_AnswerParserH2__SIHnF\">On-Metal NFC-tarrojen sovellukset<\/h2>\n<p><span class=\"AnswerParser_TextContainer__z_Iiv\" data-testid=\"youchat-text\">Metallisia NFC-tarroja voidaan k\u00e4ytt\u00e4\u00e4 monissa sovelluksissa, mukaan lukien:<\/span><\/p>\n<ul class=\"AnswerParser_AnswerParserUnorderedList__P_1FW\">\n<li class=\"AnswerParser_ListItem__XqLOV\" translate=\"yes\"><strong>Tuotteen pakkaus<\/strong>: Paranna tuotepakkauksia NFC-ominaisuuksilla, jolloin asiakkaat voivat saada yksityiskohtaisia tietoja tai kampanjatarjouksia yksinkertaisesti napauttamalla \u00e4lypuhelintaan.<\/li>\n<li class=\"AnswerParser_ListItem__XqLOV\" translate=\"yes\"><strong>Omaisuudenhoito<\/strong>: Yritykset voivat k\u00e4ytt\u00e4\u00e4 NFC-tarroja omaisuuden seurantaan ja hallintaan, mik\u00e4 helpottaa varaston valvontaa ja v\u00e4hent\u00e4\u00e4 h\u00e4vikki\u00e4.<\/li>\n<li class=\"AnswerParser_ListItem__XqLOV\" translate=\"yes\"><strong>Markkinointi ja promootiot<\/strong>: Sitouta asiakkaat interaktiivisilla markkinointikampanjoilla, jotka k\u00e4ytt\u00e4v\u00e4t NFC-tarroja tarjotakseen v\u00e4litt\u00f6m\u00e4n p\u00e4\u00e4syn sis\u00e4lt\u00f6\u00f6n tai palkintoihin.<\/li>\n<\/ul>\n<p><span class=\"AnswerParser_TextContainer__z_Iiv\" data-testid=\"youchat-text\">N\u00e4m\u00e4 sovellukset osoittavat metalliin kiinnitettyjen NFC-tarrojen monipuolisuuden ja tehokkuuden k\u00e4ytt\u00f6kokemuksen ja toiminnan tehokkuuden parantamisessa.<\/span><\/p>\n<h2 class=\"AnswerParser_AnswerParserH2__SIHnF\">Asennus- ja k\u00e4ytt\u00f6ohjeet<\/h2>\n<p><span class=\"AnswerParser_TextContainer__z_Iiv\" data-testid=\"youchat-text\">Metallien NFC-tarrojen asentaminen on yksinkertainen ja suoraviivainen prosessi:<\/span><\/p>\n<ol class=\"AnswerParser_AnswerParserOrderedList__kl_2Y\">\n<li class=\"AnswerParser_ListItem__XqLOV\" translate=\"yes\"><strong>Puhdista pinta<\/strong>: Varmista optimaalisen tarttuvuuden varmistamiseksi, ett\u00e4 metallipinta on puhdas ja kuiva ennen levitt\u00e4mist\u00e4.<\/li>\n<li class=\"AnswerParser_ListItem__XqLOV\" translate=\"yes\"><strong>Kuori ja kiinnit\u00e4<\/strong>: Irrota varovasti tarran tausta ja paina se tiukasti haluamaasi pintaan.<\/li>\n<li class=\"AnswerParser_ListItem__XqLOV\" translate=\"yes\"><strong>Testaa NFC-toimintoa<\/strong>: Testaa tarra NFC-yhteensopivalla laitteella ja varmista, ett\u00e4 se toimii tarkoitetulla tavalla.<\/li>\n<\/ol>\n<p><span class=\"AnswerParser_TextContainer__z_Iiv\" data-testid=\"youchat-text\">Seuraamalla n\u00e4it\u00e4 vaiheita k\u00e4ytt\u00e4j\u00e4t voivat tehokkaasti k\u00e4ytt\u00e4\u00e4 metallisia NFC-tarroja aiottuun tarkoitukseen.<\/span><\/p>\n<h2 class=\"AnswerParser_AnswerParserH2__SIHnF\">NFC-tarrojen suojausominaisuudet<\/h2>\n<p><span class=\"AnswerParser_TextContainer__z_Iiv\" data-testid=\"youchat-text\">Turvallisuus on kriittinen n\u00e4k\u00f6kohta NFC-teknologiaa k\u00e4ytett\u00e4ess\u00e4. Metalliset NFC-tarrat on varustettu useilla turvallisuutta lis\u00e4\u00e4vill\u00e4 ominaisuuksilla:<\/span><\/p>\n<ul class=\"AnswerParser_AnswerParserUnorderedList__P_1FW\">\n<li class=\"AnswerParser_ListItem__XqLOV\" translate=\"yes\"><strong>Tietojen salaus<\/strong>: Monet NFC-sirut tukevat salausta, mik\u00e4 varmistaa, ett\u00e4 tarran ja lukijan v\u00e4lill\u00e4 siirretyt tiedot ovat turvallisia.<\/li>\n<li class=\"AnswerParser_ListItem__XqLOV\" translate=\"yes\"><strong>Peukaloinnin esto<\/strong>: Jotkin tarrat on suunniteltu n\u00e4ytt\u00e4m\u00e4\u00e4n n\u00e4kyvi\u00e4 peukaloinnin merkkej\u00e4, jos joku yritt\u00e4\u00e4 poistaa tai muuttaa niit\u00e4.<\/li>\n<li class=\"AnswerParser_ListItem__XqLOV\" translate=\"yes\"><strong>Rajoitettu valikoima<\/strong>: NFC-tekniikan lyhyt kantama minimoi luvattoman k\u00e4yt\u00f6n riskin, koska laitteiden on oltava l\u00e4hell\u00e4 toisiaan.<\/li>\n<\/ul>\n<p><span class=\"AnswerParser_TextContainer__z_Iiv\" data-testid=\"youchat-text\">N\u00e4m\u00e4 turvaominaisuudet tekev\u00e4t metallista kiinnitett\u00e4vist\u00e4 NFC-tarroista luotettavan valinnan erilaisiin sovelluksiin.<\/span><\/p>\n<h2 class=\"AnswerParser_AnswerParserH2__SIHnF\">Metallirakenteisten NFC-tarrojen ymp\u00e4rist\u00f6vaikutukset<\/h2>\n<p><span class=\"AnswerParser_TextContainer__z_Iiv\" data-testid=\"youchat-text\">Metallisten NFC-tarrojen valmistuksella ja k\u00e4yt\u00f6ll\u00e4 voi olla my\u00f6nteisi\u00e4 ymp\u00e4rist\u00f6vaikutuksia, kun sit\u00e4 hoidetaan vastuullisesti. Monet valmistajat valmistavat nyt\u00a0<strong>kierr\u00e4tett\u00e4v\u00e4t NFC-tarrat<\/strong>, mik\u00e4 auttaa v\u00e4hent\u00e4m\u00e4\u00e4n muovij\u00e4tett\u00e4. Lis\u00e4ksi mahdollistamalla kontaktittoman kaupank\u00e4ynnin ja tiedon jakamisen NFC-tekniikka voi auttaa v\u00e4hent\u00e4m\u00e4\u00e4n riippuvuutta paperimateriaaleista ja edist\u00e4m\u00e4\u00e4n edelleen kest\u00e4v\u00e4n kehityksen pyrkimyksi\u00e4.<\/span><\/p>\n<h2 class=\"AnswerParser_AnswerParserH2__SIHnF\">Usein kysytyt kysymykset mukautettavissa olevista metallista kiinnitett\u00e4vist\u00e4 NFC-tarroista<\/h2>\n<p><span class=\"AnswerParser_TextContainer__z_Iiv\" data-testid=\"youchat-text\"><strong>K: Voidaanko metalliin kiinnitettyj\u00e4 NFC-tarroja k\u00e4ytt\u00e4\u00e4 uudelleen?<\/strong><br \/>\nV: Vaikka useimmat metalliset NFC-tarrat on suunniteltu kertak\u00e4ytt\u00f6\u00f6n, jotkin uudelleenkirjoitettavat vaihtoehdot mahdollistavat useita k\u00e4ytt\u00f6tarkoituksia k\u00e4ytetyst\u00e4 NFC-sirun mukaan.<\/span><\/p>\n<p><span class=\"AnswerParser_TextContainer__z_Iiv\" data-testid=\"youchat-text\"><strong>K: Mitk\u00e4 laitteet ovat yhteensopivia metallisten NFC-tarrojen kanssa?<\/strong><br \/>\nV: Metalliset NFC-tarrat ovat yhteensopivia useimpien NFC-yhteensopivien laitteiden kanssa, mukaan lukien Android-\u00e4lypuhelimet ja iPhonet.<\/span><\/p>\n<p><span class=\"AnswerParser_TextContainer__z_Iiv\" data-testid=\"youchat-text\"><strong>K: Ovatko n\u00e4m\u00e4 tarrat vedenpit\u00e4vi\u00e4?<\/strong><br \/>\nV: Kyll\u00e4, metalliset NFC-tarrat on suunniteltu vedenpit\u00e4viksi, joten ne sopivat sek\u00e4 sis\u00e4- ett\u00e4 ulkok\u00e4ytt\u00f6\u00f6n.<\/span><\/p>","protected":false},"excerpt":{"rendered":"<p>Metalliset NFC-tarrat on suunniteltu erityisesti kiinnittym\u00e4\u00e4n metallipintoihin s\u00e4ilytt\u00e4en samalla optimaalisen suorituskyvyn. Jokaiseen tarraan on upotettu NFC-siru, kuten NTAG213 tai NTAG215.<\/p>","protected":false},"featured_media":2561,"template":"","meta":{"_kad_post_transparent":"default","_kad_post_title":"","_kad_post_layout":"default","_kad_post_sidebar_id":"","_kad_post_content_style":"default","_kad_post_vertical_padding":"default","_kad_post_feature":"","_kad_post_feature_position":"","_kad_post_header":false,"_kad_post_footer":false,"_kad_post_classname":""},"product_brand":[],"product_cat":[54],"product_tag":[288,286,287],"class_list":{"0":"post-2559","1":"product","2":"type-product","3":"status-publish","4":"has-post-thumbnail","6":"product_cat-hot-selling-rfid-tags","7":"product_tag-on-metal-nfc-label","8":"product_tag-on-metal-nfc-sticker","9":"product_tag-on-metal-nfc-tag","11":"first","12":"instock","13":"shipping-taxable","14":"product-type-simple","15":"entry","16":"content-bg","17":"loop-entry"},"_links":{"self":[{"href":"https:\/\/rfid-laundry-tag.com\/fi\/wp-json\/wp\/v2\/product\/2559","targetHints":{"allow":["GET"]}}],"collection":[{"href":"https:\/\/rfid-laundry-tag.com\/fi\/wp-json\/wp\/v2\/product"}],"about":[{"href":"https:\/\/rfid-laundry-tag.com\/fi\/wp-json\/wp\/v2\/types\/product"}],"version-history":[{"count":2,"href":"https:\/\/rfid-laundry-tag.com\/fi\/wp-json\/wp\/v2\/product\/2559\/revisions"}],"predecessor-version":[{"id":2566,"href":"https:\/\/rfid-laundry-tag.com\/fi\/wp-json\/wp\/v2\/product\/2559\/revisions\/2566"}],"wp:featuredmedia":[{"embeddable":true,"href":"https:\/\/rfid-laundry-tag.com\/fi\/wp-json\/wp\/v2\/media\/2561"}],"wp:attachment":[{"href":"https:\/\/rfid-laundry-tag.com\/fi\/wp-json\/wp\/v2\/media?parent=2559"}],"wp:term":[{"taxonomy":"product_brand","embeddable":true,"href":"https:\/\/rfid-laundry-tag.com\/fi\/wp-json\/wp\/v2\/product_brand?post=2559"},{"taxonomy":"product_cat","embeddable":true,"href":"https:\/\/rfid-laundry-tag.com\/fi\/wp-json\/wp\/v2\/product_cat?post=2559"},{"taxonomy":"product_tag","embeddable":true,"href":"https:\/\/rfid-laundry-tag.com\/fi\/wp-json\/wp\/v2\/product_tag?post=2559"}],"curies":[{"name":"wp","href":"https:\/\/api.w.org\/{rel}","templated":true}]}}