{"id":2543,"date":"2024-09-15T11:34:50","date_gmt":"2024-09-15T11:34:50","guid":{"rendered":"https:\/\/rfid-laundry-tag.com\/?post_type=product&#038;p=2543"},"modified":"2024-09-15T11:53:19","modified_gmt":"2024-09-15T11:53:19","slug":"uhf-rfid-sticker-for-car","status":"publish","type":"product","link":"https:\/\/rfid-laundry-tag.com\/fi\/uhf-rfid-sticker-for-car\/","title":{"rendered":"UHF RFID -tarra autoon"},"content":{"rendered":"<div data-elementor-type=\"product-post\" data-elementor-id=\"2543\" class=\"elementor elementor-2543\" data-elementor-settings=\"{&quot;ha_cmc_init_switcher&quot;:&quot;no&quot;}\" data-elementor-post-type=\"product\">\n\t\t\t\t<div class=\"elementor-element elementor-element-71a1224 e-flex e-con-boxed e-con e-parent\" data-id=\"71a1224\" data-element_type=\"container\" data-e-type=\"container\" data-settings=\"{&quot;_ha_eqh_enable&quot;:false}\">\n\t\t\t\t\t<div class=\"e-con-inner\">\n\t\t\t\t<div class=\"elementor-element elementor-element-7f470072 elementor-widget elementor-widget-text-editor\" data-id=\"7f470072\" data-element_type=\"widget\" data-e-type=\"widget\" data-widget_type=\"text-editor.default\">\n\t\t\t\t<div class=\"elementor-widget-container\">\n\t\t\t\t\t\t\t\t\t<h2 class=\"AnswerParser_AnswerParserH2__SIHnF\"><span style=\"color: #000000;\">Mit\u00e4 ovat UHF RFID -tarrat?<\/span><\/h2><p><span style=\"color: #000000;\"><span class=\"AnswerParser_TextContainer__z_Iiv\" data-testid=\"youchat-text\"><strong>UHF RFID-tarrat<\/strong>\u00a0ovat erikoistarroja, jotka on suunniteltu ajoneuvojen tunnistamiseen ja seurantaan. N\u00e4m\u00e4 tarrat sis\u00e4lt\u00e4v\u00e4t UHF RFID -tunnisteen, joka toimii taajuusalueella\u00a0<strong>860-960 MHz<\/strong>, mik\u00e4 mahdollistaa pitk\u00e4n kantaman viestinn\u00e4n RFID-lukijoiden kanssa. Tarrat on tyypillisesti tehty kest\u00e4v\u00e4ll\u00e4 liimapohjalla, joten ne on helppo kiinnitt\u00e4\u00e4 erilaisille pinnoille, mukaan lukien tuulilasit ja rekisterikilvet.<\/span><span class=\"AnswerParser_TextContainer__z_Iiv\" data-testid=\"youchat-text\">N\u00e4m\u00e4 RFID-tarrat on suunniteltu kest\u00e4m\u00e4\u00e4n ymp\u00e4rist\u00f6tekij\u00f6it\u00e4 ja varmistavat luotettavan suorituskyvyn erilaisissa olosuhteissa. Niiden kompakti koko ja kevyt muotoilu tekev\u00e4t niist\u00e4 ihanteellisia k\u00e4ytett\u00e4v\u00e4ksi ajoneuvoissa lis\u00e4\u00e4m\u00e4tt\u00e4 tarpeetonta massaa.<\/span><\/span><\/p><h2 class=\"AnswerParser_AnswerParserH2__SIHnF\"><span style=\"color: #000000;\"><a href=\"https:\/\/rfid-laundry-tag.com\/fi\/hot-selling-rfid-tags\/page\/2\/\"><img fetchpriority=\"high\" decoding=\"async\" class=\"alignnone wp-image-2547 size-full\" src=\"https:\/\/rfid-laundry-tag.com\/wp-content\/uploads\/2024\/09\/OIP-C-4.jpg\" alt=\"\" width=\"474\" height=\"274\" srcset=\"https:\/\/rfid-laundry-tag.com\/wp-content\/uploads\/2024\/09\/OIP-C-4.jpg 474w, https:\/\/rfid-laundry-tag.com\/wp-content\/uploads\/2024\/09\/OIP-C-4-300x173.jpg 300w, https:\/\/rfid-laundry-tag.com\/wp-content\/uploads\/2024\/09\/OIP-C-4-18x10.jpg 18w\" sizes=\"(max-width: 474px) 100vw, 474px\" \/><\/a>Kuinka UHF RFID -tarrat toimivat?<\/span><\/h2><p><span style=\"color: #000000;\"><span class=\"AnswerParser_TextContainer__z_Iiv\" data-testid=\"youchat-text\">UHF RFID -tarrat toimivat radiotaajuustunnistustekniikkaa hy\u00f6dynt\u00e4en. Jokainen tarra sis\u00e4lt\u00e4\u00e4 yksil\u00f6llisen tunnisteen, joka on tallennettu RFID-tunnisteeseen. Kun tarralla varustettu ajoneuvo kulkee RFID-lukijan kantaman sis\u00e4ll\u00e4, lukija l\u00e4hett\u00e4\u00e4 radioaaltoja, jotka aktivoivat tunnisteen. Tunniste l\u00e4hett\u00e4\u00e4 sitten yksil\u00f6llisen tunnisteensa takaisin lukijalle, mik\u00e4 mahdollistaa ajoneuvon automaattisen tunnistamisen ja seurannan.<\/span><span class=\"AnswerParser_TextContainer__z_Iiv\" data-testid=\"youchat-text\">T\u00e4m\u00e4 prosessi mahdollistaa reaaliaikaisen tiedonkeruun ja seurannan, mik\u00e4 helpottaa yritysten ja yksityishenkil\u00f6iden ajoneuvojen tehokasta hallintaa. UHF RFID -tekniikan pitk\u00e4n kantaman ominaisuudet mahdollistavat havaitsemisen useiden metrien p\u00e4\u00e4st\u00e4, mik\u00e4 lis\u00e4\u00e4 k\u00e4ytt\u00f6mukavuutta ja k\u00e4ytett\u00e4vyytt\u00e4.<\/span><\/span><\/p><h2 class=\"AnswerParser_AnswerParserH2__SIHnF\"><span style=\"color: #000000;\">Ajoneuvojen UHF RFID -tarrojen k\u00e4yt\u00f6n edut<\/span><\/h2><p><span class=\"AnswerParser_TextContainer__z_Iiv\" style=\"color: #000000;\" data-testid=\"youchat-text\">UHF RFID -tarrojen k\u00e4ytt\u00e4minen ajoneuvoissa tarjoaa lukuisia etuja:<\/span><\/p><ul class=\"AnswerParser_AnswerParserUnorderedList__P_1FW\"><li class=\"AnswerParser_ListItem__XqLOV\" translate=\"yes\"><span style=\"color: #000000;\"><strong>Parannettu seuranta<\/strong>: RFID-tarrat tarjoavat tarkan ja reaaliaikaisen ajoneuvojen seurannan, mik\u00e4 helpottaa niiden sijainnin ja tilan seurantaa.<\/span><\/li><li class=\"AnswerParser_ListItem__XqLOV\" translate=\"yes\"><span style=\"color: #000000;\"><strong>Parannettu kulunvalvonta<\/strong>: N\u00e4m\u00e4 tarrat voidaan integroida kulunvalvontaj\u00e4rjestelmiin, mik\u00e4 mahdollistaa saumattoman p\u00e4\u00e4syn rajoitetuille alueille, kuten pys\u00e4k\u00f6intialueille ja aidatuille yhteis\u00f6ille.<\/span><\/li><li class=\"AnswerParser_ListItem__XqLOV\" translate=\"yes\"><span style=\"color: #000000;\"><strong>Kustannustehokas ratkaisu<\/strong>: UHF RFID -tarrat ovat taloudellinen tapa toteuttaa ajoneuvojen seuranta- ja hallintaj\u00e4rjestelmi\u00e4, mik\u00e4 v\u00e4hent\u00e4\u00e4 manuaalisten tarkastusten tarvetta ja parantaa toiminnan tehokkuutta.<\/span><\/li><\/ul><p><span class=\"AnswerParser_TextContainer__z_Iiv\" style=\"color: #000000;\" data-testid=\"youchat-text\">N\u00e4m\u00e4 edut tekev\u00e4t UHF RFID -tarroista \u00e4lykk\u00e4\u00e4n sijoituksen yrityksille ja yksityishenkil\u00f6ille, jotka haluavat parantaa ajoneuvojen hallintaprosessejaan.<\/span><\/p><p><a href=\"https:\/\/rfid-laundry-tag.com\/fi\/hot-selling-rfid-tags\/page\/2\/\"><img decoding=\"async\" class=\"alignnone size-full wp-image-2549\" src=\"https:\/\/rfid-laundry-tag.com\/wp-content\/uploads\/2024\/09\/uhf-rfid-windshield-sticker-tagS.jpg\" alt=\"UHF RFID Stickers for Cars\" width=\"1000\" height=\"437\" srcset=\"https:\/\/rfid-laundry-tag.com\/wp-content\/uploads\/2024\/09\/uhf-rfid-windshield-sticker-tagS.jpg 1000w, https:\/\/rfid-laundry-tag.com\/wp-content\/uploads\/2024\/09\/uhf-rfid-windshield-sticker-tagS-300x131.jpg 300w, https:\/\/rfid-laundry-tag.com\/wp-content\/uploads\/2024\/09\/uhf-rfid-windshield-sticker-tagS-768x336.jpg 768w, https:\/\/rfid-laundry-tag.com\/wp-content\/uploads\/2024\/09\/uhf-rfid-windshield-sticker-tagS-18x8.jpg 18w, https:\/\/rfid-laundry-tag.com\/wp-content\/uploads\/2024\/09\/uhf-rfid-windshield-sticker-tagS-600x262.jpg 600w\" sizes=\"(max-width: 1000px) 100vw, 1000px\" \/><\/a><\/p><h2 class=\"AnswerParser_AnswerParserH2__SIHnF\"><span style=\"color: #000000;\">UHF RFID -tarrojen sovellukset ajoneuvojen hallinnassa<\/span><\/h2><p><span class=\"AnswerParser_TextContainer__z_Iiv\" style=\"color: #000000;\" data-testid=\"youchat-text\">UHF RFID -tarroilla on laaja valikoima sovelluksia ajoneuvojen hallinnassa, mukaan lukien:<\/span><\/p><ul class=\"AnswerParser_AnswerParserUnorderedList__P_1FW\"><li class=\"AnswerParser_ListItem__XqLOV\" translate=\"yes\"><span style=\"color: #000000;\"><strong>Laivaston hallinta<\/strong>: Yritykset voivat k\u00e4ytt\u00e4\u00e4 RFID-tarroja seuratakseen ajoneuvokantojaan, seuratakseen k\u00e4ytt\u00f6\u00e4 ja optimoidakseen reittej\u00e4 tehokkuuden lis\u00e4\u00e4miseksi.<\/span><\/li><li class=\"AnswerParser_ListItem__XqLOV\" translate=\"yes\"><span style=\"color: #000000;\"><strong>Pys\u00e4k\u00f6intikulun valvonta<\/strong>: RFID-tarroja voidaan k\u00e4ytt\u00e4\u00e4 automaattisissa pys\u00e4k\u00f6intij\u00e4rjestelmiss\u00e4, mik\u00e4 mahdollistaa ajoneuvojen sis\u00e4\u00e4n- ja poistumisen ilman fyysisi\u00e4 lippuja tai passeja.<\/span><\/li><li class=\"AnswerParser_ListItem__XqLOV\" translate=\"yes\"><span style=\"color: #000000;\"><strong>Varastonhallinta<\/strong>: Varastoissa ja logistiikassa RFID-tarrat auttavat j\u00e4ljitt\u00e4m\u00e4\u00e4n ajoneuvoja ja omaisuutta, varmistaen tarkan varastokirjanpidon ja v\u00e4hent\u00e4en h\u00e4vikki\u00e4.<\/span><\/li><\/ul><p><span class=\"AnswerParser_TextContainer__z_Iiv\" style=\"color: #000000;\" data-testid=\"youchat-text\">N\u00e4m\u00e4 sovellukset osoittavat UHF RFID -tarrojen monipuolisuuden ja tehokkuuden erilaisissa ajoneuvonhallintaskenaarioissa.<\/span><\/p><h2 class=\"AnswerParser_AnswerParserH2__SIHnF\"><span style=\"color: #000000;\">UHF RFID -tarrojen tekniset tiedot<\/span><\/h2><div class=\"AnswerParser_TableContainer__Erb6v\" data-testid=\"table-container\"><table><thead><tr><th style=\"text-align: left;\"><span style=\"color: #000000;\">Ominaisuus<\/span><\/th><th style=\"text-align: left;\"><span style=\"color: #000000;\">Erittely<\/span><\/th><\/tr><\/thead><tbody><tr><td style=\"text-align: left;\"><span style=\"color: #000000;\">Taajuus<\/span><\/td><td style=\"text-align: left;\"><span style=\"color: #000000;\">860-960 MHz<\/span><\/td><\/tr><tr><td><span style=\"color: #000000;\">Chips<\/span><\/td><td><span style=\"color: #000000;\">U-koodi 9, Alien H3, Alien 9 jne<\/span><\/td><\/tr><tr><td><span style=\"color: #000000;\">Liima<\/span><\/td><td><span style=\"color: #000000;\">Kest\u00e4v\u00e4, s\u00e4\u00e4nkest\u00e4v\u00e4<\/span><\/td><\/tr><tr><td><span style=\"color: #000000;\">Lue Range<\/span><\/td><td><span style=\"color: #000000;\">Jopa useita metrej\u00e4<\/span><\/td><\/tr><tr><td><span style=\"color: #000000;\">Yhteensopivuus<\/span><\/td><td><span style=\"color: #000000;\">Toimii UHF RFID -lukijoiden kanssa<\/span><\/td><\/tr><tr><td><span style=\"color: #000000;\">Mitat<\/span><\/td><td><span style=\"color: #000000;\">Muokattavat koot saatavilla<\/span><\/td><\/tr><\/tbody><\/table><h2 class=\"AnswerParser_AnswerParserH2__SIHnF\"><span style=\"color: #000000;\">UHF RFID -tarrojen ymp\u00e4rist\u00f6vaikutukset<\/span><\/h2><p><span class=\"AnswerParser_TextContainer__z_Iiv\" style=\"color: #000000;\" data-testid=\"youchat-text\">UHF RFID -tarrat on suunniteltu kest\u00e4vyytt\u00e4 ajatellen. Niiden valmistuksessa k\u00e4ytetyt materiaalit ovat usein kierr\u00e4tett\u00e4vi\u00e4, ja itse tarrat ovat kest\u00e4vi\u00e4, mik\u00e4 v\u00e4hent\u00e4\u00e4 toistuvaa vaihtotarvetta. Ottamalla k\u00e4ytt\u00f6\u00f6n RFID-teknologiaa yritykset voivat my\u00f6s v\u00e4hent\u00e4\u00e4 perinteisiin ajoneuvojen seurantamenetelmiin liittyv\u00e4\u00e4 paperih\u00e4vikki\u00e4 ja edist\u00e4\u00e4 n\u00e4in kest\u00e4v\u00e4mp\u00e4\u00e4 toimintaa.<\/span><\/p><h2 class=\"AnswerParser_AnswerParserH2__SIHnF\"><span style=\"color: #000000;\">Asiakkaiden arvostelut ja palaute<\/span><\/h2><p><span style=\"color: #000000;\"><span class=\"AnswerParser_TextContainer__z_Iiv\" data-testid=\"youchat-text\">Asiakkaat, jotka ovat k\u00e4ytt\u00e4neet UHF RFID -tarroja ajoneuvoissaan, ovat ilmoittaneet olevansa eritt\u00e4in tyytyv\u00e4isi\u00e4. Monet arvostavat asennuksen helppoutta ja automaattisen seurannan mukavuutta. K\u00e4ytt\u00e4j\u00e4t ovat havainneet, ett\u00e4 tarrat toimivat hyvin erilaisissa s\u00e4\u00e4olosuhteissa ja tarjoavat luotettavan kulunvalvonnan pys\u00e4k\u00f6intitiloihin.<\/span><span class=\"AnswerParser_TextContainer__z_Iiv\" data-testid=\"youchat-text\">Positiivinen palaute korostaa UHF RFID -tarrojen tehokkuutta ajoneuvojen hallintaprosessien tehostamisessa, mik\u00e4 tekee niist\u00e4 suositun valinnan niin yritysten kuin yksityistenkin keskuudessa.<\/span><\/span><\/p><h2 class=\"AnswerParser_AnswerParserH2__SIHnF\"><span style=\"color: #000000;\">Usein kysytyt kysymykset UHF RFID -tarroista autoihin<\/span><\/h2><p><span style=\"color: #000000;\"><span class=\"AnswerParser_TextContainer__z_Iiv\" data-testid=\"youchat-text\"><strong>K: Voidaanko UHF RFID -tarroja poistaa ja k\u00e4ytt\u00e4\u00e4 uudelleen?<\/strong><br \/>V: Vaikka UHF RFID -tarrat on suunniteltu kest\u00e4m\u00e4\u00e4n, ne on yleens\u00e4 tarkoitettu kertak\u00e4ytt\u00f6sovelluksiin. Niiden poistaminen voi heikent\u00e4\u00e4 niiden tarttumisominaisuuksia.\u00a0 \u00a0 \u00a0 \u00a0 \u00a0<\/span><\/span><\/p><p><span style=\"color: #000000;\"><span class=\"AnswerParser_TextContainer__z_Iiv\" data-testid=\"youchat-text\"><strong>K: Kuinka kauan UHF RFID -tarrat kest\u00e4v\u00e4t?<\/strong><br \/>V: Asianmukaisella asennuksella ja hoidolla UHF RFID -tarrat voivat kest\u00e4\u00e4 useita vuosia, jopa ankarissa ymp\u00e4rist\u00f6olosuhteissa.\u00a0<\/span><\/span><\/p><p><span style=\"color: #000000;\"><span class=\"AnswerParser_TextContainer__z_Iiv\" data-testid=\"youchat-text\"> \u00a0<\/span><span class=\"AnswerParser_TextContainer__z_Iiv\" data-testid=\"youchat-text\"><strong>K: Ovatko UHF RFID -tarrat vedenpit\u00e4vi\u00e4?<\/strong><br \/>V: Kyll\u00e4, useimmat UHF RFID -tarrat on suunniteltu s\u00e4\u00e4nkest\u00e4v\u00e4ksi, joten ne sopivat ulkok\u00e4ytt\u00f6\u00f6n.<\/span><\/span><\/p><\/div>\t\t\t\t\t\t\t\t<\/div>\n\t\t\t\t<\/div>\n\t\t\t\t\t<\/div>\n\t\t\t\t<\/div>\n\t\t\t\t<\/div>","protected":false},"excerpt":{"rendered":"<p>UHF RFID -tarrat tarjoavat luotettavan ajoneuvotunnistuksen kulunvalvontaan ja varastonhallintaan, mik\u00e4 parantaa kaluston valvontaa ja pys\u00e4k\u00f6intitehokkuutta.<\/p>","protected":false},"featured_media":2544,"template":"","meta":{"_kad_post_transparent":"default","_kad_post_title":"","_kad_post_layout":"default","_kad_post_sidebar_id":"","_kad_post_content_style":"default","_kad_post_vertical_padding":"default","_kad_post_feature":"","_kad_post_feature_position":"","_kad_post_header":false,"_kad_post_footer":false,"_kad_post_classname":""},"product_brand":[],"product_cat":[54],"product_tag":[100,285,284],"class_list":{"0":"post-2543","1":"product","2":"type-product","3":"status-publish","4":"has-post-thumbnail","6":"product_cat-hot-selling-rfid-tags","7":"product_tag-rfid-label","8":"product_tag-rfid-tag","9":"product_tag-uhf-rfid-sticker","11":"first","12":"instock","13":"shipping-taxable","14":"product-type-simple","15":"entry","16":"content-bg","17":"loop-entry"},"_links":{"self":[{"href":"https:\/\/rfid-laundry-tag.com\/fi\/wp-json\/wp\/v2\/product\/2543","targetHints":{"allow":["GET"]}}],"collection":[{"href":"https:\/\/rfid-laundry-tag.com\/fi\/wp-json\/wp\/v2\/product"}],"about":[{"href":"https:\/\/rfid-laundry-tag.com\/fi\/wp-json\/wp\/v2\/types\/product"}],"version-history":[{"count":5,"href":"https:\/\/rfid-laundry-tag.com\/fi\/wp-json\/wp\/v2\/product\/2543\/revisions"}],"predecessor-version":[{"id":2558,"href":"https:\/\/rfid-laundry-tag.com\/fi\/wp-json\/wp\/v2\/product\/2543\/revisions\/2558"}],"wp:featuredmedia":[{"embeddable":true,"href":"https:\/\/rfid-laundry-tag.com\/fi\/wp-json\/wp\/v2\/media\/2544"}],"wp:attachment":[{"href":"https:\/\/rfid-laundry-tag.com\/fi\/wp-json\/wp\/v2\/media?parent=2543"}],"wp:term":[{"taxonomy":"product_brand","embeddable":true,"href":"https:\/\/rfid-laundry-tag.com\/fi\/wp-json\/wp\/v2\/product_brand?post=2543"},{"taxonomy":"product_cat","embeddable":true,"href":"https:\/\/rfid-laundry-tag.com\/fi\/wp-json\/wp\/v2\/product_cat?post=2543"},{"taxonomy":"product_tag","embeddable":true,"href":"https:\/\/rfid-laundry-tag.com\/fi\/wp-json\/wp\/v2\/product_tag?post=2543"}],"curies":[{"name":"wp","href":"https:\/\/api.w.org\/{rel}","templated":true}]}}