{"id":204,"date":"2024-06-18T09:26:05","date_gmt":"2024-06-18T09:26:05","guid":{"rendered":"https:\/\/rfid-laundry-tag.com\/?post_type=product&#038;p=204"},"modified":"2024-09-26T03:20:13","modified_gmt":"2024-09-26T03:20:13","slug":"textile-fabric-rfid-laundry-tags","status":"publish","type":"product","link":"https:\/\/rfid-laundry-tag.com\/fi\/textile-fabric-rfid-laundry-tags\/","title":{"rendered":"Tekstiilikankaasta valmistettu RFID-pesulappu"},"content":{"rendered":"<div>\n<div class=\"auto-hide-last-sibling-br paragraph_1252f paragraph-element\">\n<table width=\"637\">\n<tbody>\n<tr>\n<td width=\"328\">Tuotteen nimi:<\/td>\n<td width=\"309\"><strong>Tekstiilikankaasta valmistettu RFID-pesulappu<\/strong><\/td>\n<\/tr>\n<tr>\n<td width=\"328\">RFID-standardi:<\/td>\n<td width=\"309\">ISO\/IEC 18000-6 TypeC (EPC Gen2)<\/td>\n<\/tr>\n<tr>\n<td width=\"328\">Koko ja paino:<\/td>\n<td width=\"309\">70 \u00d7 15 mm, 0,6 g<\/td>\n<\/tr>\n<tr>\n<td width=\"328\">Sirun tyyppi:<\/td>\n<td width=\"309\">Impinj Monza 4QT, NXP U CODE 8, NXP U CODE 9<\/td>\n<\/tr>\n<tr>\n<td width=\"328\">EPC-muisti:<\/td>\n<td width=\"309\">128 bitti\u00e4<\/td>\n<\/tr>\n<tr>\n<td width=\"328\">K\u00e4ytt\u00e4j\u00e4n muisti:<\/td>\n<td width=\"309\">512 bitti\u00e4<\/td>\n<\/tr>\n<tr>\n<td width=\"328\">Lukualue (2W ERP FCC):<\/td>\n<td width=\"309\">8 m<\/td>\n<\/tr>\n<tr>\n<td width=\"328\">Lukualue (2W ERP ETSI):<\/td>\n<td width=\"309\">8 m<\/td>\n<\/tr>\n<tr>\n<td width=\"328\">Tunnisteet:<\/td>\n<td width=\"309\">Ompelu, kuumaleimausliima<\/td>\n<\/tr>\n<tr>\n<td width=\"328\">Arvioitu k\u00e4ytt\u00f6ik\u00e4:<\/td>\n<td width=\"309\">200 pesujaksoa tai 3 vuotta sen mukaan, kumpi tulee ensin<\/td>\n<\/tr>\n<tr>\n<td width=\"328\">Pesumenetelm\u00e4:<\/td>\n<td width=\"309\">Pesula, Kemiallinen pesu<\/td>\n<\/tr>\n<tr>\n<td width=\"328\">Vedenpoistopaine:<\/td>\n<td width=\"309\">60 bar<\/td>\n<\/tr>\n<tr>\n<td width=\"328\">Vedenkest\u00e4vyys:<\/td>\n<td width=\"309\">Vedenkest\u00e4v\u00e4<\/td>\n<\/tr>\n<tr>\n<td width=\"328\">Kemiallinen resistanssi:<\/td>\n<td width=\"309\">Pesuaine, huuhteluaine, valkaisuaine (happi\/kloori), alkali<\/td>\n<\/tr>\n<tr>\n<td width=\"328\">Esikuivaus Tumblerissa:<\/td>\n<td width=\"309\">125 \u00baC 15-20 minuuttia<\/td>\n<\/tr>\n<tr>\n<td width=\"328\">Sterilointil\u00e4mp\u00f6tila:<\/td>\n<td width=\"309\">135\u00b0C 15-20 minuuttia<\/td>\n<\/tr>\n<tr>\n<td width=\"328\">Pesul\u00e4mp\u00f6tila:<\/td>\n<td width=\"309\">90\u00b0C, jopa 15 min.<\/td>\n<\/tr>\n<tr>\n<td width=\"328\">Kosteus\/l\u00e4mp\u00f6tila-k\u00e4ytt\u00f6:<\/td>\n<td width=\"309\">-20 - 110 \u00b0C, 8 - 95%RH<\/td>\n<\/tr>\n<tr>\n<td width=\"328\">Kosteus\/l\u00e4mp\u00f6tila-varastointi:<\/td>\n<td width=\"309\">-40 - 110 \u00b0C, 8 - 95%RH<\/td>\n<\/tr>\n<\/tbody>\n<\/table>\n<\/div>\n<div class=\"auto-hide-last-sibling-br paragraph_1252f paragraph-element\"><\/div>\n<\/div>\n<div data-spm-anchor-id=\"a2700.details.0.i57.23b419c7xXORP0\">\n<div class=\"auto-hide-last-sibling-br paragraph_1252f paragraph-element\">\n<h2>Tekstiilikankaiden RFID-pesutunnisteiden ominaisuudet<\/h2>\n<h3>1. Kest\u00e4v\u00e4 ja pest\u00e4v\u00e4<\/h3>\n<p>Meid\u00e4n\u00a0<strong>pest\u00e4v\u00e4t RFID-tunnisteet<\/strong>\u00a0on huolellisesti suunniteltu kest\u00e4m\u00e4\u00e4n kovia pesuolosuhteita. Ne kest\u00e4v\u00e4t jopa\u00a0<strong>200 pesukertaa<\/strong>, kest\u00e4\u00e4 korkeita l\u00e4mp\u00f6tiloja pesu- ja kuivausprosessien aikana. Kest\u00e4v\u00e4t materiaalit ja k\u00e4ytetyt teknologiat takaavat sen\u00a0<strong>tunnisteet voidaan ommella<\/strong>\u00a0eri esineisiin, mukaan lukien liinavaatteet ja vaatteet, vaarantamatta niiden eheytt\u00e4. Olipa kyseess\u00e4 kuumapesu klo\u00a0<strong>90 \u00b0C<\/strong>\u00a0tai sterilointi klo\u00a0<strong>135 \u00b0C<\/strong>, n\u00e4m\u00e4 tunnisteet on tehty kest\u00e4m\u00e4\u00e4n teollisen pyykin vaatimukset.<\/p>\n<h3>2. Saumaton integrointi RFID-j\u00e4rjestelmien kanssa<\/h3>\n<p>The\u00a0<strong>UHF RFID -tekniikka<\/strong>\u00a0pesulappuihin upotettu mahdollistaa saumattoman integroinnin olemassa oleviin pyykinhallintaj\u00e4rjestelmiin. K\u00e4yt\u00e4tk\u00f6 sitten\u00a0<strong>RFID-lukijat<\/strong>\u00a0automaattiseen seurantaan tai niiden sis\u00e4llytt\u00e4miseen laajempaan\u00a0<strong>varastonhallinta<\/strong>\u00a0j\u00e4rjestelm\u00e4ss\u00e4, n\u00e4m\u00e4 tunnisteet tarjoavat tarvittavan yhteensopivuuden, jota tarvitaan virtaviivaistettuihin toimintoihin. Luotettava lukualue jopa\u00a0<strong>8 metri\u00e4<\/strong>\u00a0varmistaa tarkan seurannan ja pit\u00e4\u00e4 pyykkivarastosi kurissa.<\/p>\n<h3>3. Parannetut seuranta- ja hallintaominaisuudet<\/h3>\n<p>Kanssa\u00a0<strong>RFID-pesutunnisteet<\/strong>, voit seurata jokaista pyykki\u00e4 sen kaikissa vaiheissa\u00a0<strong>pesuprosessi<\/strong>. Tehokas tunnistaminen ja varaston seuranta johtavat k\u00e4ytt\u00f6kelpoisiin oivalluksiin, mik\u00e4 parantaa yleist\u00e4 varastonhallintaa. Voit seurata jokaisen liikett\u00e4\u00a0<strong>tekstiilituote<\/strong>varmistaen, ett\u00e4 ne palautetaan viipym\u00e4tt\u00e4 oikeille henkil\u00f6ille tai paikkoihin. T\u00e4m\u00e4 n\u00e4kyvyys on ratkaisevan t\u00e4rke\u00e4\u00e4 asiakastyytyv\u00e4isyyden yll\u00e4pit\u00e4miseksi sellaisilla aloilla kuin hotelli- ja terveydenhuolto.<\/p>\n<h3>4. Kest\u00e4v\u00e4 kemiallinen kest\u00e4vyys<\/h3>\n<p>Meid\u00e4n\u00a0<strong>kankaiset pyykkilaput<\/strong>\u00a0Ne on suunniteltu kest\u00e4m\u00e4\u00e4n erilaisia teollisuuspesuloissa tyypillisesti k\u00e4ytettyj\u00e4 kemikaaleja. Ne kest\u00e4v\u00e4t pesuaineita, pehmennysaineita ja valkaisuaineita, mukaan lukien sek\u00e4 happi- ett\u00e4 kloorimuunnelmat. T\u00e4m\u00e4 kemiallinen kimmoisuus pident\u00e4\u00e4 tarrojen k\u00e4ytt\u00f6ik\u00e4\u00e4 ja varmistaa luotettavan suorituskyvyn jopa ankarimmissa pesuymp\u00e4rist\u00f6iss\u00e4.<\/p>\n<h3>5. Useita merkint\u00e4vaihtoehtoja<\/h3>\n<p>Tekstiiliset RFID-pesutunnisteet tarjoavat monipuolista k\u00e4ytt\u00f6\u00e4\u00a0<strong>merkint\u00e4vaihtoehdot<\/strong>. Asiakkaat voivat valita\u00a0<strong>ompelu<\/strong>\u00a0tunnisteet suoraan vaatteisiin tai k\u00e4ytt\u00e4m\u00e4ll\u00e4\u00a0<strong>kuumaleimausliima<\/strong>\u00a0turvalliseen kiinnitykseen. T\u00e4m\u00e4 mukautumiskyky mahdollistaa helpon integroinnin olemassa oleviin tekstiileihin h\u00e4iritsem\u00e4tt\u00e4 niiden toimintaa tai ulkon\u00e4k\u00f6\u00e4.<\/p>\n<h3 class=\"wp-block-heading\">Tekstiilikankaasta valmistettujen RFID-pesutunnisteiden asennus<\/h3>\n<p><strong>Ommelmerkint\u00e4<\/strong>: Ommellaan tekstiilin helmaan. Ompele pyykkilappu pois taittoviivoista.<br \/>\n<strong>Kuumasaumaus<\/strong>: Kuumasaumattava suoraan tekstiilin p\u00e4\u00e4lle +200\u00b0C:ssa (392\u00b0F), 12-14 s.<br \/>\n<strong>Pussissa<\/strong>: Ommeltava kuten tavallinen hoitotarra. Ompele pyykkilappu pois taittoviivoista.<\/p>\n<h2>RFID-pesunhallinnan edut<\/h2>\n<h3>Parannettu toiminnan tehokkuus<\/h3>\n<p>Mukana\u00a0<strong>RFID-tunnisteet<\/strong>\u00a0sinun\u00a0<strong>pyykin hallinta<\/strong>\u00a0prosessit parantavat huomattavasti toiminnan tehokkuutta. Automaattiset seurantaj\u00e4rjestelm\u00e4t eliminoivat ty\u00f6voimavaltaisten manuaalisten prosessien tarpeen, mik\u00e4 v\u00e4hent\u00e4\u00e4 henkil\u00f6st\u00f6n aikaa ja tuotteiden seurantaan liittyvi\u00e4 kustannuksia. N\u00e4in ty\u00f6ntekij\u00e4t voivat keskitty\u00e4 ydinteht\u00e4viin, jotka tuovat lis\u00e4arvoa yritykselle ja lis\u00e4\u00e4v\u00e4t yleist\u00e4 tuottavuutta.<\/p>\n<h3>Erinomainen omaisuuden seuranta<\/h3>\n<p>RFID-tekniikan avulla voit seurata jokaista pyykki\u00e4 koko sen elinkaaren ajan alusta k\u00e4sittelyst\u00e4 huoltoon palauttamiseen. T\u00e4m\u00e4 ylivoimainen omaisuuden seurantaominaisuus auttaa est\u00e4m\u00e4\u00e4n tappioita ja varmistaa, ett\u00e4 kaikki kohteet kirjataan, mik\u00e4 on erityisen t\u00e4rke\u00e4\u00e4 suuria m\u00e4\u00e4ri\u00e4 vaativissa ymp\u00e4rist\u00f6iss\u00e4, kuten sairaaloissa ja hotelleissa.<\/p>\n<h3>Toimialastandardien mukainen<\/h3>\n<p>RFID-pesutunnisteet on suunniteltu t\u00e4ytt\u00e4m\u00e4\u00e4n alan tiukat kest\u00e4vyytt\u00e4 ja suorituskyky\u00e4 koskevat standardit. Niiden vankka rakenne soveltuu vaativiin ymp\u00e4rist\u00f6ihin, joten ne sopivat ihanteellisesti kaupallisiin sovelluksiin. Valitsemalla tekstiilien RFID-tunnisteet yhdenmukaistat pesulatoimintasi johtavien k\u00e4yt\u00e4nt\u00f6jen kanssa ja varmistat yrityksesi kilpailukyvyn.<\/p>\n<hr \/>\n<h2>Asiakkaiden suosittelut<\/h2>\n<blockquote><p>\u201dOlemme merkitt\u00e4v\u00e4sti v\u00e4hent\u00e4neet kadonneita liinavaatteita sen j\u00e4lkeen, kun otimme k\u00e4ytt\u00f6\u00f6n RFID-pesutunnisteet. Seurantaj\u00e4rjestelm\u00e4 on muuttanut pesulahallintaamme!\u201d \u2014\u00a0<em>Mary T., kiinteist\u00f6p\u00e4\u00e4llikk\u00f6<\/em><\/p><\/blockquote>\n<blockquote><p>&quot;RFID-tunnisteet eiv\u00e4t vain kest\u00e4 pesujen aikana, vaan ne ovat my\u00f6s pident\u00e4neet k\u00e4sittelyaikojamme huomattavasti.&quot; \u2014\u00a0<em>John D., toimintajohtaja<\/em><\/p><\/blockquote>\n<hr \/>\n<h2>Usein kysytyt kysymykset (FAQ)<\/h2>\n<p><strong>K: Kuinka kauan RFID-pesutunnisteet voivat kest\u00e4\u00e4?<\/strong><br \/>\nV: Meid\u00e4n\u00a0<strong>RFID-pesutunnisteet<\/strong>\u00a0on arvioitu k\u00e4ytt\u00f6ik\u00e4\u00a0<strong>200 pesukertaa tai 3 vuotta<\/strong>, riippuen k\u00e4ytt\u00f6olosuhteista.<\/p>\n<p><strong>K: Kest\u00e4v\u00e4tk\u00f6 n\u00e4m\u00e4 tunnisteet korkeita l\u00e4mp\u00f6tiloja?<\/strong><br \/>\nV: Kyll\u00e4, n\u00e4m\u00e4 tunnisteet on suunniteltu kest\u00e4m\u00e4\u00e4n pesul\u00e4mp\u00f6tilaa jopa\u00a0<strong>90 \u00b0C<\/strong>, sterilointi klo\u00a0<strong>135 \u00b0C<\/strong>, ja esikuivausolosuhteet, mik\u00e4 tekee niist\u00e4 t\u00e4ydelliset teollisuuspesuloihin.<\/p>\n<p><strong>K: Kest\u00e4v\u00e4tk\u00f6 tunnisteet kemikaaleja?<\/strong><br \/>\nV: Ehdottomasti. N\u00e4m\u00e4 tunnisteet kest\u00e4v\u00e4t tavallisia pyykinpesukemikaaleja, mukaan lukien pesuaineet, huuhteluaineet ja valkaisuaineet.<\/p>\n<h3>Johtop\u00e4\u00e4t\u00f6s<\/h3>\n<div class=\"auto-hide-last-sibling-br paragraph_1252f paragraph-element\"><strong>Tekstiilikankaasta valmistettu RFID-pesulappu<\/strong> ovat erityisesti suunniteltuja RFID-tunnisteita, jotka on tarkoitettu tekstiileille, jotka k\u00e4yv\u00e4t l\u00e4pi laajan teollisen pesun, joka sis\u00e4lt\u00e4\u00e4 steriloinnin ja silityksen.<\/div>\n<div class=\"auto-hide-last-sibling-br paragraph_1252f paragraph-element\">N\u00e4m\u00e4 <strong>Tekstiilikankaasta valmistettu RFID-pesulappu<\/strong> ovat olennaisen t\u00e4rkeit\u00e4 liinavaatteiden ja tekstiilien tehokkaan tunnistamisen, j\u00e4ljitt\u00e4misen ja hallinnan kannalta. Yrityksille, jotka luottavat jatkuvaan puhtaiden tekstiilien, univormujen, ty\u00f6vaatteiden, l\u00e4\u00e4ketieteellisten vaatteiden tai siivoustarvikkeiden kiertoon, n\u00e4m\u00e4 pyykkitunnisteet voivat parantaa merkitt\u00e4v\u00e4sti automatisoitujen j\u00e4rjestelmien suorituskyky\u00e4. Ne helpottavat useiden yksitt\u00e4isten tuotteiden nopeampaa ja tarkempaa seurantaa, mik\u00e4 tehostaa varastonhallintaa ja v\u00e4hent\u00e4\u00e4 h\u00e4vikki\u00e4. T\u00e4m\u00e4 s\u00e4\u00e4st\u00e4\u00e4 huomattavasti aikaa ja kustannuksia sek\u00e4 lis\u00e4\u00e4 t\u00e4llaisten laitosten tuottavuutta.<\/div>\n<\/div>\n<\/div>\n<div class=\"auto-hide-last-sibling-br paragraph_1252f paragraph-element\">\n<div class=\"auto-hide-last-sibling-br paragraph_1252f paragraph-element\"><strong>RFID-tekstiilitunniste<\/strong> univormut pellavapesulle ovat v\u00e4ltt\u00e4m\u00e4tt\u00f6mi\u00e4 lukemattomilla toimialoilla, mik\u00e4 edist\u00e4\u00e4 ratkaisevasti tehokasta omaisuuden seurantaa, varastonhallintaa ja yleist\u00e4 toiminnan tehokkuutta. T\u00e4ss\u00e4 on katsaus niiden sovelluksiin eri aloilla:<\/div>\n<div><\/div>\n<p>&nbsp;<\/p>\n<\/div>\n<div class=\"auto-hide-last-sibling-br paragraph_1252f paragraph-element\"><\/div>","protected":false},"excerpt":{"rendered":"<p>Edistyneell\u00e4 UHF-tekniikalla (860-960 MHz) valmistetut tekstiilikankaasta valmistetut RFID-pesutunnisteet t\u00e4ytt\u00e4v\u00e4t maailmanlaajuiset standardit, kuten EPC Class1 Gen2 ja ISO 18000. N\u00e4m\u00e4 UHF-kankaiset pellavapesutunnisteet tarjoavat sekoituksen joustavuutta ja kest\u00e4vyytt\u00e4, joka kest\u00e4\u00e4 yli 200 pesua. syklit ja paine jopa 60 bar. UHF RFID -kankaisen pyykkitunnisteen merkitt\u00e4v\u00e4 ominaisuus on sen kyky mahdollistaa massalukeminen muutaman metrin et\u00e4isyydelt\u00e4, mik\u00e4 toimii eritt\u00e4in tehokkaana v\u00e4lineen\u00e4 pyykink\u00e4sittelyss\u00e4.<\/p>","protected":false},"featured_media":2675,"template":"","meta":{"_kad_post_transparent":"default","_kad_post_title":"","_kad_post_layout":"default","_kad_post_sidebar_id":"","_kad_post_content_style":"default","_kad_post_vertical_padding":"default","_kad_post_feature":"","_kad_post_feature_position":"","_kad_post_header":false,"_kad_post_footer":false,"_kad_post_classname":""},"product_brand":[],"product_cat":[19],"product_tag":[297,31,65,30],"class_list":{"0":"post-204","1":"product","2":"type-product","3":"status-publish","4":"has-post-thumbnail","6":"product_cat-textile-rfid-laundry-tag","7":"product_tag-rfid-chips-for-uniform","8":"product_tag-rfid-tag-for-linen-laundry","9":"product_tag-textile-rfid-laundry-tags","10":"product_tag-uhf-rfid-laundry-tag","12":"first","13":"instock","14":"featured","15":"shipping-taxable","16":"product-type-simple","17":"entry","18":"content-bg","19":"loop-entry"},"_links":{"self":[{"href":"https:\/\/rfid-laundry-tag.com\/fi\/wp-json\/wp\/v2\/product\/204","targetHints":{"allow":["GET"]}}],"collection":[{"href":"https:\/\/rfid-laundry-tag.com\/fi\/wp-json\/wp\/v2\/product"}],"about":[{"href":"https:\/\/rfid-laundry-tag.com\/fi\/wp-json\/wp\/v2\/types\/product"}],"version-history":[{"count":3,"href":"https:\/\/rfid-laundry-tag.com\/fi\/wp-json\/wp\/v2\/product\/204\/revisions"}],"predecessor-version":[{"id":2678,"href":"https:\/\/rfid-laundry-tag.com\/fi\/wp-json\/wp\/v2\/product\/204\/revisions\/2678"}],"wp:featuredmedia":[{"embeddable":true,"href":"https:\/\/rfid-laundry-tag.com\/fi\/wp-json\/wp\/v2\/media\/2675"}],"wp:attachment":[{"href":"https:\/\/rfid-laundry-tag.com\/fi\/wp-json\/wp\/v2\/media?parent=204"}],"wp:term":[{"taxonomy":"product_brand","embeddable":true,"href":"https:\/\/rfid-laundry-tag.com\/fi\/wp-json\/wp\/v2\/product_brand?post=204"},{"taxonomy":"product_cat","embeddable":true,"href":"https:\/\/rfid-laundry-tag.com\/fi\/wp-json\/wp\/v2\/product_cat?post=204"},{"taxonomy":"product_tag","embeddable":true,"href":"https:\/\/rfid-laundry-tag.com\/fi\/wp-json\/wp\/v2\/product_tag?post=204"}],"curies":[{"name":"wp","href":"https:\/\/api.w.org\/{rel}","templated":true}]}}