{"id":193,"date":"2024-06-16T05:59:05","date_gmt":"2024-06-16T05:59:05","guid":{"rendered":"https:\/\/rfid-laundry-tag.com\/?post_type=product&#038;p=193"},"modified":"2024-09-23T09:29:31","modified_gmt":"2024-09-23T09:29:31","slug":"rfid-chips-in-clothing","status":"publish","type":"product","link":"https:\/\/rfid-laundry-tag.com\/fi\/rfid-chips-in-clothing\/","title":{"rendered":"RFID-sirut vaatteissa"},"content":{"rendered":"<div class=\"J_module\">\n<div class=\"ife-detail-decorate-table\">\n<table class=\"hight-light-first-column all magic-14\">\n<tbody>\n<tr>\n<td colspan=\"1\" rowspan=\"1\">\n<div class=\"magic-15\" data-spm-anchor-id=\"a2700.details.0.i95.236a58c1ycsfva\">Tuotantonimi:<\/div>\n<\/td>\n<td colspan=\"1\" rowspan=\"1\">\n<div class=\"magic-16\"><strong>RFID-sirut vaatteissa<\/strong><\/div>\n<\/td>\n<\/tr>\n<tr>\n<td colspan=\"1\" rowspan=\"1\">\n<div class=\"magic-15\"><span class=\"magic-17\">Materiaali:<\/span><\/div>\n<\/td>\n<td colspan=\"1\" rowspan=\"1\">\n<div class=\"magic-16\">Polyesteri\/koostumus\/satiini\/puuvilla\/kuitukangas\/PET jne.<\/div>\n<\/td>\n<\/tr>\n<tr>\n<td colspan=\"1\" rowspan=\"1\">\n<div class=\"magic-15\"><span class=\"magic-17\">Koko:<\/span><\/div>\n<\/td>\n<td colspan=\"1\" rowspan=\"1\">\n<div class=\"magic-16\"><span class=\"magic-17\">80 * 38 mm \/ 60 * 30 mm tai r\u00e4\u00e4t\u00e4l\u00f6ity<\/span><\/div>\n<\/td>\n<\/tr>\n<tr>\n<td colspan=\"1\" rowspan=\"1\">\n<div class=\"magic-15\"><span class=\"magic-17\">Tyyppi:<\/span><\/div>\n<\/td>\n<td colspan=\"1\" rowspan=\"1\">\n<div class=\"magic-16\"><span class=\"magic-17\">Passiivinen, RFID<\/span><\/div>\n<\/td>\n<\/tr>\n<tr>\n<td colspan=\"1\" rowspan=\"1\">\n<div class=\"magic-15\">RF-protokolla:<\/div>\n<\/td>\n<td colspan=\"1\" rowspan=\"1\">\n<div class=\"magic-16\">ISO 18000-6C; EPC-luokka 1, sukupolvi 2<\/div>\n<\/td>\n<\/tr>\n<tr>\n<td colspan=\"1\" rowspan=\"1\">\n<div class=\"magic-15\"><span class=\"magic-17\">Taajuus:<\/span><\/div>\n<\/td>\n<td colspan=\"1\" rowspan=\"1\">\n<div class=\"magic-16\"><span class=\"magic-17\">860-960 MHz<\/span><\/div>\n<\/td>\n<\/tr>\n<tr>\n<td colspan=\"1\" rowspan=\"1\">\n<div class=\"magic-15\">Siru<\/div>\n<\/td>\n<td colspan=\"1\" rowspan=\"1\">\n<div class=\"magic-16\">Alien Higgs, Monza 3, Monza 4D, Monza 4QT, Monza R6, Monza R6-P, Impinj M730, Impinj M750 jne.<\/div>\n<\/td>\n<\/tr>\n<tr>\n<td colspan=\"1\" rowspan=\"1\">\n<div class=\"magic-15\"><span class=\"magic-17\">Lukuet\u00e4isyys:<\/span><\/div>\n<\/td>\n<td colspan=\"1\" rowspan=\"1\">\n<div class=\"magic-16\"><span class=\"magic-17\">UHF: 1-10m (riippuu lukijasta ja antennista)<\/span><\/div>\n<\/td>\n<\/tr>\n<tr>\n<td colspan=\"1\" rowspan=\"1\">\n<div class=\"magic-15\"><span class=\"magic-17\">Kiinte\u00e4 tapa:<\/span><\/div>\n<\/td>\n<td colspan=\"1\" rowspan=\"1\">\n<div class=\"magic-16\"><span class=\"magic-17\">Ompele \/ silitys<\/span><\/div>\n<\/td>\n<\/tr>\n<tr>\n<td colspan=\"1\" rowspan=\"1\">\n<div class=\"magic-15\"><span class=\"magic-17\">Tulostus:<\/span><\/div>\n<\/td>\n<td colspan=\"1\" rowspan=\"1\">\n<div class=\"magic-16\"><span class=\"magic-17\">Tulostus, koodaus, sarjanumero, suunnittelu jne.<\/span><\/div>\n<\/td>\n<\/tr>\n<tr>\n<td colspan=\"1\" rowspan=\"1\">\n<div class=\"magic-15\"><span class=\"magic-17\">IC:n k\u00e4ytt\u00f6ik\u00e4:<\/span><\/div>\n<\/td>\n<td colspan=\"1\" rowspan=\"1\">\n<div class=\"magic-16\" data-spm-anchor-id=\"a2700.details.0.i94.236a58c1ycsfva\"><span class=\"magic-17\">100 000 ohjelmointijaksoa<br \/>\n10 vuoden tietojen s\u00e4ilytys<\/span><\/div>\n<\/td>\n<\/tr>\n<tr>\n<td colspan=\"1\" rowspan=\"1\">\n<div class=\"magic-15\"><span class=\"magic-17\">N\u00e4ytteen saatavuus:<\/span><\/div>\n<\/td>\n<td colspan=\"1\" rowspan=\"1\">\n<div class=\"magic-16\"><span class=\"magic-17\">Ilmaisia n\u00e4ytteit\u00e4 on saatavilla pyynn\u00f6st\u00e4<\/span><\/div>\n<\/td>\n<\/tr>\n<tr>\n<td colspan=\"1\" rowspan=\"1\">\n<div class=\"magic-15\"><span class=\"magic-17\">Sovellukset:\u00a0<\/span><\/div>\n<\/td>\n<td colspan=\"1\" rowspan=\"1\">\n<div class=\"magic-16\"><span class=\"magic-17\">\u00b7 Varastonhallinta<br \/>\n\u00b7 Toimitusketju<br \/>\n\u00b7 V\u00e4hitt\u00e4iskauppa<\/span><\/div>\n<\/td>\n<\/tr>\n<tr>\n<td colspan=\"1\" rowspan=\"1\">\n<div class=\"magic-15\"><span class=\"magic-17\">K\u00e4ytt\u00e4\u00e4<\/span><\/div>\n<\/td>\n<td colspan=\"1\" rowspan=\"1\">\n<div class=\"magic-16\"><span class=\"magic-17\">Vaatteet, vaatteet, laukut, keng\u00e4t jne.<\/span><\/div>\n<\/td>\n<\/tr>\n<\/tbody>\n<\/table>\n<\/div>\n<\/div>\n<div class=\"J_module\">\n<div class=\"detail-decorate-json-renderer-container\">\n<div class=\"magic-1\">\n<div class=\"magic-5\">\n<div class=\"magic-6\">\n<div>\n<h2 class=\"AnswerParser_AnswerParserH2__SIHnF\">RFID-teknologian voima vaatteiden seurannassa<\/h2>\n<p><span class=\"AnswerParser_TextContainer__z_Iiv\" data-testid=\"youchat-text\">RFID (Radio Frequency Identification) -tekniikka on mullistanut varastonhallinnan eri toimialoilla, ja nyt se tekee aaltoja vaatealalla. UHF RFID -pesutarramme hy\u00f6dynt\u00e4v\u00e4t t\u00e4t\u00e4 tehokasta tekniikkaa ja tarjoavat vertaansa vailla olevat seurantaominaisuudet vaatteillesi.<\/span><span class=\"AnswerParser_TextContainer__z_Iiv\" data-testid=\"youchat-text\">N\u00e4m\u00e4 tarrat k\u00e4ytt\u00e4v\u00e4t radiotaajuisia signaaleja kommunikoidakseen RFID-lukijoiden kanssa, mik\u00e4 mahdollistaa vaatteiden nopean ja tarkan tunnistamisen ilman n\u00e4k\u00f6skannausta. T\u00e4m\u00e4 tarkoittaa, ett\u00e4 voit vaivattomasti seurata useita nimikkeit\u00e4 samanaikaisesti, mik\u00e4 v\u00e4hent\u00e4\u00e4 merkitt\u00e4v\u00e4sti varastotarkastuksiin kuluvaa aikaa ja vaivaa.<\/span><\/div>\n<\/div>\n<div>\n<div class=\"auto-hide-last-sibling-br paragraph_1252f paragraph-element\">\n<div class=\"auto-hide-last-sibling-br paragraph_1252f paragraph-element\">\n<div class=\"auto-hide-last-sibling-br paragraph_1252f paragraph-element\">\n<div class=\"auto-hide-last-sibling-br paragraph_1252f paragraph-element\">Erotuminen joukosta ja varastojen tehokas hallinta ovat vaatemerkkien keskeisi\u00e4 haasteita. RFID-vaatetunnisteiden k\u00e4ytt\u00f6\u00f6notto voi ratkaista n\u00e4m\u00e4 ongelmat ja auttaa yrityksi\u00e4 paitsi parantamaan tuotekuvaansa ja arvoaan, my\u00f6s nopeuttamaan maailmanlaajuista toimitusketjuaan.<\/div>\n<p>&nbsp;<\/p>\n<div class=\"auto-hide-last-sibling-br paragraph_1252f paragraph-element\">Tuotteemme vaihtelevat graafisesti koristelluista etiketeist\u00e4 ymp\u00e4rist\u00f6yst\u00e4v\u00e4llisiin pakkauksiin, jotka on varustettu radiotaajuustunnistuksella (RFID). N\u00e4m\u00e4 tarjoukset lis\u00e4\u00e4v\u00e4t vaatteiden vetovoimaa kuluttajien silmiss\u00e4 ja optimoivat varasto- ja varastointiprosesseja. Samalla ne vahvistavat tuoteturvallisuutta ja antavat j\u00e4lleenmyyjille mahdollisuuden omistaa enemm\u00e4n aikaa asiakkailleen.<\/div>\n<p>&nbsp;<\/p>\n<div class=\"auto-hide-last-sibling-br paragraph_1252f paragraph-element\">T\u00e4ll\u00e4 tavoin RFID-vaatetunnisteet toimivat kaksik\u00e4ytt\u00f6isen\u00e4 ty\u00f6kaluna \u2013 lis\u00e4\u00e4v\u00e4t br\u00e4ndin vetovoimaa ja varmistavat toiminnan tehokkuuden.<\/div>\n<\/div>\n<\/div>\n<div>\n<h2 class=\"AnswerParser_AnswerParserH2__SIHnF\">Sovellukset v\u00e4hitt\u00e4iskaupan alalle ja sen ulkopuolelle<\/h2>\n<p><span class=\"AnswerParser_TextContainer__z_Iiv\" data-testid=\"youchat-text\">RFID-pesunhoitotarrojen monipuolisuus tekee niist\u00e4 sopivia monenlaisiin k\u00e4ytt\u00f6tarkoituksiin:<\/span><\/p>\n<ol class=\"AnswerParser_AnswerParserOrderedList__kl_2Y\">\n<li class=\"AnswerParser_ListItem__XqLOV\" translate=\"yes\"><strong>V\u00e4hitt\u00e4iskaupat<\/strong>: Tehosta varastonhallintaa ja paranna tuotteiden n\u00e4kyvyytt\u00e4.<\/li>\n<li class=\"AnswerParser_ListItem__XqLOV\" translate=\"yes\"><strong>Pesulapalvelut<\/strong>: Seuraa yksitt\u00e4isi\u00e4 vaatteita pesujaksojen l\u00e4pi helposti.<\/li>\n<li class=\"AnswerParser_ListItem__XqLOV\" translate=\"yes\"><strong>Virkapuvut ja ty\u00f6vaatteet<\/strong>: Hallitse suuria m\u00e4\u00e4ri\u00e4 samanlaisia kohteita tehokkaasti.<\/li>\n<li class=\"AnswerParser_ListItem__XqLOV\" translate=\"yes\"><strong>Majoitusteollisuus<\/strong>: Pid\u00e4 kirjaa liinavaatteista, pyyhkeist\u00e4 ja henkil\u00f6kunnan univormuista.<\/li>\n<li class=\"AnswerParser_ListItem__XqLOV\" translate=\"yes\"><strong>L\u00e4\u00e4ketieteellinen kuorinta<\/strong>: Varmista terveydenhuollon vaatteiden asianmukainen puhdistus ja jakelu.<\/li>\n<li class=\"AnswerParser_ListItem__XqLOV\" translate=\"yes\"><strong>Pukuvuokraus<\/strong>: Yksinkertaista vuokrayritysten uloskirjautumis- ja palautusprosessia.<\/li>\n<\/ol>\n<\/div>\n<div class=\"auto-hide-last-sibling-br paragraph_1252f paragraph-element\">\n<div class=\"auto-hide-last-sibling-br paragraph_1252f paragraph-element\">\n<h2 class=\"AnswerParser_AnswerParserH2__SIHnF\">Paranna toimitusketjusi n\u00e4kyvyytt\u00e4<\/h2>\n<p><span class=\"AnswerParser_TextContainer__z_Iiv\" data-testid=\"youchat-text\">Yhdist\u00e4m\u00e4ll\u00e4 RFID-pesunhoitotarramme vaatteisiisi saat ennenn\u00e4kem\u00e4tt\u00f6m\u00e4n n\u00e4kyvyyden toimitusketjussasi. Seuraa vaatteitasi valmistuksesta myyntiin ja jopa useiden pesujaksojen kautta teollisuuspesuloissa.<\/span><span class=\"AnswerParser_TextContainer__z_Iiv\" data-testid=\"youchat-text\">T\u00e4m\u00e4n parannetun n\u00e4kyvyyden avulla voit:<\/span><\/p>\n<ul class=\"AnswerParser_AnswerParserUnorderedList__P_1FW\">\n<li class=\"AnswerParser_ListItem__XqLOV\" translate=\"yes\">V\u00e4henn\u00e4 kutistumista ja menetyst\u00e4<\/li>\n<li class=\"AnswerParser_ListItem__XqLOV\" translate=\"yes\">Paranna tuotteiden vaihtotehoa<\/li>\n<li class=\"AnswerParser_ListItem__XqLOV\" translate=\"yes\">Optimoi varastotasot<\/li>\n<li class=\"AnswerParser_ListItem__XqLOV\" translate=\"yes\">Paranna asiakastyytyv\u00e4isyytt\u00e4 parantamalla tuotteiden saatavuutta<\/li>\n<\/ul>\n<h2 class=\"AnswerParser_AnswerParserH2__SIHnF\">Helppo asennus ja k\u00e4ytt\u00f6<\/h2>\n<p><span class=\"AnswerParser_TextContainer__z_Iiv\" data-testid=\"youchat-text\">RFID-pesunhoitotarramme on suunniteltu integroitumaan saumattomasti vaatteisiisi:<\/span><\/p>\n<ol class=\"AnswerParser_AnswerParserOrderedList__kl_2Y\">\n<li class=\"AnswerParser_ListItem__XqLOV\" translate=\"yes\"><strong>Ompeluvaihtoehto<\/strong>: Perinteinen kiinnitysmenetelm\u00e4 kest\u00e4vyyden takaamiseksi.<\/li>\n<li class=\"AnswerParser_ListItem__XqLOV\" translate=\"yes\"><strong>Silitett\u00e4v\u00e4 sovellus<\/strong>: Nopea ja helppo asennus l\u00e4mm\u00f6nsiirtotekniikalla.<\/li>\n<\/ol>\n<p><span class=\"AnswerParser_TextContainer__z_Iiv\" data-testid=\"youchat-text\">Molemmat menetelm\u00e4t varmistavat, ett\u00e4 etiketti pysyy tukevasti kiinni vaatteen koko elinkaaren ajan.<\/span><\/p>\n<div class=\"auto-hide-last-sibling-br paragraph_1252f paragraph-element\"><strong>T\u00e4ss\u00e4 on muutamia esimerkkej\u00e4 siit\u00e4, kuinka huippuluokan vaatemerkit ovat onnistuneesti ottaneet k\u00e4ytt\u00f6\u00f6n RFID UHF -tunnisteet:<\/strong><\/div>\n<ol class=\"auto-hide-last-sibling-br\">\n<li>\n<div class=\"auto-hide-last-sibling-br paragraph_1252f paragraph-element\"><strong>Prada<\/strong>: T\u00e4m\u00e4 kuuluisa italialainen luksusbr\u00e4ndi otti k\u00e4ytt\u00f6\u00f6n RFID-tunnisteet vuonna 2001, mik\u00e4 mahdollistaa yksityiskohtaisten tietojen, kuten tyylin, koon, v\u00e4rin ja hinnan, tallentamisen. Mielenkiintoista on, ett\u00e4 kun Prada-vaatteita pukeutuvat kuluttajat kulkevat myym\u00e4l\u00f6iss\u00e4\u00e4n, vastaavat asut ovat esill\u00e4 myym\u00e4l\u00e4malleissa, jotka j\u00e4ljittelev\u00e4t Milanon huippumuotia. T\u00e4m\u00e4 innovatiivinen RFID-teknologian k\u00e4ytt\u00f6 lis\u00e4\u00e4 Pradan kuluttajien tyytyv\u00e4isyytt\u00e4 oston j\u00e4lkeen.<\/div>\n<\/li>\n<li>\n<div class=\"auto-hide-last-sibling-br paragraph_1252f paragraph-element\"><strong>H&amp;M<\/strong>: T\u00e4m\u00e4 kansainv\u00e4linen tuotemerkki aloitti RFID-tekniikan k\u00e4yt\u00f6n vuonna 2014. Suunnitellun 1 800 myym\u00e4l\u00e4n RFID-teknologia mahdollistaa tuoteryhmien, m\u00e4\u00e4rien ja kulutuksen automaattisen seurannan.<\/div>\n<\/li>\n<li>\n<div class=\"auto-hide-last-sibling-br paragraph_1252f paragraph-element\"><strong>ZARA<\/strong>: Vuoden 2016 ensimm\u00e4isell\u00e4 puoliskolla ZARAn emoyhti\u00f6 Inditex totesi, ett\u00e4 RFID-tekniikan soveltaminen paransi varaston ja toimitusten hallintaa noin 70%:lle sen tuotemerkeist\u00e4. T\u00e4m\u00e4 toteutus johti 11,1%:n myynnin kasvuun ja 7,5%:n tuloksen kasvuun 1,26 miljardilla eurolla.<\/div>\n<\/li>\n<li>\n<div class=\"auto-hide-last-sibling-br paragraph_1252f paragraph-element\"><strong>Uniqlo<\/strong>: Vuonna 2017 Uniqlo ilmoitti suunnitelmastaan ottaa k\u00e4ytt\u00f6\u00f6n RFID-UHF-tunnisteita 3 000 myym\u00e4l\u00e4ss\u00e4 maailmanlaajuisesti, mik\u00e4 merkitsee sit\u00e4, ett\u00e4 se on ensimm\u00e4inen japanilainen j\u00e4lleenmyyj\u00e4, joka k\u00e4ytt\u00e4\u00e4 elektronisia tunnisteita maailmanlaajuisesti.<\/div>\n<\/li>\n<\/ol>\n<div class=\"auto-hide-last-sibling-br paragraph_1252f paragraph-element\">N\u00e4m\u00e4 ovat vain joitain n\u00e4kemyksi\u00e4 siit\u00e4, kuinka suosituimmat vaatemerkit k\u00e4ytt\u00e4v\u00e4t RFID-tunnisteita. Vuodesta 2019 l\u00e4htien l\u00e4hes kaikki maailmanluokan br\u00e4ndit ovat kiinnitt\u00e4neet vaatteisiinsa RFID-tunnisteita, mik\u00e4 on johtanut yli 20 miljardiin merkittyyn vaatekappaleeseen \u2013 m\u00e4\u00e4r\u00e4 kasvaa edelleen tuntuvasti. Muita merkitt\u00e4vi\u00e4 br\u00e4ndej\u00e4, jotka ovat ottaneet k\u00e4ytt\u00f6\u00f6n t\u00e4m\u00e4n tekniikan, ovat NIKE ja Walmart.<\/div>\n<\/div>\n<\/div>\n<\/div>\n<h2 class=\"AnswerParser_AnswerParserH2__SIHnF\">Ota yhteytt\u00e4 r\u00e4\u00e4t\u00e4l\u00f6ity\u00e4 ratkaisua varten<\/h2>\n<p><span class=\"AnswerParser_TextContainer__z_Iiv\" data-testid=\"youchat-text\">Oletko valmis mullistamaan vaatteen hallinnan UHF RFID -pesunhoitotarroillamme? Autamme sinua l\u00f6yt\u00e4m\u00e4\u00e4n t\u00e4ydellisen ratkaisun tarpeisiisi.<\/span><\/p>\n<ul class=\"AnswerParser_AnswerParserUnorderedList__P_1FW\">\n<li class=\"AnswerParser_ListItem__XqLOV\" translate=\"yes\"><strong>Ilmaisia n\u00e4ytteit\u00e4<\/strong>: Pyyd\u00e4 ilmaisia n\u00e4ytteit\u00e4 testattavaksi ymp\u00e4rist\u00f6ss\u00e4si.<\/li>\n<li class=\"AnswerParser_ListItem__XqLOV\" translate=\"yes\"><strong>R\u00e4\u00e4t\u00e4l\u00f6inti<\/strong>: Kerro meille erityistarpeesi r\u00e4\u00e4t\u00e4l\u00f6ity\u00e4 ratkaisua varten.<\/li>\n<li class=\"AnswerParser_ListItem__XqLOV\" translate=\"yes\"><strong>Asiantuntijakonsultointi<\/strong>: RFID-asiantuntijatiimimme on valmis vastaamaan kysymyksiisi.<\/li>\n<\/ul>\n<p><span class=\"AnswerParser_TextContainer__z_Iiv\" data-testid=\"youchat-text\">\u00c4l\u00e4 anna tehottoman varastonhallinnan hidastaa liiketoimintaasi. Hy\u00f6dynn\u00e4 vaatteiden seurannan tulevaisuus innovatiivisilla RFID-pesunhoitotarroillamme. T\u00e4yt\u00e4 kyselylomakkeemme t\u00e4n\u00e4\u00e4n aloittaaksesi matkasi kohti \u00e4lykk\u00e4\u00e4mp\u00e4\u00e4 ja tehokkaampaa vaatehallintaa.<\/span><span class=\"AnswerParser_TextContainer__z_Iiv\" data-testid=\"youchat-text\">Liittyv\u00e4t tuotteet:<\/span><\/p>\n<ul class=\"AnswerParser_AnswerParserUnorderedList__P_1FW\">\n<li class=\"AnswerParser_ListItem__XqLOV\" translate=\"yes\">RFID-kiinnitystunnisteet v\u00e4hitt\u00e4ismyyntiin<\/li>\n<li class=\"AnswerParser_ListItem__XqLOV\" translate=\"yes\">NFC-yhteensopivat hoitotarrat<\/li>\n<li class=\"AnswerParser_ListItem__XqLOV\" translate=\"yes\">Bluetooth Low Energy (BLE) Asset Trackers<\/li>\n<\/ul>\n<p><span class=\"AnswerParser_TextContainer__z_Iiv\" data-testid=\"youchat-text\">Koe RFID-teknologian voima vaatetusliiketoiminnassasi. Ota yhteytt\u00e4 nyt, niin kerromme, kuinka pest\u00e4v\u00e4t RFID-tunnisteet voivat muuttaa toimintaasi ja antaa sinulle kilpailuetua nopeatempoisessa muodin ja tekstiilien maailmassa.<\/span><\/p>\n<\/div>\n<div class=\"magic-6\">\n<div><\/div>\n<\/div>\n<\/div>\n<\/div>\n<\/div>\n<\/div>","protected":false},"excerpt":{"rendered":"<p>Prosessi k\u00e4ynnistyy RFID Chips In Clothingin kiinnitt\u00e4misell\u00e4 yksitt\u00e4isiin vaatekappaleisiin. N\u00e4it\u00e4 tunnisteita voidaan skannata eri kohdista toimitusketjussa, mik\u00e4 mahdollistaa reaaliaikaisen varaston seurannan, sijainnin varmennuksen ja komponenttien ja valmiiden tuotteiden liikkeen seurannan. T\u00e4m\u00e4 j\u00e4rjestelm\u00e4 tarjoaa kattavan, v\u00e4litt\u00f6m\u00e4n mekanismin varaston ja tuotteiden hallintaan ja seurantaan.<\/p>","protected":false},"featured_media":177,"template":"","meta":{"_kad_post_transparent":"default","_kad_post_title":"","_kad_post_layout":"default","_kad_post_sidebar_id":"","_kad_post_content_style":"default","_kad_post_vertical_padding":"default","_kad_post_feature":"","_kad_post_feature_position":"","_kad_post_header":false,"_kad_post_footer":false,"_kad_post_classname":""},"product_brand":[],"product_cat":[81,53],"product_tag":[87,93,83],"class_list":{"0":"post-193","1":"product","2":"type-product","3":"status-publish","4":"has-post-thumbnail","6":"product_cat-rfid-wash-care-clothing-label","7":"product_cat-rfid-clothes-tag","8":"product_tag-fabric-uhf-rfid-wash-care-tag","9":"product_tag-rfid-chips-in-clothing","10":"product_tag-rfid-wash-care-label","12":"first","13":"instock","14":"shipping-taxable","15":"product-type-simple","16":"entry","17":"content-bg","18":"loop-entry"},"_links":{"self":[{"href":"https:\/\/rfid-laundry-tag.com\/fi\/wp-json\/wp\/v2\/product\/193","targetHints":{"allow":["GET"]}}],"collection":[{"href":"https:\/\/rfid-laundry-tag.com\/fi\/wp-json\/wp\/v2\/product"}],"about":[{"href":"https:\/\/rfid-laundry-tag.com\/fi\/wp-json\/wp\/v2\/types\/product"}],"version-history":[{"count":2,"href":"https:\/\/rfid-laundry-tag.com\/fi\/wp-json\/wp\/v2\/product\/193\/revisions"}],"predecessor-version":[{"id":2652,"href":"https:\/\/rfid-laundry-tag.com\/fi\/wp-json\/wp\/v2\/product\/193\/revisions\/2652"}],"wp:featuredmedia":[{"embeddable":true,"href":"https:\/\/rfid-laundry-tag.com\/fi\/wp-json\/wp\/v2\/media\/177"}],"wp:attachment":[{"href":"https:\/\/rfid-laundry-tag.com\/fi\/wp-json\/wp\/v2\/media?parent=193"}],"wp:term":[{"taxonomy":"product_brand","embeddable":true,"href":"https:\/\/rfid-laundry-tag.com\/fi\/wp-json\/wp\/v2\/product_brand?post=193"},{"taxonomy":"product_cat","embeddable":true,"href":"https:\/\/rfid-laundry-tag.com\/fi\/wp-json\/wp\/v2\/product_cat?post=193"},{"taxonomy":"product_tag","embeddable":true,"href":"https:\/\/rfid-laundry-tag.com\/fi\/wp-json\/wp\/v2\/product_tag?post=193"}],"curies":[{"name":"wp","href":"https:\/\/api.w.org\/{rel}","templated":true}]}}