{"id":190,"date":"2024-06-16T05:17:47","date_gmt":"2024-06-16T05:17:47","guid":{"rendered":"https:\/\/rfid-laundry-tag.com\/?post_type=product&#038;p=190"},"modified":"2024-07-06T08:07:23","modified_gmt":"2024-07-06T08:07:23","slug":"paper-rfid-clothes-tag","status":"publish","type":"product","link":"https:\/\/rfid-laundry-tag.com\/fi\/paper-rfid-clothes-tag\/","title":{"rendered":"Paperinen RFID-vaatelappu"},"content":{"rendered":"<table class=\"has-title all magic-1\">\n<tbody>\n<tr>\n<td colspan=\"1\" rowspan=\"1\">\n<div class=\"magic-2\" data-spm-anchor-id=\"a2700.details.0.i84.7cea6afbA2IkLB\">Tuotteen nimi<\/div>\n<\/td>\n<td colspan=\"1\" rowspan=\"1\">\n<div class=\"magic-3\">Paperinen RFID-vaatelappu<\/div>\n<\/td>\n<\/tr>\n<tr>\n<td colspan=\"1\" rowspan=\"1\">\n<div class=\"magic-2\">Koko<\/div>\n<\/td>\n<td colspan=\"1\" rowspan=\"1\">\n<div class=\"magic-3\">90x40mm tai r\u00e4\u00e4t\u00e4l\u00f6ity<\/div>\n<\/td>\n<\/tr>\n<tr>\n<td colspan=\"1\" rowspan=\"1\">\n<div class=\"magic-2\">Taajuus<\/div>\n<\/td>\n<td colspan=\"1\" rowspan=\"1\">\n<div class=\"magic-3\">860-960 MHz<\/div>\n<\/td>\n<\/tr>\n<tr>\n<td colspan=\"1\" rowspan=\"1\">\n<div class=\"magic-2\">IC-tyyppi (siru)<\/div>\n<\/td>\n<td colspan=\"1\" rowspan=\"1\">\n<div class=\"magic-3\">NXP Ucode 8 tai 9<\/div>\n<\/td>\n<\/tr>\n<tr>\n<td colspan=\"1\" rowspan=\"1\">\n<div class=\"magic-2\">p\u00f6yt\u00e4kirja<\/div>\n<\/td>\n<td colspan=\"1\" rowspan=\"1\">\n<div class=\"magic-3\">ISO18000 6C<\/div>\n<\/td>\n<\/tr>\n<tr>\n<td colspan=\"1\" rowspan=\"1\">\n<div class=\"magic-4\">Muisti<\/div>\n<\/td>\n<td colspan=\"1\" rowspan=\"1\">\n<div class=\"magic-3\">EPC 96 bitti\u00e4<\/div>\n<\/td>\n<\/tr>\n<tr>\n<td colspan=\"1\" rowspan=\"1\">\n<div class=\"magic-2\">Materiaali<\/div>\n<\/td>\n<td colspan=\"1\" rowspan=\"1\">\n<div class=\"magic-3\">Paper.PET jne<\/div>\n<\/td>\n<\/tr>\n<tr>\n<td colspan=\"1\" rowspan=\"1\">\n<div class=\"magic-2\">Tulostus<\/div>\n<\/td>\n<td colspan=\"1\" rowspan=\"1\">\n<div class=\"magic-3\" data-spm-anchor-id=\"a2700.details.0.i85.7cea6afbA2IkLB\">Logo, qr-koodi, viivakoodi, sarjanumero<\/div>\n<\/td>\n<\/tr>\n<tr>\n<td colspan=\"1\" rowspan=\"1\">\n<div class=\"magic-2\">K\u00e4ytt\u00f6l\u00e4mp\u00f6tila<\/div>\n<\/td>\n<td colspan=\"1\" rowspan=\"1\">\n<div class=\"magic-3\">-30 \u00b0C \u2013 +80 \u00b0C<\/div>\n<\/td>\n<\/tr>\n<tr>\n<td colspan=\"1\" rowspan=\"1\">\n<div class=\"magic-2\">Lue Et\u00e4isyys<\/div>\n<\/td>\n<td colspan=\"1\" rowspan=\"1\">\n<div class=\"magic-3\">Jopa 15m<\/div>\n<\/td>\n<\/tr>\n<tr>\n<td colspan=\"1\" rowspan=\"1\">\n<div class=\"magic-5\">Liitteet kohteeseen<\/div>\n<\/td>\n<td colspan=\"1\" rowspan=\"1\">\n<div class=\"magic-3\">Liinavaatteet ja vaatteet<\/div>\n<\/td>\n<\/tr>\n<tr>\n<td colspan=\"1\" rowspan=\"1\">\n<div class=\"magic-4\">IP-luokitus<\/div>\n<\/td>\n<td colspan=\"1\" rowspan=\"1\">\n<div class=\"magic-3\">IP67<\/div>\n<\/td>\n<\/tr>\n<tr>\n<td colspan=\"1\" rowspan=\"1\">\n<div class=\"magic-4\">V\u00e4ri<\/div>\n<\/td>\n<td colspan=\"1\" rowspan=\"1\">\n<div class=\"magic-3\">Valkoinen<\/div>\n<\/td>\n<\/tr>\n<\/tbody>\n<\/table>\n<div><\/div>\n<div>N\u00e4m\u00e4 tunnisteet on valmistettu paperista, jossa on UHF RFID -siru, ja ne helpottavat et\u00e4skannausta. T\u00e4ll\u00e4 hetkell\u00e4 saatavilla useita eri malleja ja kokoja, RFID-tunnisteitamme voidaan my\u00f6s koristella yksil\u00f6llisill\u00e4 taideteoksilla. T\u00e4m\u00e4n ominaisuuden ansiosta tunnisteet voivat toimia merkkiajoneuvoina vaarantamatta niiden ydintarkoitusta.<\/div>\n<div><\/div>\n<div class=\"auto-hide-last-sibling-br paragraph_1252f paragraph-element\">RFID-vaatetunnisteilla on elint\u00e4rke\u00e4 rooli v\u00e4hitt\u00e4iskaupassa, ja ne palvelevat monia toimintoja varastonhallinnasta ja varkauksien ehk\u00e4isyst\u00e4 toimitusketjun optimointiin.<\/div>\n<p>&nbsp;<\/p>\n<div class=\"auto-hide-last-sibling-br paragraph_1252f paragraph-element\">Varastonsa hallinnan tehostamiseksi v\u00e4hitt\u00e4iskauppiaat kiinnitt\u00e4v\u00e4t RFID-tunnisteen jokaiseen vaatetuotteeseen. N\u00e4m\u00e4 tunnisteet voidaan skannata nopeasti ja tarkasti RFID-lukijoilla, mik\u00e4 parantaa huomattavasti varastolaskennan nopeutta ja tehokkuutta.<\/div>\n<p>&nbsp;<\/p>\n<div class=\"auto-hide-last-sibling-br paragraph_1252f paragraph-element\">T\u00e4ss\u00e4 on joitain merkitt\u00e4vi\u00e4 etuja RFID-vaatetunnisteiden k\u00e4yt\u00f6st\u00e4:<\/div>\n<div class=\"auto-hide-last-sibling-br paragraph_1252f paragraph-element\">H\u00e4vi\u00f6nesto: N\u00e4m\u00e4 tunnisteet tarjoavat vankan varkaudenestotoimenpiteen. Jos merkitty tuote liikkuu ulosk\u00e4ynnin ohi ilman deaktivointia, laukeaa h\u00e4lytys, joka ilmoittaa myym\u00e4l\u00e4n henkil\u00f6kunnalle mahdollisesta varkaustapahtumasta.<\/div>\n<p>&nbsp;<\/p>\n<div class=\"auto-hide-last-sibling-br paragraph_1252f paragraph-element\">Toimitusketjun optimointi: Parempi n\u00e4kyvyys ja vaatetustuotteiden seuranta koko toimitusketjussa saavutetaan k\u00e4ytt\u00e4m\u00e4ll\u00e4 RFID-tunnisteita. T\u00e4m\u00e4n reaaliaikaisen seurannan avulla valmistajat, jakelijat ja j\u00e4lleenmyyj\u00e4t voivat parantaa logistiikkaa ja varastonhallintaa.<\/div>\n<div class=\"auto-hide-last-sibling-br paragraph_1252f paragraph-element\">Tunnisteen sijoittaminen: RFID-tunnisteiden monipuolisuus on suuri etu. Ne voidaan ommella vaatteeseen, kiinnitt\u00e4\u00e4 tarraan tai ripustukseen tai liitt\u00e4\u00e4 erityisiin turvalappuihin.<\/div>\n<div class=\"auto-hide-last-sibling-br paragraph_1252f paragraph-element\">Tunnistevaihtoehdot: RFID-tunnisteita on saatavana eri muunnelmina, mukaan lukien passiiviset ja aktiiviset tunnisteet. Passiiviset tunnisteet riippuvat RFID-lukijan l\u00e4hett\u00e4m\u00e4st\u00e4 energiasta tiedon siirt\u00e4miseen. Sit\u00e4 vastoin aktiivisilla tunnisteilla on oma virtal\u00e4hde, jonka avulla ne voivat l\u00e4hett\u00e4\u00e4 tietoja pitki\u00e4 matkoja.<\/div>\n<div class=\"auto-hide-last-sibling-br paragraph_1252f paragraph-element\">Tietoturva: Asiakkaiden yksityisyys on RFID-j\u00e4rjestelmien prioriteetti. Arkaluontoisten tietojen luvattoman p\u00e4\u00e4syn est\u00e4miseksi k\u00e4ytet\u00e4\u00e4n yleisesti salaus- ja todennusprotokollia.<\/div>\n<div><\/div>\n<div>\n<div class=\"auto-hide-last-sibling-br paragraph_1252f paragraph-element\">UHF RFID Paper Hang Tags sis\u00e4lt\u00e4\u00e4 j\u00e4nnitt\u00e4v\u00e4n potentiaalin mullistaa toimintoja sellaisilla aloilla kuin vaatteiden v\u00e4hitt\u00e4iskaupan hallinta, vaatevaraston hallinta ja vaatteiden toimitusketjun hallinta.<\/div>\n<p>&nbsp;<\/p>\n<div class=\"auto-hide-last-sibling-br paragraph_1252f paragraph-element\">N\u00e4iden tunnisteiden k\u00e4ytt\u00f6\u00f6notto johtaa tehokkuuden nousuun \u2013 sinun ei en\u00e4\u00e4 tarvitse jakaa manuaalisia tunteja varaston laskemiseen tai l\u00e4hetysten seurantaan. RFID-tekniikka tekee sen puolestasi, tarkasti ja nopeasti, jolloin tiimisi voi keskitty\u00e4 muihin t\u00e4rkeisiin teht\u00e4viin.<\/div>\n<p>&nbsp;<\/p>\n<div class=\"auto-hide-last-sibling-br paragraph_1252f paragraph-element\">Parannettu tarkkuus on toinen RFID-tunnisteemme merkitt\u00e4v\u00e4 etu. Inhimillisten virheiden riski\u00e4 manuaalisessa seurannassa ja tietojen sy\u00f6tt\u00e4misess\u00e4 hillit\u00e4\u00e4n tehokkaasti n\u00e4iden automaattisten tunnisteiden avulla. T\u00e4m\u00e4 tiedonkeruun parantunut tarkkuus johtaa tarkempiin n\u00e4kemyksiin, mik\u00e4 auttaa tehokkaassa p\u00e4\u00e4t\u00f6ksenteossa liiketoiminnassasi.<\/div>\n<p>&nbsp;<\/p>\n<div class=\"auto-hide-last-sibling-br paragraph_1252f paragraph-element\">Korkeampi tehokkuus ja tarkkuus yhdess\u00e4 tehostavat toimintaasi ja lis\u00e4\u00e4v\u00e4t kannattavuutta. Investoimalla UHF RFID Paper Ripustustunnisteisiin et vain paranna nykyist\u00e4 toimintasi tehokkuutta, vaan varmistat my\u00f6s kest\u00e4v\u00e4n, kannattavan kasvun yrityksellesi pitk\u00e4ll\u00e4 aikav\u00e4lill\u00e4.<\/div>\n<\/div>\n<p>&nbsp;<\/p>\n<p>&nbsp;<\/p>","protected":false},"excerpt":{"rendered":"<div class=\"auto-hide-last-sibling-br paragraph_1252f paragraph-element\">\n<div class=\"auto-hide-last-sibling-br paragraph_1252f paragraph-element\">\u00a0RFID Paper Clothing Tags tarjoaa dynaamisen ratkaisun vaatealan varaston valvontaan ja hallintaan. N\u00e4it\u00e4 tunnisteita k\u00e4ytet\u00e4\u00e4n p\u00e4\u00e4asiassa v\u00e4hitt\u00e4iskaupoissa ja vaatetehtaissa, ja ne mahdollistavat vaatteiden tehokkaan j\u00e4ljitt\u00e4misen.<\/div>\n<p>&nbsp;<\/p>\n<div class=\"auto-hide-last-sibling-br paragraph_1252f paragraph-element\"><\/div>\n<\/div>","protected":false},"featured_media":191,"template":"","meta":{"_kad_post_transparent":"default","_kad_post_title":"","_kad_post_layout":"default","_kad_post_sidebar_id":"","_kad_post_content_style":"default","_kad_post_vertical_padding":"default","_kad_post_feature":"","_kad_post_feature_position":"","_kad_post_header":false,"_kad_post_footer":false,"_kad_post_classname":""},"product_brand":[],"product_cat":[53],"product_tag":[92,89,91],"class_list":{"0":"post-190","1":"product","2":"type-product","3":"status-publish","4":"has-post-thumbnail","6":"product_cat-rfid-clothes-tag","7":"product_tag-paper-rfid-clothes-tag","8":"product_tag-rfid-clothing-tags","9":"product_tag-uhf-rfid-paper-hang-tags","11":"first","12":"instock","13":"shipping-taxable","14":"product-type-simple","15":"entry","16":"content-bg","17":"loop-entry"},"_links":{"self":[{"href":"https:\/\/rfid-laundry-tag.com\/fi\/wp-json\/wp\/v2\/product\/190","targetHints":{"allow":["GET"]}}],"collection":[{"href":"https:\/\/rfid-laundry-tag.com\/fi\/wp-json\/wp\/v2\/product"}],"about":[{"href":"https:\/\/rfid-laundry-tag.com\/fi\/wp-json\/wp\/v2\/types\/product"}],"version-history":[{"count":0,"href":"https:\/\/rfid-laundry-tag.com\/fi\/wp-json\/wp\/v2\/product\/190\/revisions"}],"wp:featuredmedia":[{"embeddable":true,"href":"https:\/\/rfid-laundry-tag.com\/fi\/wp-json\/wp\/v2\/media\/191"}],"wp:attachment":[{"href":"https:\/\/rfid-laundry-tag.com\/fi\/wp-json\/wp\/v2\/media?parent=190"}],"wp:term":[{"taxonomy":"product_brand","embeddable":true,"href":"https:\/\/rfid-laundry-tag.com\/fi\/wp-json\/wp\/v2\/product_brand?post=190"},{"taxonomy":"product_cat","embeddable":true,"href":"https:\/\/rfid-laundry-tag.com\/fi\/wp-json\/wp\/v2\/product_cat?post=190"},{"taxonomy":"product_tag","embeddable":true,"href":"https:\/\/rfid-laundry-tag.com\/fi\/wp-json\/wp\/v2\/product_tag?post=190"}],"curies":[{"name":"wp","href":"https:\/\/api.w.org\/{rel}","templated":true}]}}