{"id":185,"date":"2024-06-15T17:36:34","date_gmt":"2024-06-15T17:36:34","guid":{"rendered":"https:\/\/rfid-laundry-tag.com\/?post_type=product&#038;p=185"},"modified":"2024-06-15T17:36:34","modified_gmt":"2024-06-15T17:36:34","slug":"uhf-paper-rfid-clothing-label-tags","status":"publish","type":"product","link":"https:\/\/rfid-laundry-tag.com\/fi\/uhf-paper-rfid-clothing-label-tags\/","title":{"rendered":"UHF-paperi RFID-vaateetiketit"},"content":{"rendered":"<table class=\"has-title all magic-1\">\n<tbody>\n<tr>\n<td colspan=\"1\" rowspan=\"1\">\n<div class=\"magic-2\" data-spm-anchor-id=\"a2700.details.0.i84.7cea6afbA2IkLB\">Tuotteen nimi<\/div>\n<\/td>\n<td colspan=\"1\" rowspan=\"1\">\n<div class=\"magic-3\">UHF-paperi RFID-vaateetiketit<\/div>\n<\/td>\n<\/tr>\n<tr>\n<td colspan=\"1\" rowspan=\"1\">\n<div class=\"magic-2\">Koko<\/div>\n<\/td>\n<td colspan=\"1\" rowspan=\"1\">\n<div class=\"magic-3\">90x40mm tai r\u00e4\u00e4t\u00e4l\u00f6ity<\/div>\n<\/td>\n<\/tr>\n<tr>\n<td colspan=\"1\" rowspan=\"1\">\n<div class=\"magic-2\">Taajuus<\/div>\n<\/td>\n<td colspan=\"1\" rowspan=\"1\">\n<div class=\"magic-3\">860-960 MHz<\/div>\n<\/td>\n<\/tr>\n<tr>\n<td colspan=\"1\" rowspan=\"1\">\n<div class=\"magic-2\">IC-tyyppi (siru)<\/div>\n<\/td>\n<td colspan=\"1\" rowspan=\"1\">\n<div class=\"magic-3\">NXP Ucode 8 tai 9<\/div>\n<\/td>\n<\/tr>\n<tr>\n<td colspan=\"1\" rowspan=\"1\">\n<div class=\"magic-2\">p\u00f6yt\u00e4kirja<\/div>\n<\/td>\n<td colspan=\"1\" rowspan=\"1\">\n<div class=\"magic-3\">ISO18000 6C<\/div>\n<\/td>\n<\/tr>\n<tr>\n<td colspan=\"1\" rowspan=\"1\">\n<div class=\"magic-4\">Muisti<\/div>\n<\/td>\n<td colspan=\"1\" rowspan=\"1\">\n<div class=\"magic-3\">EPC 96 bitti\u00e4<\/div>\n<\/td>\n<\/tr>\n<tr>\n<td colspan=\"1\" rowspan=\"1\">\n<div class=\"magic-2\">Materiaali<\/div>\n<\/td>\n<td colspan=\"1\" rowspan=\"1\">\n<div class=\"magic-3\">Paper.PET jne<\/div>\n<\/td>\n<\/tr>\n<tr>\n<td colspan=\"1\" rowspan=\"1\">\n<div class=\"magic-2\">Tulostus<\/div>\n<\/td>\n<td colspan=\"1\" rowspan=\"1\">\n<div class=\"magic-3\" data-spm-anchor-id=\"a2700.details.0.i85.7cea6afbA2IkLB\">Logo, qr-koodi, viivakoodi, sarjanumero<\/div>\n<\/td>\n<\/tr>\n<tr>\n<td colspan=\"1\" rowspan=\"1\">\n<div class=\"magic-2\">K\u00e4ytt\u00f6l\u00e4mp\u00f6tila<\/div>\n<\/td>\n<td colspan=\"1\" rowspan=\"1\">\n<div class=\"magic-3\">-30 \u00b0C \u2013 +80 \u00b0C<\/div>\n<\/td>\n<\/tr>\n<tr>\n<td colspan=\"1\" rowspan=\"1\">\n<div class=\"magic-2\">Lue Et\u00e4isyys<\/div>\n<\/td>\n<td colspan=\"1\" rowspan=\"1\">\n<div class=\"magic-3\">Jopa 15m<\/div>\n<\/td>\n<\/tr>\n<tr>\n<td colspan=\"1\" rowspan=\"1\">\n<div class=\"magic-5\">Liitteet kohteeseen<\/div>\n<\/td>\n<td colspan=\"1\" rowspan=\"1\">\n<div class=\"magic-3\">Liinavaatteet ja vaatteet<\/div>\n<\/td>\n<\/tr>\n<tr>\n<td colspan=\"1\" rowspan=\"1\">\n<div class=\"magic-4\">IP-luokitus<\/div>\n<\/td>\n<td colspan=\"1\" rowspan=\"1\">\n<div class=\"magic-3\">IP67<\/div>\n<\/td>\n<\/tr>\n<tr>\n<td colspan=\"1\" rowspan=\"1\">\n<div class=\"magic-4\">V\u00e4ri<\/div>\n<\/td>\n<td colspan=\"1\" rowspan=\"1\">\n<div class=\"magic-3\">Valkoinen<\/div>\n<\/td>\n<\/tr>\n<\/tbody>\n<\/table>\n<p>&nbsp;<\/p>\n<p><strong>UHF RFID -vaatteiden ripustusmerkit<\/strong> toimia turvallisena menetelm\u00e4n\u00e4 tavaran tunnistamisessa. Niit\u00e4 voidaan k\u00e4ytt\u00e4\u00e4 est\u00e4m\u00e4\u00e4n v\u00e4\u00e4rent\u00e4minen ja valvomaan p\u00e4\u00e4sy\u00e4 rajoitetuille alueille, mik\u00e4 parantaa sek\u00e4 turvallisuutta ett\u00e4 tarkkuutta liiketoiminnassasi. Valitse UHF RFID Apparel -ripustustunnisteet tehostaaksesi varastonhallintaasi ja tehostaaksesi v\u00e4hitt\u00e4iskaupan turvallisuutta.<\/p>\n<p>Useiden sovellusten avulla, jotka ulottuvat omaisuuden seurantaan, vaatevaraston hallintaan, vaatteiden toimitusketjuun ja vaatteiden v\u00e4hitt\u00e4iskaupan hallintaan, UHF RFID -paperin ripustustunnisteet voivat parantaa merkitt\u00e4v\u00e4sti seuranta- ja j\u00e4ljityskyky\u00e4si ja optimoida lopulta liiketoimintasi.<\/p>","protected":false},"excerpt":{"rendered":"<p>UHF-paperista tehdyt RFID-vaatetarratunnisteet ovat pieni\u00e4 tunnisteita, jotka on erityisesti suunniteltu vaatteiden ja vaatteiden seurantaan. Niiss\u00e4 on ultrakorkeataajuinen (UHF) RFID-tekniikka, joka varmistaa optimaalisen seurantasuorituskyvyn. UHF RFID -vaatteiden ripustustunnisteet on suunniteltu erityisesti muotialan v\u00e4hitt\u00e4iskauppaa varten. N\u00e4m\u00e4 RFID-paperikiinnikkeet, joissa on upotettu RFID (Radio Frequency Identification) -siru, on kiinnitetty vaatteisiin, joten ne voidaan skannata UHF RFID -lukijalla.<\/p>\n<div class=\"auto-hide-last-sibling-br paragraph_1252f paragraph-element\">N\u00e4ill\u00e4 tunnisteilla on keskeinen rooli varaston seurannassa ja hallinnassa v\u00e4hitt\u00e4iskaupoissa, varastoissa ja jakelukeskuksissa. Ne tarjoavat reaaliaikaisen varastoseurannan, antavat v\u00e4hitt\u00e4iskauppiaille mahdollisuuden valvoa tarkasti varastotasoja, minimoivat lopputulokset ja viime k\u00e4dess\u00e4 lis\u00e4\u00e4v\u00e4t myynti\u00e4.<\/div>","protected":false},"featured_media":186,"template":"","meta":{"_kad_post_transparent":"default","_kad_post_title":"","_kad_post_layout":"default","_kad_post_sidebar_id":"","_kad_post_content_style":"default","_kad_post_vertical_padding":"default","_kad_post_feature":"","_kad_post_feature_position":"","_kad_post_header":false,"_kad_post_footer":false,"_kad_post_classname":""},"product_brand":[],"product_cat":[53],"product_tag":[89,90,88],"class_list":{"0":"post-185","1":"product","2":"type-product","3":"status-publish","4":"has-post-thumbnail","6":"product_cat-rfid-clothes-tag","7":"product_tag-rfid-clothing-tags","8":"product_tag-rfid-paper-hang-tags","9":"product_tag-uhf-paper-rfid-clothing-label-tags","11":"first","12":"instock","13":"shipping-taxable","14":"product-type-simple","15":"entry","16":"content-bg","17":"loop-entry"},"_links":{"self":[{"href":"https:\/\/rfid-laundry-tag.com\/fi\/wp-json\/wp\/v2\/product\/185","targetHints":{"allow":["GET"]}}],"collection":[{"href":"https:\/\/rfid-laundry-tag.com\/fi\/wp-json\/wp\/v2\/product"}],"about":[{"href":"https:\/\/rfid-laundry-tag.com\/fi\/wp-json\/wp\/v2\/types\/product"}],"version-history":[{"count":0,"href":"https:\/\/rfid-laundry-tag.com\/fi\/wp-json\/wp\/v2\/product\/185\/revisions"}],"wp:featuredmedia":[{"embeddable":true,"href":"https:\/\/rfid-laundry-tag.com\/fi\/wp-json\/wp\/v2\/media\/186"}],"wp:attachment":[{"href":"https:\/\/rfid-laundry-tag.com\/fi\/wp-json\/wp\/v2\/media?parent=185"}],"wp:term":[{"taxonomy":"product_brand","embeddable":true,"href":"https:\/\/rfid-laundry-tag.com\/fi\/wp-json\/wp\/v2\/product_brand?post=185"},{"taxonomy":"product_cat","embeddable":true,"href":"https:\/\/rfid-laundry-tag.com\/fi\/wp-json\/wp\/v2\/product_cat?post=185"},{"taxonomy":"product_tag","embeddable":true,"href":"https:\/\/rfid-laundry-tag.com\/fi\/wp-json\/wp\/v2\/product_tag?post=185"}],"curies":[{"name":"wp","href":"https:\/\/api.w.org\/{rel}","templated":true}]}}