{"id":181,"date":"2024-06-15T17:00:44","date_gmt":"2024-06-15T17:00:44","guid":{"rendered":"https:\/\/rfid-laundry-tag.com\/?post_type=product&#038;p=181"},"modified":"2024-08-14T15:40:24","modified_gmt":"2024-08-14T15:40:24","slug":"satin-uhf-rfid-wash-label","status":"publish","type":"product","link":"https:\/\/rfid-laundry-tag.com\/fi\/satin-uhf-rfid-wash-label\/","title":{"rendered":"Satiininen UHF RFID -pesutarra"},"content":{"rendered":"<div class=\"J_module\">\n<div class=\"ife-detail-decorate-table\">\n<table class=\"hight-light-first-column all magic-14\">\n<tbody>\n<tr>\n<td colspan=\"1\" rowspan=\"1\">\n<div class=\"magic-15\" data-spm-anchor-id=\"a2700.details.0.i95.236a58c1ycsfva\">Tuotantonimi:<\/div>\n<\/td>\n<td colspan=\"1\" rowspan=\"1\">\n<div class=\"magic-16\">Satiininen UHF RFID -pesutarra<\/div>\n<\/td>\n<\/tr>\n<tr>\n<td colspan=\"1\" rowspan=\"1\">\n<div class=\"magic-15\"><span class=\"magic-17\">Materiaali:<\/span><\/div>\n<\/td>\n<td colspan=\"1\" rowspan=\"1\">\n<div class=\"magic-16\">Polyesteri\/koostumus\/satiini\/puuvilla\/kuitukangas\/PET jne.<\/div>\n<\/td>\n<\/tr>\n<tr>\n<td colspan=\"1\" rowspan=\"1\">\n<div class=\"magic-15\"><span class=\"magic-17\">Koko:<\/span><\/div>\n<\/td>\n<td colspan=\"1\" rowspan=\"1\">\n<div class=\"magic-16\"><span class=\"magic-17\">80 * 38 mm \/ 60 * 30 mm tai r\u00e4\u00e4t\u00e4l\u00f6ity<\/span><\/div>\n<\/td>\n<\/tr>\n<tr>\n<td colspan=\"1\" rowspan=\"1\">\n<div class=\"magic-15\"><span class=\"magic-17\">Tyyppi:<\/span><\/div>\n<\/td>\n<td colspan=\"1\" rowspan=\"1\">\n<div class=\"magic-16\"><span class=\"magic-17\">Passiivinen, RFID<\/span><\/div>\n<\/td>\n<\/tr>\n<tr>\n<td colspan=\"1\" rowspan=\"1\">\n<div class=\"magic-15\">RF-protokolla:<\/div>\n<\/td>\n<td colspan=\"1\" rowspan=\"1\">\n<div class=\"magic-16\">ISO 18000-6C; EPC-luokka 1, sukupolvi 2<\/div>\n<\/td>\n<\/tr>\n<tr>\n<td colspan=\"1\" rowspan=\"1\">\n<div class=\"magic-15\"><span class=\"magic-17\">Taajuus:<\/span><\/div>\n<\/td>\n<td colspan=\"1\" rowspan=\"1\">\n<div class=\"magic-16\"><span class=\"magic-17\">860-960 MHz<\/span><\/div>\n<\/td>\n<\/tr>\n<tr>\n<td colspan=\"1\" rowspan=\"1\">\n<div class=\"magic-15\">Siru<\/div>\n<\/td>\n<td colspan=\"1\" rowspan=\"1\">\n<div class=\"magic-16\">Alien Higgs, Monza 3, Monza 4D, Monza 4QT, Monza R6, Monza R6-P, Impinj M730, Impinj M750 jne.<\/div>\n<\/td>\n<\/tr>\n<tr>\n<td colspan=\"1\" rowspan=\"1\">\n<div class=\"magic-15\"><span class=\"magic-17\">Lukuet\u00e4isyys:<\/span><\/div>\n<\/td>\n<td colspan=\"1\" rowspan=\"1\">\n<div class=\"magic-16\"><span class=\"magic-17\">UHF: 1-10m (riippuu lukijasta ja antennista)<\/span><\/div>\n<\/td>\n<\/tr>\n<tr>\n<td colspan=\"1\" rowspan=\"1\">\n<div class=\"magic-15\"><span class=\"magic-17\">Kiinte\u00e4 tapa:<\/span><\/div>\n<\/td>\n<td colspan=\"1\" rowspan=\"1\">\n<div class=\"magic-16\"><span class=\"magic-17\">Ompele \/ silitys<\/span><\/div>\n<\/td>\n<\/tr>\n<tr>\n<td colspan=\"1\" rowspan=\"1\">\n<div class=\"magic-15\"><span class=\"magic-17\">Tulostus:<\/span><\/div>\n<\/td>\n<td colspan=\"1\" rowspan=\"1\">\n<div class=\"magic-16\"><span class=\"magic-17\">Tulostus, koodaus, sarjanumero, suunnittelu jne.<\/span><\/div>\n<\/td>\n<\/tr>\n<tr>\n<td colspan=\"1\" rowspan=\"1\">\n<div class=\"magic-15\"><span class=\"magic-17\">IC:n k\u00e4ytt\u00f6ik\u00e4:<\/span><\/div>\n<\/td>\n<td colspan=\"1\" rowspan=\"1\">\n<div class=\"magic-16\" data-spm-anchor-id=\"a2700.details.0.i94.236a58c1ycsfva\"><span class=\"magic-17\">100 000 ohjelmointijaksoa<br \/>\n10 vuoden tietojen s\u00e4ilytys<\/span><\/div>\n<\/td>\n<\/tr>\n<tr>\n<td colspan=\"1\" rowspan=\"1\">\n<div class=\"magic-15\"><span class=\"magic-17\">N\u00e4ytteen saatavuus:<\/span><\/div>\n<\/td>\n<td colspan=\"1\" rowspan=\"1\">\n<div class=\"magic-16\"><span class=\"magic-17\">Ilmaisia n\u00e4ytteit\u00e4 on saatavilla pyynn\u00f6st\u00e4<\/span><\/div>\n<\/td>\n<\/tr>\n<tr>\n<td colspan=\"1\" rowspan=\"1\">\n<div class=\"magic-15\"><span class=\"magic-17\">Sovellukset:\u00a0<\/span><\/div>\n<\/td>\n<td colspan=\"1\" rowspan=\"1\">\n<div class=\"magic-16\"><span class=\"magic-17\">\u00b7 Varastonhallinta<br \/>\n\u00b7 Toimitusketju<br \/>\n\u00b7 V\u00e4hitt\u00e4iskauppa<\/span><\/div>\n<\/td>\n<\/tr>\n<tr>\n<td colspan=\"1\" rowspan=\"1\">\n<div class=\"magic-15\"><span class=\"magic-17\">K\u00e4ytt\u00e4\u00e4<\/span><\/div>\n<\/td>\n<td colspan=\"1\" rowspan=\"1\">\n<div class=\"magic-16\"><span class=\"magic-17\">Vaatteet, vaatteet, laukut, keng\u00e4t jne.<\/span><\/div>\n<\/td>\n<\/tr>\n<\/tbody>\n<\/table>\n<\/div>\n<\/div>\n<div class=\"J_module\">\n<div class=\"detail-decorate-json-renderer-container\">\n<div class=\"magic-1\">\n<div class=\"magic-5\">\n<div class=\"magic-6\">\n<div><\/div>\n<\/div>\n<div>\n<div class=\"auto-hide-last-sibling-br paragraph_1252f paragraph-element\">\n<div class=\"auto-hide-last-sibling-br paragraph_1252f paragraph-element\">\n<div class=\"auto-hide-last-sibling-br paragraph_1252f paragraph-element\">Satin UHF RFID Wash Label on uraauurtava innovaatio, joka tuo molempien maailmojen parhaat puolet: perinteiset vaatteiden hoitotarrat ja edistyneen RFID-teknologian. N\u00e4m\u00e4 tarrat on suunniteltu noudattamaan ISO18000-6C EPC Class 1 Gen2 -standardeja, ja niiss\u00e4 on passiivinen UHF 860-960 MHz RFID-sis\u00e4ke.<\/div>\n<div><\/div>\n<div class=\"auto-hide-last-sibling-br paragraph_1252f paragraph-element\"><strong>RFID-hoitotarrojen t\u00e4rkeimm\u00e4t ominaisuudet:<\/strong><\/div>\n<ol class=\"auto-hide-last-sibling-br\">\n<li>\n<div class=\"auto-hide-last-sibling-br paragraph_1252f paragraph-element\"><strong>Materiaalivalikoima:<\/strong>\u00a0N\u00e4m\u00e4 hoitotarrat voidaan valmistaa erilaisista materiaaleista kudotusta kankaasta nauhoihin, mik\u00e4 tarjoaa joustavuutta suunnittelussa ja sovelluksessa.<\/div>\n<\/li>\n<li>\n<div class=\"auto-hide-last-sibling-br paragraph_1252f paragraph-element\"><strong>Kest\u00e4vyys:<\/strong>\u00a0Yksi n\u00e4iden hoitomerkint\u00f6jen m\u00e4\u00e4ritt\u00e4v\u00e4 ominaisuus on niiden kest\u00e4vyys. Niiss\u00e4 on raudan- ja pesunkest\u00e4v\u00e4t ominaisuudet, jotka varmistavat, ett\u00e4 ne s\u00e4ilytt\u00e4v\u00e4t suorituskyvyn ja luettavuuden my\u00f6s tiukkojen pesujaksojen j\u00e4lkeen.<\/div>\n<\/li>\n<li>\n<div class=\"auto-hide-last-sibling-br paragraph_1252f paragraph-element\"><strong>Pintatulostus:<\/strong>\u00a0N\u00e4m\u00e4 tarrat voivat tukea my\u00f6s pintatulostusta, joka mahdollistaa vaatteiden etiketeiss\u00e4 olevien perinteisten tietojen, kuten hoito-ohjeiden, koon, materiaalisis\u00e4ll\u00f6n, tuotenimen ja muiden, sis\u00e4llytt\u00e4misen.<\/div>\n<\/li>\n<li>\n<div class=\"auto-hide-last-sibling-br paragraph_1252f paragraph-element\"><strong>Koko ja pakkaus joustavuus:<\/strong>\u00a0RFID-hoitotarroja on saatavana laajassa valikoimassa eri kokoja, jotta ne sopivat erilaisiin vaatteisiin ja k\u00e4ytt\u00f6tarpeisiin. Lis\u00e4ksi ne tarjoavat joustavia pakkausmateriaaleja monipuolisiin sovelluksiin.<\/div>\n<\/li>\n<li>\n<div class=\"auto-hide-last-sibling-br paragraph_1252f paragraph-element\"><strong>Vaatteiden ompelu:<\/strong>\u00a0Lopuksi, kun n\u00e4m\u00e4 RFID-tarrat on ommeltu vaatteisiin, ne voivat tehokkaasti korvata perinteiset pesuetiketit. Ne pysyv\u00e4t kiinni vaatekappaleessa niin kauan kuin se kest\u00e4\u00e4, mik\u00e4 mahdollistaa tehokkaan pitk\u00e4n aikav\u00e4lin seurannan ja hallinnan.<\/div>\n<\/li>\n<\/ol>\n<div class=\"auto-hide-last-sibling-br paragraph_1252f paragraph-element\"><strong>Edut:<\/strong><br class=\"container_e695a wrapper_ad07b undefined\" \/>Kattava asiantuntemuksemme RFID-valmistuksessa takaa asiakkaillemme r\u00e4\u00e4t\u00e4l\u00f6idyt tuoteratkaisut.<br class=\"container_e695a wrapper_ad07b undefined\" \/>Takaamme nopean tilauksen valmistumisen my\u00f6s suurissa tilauksissa.<br class=\"container_e695a wrapper_ad07b undefined\" \/>Erinomaisesti k\u00e4sittelemme muuttuvia dataprosesseja, joihin kuuluvat mm. QR-koodit, viivakoodit, sarjanumerointi ja sirukoodaus.<br class=\"container_e695a wrapper_ad07b undefined\" \/>Meill\u00e4 on valmiudet vastata asiakkaiden ainutlaatuisiin tarpeisiin tarjoamalla erilaisia RFID-hoitotarroja. Valikoimamme vaihtelee eritt\u00e4in pehmeist\u00e4 satiinisista RFID-hoitotarroista ja tukevista nailonisista RFID-hoitotarroista, liukkaisiin tafti-RFID-hoitotarroihin, ylellisiin silkkisiin RFID-hoitotarroihin ja jopa vedenpit\u00e4viin pesutarroihin.<\/div>\n<\/div>\n<p>&nbsp;<\/p>\n<\/div>\n<\/div>\n<div class=\"magic-6\">\n<div><\/div>\n<\/div>\n<\/div>\n<\/div>\n<\/div>\n<\/div>","protected":false},"excerpt":{"rendered":"<p>Satin UHF RFID Wash Label on suunniteltu kest\u00e4m\u00e4\u00e4n koko vaatteen k\u00e4ytt\u00f6i\u00e4n, mik\u00e4 helpottaa kunkin tuotteen optimoitua seurantaa sen luomisesta varastointiin ja myyntiin sek\u00e4 mahdollisesti jopa oston j\u00e4lkeist\u00e4 seurantaa.<\/p>","protected":false},"featured_media":182,"template":"","meta":{"_kad_post_transparent":"default","_kad_post_title":"","_kad_post_layout":"default","_kad_post_sidebar_id":"","_kad_post_content_style":"default","_kad_post_vertical_padding":"default","_kad_post_feature":"","_kad_post_feature_position":"","_kad_post_header":false,"_kad_post_footer":false,"_kad_post_classname":""},"product_brand":[],"product_cat":[81],"product_tag":[85,83,86],"class_list":{"0":"post-181","1":"product","2":"type-product","3":"status-publish","4":"has-post-thumbnail","6":"product_cat-rfid-wash-care-clothing-label","7":"product_tag-laundry-rfid-wash-care-label","8":"product_tag-rfid-wash-care-label","9":"product_tag-satin-uhf-rfid-wash-label","11":"first","12":"instock","13":"shipping-taxable","14":"product-type-simple","15":"entry","16":"content-bg","17":"loop-entry"},"_links":{"self":[{"href":"https:\/\/rfid-laundry-tag.com\/fi\/wp-json\/wp\/v2\/product\/181","targetHints":{"allow":["GET"]}}],"collection":[{"href":"https:\/\/rfid-laundry-tag.com\/fi\/wp-json\/wp\/v2\/product"}],"about":[{"href":"https:\/\/rfid-laundry-tag.com\/fi\/wp-json\/wp\/v2\/types\/product"}],"version-history":[{"count":1,"href":"https:\/\/rfid-laundry-tag.com\/fi\/wp-json\/wp\/v2\/product\/181\/revisions"}],"predecessor-version":[{"id":1298,"href":"https:\/\/rfid-laundry-tag.com\/fi\/wp-json\/wp\/v2\/product\/181\/revisions\/1298"}],"wp:featuredmedia":[{"embeddable":true,"href":"https:\/\/rfid-laundry-tag.com\/fi\/wp-json\/wp\/v2\/media\/182"}],"wp:attachment":[{"href":"https:\/\/rfid-laundry-tag.com\/fi\/wp-json\/wp\/v2\/media?parent=181"}],"wp:term":[{"taxonomy":"product_brand","embeddable":true,"href":"https:\/\/rfid-laundry-tag.com\/fi\/wp-json\/wp\/v2\/product_brand?post=181"},{"taxonomy":"product_cat","embeddable":true,"href":"https:\/\/rfid-laundry-tag.com\/fi\/wp-json\/wp\/v2\/product_cat?post=181"},{"taxonomy":"product_tag","embeddable":true,"href":"https:\/\/rfid-laundry-tag.com\/fi\/wp-json\/wp\/v2\/product_tag?post=181"}],"curies":[{"name":"wp","href":"https:\/\/api.w.org\/{rel}","templated":true}]}}