{"id":1785,"date":"2024-09-02T08:15:43","date_gmt":"2024-09-02T08:15:43","guid":{"rendered":"https:\/\/rfid-laundry-tag.com\/?post_type=product&#038;p=1785"},"modified":"2024-09-08T04:11:02","modified_gmt":"2024-09-08T04:11:02","slug":"uhf-rfid-label-tag-led-flash-light-location-for-library-management","status":"publish","type":"product","link":"https:\/\/rfid-laundry-tag.com\/fi\/uhf-rfid-label-tag-led-flash-light-location-for-library-management\/","title":{"rendered":"UHF RFID Label Tag LED-salama Valon sijainti Kirjaston hallintaan"},"content":{"rendered":"<div data-elementor-type=\"product-post\" data-elementor-id=\"1785\" class=\"elementor elementor-1785\" data-elementor-settings=\"{&quot;ha_cmc_init_switcher&quot;:&quot;no&quot;}\" data-elementor-post-type=\"product\">\n\t\t\t\t<div class=\"elementor-element elementor-element-1c13a178 e-flex e-con-boxed e-con e-parent\" data-id=\"1c13a178\" data-element_type=\"container\" data-e-type=\"container\" data-settings=\"{&quot;_ha_eqh_enable&quot;:false}\">\n\t\t\t\t\t<div class=\"e-con-inner\">\n\t\t\t\t<div class=\"elementor-element elementor-element-7e836d6a elementor-widget elementor-widget-text-editor\" data-id=\"7e836d6a\" data-element_type=\"widget\" data-e-type=\"widget\" data-widget_type=\"text-editor.default\">\n\t\t\t\t<div class=\"elementor-widget-container\">\n\t\t\t\t\t\t\t\t\t<p><span style=\"color: #000000;\">UHF RFID Label Tag -LED-salamavalo on innovatiivinen ratkaisu, jossa RFID-teknologian teho yhdistyy visuaaliseen LED-indikaattoriin, mik\u00e4 tehostaa varastonhallintaa ja omaisuudenhallintaa. N\u00e4m\u00e4 tarrat ovat t\u00e4ysin muokattavissa, joten voit valita mitat, LED-valon v\u00e4rin ja paljon muuta omien tarpeidesi mukaan. Saatavilla olevat koot 18x75mm ja 14x96mm ja ohut vain 0,2mm paksuus, n\u00e4m\u00e4 tarrat on valmistettu kest\u00e4v\u00e4st\u00e4 PET-materiaalista, mik\u00e4 takaa kest\u00e4vyyden my\u00f6s haastavissa ymp\u00e4rist\u00f6iss\u00e4.<\/span><\/p><p><span style=\"color: #000000;\">Taajuusalueella 900-928MHz toimivat tarrat tarjoavat optimaalisen suorituskyvyn, joten ne ovat ihanteellisia eri teollisuudenaloille. Muistin tekniset tiedot sis\u00e4lt\u00e4v\u00e4t TID 96 bitti\u00e4, EPC 160 bitti\u00e4 ja USER 1312 bitti\u00e4, jotka tarjoavat runsaasti tallennustilaa seuranta- ja tunnistustarkoituksiin. N\u00e4m\u00e4 UHF RFID Label Tag -LED-salamavalot, jotka on suunniteltu kest\u00e4m\u00e4\u00e4n k\u00e4ytt\u00f6l\u00e4mp\u00f6tiloja -20\u00b0C - 70\u00b0C, soveltuvat monenlaisiin sovelluksiin, kuten omaisuuden seurantaan, varastonhallintaan ja muihin.<\/span><\/p><table class=\"all magic-10\"><tbody><tr><td colspan=\"1\" rowspan=\"1\"><div class=\"magic-11\" data-spm-anchor-id=\"a2700.details.0.i38.105812c6mFAirA\"><span style=\"color: #000000;\">Siru<\/span><\/div><\/td><td colspan=\"1\" rowspan=\"1\"><div class=\"magic-12\"><span style=\"color: #000000;\">Mukautettu<\/span><\/div><\/td><\/tr><tr><td colspan=\"1\" rowspan=\"1\"><div class=\"magic-11\" data-spm-anchor-id=\"a2700.details.0.i47.105812c6mFAirA\"><span style=\"color: #000000;\">Mitat<\/span><\/div><\/td><td colspan=\"1\" rowspan=\"1\"><div class=\"magic-12\"><span style=\"color: #000000;\">18*75mm, 14*96mm, 100*10mm<\/span><\/div><\/td><\/tr><tr><td colspan=\"1\" rowspan=\"1\"><div class=\"magic-11\"><span style=\"color: #000000;\">Paksuus<\/span><\/div><\/td><td colspan=\"1\" rowspan=\"1\"><div class=\"magic-12\"><span style=\"color: #000000;\">0,2 mm<\/span><\/div><\/td><\/tr><tr><td colspan=\"1\" rowspan=\"1\"><div class=\"magic-11\"><span style=\"color: #000000;\">Materiaali<\/span><\/div><\/td><td colspan=\"1\" rowspan=\"1\"><div class=\"magic-12\"><span style=\"color: #000000;\">LEMMIKKI<\/span><\/div><\/td><\/tr><tr><td colspan=\"1\" rowspan=\"1\"><div class=\"magic-11\"><span style=\"color: #000000;\">IP-luokitus<\/span><\/div><\/td><td colspan=\"1\" rowspan=\"1\"><div class=\"magic-12\"><span style=\"color: #000000;\">Ei k\u00e4yt\u00f6ss\u00e4<\/span><\/div><\/td><\/tr><tr><td colspan=\"1\" rowspan=\"1\"><div class=\"magic-11\"><span style=\"color: #000000;\">Sovellusl\u00e4mp\u00f6tila<\/span><\/div><\/td><td colspan=\"1\" rowspan=\"1\"><div class=\"magic-12\"><span style=\"color: #000000;\">-20 ~ 70 \u2103<\/span><\/div><\/td><\/tr><tr><td colspan=\"1\" rowspan=\"1\"><div class=\"magic-11\"><span style=\"color: #000000;\">K\u00e4ytt\u00f6l\u00e4mp\u00f6tila<\/span><\/div><\/td><td colspan=\"1\" rowspan=\"1\"><div class=\"magic-12\"><span style=\"color: #000000;\">-20 ~ 70 \u2103<\/span><\/div><\/td><\/tr><tr><td colspan=\"1\" rowspan=\"1\"><div class=\"magic-11\"><span style=\"color: #000000;\">Muisti<\/span><\/div><\/td><td colspan=\"1\" rowspan=\"1\"><div class=\"magic-12\"><span style=\"color: #000000;\">TID 96 bits ;EPC 160 bits ;USER 1312 bits<\/span><\/div><\/td><\/tr><tr><td colspan=\"1\" rowspan=\"1\"><div class=\"magic-11\"><span style=\"color: #000000;\">Taajuusalue parhaalla suorituskyvyll\u00e4<\/span><\/div><\/td><td colspan=\"1\" rowspan=\"1\"><div class=\"magic-12\"><span style=\"color: #000000;\">900-928 MHz (muokattu)<\/span><\/div><\/td><\/tr><tr><td colspan=\"1\" rowspan=\"1\"><div class=\"magic-11\"><span style=\"color: #000000;\">IC:n el\u00e4m\u00e4<\/span><\/div><\/td><td colspan=\"1\" rowspan=\"1\" data-spm-anchor-id=\"a2700.details.0.i45.105812c6mFAirA\"><div class=\"magic-12\" data-spm-anchor-id=\"a2700.details.0.i39.105812c6mFAirA\"><span style=\"color: #000000;\">Kirjoita 100 000 syklin kest\u00e4vyys<\/span><br \/><span style=\"color: #000000;\">P\u00e4iv\u00e4m\u00e4\u00e4r\u00e4n s\u00e4ilytysaika 10 vuotta<\/span><\/div><\/td><\/tr><tr><td colspan=\"1\" rowspan=\"1\"><div class=\"magic-11\"><span style=\"color: #000000;\">p\u00f6yt\u00e4kirja<\/span><\/div><\/td><td colspan=\"1\" rowspan=\"1\"><div class=\"magic-12\" data-spm-anchor-id=\"a2700.details.0.i46.105812c6mFAirA\"><span style=\"color: #000000;\">ISO\/IEC 18000-6C<\/span><\/div><\/td><\/tr><\/tbody><\/table><p><a href=\"https:\/\/rfid-laundry-tag.com\/fi\/tuote\/uhf-rfid-label-tag-led-flash-light-location-for-library-management\/\"><img fetchpriority=\"high\" decoding=\"async\" class=\"alignnone size-full wp-image-1795\" src=\"https:\/\/rfid-laundry-tag.com\/wp-content\/uploads\/2024\/09\/4_H368fba2542f847448067aa52a880c6fdM.jpg\" alt=\"\" width=\"750\" height=\"750\" srcset=\"https:\/\/rfid-laundry-tag.com\/wp-content\/uploads\/2024\/09\/4_H368fba2542f847448067aa52a880c6fdM.jpg 750w, https:\/\/rfid-laundry-tag.com\/wp-content\/uploads\/2024\/09\/4_H368fba2542f847448067aa52a880c6fdM-300x300.jpg 300w, https:\/\/rfid-laundry-tag.com\/wp-content\/uploads\/2024\/09\/4_H368fba2542f847448067aa52a880c6fdM-150x150.jpg 150w, https:\/\/rfid-laundry-tag.com\/wp-content\/uploads\/2024\/09\/4_H368fba2542f847448067aa52a880c6fdM-12x12.jpg 12w, https:\/\/rfid-laundry-tag.com\/wp-content\/uploads\/2024\/09\/4_H368fba2542f847448067aa52a880c6fdM-600x600.jpg 600w, https:\/\/rfid-laundry-tag.com\/wp-content\/uploads\/2024\/09\/4_H368fba2542f847448067aa52a880c6fdM-100x100.jpg 100w\" sizes=\"(max-width: 750px) 100vw, 750px\" \/><\/a><\/p><p><span style=\"color: #000000;\">Ainutlaatuinen LED-ominaisuus lis\u00e4\u00e4 RFID-tunnisteeseen visuaalisen komponentin, joka mahdollistaa nopean ja helpon tunnistamisen, mik\u00e4 nopeuttaa merkitt\u00e4v\u00e4sti prosesseja, joissa nopea visuaalinen vahvistus on tarpeen. Tarrat ovat yhteensopivia ISO\/IEC 18000-6C -protokollien kanssa, mik\u00e4 varmistaa saumattoman integroinnin olemassa oleviin RFID-j\u00e4rjestelmiin. 100 000 syklin kirjoituskest\u00e4vyyden ja jopa 10 vuoden tietojen s\u00e4ilytt\u00e4misen ansiosta n\u00e4m\u00e4 tarrat tarjoavat luotettavan ja kest\u00e4v\u00e4n ratkaisun seurantatarpeisiisi. Haluatpa sitten hallita varastoa, seurata omaisuutta tai ottaa k\u00e4ytt\u00f6\u00f6n tehokkaampi tunnistusj\u00e4rjestelm\u00e4, RFID LED-tarrat tarjoavat monipuolisen ja vankan ratkaisun, joka on r\u00e4\u00e4t\u00e4l\u00f6ity tarpeisiisi.<\/span><\/p><p><span style=\"color: #000000;\">RFID LED -tarra on edistyksellinen tarra, joka yhdist\u00e4\u00e4 RFID-teknologian visuaaliseen LED-merkkivaloon ja tarjoaa innovatiivisen ratkaisun omaisuuden seurantaan ja varastonhallintaan. Jokainen tarra on varustettu radiotaajuustransponderilla ja antennilla, mik\u00e4 mahdollistaa saumattoman viestinn\u00e4n RF-lukijoiden kanssa. T\u00e4m\u00e4n tarran erottuva ominaisuus on LED-komponentti, joka syttyy aktivoinnin yhteydess\u00e4 ja tarjoaa kohteiden nopean ja selke\u00e4n visuaalisen tunnistamisen.<\/span><\/p><p><span style=\"color: #000000;\">N\u00e4m\u00e4 LED-tunnisteet ovat monipuolisia ja niit\u00e4 voidaan k\u00e4ytt\u00e4\u00e4 monissa sovelluksissa, kuten varastonhallinnassa, omaisuuden seurannassa ja toimitusketjun logistiikassa. LED-tarran muokattavissa oleva luonne mahdollistaa koon, LED-valon v\u00e4rin ja muistikapasiteetin s\u00e4\u00e4d\u00f6t erityisten k\u00e4ytt\u00f6tarpeiden mukaan. K\u00e4ytet\u00e4\u00e4np\u00e4 niit\u00e4 varastoissa, v\u00e4hitt\u00e4iskaupan ymp\u00e4rist\u00f6iss\u00e4 tai teollisuusymp\u00e4rist\u00f6iss\u00e4, n\u00e4m\u00e4 tarrat auttavat virtaviivaistamaan prosesseja tarjoamalla kaksi tunnistusmenetelm\u00e4\u00e4 \u2013 RFID-skannaus ja visuaalinen vahvistus \u2013 mik\u00e4 tekee niist\u00e4 v\u00e4ltt\u00e4m\u00e4tt\u00f6mi\u00e4 tarkkuuden ja tehokkuuden parantamiseksi arvokkaiden omaisuuserien seurannassa.<\/span><\/p>\t\t\t\t\t\t\t\t<\/div>\n\t\t\t\t<\/div>\n\t\t\t\t\t<\/div>\n\t\t\t\t<\/div>\n\t\t\t\t<\/div>","protected":false},"excerpt":{"rendered":"<p>UHF RFID Label Tag LED-salama Valo visuaalisilla ilmaisimilla tehokkaaseen varaston seurantaan. Kest\u00e4v\u00e4 PET, 900-928MHz, -20\u00b0C - 70\u00b0C, t\u00e4ydellinen erilaisiin sovelluksiin.<\/p>","protected":false},"featured_media":1786,"template":"","meta":{"_kad_post_transparent":"default","_kad_post_title":"","_kad_post_layout":"default","_kad_post_sidebar_id":"","_kad_post_content_style":"default","_kad_post_vertical_padding":"default","_kad_post_feature":"","_kad_post_feature_position":"","_kad_post_header":false,"_kad_post_footer":false,"_kad_post_classname":""},"product_brand":[],"product_cat":[54],"product_tag":[275,98,269],"class_list":{"0":"post-1785","1":"product","2":"type-product","3":"status-publish","4":"has-post-thumbnail","6":"product_cat-hot-selling-rfid-tags","7":"product_tag-led-light-rfid-label","8":"product_tag-uhf-rfid-label","9":"product_tag-uhf-rfid-label-tag-led-flash-light","11":"first","12":"instock","13":"shipping-taxable","14":"product-type-simple","15":"entry","16":"content-bg","17":"loop-entry"},"_links":{"self":[{"href":"https:\/\/rfid-laundry-tag.com\/fi\/wp-json\/wp\/v2\/product\/1785","targetHints":{"allow":["GET"]}}],"collection":[{"href":"https:\/\/rfid-laundry-tag.com\/fi\/wp-json\/wp\/v2\/product"}],"about":[{"href":"https:\/\/rfid-laundry-tag.com\/fi\/wp-json\/wp\/v2\/types\/product"}],"version-history":[{"count":5,"href":"https:\/\/rfid-laundry-tag.com\/fi\/wp-json\/wp\/v2\/product\/1785\/revisions"}],"predecessor-version":[{"id":1911,"href":"https:\/\/rfid-laundry-tag.com\/fi\/wp-json\/wp\/v2\/product\/1785\/revisions\/1911"}],"wp:featuredmedia":[{"embeddable":true,"href":"https:\/\/rfid-laundry-tag.com\/fi\/wp-json\/wp\/v2\/media\/1786"}],"wp:attachment":[{"href":"https:\/\/rfid-laundry-tag.com\/fi\/wp-json\/wp\/v2\/media?parent=1785"}],"wp:term":[{"taxonomy":"product_brand","embeddable":true,"href":"https:\/\/rfid-laundry-tag.com\/fi\/wp-json\/wp\/v2\/product_brand?post=1785"},{"taxonomy":"product_cat","embeddable":true,"href":"https:\/\/rfid-laundry-tag.com\/fi\/wp-json\/wp\/v2\/product_cat?post=1785"},{"taxonomy":"product_tag","embeddable":true,"href":"https:\/\/rfid-laundry-tag.com\/fi\/wp-json\/wp\/v2\/product_tag?post=1785"}],"curies":[{"name":"wp","href":"https:\/\/api.w.org\/{rel}","templated":true}]}}