{"id":176,"date":"2024-06-15T16:46:13","date_gmt":"2024-06-15T16:46:13","guid":{"rendered":"https:\/\/rfid-laundry-tag.com\/?post_type=product&#038;p=176"},"modified":"2024-06-15T16:46:13","modified_gmt":"2024-06-15T16:46:13","slug":"nylon-rfid-wash-care-clothing-label","status":"publish","type":"product","link":"https:\/\/rfid-laundry-tag.com\/fi\/nylon-rfid-wash-care-clothing-label\/","title":{"rendered":"Nylon RFID Wash Care -vaatetarra"},"content":{"rendered":"<div class=\"J_module\">\n<div class=\"ife-detail-decorate-table\">\n<table class=\"hight-light-first-column all magic-14\">\n<tbody>\n<tr>\n<td colspan=\"1\" rowspan=\"1\">\n<div class=\"magic-15\" data-spm-anchor-id=\"a2700.details.0.i95.236a58c1ycsfva\">Tuotantonimi:<\/div>\n<\/td>\n<td colspan=\"1\" rowspan=\"1\">\n<div class=\"magic-16\">Nylon RFID Wash Care -vaatetarra<\/div>\n<\/td>\n<\/tr>\n<tr>\n<td colspan=\"1\" rowspan=\"1\">\n<div class=\"magic-15\"><span class=\"magic-17\">Materiaali:<\/span><\/div>\n<\/td>\n<td colspan=\"1\" rowspan=\"1\">\n<div class=\"magic-16\">Polyesteri\/koostumus\/satiini\/puuvilla\/kuitukangas\/PET jne.<\/div>\n<\/td>\n<\/tr>\n<tr>\n<td colspan=\"1\" rowspan=\"1\">\n<div class=\"magic-15\"><span class=\"magic-17\">Koko:<\/span><\/div>\n<\/td>\n<td colspan=\"1\" rowspan=\"1\">\n<div class=\"magic-16\"><span class=\"magic-17\">80 * 38 mm \/ 60 * 30 mm tai r\u00e4\u00e4t\u00e4l\u00f6ity<\/span><\/div>\n<\/td>\n<\/tr>\n<tr>\n<td colspan=\"1\" rowspan=\"1\">\n<div class=\"magic-15\"><span class=\"magic-17\">Tyyppi:<\/span><\/div>\n<\/td>\n<td colspan=\"1\" rowspan=\"1\">\n<div class=\"magic-16\"><span class=\"magic-17\">Passiivinen, RFID<\/span><\/div>\n<\/td>\n<\/tr>\n<tr>\n<td colspan=\"1\" rowspan=\"1\">\n<div class=\"magic-15\">RF-protokolla:<\/div>\n<\/td>\n<td colspan=\"1\" rowspan=\"1\">\n<div class=\"magic-16\">ISO 18000-6C; EPC-luokka 1, sukupolvi 2<\/div>\n<\/td>\n<\/tr>\n<tr>\n<td colspan=\"1\" rowspan=\"1\">\n<div class=\"magic-15\"><span class=\"magic-17\">Taajuus:<\/span><\/div>\n<\/td>\n<td colspan=\"1\" rowspan=\"1\">\n<div class=\"magic-16\"><span class=\"magic-17\">860-960 MHz<\/span><\/div>\n<\/td>\n<\/tr>\n<tr>\n<td colspan=\"1\" rowspan=\"1\">\n<div class=\"magic-15\">Siru<\/div>\n<\/td>\n<td colspan=\"1\" rowspan=\"1\">\n<div class=\"magic-16\">Impinj Monza R6\/R6-P, NXP UCODE8\/UCODE9 jne.<\/div>\n<\/td>\n<\/tr>\n<tr>\n<td colspan=\"1\" rowspan=\"1\">\n<div class=\"magic-15\"><span class=\"magic-17\">Lukuet\u00e4isyys:<\/span><\/div>\n<\/td>\n<td colspan=\"1\" rowspan=\"1\">\n<div class=\"magic-16\"><span class=\"magic-17\">UHF: 1-10m (riippuu lukijasta ja antennista)<\/span><\/div>\n<\/td>\n<\/tr>\n<tr>\n<td colspan=\"1\" rowspan=\"1\">\n<div class=\"magic-15\"><span class=\"magic-17\">Kiinte\u00e4 tapa:<\/span><\/div>\n<\/td>\n<td colspan=\"1\" rowspan=\"1\">\n<div class=\"magic-16\"><span class=\"magic-17\">Ompele \/ silitys<\/span><\/div>\n<\/td>\n<\/tr>\n<tr>\n<td colspan=\"1\" rowspan=\"1\">\n<div class=\"magic-15\"><span class=\"magic-17\">Tulostus:<\/span><\/div>\n<\/td>\n<td colspan=\"1\" rowspan=\"1\">\n<div class=\"magic-16\"><span class=\"magic-17\">Tulostus, koodaus, sarjanumero, suunnittelu jne.<\/span><\/div>\n<\/td>\n<\/tr>\n<tr>\n<td colspan=\"1\" rowspan=\"1\">\n<div class=\"magic-15\"><span class=\"magic-17\">IC:n k\u00e4ytt\u00f6ik\u00e4:<\/span><\/div>\n<\/td>\n<td colspan=\"1\" rowspan=\"1\">\n<div class=\"magic-16\" data-spm-anchor-id=\"a2700.details.0.i94.236a58c1ycsfva\"><span class=\"magic-17\">100 000 ohjelmointijaksoa<br \/>\n10 vuoden tietojen s\u00e4ilytys<\/span><\/div>\n<\/td>\n<\/tr>\n<tr>\n<td colspan=\"1\" rowspan=\"1\">\n<div class=\"magic-15\"><span class=\"magic-17\">N\u00e4ytteen saatavuus:<\/span><\/div>\n<\/td>\n<td colspan=\"1\" rowspan=\"1\">\n<div class=\"magic-16\"><span class=\"magic-17\">Ilmaisia n\u00e4ytteit\u00e4 on saatavilla pyynn\u00f6st\u00e4<\/span><\/div>\n<\/td>\n<\/tr>\n<tr>\n<td colspan=\"1\" rowspan=\"1\">\n<div class=\"magic-15\"><span class=\"magic-17\">Sovellukset:\u00a0<\/span><\/div>\n<\/td>\n<td colspan=\"1\" rowspan=\"1\">\n<div class=\"magic-16\"><span class=\"magic-17\">\u00b7 Varastonhallinta<br \/>\n\u00b7 Toimitusketju<br \/>\n\u00b7 V\u00e4hitt\u00e4iskauppa<\/span><\/div>\n<\/td>\n<\/tr>\n<tr>\n<td colspan=\"1\" rowspan=\"1\">\n<div class=\"magic-15\"><span class=\"magic-17\">K\u00e4ytt\u00e4\u00e4<\/span><\/div>\n<\/td>\n<td colspan=\"1\" rowspan=\"1\">\n<div class=\"magic-16\"><span class=\"magic-17\">Vaatteet, vaatteet, laukut, keng\u00e4t jne.<\/span><\/div>\n<\/td>\n<\/tr>\n<\/tbody>\n<\/table>\n<\/div>\n<\/div>\n<div class=\"J_module\">\n<div class=\"detail-decorate-json-renderer-container\">\n<div class=\"magic-1\">\n<div class=\"magic-5\">\n<div class=\"magic-6\">\n<div class=\"magic-7\"><span class=\"magic-10\">UCODE ovat NXP BV:n rekister\u00f6ityj\u00e4 tavaramerkkej\u00e4 ja niit\u00e4 k\u00e4ytet\u00e4\u00e4n lisenssill\u00e4.<\/span><\/div>\n<div><\/div>\n<\/div>\n<div>\n<div class=\"auto-hide-last-sibling-br paragraph_1252f paragraph-element\">Muotituotteisiin, kuten vaatteisiin, vaikuttavat monet myyntiin vaikuttavat tekij\u00e4t, mukaan lukien kausivaihtelut, maantieteellinen sijainti, asiakkaiden mieltymykset, muotitrendit ja hinta. RFID-hoitotarrojen roolista tulee t\u00e4ss\u00e4 ratkaiseva, koska niiden avulla vaatealan yritykset voivat seurata myyntidynamiikkaa reaaliajassa.<\/div>\n<p><br class=\"container_e695a wrapper_ad07b undefined\" \/><\/p>\n<div class=\"auto-hide-last-sibling-br paragraph_1252f paragraph-element\">\n<div class=\"auto-hide-last-sibling-br paragraph_1252f paragraph-element\"><strong>Nylon RFID Wash Care -vaatetarran ominaisuudet:<\/strong><\/div>\n<p><br class=\"container_e695a wrapper_ad07b undefined\" \/><\/p>\n<ol class=\"auto-hide-last-sibling-br\">\n<li>\n<div class=\"auto-hide-last-sibling-br paragraph_1252f paragraph-element\"><strong>Materiaali:<\/strong>\u00a0Etiketti on valmistettu nailonista, vahvasta ja kest\u00e4v\u00e4st\u00e4 materiaalista, joka kest\u00e4\u00e4 korkeita l\u00e4mp\u00f6tiloja, painetta ja kovaa k\u00e4sittely\u00e4 varmistaen etiketin eheyden vaatteen k\u00e4sittelyn ja pesun luonteesta riippumatta.<\/div>\n<\/li>\n<li>\n<div class=\"auto-hide-last-sibling-br paragraph_1252f paragraph-element\"><strong>Tietojen seuranta:<\/strong>\u00a0RFID-tekniikan ansiosta se mahdollistaa reaaliaikaisen seurannan ja asiaankuuluvien tietojen, kuten tuotehistorian, sijainnin ja tilan, ker\u00e4\u00e4misen, mik\u00e4 tarjoaa arvokkaita n\u00e4kemyksi\u00e4 vaatealan yrityksille.<\/div>\n<\/li>\n<li>\n<div class=\"auto-hide-last-sibling-br paragraph_1252f paragraph-element\"><strong>Toiminnallisuus:<\/strong>\u00a0RFID-tarra toimii useissa ankarissa ymp\u00e4rist\u00f6iss\u00e4 ja voi my\u00f6s tunnistaa useita tunnisteita samanaikaisesti, jopa nopeasti liikkuviin esineisiin.<\/div>\n<\/li>\n<li>\n<div class=\"auto-hide-last-sibling-br paragraph_1252f paragraph-element\"><strong>Pysyvyys:<\/strong>\u00a0Toisin kuin perinteiset ripustustunnisteet, RFID-tarrat yleens\u00e4 ommellaan tai vaalennetaan vaatteeseen, mik\u00e4 pienent\u00e4\u00e4 mahdollisuutta pudota kuljetuksen tai k\u00e4sittelyn aikana.<\/div>\n<\/li>\n<li>\n<div class=\"auto-hide-last-sibling-br paragraph_1252f paragraph-element\"><strong>Vihre\u00e4 ja turvallinen:<\/strong>\u00a0Tarrat ovat vihreit\u00e4 ja turvallisia, koska ne aiheuttavat v\u00e4hiten ymp\u00e4rist\u00f6vaikutuksia h\u00e4vitt\u00e4misen j\u00e4lkeen.<\/div>\n<\/li>\n<\/ol>\n<p><br class=\"container_e695a wrapper_ad07b undefined\" \/><\/p>\n<div class=\"auto-hide-last-sibling-br paragraph_1252f paragraph-element\"><strong>Nylon RFID Wash Care -vaatetarran sovellukset:<\/strong><\/div>\n<p><br class=\"container_e695a wrapper_ad07b undefined\" \/><\/p>\n<ol class=\"auto-hide-last-sibling-br\">\n<li>\n<div class=\"auto-hide-last-sibling-br paragraph_1252f paragraph-element\"><strong>Varastonhallinta:<\/strong>\u00a0Tarrat auttavat seuraamaan varastoa reaaliajassa, mik\u00e4 tekee varastonhallinnasta tehokasta yrityksille.<\/div>\n<\/li>\n<li>\n<div class=\"auto-hide-last-sibling-br paragraph_1252f paragraph-element\"><strong>Toimitusketju:<\/strong>\u00a0Ne auttavat optimoimaan koko toimitusketjua valmistusprosessien virtaviivaistamisesta tehokkaampaan varastointiin ja logistiikkaan.<\/div>\n<\/li>\n<li>\n<div class=\"auto-hide-last-sibling-br paragraph_1252f paragraph-element\"><strong>V\u00e4hitt\u00e4iskaupan hallinta:<\/strong>\u00a0V\u00e4hitt\u00e4iskaupan asetuksissa n\u00e4m\u00e4 tarrat tehostavat uloskirjautumisprosessia nopeuttamalla skannausprosessia ja v\u00e4hent\u00e4m\u00e4ll\u00e4 jonoja.<\/div>\n<\/li>\n<li>\n<div class=\"auto-hide-last-sibling-br paragraph_1252f paragraph-element\"><strong>Varkaudenesto:<\/strong>\u00a0Kun ne liitet\u00e4\u00e4n liikkeiden turvaj\u00e4rjestelm\u00e4\u00e4n, ne voivat toimia myym\u00e4l\u00e4varkauksien torjuntaty\u00f6kaluina.<\/div>\n<\/li>\n<li>\n<div class=\"auto-hide-last-sibling-br paragraph_1252f paragraph-element\"><strong>Tuotteen aitous:<\/strong>\u00a0Etikettej\u00e4 voidaan k\u00e4ytt\u00e4\u00e4 tuotteen aitouden varmistamiseen ja todentamiseen ja siten v\u00e4\u00e4rent\u00e4misen est\u00e4miseen.<\/div>\n<\/li>\n<li>\n<div class=\"auto-hide-last-sibling-br paragraph_1252f paragraph-element\"><strong>Kuluttajak\u00e4ytt\u00f6:<\/strong>\u00a0Loppukuluttajalle n\u00e4iss\u00e4 etiketeiss\u00e4 on arvokasta tuote- ja hoitotietoa. Lis\u00e4ksi se, ett\u00e4 etiketti pysyy vaatteen mukana sen k\u00e4ytt\u00f6i\u00e4n ajan, mahdollistaa paremman myynnin j\u00e4lkeisen seurannan.<\/div>\n<\/li>\n<\/ol>\n<p><br class=\"container_e695a wrapper_ad07b undefined\" \/><\/p>\n<div class=\"auto-hide-last-sibling-br paragraph_1252f paragraph-element\">N\u00e4m\u00e4 etiketit mullistavat vaatteiden k\u00e4sittelyn tuotantotiloista v\u00e4hitt\u00e4iskauppaan ja sitten loppukuluttajalle, ja niist\u00e4 tulee siten olennainen osa vaateteollisuutta.<\/div>\n<\/div>\n<\/div>\n<div class=\"magic-6\">\n<div><\/div>\n<\/div>\n<\/div>\n<\/div>\n<\/div>\n<\/div>","protected":false},"excerpt":{"rendered":"<p>Nylon RFID Wash Care Label on vallankumouksellinen edistysaskel tekstiili- ja vaatetusteollisuudessa. RFID, yksi lupaavimmista teknologisista l\u00e4pimurroista, mahdollistaa lukuisia sovelluksia t\u00e4ll\u00e4 alalla. Sill\u00e4 on keskeinen rooli valmistusprosesseissa, varastonhallinnassa, varastojen hallinnassa, jakelun ja logistiikan virtaviivaistamisessa, automaattisen objektien seurannan mahdollistamisessa ja toimitusketjun hallinnan optimoinnissa. T\u00e4m\u00e4 innovatiivinen l\u00e4hestymistapa on merkitt\u00e4v\u00e4sti parantanut tehokkuutta ja tuottavuutta tekstiili- ja vaatetusalalla.<\/p>","protected":false},"featured_media":177,"template":"","meta":{"_kad_post_transparent":"default","_kad_post_title":"","_kad_post_layout":"default","_kad_post_sidebar_id":"","_kad_post_content_style":"default","_kad_post_vertical_padding":"default","_kad_post_feature":"","_kad_post_feature_position":"","_kad_post_header":false,"_kad_post_footer":false,"_kad_post_classname":""},"product_brand":[],"product_cat":[81],"product_tag":[84,82,83],"class_list":{"0":"post-176","1":"product","2":"type-product","3":"status-publish","4":"has-post-thumbnail","6":"product_cat-rfid-wash-care-clothing-label","7":"product_tag-heat-transfer-laundry-rfid-wash-care-label","8":"product_tag-rfid-wash-care-clothing-label","9":"product_tag-rfid-wash-care-label","11":"first","12":"instock","13":"shipping-taxable","14":"product-type-simple","15":"entry","16":"content-bg","17":"loop-entry"},"_links":{"self":[{"href":"https:\/\/rfid-laundry-tag.com\/fi\/wp-json\/wp\/v2\/product\/176","targetHints":{"allow":["GET"]}}],"collection":[{"href":"https:\/\/rfid-laundry-tag.com\/fi\/wp-json\/wp\/v2\/product"}],"about":[{"href":"https:\/\/rfid-laundry-tag.com\/fi\/wp-json\/wp\/v2\/types\/product"}],"version-history":[{"count":0,"href":"https:\/\/rfid-laundry-tag.com\/fi\/wp-json\/wp\/v2\/product\/176\/revisions"}],"wp:featuredmedia":[{"embeddable":true,"href":"https:\/\/rfid-laundry-tag.com\/fi\/wp-json\/wp\/v2\/media\/177"}],"wp:attachment":[{"href":"https:\/\/rfid-laundry-tag.com\/fi\/wp-json\/wp\/v2\/media?parent=176"}],"wp:term":[{"taxonomy":"product_brand","embeddable":true,"href":"https:\/\/rfid-laundry-tag.com\/fi\/wp-json\/wp\/v2\/product_brand?post=176"},{"taxonomy":"product_cat","embeddable":true,"href":"https:\/\/rfid-laundry-tag.com\/fi\/wp-json\/wp\/v2\/product_cat?post=176"},{"taxonomy":"product_tag","embeddable":true,"href":"https:\/\/rfid-laundry-tag.com\/fi\/wp-json\/wp\/v2\/product_tag?post=176"}],"curies":[{"name":"wp","href":"https:\/\/api.w.org\/{rel}","templated":true}]}}