{"id":1755,"date":"2024-09-01T16:47:06","date_gmt":"2024-09-01T16:47:06","guid":{"rendered":"https:\/\/rfid-laundry-tag.com\/?post_type=product&#038;p=1755"},"modified":"2024-09-01T16:55:05","modified_gmt":"2024-09-01T16:55:05","slug":"iso18000-6c-uhf-rfid-tag-labels","status":"publish","type":"product","link":"https:\/\/rfid-laundry-tag.com\/fi\/iso18000-6c-uhf-rfid-tag-labels\/","title":{"rendered":"ISO18000-6C UHF RFID -tarrat"},"content":{"rendered":"<div data-elementor-type=\"product-post\" data-elementor-id=\"1755\" class=\"elementor elementor-1755\" data-elementor-settings=\"{&quot;ha_cmc_init_switcher&quot;:&quot;no&quot;}\" data-elementor-post-type=\"product\">\n\t\t\t\t<div class=\"elementor-element elementor-element-1c13a178 e-flex e-con-boxed e-con e-parent\" data-id=\"1c13a178\" data-element_type=\"container\" data-e-type=\"container\" data-settings=\"{&quot;_ha_eqh_enable&quot;:false}\">\n\t\t\t\t\t<div class=\"e-con-inner\">\n\t\t\t\t<div class=\"elementor-element elementor-element-7e836d6a elementor-widget elementor-widget-text-editor\" data-id=\"7e836d6a\" data-element_type=\"widget\" data-e-type=\"widget\" data-widget_type=\"text-editor.default\">\n\t\t\t\t<div class=\"elementor-widget-container\">\n\t\t\t\t\t\t\t\t\t<div class=\"J_module\"><div class=\"detail-decorate-json-renderer-container\"><div class=\"magic-5\"><div class=\"magic-6\"><div class=\"magic-7\"><div class=\"magic-8\"><span style=\"color: #000000;\" data-spm-anchor-id=\"a2700.details.0.i44.1b65605fl6GjYL\">Pitk\u00e4n kantaman passiivinen 860-960 MHz ISO18000 6C UHF RFID -tunniste<\/span><\/div><div>\u00a0<\/div><\/div><\/div><\/div><\/div><\/div><div class=\"J_module\"><div class=\"detail-decorate-json-renderer-container\"><div class=\"magic-5\"><div class=\"magic-6\"><div class=\"magic-7\"><div class=\"magic-8\" data-spm-anchor-id=\"a2700.details.0.i40.1b65605fl6GjYL\"><span style=\"color: #000000;\"><b>RFID-tarra<\/b> voidaan k\u00e4ytt\u00e4\u00e4 laajalti tunnistamisessa, julkisessa liikenteess\u00e4, tapahtumalippujen s\u00e4hk\u00f6isess\u00e4 tiemaksujen ker\u00e4\u00e4misess\u00e4, omaisuuser\u00e4ss\u00e4<\/span><br \/><span style=\"color: #000000;\">hallinta, kirjastot ja vuokraus, kanta-asiakasj\u00e4rjestelm\u00e4 ja kulunvalvonta jne. Tarjoamme ohjelmointi- ja koodauspalveluita, jotka vastaavat tarkasti asiakkaan ohjelmointi- tai koodausvaatimuksia.<\/span><\/div><div data-spm-anchor-id=\"a2700.details.0.i40.1b65605fl6GjYL\">\u00a0<\/div><\/div><div data-spm-anchor-id=\"a2700.details.0.i40.1b65605fl6GjYL\"><table class=\"all magic-12\"><tbody><tr><td colspan=\"1\" rowspan=\"1\"><div class=\"magic-16\" data-spm-anchor-id=\"a2700.details.0.i41.1b65605fl6GjYL\"><span style=\"color: #000000;\">Tuotetyyppi<\/span><\/div><\/td><td colspan=\"1\" rowspan=\"1\"><div class=\"magic-17\"><span style=\"color: #000000;\">Pitk\u00e4n kantaman passiivinen 860-960 MHz ISO18000 6C UHF RFID -tunniste<\/span><\/div><\/td><\/tr><tr><td colspan=\"1\" rowspan=\"1\"><div class=\"magic-16\"><span style=\"color: #000000;\">Air Interface Protocol<\/span><\/div><\/td><td colspan=\"1\" rowspan=\"1\"><div class=\"magic-17\"><span style=\"color: #000000;\">EPCglobal UHF Class 1 Gen 2 (ISO 18000-6C)<\/span><\/div><\/td><\/tr><tr><td colspan=\"1\" rowspan=\"1\"><div class=\"magic-16\"><span style=\"color: #000000;\">Toimintataajuus<\/span><\/div><\/td><td colspan=\"1\" rowspan=\"1\"><div class=\"magic-17\"><span style=\"color: #000000;\">860-960Mhz<\/span><\/div><\/td><\/tr><tr><td colspan=\"1\" rowspan=\"1\"><div class=\"magic-16\"><span style=\"color: #000000;\">IC-tyyppi<\/span><\/div><\/td><td colspan=\"1\" rowspan=\"1\"><div class=\"magic-17\"><span style=\"color: #000000;\">Alien Higgs-3\/Higgs-4<\/span><\/div><\/td><\/tr><tr><td colspan=\"1\" rowspan=\"1\"><div class=\"magic-16\"><span style=\"color: #000000;\">Muisti<\/span><\/div><\/td><td colspan=\"1\" rowspan=\"1\"><div class=\"magic-17\"><span style=\"color: #000000;\">EPC 96-480-bittinen, k\u00e4ytt\u00e4j\u00e4 512-bittinen, TID 32-bittinen<\/span><\/div><\/td><\/tr><tr><td colspan=\"1\" rowspan=\"1\"><div class=\"magic-16\"><span style=\"color: #000000;\">EPC-muistin sis\u00e4lt\u00f6<\/span><\/div><\/td><td colspan=\"1\" rowspan=\"1\"><div class=\"magic-17\"><span style=\"color: #000000;\">Ainutlaatuinen, satunnaistettu numero<\/span><\/div><\/td><\/tr><tr><td colspan=\"1\" rowspan=\"1\"><div class=\"magic-16\"><span style=\"color: #000000;\">Suurin lukuet\u00e4isyys<\/span><\/div><\/td><td colspan=\"1\" rowspan=\"1\"><div class=\"magic-17\"><span style=\"color: #000000;\">&gt;3 m (10 jalkaa)<\/span><\/div><\/td><\/tr><tr><td colspan=\"1\" rowspan=\"1\"><div class=\"magic-16\"><span style=\"color: #000000;\">Sovelluksen pintamateriaalit<\/span><\/div><\/td><td colspan=\"1\" rowspan=\"1\"><div class=\"magic-17\"><span style=\"color: #000000;\">Lasi, Muovi, Puu, Pahvi<\/span><\/div><\/td><\/tr><tr><td colspan=\"1\" rowspan=\"1\"><div class=\"magic-16\"><span style=\"color: #000000;\">Tunnisteen muototekij\u00e4<\/span><\/div><\/td><td colspan=\"1\" rowspan=\"1\"><div class=\"magic-17\"><span style=\"color: #000000;\">Kuiva inlay \/ m\u00e4rk\u00e4 inlay \/ valkoinen m\u00e4rk\u00e4 inlay (etiketti)<\/span><\/div><\/td><\/tr><tr><td colspan=\"1\" rowspan=\"1\"><div class=\"magic-16\"><span style=\"color: #000000;\">Merkitse materiaalit<\/span><\/div><\/td><td colspan=\"1\" rowspan=\"1\"><div class=\"magic-17\"><span style=\"color: #000000;\">TT Tulostettava valkoinen filmi<\/span><\/div><\/td><\/tr><tr><td colspan=\"1\" rowspan=\"1\"><div class=\"magic-16\"><span style=\"color: #000000;\">Kiinnitysmenetelm\u00e4<\/span><\/div><\/td><td colspan=\"1\" rowspan=\"1\"><div class=\"magic-17\"><span style=\"color: #000000;\">Yleisk\u00e4ytt\u00f6inen Liima tai sulje p\u00e4\u00e4llystetty paperi<\/span><\/div><\/td><\/tr><tr><td colspan=\"1\" rowspan=\"1\"><div class=\"magic-16\"><span style=\"color: #000000;\">Antennin koko<\/span><\/div><\/td><td colspan=\"1\" rowspan=\"1\"><div class=\"magic-17\"><span style=\"color: #000000;\">70 * 17mm tai r\u00e4\u00e4t\u00e4l\u00f6ity<\/span><\/div><\/td><\/tr><tr><td colspan=\"1\" rowspan=\"1\"><div class=\"magic-16\"><span style=\"color: #000000;\">Inlay koko<\/span><\/div><\/td><td colspan=\"1\" rowspan=\"1\"><div class=\"magic-17\"><span style=\"color: #000000;\">83 * 25,4 mm tai r\u00e4\u00e4t\u00e4l\u00f6ity<\/span><\/div><\/td><\/tr><tr><td colspan=\"1\" rowspan=\"1\"><div class=\"magic-16\"><span style=\"color: #000000;\">Paino<\/span><\/div><\/td><td colspan=\"1\" rowspan=\"1\"><div class=\"magic-17\"><span style=\"color: #000000;\">&lt; 1 gramma<\/span><\/div><\/td><\/tr><tr><td colspan=\"1\" rowspan=\"1\"><div class=\"magic-16\"><span style=\"color: #000000;\">K\u00e4ytt\u00f6l\u00e4mp\u00f6tila<\/span><\/div><\/td><td colspan=\"1\" rowspan=\"1\"><div class=\"magic-17\"><span style=\"color: #000000;\">-40\u00b0 - +70\u00b0C<\/span><\/div><\/td><\/tr><tr><td colspan=\"1\" rowspan=\"1\"><div class=\"magic-16\"><span style=\"color: #000000;\">S\u00e4ilytystila<\/span><\/div><\/td><td colspan=\"1\" rowspan=\"1\"><div class=\"magic-17\"><span style=\"color: #000000;\">20% - 90% RH<\/span><\/div><\/td><\/tr><tr><td colspan=\"1\" rowspan=\"4\"><div class=\"magic-16\"><span style=\"color: #000000;\">Sovellukset<\/span><\/div><\/td><td colspan=\"1\" rowspan=\"1\"><div class=\"magic-17\" data-spm-anchor-id=\"a2700.details.0.i42.1b65605fl6GjYL\"><span style=\"color: #000000;\">Vaatteiden RFID-tunniste<\/span><\/div><\/td><\/tr><tr><td colspan=\"1\" rowspan=\"1\" data-spm-anchor-id=\"a2700.details.0.i45.1b65605fl6GjYL\"><div class=\"magic-17\"><span style=\"color: #000000;\">Pakkauskotelo<\/span><\/div><\/td><\/tr><tr><td colspan=\"1\" rowspan=\"1\"><div class=\"magic-17\"><span style=\"color: #000000;\">Lokeron etiketit<\/span><\/div><\/td><\/tr><tr><td colspan=\"1\" rowspan=\"1\"><div class=\"magic-17\"><span style=\"color: #000000;\">ISO-kortti<\/span><\/div><\/td><\/tr><\/tbody><\/table><\/div><div class=\"magic-7\"><div data-spm-anchor-id=\"a2700.details.0.i40.1b65605fl6GjYL\">\u00a0<\/div><\/div><\/div><\/div><\/div><\/div><p><span style=\"color: #000000;\"><strong>Painon ominaisuudet<\/strong><\/span><br \/><span style=\"color: #000000;\">Alle 1 gramman painoiset tunnisteet ovat kevyit\u00e4 ja huomaamattomia, joten ne sopivat ihanteellisesti integroitaviksi monenlaisiin tuotteisiin.<\/span><\/p><p><span style=\"color: #000000;\"><strong>K\u00e4ytt\u00f6l\u00e4mp\u00f6tila-alue<\/strong><\/span><br \/><span style=\"color: #000000;\">N\u00e4m\u00e4 RFID-tunnisteet on suunniteltu toimimaan optimaalisesti \u00e4\u00e4rimm\u00e4isiss\u00e4 olosuhteissa k\u00e4ytt\u00f6l\u00e4mp\u00f6tila-alueella -40 \u00b0C - +70 \u00b0C, mik\u00e4 takaa luotettavuuden erilaisissa ymp\u00e4rist\u00f6iss\u00e4.<\/span><\/p><p><span style=\"color: #000000;\"><strong>Varastointiolosuhteet<\/strong><\/span><br \/><span style=\"color: #000000;\">Optimaalisen suorituskyvyn takaamiseksi n\u00e4m\u00e4 tunnisteet tulee s\u00e4ilytt\u00e4\u00e4 ymp\u00e4rist\u00f6iss\u00e4, joiden suhteellinen kosteus on v\u00e4lill\u00e4 20% - 90%.<img fetchpriority=\"high\" decoding=\"async\" class=\"alignnone size-full wp-image-1763\" src=\"https:\/\/rfid-laundry-tag.com\/wp-content\/uploads\/2024\/09\/5_He7ba546c53fb4397bb6067c599476c9cN.jpg\" alt=\"\" width=\"720\" height=\"720\" srcset=\"https:\/\/rfid-laundry-tag.com\/wp-content\/uploads\/2024\/09\/5_He7ba546c53fb4397bb6067c599476c9cN.jpg 720w, https:\/\/rfid-laundry-tag.com\/wp-content\/uploads\/2024\/09\/5_He7ba546c53fb4397bb6067c599476c9cN-300x300.jpg 300w, https:\/\/rfid-laundry-tag.com\/wp-content\/uploads\/2024\/09\/5_He7ba546c53fb4397bb6067c599476c9cN-150x150.jpg 150w, https:\/\/rfid-laundry-tag.com\/wp-content\/uploads\/2024\/09\/5_He7ba546c53fb4397bb6067c599476c9cN-12x12.jpg 12w, https:\/\/rfid-laundry-tag.com\/wp-content\/uploads\/2024\/09\/5_He7ba546c53fb4397bb6067c599476c9cN-600x600.jpg 600w, https:\/\/rfid-laundry-tag.com\/wp-content\/uploads\/2024\/09\/5_He7ba546c53fb4397bb6067c599476c9cN-100x100.jpg 100w\" sizes=\"(max-width: 720px) 100vw, 720px\" \/><\/span><\/p><p><span style=\"color: #000000;\"><strong>Lis\u00e4ominaisuudet<\/strong><\/span><\/p><ol><li><p><span style=\"color: #000000;\"><strong>K\u00e4ytt\u00e4j\u00e4n konfiguroitavuus<\/strong>: Joustavan muistirakenteen ansiosta k\u00e4ytt\u00e4j\u00e4t voivat m\u00e4\u00e4ritt\u00e4\u00e4 RFID-tunnisteen muistin, mik\u00e4 mahdollistaa r\u00e4\u00e4t\u00e4l\u00f6ityjen sovellusten, kuten henkil\u00f6kohtaisen asiakastietojen ker\u00e4\u00e4misen tai varaston seurannan.<\/span><\/p><\/li><li><p><span style=\"color: #000000;\"><strong>Kest\u00e4vyys ja kest\u00e4vyys<\/strong>: N\u00e4m\u00e4 tunnisteet on suunniteltu kest\u00e4m\u00e4\u00e4n ymp\u00e4rist\u00f6haasteita ja varmistamaan pitk\u00e4kestoisen suorituskyvyn l\u00e4mp\u00f6tilan ja kosteuden muutoksille altistumisesta huolimatta.<\/span><\/p><\/li><li><p><span style=\"color: #000000;\"><strong>Kehittyneet turvatoimenpiteet<\/strong>: Tunnisteet sis\u00e4lt\u00e4v\u00e4t edistyneit\u00e4 suojausprotokollia, jotka suojaavat niiden sis\u00e4lt\u00e4mi\u00e4 tietoja, joten ne ovat ihanteellisia sovelluksiin, jotka vaativat korkeaa turvatoimia, kuten rahoitustapahtumia tai kulunvalvontaj\u00e4rjestelmi\u00e4.<\/span><\/p><\/li><\/ol>\t\t\t\t\t\t\t\t<\/div>\n\t\t\t\t<\/div>\n\t\t\t\t\t<\/div>\n\t\t\t\t<\/div>\n\t\t\t\t<\/div>","protected":false},"excerpt":{"rendered":"<p>Tutustu monipuoliseen ISO18000-6C UHF RFID -tunnisteeseen tehokkaaseen tunnistamiseen ja seurantaan kuljetuksessa, omaisuudenhallinnassa ja kulunvalvontasovelluksissa.<\/p>","protected":false},"featured_media":1756,"template":"","meta":{"_kad_post_transparent":"default","_kad_post_title":"","_kad_post_layout":"default","_kad_post_sidebar_id":"","_kad_post_content_style":"default","_kad_post_vertical_padding":"default","_kad_post_feature":"","_kad_post_feature_position":"","_kad_post_header":false,"_kad_post_footer":false,"_kad_post_classname":""},"product_brand":[],"product_cat":[54],"product_tag":[265,264,98],"class_list":{"0":"post-1755","1":"product","2":"type-product","3":"status-publish","4":"has-post-thumbnail","6":"product_cat-hot-selling-rfid-tags","7":"product_tag-iso18000-6c-uhf-rfid-tags","8":"product_tag-iso18000-6c-uhf-rfid-tags-labels","9":"product_tag-uhf-rfid-label","11":"first","12":"instock","13":"shipping-taxable","14":"product-type-simple","15":"entry","16":"content-bg","17":"loop-entry"},"_links":{"self":[{"href":"https:\/\/rfid-laundry-tag.com\/fi\/wp-json\/wp\/v2\/product\/1755","targetHints":{"allow":["GET"]}}],"collection":[{"href":"https:\/\/rfid-laundry-tag.com\/fi\/wp-json\/wp\/v2\/product"}],"about":[{"href":"https:\/\/rfid-laundry-tag.com\/fi\/wp-json\/wp\/v2\/types\/product"}],"version-history":[{"count":5,"href":"https:\/\/rfid-laundry-tag.com\/fi\/wp-json\/wp\/v2\/product\/1755\/revisions"}],"predecessor-version":[{"id":1769,"href":"https:\/\/rfid-laundry-tag.com\/fi\/wp-json\/wp\/v2\/product\/1755\/revisions\/1769"}],"wp:featuredmedia":[{"embeddable":true,"href":"https:\/\/rfid-laundry-tag.com\/fi\/wp-json\/wp\/v2\/media\/1756"}],"wp:attachment":[{"href":"https:\/\/rfid-laundry-tag.com\/fi\/wp-json\/wp\/v2\/media?parent=1755"}],"wp:term":[{"taxonomy":"product_brand","embeddable":true,"href":"https:\/\/rfid-laundry-tag.com\/fi\/wp-json\/wp\/v2\/product_brand?post=1755"},{"taxonomy":"product_cat","embeddable":true,"href":"https:\/\/rfid-laundry-tag.com\/fi\/wp-json\/wp\/v2\/product_cat?post=1755"},{"taxonomy":"product_tag","embeddable":true,"href":"https:\/\/rfid-laundry-tag.com\/fi\/wp-json\/wp\/v2\/product_tag?post=1755"}],"curies":[{"name":"wp","href":"https:\/\/api.w.org\/{rel}","templated":true}]}}