{"id":174,"date":"2024-06-15T14:22:35","date_gmt":"2024-06-15T14:22:35","guid":{"rendered":"https:\/\/rfid-laundry-tag.com\/?post_type=product&#038;p=174"},"modified":"2024-09-08T04:17:08","modified_gmt":"2024-09-08T04:17:08","slug":"waterproof-rfid-washing-button-pps","status":"publish","type":"product","link":"https:\/\/rfid-laundry-tag.com\/fi\/waterproof-rfid-washing-button-pps\/","title":{"rendered":"Vedenpit\u00e4v\u00e4 RFID-pesupainike-PPS"},"content":{"rendered":"<div class=\"J_module\">\n<div class=\"ife-detail-decorate-table\">\n<table class=\"has-title all magic-6\">\n<tbody>\n<tr>\n<td colspan=\"1\" rowspan=\"1\">\n<div class=\"magic-7\" data-spm-anchor-id=\"a2700.details.0.i45.77607d98vZbcDU\"><span class=\"magic-8\" style=\"color: #363535;\">Tuotteen nimi<\/span><\/div>\n<\/td>\n<td colspan=\"1\" rowspan=\"1\">\n<div class=\"magic-9\">Vedenpit\u00e4v\u00e4 RFID-pesupainike-PPS<\/div>\n<\/td>\n<\/tr>\n<tr>\n<td colspan=\"1\" rowspan=\"1\">\n<div class=\"magic-7\"><span class=\"magic-10\" data-spm-anchor-id=\"a2700.pc-decorate.0.i10.28d333330XLbTD\"><span class=\"magic-8\">Materiaali<\/span><\/span><\/div>\n<\/td>\n<td colspan=\"1\" rowspan=\"1\">\n<div class=\"magic-9\"><span class=\"magic-8\">PPS<\/span><\/div>\n<\/td>\n<\/tr>\n<tr>\n<td colspan=\"1\" rowspan=\"1\">\n<div class=\"magic-7\"><span class=\"magic-8\">V\u00e4ri<\/span><\/div>\n<\/td>\n<td colspan=\"1\" rowspan=\"1\">\n<div class=\"magic-9\"><span class=\"magic-8\">Musta<\/span><\/div>\n<\/td>\n<\/tr>\n<tr>\n<td colspan=\"1\" rowspan=\"1\">MOQ<\/td>\n<td colspan=\"1\" rowspan=\"1\">500 kpl<\/td>\n<\/tr>\n<tr>\n<td colspan=\"1\" rowspan=\"1\">\n<div class=\"magic-7\"><span class=\"magic-8\">Valmistaja\/siru<\/span><\/div>\n<\/td>\n<td colspan=\"1\" rowspan=\"1\">\n<div class=\"magic-9\"><span class=\"magic-8\">NXP UCODE 8, UCODE 9\/NTAG213, Mifare 1k\/EM4200, EM4305, T5577.TK4100 jne.<\/span><\/div>\n<\/td>\n<\/tr>\n<tr>\n<td colspan=\"1\" rowspan=\"1\">\n<div class=\"magic-7\"><span class=\"magic-8\">Taajuus<\/span><\/div>\n<\/td>\n<td colspan=\"1\" rowspan=\"1\">\n<div class=\"magic-9\"><span class=\"magic-8\">860-960MHz\/13,56MHz\/125Khz<\/span><\/div>\n<\/td>\n<\/tr>\n<tr>\n<td colspan=\"1\" rowspan=\"1\">\n<div class=\"magic-7\"><span class=\"magic-8\">Muisti<\/span><\/div>\n<\/td>\n<td colspan=\"1\" rowspan=\"1\">\n<div class=\"magic-9\"><span class=\"magic-8\">96 bitti\u00e4\/128 bitti\u00e4\/144 tavua<\/span><\/div>\n<\/td>\n<\/tr>\n<tr>\n<td colspan=\"1\" rowspan=\"1\">\n<div class=\"magic-7\"><span class=\"magic-8\">Lue Et\u00e4isyys<\/span><\/div>\n<\/td>\n<td colspan=\"1\" rowspan=\"1\">\n<div class=\"magic-9\"><span class=\"magic-8\">1-6m\/1-5cm\/1-2cm<\/span><\/div>\n<\/td>\n<\/tr>\n<tr>\n<td colspan=\"1\" rowspan=\"1\">\n<div class=\"magic-7\"><span class=\"magic-8\">Ty\u00f6tila<\/span><\/div>\n<\/td>\n<td colspan=\"1\" rowspan=\"1\">\n<div class=\"magic-9\"><span class=\"magic-8\">passiivinen<\/span><\/div>\n<\/td>\n<\/tr>\n<tr>\n<td colspan=\"1\" rowspan=\"1\">\n<div class=\"magic-7\"><span class=\"magic-8\">Ty\u00f6skentelyl\u00e4mp\u00f6tila<\/span><\/div>\n<\/td>\n<td colspan=\"1\" rowspan=\"1\">\n<div class=\"magic-9\"><span class=\"magic-8\">-25 \u2103 ~ +110 \u2103<\/span><\/div>\n<\/td>\n<\/tr>\n<tr>\n<td colspan=\"1\" rowspan=\"1\">\n<div class=\"magic-7\"><span class=\"magic-8\">S\u00e4ilytysl\u00e4mp\u00f6tila<\/span><\/div>\n<\/td>\n<td colspan=\"1\" rowspan=\"1\">\n<div class=\"magic-9\"><span class=\"magic-8\">-40 \u2103 ~ +85 \u2103<\/span><\/div>\n<\/td>\n<\/tr>\n<tr>\n<td colspan=\"1\" rowspan=\"1\">\n<div class=\"magic-7\">\n<div><span class=\"magic-8\">\u00a0<\/span><\/div>\n<p><span class=\"magic-8\">Lyhytaikainen l\u00e4mm\u00f6nkest\u00e4vyys<\/span><\/p>\n<\/div>\n<\/td>\n<td colspan=\"1\" rowspan=\"1\">\n<div class=\"magic-9\"><span class=\"magic-8\">pesu: 90 \u2103, 15 minuuttia; muuntimen esikuivaus: 180 \u2103, 30 minuuttia, 200 kertaa; silitys: 180 \u2103, 10 sekuntia, 200 kertaa; korkea<br \/>\nl\u00e4mp\u00f6tilasterilointi: 135 \u2103, 20 minuuttia<\/span><\/div>\n<\/td>\n<\/tr>\n<tr>\n<td colspan=\"1\" rowspan=\"1\">\n<div class=\"magic-7\"><span class=\"magic-8\">ominaisuudet<\/span><\/div>\n<\/td>\n<td colspan=\"1\" rowspan=\"1\">\n<div class=\"magic-9\"><span class=\"magic-8\">vedenpit\u00e4v\u00e4, pest\u00e4v\u00e4, korkeita l\u00e4mp\u00f6tiloja kest\u00e4v\u00e4<\/span><\/div>\n<\/td>\n<\/tr>\n<tr>\n<td colspan=\"1\" rowspan=\"1\">\n<div class=\"magic-7\"><span class=\"magic-8\">El\u00e4m\u00e4<\/span><\/div>\n<\/td>\n<td colspan=\"1\" rowspan=\"1\">\n<div class=\"magic-9\"><span class=\"magic-8\">pesu 200 kertaa tai 3 vuotta<\/span><\/div>\n<\/td>\n<\/tr>\n<tr>\n<td colspan=\"1\" rowspan=\"1\">\n<div class=\"magic-7\"><span class=\"magic-8\">Sovellukset<\/span><\/div>\n<\/td>\n<td colspan=\"1\" rowspan=\"1\">\n<div class=\"magic-9\"><span class=\"magic-8\">pyykin hallinta ja seuranta<\/span><\/div>\n<\/td>\n<\/tr>\n<\/tbody>\n<\/table>\n<\/div>\n<\/div>\n<div class=\"J_module\">\n<div class=\"detail-decorate-json-renderer-container\">\n<div class=\"magic-1\">\n<div>\n<div><\/div>\n<div class=\"auto-hide-last-sibling-br paragraph_1252f paragraph-element\">\n<div class=\"auto-hide-last-sibling-br paragraph_1252f paragraph-element\"><strong>Vesitiiviin RFID-pesupainikkeen t\u00e4rkeimm\u00e4t ominaisuudet:<\/strong><\/div>\n<p>&nbsp;<\/p>\n<ol class=\"auto-hide-last-sibling-br\">\n<li>\n<div class=\"auto-hide-last-sibling-br paragraph_1252f paragraph-element\">Vedenpit\u00e4v\u00e4: Se varmistaa, ett\u00e4 tunnisteen toimivuus ei vaarannu joutuessaan alttiiksi vedelle, mik\u00e4 tekee siit\u00e4 luotettavan kosteissa olosuhteissa.<\/div>\n<\/li>\n<li>\n<div class=\"auto-hide-last-sibling-br paragraph_1252f paragraph-element\">Suunniteltu ankariin ymp\u00e4rist\u00f6ihin: Tunniste on kest\u00e4v\u00e4sti rakennettu kest\u00e4m\u00e4\u00e4n ja toimimaan tehokkaasti ep\u00e4suotuisissa olosuhteissa.<\/div>\n<\/li>\n<li>\n<div class=\"auto-hide-last-sibling-br paragraph_1252f paragraph-element\">Kaksinkertaiset ruiskuvalutekniikat: T\u00e4m\u00e4 valmistusprosessi parantaa etiketin lujuutta ja kest\u00e4vyytt\u00e4, jolloin se kest\u00e4\u00e4 kovaa k\u00e4sittely\u00e4.<\/div>\n<\/li>\n<li>\n<div class=\"auto-hide-last-sibling-br paragraph_1252f paragraph-element\">Tunnisteiden samanaikainen tunnistus: T\u00e4m\u00e4n ominaisuuden avulla j\u00e4rjestelm\u00e4 voi tunnistaa useita tunnisteita kerralla, mik\u00e4 lis\u00e4\u00e4 tehokkuutta ja nopeutta.<\/div>\n<\/li>\n<li>\n<div class=\"auto-hide-last-sibling-br paragraph_1252f paragraph-element\">Poikkeuksellinen kest\u00e4vyys: Tunniste toimii poikkeuksellisen hyvin erilaisissa olosuhteissa ja kest\u00e4\u00e4 \u00e4\u00e4rimm\u00e4isi\u00e4 l\u00e4mp\u00f6tiloja, \u00f6ljyj\u00e4 ja kemiallisia liuoksia.<\/div>\n<\/li>\n<li>\n<div class=\"auto-hide-last-sibling-br paragraph_1252f paragraph-element\">Monipuoliset kokovaihtoehdot: Tunnistetta on eri kokoisina, mik\u00e4 tarjoaa joustavuutta optimaalisen koon valitsemiseen, mik\u00e4 helpottaa saumatonta integrointia erilaisiin sovelluksiin.<\/div>\n<\/li>\n<\/ol>\n<\/div>\n<\/div>\n<p><strong>Siruvaihtoehdot:<\/strong><\/p>\n<ul>\n<li><strong>NXP UCODE 8\/9:<\/strong>\u00a0Kustannustehokkaat sirut, jotka ovat ihanteellisia perusseurantaan ja tunnistamiseen, tarjoavat jopa 10 metrin lukuet\u00e4isyyden.<\/li>\n<li><strong>NTAG213:<\/strong>\u00a0NFC-yhteensopiva siru, joka mahdollistaa viestinn\u00e4n \u00e4lypuhelimien ja muiden NFC-laitteiden kanssa, sopii erinomaisesti sovelluksiin, kuten l\u00e4himaksuihin tai tuotetietojen k\u00e4ytt\u00f6\u00f6n.<\/li>\n<li><strong>Mifare 1k:<\/strong>\u00a0Suojattu siru vahvoilla salaus- ja todennusominaisuuksilla, joka sopii kulunvalvontaan ja suojattuun tietojen tallennukseen.<\/li>\n<li><strong>EM4305:<\/strong>\u00a0Edullinen siru peruskulunvalvontasovelluksiin, joiden lukuet\u00e4isyys on jopa 1 metri.<\/li>\n<li><strong>T5577:<\/strong>\u00a0Toinen edullinen siru kulunvalvonta- ja lippuj\u00e4rjestelmiin, joka tarjoaa jopa 1 metrin lukuet\u00e4isyyden.<\/li>\n<\/ul>\n<div class=\"magic-2\">\n<div class=\"auto-hide-last-sibling-br paragraph_1252f paragraph-element\">\n<div class=\"auto-hide-last-sibling-br paragraph_1252f paragraph-element\"><strong>Sovellukset:<\/strong><\/div>\n<ol class=\"auto-hide-last-sibling-br\">\n<li>\n<div class=\"auto-hide-last-sibling-br paragraph_1252f paragraph-element\">Teolliset pesulat: Teollisessa ymp\u00e4rist\u00f6ss\u00e4 suurten liinavaatteiden j\u00e4ljitt\u00e4minen on helppoa RFID-pesutunnistepainikkeiden avulla.<\/div>\n<\/li>\n<li>\n<div class=\"auto-hide-last-sibling-br paragraph_1252f paragraph-element\">Terveydenhuoltolaitokset ja hotellit: T\u00e4llaiset laitokset hoitavat usein suuria m\u00e4\u00e4ri\u00e4 pesulatoimintoja, joissa tunnisteet parantavat jatkuvasti tehokkuutta ja virtaviivaistavat varastonhallintaa.<\/div>\n<\/li>\n<li>\n<div class=\"auto-hide-last-sibling-br paragraph_1252f paragraph-element\">Liinavaatteiden vuokraus: Liinavaatteiden vuokrauspalvelualan yritykset hy\u00f6dynt\u00e4v\u00e4t n\u00e4it\u00e4 tunnisteita yksinkertaistaakseen varastonhallintaa ja yll\u00e4pit\u00e4\u00e4kseen laadunvalvontaa.<\/div>\n<\/li>\n<\/ol>\n<div class=\"auto-hide-last-sibling-br paragraph_1252f paragraph-element\">\n<p>&nbsp;<\/p>\n<\/div>\n<\/div>\n<div class=\"auto-hide-last-sibling-br paragraph_1252f paragraph-element\"><\/div>\n<\/div>\n<\/div>\n<\/div>\n<\/div>","protected":false},"excerpt":{"rendered":"<p>Vedenpit\u00e4v\u00e4 RFID-pesupainike, PPS RFID -painiketunniste hallitsee yleisimp\u00e4n\u00e4 valintana sen kompaktin, nappimaisen muodon ansiosta. T\u00e4m\u00e4 kaksoisruiskuvalustrategialla valmistettu tunniste on suunniteltu menestym\u00e4\u00e4n vaikeissa pyykinpesutilanteissa, mukaan lukien puristuskoneet, kuivapesuaineet ja silitysprosessit. Sen p\u00f6yt\u00e4\u00e4n tuoma mukautumiskyky ja kest\u00e4vyys ovat ominaisuuksia, jotka erottavat sen muista pyykinhallinnan ja varaston seurannan alalla. T\u00e4m\u00e4n tunnisteen tunnustus perustuu sen mukavuuteen, lujuuteen ja kest\u00e4vyyteen \u00e4\u00e4rimm\u00e4isi\u00e4 olosuhteita vastaan.<\/p>","protected":false},"featured_media":175,"template":"","meta":{"_kad_post_transparent":"default","_kad_post_title":"","_kad_post_layout":"default","_kad_post_sidebar_id":"","_kad_post_content_style":"default","_kad_post_vertical_padding":"default","_kad_post_feature":"","_kad_post_feature_position":"","_kad_post_header":false,"_kad_post_footer":false,"_kad_post_classname":""},"product_brand":[],"product_cat":[21,18,17,16],"product_tag":[43,35,44,80],"class_list":{"0":"post-174","1":"product","2":"type-product","3":"status-publish","4":"has-post-thumbnail","6":"product_cat-pps-rfid-laundry-tag","7":"product_cat-125khz-rfid-laundry-tag","8":"product_cat-nfc-rfid-laundry-tag","9":"product_cat-uhf-rfid-laundry-tags","10":"product_tag-pps-rfid-washable-laundry-tags","11":"product_tag-rfid-button","12":"product_tag-rfid-washable-laundry-tags","13":"product_tag-rfid-washing-button","15":"first","16":"instock","17":"featured","18":"shipping-taxable","19":"product-type-simple","20":"entry","21":"content-bg","22":"loop-entry"},"_links":{"self":[{"href":"https:\/\/rfid-laundry-tag.com\/fi\/wp-json\/wp\/v2\/product\/174","targetHints":{"allow":["GET"]}}],"collection":[{"href":"https:\/\/rfid-laundry-tag.com\/fi\/wp-json\/wp\/v2\/product"}],"about":[{"href":"https:\/\/rfid-laundry-tag.com\/fi\/wp-json\/wp\/v2\/types\/product"}],"version-history":[{"count":1,"href":"https:\/\/rfid-laundry-tag.com\/fi\/wp-json\/wp\/v2\/product\/174\/revisions"}],"predecessor-version":[{"id":1916,"href":"https:\/\/rfid-laundry-tag.com\/fi\/wp-json\/wp\/v2\/product\/174\/revisions\/1916"}],"wp:featuredmedia":[{"embeddable":true,"href":"https:\/\/rfid-laundry-tag.com\/fi\/wp-json\/wp\/v2\/media\/175"}],"wp:attachment":[{"href":"https:\/\/rfid-laundry-tag.com\/fi\/wp-json\/wp\/v2\/media?parent=174"}],"wp:term":[{"taxonomy":"product_brand","embeddable":true,"href":"https:\/\/rfid-laundry-tag.com\/fi\/wp-json\/wp\/v2\/product_brand?post=174"},{"taxonomy":"product_cat","embeddable":true,"href":"https:\/\/rfid-laundry-tag.com\/fi\/wp-json\/wp\/v2\/product_cat?post=174"},{"taxonomy":"product_tag","embeddable":true,"href":"https:\/\/rfid-laundry-tag.com\/fi\/wp-json\/wp\/v2\/product_tag?post=174"}],"curies":[{"name":"wp","href":"https:\/\/api.w.org\/{rel}","templated":true}]}}