{"id":171,"date":"2024-06-15T13:49:12","date_gmt":"2024-06-15T13:49:12","guid":{"rendered":"https:\/\/rfid-laundry-tag.com\/?post_type=product&#038;p=171"},"modified":"2024-06-15T14:14:22","modified_gmt":"2024-06-15T14:14:22","slug":"uhf-rfid-silicone-washing-labels","status":"publish","type":"product","link":"https:\/\/rfid-laundry-tag.com\/fi\/uhf-rfid-silicone-washing-labels\/","title":{"rendered":"UHF RFID silikonipesutarrat"},"content":{"rendered":"<table style=\"border-collapse: collapse; width: 711px; height: 751px;\" border=\"0\" width=\"537\" cellspacing=\"0\" cellpadding=\"0\">\n<tbody>\n<tr style=\"height: 14.40pt;\">\n<td class=\"et2\" style=\"height: 14.40pt; width: 136.80pt;\" width=\"228\" height=\"24\">Materiaali<\/td>\n<td class=\"et2\" style=\"width: 185.40pt;\" width=\"309\">Silikoni<\/td>\n<\/tr>\n<tr style=\"height: 14.40pt;\">\n<td class=\"et3\" style=\"height: 14.40pt; width: 136.80pt;\" width=\"228\" height=\"24\">Koko<\/td>\n<td class=\"et3\" style=\"width: 185.40pt;\" width=\"309\">55x12mm, 56x20mm, 85x27mm<\/td>\n<\/tr>\n<tr style=\"height: 14.40pt;\">\n<td class=\"et3\" style=\"height: 14.40pt; width: 136.80pt;\" width=\"228\" height=\"24\">Taajuus<\/td>\n<td class=\"et3\" style=\"width: 185.40pt;\" width=\"309\">860-960 MHz<\/td>\n<\/tr>\n<tr style=\"height: 27.60pt;\">\n<td class=\"et3\" style=\"height: 27.60pt; width: 136.80pt;\" width=\"228\" height=\"46\">IC-tyyppi (siru)<\/td>\n<td class=\"et3\" style=\"width: 185.40pt;\" width=\"309\">U7\/U8 (Alien H3 ja Impinj Monza R6 ovat saatavilla)<\/td>\n<\/tr>\n<tr style=\"height: 27.60pt;\">\n<td class=\"et3\" style=\"height: 27.60pt; width: 136.80pt;\" width=\"228\" height=\"46\">p\u00f6yt\u00e4kirja<\/td>\n<td class=\"et3\" style=\"width: 185.40pt;\" width=\"309\">EPC Global Class 1 Gen2 &amp; ISO18000-6C<\/td>\n<\/tr>\n<tr style=\"height: 14.40pt;\">\n<td class=\"et3\" style=\"height: 14.40pt; width: 136.80pt;\" width=\"228\" height=\"24\">Muisti<\/td>\n<td class=\"et3\" style=\"width: 185.40pt;\" width=\"309\">128 bitti\u00e4<\/td>\n<\/tr>\n<tr style=\"height: 14.40pt;\">\n<td class=\"et3\" style=\"height: 14.40pt; width: 136.80pt;\" width=\"228\" height=\"24\">Tunnisteen muototekij\u00e4<\/td>\n<td class=\"et3\" style=\"width: 185.40pt;\" width=\"309\">Joustava<\/td>\n<\/tr>\n<tr style=\"height: 14.40pt;\">\n<td class=\"et3\" style=\"height: 14.40pt; width: 136.80pt;\" width=\"228\" height=\"24\">T\u00f6rm\u00e4yksenesto<\/td>\n<td class=\"et3\" style=\"width: 185.40pt;\" width=\"309\">Joo<\/td>\n<\/tr>\n<tr style=\"height: 14.40pt;\">\n<td class=\"et3\" style=\"height: 14.40pt; width: 136.80pt;\" width=\"228\" height=\"24\">K\u00e4ytt\u00f6l\u00e4mp\u00f6tila<\/td>\n<td class=\"et3\" style=\"width: 185.40pt;\" width=\"309\">-25 \u00b0C \/ +200 \u00b0C<\/td>\n<\/tr>\n<tr style=\"height: 14.40pt;\">\n<td class=\"et3\" style=\"height: 14.40pt; width: 136.80pt;\" width=\"228\" height=\"24\">Lue Et\u00e4isyys<\/td>\n<td class=\"et3\" style=\"width: 185.40pt;\" width=\"309\">1-7 m<\/td>\n<\/tr>\n<tr style=\"height: 14.40pt;\">\n<td class=\"et3\" style=\"height: 14.40pt; width: 136.80pt;\" width=\"228\" height=\"24\">Liitteet kohteeseen<\/td>\n<td class=\"et3\" style=\"width: 185.40pt;\" width=\"309\">Liinavaatteet ja vaatteet<\/td>\n<\/tr>\n<tr style=\"height: 14.40pt;\">\n<td class=\"et3\" style=\"height: 14.40pt; width: 136.80pt;\" width=\"228\" height=\"24\">IP-luokitus<\/td>\n<td class=\"et3\" style=\"width: 185.40pt;\" width=\"309\">IP68<\/td>\n<\/tr>\n<tr style=\"height: 14.40pt;\">\n<td class=\"et3\" style=\"height: 14.40pt; width: 136.80pt;\" width=\"228\" height=\"24\">V\u00e4ri<\/td>\n<td class=\"et3\" style=\"width: 185.40pt;\" width=\"309\">Valkoinen\/sininen tai r\u00e4\u00e4t\u00e4l\u00f6ity<\/td>\n<\/tr>\n<tr style=\"height: 17.40pt;\">\n<td class=\"et4\" style=\"height: 17.40pt; width: 322.20pt;\" colspan=\"2\" width=\"537\" height=\"29\">Pesu<\/td>\n<\/tr>\n<tr style=\"height: 27.60pt;\">\n<td class=\"et3\" style=\"height: 27.60pt; width: 136.80pt;\" width=\"228\" height=\"46\">Kest\u00e4\u00e4 altistumista<\/td>\n<td class=\"et3\" style=\"width: 185.40pt;\" width=\"309\">vesi ja kaikki kaupallisessa pesussa ja kuivapesussa yleiset kemikaalit<\/td>\n<\/tr>\n<tr style=\"height: 14.40pt;\">\n<td class=\"et3\" style=\"height: 14.40pt; width: 136.80pt;\" width=\"228\" height=\"24\">Pesujaksot<\/td>\n<td class=\"et3\" style=\"width: 185.40pt;\" width=\"309\">Jopa 200 kaupallista pesukertaa<\/td>\n<\/tr>\n<tr style=\"height: 27.60pt;\">\n<td class=\"et3\" style=\"height: 27.60pt; width: 136.80pt;\" width=\"228\" height=\"46\">Pesu<\/td>\n<td class=\"et3\" style=\"width: 185.40pt;\" width=\"309\">150 \u00baC 15-20 minuuttia \u2013 150 jaksoa<\/td>\n<\/tr>\n<tr style=\"height: 27.60pt;\">\n<td class=\"et3\" style=\"height: 27.60pt; width: 136.80pt;\" width=\"228\" height=\"46\">Kuivaus<\/td>\n<td class=\"et3\" style=\"width: 185.40pt;\" width=\"309\">95\u00b0C (jopa 60 min.), 130\u00b0C (jopa 30 min.)<\/td>\n<\/tr>\n<tr style=\"height: 14.40pt;\">\n<td class=\"et3\" style=\"height: 14.40pt; width: 136.80pt;\" width=\"228\" height=\"24\">Tunnelin viimeistelylaite<\/td>\n<td class=\"et3\" style=\"width: 185.40pt;\" width=\"309\">200\u00b0C 30 min<\/td>\n<\/tr>\n<tr style=\"height: 14.40pt;\">\n<td class=\"et3\" style=\"height: 14.40pt; width: 136.80pt;\" width=\"228\" height=\"24\">Silitys<\/td>\n<td class=\"et3\" style=\"width: 185.40pt;\" width=\"309\">250\u00b0C (jopa 60 sekuntia)<\/td>\n<\/tr>\n<\/tbody>\n<\/table>\n<div><\/div>\n<div><\/div>\n<div class=\"auto-hide-last-sibling-br paragraph_1252f paragraph-element\"><strong>UHF RFID -silikonipesutarrat tarjoavat seuraavat keskeiset ominaisuudet:<\/strong><\/div>\n<ol class=\"auto-hide-last-sibling-br\">\n<li>\n<div class=\"auto-hide-last-sibling-br paragraph_1252f paragraph-element\">Ohut, pehme\u00e4 ja joustava: Sen kevyt ja muokattava muotoilu takaa mukavan istuvuuden mihin tahansa tekstiilimateriaaliin.<\/div>\n<\/li>\n<li>\n<div class=\"auto-hide-last-sibling-br paragraph_1252f paragraph-element\">Kimmoisa: Tunnisteet ovat vedenpit\u00e4vi\u00e4 ja kemiallisia liuoksia kest\u00e4vi\u00e4, mik\u00e4 varmistaa, ett\u00e4 ne s\u00e4ilytt\u00e4v\u00e4t toimintakykyns\u00e4 riippumatta ymp\u00e4rist\u00f6st\u00e4, jolle ne altistuvat.<\/div>\n<\/li>\n<li>\n<div class=\"auto-hide-last-sibling-br paragraph_1252f paragraph-element\">Pitk\u00e4ik\u00e4inen: Tarjoaa kest\u00e4vyytt\u00e4 jopa 200 pesu-, kuivaus-, puhdistus- ja silitysjaksolle, mik\u00e4 takaa tasaisen suorituskyvyn.<\/div>\n<\/li>\n<li>\n<div class=\"auto-hide-last-sibling-br paragraph_1252f paragraph-element\">Poikkeuksellinen kest\u00e4vyys: Kest\u00e4\u00e4 korkeita l\u00e4mp\u00f6tiloja ja ankaria ymp\u00e4rist\u00f6j\u00e4. Taajuusalueella 860\u2013960 MHz toimiva RFID-pesutunniste on erityisesti suunniteltu kest\u00e4m\u00e4\u00e4n korkean paineen ja l\u00e4mp\u00f6tilan puhdistusprosesseja.<\/div>\n<\/li>\n<li>\n<div class=\"auto-hide-last-sibling-br paragraph_1252f paragraph-element\">Laaja k\u00e4ytt\u00f6kohde: Ihanteellinen k\u00e4ytett\u00e4v\u00e4ksi haastavissa olosuhteissa, jotka vaativat korkeaa l\u00e4mp\u00f6\u00e4, korroosiota ja kulutuskest\u00e4vyytt\u00e4, kuten pesutupa ja teollisuuspesu.<\/div>\n<\/li>\n<li>\n<div class=\"auto-hide-last-sibling-br paragraph_1252f paragraph-element\">Helppo integrointi: liitet\u00e4\u00e4n helposti erilaisiin tekstiileihin, mukaan lukien paitoja, ty\u00f6vaatteita, lakanoita ja muita tekstiilituotteita.<\/div>\n<\/li>\n<li>\n<div class=\"auto-hide-last-sibling-br paragraph_1252f paragraph-element\">Monipuoliset valinnat: Tarjoaa valikoiman RFID-pyykkitunnisteita, mukaan lukien RFID PPS -pesutunnisteet, RFID-silikonitunnisteet ja RFID-kankaiset pyykinpesutunnisteet.<\/div>\n<\/li>\n<li>\n<div class=\"auto-hide-last-sibling-br paragraph_1252f paragraph-element\">Laaja k\u00e4ytt\u00f6: K\u00e4ytet\u00e4\u00e4n laajasti vaatteiden v\u00e4hitt\u00e4iskaupassa, hotellilakanoissa, l\u00e4\u00e4ketieteellisess\u00e4 yhten\u00e4isess\u00e4 kemiallisessa pesussa ja teollisuuden pesula-aloilla.<\/div>\n<\/li>\n<li>\n<div class=\"auto-hide-last-sibling-br paragraph_1252f paragraph-element\">Tehokas hallinta: RFID-teknologialla on erinomainen suorituskyky tehokkaassa hallinnassa, varaston optimoinnissa ja inhimillisten virheiden v\u00e4hent\u00e4misess\u00e4 pesu- ja laskutusprosessien aikana.<\/div>\n<\/li>\n<\/ol>\n<div class=\"auto-hide-last-sibling-br paragraph_1252f paragraph-element\">Yhteenvetona voidaan todeta, ett\u00e4 n\u00e4m\u00e4 tunnisteet on r\u00e4\u00e4t\u00e4l\u00f6ity haastaviin pesuolosuhteisiin, ja ne tarjoavat kest\u00e4vyytt\u00e4, tehokkuutta ja laajan valikoiman sovelluksia. Ne tarjoavat \u00e4lykk\u00e4\u00e4n ratkaisun pyykkituotteiden tehokkaaseen hallintaan ja seurantaan eri aloilla.<\/div>\n<div><\/div>\n<p data-spm-anchor-id=\"a2700.details.0.i116.60201a70jOXdOd\"><strong>Sovellus:<\/strong><\/p>\n<ul>\n<li>Hotellien vuodevaatteet Seurannan hallinta<\/li>\n<li>Tehdas\/varasto\/hotelli\/sairaala\/huvipuisto<\/li>\n<li data-spm-anchor-id=\"a2700.details.0.i115.60201a70jOXdOd\"><span data-spm-anchor-id=\"a2700.details.0.i120.60201a70jOXdOd\">Sairaalan univormut<\/span><\/li>\n<li data-spm-anchor-id=\"a2700.details.0.i118.60201a70jOXdOd\">Liinavaatteet\/ Lavat\/ Kangaskassit<\/li>\n<li>Kuivapesukoneet<\/li>\n<li>K\u00e4yt\u00e4 hotellilakanassa\/ Kiinnitetty tekstiiliin\/ Ty\u00f6vaatteisiin.<\/li>\n<li>Vaatetehdas, kangastehdas.<\/li>\n<\/ul>\n<p>&nbsp;<\/p>","protected":false},"excerpt":{"rendered":"<p>UHF RFID -silikonipesutarrat ovat eksklusiivinen etikettisuunnittelu, joka kest\u00e4\u00e4 tiukkoja pesumenetelmi\u00e4. Ne sopivat erityisesti vaatteille ja tekstiileille, jotka puhdistetaan s\u00e4\u00e4nn\u00f6llisesti. N\u00e4m\u00e4 tarrat on valmistettu tukevasta silikonista, mik\u00e4 varmistaa niiden kest\u00e4vyyden. Lis\u00e4ksi niiss\u00e4 on UHF (Ultra High Frequency) RFID-siru, jolle voidaan ohjelmoida tarvittavat tiedot vaatteesta tai tekstiilist\u00e4. T\u00e4m\u00e4 tekee n\u00e4ist\u00e4 tarroista k\u00e4tev\u00e4n ja tehokkaan vaihtoehdon pyykkien hallintaan ja seurantaan.<\/p>","protected":false},"featured_media":173,"template":"","meta":{"_kad_post_transparent":"default","_kad_post_title":"","_kad_post_layout":"default","_kad_post_sidebar_id":"","_kad_post_content_style":"default","_kad_post_vertical_padding":"default","_kad_post_feature":"","_kad_post_feature_position":"","_kad_post_header":false,"_kad_post_footer":false,"_kad_post_classname":""},"product_brand":[],"product_cat":[20,16],"product_tag":[63,62,61,79],"class_list":{"0":"post-171","1":"product","2":"type-product","3":"status-publish","4":"has-post-thumbnail","6":"product_cat-silicone-rfid-laundry-tag","7":"product_cat-uhf-rfid-laundry-tags","8":"product_tag-rfid-washing-tag","9":"product_tag-silicone-rfid-laundry-tag","10":"product_tag-silicone-washable-rfid-laundry-tag","11":"product_tag-uhf-rfid-silicone-washing-labels","13":"first","14":"instock","15":"shipping-taxable","16":"product-type-simple","17":"entry","18":"content-bg","19":"loop-entry"},"_links":{"self":[{"href":"https:\/\/rfid-laundry-tag.com\/fi\/wp-json\/wp\/v2\/product\/171","targetHints":{"allow":["GET"]}}],"collection":[{"href":"https:\/\/rfid-laundry-tag.com\/fi\/wp-json\/wp\/v2\/product"}],"about":[{"href":"https:\/\/rfid-laundry-tag.com\/fi\/wp-json\/wp\/v2\/types\/product"}],"version-history":[{"count":0,"href":"https:\/\/rfid-laundry-tag.com\/fi\/wp-json\/wp\/v2\/product\/171\/revisions"}],"wp:featuredmedia":[{"embeddable":true,"href":"https:\/\/rfid-laundry-tag.com\/fi\/wp-json\/wp\/v2\/media\/173"}],"wp:attachment":[{"href":"https:\/\/rfid-laundry-tag.com\/fi\/wp-json\/wp\/v2\/media?parent=171"}],"wp:term":[{"taxonomy":"product_brand","embeddable":true,"href":"https:\/\/rfid-laundry-tag.com\/fi\/wp-json\/wp\/v2\/product_brand?post=171"},{"taxonomy":"product_cat","embeddable":true,"href":"https:\/\/rfid-laundry-tag.com\/fi\/wp-json\/wp\/v2\/product_cat?post=171"},{"taxonomy":"product_tag","embeddable":true,"href":"https:\/\/rfid-laundry-tag.com\/fi\/wp-json\/wp\/v2\/product_tag?post=171"}],"curies":[{"name":"wp","href":"https:\/\/api.w.org\/{rel}","templated":true}]}}