{"id":167,"date":"2024-06-15T13:14:42","date_gmt":"2024-06-15T13:14:42","guid":{"rendered":"https:\/\/rfid-laundry-tag.com\/?post_type=product&#038;p=167"},"modified":"2024-09-26T03:38:23","modified_gmt":"2024-09-26T03:38:23","slug":"textile-uhf-rfid-linen-tags","status":"publish","type":"product","link":"https:\/\/rfid-laundry-tag.com\/fi\/textile-uhf-rfid-linen-tags\/","title":{"rendered":"Tekstiili UHF RFID pellavatunnisteet"},"content":{"rendered":"<div>\n<div class=\"auto-hide-last-sibling-br paragraph_1252f paragraph-element\">\n<table width=\"637\">\n<tbody>\n<tr>\n<td width=\"328\">Tuotteen nimi:<\/td>\n<td width=\"309\"><strong>Tekstiili UHF RFID pellavatunnisteet<\/strong><\/td>\n<\/tr>\n<tr>\n<td width=\"328\">RFID-standardi:<\/td>\n<td width=\"309\">ISO\/IEC 18000-6 TypeC (EPC Gen2)<\/td>\n<\/tr>\n<tr>\n<td width=\"328\">Koko ja paino:<\/td>\n<td width=\"309\">70 \u00d7 15 mm, 0,6 g<\/td>\n<\/tr>\n<tr>\n<td width=\"328\">Sirun tyyppi:<\/td>\n<td width=\"309\">Impinj Monza 4QT,NXP U CODE 9<\/td>\n<\/tr>\n<tr>\n<td width=\"328\">EPC-muisti:<\/td>\n<td width=\"309\">128 bitti\u00e4<\/td>\n<\/tr>\n<tr>\n<td width=\"328\">K\u00e4ytt\u00e4j\u00e4n muisti:<\/td>\n<td width=\"309\">512 bitti\u00e4<\/td>\n<\/tr>\n<tr>\n<td width=\"328\">Lukualue (2W ERP FCC):<\/td>\n<td width=\"309\">8 m<\/td>\n<\/tr>\n<tr>\n<td width=\"328\">Lukualue (2W ERP ETSI):<\/td>\n<td width=\"309\">8 m<\/td>\n<\/tr>\n<tr>\n<td width=\"328\">Tunnisteet:<\/td>\n<td width=\"309\">Ompelu, kuumaleimausliima<\/td>\n<\/tr>\n<tr>\n<td width=\"328\">Arvioitu k\u00e4ytt\u00f6ik\u00e4:<\/td>\n<td width=\"309\">200 pesujaksoa tai 3 vuotta sen mukaan, kumpi tulee ensin<\/td>\n<\/tr>\n<tr>\n<td width=\"328\">Pesumenetelm\u00e4:<\/td>\n<td width=\"309\">Pesula, Kemiallinen pesu<\/td>\n<\/tr>\n<tr>\n<td width=\"328\">Vedenpoistopaine:<\/td>\n<td width=\"309\">60 bar<\/td>\n<\/tr>\n<tr>\n<td width=\"328\">Vedenkest\u00e4vyys:<\/td>\n<td width=\"309\">Vedenkest\u00e4v\u00e4<\/td>\n<\/tr>\n<tr>\n<td width=\"328\">Kemiallinen resistanssi:<\/td>\n<td width=\"309\">Pesuaine, huuhteluaine, valkaisuaine (happi\/kloori), alkali<\/td>\n<\/tr>\n<tr>\n<td width=\"328\">Esikuivaus Tumblerissa:<\/td>\n<td width=\"309\">125 \u00baC 15-20 minuuttia<\/td>\n<\/tr>\n<tr>\n<td width=\"328\">Sterilointil\u00e4mp\u00f6tila:<\/td>\n<td width=\"309\">135\u00b0C 15-20 minuuttia<\/td>\n<\/tr>\n<tr>\n<td width=\"328\">Pesul\u00e4mp\u00f6tila:<\/td>\n<td width=\"309\">90\u00b0C, jopa 15 min.<\/td>\n<\/tr>\n<tr>\n<td width=\"328\">Kosteus\/l\u00e4mp\u00f6tila-k\u00e4ytt\u00f6:<\/td>\n<td width=\"309\">-20 - 110 \u00b0C, 8 - 95%RH<\/td>\n<\/tr>\n<tr>\n<td width=\"328\">Kosteus\/l\u00e4mp\u00f6tila-varastointi:<\/td>\n<td width=\"309\">-40 - 110 \u00b0C, 8 - 95%RH<\/td>\n<\/tr>\n<\/tbody>\n<\/table>\n<\/div>\n<\/div>\n<div class=\"auto-hide-last-sibling-br paragraph_1252f paragraph-element\"><\/div>\n<div>\n<div class=\"auto-hide-last-sibling-br paragraph_1252f paragraph-element\">\n<h3>UHF RFID -pellavatunnisteiden t\u00e4rkeimm\u00e4t ominaisuudet<\/h3>\n<ul>\n<li><strong>Kest\u00e4vyys<\/strong>: Tunnisteet on valmistettu kest\u00e4m\u00e4\u00e4n teollisia pesuprosesseja. Ne kest\u00e4v\u00e4t \u00e4\u00e4rimm\u00e4isi\u00e4 l\u00e4mp\u00f6tiloja, pesuaineita ja kuivausolosuhteita, joten ne on suunniteltu kovaan k\u00e4ytt\u00f6\u00f6n.<\/li>\n<li><strong>Pest\u00e4v\u00e4 luonto<\/strong>: N\u00e4m\u00e4\u00a0<strong>pest\u00e4v\u00e4t RFID-tunnisteet<\/strong>\u00a0s\u00e4ilytt\u00e4\u00e4 eheytens\u00e4 my\u00f6s toistuvien pesujen j\u00e4lkeen, joten ne ovat ihanteellisia mihin tahansa tekstiilien hallintaj\u00e4rjestelm\u00e4\u00e4n. He voivat k\u00e4sitell\u00e4 jopa\u00a0<strong>200 pesukertaa<\/strong>\u00a0menett\u00e4m\u00e4tt\u00e4 toimivuutta.<\/li>\n<li><strong>Korkean suorituskyvyn RFID<\/strong>: Hy\u00f6dynnet\u00e4\u00e4n huippua\u00a0<strong>UHF-tekniikkaa<\/strong>, n\u00e4m\u00e4 tunnisteet tarjoavat vankan lukuet\u00e4isyyden, mik\u00e4 helpottaa tekstiilien tehokasta seurantaa ja hallintaa.<\/li>\n<\/ul>\n<\/div>\n<h3>RFID-pellavatunnisteiden t\u00e4rkeimm\u00e4t edut<\/h3>\n<p>Yksi tekstiilin merkitt\u00e4vimmist\u00e4 eduista\u00a0<strong>RFID pellavatunnisteet<\/strong>\u00a0on heid\u00e4n kykyns\u00e4 parantaa varastonhallinnan tarkkuutta. Automatisoimalla seurantaprosessin yritykset voivat merkitt\u00e4v\u00e4sti v\u00e4hent\u00e4\u00e4 kadonneiden tai v\u00e4\u00e4rin sijoitettujen tuotteiden riski\u00e4. Lis\u00e4ksi n\u00e4m\u00e4 tunnisteet parantavat omaisuuden n\u00e4kyvyytt\u00e4, jolloin pesulapalvelut voivat s\u00e4ilytt\u00e4\u00e4 toimintansa l\u00e4pin\u00e4kyvyyden.<\/p>\n<p>Toinen t\u00e4rke\u00e4 etu on kustannuss\u00e4\u00e4st\u00f6potentiaali. Automaattisen seurannan ansiosta manuaalisiin varastotarkistuksiin liittyv\u00e4t ty\u00f6kustannukset pienenev\u00e4t merkitt\u00e4v\u00e4sti. N\u00e4iden tunnisteiden pitk\u00e4n aikav\u00e4lin luotettavuus tuo my\u00f6s lis\u00e4arvoa, koska niit\u00e4 voidaan k\u00e4ytt\u00e4\u00e4 uudelleen useiden pesujaksojen aikana, mik\u00e4 varmistaa, ett\u00e4 yritykset maksimoivat investointinsa.<\/p>\n<\/div>\n<div class=\"auto-hide-last-sibling-br paragraph_1252f paragraph-element\">\n<div data-spm-anchor-id=\"a2700.details.0.i57.23b419c7xXORP0\">T\u00e4m\u00e4 vaikuttava kest\u00e4vyys takaa liinavaatteiden, vaatteiden ja muiden tekstiilituotteiden merkitt\u00e4vien seuranta- ja varastoominaisuuksien s\u00e4ilymisen koko elinkaaren ajan. Siten ne toimivat tehokkaana ja luotettavana ty\u00f6kaluna erilaisten kangastavaroiden saumattoman seurannan, oikea-aikaisen huollon ja tehokkaan varastonhallinnan varmistamiseksi erilaisissa ymp\u00e4rist\u00f6iss\u00e4, maksimoiden niiden elinkaaren ja helpottaen sujuvaa toimintaa.<\/div>\n<\/div>\n<div data-spm-anchor-id=\"a2700.details.0.i57.23b419c7xXORP0\">\n<h3>RFID-tunnisteiden kest\u00e4vyys ja pest\u00e4vyys<\/h3>\n<p>Kun on kyse\u00a0<strong>kest\u00e4vyys<\/strong>RFID-tunnisteilla on vankka rakenne, joka kest\u00e4\u00e4 kaupallisen pesun aiheuttamat haasteet. Ne kest\u00e4v\u00e4t korkeita l\u00e4mp\u00f6tiloja ja aggressiivista kemiallista altistumista, kuten valkaisuaineita ja huuhteluaineita, joten ne on optimoitu sek\u00e4 pesu- ett\u00e4 kuivausprosesseihin.<\/p>\n<p>The\u00a0<strong>pest\u00e4v\u00e4 luonne<\/strong>\u00a0N\u00e4iden tunnisteiden ansiosta ne voidaan integroida saumattomasti olemassa oleviin pyykkituotteisiin. T\u00e4m\u00e4 mukautumiskyky mahdollistaa helpon kiinnitt\u00e4misen vaatteisiin ja liinavaatteisiin ompelemalla tai liimaamalla, jolloin v\u00e4ltet\u00e4\u00e4n tekstiilituotteiden toiminnallisuuden tai ulkon\u00e4\u00f6n h\u00e4iriintyminen.<\/p>\n<\/div>\n<div data-spm-anchor-id=\"a2700.details.0.i57.23b419c7xXORP0\"><\/div>\n<h3 class=\"wp-block-heading\">Asennus<\/h3>\n<p><strong>Ommelmerkint\u00e4<\/strong>: Ommellaan tekstiilin helmaan. Ompele pyykkilappu pois taittoviivoista.<br \/>\n<strong>Kuumasaumaus<\/strong>: Kuumasaumattava suoraan tekstiilin p\u00e4\u00e4lle +200\u00b0C:ssa (392\u00b0F), 12-14 s.<br \/>\n<strong>Pussissa<\/strong>: Ommeltava kuten tavallinen hoitotarra. Ompele pyykkilappu pois taittoviivoista.<\/p>\n<div class=\"auto-hide-last-sibling-br paragraph_1252f paragraph-element\">\n<h2 class=\"auto-hide-last-sibling-br paragraph_1252f paragraph-element\"><strong>Kangastekstiilipest\u00e4v\u00e4n UHF RFID -pesutunnisteen k\u00e4ytt\u00f6tarkoitukset<\/strong><\/h2>\n<ol class=\"auto-hide-last-sibling-br\">\n<li>Industrial Laundry: Virtaviivaistaa yhten\u00e4isen pyykin puhdistusprosesseja ja jakelulogistiikkaa.<\/li>\n<li>Hospitality Sector: Parantaa hotellien kalusteiden ja pyyhkeiden pesuj\u00e4rjestelmien hallintaa.<\/li>\n<li>Terveydenhuoltoteollisuus: Apua sairaala- ja terveydenhuoltoasujen j\u00e4rjest\u00e4misess\u00e4 ja yll\u00e4pidossa.<\/li>\n<\/ol>\n<h3>Ymp\u00e4rist\u00f6n\u00e4k\u00f6kohdat<\/h3>\n<p>K\u00e4ytt\u00e4m\u00e4ll\u00e4\u00a0<strong>RFID pellavatunnisteet<\/strong>\u00a0edist\u00e4\u00e4 my\u00f6s ymp\u00e4rist\u00f6n kest\u00e4vyytt\u00e4. Mahdollisuus k\u00e4ytt\u00e4\u00e4 uudelleen ja seurata liinavaatteita v\u00e4hent\u00e4\u00e4 j\u00e4tett\u00e4 ja varmistaa, ett\u00e4 esineit\u00e4 k\u00e4ytet\u00e4\u00e4n tehokkaasti koko niiden elinkaaren ajan. Lis\u00e4ksi n\u00e4iden merkkien kest\u00e4vyys tarkoittaa v\u00e4hemm\u00e4n vaihtoja, mik\u00e4 minimoi jatkuvaan tuotantoon ja h\u00e4vitt\u00e4miseen liittyv\u00e4n ymp\u00e4rist\u00f6jalanj\u00e4ljen.<\/p>\n<h3>Usein kysytyt kysymykset RFID-pellavatunnisteista<\/h3>\n<p><strong>K: Kuinka monta pesujaksoa tarrat kest\u00e4v\u00e4t?<\/strong><br \/>\nV: Meid\u00e4n\u00a0<strong>RFID pellavatunnisteet<\/strong>\u00a0on suunniteltu s\u00e4ilytt\u00e4m\u00e4\u00e4n toimivuus my\u00f6s sen j\u00e4lkeen\u00a0<strong>200 pesukertaa<\/strong>, mik\u00e4 tekee niist\u00e4 eritt\u00e4in kest\u00e4vi\u00e4 pitk\u00e4aikaiseen k\u00e4ytt\u00f6\u00f6n.<\/p>\n<p><strong>K: Voidaanko tarrat ommella mihin tahansa kankaaseen?<\/strong><br \/>\nV: Kyll\u00e4, tarrat voidaan integroida saumattomasti eri tekstiilimateriaaleihin, mik\u00e4 varmistaa, ett\u00e4 ne pysyv\u00e4t kiinni useiden pesuprosessien aikana.<\/p>\n<p><strong>K: Onko RFID-tekniikka luotettava liinavaatteiden j\u00e4ljitt\u00e4miseen?<\/strong><br \/>\nV: Ehdottomasti! RFID-tunnisteet tarjoavat vertaansa vailla olevan seurantatarkkuuden, minimoivat h\u00e4vi\u00f6t ja auttavat tehokkaassa varastonhallinnassa.<\/p>\n<h3>Johtop\u00e4\u00e4t\u00f6s<\/h3>\n<p>Lopuksi,\u00a0<strong>Tekstiili UHF RFID pellavatunnisteet<\/strong>\u00a0edustavat pesulahoidon tulevaisuutta. Lis\u00e4\u00e4m\u00e4ll\u00e4 seurantatehokkuutta, kest\u00e4vyytt\u00e4 ja kustannustehokkuutta ne ovat t\u00e4rkeit\u00e4 ty\u00f6kaluja kaikille liinavaatteista ja vaatteista riippuvaisille yrityksille. Edistyksellisen tekniikan ja vankan suorituskyvyn ansiosta n\u00e4m\u00e4 RFID-tunnisteet on suunniteltu vastaamaan nykyaikaisten pesulatoimintojen vaatimuksia.<\/p>\n<\/div>","protected":false},"excerpt":{"rendered":"<p>Tekstiilien UHF RFID -pellavatunnisteita voidaan kutsua my\u00f6s RAIN RFID -tekstiilipesulappeiksi, jotka on huolellisesti suunniteltu toimimaan jatkuvasti vaikeissa pyykink\u00e4sittelyolosuhteissa, kuten sterilointi, l\u00e4mp\u00f6altistus, puhdistus, kuivaus ja silitys. N\u00e4m\u00e4 tunnisteet eiv\u00e4t vain kest\u00e4 satoja pesusyklej\u00e4, vaan ne my\u00f6s s\u00e4ilytt\u00e4v\u00e4t erinomaisen ja tasaisen RFID-suorituskyvyn jopa lukemattomien pesukertojen j\u00e4lkeen.<\/p>","protected":false},"featured_media":168,"template":"","meta":{"_kad_post_transparent":"default","_kad_post_title":"","_kad_post_layout":"default","_kad_post_sidebar_id":"","_kad_post_content_style":"default","_kad_post_vertical_padding":"default","_kad_post_feature":"","_kad_post_feature_position":"","_kad_post_header":false,"_kad_post_footer":false,"_kad_post_classname":""},"product_brand":[],"product_cat":[19],"product_tag":[31,312,65,30],"class_list":{"0":"post-167","1":"product","2":"type-product","3":"status-publish","4":"has-post-thumbnail","6":"product_cat-textile-rfid-laundry-tag","7":"product_tag-rfid-tag-for-linen-laundry","8":"product_tag-rfid-tags","9":"product_tag-textile-rfid-laundry-tags","10":"product_tag-uhf-rfid-laundry-tag","12":"first","13":"instock","14":"featured","15":"shipping-taxable","16":"product-type-simple","17":"entry","18":"content-bg","19":"loop-entry"},"_links":{"self":[{"href":"https:\/\/rfid-laundry-tag.com\/fi\/wp-json\/wp\/v2\/product\/167","targetHints":{"allow":["GET"]}}],"collection":[{"href":"https:\/\/rfid-laundry-tag.com\/fi\/wp-json\/wp\/v2\/product"}],"about":[{"href":"https:\/\/rfid-laundry-tag.com\/fi\/wp-json\/wp\/v2\/types\/product"}],"version-history":[{"count":3,"href":"https:\/\/rfid-laundry-tag.com\/fi\/wp-json\/wp\/v2\/product\/167\/revisions"}],"predecessor-version":[{"id":2680,"href":"https:\/\/rfid-laundry-tag.com\/fi\/wp-json\/wp\/v2\/product\/167\/revisions\/2680"}],"wp:featuredmedia":[{"embeddable":true,"href":"https:\/\/rfid-laundry-tag.com\/fi\/wp-json\/wp\/v2\/media\/168"}],"wp:attachment":[{"href":"https:\/\/rfid-laundry-tag.com\/fi\/wp-json\/wp\/v2\/media?parent=167"}],"wp:term":[{"taxonomy":"product_brand","embeddable":true,"href":"https:\/\/rfid-laundry-tag.com\/fi\/wp-json\/wp\/v2\/product_brand?post=167"},{"taxonomy":"product_cat","embeddable":true,"href":"https:\/\/rfid-laundry-tag.com\/fi\/wp-json\/wp\/v2\/product_cat?post=167"},{"taxonomy":"product_tag","embeddable":true,"href":"https:\/\/rfid-laundry-tag.com\/fi\/wp-json\/wp\/v2\/product_tag?post=167"}],"curies":[{"name":"wp","href":"https:\/\/api.w.org\/{rel}","templated":true}]}}