{"id":165,"date":"2024-06-15T12:35:50","date_gmt":"2024-06-15T12:35:50","guid":{"rendered":"https:\/\/rfid-laundry-tag.com\/?post_type=product&#038;p=165"},"modified":"2024-06-15T12:52:28","modified_gmt":"2024-06-15T12:52:28","slug":"pps-nfc-smart-button","status":"publish","type":"product","link":"https:\/\/rfid-laundry-tag.com\/fi\/pps-nfc-smart-button\/","title":{"rendered":"PPS NFC -\u00e4lypainike"},"content":{"rendered":"<div class=\"J_module\">\n<div class=\"ife-detail-decorate-table\">\n<table class=\"has-title all magic-6\">\n<tbody>\n<tr>\n<td colspan=\"1\" rowspan=\"1\">\n<div class=\"magic-7\" data-spm-anchor-id=\"a2700.details.0.i45.77607d98vZbcDU\"><span class=\"magic-8\" style=\"color: #363535;\">Tuotteen nimi<\/span><\/div>\n<\/td>\n<td colspan=\"1\" rowspan=\"1\">\n<div class=\"magic-9\">PPS NFC -\u00e4lypainike<\/div>\n<\/td>\n<\/tr>\n<tr>\n<td colspan=\"1\" rowspan=\"1\">\n<div class=\"magic-7\"><span class=\"magic-10\" data-spm-anchor-id=\"a2700.pc-decorate.0.i10.28d333330XLbTD\"><span class=\"magic-8\">Materiaali<\/span><\/span><\/div>\n<\/td>\n<td colspan=\"1\" rowspan=\"1\">\n<div class=\"magic-9\"><span class=\"magic-8\">PPS<\/span><\/div>\n<\/td>\n<\/tr>\n<tr>\n<td colspan=\"1\" rowspan=\"1\">\n<div class=\"magic-7\"><span class=\"magic-8\">V\u00e4ri<\/span><\/div>\n<\/td>\n<td colspan=\"1\" rowspan=\"1\">\n<div class=\"magic-9\"><span class=\"magic-8\">Musta jne<\/span><\/div>\n<\/td>\n<\/tr>\n<tr>\n<td colspan=\"1\" rowspan=\"1\">MOQ<\/td>\n<td colspan=\"1\" rowspan=\"1\">500 kpl<\/td>\n<\/tr>\n<tr>\n<td colspan=\"1\" rowspan=\"1\">\n<div class=\"magic-7\"><span class=\"magic-8\">Valmistaja\/siru<\/span><\/div>\n<\/td>\n<td colspan=\"1\" rowspan=\"1\">\n<div class=\"magic-9\"><span class=\"magic-8\">NXP I Code Slix ; muut vaihtoehdot: Ntag213,Ntag215,Ntag216,Mifare Ultralight ev1 jne<\/span><\/div>\n<\/td>\n<\/tr>\n<tr>\n<td colspan=\"1\" rowspan=\"1\">\n<div class=\"magic-7\"><span class=\"magic-8\">Taajuus<\/span><\/div>\n<\/td>\n<td colspan=\"1\" rowspan=\"1\">\n<div class=\"magic-9\"><span class=\"magic-8\">13,56 MHz<\/span><\/div>\n<\/td>\n<\/tr>\n<tr>\n<td colspan=\"1\" rowspan=\"1\">\n<div class=\"magic-7\"><span class=\"magic-8\">Muisti<\/span><\/div>\n<\/td>\n<td colspan=\"1\" rowspan=\"1\">\n<div class=\"magic-9\"><span class=\"magic-8\">1k tavu ; muun sirun muisti: 144 tavua, 504 tavua, 888 tavua, 64 tavua jne<\/span><\/div>\n<\/td>\n<\/tr>\n<tr>\n<td colspan=\"1\" rowspan=\"1\">\n<div class=\"magic-7\"><span class=\"magic-8\">Lue Et\u00e4isyys<\/span><\/div>\n<\/td>\n<td colspan=\"1\" rowspan=\"1\">\n<div class=\"magic-9\"><span class=\"magic-8\">1-5 cm<\/span><\/div>\n<\/td>\n<\/tr>\n<tr>\n<td colspan=\"1\" rowspan=\"1\">\n<div class=\"magic-7\"><span class=\"magic-8\">Ty\u00f6tila<\/span><\/div>\n<\/td>\n<td colspan=\"1\" rowspan=\"1\">\n<div class=\"magic-9\"><span class=\"magic-8\">passiivinen<\/span><\/div>\n<\/td>\n<\/tr>\n<tr>\n<td colspan=\"1\" rowspan=\"1\">\n<div class=\"magic-7\"><span class=\"magic-8\">Ty\u00f6skentelyl\u00e4mp\u00f6tila<\/span><\/div>\n<\/td>\n<td colspan=\"1\" rowspan=\"1\">\n<div class=\"magic-9\"><span class=\"magic-8\">-25 \u2103 ~ +110 \u2103<\/span><\/div>\n<\/td>\n<\/tr>\n<tr>\n<td colspan=\"1\" rowspan=\"1\">\n<div class=\"magic-7\"><span class=\"magic-8\">S\u00e4ilytysl\u00e4mp\u00f6tila<\/span><\/div>\n<\/td>\n<td colspan=\"1\" rowspan=\"1\">\n<div class=\"magic-9\"><span class=\"magic-8\">-40 \u2103 ~ +85 \u2103<\/span><\/div>\n<\/td>\n<\/tr>\n<tr>\n<td colspan=\"1\" rowspan=\"1\">\n<div class=\"magic-7\">\n<div><span class=\"magic-8\">\u00a0<\/span><\/div>\n<p><span class=\"magic-8\">Lyhytaikainen l\u00e4mm\u00f6nkest\u00e4vyys<\/span><\/p>\n<\/div>\n<\/td>\n<td colspan=\"1\" rowspan=\"1\">\n<div class=\"magic-9\"><span class=\"magic-8\">pesu: 90 \u2103, 15 minuuttia; muuntimen esikuivaus: 180 \u2103, 30 minuuttia, 200 kertaa; silitys: 180 \u2103, 10 sekuntia, 200 kertaa; korkea<br \/>\nl\u00e4mp\u00f6tilasterilointi: 135 \u2103, 20 minuuttia<\/span><\/div>\n<\/td>\n<\/tr>\n<tr>\n<td colspan=\"1\" rowspan=\"1\">\n<div class=\"magic-7\"><span class=\"magic-8\">ominaisuudet<\/span><\/div>\n<\/td>\n<td colspan=\"1\" rowspan=\"1\">\n<div class=\"magic-9\"><span class=\"magic-8\">vedenpit\u00e4v\u00e4, pest\u00e4v\u00e4, korkeita l\u00e4mp\u00f6tiloja kest\u00e4v\u00e4<\/span><\/div>\n<\/td>\n<\/tr>\n<tr>\n<td colspan=\"1\" rowspan=\"1\">\n<div class=\"magic-7\"><span class=\"magic-8\">El\u00e4m\u00e4<\/span><\/div>\n<\/td>\n<td colspan=\"1\" rowspan=\"1\">\n<div class=\"magic-9\"><span class=\"magic-8\">pesu 200 kertaa tai 3 vuotta<\/span><\/div>\n<\/td>\n<\/tr>\n<tr>\n<td colspan=\"1\" rowspan=\"1\">\n<div class=\"magic-7\"><span class=\"magic-8\">Sovellukset<\/span><\/div>\n<\/td>\n<td colspan=\"1\" rowspan=\"1\">\n<div class=\"magic-9\"><span class=\"magic-8\">pyykin hallinta ja seuranta<\/span><\/div>\n<\/td>\n<\/tr>\n<\/tbody>\n<\/table>\n<\/div>\n<\/div>\n<div class=\"J_module\">\n<div class=\"detail-decorate-json-renderer-container\">\n<div class=\"magic-1\">\n<div class=\"magic-2\">\n<div class=\"auto-hide-last-sibling-br paragraph_1252f paragraph-element\">\n<div class=\"auto-hide-last-sibling-br paragraph_1252f paragraph-element\">\n<div class=\"auto-hide-last-sibling-br paragraph_1252f paragraph-element\"><\/div>\n<\/div>\n<\/div>\n<div class=\"auto-hide-last-sibling-br paragraph_1252f paragraph-element\">Eritt\u00e4in tukevasta PPS-muovista valmistetut pyykkilaput kest\u00e4v\u00e4t korkeita l\u00e4mp\u00f6tiloja, intensiivisi\u00e4 pesujaksoja, liekkej\u00e4 ja pesuaineita s\u00e4ilytt\u00e4en samalla vedenpit\u00e4vyyden. T\u00e4llaisella kest\u00e4vyydell\u00e4 t\u00e4m\u00e4 tunniste tarjoaa luotettavuuden vaativissa ymp\u00e4rist\u00f6iss\u00e4.<\/div>\n<div><\/div>\n<div class=\"auto-hide-last-sibling-br paragraph_1252f paragraph-element\"><strong>N\u00e4iden NFC Button Laundry -tunnisteiden sovellukset ovat laajat ja sis\u00e4lt\u00e4v\u00e4t:<\/strong><\/div>\n<ol class=\"auto-hide-last-sibling-br\">\n<li>\n<div class=\"auto-hide-last-sibling-br paragraph_1252f paragraph-element\">Teollinen pesu: Ne kest\u00e4v\u00e4t vaativia teollisuuspesuymp\u00e4rist\u00f6j\u00e4, mik\u00e4 takaa parhaan seurannan ja varastonhallinnan.<\/div>\n<\/li>\n<li>\n<div class=\"auto-hide-last-sibling-br paragraph_1252f paragraph-element\">Univormujen hallinta: N\u00e4m\u00e4 tunnisteet auttavat tehokkaasti hallinnoimaan ja j\u00e4ljitt\u00e4m\u00e4\u00e4n ty\u00f6ntekij\u00f6iden univormuja eri aloilla.<\/div>\n<\/li>\n<li>\n<div class=\"auto-hide-last-sibling-br paragraph_1252f paragraph-element\">L\u00e4\u00e4ketieteellisten vaatteiden hallinta: Ne ovat v\u00e4ltt\u00e4m\u00e4tt\u00f6mi\u00e4 sairaaloille ja terveydenhuollon tarjoajille, ja ne auttavat l\u00e4\u00e4ketieteellisten vaatteiden tehokkaassa organisoinnissa, seurannassa ja yll\u00e4pidossa.<\/div>\n<\/li>\n<li>\n<div class=\"auto-hide-last-sibling-br paragraph_1252f paragraph-element\">Henkil\u00f6st\u00f6n partiohallinta: Se auttaa partiohenkil\u00f6st\u00f6n j\u00e4ljitt\u00e4misess\u00e4 ja hallinnassa varmistaen heid\u00e4n turvallisuutensa ja tehokkuutensa.<\/div>\n<\/li>\n<li>\n<div class=\"auto-hide-last-sibling-br paragraph_1252f paragraph-element\">Sotilasvaatteiden hallinta: N\u00e4m\u00e4 tunnisteet ovat eritt\u00e4in hy\u00f6dyllisi\u00e4 sotilaallisissa yhteyksiss\u00e4, ja ne mahdollistavat sotilasvaatteiden systemaattisen seurannan ja hallinnan, mik\u00e4 parantaa organisaatiota ja vastuullisuutta.<\/div>\n<\/li>\n<\/ol>\n<\/div>\n<div>\n<p>The <strong>ICODE SLIX IC<\/strong> on omistettu siru \u00e4lykk\u00e4isiin tarrasovelluksiin, kuten kirjastoihin, tuotteiden autentikointiin eri toimialoilla, kuten l\u00e4\u00e4keteollisuudessa, l\u00e4\u00e4ketieteellisiss\u00e4 laitteissa ja alkoholissa, sek\u00e4 tuotannon hallintaan teollisuuden eri alueilla. T\u00e4m\u00e4 IC on ISO-standardeihin ISO\/IEC 15693 ja ISO\/IEC 18000-3 perustuvien \u00e4lykk\u00e4iden tarrapiirien tuoteperheen kolmas sukupolvi, joka jatkaa NXP:n menestystarinaa.<sup>\u00ae<\/sup>\u00a0l\u00e4hitunnistusj\u00e4rjestelmien alalla.<\/p>\n<h3>Kontaktiton energia- ja tiedonsiirto<\/h3>\n<p>Aina kun se liitet\u00e4\u00e4n hyvin yksinkertaiseen ja helposti valmistettavaan antennityyppiin (13,56 MHz:n kantoaaltotaajuuden ansiosta), joka on valmistettu muutamasta painetusta, k\u00e4\u00e4mityst\u00e4, sy\u00f6vytyst\u00e4 tai rei&#039;itetyst\u00e4 kelasta, ICODE SLIX IC:t\u00e4 voidaan k\u00e4ytt\u00e4\u00e4 ilman n\u00e4k\u00f6yhteys 1,5 m et\u00e4isyydelle (portin leveys). Akkua ei tarvita. Kun \u00e4lytarra sijoitetaan kyselyantennin kentt\u00e4\u00e4n, nopea RF-viestint\u00e4liit\u00e4nt\u00e4 mahdollistaa tiedonsiirron jopa 53 kbit\/s nopeudella.<\/p>\n<h3>T\u00f6rm\u00e4yksenesto<\/h3>\n<p>\u00c4lyk\u00e4s t\u00f6rm\u00e4yksenestotoiminto mahdollistaa useiden tunnisteiden k\u00e4yt\u00f6n pellolla samanaikaisesti. T\u00f6rm\u00e4yksenesto-algoritmi valitsee jokaisen tunnisteen yksitellen ja varmistaa, ett\u00e4 tapahtuman suorittaminen valitulla tunnisteella suoritetaan oikein ilman kent\u00e4n muista tunnisteista johtuvaa tietojen korruptiota.<\/p>\n<h3>ominaisuudet<\/h3>\n<div id=\"featuresXsp\" class=\"features-list\">\n<div class=\"features-xsp\">\n<div class=\"collapse-mobile ste-list\">\n<h3>ICODE SLIX RF -liit\u00e4nt\u00e4 (ISO\/IEC 15693)<\/h3>\n<ul class=\"boxes\">\n<li>Tietojen ja energian kontaktiton siirto (paristoa ei tarvita)<\/li>\n<li>Toimintaet\u00e4isyys: jopa 1,5 m (riippuen antennin geometriasta)<\/li>\n<li>Toimintataajuus: 13,56 MHz (ISM, maailmanlaajuinen lisenssi vapaasti saatavilla)<\/li>\n<li>Nopea tiedonsiirto: jopa 53 kbit\/s<\/li>\n<li>Korkea tiedon eheys: 16-bittinen CRC, kehystys<\/li>\n<li>Todellinen t\u00f6rm\u00e4yksenesto<\/li>\n<li>Salasanasuojattu s\u00e4hk\u00f6inen artikkelivalvonta (EAS)<\/li>\n<li>Salasanasuojattu sovellusperhetunniste (AFI)<\/li>\n<li>Data Storage Format Identifier (DSFID)<\/li>\n<li>Lis\u00e4ksi nopea t\u00f6rm\u00e4yksenestoluku<\/li>\n<li>Kirjoita et\u00e4isyys yht\u00e4 suuri kuin lukuet\u00e4isyys<\/li>\n<\/ul>\n<\/div>\n<div class=\"collapse-mobile ste-list\">\n<h3>EEPROM<\/h3>\n<ul class=\"boxes\">\n<li>1024 bitti\u00e4, j\u00e4rjestetty 32 lohkoon, joista kukin on 4 tavua<\/li>\n<li>50 vuoden tietojen s\u00e4ilytys<\/li>\n<li>Kirjoita 100 000 syklin kest\u00e4vyys<\/li>\n<\/ul>\n<\/div>\n<div class=\"collapse-mobile ste-list\">\n<h3>Turvallisuus<\/h3>\n<ul class=\"boxes\">\n<li>Ainutlaatuinen tunniste jokaiselle laitteelle<\/li>\n<li>Lukitusmekanismi jokaiselle k\u00e4ytt\u00e4j\u00e4n muistilohkolle (kirjoitussuojaus)<\/li>\n<li>Lukitusmekanismi DSFID:lle, AFI:lle, EAS:lle<\/li>\n<li>Salasanalla (32-bittinen) suojattu EAS- ja AFI-toiminto<\/li>\n<\/ul>\n<\/div>\n<\/div>\n<\/div>\n<\/div>\n<div class=\"magic-2\">\n<div class=\"auto-hide-last-sibling-br paragraph_1252f paragraph-element\">\n<p>&nbsp;<\/p>\n<div class=\"auto-hide-last-sibling-br paragraph_1252f paragraph-element\"><\/div>\n<div class=\"auto-hide-last-sibling-br paragraph_1252f paragraph-element\"><\/div>\n<\/div>\n<\/div>\n<\/div>\n<\/div>\n<\/div>","protected":false},"excerpt":{"rendered":"<p>PPS NFC Smart Button on suunniteltu kest\u00e4viksi, t\u00e4ysin vesitiiviiksi ja kest\u00e4m\u00e4\u00e4n l\u00e4mp\u00f6\u00e4, painetta ja jopa kovia kemikaaleja. Kompakti muotoilu, n\u00e4m\u00e4 tunnisteet ovat vain 30 mm halkaisijaltaan ja 2,3 mm syvyydelt\u00e4\u00e4n suunniteltuja muistuttamaan tavallisia painikkeita. T\u00e4m\u00e4n muodon ansiosta ne voidaan upottaa helposti vaatteisiin aivan kuten tavalliset napit.<\/p>","protected":false},"featured_media":166,"template":"","meta":{"_kad_post_transparent":"default","_kad_post_title":"","_kad_post_layout":"default","_kad_post_sidebar_id":"","_kad_post_content_style":"default","_kad_post_vertical_padding":"default","_kad_post_feature":"","_kad_post_feature_position":"","_kad_post_header":false,"_kad_post_footer":false,"_kad_post_classname":""},"product_brand":[],"product_cat":[21,17],"product_tag":[37,39,77,45],"class_list":{"0":"post-165","1":"product","2":"type-product","3":"status-publish","4":"has-post-thumbnail","6":"product_cat-pps-rfid-laundry-tag","7":"product_cat-nfc-rfid-laundry-tag","8":"product_tag-nfc-button","9":"product_tag-nfc-laundry-tag","10":"product_tag-pps-nfc-smart-button","11":"product_tag-pps-washable-nfc-tags","13":"first","14":"instock","15":"shipping-taxable","16":"product-type-simple","17":"entry","18":"content-bg","19":"loop-entry"},"_links":{"self":[{"href":"https:\/\/rfid-laundry-tag.com\/fi\/wp-json\/wp\/v2\/product\/165","targetHints":{"allow":["GET"]}}],"collection":[{"href":"https:\/\/rfid-laundry-tag.com\/fi\/wp-json\/wp\/v2\/product"}],"about":[{"href":"https:\/\/rfid-laundry-tag.com\/fi\/wp-json\/wp\/v2\/types\/product"}],"version-history":[{"count":0,"href":"https:\/\/rfid-laundry-tag.com\/fi\/wp-json\/wp\/v2\/product\/165\/revisions"}],"wp:featuredmedia":[{"embeddable":true,"href":"https:\/\/rfid-laundry-tag.com\/fi\/wp-json\/wp\/v2\/media\/166"}],"wp:attachment":[{"href":"https:\/\/rfid-laundry-tag.com\/fi\/wp-json\/wp\/v2\/media?parent=165"}],"wp:term":[{"taxonomy":"product_brand","embeddable":true,"href":"https:\/\/rfid-laundry-tag.com\/fi\/wp-json\/wp\/v2\/product_brand?post=165"},{"taxonomy":"product_cat","embeddable":true,"href":"https:\/\/rfid-laundry-tag.com\/fi\/wp-json\/wp\/v2\/product_cat?post=165"},{"taxonomy":"product_tag","embeddable":true,"href":"https:\/\/rfid-laundry-tag.com\/fi\/wp-json\/wp\/v2\/product_tag?post=165"}],"curies":[{"name":"wp","href":"https:\/\/api.w.org\/{rel}","templated":true}]}}