{"id":163,"date":"2024-06-15T11:55:44","date_gmt":"2024-06-15T11:55:44","guid":{"rendered":"https:\/\/rfid-laundry-tag.com\/?post_type=product&#038;p=163"},"modified":"2024-06-15T12:33:50","modified_gmt":"2024-06-15T12:33:50","slug":"laundry-tag-rfid-silicon","status":"publish","type":"product","link":"https:\/\/rfid-laundry-tag.com\/fi\/laundry-tag-rfid-silicon\/","title":{"rendered":"Laundry Tag RFID Silicon"},"content":{"rendered":"<table style=\"font-family: var(--global-body-font-family);\" width=\"537\">\n<tbody>\n<tr>\n<td width=\"228\">Nimi<\/td>\n<td width=\"309\">Laundry Tag RFID Silicon<\/td>\n<\/tr>\n<tr>\n<td width=\"228\">tila<\/td>\n<td width=\"309\">SL-01<\/td>\n<\/tr>\n<tr>\n<td width=\"228\">Materiaali<\/td>\n<td width=\"309\">Silikoni<\/td>\n<\/tr>\n<tr>\n<td width=\"228\">V\u00e4ri<\/td>\n<td width=\"309\">Valkoinen (tai r\u00e4\u00e4t\u00e4l\u00f6ity)<\/td>\n<\/tr>\n<tr>\n<td width=\"228\">Koko<\/td>\n<td width=\"309\">55mm * 12mm, paksuus 2,5mm<\/td>\n<\/tr>\n<tr>\n<td width=\"228\">Siru<\/td>\n<td width=\"309\">915Mhz NXP U koodi 9, Alien H3, H9 jne<\/td>\n<\/tr>\n<tr>\n<td width=\"228\">Ty\u00f6skentelyl\u00e4mp\u00f6tila<\/td>\n<td width=\"309\">\u201325\u00baC - +75\u00baC<\/td>\n<\/tr>\n<tr>\n<td width=\"228\">Pesujakso<\/td>\n<td width=\"309\">200 kertaa<\/td>\n<\/tr>\n<tr>\n<td width=\"228\">Vedenkest\u00e4v\u00e4<\/td>\n<td width=\"309\">Joo<\/td>\n<\/tr>\n<tr>\n<td width=\"228\">Kemiallinen resistanssi<\/td>\n<td width=\"309\">Joo<\/td>\n<\/tr>\n<\/tbody>\n<\/table>\n<p data-spm-anchor-id=\"a2700.details.0.i116.60201a70jOXdOd\">\n<p data-spm-anchor-id=\"a2700.details.0.i116.60201a70jOXdOd\"><strong>Sovellus:<\/strong><\/p>\n<ol class=\"auto-hide-last-sibling-br\">\n<li>\n<div class=\"auto-hide-last-sibling-br paragraph_1252f paragraph-element\">Pest\u00e4v\u00e4 ja uudelleenk\u00e4ytett\u00e4v\u00e4: N\u00e4m\u00e4 tunnisteet on valmistettu kest\u00e4m\u00e4\u00e4n useita pesujaksoja, mik\u00e4 tekee niist\u00e4 kustannustehokkaan ratkaisun pitk\u00e4aikaiseen k\u00e4ytt\u00f6\u00f6n.<\/div>\n<\/li>\n<li>\n<div class=\"auto-hide-last-sibling-br paragraph_1252f paragraph-element\">Tehty koviin pesuolosuhteisiin: Ne on erityisesti suunniteltu kest\u00e4m\u00e4\u00e4n ankaria olosuhteita, joissa pyykinpesu tapahtuu.<\/div>\n<\/li>\n<li>\n<div class=\"auto-hide-last-sibling-br paragraph_1252f paragraph-element\">Kest\u00e4v\u00e4t ominaisuudet: N\u00e4m\u00e4 tunnisteet ovat kosteutta kest\u00e4vi\u00e4, kest\u00e4v\u00e4t korkeita l\u00e4mp\u00f6tiloja ja kest\u00e4v\u00e4t erilaisia kemikaaleja, mik\u00e4 varmistaa esteett\u00f6m\u00e4n toiminnan erilaisissa olosuhteissa.<\/div>\n<\/li>\n<li>\n<div class=\"auto-hide-last-sibling-br paragraph_1252f paragraph-element\">Ymp\u00e4rist\u00f6yst\u00e4v\u00e4llinen silikonimateriaali: Valmistettu ymp\u00e4rist\u00f6yst\u00e4v\u00e4llisest\u00e4 silikonista, n\u00e4m\u00e4 tunnisteet ovat vaarattomia sek\u00e4 ihmiskeholle ett\u00e4 ymp\u00e4rist\u00f6lle, ja ne sopivat tietoiseen kulutukseen ja kest\u00e4viin k\u00e4yt\u00e4nt\u00f6ihin.<\/div>\n<\/li>\n<li>\n<div class=\"auto-hide-last-sibling-br paragraph_1252f paragraph-element\">Laajat sovellukset: N\u00e4it\u00e4 tunnisteita voidaan k\u00e4ytt\u00e4\u00e4 k\u00e4tev\u00e4sti vaatteiden hallintaan, turvavalvonnan parantamiseen ja toimintojen optimointiin pesuloissa (mukaan lukien teollisuuspesulat), mik\u00e4 takaa erinomaisen tehokkuuden ja hallinnan.<\/div>\n<\/li>\n<\/ol>\n<div class=\"auto-hide-last-sibling-br paragraph_1252f paragraph-element\">Taajuusalueella 860\u2013960 MHz toimiva silikoni-RFID-pesutunniste on erityisesti suunniteltu kest\u00e4m\u00e4\u00e4n puhdistusprosesseille tyypillisi\u00e4 korkeita l\u00e4mp\u00f6tiloja ja kovaa painetta. Sen laaja k\u00e4ytt\u00f6 on mahdollista vaativissa ymp\u00e4rist\u00f6iss\u00e4, jotka vaativat kest\u00e4vyytt\u00e4 korkeille l\u00e4mp\u00f6tasoille, korroosiolle ja kulumiselle, erityisesti pesulatiloissa, teollisuuden siivoustoiminnoissa ja muissa.<\/div>\n<p>&nbsp;<\/p>\n<div class=\"auto-hide-last-sibling-br paragraph_1252f paragraph-element\">N\u00e4ill\u00e4 RFID-pesutunnisteilla on ainutlaatuinen kyky integroida saumattomasti useisiin tekstiilituotteisiin, mukaan lukien paitoja, ty\u00f6asuja, liinavaatteita ja muita kangaspohjaisia tuotteita. Sellaisenaan ne tarjoavat tehokkaan ja tehokkaan ratkaisun laajan valikoiman tekstiilituotteiden seurantaan ja hallintaan eri toimialoilla.<\/div>\n<p>&nbsp;<\/p>","protected":false},"excerpt":{"rendered":"<p>RFID Silicon Laundry Tags -tunnisteita k\u00e4ytet\u00e4\u00e4n tyypillisesti korkean intensiteetin toiminnoissa, kuten teollisissa pesuprosesseissa, hotellien liinavaatteiden hallinnassa ja l\u00e4\u00e4ketieteellisten univormujen seurannassa. N\u00e4m\u00e4 tunnisteet tunnetaan joustavuudestaan ja korkeiden l\u00e4mp\u00f6tilojen kest\u00e4vyydest\u00e4\u00e4n, ja ne on suunniteltu kest\u00e4m\u00e4\u00e4n yli 200 pesujaksoa, mik\u00e4 takaa luotettavan suorituskyvyn vaativimmissakin olosuhteissa.<\/p>","protected":false},"featured_media":164,"template":"","meta":{"_kad_post_transparent":"default","_kad_post_title":"","_kad_post_layout":"default","_kad_post_sidebar_id":"","_kad_post_content_style":"default","_kad_post_vertical_padding":"default","_kad_post_feature":"","_kad_post_feature_position":"","_kad_post_header":false,"_kad_post_footer":false,"_kad_post_classname":""},"product_brand":[],"product_cat":[20,16],"product_tag":[76,62,61],"class_list":{"0":"post-163","1":"product","2":"type-product","3":"status-publish","4":"has-post-thumbnail","6":"product_cat-silicone-rfid-laundry-tag","7":"product_cat-uhf-rfid-laundry-tags","8":"product_tag-laundry-tag-rfid-silicon","9":"product_tag-silicone-rfid-laundry-tag","10":"product_tag-silicone-washable-rfid-laundry-tag","12":"first","13":"instock","14":"shipping-taxable","15":"product-type-simple","16":"entry","17":"content-bg","18":"loop-entry"},"_links":{"self":[{"href":"https:\/\/rfid-laundry-tag.com\/fi\/wp-json\/wp\/v2\/product\/163","targetHints":{"allow":["GET"]}}],"collection":[{"href":"https:\/\/rfid-laundry-tag.com\/fi\/wp-json\/wp\/v2\/product"}],"about":[{"href":"https:\/\/rfid-laundry-tag.com\/fi\/wp-json\/wp\/v2\/types\/product"}],"version-history":[{"count":0,"href":"https:\/\/rfid-laundry-tag.com\/fi\/wp-json\/wp\/v2\/product\/163\/revisions"}],"wp:featuredmedia":[{"embeddable":true,"href":"https:\/\/rfid-laundry-tag.com\/fi\/wp-json\/wp\/v2\/media\/164"}],"wp:attachment":[{"href":"https:\/\/rfid-laundry-tag.com\/fi\/wp-json\/wp\/v2\/media?parent=163"}],"wp:term":[{"taxonomy":"product_brand","embeddable":true,"href":"https:\/\/rfid-laundry-tag.com\/fi\/wp-json\/wp\/v2\/product_brand?post=163"},{"taxonomy":"product_cat","embeddable":true,"href":"https:\/\/rfid-laundry-tag.com\/fi\/wp-json\/wp\/v2\/product_cat?post=163"},{"taxonomy":"product_tag","embeddable":true,"href":"https:\/\/rfid-laundry-tag.com\/fi\/wp-json\/wp\/v2\/product_tag?post=163"}],"curies":[{"name":"wp","href":"https:\/\/api.w.org\/{rel}","templated":true}]}}