{"id":159,"date":"2024-06-15T08:13:31","date_gmt":"2024-06-15T08:13:31","guid":{"rendered":"https:\/\/rfid-laundry-tag.com\/?post_type=product&#038;p=159"},"modified":"2024-08-14T16:18:47","modified_gmt":"2024-08-14T16:18:47","slug":"nfc-laundry-token-ntag216","status":"publish","type":"product","link":"https:\/\/rfid-laundry-tag.com\/fi\/nfc-laundry-token-ntag216\/","title":{"rendered":"NFC Pesula Token-NTAG216"},"content":{"rendered":"<div class=\"J_module\">\n<div class=\"ife-detail-decorate-table\">\n<table class=\"has-title all magic-6\">\n<tbody>\n<tr>\n<td colspan=\"1\" rowspan=\"1\">\n<div class=\"magic-7\" data-spm-anchor-id=\"a2700.details.0.i45.77607d98vZbcDU\"><span class=\"magic-8\" style=\"color: #363535;\">Tuotteen nimi<\/span><\/div>\n<\/td>\n<td colspan=\"1\" rowspan=\"1\">\n<div class=\"magic-9\">NFC Pesula Token \u2013 NTAG216<\/div>\n<\/td>\n<\/tr>\n<tr>\n<td colspan=\"1\" rowspan=\"1\">\n<div class=\"magic-7\"><span class=\"magic-10\" data-spm-anchor-id=\"a2700.pc-decorate.0.i10.28d333330XLbTD\"><span class=\"magic-8\">Materiaali<\/span><\/span><\/div>\n<\/td>\n<td colspan=\"1\" rowspan=\"1\">\n<div class=\"magic-9\"><span class=\"magic-8\">PPS<\/span><\/div>\n<\/td>\n<\/tr>\n<tr>\n<td colspan=\"1\" rowspan=\"1\">\n<div class=\"magic-7\"><span class=\"magic-8\">V\u00e4ri<\/span><\/div>\n<\/td>\n<td colspan=\"1\" rowspan=\"1\">\n<div class=\"magic-9\"><span class=\"magic-8\">Musta, keltainen jne<\/span><\/div>\n<\/td>\n<\/tr>\n<tr>\n<td colspan=\"1\" rowspan=\"1\">MOQ<\/td>\n<td colspan=\"1\" rowspan=\"1\">500 kpl<\/td>\n<\/tr>\n<tr>\n<td colspan=\"1\" rowspan=\"1\">\n<div class=\"magic-7\"><span class=\"magic-8\">Valmistaja\/siru<\/span><\/div>\n<\/td>\n<td colspan=\"1\" rowspan=\"1\">\n<div class=\"magic-9\"><span class=\"magic-8\">NXP Ntag213, Ntag215, Ntag216, Mifare Ultralight ev1 jne<\/span><\/div>\n<\/td>\n<\/tr>\n<tr>\n<td colspan=\"1\" rowspan=\"1\">\n<div class=\"magic-7\"><span class=\"magic-8\">Taajuus<\/span><\/div>\n<\/td>\n<td colspan=\"1\" rowspan=\"1\">\n<div class=\"magic-9\"><span class=\"magic-8\">13,56 MHz<\/span><\/div>\n<\/td>\n<\/tr>\n<tr>\n<td colspan=\"1\" rowspan=\"1\">\n<div class=\"magic-7\"><span class=\"magic-8\">Muisti<\/span><\/div>\n<\/td>\n<td colspan=\"1\" rowspan=\"1\">\n<div class=\"magic-9\"><span class=\"magic-8\">144 tavua, 504 tavua, 888 tavua, 64 tavua jne<\/span><\/div>\n<\/td>\n<\/tr>\n<tr>\n<td colspan=\"1\" rowspan=\"1\">\n<div class=\"magic-7\"><span class=\"magic-8\">Lue Et\u00e4isyys<\/span><\/div>\n<\/td>\n<td colspan=\"1\" rowspan=\"1\">\n<div class=\"magic-9\"><span class=\"magic-8\">1-5 cm<\/span><\/div>\n<\/td>\n<\/tr>\n<tr>\n<td colspan=\"1\" rowspan=\"1\">\n<div class=\"magic-7\"><span class=\"magic-8\">Ty\u00f6tila<\/span><\/div>\n<\/td>\n<td colspan=\"1\" rowspan=\"1\">\n<div class=\"magic-9\"><span class=\"magic-8\">passiivinen<\/span><\/div>\n<\/td>\n<\/tr>\n<tr>\n<td colspan=\"1\" rowspan=\"1\">\n<div class=\"magic-7\"><span class=\"magic-8\">Ty\u00f6skentelyl\u00e4mp\u00f6tila<\/span><\/div>\n<\/td>\n<td colspan=\"1\" rowspan=\"1\">\n<div class=\"magic-9\"><span class=\"magic-8\">-25 \u2103 ~ +110 \u2103<\/span><\/div>\n<\/td>\n<\/tr>\n<tr>\n<td colspan=\"1\" rowspan=\"1\">\n<div class=\"magic-7\"><span class=\"magic-8\">S\u00e4ilytysl\u00e4mp\u00f6tila<\/span><\/div>\n<\/td>\n<td colspan=\"1\" rowspan=\"1\">\n<div class=\"magic-9\"><span class=\"magic-8\">-40 \u2103 ~ +85 \u2103<\/span><\/div>\n<\/td>\n<\/tr>\n<tr>\n<td colspan=\"1\" rowspan=\"1\">\n<div class=\"magic-7\">\n<div><span class=\"magic-8\">\u00a0<\/span><\/div>\n<p><span class=\"magic-8\">Lyhytaikainen l\u00e4mm\u00f6nkest\u00e4vyys<\/span><\/p>\n<\/div>\n<\/td>\n<td colspan=\"1\" rowspan=\"1\">\n<div class=\"magic-9\"><span class=\"magic-8\">pesu: 90 \u2103, 15 minuuttia; muuntimen esikuivaus: 180 \u2103, 30 minuuttia, 200 kertaa; silitys: 180 \u2103, 10 sekuntia, 200 kertaa; korkea<br \/>\nl\u00e4mp\u00f6tilasterilointi: 135 \u2103, 20 minuuttia<\/span><\/div>\n<\/td>\n<\/tr>\n<tr>\n<td colspan=\"1\" rowspan=\"1\">\n<div class=\"magic-7\"><span class=\"magic-8\">ominaisuudet<\/span><\/div>\n<\/td>\n<td colspan=\"1\" rowspan=\"1\">\n<div class=\"magic-9\"><span class=\"magic-8\">vedenpit\u00e4v\u00e4, pest\u00e4v\u00e4, korkeita l\u00e4mp\u00f6tiloja kest\u00e4v\u00e4<\/span><\/div>\n<\/td>\n<\/tr>\n<tr>\n<td colspan=\"1\" rowspan=\"1\">\n<div class=\"magic-7\"><span class=\"magic-8\">El\u00e4m\u00e4<\/span><\/div>\n<\/td>\n<td colspan=\"1\" rowspan=\"1\">\n<div class=\"magic-9\"><span class=\"magic-8\">pesu 200 kertaa tai 3 vuotta<\/span><\/div>\n<\/td>\n<\/tr>\n<tr>\n<td colspan=\"1\" rowspan=\"1\">\n<div class=\"magic-7\"><span class=\"magic-8\">Sovellukset<\/span><\/div>\n<\/td>\n<td colspan=\"1\" rowspan=\"1\">\n<div class=\"magic-9\"><span class=\"magic-8\">pyykin hallinta ja seuranta<\/span><\/div>\n<\/td>\n<\/tr>\n<\/tbody>\n<\/table>\n<\/div>\n<\/div>\n<div class=\"J_module\">\n<div class=\"detail-decorate-json-renderer-container\">\n<div class=\"magic-1\">\n<div>\n<div><\/div>\n<\/div>\n<div class=\"magic-2\">\n<div class=\"auto-hide-last-sibling-br paragraph_1252f paragraph-element\">\n<div class=\"auto-hide-last-sibling-br paragraph_1252f paragraph-element\">\n<p>NXP on kehitt\u00e4nyt NTAG 213:n, NTAG 215:n ja NTAG 216:n<sup>\u00ae<\/sup>\u00a0Puolijohteet tavallisina NFC-tunniste-IC:in\u00e4 k\u00e4ytett\u00e4v\u00e4ksi massamarkkinasovelluksissa, kuten v\u00e4hitt\u00e4iskaupassa, peleiss\u00e4 ja kulutuselektroniikassa, yhdess\u00e4 NFC-laitteiden tai NFC-yhteensopivien l\u00e4heisyyskytkent\u00e4laitteiden kanssa. NTAG 213, NTAG 215 ja NTAG 216 (t\u00e4st\u00e4 l\u00e4htien yleisesti kutsutaan nimell\u00e4 NTAG 21x) on suunniteltu t\u00e4ysin NFC Forum Type 2 -tunnisteen ja ISO\/IEC14443 Type A -m\u00e4\u00e4rittelyjen mukaisiksi.<\/p>\n<p>Kohdesovelluksia ovat Out-of-Home ja painetun median \u00e4lykk\u00e4\u00e4t mainokset, SoLoMo-sovellukset, tuotetodennus, NFC-hyllytarrat ja mobiilikumppanitunnisteet.<\/p>\n<p>Kohdek\u00e4ytt\u00f6tapauksia ovat kodin ulkopuolella tapahtuva \u00e4lyk\u00e4s mainonta, tuotteen todennus, mobiilikumppanitunnisteet, Bluetooth<sup>\u00ae<\/sup>\u00a0tai Wi-Fi-pariliitos, elektroniset hyllytarrat ja k\u00e4yntikortit. NTAG 21x -muisti voidaan my\u00f6s segmentoida useiden sovellusten toteuttamiseksi samanaikaisesti.<\/p>\n<p>Suuren tulokapasitanssin ansiosta NTAG 21x tag IC:t on erityisesti r\u00e4\u00e4t\u00e4l\u00f6ity sovelluksiin, jotka vaativat pienen tilan, suorituskyvyst\u00e4 tinkim\u00e4tt\u00e4. Pienet NFC-tunnisteet voidaan upottaa helpommin esimerkiksi tuotetarroihin tai elektronisiin laitteisiin.<\/p>\n<p>NTAG 21x:n mekaaniset ja s\u00e4hk\u00f6iset tiedot on r\u00e4\u00e4t\u00e4l\u00f6ity vastaamaan upote- ja etikettivalmistajien vaatimuksia.<\/p>\n<h3>Kontaktiton energia- ja tiedonsiirto<\/h3>\n<p>Yhteys NTAG 21x:\u00e4\u00e4n voidaan muodostaa vain, kun IC on kytketty antenniin.<\/p>\n<p>Kun NTAG 21x on sijoitettu RF-kentt\u00e4\u00e4n, nopea RF-viestint\u00e4liit\u00e4nt\u00e4 mahdollistaa tiedonsiirron 106 kbit\/s baudinopeudella.<\/p>\n<h3>Yksinkertainen k\u00e4ytt\u00f6\u00f6notto ja k\u00e4ytt\u00f6mukavuus<\/h3>\n<p>NTAG 21x tarjoaa erityisi\u00e4 ominaisuuksia, jotka on suunniteltu parantamaan integraatiota ja k\u00e4ytt\u00f6mukavuutta:<\/p>\n<ul>\n<li>Nopea lukuominaisuus mahdollistaa koko NDEF-viestin skannaamisen vain yhdell\u00e4 FAST_READ-komennolla, mik\u00e4 v\u00e4hent\u00e4\u00e4 ylim\u00e4\u00e4r\u00e4ist\u00e4 kuormitusta suuren suorituskyvyn tuotantoymp\u00e4rist\u00f6iss\u00e4<\/li>\n<li>Parannettu RF-suorituskyky mahdollistaa enemm\u00e4n joustavuutta muodon, mitan ja materiaalien valinnassa<\/li>\n<li>Vaihtoehto 75 \u03bcm:n IC-paksuudelle mahdollistaa ultraohuiden tunnisteiden valmistuksen, mik\u00e4 helpottaa integrointia esim. aikakauslehtiin tai pelikortteihin<\/li>\n<\/ul>\n<h3>Turvallisuus<\/h3>\n<ul>\n<li>Valmistaja ohjelmoi 7-tavun UID:n jokaiselle laitteelle<\/li>\n<li>Esiohjelmoitu valmiuss\u00e4ili\u00f6, jossa on kertaohjelmoitavia bittej\u00e4<\/li>\n<li>Kent\u00e4ll\u00e4 ohjelmoitava vain luku -lukitustoiminto<\/li>\n<li>ECC-pohjainen omaper\u00e4isyysallekirjoitus<\/li>\n<li>32-bittinen salasanasuojaus est\u00e4\u00e4 luvattomat muistitoiminnot<\/li>\n<\/ul>\n<h3>NFC Forum Tag 2 -tyypin yhteensopivuus<\/h3>\n<p>NTAG 21x IC tarjoaa t\u00e4ydellisen NFC Forum Tag 2 Type -tekniikan vaatimusten mukaisuuden ja mahdollistaa NDEF-tietorakenteen m\u00e4\u00e4ritykset.<\/p>\n<h3>T\u00f6rm\u00e4yksenesto<\/h3>\n<p>\u00c4lyk\u00e4s t\u00f6rm\u00e4yksenestotoiminto mahdollistaa useamman kuin yhden tunnisteen k\u00e4yt\u00f6n pellolla samanaikaisesti. T\u00f6rm\u00e4yksenesto-algoritmi valitsee jokaisen tunnisteen yksitellen ja varmistaa, ett\u00e4 tapahtuman suorittaminen valitulla tunnisteella suoritetaan oikein ilman kent\u00e4n toisen tagin h\u00e4iri\u00f6it\u00e4.<\/p>\n<h3>ominaisuudet<\/h3>\n<div id=\"featuresXsp\" class=\"features-list toggle-opacity in\">\n<div class=\"features-xsp\">\n<div class=\"collapse-mobile ste-list-ul\">\n<ul class=\"boxes\">\n<li>Kontaktiton tiedon ja energian siirto<\/li>\n<li>Toimintataajuus 13,56 MHz<\/li>\n<li>Tiedonsiirto 106 kbit\/s<\/li>\n<li>16-bittisen CRC:n tietojen eheys, pariteetti, bittikoodaus, bittien laskenta<\/li>\n<li>Toimintaet\u00e4isyys jopa 100 mm (riippuen useista parametreista, kuten esim. kent\u00e4nvoimakkuudesta ja antennin geometriasta)<\/li>\n<li>7-tavuinen sarjanumero (sarjataso 2 ISO\/IEC 14443-3:n mukaan)<\/li>\n<li>UID ASCII -peili NDEF-viestien automaattiseen sarjoitukseen<\/li>\n<li>Automaattinen NFC-laskuri laukeaa lukukomennolla<\/li>\n<li>NFC-laskurin ASCII-peili NFC-laskurin arvon automaattiseen lis\u00e4\u00e4miseen NDEF-viestiin<\/li>\n<li>ECC-pohjainen omaper\u00e4isyysallekirjoitus<\/li>\n<li>Nopea lukukomento<\/li>\n<li>Todellinen t\u00f6rm\u00e4yksenesto<\/li>\n<li>50 pF tulokapasitanssi<\/li>\n<\/ul>\n<\/div>\n<div class=\"collapse-mobile ste-list-ul\">\n<ul class=\"boxes\">\n<li>180, 540 tai 924 tavua j\u00e4rjestettyn\u00e4 45, 135 tai 231 sivulle, 4 tavua per sivu<\/li>\n<li>144, 504 tai 888 tavua vapaasti k\u00e4ytett\u00e4viss\u00e4 k\u00e4ytt\u00e4j\u00e4n luku-\/kirjoitusalue (36, 126 tai 222 sivua)<\/li>\n<li>4 tavun alustettu kapasiteettis\u00e4ili\u00f6, jossa on kertak\u00e4ytt\u00f6iset ohjelmoitavat p\u00e4\u00e4sybitit<\/li>\n<li>Kent\u00e4ll\u00e4 ohjelmoitava vain luku -lukitustoiminto sivua kohden ensimm\u00e4iset 16 sivua<\/li>\n<li>Kent\u00e4ll\u00e4 ohjelmoitava vain luku -lukitustoiminto ensimm\u00e4isten 16 sivun yl\u00e4puolella kaksoissivua kohden NTAG 213:lle tai 16 sivulle NTAG 215:lle ja NTAG 216:lle<\/li>\n<li>Konfiguroitava salasanasuojaus valinnaisella rajalla ep\u00e4onnistuneita yrityksi\u00e4<\/li>\n<li>Repeytymist\u00e4 est\u00e4v\u00e4 tuki kapasiteettis\u00e4ili\u00f6lle (CC) ja lukkoterille<\/li>\n<li>ECC:n tukema alkuper\u00e4isyyden tarkistus<\/li>\n<li>Tietojen s\u00e4ilytysaika 10 vuotta<\/li>\n<li>Kirjoita kest\u00e4vyys 100 000 sykli\u00e4<\/li>\n<\/ul>\n<\/div>\n<\/div>\n<\/div>\n<\/div>\n<p>&nbsp;<\/p>\n<div class=\"auto-hide-last-sibling-br paragraph_1252f paragraph-element\"><\/div>\n<div class=\"auto-hide-last-sibling-br paragraph_1252f paragraph-element\"><\/div>\n<\/div>\n<\/div>\n<\/div>\n<\/div>\n<\/div>","protected":false},"excerpt":{"rendered":"<p>NFC Laundry Token-NTAG216, joka tunnetaan my\u00f6s nimell\u00e4 PPS-pest\u00e4v\u00e4 NFC-tunniste, on suunniteltu tilanteisiin, joissa vaaditaan vankka tunniste, joka pystyy k\u00e4sittelem\u00e4\u00e4n vaativia k\u00e4ytt\u00f6ymp\u00e4rist\u00f6j\u00e4.<\/p>","protected":false},"featured_media":160,"template":"","meta":{"_kad_post_transparent":"default","_kad_post_title":"","_kad_post_layout":"default","_kad_post_sidebar_id":"","_kad_post_content_style":"default","_kad_post_vertical_padding":"default","_kad_post_feature":"","_kad_post_feature_position":"","_kad_post_header":false,"_kad_post_footer":false,"_kad_post_classname":""},"product_brand":[],"product_cat":[21,17],"product_tag":[37,74,42,45],"class_list":{"0":"post-159","1":"product","2":"type-product","3":"status-publish","4":"has-post-thumbnail","6":"product_cat-pps-rfid-laundry-tag","7":"product_cat-nfc-rfid-laundry-tag","8":"product_tag-nfc-button","9":"product_tag-nfc-laundry-token-ntag216","10":"product_tag-pps-nfc-laundry-tag","11":"product_tag-pps-washable-nfc-tags","13":"first","14":"instock","15":"shipping-taxable","16":"product-type-simple","17":"entry","18":"content-bg","19":"loop-entry"},"_links":{"self":[{"href":"https:\/\/rfid-laundry-tag.com\/fi\/wp-json\/wp\/v2\/product\/159","targetHints":{"allow":["GET"]}}],"collection":[{"href":"https:\/\/rfid-laundry-tag.com\/fi\/wp-json\/wp\/v2\/product"}],"about":[{"href":"https:\/\/rfid-laundry-tag.com\/fi\/wp-json\/wp\/v2\/types\/product"}],"version-history":[{"count":1,"href":"https:\/\/rfid-laundry-tag.com\/fi\/wp-json\/wp\/v2\/product\/159\/revisions"}],"predecessor-version":[{"id":1317,"href":"https:\/\/rfid-laundry-tag.com\/fi\/wp-json\/wp\/v2\/product\/159\/revisions\/1317"}],"wp:featuredmedia":[{"embeddable":true,"href":"https:\/\/rfid-laundry-tag.com\/fi\/wp-json\/wp\/v2\/media\/160"}],"wp:attachment":[{"href":"https:\/\/rfid-laundry-tag.com\/fi\/wp-json\/wp\/v2\/media?parent=159"}],"wp:term":[{"taxonomy":"product_brand","embeddable":true,"href":"https:\/\/rfid-laundry-tag.com\/fi\/wp-json\/wp\/v2\/product_brand?post=159"},{"taxonomy":"product_cat","embeddable":true,"href":"https:\/\/rfid-laundry-tag.com\/fi\/wp-json\/wp\/v2\/product_cat?post=159"},{"taxonomy":"product_tag","embeddable":true,"href":"https:\/\/rfid-laundry-tag.com\/fi\/wp-json\/wp\/v2\/product_tag?post=159"}],"curies":[{"name":"wp","href":"https:\/\/api.w.org\/{rel}","templated":true}]}}