{"id":157,"date":"2024-06-14T16:27:10","date_gmt":"2024-06-14T16:27:10","guid":{"rendered":"https:\/\/rfid-laundry-tag.com\/?post_type=product&#038;p=157"},"modified":"2024-09-08T04:19:43","modified_gmt":"2024-09-08T04:19:43","slug":"uhf-washable-rfid-fabric-laundry-tags","status":"publish","type":"product","link":"https:\/\/rfid-laundry-tag.com\/fi\/uhf-washable-rfid-fabric-laundry-tags\/","title":{"rendered":"UHF-pest\u00e4v\u00e4t RFID-kankaiset pesulaput"},"content":{"rendered":"<div>\n<div class=\"auto-hide-last-sibling-br paragraph_1252f paragraph-element\">\n<table width=\"637\">\n<tbody>\n<tr>\n<td width=\"328\">Tuotteen nimi:<\/td>\n<td width=\"309\">UHF-pest\u00e4v\u00e4t RFID-kankaiset pesulaput<\/td>\n<\/tr>\n<tr>\n<td width=\"328\">RFID-standardi:<\/td>\n<td width=\"309\">ISO\/IEC 18000-6 TypeC (EPC Gen2)<\/td>\n<\/tr>\n<tr>\n<td width=\"328\">Koko ja paino:<\/td>\n<td width=\"309\">70 \u00d7 15 mm, 0,6 g<\/td>\n<\/tr>\n<tr>\n<td width=\"328\">Sirun tyyppi:<\/td>\n<td width=\"309\">Impinj Monza 4QT, NXP U CODE 8, NXP U CODE 9<\/td>\n<\/tr>\n<tr>\n<td width=\"328\">EPC-muisti:<\/td>\n<td width=\"309\">128 bitti\u00e4<\/td>\n<\/tr>\n<tr>\n<td width=\"328\">K\u00e4ytt\u00e4j\u00e4n muisti:<\/td>\n<td width=\"309\">512 bitti\u00e4<\/td>\n<\/tr>\n<tr>\n<td width=\"328\">Lukualue (2W ERP FCC):<\/td>\n<td width=\"309\">8 m<\/td>\n<\/tr>\n<tr>\n<td width=\"328\">Lukualue (2W ERP ETSI):<\/td>\n<td width=\"309\">8 m<\/td>\n<\/tr>\n<tr>\n<td width=\"328\">Tunnisteet:<\/td>\n<td width=\"309\">Ompelu, kuumaleimausliima<\/td>\n<\/tr>\n<tr>\n<td width=\"328\">Arvioitu k\u00e4ytt\u00f6ik\u00e4:<\/td>\n<td width=\"309\">200 pesujaksoa tai 3 vuotta sen mukaan, kumpi tulee ensin<\/td>\n<\/tr>\n<tr>\n<td width=\"328\">Pesumenetelm\u00e4:<\/td>\n<td width=\"309\">Pesula, Kemiallinen pesu<\/td>\n<\/tr>\n<tr>\n<td width=\"328\">Vedenpoistopaine:<\/td>\n<td width=\"309\">60 bar<\/td>\n<\/tr>\n<tr>\n<td width=\"328\">Vedenkest\u00e4vyys:<\/td>\n<td width=\"309\">Vedenkest\u00e4v\u00e4<\/td>\n<\/tr>\n<tr>\n<td width=\"328\">Kemiallinen resistanssi:<\/td>\n<td width=\"309\">Pesuaine, huuhteluaine, valkaisuaine (happi\/kloori), alkali<\/td>\n<\/tr>\n<tr>\n<td width=\"328\">Esikuivaus Tumblerissa:<\/td>\n<td width=\"309\">125 \u00baC 15-20 minuuttia<\/td>\n<\/tr>\n<tr>\n<td width=\"328\">Sterilointil\u00e4mp\u00f6tila:<\/td>\n<td width=\"309\">135\u00b0C 15-20 minuuttia<\/td>\n<\/tr>\n<tr>\n<td width=\"328\">Pesul\u00e4mp\u00f6tila:<\/td>\n<td width=\"309\">90\u00b0C, jopa 15 min.<\/td>\n<\/tr>\n<tr>\n<td width=\"328\">Kosteus\/l\u00e4mp\u00f6tila-k\u00e4ytt\u00f6:<\/td>\n<td width=\"309\">-20 - 110 \u00b0C, 8 - 95%RH<\/td>\n<\/tr>\n<tr>\n<td width=\"328\">Kosteus\/l\u00e4mp\u00f6tila-varastointi:<\/td>\n<td width=\"309\">-40 - 110 \u00b0C, 8 - 95%RH<\/td>\n<\/tr>\n<\/tbody>\n<\/table>\n<\/div>\n<div class=\"auto-hide-last-sibling-br paragraph_1252f paragraph-element\"><\/div>\n<\/div>\n<div class=\"auto-hide-last-sibling-br paragraph_1252f paragraph-element\">\n<div data-spm-anchor-id=\"a2700.details.0.i57.23b419c7xXORP0\"><span data-spm-anchor-id=\"a2700.details.0.i75.23b419c7xXORP0\"><b>Ominaisuus:<\/b><br \/>\n1) UHF-tekniikka satojen tunnisteiden lukemiseen samanaikaisesti.<br \/>\n2) Yli 8 jalkaa lukuet\u00e4isyys.<br \/>\n3) Uusi mekaaninen muotoilu parantaa litteiden liinavaatteiden suorituskyky\u00e4.<br \/>\n4) Soveltuu korkeapaineimureille 60 bar asti.<br \/>\n5) Soveltuu autoklaavisterilointiin.<br \/>\n6) Pieni, pehme\u00e4, joustava materiaali sopii erinomaisesti tekstiileille, liinavaatteille, vaatteille ja tarvikkeille.<\/span><\/div>\n<\/div>\n<div data-spm-anchor-id=\"a2700.details.0.i57.23b419c7xXORP0\"><\/div>\n<div data-spm-anchor-id=\"a2700.details.0.i57.23b419c7xXORP0\">\n<div class=\"auto-hide-last-sibling-br paragraph_1252f paragraph-element\"><strong>UHF-pest\u00e4v\u00e4t RFID-kankaiset pesulaput<\/strong> ovat erikoisk\u00e4ytt\u00f6isi\u00e4 RFID-tunnisteita, jotka on luotu erityisesti tekstiileille, jotka k\u00e4yv\u00e4t l\u00e4pi tiukat teolliset pesutoimenpiteet, mukaan lukien sterilointi ja silitys.<\/div>\n<p>&nbsp;<\/p>\n<div class=\"auto-hide-last-sibling-br paragraph_1252f paragraph-element\">N\u00e4ill\u00e4 kangastekstiilipest\u00e4v\u00e4ll\u00e4 UHF RFID -pesutunnisteilla on ratkaiseva rooli liinavaatteiden ja tekstiilien tehokkaassa tunnistamisessa, j\u00e4ljitt\u00e4misess\u00e4 ja hallinnassa. Yrityksille, jotka tarvitsevat jatkuvaa puhtaiden liinavaatteiden, univormujen, ty\u00f6vaatteiden, l\u00e4\u00e4ketieteellisten vaatteiden tai siivoustarvikkeiden kiertoa, n\u00e4m\u00e4 pyykkitunnisteet voivat parantaa huomattavasti automatisoitujen j\u00e4rjestelmien tehokkuutta. Ne mahdollistavat nopeamman ja tarkemman huomattavan m\u00e4\u00e4r\u00e4n yksitt\u00e4isi\u00e4 nimikkeit\u00e4 seurannan, mik\u00e4 parantaa varastonhallintaa ja minimoi h\u00e4vikin. T\u00e4m\u00e4 johtaa merkitt\u00e4viin ajan- ja kustannuss\u00e4\u00e4st\u00f6ihin sek\u00e4 lis\u00e4\u00e4 t\u00e4llaisten laitosten tuottavuutta.<\/div>\n<\/div>\n<div data-spm-anchor-id=\"a2700.details.0.i57.23b419c7xXORP0\"><\/div>\n<div data-spm-anchor-id=\"a2700.details.0.i57.23b419c7xXORP0\">\n<p><img fetchpriority=\"high\" decoding=\"async\" class=\"wp-image-55\" src=\"https:\/\/rfid-laundry-tag.com\/wp-content\/uploads\/2024\/06\/4-300x275.png\" alt=\"RFID Tag for linen laundry\" width=\"605\" height=\"555\" srcset=\"https:\/\/rfid-laundry-tag.com\/wp-content\/uploads\/2024\/06\/4-300x275.png 300w, https:\/\/rfid-laundry-tag.com\/wp-content\/uploads\/2024\/06\/4-600x550.png 600w, https:\/\/rfid-laundry-tag.com\/wp-content\/uploads\/2024\/06\/4-13x12.png 13w, https:\/\/rfid-laundry-tag.com\/wp-content\/uploads\/2024\/06\/4.png 750w\" sizes=\"(max-width: 605px) 100vw, 605px\" \/><\/p>\n<\/div>\n<h3 class=\"wp-block-heading\">Asennus<\/h3>\n<p><strong>Ommelmerkint\u00e4<\/strong>: Ommellaan tekstiilin helmaan. Ompele pyykkilappu pois taittoviivoista.<br \/>\n<strong>Kuumasaumaus<\/strong>: Kuumasaumattava suoraan tekstiilin p\u00e4\u00e4lle +200\u00b0C:ssa (392\u00b0F), 12-14 s.<br \/>\n<strong>Pussissa<\/strong>: Ommeltava kuten tavallinen hoitotarra. Ompele pyykkilappu pois taittoviivoista.<\/p>\n<div class=\"auto-hide-last-sibling-br paragraph_1252f paragraph-element\">\n<div class=\"auto-hide-last-sibling-br paragraph_1252f paragraph-element\">RFID-tekstiilitunniste pellavapesuun tarkoitettuun univormuun ovat v\u00e4ltt\u00e4m\u00e4tt\u00f6mi\u00e4 useilla teollisuudenaloilla, mik\u00e4 edist\u00e4\u00e4 ratkaisevasti tehokasta omaisuuden seurantaa, varastonhallintaa ja yleist\u00e4 toiminnan tehokkuutta. T\u00e4ss\u00e4 on katsaus niiden sovelluksiin eri aloilla:<\/div>\n<div><\/div>\n<p style=\"font-weight: 400;\"><span style=\"font-style: inherit; font-weight: inherit;\" data-spm-anchor-id=\"a2700.details.0.i52.7e74253fSAfL7T\">Miten <\/span><b><strong style=\"font-style: inherit;\">VAHVA<\/strong><\/b><span style=\"font-style: inherit; font-weight: inherit;\"> he ovat ?<\/span><\/p>\n<p><b><strong>\u2460<\/strong><\/b>.Ovatko RFID-sirut vaurioituneet korkeissa l\u00e4mp\u00f6tiloissa?<span style=\"font-style: inherit; font-weight: inherit;\"> \u2013<\/span><b><strong>\u2714 RFID-tekstiilipesulappumme on suunniteltu k\u00e4ytett\u00e4v\u00e4ksi 200 \u00b0C:ssa<\/strong><\/b><span style=\"font-style: inherit; font-weight: inherit;\">.<\/span><\/p>\n<p style=\"font-weight: 400;\"><b><strong>\u2461<\/strong><\/b>Kuinka monta kertaa voimme pest\u00e4 univormutekstiilituotteisiin kiinnitetyt etiketit? <b><strong>\u2013\u2714 RFID-tekstiilipyykkilapumme voidaan pest\u00e4 yli 200 kertaa takuulla 2 vuoden ajan toimituksen j\u00e4lkeen.<\/strong><\/b><\/p>\n<p style=\"font-weight: 400;\"><b><strong>\u2462<\/strong><\/b>Aiomme viett\u00e4\u00e4 arvostettuja univormut tekstiilituotteita, jatkamme ty\u00f6t\u00e4, jos siru murskahtaa? <b><strong>\u2013\u2714Suunnittelimme tekstiilipyykkilappumme kest\u00e4m\u00e4\u00e4n 60 baarin painetta tekstiilituotteidesi puristusprosessissa.<\/strong><\/b><\/p>\n<p style=\"font-weight: 400;\"><b><strong>\u2463<\/strong><\/b>Mihin asetat RFID-tekstiilien pyykkitunnisteet univormutekstiileihin? <b><strong>\u2013 \u2714RFID-tekstiilipesulappu asennetaan univormujen saatavuuden mukaan.<\/strong><\/b><\/p>\n<p>&nbsp;<\/p>\n<\/div>\n<div class=\"auto-hide-last-sibling-br paragraph_1252f paragraph-element\"><\/div>","protected":false},"excerpt":{"rendered":"<p>UHF-pest\u00e4v\u00e4t RFID-kangaspyykkilaput, jotka on valmistettu korkean teknologian UHF-tekniikalla (860-960 MHz), noudattavat kansainv\u00e4lisi\u00e4 standardeja, kuten EPC Class1 Gen2 ja ISO 18000. N\u00e4m\u00e4 UHF-tekstiilipesulapputunnisteet tarjoavat joustavuutta ja kest\u00e4vyytt\u00e4, jotka kest\u00e4v\u00e4t yli 200 pesua. syklit ja paine jopa 60 bar. UHF RFID -kankaisen pyykkitunnisteen erottuva ominaisuus on sen kyky helpottaa massan lukemista muutaman metrin et\u00e4isyydelt\u00e4, mik\u00e4 on eritt\u00e4in tehokas ty\u00f6kalu pyykin hallintaan.<\/p>","protected":false},"featured_media":158,"template":"","meta":{"_kad_post_transparent":"default","_kad_post_title":"","_kad_post_layout":"default","_kad_post_sidebar_id":"","_kad_post_content_style":"default","_kad_post_vertical_padding":"default","_kad_post_feature":"","_kad_post_feature_position":"","_kad_post_header":false,"_kad_post_footer":false,"_kad_post_classname":""},"product_brand":[],"product_cat":[19,16],"product_tag":[31,65,30,73],"class_list":{"0":"post-157","1":"product","2":"type-product","3":"status-publish","4":"has-post-thumbnail","6":"product_cat-textile-rfid-laundry-tag","7":"product_cat-uhf-rfid-laundry-tags","8":"product_tag-rfid-tag-for-linen-laundry","9":"product_tag-textile-rfid-laundry-tags","10":"product_tag-uhf-rfid-laundry-tag","11":"product_tag-uhf-washable-rfid-fabric-laundry-tags","13":"first","14":"instock","15":"featured","16":"shipping-taxable","17":"product-type-simple","18":"entry","19":"content-bg","20":"loop-entry"},"_links":{"self":[{"href":"https:\/\/rfid-laundry-tag.com\/fi\/wp-json\/wp\/v2\/product\/157","targetHints":{"allow":["GET"]}}],"collection":[{"href":"https:\/\/rfid-laundry-tag.com\/fi\/wp-json\/wp\/v2\/product"}],"about":[{"href":"https:\/\/rfid-laundry-tag.com\/fi\/wp-json\/wp\/v2\/types\/product"}],"version-history":[{"count":1,"href":"https:\/\/rfid-laundry-tag.com\/fi\/wp-json\/wp\/v2\/product\/157\/revisions"}],"predecessor-version":[{"id":1920,"href":"https:\/\/rfid-laundry-tag.com\/fi\/wp-json\/wp\/v2\/product\/157\/revisions\/1920"}],"wp:featuredmedia":[{"embeddable":true,"href":"https:\/\/rfid-laundry-tag.com\/fi\/wp-json\/wp\/v2\/media\/158"}],"wp:attachment":[{"href":"https:\/\/rfid-laundry-tag.com\/fi\/wp-json\/wp\/v2\/media?parent=157"}],"wp:term":[{"taxonomy":"product_brand","embeddable":true,"href":"https:\/\/rfid-laundry-tag.com\/fi\/wp-json\/wp\/v2\/product_brand?post=157"},{"taxonomy":"product_cat","embeddable":true,"href":"https:\/\/rfid-laundry-tag.com\/fi\/wp-json\/wp\/v2\/product_cat?post=157"},{"taxonomy":"product_tag","embeddable":true,"href":"https:\/\/rfid-laundry-tag.com\/fi\/wp-json\/wp\/v2\/product_tag?post=157"}],"curies":[{"name":"wp","href":"https:\/\/api.w.org\/{rel}","templated":true}]}}