{"id":151,"date":"2024-06-14T13:40:01","date_gmt":"2024-06-14T13:40:01","guid":{"rendered":"https:\/\/rfid-laundry-tag.com\/?post_type=product&#038;p=151"},"modified":"2024-06-14T15:08:09","modified_gmt":"2024-06-14T15:08:09","slug":"waterproof-washing-rfid-button-tag","status":"publish","type":"product","link":"https:\/\/rfid-laundry-tag.com\/fi\/waterproof-washing-rfid-button-tag\/","title":{"rendered":"Vedenpit\u00e4v\u00e4 pesu RFID-painike"},"content":{"rendered":"<div class=\"J_module\">\n<div class=\"ife-detail-decorate-table\">\n<table class=\"has-title all magic-6\">\n<tbody>\n<tr>\n<td colspan=\"1\" rowspan=\"1\">\n<div class=\"magic-7\" data-spm-anchor-id=\"a2700.details.0.i45.77607d98vZbcDU\"><span class=\"magic-8\" style=\"color: #363535;\">Tuotteen nimi<\/span><\/div>\n<\/td>\n<td colspan=\"1\" rowspan=\"1\">\n<div class=\"magic-9\"><span class=\"magic-8\">Vedenpit\u00e4v\u00e4 pesu RFID-painike<\/span><\/div>\n<\/td>\n<\/tr>\n<tr>\n<td colspan=\"1\" rowspan=\"1\">\n<div class=\"magic-7\"><span class=\"magic-10\" data-spm-anchor-id=\"a2700.pc-decorate.0.i10.28d333330XLbTD\"><span class=\"magic-8\">Materiaali<\/span><\/span><\/div>\n<\/td>\n<td colspan=\"1\" rowspan=\"1\">\n<div class=\"magic-9\"><span class=\"magic-8\">PPS<\/span><\/div>\n<\/td>\n<\/tr>\n<tr>\n<td colspan=\"1\" rowspan=\"1\">\n<div class=\"magic-7\"><span class=\"magic-8\">V\u00e4ri<\/span><\/div>\n<\/td>\n<td colspan=\"1\" rowspan=\"1\">\n<div class=\"magic-9\"><span class=\"magic-8\">Musta<\/span><\/div>\n<\/td>\n<\/tr>\n<tr>\n<td colspan=\"1\" rowspan=\"1\">MOQ<\/td>\n<td colspan=\"1\" rowspan=\"1\">500 kpl<\/td>\n<\/tr>\n<tr>\n<td colspan=\"1\" rowspan=\"1\">\n<div class=\"magic-7\"><span class=\"magic-8\">Valmistaja\/siru<\/span><\/div>\n<\/td>\n<td colspan=\"1\" rowspan=\"1\">\n<div class=\"magic-9\"><span class=\"magic-8\">NXP UCODE 8, UCODE 9\/NTAG213, Mifare 1k\/EM4200, EM4305, T5577.TK4100 jne.<\/span><\/div>\n<\/td>\n<\/tr>\n<tr>\n<td colspan=\"1\" rowspan=\"1\">\n<div class=\"magic-7\"><span class=\"magic-8\">Taajuus<\/span><\/div>\n<\/td>\n<td colspan=\"1\" rowspan=\"1\">\n<div class=\"magic-9\"><span class=\"magic-8\">860-960MHz\/13,56MHz\/125Khz<\/span><\/div>\n<\/td>\n<\/tr>\n<tr>\n<td colspan=\"1\" rowspan=\"1\">\n<div class=\"magic-7\"><span class=\"magic-8\">Muisti<\/span><\/div>\n<\/td>\n<td colspan=\"1\" rowspan=\"1\">\n<div class=\"magic-9\"><span class=\"magic-8\">96 bitti\u00e4\/128 bitti\u00e4\/144 tavua<\/span><\/div>\n<\/td>\n<\/tr>\n<tr>\n<td colspan=\"1\" rowspan=\"1\">\n<div class=\"magic-7\"><span class=\"magic-8\">Lue Et\u00e4isyys<\/span><\/div>\n<\/td>\n<td colspan=\"1\" rowspan=\"1\">\n<div class=\"magic-9\"><span class=\"magic-8\">1-6m\/1-5cm\/1-2cm<\/span><\/div>\n<\/td>\n<\/tr>\n<tr>\n<td colspan=\"1\" rowspan=\"1\">\n<div class=\"magic-7\"><span class=\"magic-8\">Ty\u00f6tila<\/span><\/div>\n<\/td>\n<td colspan=\"1\" rowspan=\"1\">\n<div class=\"magic-9\"><span class=\"magic-8\">passiivinen<\/span><\/div>\n<\/td>\n<\/tr>\n<tr>\n<td colspan=\"1\" rowspan=\"1\">\n<div class=\"magic-7\"><span class=\"magic-8\">Ty\u00f6skentelyl\u00e4mp\u00f6tila<\/span><\/div>\n<\/td>\n<td colspan=\"1\" rowspan=\"1\">\n<div class=\"magic-9\"><span class=\"magic-8\">-25 \u2103 ~ +110 \u2103<\/span><\/div>\n<\/td>\n<\/tr>\n<tr>\n<td colspan=\"1\" rowspan=\"1\">\n<div class=\"magic-7\"><span class=\"magic-8\">S\u00e4ilytysl\u00e4mp\u00f6tila<\/span><\/div>\n<\/td>\n<td colspan=\"1\" rowspan=\"1\">\n<div class=\"magic-9\"><span class=\"magic-8\">-40 \u2103 ~ +85 \u2103<\/span><\/div>\n<\/td>\n<\/tr>\n<tr>\n<td colspan=\"1\" rowspan=\"1\">\n<div class=\"magic-7\">\n<div><span class=\"magic-8\">\u00a0<\/span><\/div>\n<p><span class=\"magic-8\">Lyhytaikainen l\u00e4mm\u00f6nkest\u00e4vyys<\/span><\/p>\n<\/div>\n<\/td>\n<td colspan=\"1\" rowspan=\"1\">\n<div class=\"magic-9\"><span class=\"magic-8\">pesu: 90 \u2103, 15 minuuttia; muuntimen esikuivaus: 180 \u2103, 30 minuuttia, 200 kertaa; silitys: 180 \u2103, 10 sekuntia, 200 kertaa; korkea<br \/>\nl\u00e4mp\u00f6tilasterilointi: 135 \u2103, 20 minuuttia<\/span><\/div>\n<\/td>\n<\/tr>\n<tr>\n<td colspan=\"1\" rowspan=\"1\">\n<div class=\"magic-7\"><span class=\"magic-8\">ominaisuudet<\/span><\/div>\n<\/td>\n<td colspan=\"1\" rowspan=\"1\">\n<div class=\"magic-9\"><span class=\"magic-8\">vedenpit\u00e4v\u00e4, pest\u00e4v\u00e4, korkeita l\u00e4mp\u00f6tiloja kest\u00e4v\u00e4<\/span><\/div>\n<\/td>\n<\/tr>\n<tr>\n<td colspan=\"1\" rowspan=\"1\">\n<div class=\"magic-7\"><span class=\"magic-8\">El\u00e4m\u00e4<\/span><\/div>\n<\/td>\n<td colspan=\"1\" rowspan=\"1\">\n<div class=\"magic-9\"><span class=\"magic-8\">pesu 200 kertaa tai 3 vuotta<\/span><\/div>\n<\/td>\n<\/tr>\n<tr>\n<td colspan=\"1\" rowspan=\"1\">\n<div class=\"magic-7\"><span class=\"magic-8\">Sovellukset<\/span><\/div>\n<\/td>\n<td colspan=\"1\" rowspan=\"1\">\n<div class=\"magic-9\"><span class=\"magic-8\">pyykin hallinta ja seuranta<\/span><\/div>\n<\/td>\n<\/tr>\n<\/tbody>\n<\/table>\n<\/div>\n<\/div>\n<div class=\"J_module\">\n<div class=\"detail-decorate-json-renderer-container\">\n<div class=\"magic-1\">\n<div class=\"magic-2\">\n<div><\/div>\n<div><strong>UHF RFID PPS -painikkeen pyykkitunnisteet<\/strong> ovat pienikokoisia, h\u00f6yhenenpainoisia RFID-indikaattoreita, jotka on erityisesti suunniteltu liinavaatteiden seurantaan. N\u00e4iden tunnisteiden muotoilu tekee niist\u00e4 sopivia vaatteiden ja erilaisten tekstiilien kiinnitt\u00e4miseen. Ne voidaan havaita useiden metrien p\u00e4\u00e4st\u00e4 UHF RFID -skannereilla. Tyypillisesti n\u00e4m\u00e4 tunnisteet kiinnitet\u00e4\u00e4n vaatteisiin, kuten sukkiin, paitoihin ja pyyhkeisiin. Ne toimivat kustannustehokkaana ja tehokkaana menetelm\u00e4n\u00e4 seurata n\u00e4iden vaatteiden liikkumista pyykin sis\u00e4ll\u00e4, mik\u00e4 minimoi kadonneiden tai kadonneiden kappaleiden m\u00e4\u00e4r\u00e4n. N\u00e4iden tunnisteiden ainutlaatuinen napityyli mahdollistaa niiden kiinnitt\u00e4misen vaivattomasti vaatteisiin. T\u00e4llainen j\u00e4rjestelm\u00e4 mullistaa perinteisen pyykinpesun seurannan, mik\u00e4 tekee siit\u00e4 voimavaran suurten pyykki- ja tekstiilim\u00e4\u00e4rien hallinnassa laitosymp\u00e4rist\u00f6iss\u00e4, tehostaen tehokkuutta ja v\u00e4hent\u00e4en h\u00e4vikki\u00e4.<\/div>\n<div><\/div>\n<\/div>\n<p><strong>Siruvaihtoehdot:<\/strong><\/p>\n<ul>\n<li><strong>NXP UCODE 8\/9:<\/strong>\u00a0Kustannustehokkaat sirut, jotka ovat ihanteellisia perusseurantaan ja tunnistamiseen, tarjoavat jopa 10 metrin lukuet\u00e4isyyden.<\/li>\n<li><strong>NTAG213:<\/strong>\u00a0NFC-yhteensopiva siru, joka mahdollistaa viestinn\u00e4n \u00e4lypuhelimien ja muiden NFC-laitteiden kanssa, sopii erinomaisesti sovelluksiin, kuten l\u00e4himaksuihin tai tuotetietojen k\u00e4ytt\u00f6\u00f6n.<\/li>\n<li><strong>Mifare 1k:<\/strong>\u00a0Suojattu siru vahvoilla salaus- ja todennusominaisuuksilla, joka sopii kulunvalvontaan ja suojattuun tietojen tallennukseen.<\/li>\n<li><strong>EM4305:<\/strong>\u00a0Edullinen siru peruskulunvalvontasovelluksiin, joiden lukuet\u00e4isyys on jopa 1 metri.<\/li>\n<li><strong>T5577:<\/strong>\u00a0Toinen edullinen siru kulunvalvonta- ja lippuj\u00e4rjestelmiin, joka tarjoaa jopa 1 metrin lukuet\u00e4isyyden.<\/li>\n<\/ul>\n<div class=\"magic-2\">\n<div class=\"auto-hide-last-sibling-br paragraph_1252f paragraph-element\">\n<div class=\"auto-hide-last-sibling-br paragraph_1252f paragraph-element\"><strong>Sovellukset:<\/strong><\/div>\n<ol class=\"auto-hide-last-sibling-br\">\n<li>\n<div class=\"auto-hide-last-sibling-br paragraph_1252f paragraph-element\">Teolliset pesulat: Teollisessa ymp\u00e4rist\u00f6ss\u00e4 suurten liinavaatteiden j\u00e4ljitt\u00e4minen on helppoa RFID-pesutunnistepainikkeiden avulla.<\/div>\n<\/li>\n<li>\n<div class=\"auto-hide-last-sibling-br paragraph_1252f paragraph-element\">Terveydenhuoltolaitokset ja hotellit: T\u00e4llaiset laitokset hoitavat usein suuria m\u00e4\u00e4ri\u00e4 pesulatoimintoja, joissa tunnisteet parantavat jatkuvasti tehokkuutta ja virtaviivaistavat varastonhallintaa.<\/div>\n<\/li>\n<li>\n<div class=\"auto-hide-last-sibling-br paragraph_1252f paragraph-element\">Liinavaatteiden vuokraus: Liinavaatteiden vuokrauspalvelualan yritykset hy\u00f6dynt\u00e4v\u00e4t n\u00e4it\u00e4 tunnisteita yksinkertaistaakseen varastonhallintaa ja yll\u00e4pit\u00e4\u00e4kseen laadunvalvontaa.<\/div>\n<\/li>\n<\/ol>\n<div class=\"auto-hide-last-sibling-br paragraph_1252f paragraph-element\">\n<p>&nbsp;<\/p>\n<\/div>\n<\/div>\n<div class=\"auto-hide-last-sibling-br paragraph_1252f paragraph-element\"><\/div>\n<\/div>\n<\/div>\n<\/div>\n<\/div>","protected":false},"excerpt":{"rendered":"<p>Vedenpit\u00e4v\u00e4 pesu RFID-painiketunniste, jota kutsutaan yleisesti pest\u00e4v\u00e4ksi PPS RFID -pesutunnisteeksi, on mittatilausty\u00f6n\u00e4 valmistettu, tukeva laite, joka on suunniteltu erityisesti sovelluksiin, jotka vaativat tunnisteita, jotka kest\u00e4v\u00e4t haastavia olosuhteita. Vaikka UHF-pesutranspondereita suositaan laajalti nykyp\u00e4iv\u00e4n markkinoilla, tietyt skenaariot edellytt\u00e4v\u00e4t mobiilisovellusyst\u00e4v\u00e4llisi\u00e4 RFID-painiketunnisteita. Painiketyyppiset RFID-pesutransponderit t\u00e4ytt\u00e4v\u00e4t n\u00e4m\u00e4 vaatimukset tehokkaasti. Niiden mukautumiskyky ja huippuluokan suorituskyky tarjoavat merkitt\u00e4vi\u00e4 etuja teollisuuspyykin ja tekstiilien j\u00e4ljitt\u00e4misess\u00e4 ja tunnistamisessa useilla aloilla.<\/p>","protected":false},"featured_media":154,"template":"","meta":{"_kad_post_transparent":"default","_kad_post_title":"","_kad_post_layout":"default","_kad_post_sidebar_id":"","_kad_post_content_style":"default","_kad_post_vertical_padding":"default","_kad_post_feature":"","_kad_post_feature_position":"","_kad_post_header":false,"_kad_post_footer":false,"_kad_post_classname":""},"product_brand":[],"product_cat":[21,18,17,16],"product_tag":[43,35,50,44],"class_list":{"0":"post-151","1":"product","2":"type-product","3":"status-publish","4":"has-post-thumbnail","6":"product_cat-pps-rfid-laundry-tag","7":"product_cat-125khz-rfid-laundry-tag","8":"product_cat-nfc-rfid-laundry-tag","9":"product_cat-uhf-rfid-laundry-tags","10":"product_tag-pps-rfid-washable-laundry-tags","11":"product_tag-rfid-button","12":"product_tag-rfid-laundry-tag-pps","13":"product_tag-rfid-washable-laundry-tags","15":"first","16":"instock","17":"shipping-taxable","18":"product-type-simple","19":"entry","20":"content-bg","21":"loop-entry"},"_links":{"self":[{"href":"https:\/\/rfid-laundry-tag.com\/fi\/wp-json\/wp\/v2\/product\/151","targetHints":{"allow":["GET"]}}],"collection":[{"href":"https:\/\/rfid-laundry-tag.com\/fi\/wp-json\/wp\/v2\/product"}],"about":[{"href":"https:\/\/rfid-laundry-tag.com\/fi\/wp-json\/wp\/v2\/types\/product"}],"version-history":[{"count":0,"href":"https:\/\/rfid-laundry-tag.com\/fi\/wp-json\/wp\/v2\/product\/151\/revisions"}],"wp:featuredmedia":[{"embeddable":true,"href":"https:\/\/rfid-laundry-tag.com\/fi\/wp-json\/wp\/v2\/media\/154"}],"wp:attachment":[{"href":"https:\/\/rfid-laundry-tag.com\/fi\/wp-json\/wp\/v2\/media?parent=151"}],"wp:term":[{"taxonomy":"product_brand","embeddable":true,"href":"https:\/\/rfid-laundry-tag.com\/fi\/wp-json\/wp\/v2\/product_brand?post=151"},{"taxonomy":"product_cat","embeddable":true,"href":"https:\/\/rfid-laundry-tag.com\/fi\/wp-json\/wp\/v2\/product_cat?post=151"},{"taxonomy":"product_tag","embeddable":true,"href":"https:\/\/rfid-laundry-tag.com\/fi\/wp-json\/wp\/v2\/product_tag?post=151"}],"curies":[{"name":"wp","href":"https:\/\/api.w.org\/{rel}","templated":true}]}}