{"id":145,"date":"2024-06-14T10:04:26","date_gmt":"2024-06-14T10:04:26","guid":{"rendered":"https:\/\/rfid-laundry-tag.com\/?post_type=product&#038;p=145"},"modified":"2024-09-08T04:26:06","modified_gmt":"2024-09-08T04:26:06","slug":"uhf-rfid-textile-label","status":"publish","type":"product","link":"https:\/\/rfid-laundry-tag.com\/fi\/uhf-rfid-textile-label\/","title":{"rendered":"UHF RFID -tekstiilitarra"},"content":{"rendered":"<div>\n<div class=\"auto-hide-last-sibling-br paragraph_1252f paragraph-element\">\n<table width=\"637\">\n<tbody>\n<tr>\n<td width=\"328\">Tuotteen nimi:<\/td>\n<td width=\"309\">UHF RFID -tekstiilitarra<\/td>\n<\/tr>\n<tr>\n<td width=\"328\">RFID-standardi:<\/td>\n<td width=\"309\">ISO\/IEC 18000-6 TypeC (EPC Gen2)<\/td>\n<\/tr>\n<tr>\n<td width=\"328\">Koko ja paino:<\/td>\n<td width=\"309\">70 \u00d7 15 mm, 0,6 g<\/td>\n<\/tr>\n<tr>\n<td width=\"328\">Sirun tyyppi:<\/td>\n<td width=\"309\">Impinj Monza 4QT, NXP U CODE 8, NXP U CODE 9<\/td>\n<\/tr>\n<tr>\n<td width=\"328\">EPC-muisti:<\/td>\n<td width=\"309\">128 bitti\u00e4<\/td>\n<\/tr>\n<tr>\n<td width=\"328\">K\u00e4ytt\u00e4j\u00e4n muisti:<\/td>\n<td width=\"309\">512 bitti\u00e4<\/td>\n<\/tr>\n<tr>\n<td width=\"328\">Lukualue (2W ERP FCC):<\/td>\n<td width=\"309\">8 m<\/td>\n<\/tr>\n<tr>\n<td width=\"328\">Lukualue (2W ERP ETSI):<\/td>\n<td width=\"309\">8 m<\/td>\n<\/tr>\n<tr>\n<td width=\"328\">Tunnisteet:<\/td>\n<td width=\"309\">Ompelu, kuumaleimausliima<\/td>\n<\/tr>\n<tr>\n<td width=\"328\">Arvioitu k\u00e4ytt\u00f6ik\u00e4:<\/td>\n<td width=\"309\">200 pesujaksoa tai 3 vuotta sen mukaan, kumpi tulee ensin<\/td>\n<\/tr>\n<tr>\n<td width=\"328\">Pesumenetelm\u00e4:<\/td>\n<td width=\"309\">Pesula, Kemiallinen pesu<\/td>\n<\/tr>\n<tr>\n<td width=\"328\">Vedenpoistopaine:<\/td>\n<td width=\"309\">60 bar<\/td>\n<\/tr>\n<tr>\n<td width=\"328\">Vedenkest\u00e4vyys:<\/td>\n<td width=\"309\">Vedenkest\u00e4v\u00e4<\/td>\n<\/tr>\n<tr>\n<td width=\"328\">Kemiallinen resistanssi:<\/td>\n<td width=\"309\">Pesuaine, huuhteluaine, valkaisuaine (happi\/kloori), alkali<\/td>\n<\/tr>\n<tr>\n<td width=\"328\">Esikuivaus Tumblerissa:<\/td>\n<td width=\"309\">125 \u00baC 15-20 minuuttia<\/td>\n<\/tr>\n<tr>\n<td width=\"328\">Sterilointil\u00e4mp\u00f6tila:<\/td>\n<td width=\"309\">135\u00b0C 15-20 minuuttia<\/td>\n<\/tr>\n<tr>\n<td width=\"328\">Pesul\u00e4mp\u00f6tila:<\/td>\n<td width=\"309\">90\u00b0C, jopa 15 min.<\/td>\n<\/tr>\n<tr>\n<td width=\"328\">Kosteus\/l\u00e4mp\u00f6tila-k\u00e4ytt\u00f6:<\/td>\n<td width=\"309\">-20 - 110 \u00b0C, 8 - 95%RH<\/td>\n<\/tr>\n<tr>\n<td width=\"328\">Kosteus\/l\u00e4mp\u00f6tila-varastointi:<\/td>\n<td width=\"309\">-40 - 110 \u00b0C, 8 - 95%RH<\/td>\n<\/tr>\n<\/tbody>\n<\/table>\n<\/div>\n<div class=\"auto-hide-last-sibling-br paragraph_1252f paragraph-element\"><\/div>\n<\/div>\n<div class=\"auto-hide-last-sibling-br paragraph_1252f paragraph-element\">\n<div data-spm-anchor-id=\"a2700.details.0.i57.23b419c7xXORP0\"><span data-spm-anchor-id=\"a2700.details.0.i75.23b419c7xXORP0\"><b>Ominaisuus:<\/b><br \/>\n1) UHF-tekniikka satojen tunnisteiden lukemiseen samanaikaisesti.<br \/>\n2) Yli 8 jalkaa lukuet\u00e4isyys.<br \/>\n3) Uusi mekaaninen muotoilu parantaa litteiden liinavaatteiden suorituskyky\u00e4.<br \/>\n4) Soveltuu korkeapaineimureille 60 bar asti.<br \/>\n5) Soveltuu autoklaavisterilointiin.<br \/>\n6) Pieni, pehme\u00e4, joustava materiaali sopii erinomaisesti tekstiileille, liinavaatteille, vaatteille ja tarvikkeille.<\/span><\/div>\n<\/div>\n<div data-spm-anchor-id=\"a2700.details.0.i57.23b419c7xXORP0\"><\/div>\n<div data-spm-anchor-id=\"a2700.details.0.i57.23b419c7xXORP0\">\n<p><img fetchpriority=\"high\" decoding=\"async\" class=\"wp-image-55\" src=\"https:\/\/rfid-laundry-tag.com\/wp-content\/uploads\/2024\/06\/4-300x275.png\" alt=\"RFID Tag for linen laundry\" width=\"605\" height=\"555\" srcset=\"https:\/\/rfid-laundry-tag.com\/wp-content\/uploads\/2024\/06\/4-300x275.png 300w, https:\/\/rfid-laundry-tag.com\/wp-content\/uploads\/2024\/06\/4-600x550.png 600w, https:\/\/rfid-laundry-tag.com\/wp-content\/uploads\/2024\/06\/4-13x12.png 13w, https:\/\/rfid-laundry-tag.com\/wp-content\/uploads\/2024\/06\/4.png 750w\" sizes=\"(max-width: 605px) 100vw, 605px\" \/><\/p>\n<\/div>\n<h3 class=\"wp-block-heading\">Asennus<\/h3>\n<p><strong>Ommelmerkint\u00e4<\/strong>: Ommellaan tekstiilin helmaan. Ompele pyykkilappu pois taittoviivoista.<br \/>\n<strong>Kuumasaumaus<\/strong>: Kuumasaumattava suoraan tekstiilin p\u00e4\u00e4lle +200\u00b0C:ssa (392\u00b0F), 12-14 s.<br \/>\n<strong>Pussissa<\/strong>: Ommeltava kuten tavallinen hoitotarra. Ompele pyykkilappu pois taittoviivoista.<\/p>\n<div class=\"auto-hide-last-sibling-br paragraph_1252f paragraph-element\">\n<div class=\"auto-hide-last-sibling-br paragraph_1252f paragraph-element\">RFID-tekstiilitunniste pellavapesuun tarkoitettuun univormuun ovat v\u00e4ltt\u00e4m\u00e4tt\u00f6mi\u00e4 useilla teollisuudenaloilla, mik\u00e4 edist\u00e4\u00e4 ratkaisevasti tehokasta omaisuuden seurantaa, varastonhallintaa ja yleist\u00e4 toiminnan tehokkuutta. T\u00e4ss\u00e4 on katsaus niiden sovelluksiin eri aloilla:<\/div>\n<\/div>\n<h1 id=\"hero-title\" class=\"sp-hero-title\">UCODE 9xe: UCODE 9 enemm\u00e4n EPC-muistia<\/h1>\n<p>T\u00e4m\u00e4 128 bitin EPC-muistia tarjoava UCODE 9 -versio voi tallentaa t\u00e4rkeit\u00e4 m\u00e4\u00e4ritteit\u00e4, kuten viimeinen k\u00e4ytt\u00f6p\u00e4iv\u00e4 tai tuotantotiedot, suoraan IC:lle. N\u00e4in IoT-sovellukset voivat olla entist\u00e4 \u00e4lykk\u00e4\u00e4mpi\u00e4.<\/p>\n<p>UCODE 9xe on suunniteltu korvaamaan korkean suorituskyvyn UCODE 9, ja siin\u00e4 on sama ominaisuussarja, RF-suorituskyky ja yhteensopivuus Auburn ARC -sertifioitujen antennien kanssa kuin UCODE 9, mutta siin\u00e4 on 128 bitti\u00e4 elektronista tuotekoodia (EPC). muisti tukee laajempaa IoT-k\u00e4ytt\u00f6tapauksia. Tuloksena on RAIN RFID -tunniste, josta on hy\u00f6ty\u00e4 sek\u00e4 tuotemerkkien omistajille, j\u00e4lleenmyyjille ett\u00e4 kuluttajille.<\/p>\n<h3>ominaisuudet<\/h3>\n<div id=\"featuresXsp\" class=\"features-list\">\n<div class=\"features-xsp\">\n<div class=\"collapse-mobile ste-list-ul\">\n<ul class=\"boxes\">\n<li>Lukuherkkyys: 24 dBm<\/li>\n<li>Kirjoitusherkkyys: 22 dBm<\/li>\n<li>128-bittinen EPC-muisti<\/li>\n<li>Drop-in-korvaus UCODE 9:lle \/ UCODE 8:lle<\/li>\n<li>Itses\u00e4\u00e4tyv\u00e4<\/li>\n<li>Muistin suojaus<\/li>\n<li>96-bittisen EPC:n esisarjoittaminen<\/li>\n<\/ul>\n<\/div>\n<\/div>\n<\/div>\n<div class=\"auto-hide-last-sibling-br paragraph_1252f paragraph-element\">\n<p>&nbsp;<\/p>\n<\/div>","protected":false},"excerpt":{"rendered":"<p>UHF RFID -tekstiilitarrat on suunniteltu toimimaan virheett\u00f6m\u00e4sti huolimatta kovista pesuprosesseista, mukaan lukien sterilointi, pesu korkeassa l\u00e4mp\u00f6tilassa, puhdistus, kuivaus ja puristus.<\/p>","protected":false},"featured_media":146,"template":"","meta":{"_kad_post_transparent":"default","_kad_post_title":"","_kad_post_layout":"default","_kad_post_sidebar_id":"","_kad_post_content_style":"default","_kad_post_vertical_padding":"default","_kad_post_feature":"","_kad_post_feature_position":"","_kad_post_header":false,"_kad_post_footer":false,"_kad_post_classname":""},"product_brand":[],"product_cat":[19,16],"product_tag":[65,30,68],"class_list":{"0":"post-145","1":"product","2":"type-product","3":"status-publish","4":"has-post-thumbnail","6":"product_cat-textile-rfid-laundry-tag","7":"product_cat-uhf-rfid-laundry-tags","8":"product_tag-textile-rfid-laundry-tags","9":"product_tag-uhf-rfid-laundry-tag","10":"product_tag-uhf-rfid-textile-label","12":"first","13":"instock","14":"featured","15":"shipping-taxable","16":"product-type-simple","17":"entry","18":"content-bg","19":"loop-entry"},"_links":{"self":[{"href":"https:\/\/rfid-laundry-tag.com\/fi\/wp-json\/wp\/v2\/product\/145","targetHints":{"allow":["GET"]}}],"collection":[{"href":"https:\/\/rfid-laundry-tag.com\/fi\/wp-json\/wp\/v2\/product"}],"about":[{"href":"https:\/\/rfid-laundry-tag.com\/fi\/wp-json\/wp\/v2\/types\/product"}],"version-history":[{"count":1,"href":"https:\/\/rfid-laundry-tag.com\/fi\/wp-json\/wp\/v2\/product\/145\/revisions"}],"predecessor-version":[{"id":1299,"href":"https:\/\/rfid-laundry-tag.com\/fi\/wp-json\/wp\/v2\/product\/145\/revisions\/1299"}],"wp:featuredmedia":[{"embeddable":true,"href":"https:\/\/rfid-laundry-tag.com\/fi\/wp-json\/wp\/v2\/media\/146"}],"wp:attachment":[{"href":"https:\/\/rfid-laundry-tag.com\/fi\/wp-json\/wp\/v2\/media?parent=145"}],"wp:term":[{"taxonomy":"product_brand","embeddable":true,"href":"https:\/\/rfid-laundry-tag.com\/fi\/wp-json\/wp\/v2\/product_brand?post=145"},{"taxonomy":"product_cat","embeddable":true,"href":"https:\/\/rfid-laundry-tag.com\/fi\/wp-json\/wp\/v2\/product_cat?post=145"},{"taxonomy":"product_tag","embeddable":true,"href":"https:\/\/rfid-laundry-tag.com\/fi\/wp-json\/wp\/v2\/product_tag?post=145"}],"curies":[{"name":"wp","href":"https:\/\/api.w.org\/{rel}","templated":true}]}}