{"id":143,"date":"2024-06-14T09:55:34","date_gmt":"2024-06-14T09:55:34","guid":{"rendered":"https:\/\/rfid-laundry-tag.com\/?post_type=product&#038;p=143"},"modified":"2024-09-26T04:10:00","modified_gmt":"2024-09-26T04:10:00","slug":"textile-rfid-tags-for-laundry","status":"publish","type":"product","link":"https:\/\/rfid-laundry-tag.com\/fi\/textile-rfid-tags-for-laundry\/","title":{"rendered":"Tekstiilien RFID-tunnisteet pyykinpesuun"},"content":{"rendered":"<div>\n<div class=\"auto-hide-last-sibling-br paragraph_1252f paragraph-element\">\n<h1>Tekstiilien RFID-tunnisteet pyykinpesuun<\/h1>\n<table width=\"593\">\n<tbody>\n<tr>\n<td width=\"233\">RF Air Protocol<\/td>\n<td colspan=\"4\" width=\"360\">EPC Global Class 1 Gen2 ISO18000-6C<\/td>\n<\/tr>\n<tr>\n<td width=\"233\">Toimintataajuus<\/td>\n<td colspan=\"4\" width=\"360\">UHF 866\u2013868 MHz (ETSI) \/ UHF 902\u2013928 MHz (FCC)<\/td>\n<\/tr>\n<tr>\n<td width=\"233\">Ymp\u00e4rist\u00f6n yhteensopivuus<\/td>\n<td colspan=\"4\" width=\"360\">Optimoitu ilmassa<\/td>\n<\/tr>\n<tr>\n<td width=\"233\">Tietojen s\u00e4ilytysaika<\/td>\n<td colspan=\"4\" width=\"360\">50 vuotta<\/td>\n<\/tr>\n<tr>\n<td width=\"233\">Lue Range<\/td>\n<td colspan=\"4\" width=\"360\">Jopa 5,5 m (metallista pois)<\/td>\n<\/tr>\n<tr>\n<td width=\"233\">Polarisaatio<\/td>\n<td colspan=\"4\" width=\"360\">Lineaarinen<\/td>\n<\/tr>\n<tr>\n<td width=\"233\">IC-tyyppi<\/td>\n<td colspan=\"4\" width=\"360\">NXP U CODE 8, U CODE 9 jne<\/td>\n<\/tr>\n<tr>\n<td width=\"233\">Muistin konfigurointi<\/td>\n<td colspan=\"4\" width=\"360\">EPC 128-bittinen TID 96-bittinen k\u00e4ytt\u00e4j\u00e4 32-bittinen<\/td>\n<\/tr>\n<tr>\n<td colspan=\"5\" width=\"593\">Mekaaniset erittelyt<\/td>\n<\/tr>\n<tr>\n<td width=\"233\">Pintamateriaalit<\/td>\n<td colspan=\"4\" width=\"360\">Tekstiili<\/td>\n<\/tr>\n<tr>\n<td width=\"233\">Mitat (mm)<\/td>\n<td colspan=\"4\" width=\"360\">15*70*1,5 mm<\/td>\n<\/tr>\n<tr>\n<td width=\"233\">Paino (g)<\/td>\n<td colspan=\"4\" width=\"360\">0,7 g<\/td>\n<\/tr>\n<tr>\n<td rowspan=\"2\" width=\"233\">Liite<\/td>\n<td colspan=\"4\" width=\"360\">Ompele helma tai kudottu etiketti<\/td>\n<\/tr>\n<tr>\n<td colspan=\"4\" width=\"360\">Kuumasaumaus 215 \u2103 @ 15 sekuntia ja 4 baaria<\/td>\n<\/tr>\n<tr>\n<td width=\"233\">V\u00e4ri<\/td>\n<td colspan=\"4\" width=\"360\">Valkoinen<\/td>\n<\/tr>\n<tr>\n<td colspan=\"5\" width=\"593\">Ymp\u00e4rist\u00f6metallien erittelyt<\/td>\n<\/tr>\n<tr>\n<td width=\"233\">K\u00e4ytt\u00f6l\u00e4mp\u00f6tila<\/td>\n<td colspan=\"4\" width=\"360\">-30\u00b0C - +85\u00b0C<\/td>\n<\/tr>\n<tr>\n<td width=\"233\">Ymp\u00e4rist\u00f6n l\u00e4mp\u00f6tila<\/td>\n<td colspan=\"4\" width=\"360\">-30\u00b0C - +100\u00b0C<\/td>\n<\/tr>\n<tr>\n<td width=\"233\">Mekaaninen vastus<\/td>\n<td colspan=\"4\" width=\"360\">60 baaria<\/td>\n<\/tr>\n<tr>\n<td width=\"233\">Kemiallinen resistanssi<\/td>\n<td colspan=\"4\" width=\"360\">Tavallisia yleisi\u00e4 kemikaaleja pesuprosesseissa<\/td>\n<\/tr>\n<tr>\n<td rowspan=\"4\" width=\"233\">L\u00e4mm\u00f6nkest\u00e4vyys<\/td>\n<td colspan=\"4\" width=\"360\">Pesu: 90 \u2103, 15 min, 200 pesukertaa<\/td>\n<\/tr>\n<tr>\n<td colspan=\"4\" width=\"360\">Esikuivaus: 180\u2103, 30 min<\/td>\n<\/tr>\n<tr>\n<td colspan=\"4\" width=\"360\">Silitys: 180 \u2103, 10 s, 200 sykli\u00e4<\/td>\n<\/tr>\n<tr>\n<td colspan=\"4\" width=\"360\">Sterilointi: 135\u2103, 20 min<\/td>\n<\/tr>\n<tr>\n<td width=\"233\">IP-luokitus<\/td>\n<td colspan=\"4\" width=\"360\">IP68<\/td>\n<\/tr>\n<tr>\n<td width=\"233\">Takuu<\/td>\n<td colspan=\"4\" width=\"360\">2 vuotta tai 200 pesukertaa<\/td>\n<\/tr>\n<\/tbody>\n<\/table>\n<\/div>\n<\/div>\n<div>\n<div>\n<h2>UHF RFID -pesutunnisteiden edut<\/h2>\n<p>Sijoittaminen\u00a0<strong>UHF RFID -pesutunnisteet<\/strong>\u00a0on \u00e4lyk\u00e4s p\u00e4\u00e4t\u00f6s mihin tahansa pesuun, joka haluaa parantaa tuottavuutta ja tarkkuutta. T\u00e4ss\u00e4 on joitain vakuuttavia etuja:<\/p>\n<ul>\n<li><strong>Paranneltu seuranta<\/strong>: RFID-tekniikan avulla voit seurata jokaista pyykki\u00e4 sen matkan ajan pesusta toimitukseen. N\u00e4in varmistetaan, ett\u00e4 mik\u00e4\u00e4n esine ei katoa prosessin aikana.<\/li>\n<li><strong>Kest\u00e4vyys<\/strong>: Tunnisteet on suunniteltu kest\u00e4m\u00e4\u00e4n korkeita l\u00e4mp\u00f6tiloja, useita pesuja ja jopa teollisuuspesuloiden rasitusta, joten ne sopivat ihanteellisesti pitk\u00e4aikaiseen k\u00e4ytt\u00f6\u00f6n.<\/li>\n<li><strong>Kustannustehokas<\/strong>: V\u00e4hent\u00e4m\u00e4ll\u00e4 h\u00e4vi\u00f6it\u00e4 ja parantamalla varastonhallintaa RFID-pesutunnisteet mahdollistavat viime k\u00e4dess\u00e4 merkitt\u00e4vi\u00e4 kustannuss\u00e4\u00e4st\u00f6j\u00e4.<\/li>\n<\/ul>\n<h2>UHF RFID -pesutunnisteiden t\u00e4rkeimm\u00e4t ominaisuudet<\/h2>\n<h3>1.\u00a0<strong>Pest\u00e4v\u00e4 muotoilu pitk\u00e4ik\u00e4iseksi<\/strong><\/h3>\n<p>Meid\u00e4n\u00a0<strong>RFID-kankaiset pyykkitunnisteet<\/strong>\u00a0Ne on suunniteltu kest\u00e4m\u00e4\u00e4n yli 200 pesukertaa, mik\u00e4 takaa luotettavuuden ja kest\u00e4vyyden. N\u00e4m\u00e4 tunnisteet on erityisesti suunniteltu kest\u00e4m\u00e4\u00e4n \u00e4\u00e4rimm\u00e4isi\u00e4 pesuolosuhteita suorituskyky\u00e4 heikent\u00e4m\u00e4tt\u00e4. Ne kest\u00e4v\u00e4t jopa korkeita l\u00e4mp\u00f6tiloja menett\u00e4m\u00e4tt\u00e4 seurantakyky\u00e4\u00e4n, joten ne sopivat t\u00e4ydellisesti mihin tahansa kaupalliseen pyykinpesuun.<\/p>\n<h3>2.\u00a0<strong>Sovelluksen monipuolisuus<\/strong><\/h3>\n<p>N\u00e4m\u00e4\u00a0<strong>tekstiilien RFID-tunnisteet<\/strong>\u00a0ovat monipuolisia ja niit\u00e4 voidaan k\u00e4ytt\u00e4\u00e4 erilaisiin sovelluksiin \u2013 vaatteiden j\u00e4ljitt\u00e4misest\u00e4 hotelleissa liinavaatteiden hallintaan terveydenhuoltolaitoksissa. Niiden vankka muotoilu mahdollistaa niiden k\u00e4sittelyn erilaisissa pyykinpesuymp\u00e4rist\u00f6iss\u00e4 varmistaen samalla tasaisen suorituskyvyn.<\/p>\n<h3>3.\u00a0<strong>Integroinnin helppous<\/strong><\/h3>\n<p>Integrointi\u00a0<strong>UHF RFID -pesutunnisteet<\/strong>\u00a0olemassa oleviin seurantaj\u00e4rjestelmiisi on yksinkertaista. Tunnisteet toimivat saumattomasti RFID-lukijoiden kanssa ja tarjoavat reaaliaikaisen n\u00e4kyvyyden pyykkivalikoimaasi. T\u00e4m\u00e4 tarkoittaa virtaviivaistettuja prosesseja, parempaa tarkkuutta ja parempaa omaisuuden hallintaa, mik\u00e4 on ihanteellinen suurten tekstiilim\u00e4\u00e4rien hallintaan.<\/p>\n<h3>4.\u00a0<strong>Vett\u00e4 ja l\u00e4mp\u00f6tilaa kest\u00e4v\u00e4<\/strong><\/h3>\n<p>N\u00e4m\u00e4 tarrat on suunniteltu kest\u00e4m\u00e4\u00e4n teollisen pesun ankaruutta, ja ne ovat sek\u00e4 vedenpit\u00e4vi\u00e4 ett\u00e4 korkeita l\u00e4mp\u00f6tiloja kest\u00e4vi\u00e4. T\u00e4m\u00e4 kest\u00e4vyys takaa pitk\u00e4n k\u00e4ytt\u00f6i\u00e4n, jolloin ne voivat s\u00e4ilytt\u00e4\u00e4 toimivuuden useiden kaupallisissa pesuloissa yleisten aggressiivisten pesu- ja kuivausjaksojen ajan.<\/p>\n<h3>5.\u00a0<strong>Tarkka varastonhallinta<\/strong><\/h3>\n<p>Kanssa\u00a0<strong>RFID pyykin seuranta<\/strong>, varaston hallinta on helppoa. Jokainen tunniste sis\u00e4lt\u00e4\u00e4 yksil\u00f6llisen tunnisteen, joka mahdollistaa jokaisen pyykinpalan automaattisen seurannan, mik\u00e4 eliminoi manuaalisen sis\u00e4\u00e4n-\/uloskirjautumisprosessin. T\u00e4m\u00e4 ominaisuus parantaa tehokkuutta ja varmistaa, ett\u00e4 tied\u00e4t aina, miss\u00e4 omaisuutesi sijaitsevat.<\/p>\n<h3>6.\u00a0<strong>Ymp\u00e4rist\u00f6vaikutus<\/strong><\/h3>\n<p>Edist\u00e4mme kest\u00e4v\u00e4\u00e4 l\u00e4hestymistapaa\u00a0<strong>pest\u00e4v\u00e4t RFID-tunnisteet<\/strong>\u00a0on suunniteltu ymp\u00e4rist\u00f6yst\u00e4v\u00e4llisyytt\u00e4 ajatellen. Ne ovat uudelleenk\u00e4ytett\u00e4vi\u00e4 ja valmistettu materiaaleista, jotka v\u00e4hent\u00e4v\u00e4t j\u00e4tett\u00e4 verrattuna kertak\u00e4ytt\u00f6isiin tarroihin. T\u00e4m\u00e4 kest\u00e4v\u00e4n kehityksen n\u00e4k\u00f6kohta on keskeinen, kun organisaatiot asettavat yh\u00e4 enemm\u00e4n ymp\u00e4rist\u00f6vastuuta etusijalle.<\/p>\n<\/div>\n<div><\/div>\n<div>\n<h2>K\u00e4ytt\u00f6ohjeet<\/h2>\n<ol>\n<li><strong>Valmistelu<\/strong>: Ennen kuin kiinnit\u00e4t merkinn\u00e4t tekstiileihisi, varmista, ett\u00e4 pinta on puhdas ja kuiva.<\/li>\n<li><strong>Sovellus<\/strong>: Tarrat voidaan ommella vaatteeseen tai liimata pellavaan tarpeidesi mukaan.<\/li>\n<li><strong>Alustus<\/strong>: Ohjelmoi jokainen tunniste RFID-lukijalla ja m\u00e4\u00e4rit\u00e4 jokaiselle pyykinpalalle yksil\u00f6llinen tunniste.<\/li>\n<li><strong>Seuranta<\/strong>: K\u00e4yt\u00e4 RFID-lukijaa pyykkien seuraamiseen ja seuraamiseen saumattomasti pesu- ja toimitusjaksojen l\u00e4pi.<\/li>\n<\/ol>\n<\/div>\n<div><\/div>\n<div class=\"auto-hide-last-sibling-br paragraph_1252f paragraph-element\"><strong>Tekstiilien RFID-tunnisteet pyykinpesuun<\/strong> toimii hy\u00f6dyllisen\u00e4 ty\u00f6kaluna laitoksille, jotka tarvitsevat jatkuvasti puhtaita liinavaatteita, ty\u00f6asuja, l\u00e4\u00e4kint\u00e4asuja tai puhdistusmateriaaleja, jolloin automatisoidut j\u00e4rjestelm\u00e4t voivat k\u00e4sitell\u00e4 suuria m\u00e4\u00e4ri\u00e4 yksitt\u00e4isi\u00e4 esineit\u00e4 nopeasti ja tarkasti.<\/div>\n<p>&nbsp;<\/p>\n<\/div>\n<div>\n<div class=\"auto-hide-last-sibling-br paragraph_1252f paragraph-element\"><strong>RFID-tekstiilitarrat<\/strong> k\u00e4ytt\u00e4\u00e4 erikoisprosessia. Jokainen tarra on varustettu RFID-sirulla, joka sis\u00e4lt\u00e4\u00e4 t\u00e4rkeit\u00e4 tietoja tuotteesta, kuten sen valmistustiedot, yksil\u00f6llisen tunnisteen, l\u00e4hteen, materiaalin koostumuksen ja niin edelleen.<\/div>\n<div class=\"auto-hide-last-sibling-br paragraph_1252f paragraph-element\">T\u00e4m\u00e4n sulautetun tiedon poimimismekanismi sis\u00e4lt\u00e4\u00e4 ty\u00f6kalun, joka tunnetaan nimell\u00e4 RFID-l\u00e4hetin tai yleisemmin lukija. T\u00e4m\u00e4 laite l\u00e4hett\u00e4\u00e4 radiotaajuusaaltoja, jotka muodostavat yhteyden tarrassa olevaan RFID-sirun kanssa. T\u00e4m\u00e4 vuorovaikutus helpottaa lukijan p\u00e4\u00e4sy\u00e4 sirulle suojattuihin tietoihin.<\/div>\n<\/div>\n<div><\/div>\n<div><\/div>\n<div>\n<div class=\"auto-hide-last-sibling-br paragraph_1252f paragraph-element\"><span style=\"font-family: inherit; font-size: 24px; font-weight: bold;\">Asennus<\/span><\/div>\n<\/div>\n<p><strong>Ommelmerkint\u00e4<\/strong>: Ommellaan tekstiilin helmaan. Ompele pyykkilappu pois taittoviivoista.<br \/>\n<strong>Kuumasaumaus<\/strong>: Kuumasaumattava suoraan tekstiilin p\u00e4\u00e4lle +200\u00b0C:ssa (392\u00b0F), 12-14 s.<br \/>\n<strong>Pussissa<\/strong>: Ommeltava kuten tavallinen hoitotarra. Ompele pyykkilappu pois taittoviivoista.<\/p>\n<div class=\"auto-hide-last-sibling-br paragraph_1252f paragraph-element\">\n<div class=\"auto-hide-last-sibling-br paragraph_1252f paragraph-element\"><\/div>\n<p style=\"font-weight: 400;\"><span style=\"font-style: inherit; font-weight: inherit;\" data-spm-anchor-id=\"a2700.details.0.i52.7e74253fSAfL7T\">Miten <\/span><b><strong style=\"font-style: inherit;\">VAHVA<\/strong><\/b><span style=\"font-style: inherit; font-weight: inherit;\"> he ovat ?<\/span><\/p>\n<p><b><strong>\u2460<\/strong><\/b>.Ovatko RFID-sirut vaurioituneet korkeissa l\u00e4mp\u00f6tiloissa?<span style=\"font-style: inherit; font-weight: inherit;\"> \u2013<\/span><b><strong>\u2714 RFID-tekstiilipesulappumme on suunniteltu k\u00e4ytett\u00e4v\u00e4ksi 200 \u00b0C:ssa<\/strong><\/b><span style=\"font-style: inherit; font-weight: inherit;\">.<\/span><\/p>\n<p style=\"font-weight: 400;\"><b><strong>\u2461<\/strong><\/b>Kuinka monta kertaa voimme pest\u00e4 univormutekstiilituotteisiin kiinnitetyt etiketit? <b><strong>\u2013\u2714 RFID-tekstiilipyykkilapumme voidaan pest\u00e4 yli 200 kertaa takuulla 2 vuoden ajan toimituksen j\u00e4lkeen.<\/strong><\/b><\/p>\n<p style=\"font-weight: 400;\"><b><strong>\u2462<\/strong><\/b>Aiomme viett\u00e4\u00e4 arvostettuja univormut tekstiilituotteita, jatkamme ty\u00f6t\u00e4, jos siru murskahtaa? <b><strong>\u2013\u2714Suunnittelimme tekstiilipyykkilappumme kest\u00e4m\u00e4\u00e4n 60 baarin painetta tekstiilituotteidesi puristusprosessissa.<\/strong><\/b><\/p>\n<p style=\"font-weight: 400;\"><b><strong>\u2463<\/strong><\/b>Mihin asetat RFID-tekstiilien pyykkitunnisteet univormutekstiileihin? <b><strong>\u2013 \u2714RFID-tekstiilipesulappu asennetaan univormujen saatavuuden mukaan.<\/strong><\/b><\/p>\n<h2>Usein kysytyt kysymykset (FAQ)<\/h2>\n<h3>1.\u00a0<strong>Ovatko RFID-pesutunnisteet todella pest\u00e4vi\u00e4?<\/strong><\/h3>\n<p>Kyll\u00e4, RFID-pesulappumme on suunniteltu kest\u00e4m\u00e4\u00e4n yli 200 pesujaksoa s\u00e4ilytt\u00e4en samalla suorituskykyns\u00e4.<\/p>\n<h3>2.\u00a0<strong>Voidaanko n\u00e4it\u00e4 tunnisteita k\u00e4ytt\u00e4\u00e4 korkeissa l\u00e4mp\u00f6tiloissa?<\/strong><\/h3>\n<p>T\u00e4ysin! Tagit ovat l\u00e4mm\u00f6nkest\u00e4vi\u00e4 ja kest\u00e4v\u00e4t jopa 85 \u00b0C:n l\u00e4mp\u00f6tiloja menett\u00e4m\u00e4tt\u00e4 toimivuutta.<\/p>\n<h3>3.\u00a0<strong>Kuinka helppoa on integroida n\u00e4m\u00e4 tunnisteet olemassa oleviin j\u00e4rjestelmiin?<\/strong><\/h3>\n<p>Integrointi on yksinkertaista, koska n\u00e4m\u00e4 tunnisteet ovat yhteensopivia useimpien markkinoilla olevien RFID-lukijoiden kanssa, mik\u00e4 varmistaa saumattoman toteutuksen.<\/p>\n<h3>4.\u00a0<strong>Mit\u00e4 materiaaleja n\u00e4iss\u00e4 tunnisteissa on k\u00e4ytetty?<\/strong><\/h3>\n<p>Tunnisteet on valmistettu kest\u00e4v\u00e4st\u00e4 tekstiilikankaasta, mik\u00e4 tarjoaa sek\u00e4 lujuutta ett\u00e4 joustavuutta.<\/p>\n<h2>Johtop\u00e4\u00e4t\u00f6s<\/h2>\n<p>Sijoittaminen\u00a0<strong>UHF RFID -pesutunnisteet<\/strong>\u00a0ei ole vain toiminnan tehokkuuden parantamista; kyse on pyykinpesuprosessien tulevaisuudenkest\u00e4vyydest\u00e4 seurannan, varastonhallinnan ja kest\u00e4vyyden haasteita vastaan. Innovatiiviset mallit, jotka kest\u00e4v\u00e4t teollista pesua, ja helppok\u00e4ytt\u00f6isyys, jota ei yksinkertaisesti voi verrata toisiinsa, n\u00e4m\u00e4 tunnisteet ovat v\u00e4ltt\u00e4m\u00e4tt\u00f6mi\u00e4 kaikille pesulapalveluita tarjoaville organisaatioille. Jos olet valmis mullistamaan tekstiilihallintaj\u00e4rjestelm\u00e4si,\u00a0<strong>Osta RFID-pesutunnisteita t\u00e4n\u00e4\u00e4n ja t\u00e4yt\u00e4 kyselylomake saadaksesi lis\u00e4tietoja hinnoista ja n\u00e4ytteist\u00e4!<\/strong><\/p>\n<\/div>","protected":false},"excerpt":{"rendered":"<p>Seuraa pyykki\u00e4 vaivattomasti kest\u00e4vill\u00e4 tekstiili-RFID-tunnisteilla! Pest\u00e4v\u00e4 ja suunniteltu teollisuusk\u00e4ytt\u00f6\u00f6n, optimoi pyykinpesusi jo t\u00e4n\u00e4\u00e4n!<\/p>","protected":false},"featured_media":144,"template":"","meta":{"_kad_post_transparent":"default","_kad_post_title":"","_kad_post_layout":"default","_kad_post_sidebar_id":"","_kad_post_content_style":"default","_kad_post_vertical_padding":"default","_kad_post_feature":"","_kad_post_feature_position":"","_kad_post_header":false,"_kad_post_footer":false,"_kad_post_classname":""},"product_brand":[],"product_cat":[19],"product_tag":[67,31,312,65],"class_list":{"0":"post-143","1":"product","2":"type-product","3":"status-publish","4":"has-post-thumbnail","6":"product_cat-textile-rfid-laundry-tag","7":"product_tag-heating-seal-uhf-rfid-laundry-tags","8":"product_tag-rfid-tag-for-linen-laundry","9":"product_tag-rfid-tags","10":"product_tag-textile-rfid-laundry-tags","12":"first","13":"instock","14":"shipping-taxable","15":"product-type-simple","16":"entry","17":"content-bg","18":"loop-entry"},"_links":{"self":[{"href":"https:\/\/rfid-laundry-tag.com\/fi\/wp-json\/wp\/v2\/product\/143","targetHints":{"allow":["GET"]}}],"collection":[{"href":"https:\/\/rfid-laundry-tag.com\/fi\/wp-json\/wp\/v2\/product"}],"about":[{"href":"https:\/\/rfid-laundry-tag.com\/fi\/wp-json\/wp\/v2\/types\/product"}],"version-history":[{"count":3,"href":"https:\/\/rfid-laundry-tag.com\/fi\/wp-json\/wp\/v2\/product\/143\/revisions"}],"predecessor-version":[{"id":2682,"href":"https:\/\/rfid-laundry-tag.com\/fi\/wp-json\/wp\/v2\/product\/143\/revisions\/2682"}],"wp:featuredmedia":[{"embeddable":true,"href":"https:\/\/rfid-laundry-tag.com\/fi\/wp-json\/wp\/v2\/media\/144"}],"wp:attachment":[{"href":"https:\/\/rfid-laundry-tag.com\/fi\/wp-json\/wp\/v2\/media?parent=143"}],"wp:term":[{"taxonomy":"product_brand","embeddable":true,"href":"https:\/\/rfid-laundry-tag.com\/fi\/wp-json\/wp\/v2\/product_brand?post=143"},{"taxonomy":"product_cat","embeddable":true,"href":"https:\/\/rfid-laundry-tag.com\/fi\/wp-json\/wp\/v2\/product_cat?post=143"},{"taxonomy":"product_tag","embeddable":true,"href":"https:\/\/rfid-laundry-tag.com\/fi\/wp-json\/wp\/v2\/product_tag?post=143"}],"curies":[{"name":"wp","href":"https:\/\/api.w.org\/{rel}","templated":true}]}}