{"id":136,"date":"2024-06-14T07:33:05","date_gmt":"2024-06-14T07:33:05","guid":{"rendered":"https:\/\/rfid-laundry-tag.com\/?post_type=product&#038;p=136"},"modified":"2024-09-08T04:31:40","modified_gmt":"2024-09-08T04:31:40","slug":"heating-seal-uhf-rfid-laundry-tags","status":"publish","type":"product","link":"https:\/\/rfid-laundry-tag.com\/fi\/heating-seal-uhf-rfid-laundry-tags\/","title":{"rendered":"L\u00e4mmitystiiviste UHF RFID -pesutunnisteet"},"content":{"rendered":"<div>\n<div class=\"auto-hide-last-sibling-br paragraph_1252f paragraph-element\">\n<h1>L\u00e4mmitystiiviste UHF RFID -pesutunnisteet<\/h1>\n<table width=\"593\">\n<tbody>\n<tr>\n<td width=\"233\">RF Air Protocol<\/td>\n<td colspan=\"4\" width=\"360\">EPC Global Class 1 Gen2 ISO18000-6C<\/td>\n<\/tr>\n<tr>\n<td width=\"233\">Toimintataajuus<\/td>\n<td colspan=\"4\" width=\"360\">UHF 866\u2013868 MHz (ETSI) \/ UHF 902\u2013928 MHz (FCC)<\/td>\n<\/tr>\n<tr>\n<td width=\"233\">Ymp\u00e4rist\u00f6n yhteensopivuus<\/td>\n<td colspan=\"4\" width=\"360\">Optimoitu ilmassa<\/td>\n<\/tr>\n<tr>\n<td width=\"233\">Tietojen s\u00e4ilytysaika<\/td>\n<td colspan=\"4\" width=\"360\">50 vuotta<\/td>\n<\/tr>\n<tr>\n<td width=\"233\">Lue Range<\/td>\n<td colspan=\"4\" width=\"360\">Jopa 5,5 m (metallista pois)<\/td>\n<\/tr>\n<tr>\n<td width=\"233\">Polarisaatio<\/td>\n<td colspan=\"4\" width=\"360\">Lineaarinen<\/td>\n<\/tr>\n<tr>\n<td width=\"233\">IC-tyyppi<\/td>\n<td colspan=\"4\" width=\"360\">NXP U CODE 8, U CODE 9 jne<\/td>\n<\/tr>\n<tr>\n<td width=\"233\">Muistin konfigurointi<\/td>\n<td colspan=\"4\" width=\"360\">EPC 128-bittinen TID 96-bittinen k\u00e4ytt\u00e4j\u00e4 32-bittinen<\/td>\n<\/tr>\n<tr>\n<td colspan=\"5\" width=\"593\">Mekaaniset erittelyt<\/td>\n<\/tr>\n<tr>\n<td width=\"233\">Pintamateriaalit<\/td>\n<td colspan=\"4\" width=\"360\">Tekstiili<\/td>\n<\/tr>\n<tr>\n<td width=\"233\">Mitat (mm)<\/td>\n<td colspan=\"4\" width=\"360\">15*70*1,5 mm<\/td>\n<\/tr>\n<tr>\n<td width=\"233\">Paino (g)<\/td>\n<td colspan=\"4\" width=\"360\">0,7 g<\/td>\n<\/tr>\n<tr>\n<td rowspan=\"2\" width=\"233\">Liite<\/td>\n<td colspan=\"4\" width=\"360\">Ompele helma tai kudottu etiketti<\/td>\n<\/tr>\n<tr>\n<td colspan=\"4\" width=\"360\">Kuumasaumaus 215 \u2103 @ 15 sekuntia ja 4 baaria<\/td>\n<\/tr>\n<tr>\n<td width=\"233\">V\u00e4ri<\/td>\n<td colspan=\"4\" width=\"360\">Valkoinen<\/td>\n<\/tr>\n<tr>\n<td colspan=\"5\" width=\"593\">Ymp\u00e4rist\u00f6metallien erittelyt<\/td>\n<\/tr>\n<tr>\n<td width=\"233\">K\u00e4ytt\u00f6l\u00e4mp\u00f6tila<\/td>\n<td colspan=\"4\" width=\"360\">-30\u00b0C - +85\u00b0C<\/td>\n<\/tr>\n<tr>\n<td width=\"233\">Ymp\u00e4rist\u00f6n l\u00e4mp\u00f6tila<\/td>\n<td colspan=\"4\" width=\"360\">-30\u00b0C - +100\u00b0C<\/td>\n<\/tr>\n<tr>\n<td width=\"233\">Mekaaninen vastus<\/td>\n<td colspan=\"4\" width=\"360\">60 baaria<\/td>\n<\/tr>\n<tr>\n<td width=\"233\">Kemiallinen resistanssi<\/td>\n<td colspan=\"4\" width=\"360\">Tavallisia yleisi\u00e4 kemikaaleja pesuprosesseissa<\/td>\n<\/tr>\n<tr>\n<td rowspan=\"4\" width=\"233\">L\u00e4mm\u00f6nkest\u00e4vyys<\/td>\n<td colspan=\"4\" width=\"360\">Pesu: 90 \u2103, 15 min, 200 pesukertaa<\/td>\n<\/tr>\n<tr>\n<td colspan=\"4\" width=\"360\">Esikuivaus: 180\u2103, 30 min<\/td>\n<\/tr>\n<tr>\n<td colspan=\"4\" width=\"360\">Silitys: 180 \u2103, 10 s, 200 sykli\u00e4<\/td>\n<\/tr>\n<tr>\n<td colspan=\"4\" width=\"360\">Sterilointi: 135\u2103, 20 min<\/td>\n<\/tr>\n<tr>\n<td width=\"233\">IP-luokitus<\/td>\n<td colspan=\"4\" width=\"360\">IP68<\/td>\n<\/tr>\n<tr>\n<td width=\"233\">Takuu<\/td>\n<td colspan=\"4\" width=\"360\">2 vuotta tai 200 pesukertaa<\/td>\n<\/tr>\n<\/tbody>\n<\/table>\n<\/div>\n<\/div>\n<div><\/div>\n<div>\n<div class=\"auto-hide-last-sibling-br paragraph_1252f paragraph-element\">RFID-pesutunnisteet ovat hy\u00f6dyllinen ty\u00f6kalu laitoksille, jotka tarvitsevat jatkuvasti puhtaita liinavaatteita, ty\u00f6asuja, l\u00e4\u00e4kint\u00e4asuja tai puhdistusmateriaaleja. Niiden avulla automatisoidut j\u00e4rjestelm\u00e4t voivat k\u00e4sitell\u00e4 suuria m\u00e4\u00e4ri\u00e4 yksitt\u00e4isi\u00e4 vaatteita nopeasti ja tarkasti.<\/div>\n<p>&nbsp;<\/p>\n<div class=\"auto-hide-last-sibling-br paragraph_1252f paragraph-element\">N\u00e4m\u00e4 kankaiset UHF RFID -pesulapputunnisteet, jotka ovat suurelta osin omaksuneet univormujen tarjoajien, vieraanvaraisten yritysten, kaupallisten siivouspalvelujen ja terveydenhuoltolaitosten, yksinkertaistavat erilaisten omaisuuserien, kuten vaatteiden, liinavaatteiden tai rievujen, seurantaa. T\u00e4m\u00e4 edist\u00e4\u00e4 tehokkaan varastonvalvonnan ja tarkan tilinhallinnan k\u00e4yt\u00e4nt\u00f6\u00e4, mik\u00e4 parantaa yleist\u00e4 toiminnan tehokkuutta. Tarjoamalla virheett\u00f6m\u00e4t tiedot ja automatisoimalla seurantaprosessin t\u00e4m\u00e4 j\u00e4rjestelm\u00e4 hallitsee esineiden v\u00e4\u00e4r\u00e4\u00e4 sijoittamista ja varkauksia, mik\u00e4 v\u00e4hent\u00e4\u00e4 h\u00e4vi\u00f6it\u00e4. N\u00e4iden merkkien kest\u00e4vyys varmistaa, ett\u00e4 ne kest\u00e4v\u00e4t teollisia pesuprosesseja. Se on optimaalinen ratkaisu varastojen hallintaan j\u00e4rjestelm\u00e4llisesti ja organisoidusti.<\/div>\n<\/div>\n<div><\/div>\n<div><\/div>\n<div><\/div>\n<div>\n<div class=\"auto-hide-last-sibling-br paragraph_1252f paragraph-element\"><span style=\"font-family: inherit; font-size: 24px; font-weight: bold;\">Asennus<\/span><\/div>\n<\/div>\n<p><strong>Ommelmerkint\u00e4<\/strong>: Ommellaan tekstiilin helmaan. Ompele pyykkilappu pois taittoviivoista.<br \/>\n<strong>Kuumasaumaus<\/strong>: Kuumasaumattava suoraan tekstiilin p\u00e4\u00e4lle +200\u00b0C:ssa (392\u00b0F), 12-14 s.<br \/>\n<strong>Pussissa<\/strong>: Ommeltava kuten tavallinen hoitotarra. Ompele pyykkilappu pois taittoviivoista.<\/p>\n<p>&nbsp;<\/p>\n<div class=\"auto-hide-last-sibling-br paragraph_1252f paragraph-element\">\n<div class=\"auto-hide-last-sibling-br paragraph_1252f paragraph-element\">L\u00e4mmitett\u00e4v\u00e4t liimautuvat UHF RFID -pesutunnisteet pellavapyykille ovat v\u00e4ltt\u00e4m\u00e4tt\u00f6mi\u00e4 monilla teollisuudenaloilla, mik\u00e4 mahdollistaa tehokkaan omaisuuden seurannan, varastonhallinnan ja yleisen toiminnan tehokkuuden. T\u00e4ss\u00e4 on katsaus niiden sovelluksiin eri aloilla:<\/div>\n<div class=\"auto-hide-last-sibling-br paragraph_1252f paragraph-element\"><\/div>\n<p style=\"font-weight: 400;\"><span style=\"font-style: inherit; font-weight: inherit;\" data-spm-anchor-id=\"a2700.details.0.i52.7e74253fSAfL7T\">Miten <\/span><b><strong style=\"font-style: inherit;\">VAHVA<\/strong><\/b><span style=\"font-style: inherit; font-weight: inherit;\"> he ovat ?<\/span><\/p>\n<p><b><strong>\u2460<\/strong><\/b>.Ovatko RFID-sirut vaurioituneet korkeissa l\u00e4mp\u00f6tiloissa?<span style=\"font-style: inherit; font-weight: inherit;\"> \u2013<\/span><b><strong>\u2714 RFID-tekstiilipesulappumme on suunniteltu k\u00e4ytett\u00e4v\u00e4ksi 200 \u00b0C:ssa<\/strong><\/b><span style=\"font-style: inherit; font-weight: inherit;\">.<\/span><\/p>\n<p style=\"font-weight: 400;\"><b><strong>\u2461<\/strong><\/b>Kuinka monta kertaa voimme pest\u00e4 univormutekstiilituotteisiin kiinnitetyt etiketit? <b><strong>\u2013\u2714 RFID-tekstiilipyykkilapumme voidaan pest\u00e4 yli 200 kertaa takuulla 2 vuoden ajan toimituksen j\u00e4lkeen.<\/strong><\/b><\/p>\n<p style=\"font-weight: 400;\"><b><strong>\u2462<\/strong><\/b>Aiomme viett\u00e4\u00e4 arvostettuja univormut tekstiilituotteita, jatkamme ty\u00f6t\u00e4, jos siru murskahtaa? <b><strong>\u2013\u2714Suunnittelimme tekstiilipyykkilappumme kest\u00e4m\u00e4\u00e4n 60 baarin painetta tekstiilituotteidesi puristusprosessissa.<\/strong><\/b><\/p>\n<p style=\"font-weight: 400;\"><b><strong>\u2463<\/strong><\/b>Mihin asetat RFID-tekstiilien pyykkitunnisteet univormutekstiileihin? <b><strong>\u2013 \u2714RFID-tekstiilipesulappu asennetaan univormujen saatavuuden mukaan.<\/strong><\/b><\/p>\n<\/div>","protected":false},"excerpt":{"rendered":"<p>Heaating Seal UHF RFID -pesutunnisteet on suunniteltu kaupallisiin ja teollisiin tekstiilisovelluksiin. T\u00e4m\u00e4 tunniste on eritt\u00e4in joustava, se voidaan lukea laajemmalta alueelta ja tarjoaa silti tarkimmat tiedot. Asiakkaat voivat k\u00e4ytt\u00e4\u00e4 sit\u00e4 suurten tekstiilivarastojen j\u00e4ljitt\u00e4miseen pit\u00e4en samalla kustannukset alhaisina, mik\u00e4 parantaa hallinnan tehokkuutta.<\/p>","protected":false},"featured_media":137,"template":"","meta":{"_kad_post_transparent":"default","_kad_post_title":"","_kad_post_layout":"default","_kad_post_sidebar_id":"","_kad_post_content_style":"default","_kad_post_vertical_padding":"default","_kad_post_feature":"","_kad_post_feature_position":"","_kad_post_header":false,"_kad_post_footer":false,"_kad_post_classname":""},"product_brand":[],"product_cat":[19,16],"product_tag":[67,31,65],"class_list":{"0":"post-136","1":"product","2":"type-product","3":"status-publish","4":"has-post-thumbnail","6":"product_cat-textile-rfid-laundry-tag","7":"product_cat-uhf-rfid-laundry-tags","8":"product_tag-heating-seal-uhf-rfid-laundry-tags","9":"product_tag-rfid-tag-for-linen-laundry","10":"product_tag-textile-rfid-laundry-tags","12":"first","13":"instock","14":"shipping-taxable","15":"product-type-simple","16":"entry","17":"content-bg","18":"loop-entry"},"_links":{"self":[{"href":"https:\/\/rfid-laundry-tag.com\/fi\/wp-json\/wp\/v2\/product\/136","targetHints":{"allow":["GET"]}}],"collection":[{"href":"https:\/\/rfid-laundry-tag.com\/fi\/wp-json\/wp\/v2\/product"}],"about":[{"href":"https:\/\/rfid-laundry-tag.com\/fi\/wp-json\/wp\/v2\/types\/product"}],"version-history":[{"count":1,"href":"https:\/\/rfid-laundry-tag.com\/fi\/wp-json\/wp\/v2\/product\/136\/revisions"}],"predecessor-version":[{"id":1938,"href":"https:\/\/rfid-laundry-tag.com\/fi\/wp-json\/wp\/v2\/product\/136\/revisions\/1938"}],"wp:featuredmedia":[{"embeddable":true,"href":"https:\/\/rfid-laundry-tag.com\/fi\/wp-json\/wp\/v2\/media\/137"}],"wp:attachment":[{"href":"https:\/\/rfid-laundry-tag.com\/fi\/wp-json\/wp\/v2\/media?parent=136"}],"wp:term":[{"taxonomy":"product_brand","embeddable":true,"href":"https:\/\/rfid-laundry-tag.com\/fi\/wp-json\/wp\/v2\/product_brand?post=136"},{"taxonomy":"product_cat","embeddable":true,"href":"https:\/\/rfid-laundry-tag.com\/fi\/wp-json\/wp\/v2\/product_cat?post=136"},{"taxonomy":"product_tag","embeddable":true,"href":"https:\/\/rfid-laundry-tag.com\/fi\/wp-json\/wp\/v2\/product_tag?post=136"}],"curies":[{"name":"wp","href":"https:\/\/api.w.org\/{rel}","templated":true}]}}