{"id":124,"date":"2024-06-12T06:05:28","date_gmt":"2024-06-12T06:05:28","guid":{"rendered":"https:\/\/rfid-laundry-tag.com\/?post_type=product&#038;p=124"},"modified":"2024-06-12T06:13:37","modified_gmt":"2024-06-12T06:13:37","slug":"rfid-silicone-washing-tag","status":"publish","type":"product","link":"https:\/\/rfid-laundry-tag.com\/fi\/rfid-silicone-washing-tag\/","title":{"rendered":"RFID silikonipesulappu"},"content":{"rendered":"<table style=\"border-collapse: collapse; width: 711px; height: 751px;\" border=\"0\" width=\"537\" cellspacing=\"0\" cellpadding=\"0\">\n<tbody>\n<tr style=\"height: 14.40pt;\">\n<td class=\"et2\" style=\"height: 14.40pt; width: 136.80pt;\" width=\"228\" height=\"24\">Materiaali<\/td>\n<td class=\"et2\" style=\"width: 185.40pt;\" width=\"309\">Silikoni<\/td>\n<\/tr>\n<tr style=\"height: 14.40pt;\">\n<td class=\"et3\" style=\"height: 14.40pt; width: 136.80pt;\" width=\"228\" height=\"24\">Koko<\/td>\n<td class=\"et3\" style=\"width: 185.40pt;\" width=\"309\">55x12mm, 56x20mm, 85x27mm<\/td>\n<\/tr>\n<tr style=\"height: 14.40pt;\">\n<td class=\"et3\" style=\"height: 14.40pt; width: 136.80pt;\" width=\"228\" height=\"24\">Taajuus<\/td>\n<td class=\"et3\" style=\"width: 185.40pt;\" width=\"309\">860-960 MHz<\/td>\n<\/tr>\n<tr style=\"height: 27.60pt;\">\n<td class=\"et3\" style=\"height: 27.60pt; width: 136.80pt;\" width=\"228\" height=\"46\">IC-tyyppi (siru)<\/td>\n<td class=\"et3\" style=\"width: 185.40pt;\" width=\"309\">U7\/U8 (Alien H3 ja Impinj Monza R6 ovat saatavilla)<\/td>\n<\/tr>\n<tr style=\"height: 27.60pt;\">\n<td class=\"et3\" style=\"height: 27.60pt; width: 136.80pt;\" width=\"228\" height=\"46\">p\u00f6yt\u00e4kirja<\/td>\n<td class=\"et3\" style=\"width: 185.40pt;\" width=\"309\">EPC Global Class 1 Gen2 &amp; ISO18000-6C<\/td>\n<\/tr>\n<tr style=\"height: 14.40pt;\">\n<td class=\"et3\" style=\"height: 14.40pt; width: 136.80pt;\" width=\"228\" height=\"24\">Muisti<\/td>\n<td class=\"et3\" style=\"width: 185.40pt;\" width=\"309\">128 bitti\u00e4<\/td>\n<\/tr>\n<tr style=\"height: 14.40pt;\">\n<td class=\"et3\" style=\"height: 14.40pt; width: 136.80pt;\" width=\"228\" height=\"24\">Tunnisteen muototekij\u00e4<\/td>\n<td class=\"et3\" style=\"width: 185.40pt;\" width=\"309\">Joustava<\/td>\n<\/tr>\n<tr style=\"height: 14.40pt;\">\n<td class=\"et3\" style=\"height: 14.40pt; width: 136.80pt;\" width=\"228\" height=\"24\">T\u00f6rm\u00e4yksenesto<\/td>\n<td class=\"et3\" style=\"width: 185.40pt;\" width=\"309\">Joo<\/td>\n<\/tr>\n<tr style=\"height: 14.40pt;\">\n<td class=\"et3\" style=\"height: 14.40pt; width: 136.80pt;\" width=\"228\" height=\"24\">K\u00e4ytt\u00f6l\u00e4mp\u00f6tila<\/td>\n<td class=\"et3\" style=\"width: 185.40pt;\" width=\"309\">-25 \u00b0C \/ +200 \u00b0C<\/td>\n<\/tr>\n<tr style=\"height: 14.40pt;\">\n<td class=\"et3\" style=\"height: 14.40pt; width: 136.80pt;\" width=\"228\" height=\"24\">Lue Et\u00e4isyys<\/td>\n<td class=\"et3\" style=\"width: 185.40pt;\" width=\"309\">1-7 m<\/td>\n<\/tr>\n<tr style=\"height: 14.40pt;\">\n<td class=\"et3\" style=\"height: 14.40pt; width: 136.80pt;\" width=\"228\" height=\"24\">Liitteet kohteeseen<\/td>\n<td class=\"et3\" style=\"width: 185.40pt;\" width=\"309\">Liinavaatteet ja vaatteet<\/td>\n<\/tr>\n<tr style=\"height: 14.40pt;\">\n<td class=\"et3\" style=\"height: 14.40pt; width: 136.80pt;\" width=\"228\" height=\"24\">IP-luokitus<\/td>\n<td class=\"et3\" style=\"width: 185.40pt;\" width=\"309\">IP68<\/td>\n<\/tr>\n<tr style=\"height: 14.40pt;\">\n<td class=\"et3\" style=\"height: 14.40pt; width: 136.80pt;\" width=\"228\" height=\"24\">V\u00e4ri<\/td>\n<td class=\"et3\" style=\"width: 185.40pt;\" width=\"309\">Valkoinen\/sininen tai r\u00e4\u00e4t\u00e4l\u00f6ity<\/td>\n<\/tr>\n<tr style=\"height: 17.40pt;\">\n<td class=\"et4\" style=\"height: 17.40pt; width: 322.20pt;\" colspan=\"2\" width=\"537\" height=\"29\">Pesu<\/td>\n<\/tr>\n<tr style=\"height: 27.60pt;\">\n<td class=\"et3\" style=\"height: 27.60pt; width: 136.80pt;\" width=\"228\" height=\"46\">Kest\u00e4\u00e4 altistumista<\/td>\n<td class=\"et3\" style=\"width: 185.40pt;\" width=\"309\">vesi ja kaikki kaupallisessa pesussa ja kuivapesussa yleiset kemikaalit<\/td>\n<\/tr>\n<tr style=\"height: 14.40pt;\">\n<td class=\"et3\" style=\"height: 14.40pt; width: 136.80pt;\" width=\"228\" height=\"24\">Pesujaksot<\/td>\n<td class=\"et3\" style=\"width: 185.40pt;\" width=\"309\">Jopa 200 kaupallista pesukertaa<\/td>\n<\/tr>\n<tr style=\"height: 27.60pt;\">\n<td class=\"et3\" style=\"height: 27.60pt; width: 136.80pt;\" width=\"228\" height=\"46\">Pesu<\/td>\n<td class=\"et3\" style=\"width: 185.40pt;\" width=\"309\">150 \u00baC 15-20 minuuttia \u2013 150 jaksoa<\/td>\n<\/tr>\n<tr style=\"height: 27.60pt;\">\n<td class=\"et3\" style=\"height: 27.60pt; width: 136.80pt;\" width=\"228\" height=\"46\">Kuivaus<\/td>\n<td class=\"et3\" style=\"width: 185.40pt;\" width=\"309\">95\u00b0C (jopa 60 min.), 130\u00b0C (jopa 30 min.)<\/td>\n<\/tr>\n<tr style=\"height: 14.40pt;\">\n<td class=\"et3\" style=\"height: 14.40pt; width: 136.80pt;\" width=\"228\" height=\"24\">Tunnelin viimeistelylaite<\/td>\n<td class=\"et3\" style=\"width: 185.40pt;\" width=\"309\">200\u00b0C 30 min<\/td>\n<\/tr>\n<tr style=\"height: 14.40pt;\">\n<td class=\"et3\" style=\"height: 14.40pt; width: 136.80pt;\" width=\"228\" height=\"24\">Silitys<\/td>\n<td class=\"et3\" style=\"width: 185.40pt;\" width=\"309\">250\u00b0C (jopa 60 sekuntia)<\/td>\n<\/tr>\n<\/tbody>\n<\/table>\n<p data-spm-anchor-id=\"a2700.details.0.i116.60201a70jOXdOd\">\n<p data-spm-anchor-id=\"a2700.details.0.i116.60201a70jOXdOd\"><b><span class=\"magic-11\" data-spm-anchor-id=\"a2700.details.0.i118.ef22fb08lSmXvD\">Saatavilla olevat mukautukset ovat seuraavat:<\/span><\/b> * Painatus: Silkkipainatus tai 4 v\u00e4ri\u00e4 offsetina, alkaen asiakkaan varustamasta graafisesta asettelusta vektorimuodossa. EPC-koodin, progressiivisen sarjakoodin tulostaminen tietokannasta tai ei, tai .xls-tiedosto; viivakoodien tulostus, QRCode. Muita mukautusvaihtoehtoja on saatavilla pyynn\u00f6st\u00e4. * Sirumuistin koodaus: RFID UHF-transponderien EPC-koodin koodaus, UHF-tunnistemuistin kirjoitus, my\u00f6s asiakkaan toimittamasta tietokannasta. Sis\u00e4lt\u00f6 voidaan lukita salasanalla v\u00e4liaikaisesti tai pysyv\u00e4sti. EPC-koodin ja TID-koodin yhdist\u00e4minen tietokannassa. TID-koodi ja progressiivinen\/viivakoodiyhdistelm\u00e4.<\/p>\n<p data-spm-anchor-id=\"a2700.details.0.i116.60201a70jOXdOd\"><strong>Sovellus:<\/strong><\/p>\n<ul>\n<li>Hotellien vuodevaatteet Seurannan hallinta<\/li>\n<li>Tehdas\/varasto\/hotelli\/sairaala\/huvipuisto<\/li>\n<li data-spm-anchor-id=\"a2700.details.0.i115.60201a70jOXdOd\"><span data-spm-anchor-id=\"a2700.details.0.i120.60201a70jOXdOd\">Sairaalan univormut<\/span><\/li>\n<li data-spm-anchor-id=\"a2700.details.0.i118.60201a70jOXdOd\">Liinavaatteet\/ Lavat\/ Kangaskassit<\/li>\n<li>Kuivapesukoneet<\/li>\n<li>K\u00e4yt\u00e4 hotellilakanassa\/ Kiinnitetty tekstiiliin\/ Ty\u00f6vaatteisiin.<\/li>\n<li>Vaatetehdas, kangastehdas.<\/li>\n<\/ul>\n<p>&nbsp;<\/p>","protected":false},"excerpt":{"rendered":"<p>RFID Silicone Washing Tag on pehme\u00e4 ja kest\u00e4v\u00e4, ja se voidaan kiinnitt\u00e4\u00e4 pesuymp\u00e4rist\u00f6\u00f6n, kuten jatkuvaan korkeapainekuivaukseen ja silitykseen lyhyess\u00e4 ajassa. Silikoniset pyykkilaput k\u00e4ytt\u00e4v\u00e4t UHF-tekniikkaa parantamaan tehokkaasti viestinn\u00e4n suorituskyky\u00e4. Satojen tunnisteiden lukeminen kerralla voi v\u00e4hent\u00e4\u00e4 viivakoodien tai HF- (korkeataajuus) RFID-tunnisteiden aiheuttamia ty\u00f6voimakustannuksia ja tarjota kustannustehokasta hallintaa.<\/p>","protected":false},"featured_media":125,"template":"","meta":{"_kad_post_transparent":"default","_kad_post_title":"","_kad_post_layout":"default","_kad_post_sidebar_id":"","_kad_post_content_style":"default","_kad_post_vertical_padding":"default","_kad_post_feature":"","_kad_post_feature_position":"","_kad_post_header":false,"_kad_post_footer":false,"_kad_post_classname":""},"product_brand":[],"product_cat":[20],"product_tag":[63,62,61],"class_list":{"0":"post-124","1":"product","2":"type-product","3":"status-publish","4":"has-post-thumbnail","6":"product_cat-silicone-rfid-laundry-tag","7":"product_tag-rfid-washing-tag","8":"product_tag-silicone-rfid-laundry-tag","9":"product_tag-silicone-washable-rfid-laundry-tag","11":"first","12":"instock","13":"shipping-taxable","14":"product-type-simple","15":"entry","16":"content-bg","17":"loop-entry"},"_links":{"self":[{"href":"https:\/\/rfid-laundry-tag.com\/fi\/wp-json\/wp\/v2\/product\/124","targetHints":{"allow":["GET"]}}],"collection":[{"href":"https:\/\/rfid-laundry-tag.com\/fi\/wp-json\/wp\/v2\/product"}],"about":[{"href":"https:\/\/rfid-laundry-tag.com\/fi\/wp-json\/wp\/v2\/types\/product"}],"version-history":[{"count":1,"href":"https:\/\/rfid-laundry-tag.com\/fi\/wp-json\/wp\/v2\/product\/124\/revisions"}],"predecessor-version":[{"id":126,"href":"https:\/\/rfid-laundry-tag.com\/fi\/wp-json\/wp\/v2\/product\/124\/revisions\/126"}],"wp:featuredmedia":[{"embeddable":true,"href":"https:\/\/rfid-laundry-tag.com\/fi\/wp-json\/wp\/v2\/media\/125"}],"wp:attachment":[{"href":"https:\/\/rfid-laundry-tag.com\/fi\/wp-json\/wp\/v2\/media?parent=124"}],"wp:term":[{"taxonomy":"product_brand","embeddable":true,"href":"https:\/\/rfid-laundry-tag.com\/fi\/wp-json\/wp\/v2\/product_brand?post=124"},{"taxonomy":"product_cat","embeddable":true,"href":"https:\/\/rfid-laundry-tag.com\/fi\/wp-json\/wp\/v2\/product_cat?post=124"},{"taxonomy":"product_tag","embeddable":true,"href":"https:\/\/rfid-laundry-tag.com\/fi\/wp-json\/wp\/v2\/product_tag?post=124"}],"curies":[{"name":"wp","href":"https:\/\/api.w.org\/{rel}","templated":true}]}}