{"id":122,"date":"2024-06-12T06:05:12","date_gmt":"2024-06-12T06:05:12","guid":{"rendered":"https:\/\/rfid-laundry-tag.com\/?post_type=product&#038;p=122"},"modified":"2024-06-12T06:05:12","modified_gmt":"2024-06-12T06:05:12","slug":"silicone-washable-rfid-laundry-tag","status":"publish","type":"product","link":"https:\/\/rfid-laundry-tag.com\/fi\/silicone-washable-rfid-laundry-tag\/","title":{"rendered":"Silikonipest\u00e4v\u00e4 RFID-pesulappu"},"content":{"rendered":"<table style=\"font-family: var(--global-body-font-family);\" width=\"537\">\n<tbody>\n<tr>\n<td width=\"228\">Nimi<\/td>\n<td width=\"309\">Silikonipest\u00e4v\u00e4 RFID-pesulappu<\/td>\n<\/tr>\n<tr>\n<td width=\"228\">tila<\/td>\n<td width=\"309\">SL-01<\/td>\n<\/tr>\n<tr>\n<td width=\"228\">Materiaali<\/td>\n<td width=\"309\">Silikoni<\/td>\n<\/tr>\n<tr>\n<td width=\"228\">V\u00e4ri<\/td>\n<td width=\"309\">Valkoinen (tai r\u00e4\u00e4t\u00e4l\u00f6ity)<\/td>\n<\/tr>\n<tr>\n<td width=\"228\">Koko<\/td>\n<td width=\"309\">55mm * 12mm, paksuus 2,5mm<\/td>\n<\/tr>\n<tr>\n<td width=\"228\">Siru<\/td>\n<td width=\"309\">915Mhz NXP U koodi 9, Alien H3, H9 jne<\/td>\n<\/tr>\n<tr>\n<td width=\"228\">Ty\u00f6skentelyl\u00e4mp\u00f6tila<\/td>\n<td width=\"309\">\u201325\u00baC - +75\u00baC<\/td>\n<\/tr>\n<tr>\n<td width=\"228\">Pesujakso<\/td>\n<td width=\"309\">200 kertaa<\/td>\n<\/tr>\n<tr>\n<td width=\"228\">Vedenkest\u00e4v\u00e4<\/td>\n<td width=\"309\">Joo<\/td>\n<\/tr>\n<tr>\n<td width=\"228\">Kemiallinen resistanssi<\/td>\n<td width=\"309\">Joo<\/td>\n<\/tr>\n<\/tbody>\n<\/table>\n<p data-spm-anchor-id=\"a2700.details.0.i116.60201a70jOXdOd\">\n<p data-spm-anchor-id=\"a2700.details.0.i116.60201a70jOXdOd\"><strong>Sovellus:<\/strong><\/p>\n<ul>\n<li>Hotellien vuodevaatteet Seurannan hallinta<\/li>\n<li>Tehdas\/varasto\/hotelli\/sairaala\/huvipuisto<\/li>\n<li data-spm-anchor-id=\"a2700.details.0.i115.60201a70jOXdOd\"><span data-spm-anchor-id=\"a2700.details.0.i120.60201a70jOXdOd\">Sairaalan univormut<\/span><\/li>\n<li data-spm-anchor-id=\"a2700.details.0.i118.60201a70jOXdOd\">Liinavaatteet\/ Lavat\/ Kangaskassit<\/li>\n<li>Kuivapesukoneet<\/li>\n<li>K\u00e4yt\u00e4 hotellilakanassa\/ Kiinnitetty tekstiiliin\/ Ty\u00f6vaatteisiin.<\/li>\n<li>Vaatetehdas, kangastehdas.<\/li>\n<\/ul>\n<p>&nbsp;<\/p>","protected":false},"excerpt":{"rendered":"<p>RFID Silicone Laundry Tag edustaa uusinta teknologiaa automaattiseen valvontaan ja varastonhallintaan pesulatoiminnassa. N\u00e4m\u00e4 ohuet, joustavat ja pehme\u00e4t RFID-tunnisteet on suunniteltu kest\u00e4m\u00e4\u00e4n kemikaaleja, l\u00e4mp\u00f6\u00e4 ja fyysisi\u00e4 paineita. Tukevilla RFID-transpondereilla varustetut ne on rakennettu kest\u00e4m\u00e4\u00e4n yli 200 rumpupesua ja l\u00e4mmitetty\u00e4 kuivausjaksoa puhdistuksesta ja silityksest\u00e4 puhumattakaan. Silikoni-RFID-pesulappumme, joita k\u00e4ytet\u00e4\u00e4n tyypillisesti laajamittaisessa pyykin seurannassa, voidaan liitt\u00e4\u00e4 vaivattomasti monenlaisiin tekstiilimateriaaleihin, kuten liinavaatteisiin, puseroihin, pyyhkeisiin ja l\u00e4\u00e4ketieteellisiin vaatteisiin.<\/p>","protected":false},"featured_media":123,"template":"","meta":{"_kad_post_transparent":"default","_kad_post_title":"","_kad_post_layout":"default","_kad_post_sidebar_id":"","_kad_post_content_style":"default","_kad_post_vertical_padding":"default","_kad_post_feature":"","_kad_post_feature_position":"","_kad_post_header":false,"_kad_post_footer":false,"_kad_post_classname":""},"product_brand":[],"product_cat":[20],"product_tag":[62,61],"class_list":{"0":"post-122","1":"product","2":"type-product","3":"status-publish","4":"has-post-thumbnail","6":"product_cat-silicone-rfid-laundry-tag","7":"product_tag-silicone-rfid-laundry-tag","8":"product_tag-silicone-washable-rfid-laundry-tag","10":"first","11":"instock","12":"shipping-taxable","13":"product-type-simple","14":"entry","15":"content-bg","16":"loop-entry"},"_links":{"self":[{"href":"https:\/\/rfid-laundry-tag.com\/fi\/wp-json\/wp\/v2\/product\/122","targetHints":{"allow":["GET"]}}],"collection":[{"href":"https:\/\/rfid-laundry-tag.com\/fi\/wp-json\/wp\/v2\/product"}],"about":[{"href":"https:\/\/rfid-laundry-tag.com\/fi\/wp-json\/wp\/v2\/types\/product"}],"version-history":[{"count":0,"href":"https:\/\/rfid-laundry-tag.com\/fi\/wp-json\/wp\/v2\/product\/122\/revisions"}],"wp:featuredmedia":[{"embeddable":true,"href":"https:\/\/rfid-laundry-tag.com\/fi\/wp-json\/wp\/v2\/media\/123"}],"wp:attachment":[{"href":"https:\/\/rfid-laundry-tag.com\/fi\/wp-json\/wp\/v2\/media?parent=122"}],"wp:term":[{"taxonomy":"product_brand","embeddable":true,"href":"https:\/\/rfid-laundry-tag.com\/fi\/wp-json\/wp\/v2\/product_brand?post=122"},{"taxonomy":"product_cat","embeddable":true,"href":"https:\/\/rfid-laundry-tag.com\/fi\/wp-json\/wp\/v2\/product_cat?post=122"},{"taxonomy":"product_tag","embeddable":true,"href":"https:\/\/rfid-laundry-tag.com\/fi\/wp-json\/wp\/v2\/product_tag?post=122"}],"curies":[{"name":"wp","href":"https:\/\/api.w.org\/{rel}","templated":true}]}}