{"id":120,"date":"2024-06-12T05:14:47","date_gmt":"2024-06-12T05:14:47","guid":{"rendered":"https:\/\/rfid-laundry-tag.com\/?post_type=product&#038;p=120"},"modified":"2024-06-12T06:14:46","modified_gmt":"2024-06-12T06:14:46","slug":"pps-13-56mhz-rfid-laundry-clothes-tag","status":"publish","type":"product","link":"https:\/\/rfid-laundry-tag.com\/fi\/pps-13-56mhz-rfid-laundry-clothes-tag\/","title":{"rendered":"PPS 13.56MHZ RFID LAUNDRY Vaatelappu"},"content":{"rendered":"<div class=\"J_module\">\n<div class=\"ife-detail-decorate-table\">\n<table class=\"has-title all magic-6\">\n<tbody>\n<tr>\n<td colspan=\"1\" rowspan=\"1\">\n<div class=\"magic-7\" data-spm-anchor-id=\"a2700.details.0.i45.77607d98vZbcDU\"><span class=\"magic-8\" style=\"color: #363535;\">Tuotteen nimi<\/span><\/div>\n<\/td>\n<td colspan=\"1\" rowspan=\"1\">\n<div class=\"magic-9\">PPS 13.56MHZ RFID LAUNDRY Vaatelappu<\/div>\n<\/td>\n<\/tr>\n<tr>\n<td colspan=\"1\" rowspan=\"1\">\n<div class=\"magic-7\"><span class=\"magic-10\" data-spm-anchor-id=\"a2700.pc-decorate.0.i10.28d333330XLbTD\"><span class=\"magic-8\">Materiaali<\/span><\/span><\/div>\n<\/td>\n<td colspan=\"1\" rowspan=\"1\">\n<div class=\"magic-9\"><span class=\"magic-8\">PPS<\/span><\/div>\n<\/td>\n<\/tr>\n<tr>\n<td colspan=\"1\" rowspan=\"1\">\n<div class=\"magic-7\"><span class=\"magic-8\">V\u00e4ri<\/span><\/div>\n<\/td>\n<td colspan=\"1\" rowspan=\"1\">\n<div class=\"magic-9\"><span class=\"magic-8\">Musta jne<\/span><\/div>\n<\/td>\n<\/tr>\n<tr>\n<td colspan=\"1\" rowspan=\"1\">MOQ<\/td>\n<td colspan=\"1\" rowspan=\"1\">500 kpl<\/td>\n<\/tr>\n<tr>\n<td colspan=\"1\" rowspan=\"1\">\n<div class=\"magic-7\"><span class=\"magic-8\">Valmistaja\/siru<\/span><\/div>\n<\/td>\n<td colspan=\"1\" rowspan=\"1\">\n<div class=\"magic-9\"><span class=\"magic-8\">ISO15693 :NXP I Code Slix ; ISO14443A:Ntag213,Ntag215,Ntag216,Mifare Ultralight ev1 jne<\/span><\/div>\n<\/td>\n<\/tr>\n<tr>\n<td colspan=\"1\" rowspan=\"1\">\n<div class=\"magic-7\"><span class=\"magic-8\">Taajuus<\/span><\/div>\n<\/td>\n<td colspan=\"1\" rowspan=\"1\">\n<div class=\"magic-9\"><span class=\"magic-8\">13,56 MHz<\/span><\/div>\n<\/td>\n<\/tr>\n<tr>\n<td colspan=\"1\" rowspan=\"1\">\n<div class=\"magic-7\"><span class=\"magic-8\">Muisti<\/span><\/div>\n<\/td>\n<td colspan=\"1\" rowspan=\"1\">\n<div class=\"magic-9\"><span class=\"magic-8\">NXP I Code Slix on 1 kt tavu; muun sirun muisti: 144 tavua, 504 tavua, 888 tavua, 64 tavua jne<\/span><\/div>\n<\/td>\n<\/tr>\n<tr>\n<td colspan=\"1\" rowspan=\"1\">\n<div class=\"magic-7\"><span class=\"magic-8\">Lue Et\u00e4isyys<\/span><\/div>\n<\/td>\n<td colspan=\"1\" rowspan=\"1\">\n<div class=\"magic-9\"><span class=\"magic-8\">1-5 cm<\/span><\/div>\n<\/td>\n<\/tr>\n<tr>\n<td colspan=\"1\" rowspan=\"1\">\n<div class=\"magic-7\"><span class=\"magic-8\">Ty\u00f6tila<\/span><\/div>\n<\/td>\n<td colspan=\"1\" rowspan=\"1\">\n<div class=\"magic-9\"><span class=\"magic-8\">passiivinen<\/span><\/div>\n<\/td>\n<\/tr>\n<tr>\n<td colspan=\"1\" rowspan=\"1\">\n<div class=\"magic-7\"><span class=\"magic-8\">Ty\u00f6skentelyl\u00e4mp\u00f6tila<\/span><\/div>\n<\/td>\n<td colspan=\"1\" rowspan=\"1\">\n<div class=\"magic-9\"><span class=\"magic-8\">-25 \u2103 ~ +110 \u2103<\/span><\/div>\n<\/td>\n<\/tr>\n<tr>\n<td colspan=\"1\" rowspan=\"1\">\n<div class=\"magic-7\"><span class=\"magic-8\">S\u00e4ilytysl\u00e4mp\u00f6tila<\/span><\/div>\n<\/td>\n<td colspan=\"1\" rowspan=\"1\">\n<div class=\"magic-9\"><span class=\"magic-8\">-40 \u2103 ~ +85 \u2103<\/span><\/div>\n<\/td>\n<\/tr>\n<tr>\n<td colspan=\"1\" rowspan=\"1\">\n<div class=\"magic-7\">\n<div><span class=\"magic-8\">\u00a0<\/span><\/div>\n<p><span class=\"magic-8\">Lyhytaikainen l\u00e4mm\u00f6nkest\u00e4vyys<\/span><\/p>\n<\/div>\n<\/td>\n<td colspan=\"1\" rowspan=\"1\">\n<div class=\"magic-9\"><span class=\"magic-8\">pesu: 90 \u2103, 15 minuuttia; muuntimen esikuivaus: 180 \u2103, 30 minuuttia, 200 kertaa; silitys: 180 \u2103, 10 sekuntia, 200 kertaa; korkea<br \/>\nl\u00e4mp\u00f6tilasterilointi: 135 \u2103, 20 minuuttia<\/span><\/div>\n<\/td>\n<\/tr>\n<tr>\n<td colspan=\"1\" rowspan=\"1\">\n<div class=\"magic-7\"><span class=\"magic-8\">ominaisuudet<\/span><\/div>\n<\/td>\n<td colspan=\"1\" rowspan=\"1\">\n<div class=\"magic-9\"><span class=\"magic-8\">vedenpit\u00e4v\u00e4, pest\u00e4v\u00e4, korkeita l\u00e4mp\u00f6tiloja kest\u00e4v\u00e4<\/span><\/div>\n<\/td>\n<\/tr>\n<tr>\n<td colspan=\"1\" rowspan=\"1\">\n<div class=\"magic-7\">p\u00f6yt\u00e4kirja<\/div>\n<\/td>\n<td colspan=\"1\" rowspan=\"1\">\n<div class=\"magic-9\"><span class=\"magic-8\">ISO14443A\/15693<\/span><\/div>\n<\/td>\n<\/tr>\n<tr>\n<td colspan=\"1\" rowspan=\"1\">\n<div class=\"magic-7\"><span class=\"magic-8\">Sovellukset<\/span><\/div>\n<\/td>\n<td colspan=\"1\" rowspan=\"1\">\n<div class=\"magic-9\"><span class=\"magic-8\">pyykin hallinta ja seuranta<\/span><\/div>\n<\/td>\n<\/tr>\n<\/tbody>\n<\/table>\n<\/div>\n<\/div>\n<div class=\"J_module\">\n<div class=\"detail-decorate-json-renderer-container\">\n<div class=\"magic-1\">\n<div class=\"magic-2\">\n<div class=\"auto-hide-last-sibling-br paragraph_1252f paragraph-element\">\n<div class=\"auto-hide-last-sibling-br paragraph_1252f paragraph-element\"><\/div>\n<div class=\"auto-hide-last-sibling-br paragraph_1252f paragraph-element\">\n<p><b>Sovellus\u00a0<\/b><br \/>\n\u2013 Teollinen pesu.<br \/>\n\u2013 Univormujen hallinta.<br \/>\n\u2013 L\u00e4\u00e4kint\u00e4vaatteiden hallinta.<br \/>\n\u2013 PPE-vaatteiden hallinta.<br \/>\n\u2013 Henkil\u00f6st\u00f6n partiojohtaminen.<br \/>\n\u2013 Palontorjuntalaitteiden hallinta.<br \/>\n\u2013 Hiihtov\u00e4lineiden hallinta.<\/p>\n<\/div>\n<div><\/div>\n<\/div>\n<\/div>\n<div>\n<p>The <strong>ICODE SLIX IC<\/strong> on omistettu siru \u00e4lykk\u00e4isiin tarrasovelluksiin, kuten kirjastoihin, tuotteiden autentikointiin eri toimialoilla, kuten l\u00e4\u00e4keteollisuudessa, l\u00e4\u00e4ketieteellisiss\u00e4 laitteissa ja alkoholissa, sek\u00e4 tuotannon hallintaan teollisuuden eri alueilla. T\u00e4m\u00e4 IC on ISO-standardeihin ISO\/IEC 15693 ja ISO\/IEC 18000-3 perustuvien \u00e4lykk\u00e4iden tarrapiirien tuoteperheen kolmas sukupolvi, joka jatkaa NXP:n menestystarinaa.<sup>\u00ae<\/sup>\u00a0l\u00e4hitunnistusj\u00e4rjestelmien alalla.<\/p>\n<h3>Kontaktiton energia- ja tiedonsiirto<\/h3>\n<p>Aina kun se liitet\u00e4\u00e4n hyvin yksinkertaiseen ja helposti valmistettavaan antennityyppiin (13,56 MHz:n kantoaaltotaajuuden ansiosta), joka on valmistettu muutamasta painetusta, k\u00e4\u00e4mityst\u00e4, sy\u00f6vytyst\u00e4 tai rei&#039;itetyst\u00e4 kelasta, ICODE SLIX IC:t\u00e4 voidaan k\u00e4ytt\u00e4\u00e4 ilman n\u00e4k\u00f6yhteys 1,5 m et\u00e4isyydelle (portin leveys). Akkua ei tarvita. Kun \u00e4lytarra sijoitetaan kyselyantennin kentt\u00e4\u00e4n, nopea RF-viestint\u00e4liit\u00e4nt\u00e4 mahdollistaa tiedonsiirron jopa 53 kbit\/s nopeudella.<\/p>\n<h3>T\u00f6rm\u00e4yksenesto<\/h3>\n<p>\u00c4lyk\u00e4s t\u00f6rm\u00e4yksenestotoiminto mahdollistaa useiden tunnisteiden k\u00e4yt\u00f6n pellolla samanaikaisesti. T\u00f6rm\u00e4yksenesto-algoritmi valitsee jokaisen tunnisteen yksitellen ja varmistaa, ett\u00e4 tapahtuman suorittaminen valitulla tunnisteella suoritetaan oikein ilman kent\u00e4n muista tunnisteista johtuvaa tietojen korruptiota.<\/p>\n<h3>ominaisuudet<\/h3>\n<div id=\"featuresXsp\" class=\"features-list\">\n<div class=\"features-xsp\">\n<div class=\"collapse-mobile ste-list\">\n<h3>ICODE SLIX RF -liit\u00e4nt\u00e4 (ISO\/IEC 15693)<\/h3>\n<ul class=\"boxes\">\n<li>Tietojen ja energian kontaktiton siirto (paristoa ei tarvita)<\/li>\n<li>Toimintaet\u00e4isyys: jopa 1,5 m (riippuen antennin geometriasta)<\/li>\n<li>Toimintataajuus: 13,56 MHz (ISM, maailmanlaajuinen lisenssi vapaasti saatavilla)<\/li>\n<li>Nopea tiedonsiirto: jopa 53 kbit\/s<\/li>\n<li>Korkea tiedon eheys: 16-bittinen CRC, kehystys<\/li>\n<li>Todellinen t\u00f6rm\u00e4yksenesto<\/li>\n<li>Salasanasuojattu s\u00e4hk\u00f6inen artikkelivalvonta (EAS)<\/li>\n<li>Salasanasuojattu sovellusperhetunniste (AFI)<\/li>\n<li>Data Storage Format Identifier (DSFID)<\/li>\n<li>Lis\u00e4ksi nopea t\u00f6rm\u00e4yksenestoluku<\/li>\n<li>Kirjoita et\u00e4isyys yht\u00e4 suuri kuin lukuet\u00e4isyys<\/li>\n<\/ul>\n<\/div>\n<div class=\"collapse-mobile ste-list\">\n<h3>EEPROM<\/h3>\n<ul class=\"boxes\">\n<li>1024 bitti\u00e4, j\u00e4rjestetty 32 lohkoon, joista kukin on 4 tavua<\/li>\n<li>50 vuoden tietojen s\u00e4ilytys<\/li>\n<li>Kirjoita 100 000 syklin kest\u00e4vyys<\/li>\n<\/ul>\n<\/div>\n<div class=\"collapse-mobile ste-list\">\n<h3>Turvallisuus<\/h3>\n<ul class=\"boxes\">\n<li>Ainutlaatuinen tunniste jokaiselle laitteelle<\/li>\n<li>Lukitusmekanismi jokaiselle k\u00e4ytt\u00e4j\u00e4n muistilohkolle (kirjoitussuojaus)<\/li>\n<li>Lukitusmekanismi DSFID:lle, AFI:lle, EAS:lle<\/li>\n<li>Salasanalla (32-bittinen) suojattu EAS- ja AFI-toiminto<\/li>\n<\/ul>\n<h1 id=\"hero-title\" class=\"sp-hero-title\">NTAG<sup>\u00ae<\/sup>\u00a0213\/215\/216: NFC Forum Type 2 Tag -yhteensopiva IC, jossa on 144\/504\/888 tavua k\u00e4ytt\u00e4j\u00e4muistia<\/h1>\n<\/div>\n<\/div>\n<\/div>\n<\/div>\n<div class=\"magic-2\">\n<div class=\"auto-hide-last-sibling-br paragraph_1252f paragraph-element\">\n<p>NXP on kehitt\u00e4nyt NTAG 213:n, NTAG 215:n ja NTAG 216:n<sup>\u00ae<\/sup>\u00a0Puolijohteet tavallisina NFC-tunniste-IC:in\u00e4 k\u00e4ytett\u00e4v\u00e4ksi massamarkkinasovelluksissa, kuten v\u00e4hitt\u00e4iskaupassa, peleiss\u00e4 ja kulutuselektroniikassa, yhdess\u00e4 NFC-laitteiden tai NFC-yhteensopivien l\u00e4heisyyskytkent\u00e4laitteiden kanssa. NTAG 213, NTAG 215 ja NTAG 216 (t\u00e4st\u00e4 l\u00e4htien yleisesti kutsutaan nimell\u00e4 NTAG 21x) on suunniteltu t\u00e4ysin NFC Forum Type 2 -tunnisteen ja ISO\/IEC14443 Type A -m\u00e4\u00e4rittelyjen mukaisiksi.<\/p>\n<p>Kohdesovelluksia ovat Out-of-Home ja painetun median \u00e4lykk\u00e4\u00e4t mainokset, SoLoMo-sovellukset, tuotetodennus, NFC-hyllytarrat ja mobiilikumppanitunnisteet.<\/p>\n<p>Kohdek\u00e4ytt\u00f6tapauksia ovat kodin ulkopuolella tapahtuva \u00e4lyk\u00e4s mainonta, tuotteen todennus, mobiilikumppanitunnisteet, Bluetooth<sup>\u00ae<\/sup>\u00a0tai Wi-Fi-pariliitos, elektroniset hyllytarrat ja k\u00e4yntikortit. NTAG 21x -muisti voidaan my\u00f6s segmentoida useiden sovellusten toteuttamiseksi samanaikaisesti.<\/p>\n<p>Suuren tulokapasitanssin ansiosta NTAG 21x tag IC:t on erityisesti r\u00e4\u00e4t\u00e4l\u00f6ity sovelluksiin, jotka vaativat pienen tilan, suorituskyvyst\u00e4 tinkim\u00e4tt\u00e4. Pienet NFC-tunnisteet voidaan upottaa helpommin esimerkiksi tuotetarroihin tai elektronisiin laitteisiin.<\/p>\n<p>NTAG 21x:n mekaaniset ja s\u00e4hk\u00f6iset tiedot on r\u00e4\u00e4t\u00e4l\u00f6ity vastaamaan upote- ja etikettivalmistajien vaatimuksia.<\/p>\n<h3>Kontaktiton energia- ja tiedonsiirto<\/h3>\n<p>Yhteys NTAG 21x:\u00e4\u00e4n voidaan muodostaa vain, kun IC on kytketty antenniin.<\/p>\n<p>Kun NTAG 21x on sijoitettu RF-kentt\u00e4\u00e4n, nopea RF-viestint\u00e4liit\u00e4nt\u00e4 mahdollistaa tiedonsiirron 106 kbit\/s baudinopeudella.<\/p>\n<h3>Yksinkertainen k\u00e4ytt\u00f6\u00f6notto ja k\u00e4ytt\u00f6mukavuus<\/h3>\n<p>NTAG 21x tarjoaa erityisi\u00e4 ominaisuuksia, jotka on suunniteltu parantamaan integraatiota ja k\u00e4ytt\u00f6mukavuutta:<\/p>\n<ul>\n<li>Nopea lukuominaisuus mahdollistaa koko NDEF-viestin skannaamisen vain yhdell\u00e4 FAST_READ-komennolla, mik\u00e4 v\u00e4hent\u00e4\u00e4 ylim\u00e4\u00e4r\u00e4ist\u00e4 kuormitusta suuren suorituskyvyn tuotantoymp\u00e4rist\u00f6iss\u00e4<\/li>\n<li>Parannettu RF-suorituskyky mahdollistaa enemm\u00e4n joustavuutta muodon, mitan ja materiaalien valinnassa<\/li>\n<li>Vaihtoehto 75 \u03bcm:n IC-paksuudelle mahdollistaa ultraohuiden tunnisteiden valmistuksen, mik\u00e4 helpottaa integrointia esim. aikakauslehtiin tai pelikortteihin<\/li>\n<\/ul>\n<h3>Turvallisuus<\/h3>\n<ul>\n<li>Valmistaja ohjelmoi 7-tavun UID:n jokaiselle laitteelle<\/li>\n<li>Esiohjelmoitu valmiuss\u00e4ili\u00f6, jossa on kertaohjelmoitavia bittej\u00e4<\/li>\n<li>Kent\u00e4ll\u00e4 ohjelmoitava vain luku -lukitustoiminto<\/li>\n<li>ECC-pohjainen omaper\u00e4isyysallekirjoitus<\/li>\n<li>32-bittinen salasanasuojaus est\u00e4\u00e4 luvattomat muistitoiminnot<\/li>\n<\/ul>\n<h3>NFC Forum Tag 2 -tyypin yhteensopivuus<\/h3>\n<p>NTAG 21x IC tarjoaa t\u00e4ydellisen NFC Forum Tag 2 Type -tekniikan vaatimusten mukaisuuden ja mahdollistaa NDEF-tietorakenteen m\u00e4\u00e4ritykset.<\/p>\n<h3>T\u00f6rm\u00e4yksenesto<\/h3>\n<p>\u00c4lyk\u00e4s t\u00f6rm\u00e4yksenestotoiminto mahdollistaa useamman kuin yhden tunnisteen k\u00e4yt\u00f6n pellolla samanaikaisesti. T\u00f6rm\u00e4yksenesto-algoritmi valitsee jokaisen tunnisteen yksitellen ja varmistaa, ett\u00e4 tapahtuman suorittaminen valitulla tunnisteella suoritetaan oikein ilman kent\u00e4n toisen tagin h\u00e4iri\u00f6it\u00e4.<\/p>\n<div class=\"auto-hide-last-sibling-br paragraph_1252f paragraph-element\"><\/div>\n<div class=\"auto-hide-last-sibling-br paragraph_1252f paragraph-element\"><\/div>\n<\/div>\n<\/div>\n<\/div>\n<\/div>\n<\/div>","protected":false},"excerpt":{"rendered":"<p>PPS 13.56MHz RFID Laundry Clothes -tunnisteet on nerokkaasti muotoiltu liinavaatteisiin, pyyhkeisiin ja t\u00e4rkeimpiin l\u00e4\u00e4kint\u00e4asuihin tai univormuihin kiinnitt\u00e4miseksi, jotka vaativat tukevan mutta halkaisijaltaan pienen RFID-tunnisteen. Tunnisteessa on PPS + epoksirakenne, joka takaa kimmoisuuden kovissa paineissa ja korkeissa l\u00e4mp\u00f6tiloissa, mik\u00e4 tekee siit\u00e4 erityisen kest\u00e4v\u00e4n vaativilla aloilla. Lis\u00e4ksi tarjoamme tunnisteita, jotka on varustettu sek\u00e4 ISO 15693- ett\u00e4 14443 NFC -muistisiruilla, mik\u00e4 tekee niist\u00e4 mukautettavissa erilaisiin tarpeisiin.<\/p>","protected":false},"featured_media":121,"template":"","meta":{"_kad_post_transparent":"default","_kad_post_title":"","_kad_post_layout":"default","_kad_post_sidebar_id":"","_kad_post_content_style":"default","_kad_post_vertical_padding":"default","_kad_post_feature":"","_kad_post_feature_position":"","_kad_post_header":false,"_kad_post_footer":false,"_kad_post_classname":""},"product_brand":[],"product_cat":[21,17,53],"product_tag":[39,60,57,45],"class_list":{"0":"post-120","1":"product","2":"type-product","3":"status-publish","4":"has-post-thumbnail","6":"product_cat-pps-rfid-laundry-tag","7":"product_cat-nfc-rfid-laundry-tag","8":"product_cat-rfid-clothes-tag","9":"product_tag-nfc-laundry-tag","10":"product_tag-pps-13-56mhz-rfid-laundry-clothes-tag","11":"product_tag-pps-rfid-laundry-tags","12":"product_tag-pps-washable-nfc-tags","14":"first","15":"instock","16":"shipping-taxable","17":"product-type-simple","18":"entry","19":"content-bg","20":"loop-entry"},"_links":{"self":[{"href":"https:\/\/rfid-laundry-tag.com\/fi\/wp-json\/wp\/v2\/product\/120","targetHints":{"allow":["GET"]}}],"collection":[{"href":"https:\/\/rfid-laundry-tag.com\/fi\/wp-json\/wp\/v2\/product"}],"about":[{"href":"https:\/\/rfid-laundry-tag.com\/fi\/wp-json\/wp\/v2\/types\/product"}],"version-history":[{"count":0,"href":"https:\/\/rfid-laundry-tag.com\/fi\/wp-json\/wp\/v2\/product\/120\/revisions"}],"wp:featuredmedia":[{"embeddable":true,"href":"https:\/\/rfid-laundry-tag.com\/fi\/wp-json\/wp\/v2\/media\/121"}],"wp:attachment":[{"href":"https:\/\/rfid-laundry-tag.com\/fi\/wp-json\/wp\/v2\/media?parent=120"}],"wp:term":[{"taxonomy":"product_brand","embeddable":true,"href":"https:\/\/rfid-laundry-tag.com\/fi\/wp-json\/wp\/v2\/product_brand?post=120"},{"taxonomy":"product_cat","embeddable":true,"href":"https:\/\/rfid-laundry-tag.com\/fi\/wp-json\/wp\/v2\/product_cat?post=120"},{"taxonomy":"product_tag","embeddable":true,"href":"https:\/\/rfid-laundry-tag.com\/fi\/wp-json\/wp\/v2\/product_tag?post=120"}],"curies":[{"name":"wp","href":"https:\/\/api.w.org\/{rel}","templated":true}]}}