{"id":117,"date":"2024-06-12T05:06:31","date_gmt":"2024-06-12T05:06:31","guid":{"rendered":"https:\/\/rfid-laundry-tag.com\/?post_type=product&#038;p=117"},"modified":"2024-08-14T16:49:35","modified_gmt":"2024-08-14T16:49:35","slug":"rfid-laundry-tag-pps-em4305","status":"publish","type":"product","link":"https:\/\/rfid-laundry-tag.com\/fi\/rfid-laundry-tag-pps-em4305\/","title":{"rendered":"RFID Laundry Tag-PPS -EM4305"},"content":{"rendered":"<div class=\"J_module\">\n<div class=\"ife-detail-decorate-table\">\n<table style=\"border-collapse: collapse; width: 451.23pt;\" border=\"0\" width=\"752\" cellspacing=\"0\" cellpadding=\"0\">\n<tbody>\n<tr style=\"height: 28.00pt;\">\n<td class=\"et2\" style=\"height: 28.00pt; width: 138.60pt;\" width=\"231\" height=\"46\">Tuotteen nimi<\/td>\n<td class=\"et3\" style=\"width: 312.60pt;\" width=\"521\">RFID Laundry Tag-PPS -EM4305<\/td>\n<\/tr>\n<tr style=\"height: 14.40pt;\">\n<td class=\"et3\" style=\"height: 14.40pt; width: 138.60pt;\" width=\"231\" height=\"24\">Materiaali<\/td>\n<td class=\"et3\" style=\"width: 312.60pt;\" width=\"521\">PPS<\/td>\n<\/tr>\n<tr style=\"height: 14.40pt;\">\n<td class=\"et3\" style=\"height: 14.40pt; width: 138.60pt;\" width=\"231\" height=\"24\">V\u00e4ri<\/td>\n<td class=\"et3\" style=\"width: 312.60pt;\" width=\"521\">Musta<\/td>\n<\/tr>\n<tr style=\"height: 14.40pt;\">\n<td class=\"et3\" style=\"height: 14.40pt; width: 138.60pt;\" width=\"231\" height=\"24\">MOQ<\/td>\n<td class=\"et3\" style=\"width: 312.60pt;\" width=\"521\">500 kpl<\/td>\n<\/tr>\n<tr style=\"height: 42.00pt;\">\n<td class=\"et3\" style=\"height: 42.00pt; width: 138.60pt;\" width=\"231\" height=\"70\">Valmistaja\/siru<\/td>\n<td class=\"et3\" style=\"width: 312.60pt;\" width=\"521\">EM4200, TK4100, EM4305, T5577 jne<\/td>\n<\/tr>\n<tr style=\"height: 14.40pt;\">\n<td class=\"et3\" style=\"height: 14.40pt; width: 138.60pt;\" width=\"231\" height=\"24\">Taajuus<\/td>\n<td class=\"et3\" style=\"width: 312.60pt;\" width=\"521\">125 khz<\/td>\n<\/tr>\n<tr style=\"height: 70.00pt;\">\n<td class=\"et3\" style=\"height: 70.00pt; width: 138.60pt;\" width=\"231\" height=\"116\">Koko<\/td>\n<td class=\"et3\" style=\"width: 312.60pt;\" width=\"521\">Halkaisija 14 mm, halkaisija 15 mm, 18 mm, 20 mm,<\/p>\n<p>Halkaisija 22 mm, halkaisija 24 mm, halkaisija 30 mm jne<\/td>\n<\/tr>\n<tr style=\"height: 14.40pt;\">\n<td class=\"et3\" style=\"height: 14.40pt; width: 138.60pt;\" width=\"231\" height=\"24\">Lue Et\u00e4isyys<\/td>\n<td class=\"et3\" style=\"width: 312.60pt;\" width=\"521\">1-5 cm<\/td>\n<\/tr>\n<tr style=\"height: 14.40pt;\">\n<td class=\"et3\" style=\"height: 14.40pt; width: 138.60pt;\" width=\"231\" height=\"24\">Ty\u00f6tila<\/td>\n<td class=\"et3\" style=\"width: 312.60pt;\" width=\"521\">passiivinen<\/td>\n<\/tr>\n<tr style=\"height: 14.40pt;\">\n<td class=\"et3\" style=\"height: 14.40pt; width: 138.60pt;\" width=\"231\" height=\"24\">Ty\u00f6skentelyl\u00e4mp\u00f6tila<\/td>\n<td class=\"et3\" style=\"width: 312.60pt;\" width=\"521\">-25<span class=\"font0\">\u2103<\/span><span class=\"font2\">~+110<\/span><span class=\"font0\">\u2103<\/span><\/td>\n<\/tr>\n<tr style=\"height: 14.40pt;\">\n<td class=\"et3\" style=\"height: 14.40pt; width: 138.60pt;\" width=\"231\" height=\"24\">S\u00e4ilytysl\u00e4mp\u00f6tila<\/td>\n<td class=\"et3\" style=\"width: 312.60pt;\" width=\"521\">-40<span class=\"font0\">\u2103<\/span><span class=\"font2\">~+85<\/span><span class=\"font0\">\u2103<\/span><\/td>\n<\/tr>\n<tr style=\"height: 73.00pt;\">\n<td class=\"et4\" style=\"height: 73.00pt;\" height=\"121\">K\u00e4ytt\u00f6tiedot<\/td>\n<td class=\"et3\" style=\"width: 312.60pt;\" width=\"521\">Vedenkest\u00e4v\u00e4; kest\u00e4\u00e4 upotusta suolaveteen, alkoholiin, \u00f6ljyyn, 10%HCL; ammoniakki; isku ja t\u00e4rin\u00e4<\/td>\n<\/tr>\n<tr style=\"height: 14.40pt;\">\n<td class=\"et3\" style=\"height: 14.40pt; width: 138.60pt;\" width=\"231\" height=\"24\">ominaisuudet<\/td>\n<td class=\"et3\" style=\"width: 312.60pt;\" width=\"521\">vedenpit\u00e4v\u00e4, pest\u00e4v\u00e4, korkeita l\u00e4mp\u00f6tiloja kest\u00e4v\u00e4<\/td>\n<\/tr>\n<tr style=\"height: 14.40pt;\">\n<td class=\"et3\" style=\"height: 14.40pt; width: 138.60pt;\" width=\"231\" height=\"24\">Sovellukset<\/td>\n<td class=\"et3\" style=\"width: 312.60pt;\" width=\"521\">pyykin hallinta ja seuranta<\/td>\n<\/tr>\n<\/tbody>\n<\/table>\n<\/div>\n<\/div>\n<div class=\"J_module\">\n<div class=\"detail-decorate-json-renderer-container\">\n<div class=\"magic-1\">\n<div>\n<div><\/div>\n<\/div>\n<div class=\"magic-2\">\n<div>\n<div class=\"auto-hide-last-sibling-br paragraph_1252f paragraph-element\">\n<div class=\"auto-hide-last-sibling-br paragraph_1252f paragraph-element\"><strong>125 kHz PPS RFID Pesulatunnisteet<\/strong> tarjoaa lukuisia etuja integroituna RFID-pesutunnisteratkaisuihin.<\/div>\n<div class=\"auto-hide-last-sibling-br paragraph_1252f paragraph-element\">N\u00e4it\u00e4 etuja ovat:<\/div>\n<ol class=\"auto-hide-last-sibling-br\">\n<li>Tehdaskohtainen hinnoittelu takaa kustannustehokkaat ratkaisut.<\/li>\n<li>Taattu laatu, 100%-testaus suoritettu ennen toimitusta.<\/li>\n<li>Pitk\u00e4kestoinen luotettavuus, yli 200 pesukertaa sertifioitu tai 2 vuoden elinik\u00e4takuu l\u00e4hetyksen j\u00e4lkeen.<\/li>\n<li>Poikkeuksellinen kest\u00e4vyys, kest\u00e4\u00e4 vett\u00e4, l\u00e4mp\u00f6\u00e4, painetta ja kemikaaleja.<\/li>\n<li>Tarjoamme my\u00f6s ilmaisen n\u00e4ytteen laadunvarmistusta ja testausta varten.<\/li>\n<\/ol>\n<div class=\"auto-hide-last-sibling-br paragraph_1252f paragraph-element\"><strong>RFID Laundry Tag-PPS -EM4305 Sovellukset:<\/strong><\/div>\n<ol class=\"auto-hide-last-sibling-br\">\n<li>\n<div class=\"auto-hide-last-sibling-br paragraph_1252f paragraph-element\">Teollisuuspesulat: Teollisuusareenalla RFID Laundry Tag Buttons -painikkeiden k\u00e4ytt\u00f6 tekee massiivisten pellavam\u00e4\u00e4rien seurannasta vaivatonta.<\/div>\n<\/li>\n<li>\n<div class=\"auto-hide-last-sibling-br paragraph_1252f paragraph-element\">Sairaalat ja hotellit: N\u00e4m\u00e4 laitokset hoitavat usein suuria m\u00e4\u00e4ri\u00e4 pesulateht\u00e4vi\u00e4, joissa n\u00e4m\u00e4 tunnisteet ovat osoittautuneet v\u00e4ltt\u00e4m\u00e4tt\u00f6miksi tehokkuuden parantamiseksi ja varastonhallinnan virtaviivaistamiseksi.<\/div>\n<\/li>\n<li>\n<div class=\"auto-hide-last-sibling-br paragraph_1252f paragraph-element\">Liinavaatteiden vuokraus: Liinavaatteiden vuokrauspalveluita tarjoavat yritykset ottavat k\u00e4ytt\u00f6\u00f6n n\u00e4m\u00e4 tunnisteet helpottaakseen varastonhallintaa ja varmistaakseen laadunvalvonnan.<\/div>\n<\/li>\n<\/ol>\n<\/div>\n<\/div>\n<\/div>\n<\/div>\n<\/div>\n<\/div>","protected":false},"excerpt":{"rendered":"<div class=\"auto-hide-last-sibling-br paragraph_1252f paragraph-element\">RFID Laundry Tag-PPS -EM4305 on tarkoituksella suunniteltu kest\u00e4m\u00e4\u00e4n veden upottamista, l\u00e4mp\u00f6kosketusta, rasitusta ja altistumista kemiallisille aineille, joten ne sopivat vaativiin olosuhteisiin. N\u00e4it\u00e4 tunnisteita voidaan k\u00e4ytt\u00e4\u00e4 ensisijaisesti varaston seurannassa ja validoinnissa useissa eri tiloissa, kuten terveyskeskuksissa, koulutusorganisaatioissa, hotelleissa ja vastaavissa laitoksissa.<\/div>\n<div class=\"auto-hide-last-sibling-br paragraph_1252f paragraph-element\"><\/div>","protected":false},"featured_media":147,"template":"","meta":{"_kad_post_transparent":"default","_kad_post_title":"","_kad_post_layout":"default","_kad_post_sidebar_id":"","_kad_post_content_style":"default","_kad_post_vertical_padding":"default","_kad_post_feature":"","_kad_post_feature_position":"","_kad_post_header":false,"_kad_post_footer":false,"_kad_post_classname":""},"product_brand":[],"product_cat":[21,18],"product_tag":[52,49,70,71],"class_list":{"0":"post-117","1":"product","2":"type-product","3":"status-publish","4":"has-post-thumbnail","6":"product_cat-pps-rfid-laundry-tag","7":"product_cat-125khz-rfid-laundry-tag","8":"product_tag-125khz-pps-rfid-laundry-tag","9":"product_tag-button-rfid-tag","10":"product_tag-rfid-laundry-tag-pps-em4305","11":"product_tag-rfid-tag-pps","13":"first","14":"instock","15":"featured","16":"shipping-taxable","17":"product-type-simple","18":"entry","19":"content-bg","20":"loop-entry"},"_links":{"self":[{"href":"https:\/\/rfid-laundry-tag.com\/fi\/wp-json\/wp\/v2\/product\/117","targetHints":{"allow":["GET"]}}],"collection":[{"href":"https:\/\/rfid-laundry-tag.com\/fi\/wp-json\/wp\/v2\/product"}],"about":[{"href":"https:\/\/rfid-laundry-tag.com\/fi\/wp-json\/wp\/v2\/types\/product"}],"version-history":[{"count":2,"href":"https:\/\/rfid-laundry-tag.com\/fi\/wp-json\/wp\/v2\/product\/117\/revisions"}],"predecessor-version":[{"id":1339,"href":"https:\/\/rfid-laundry-tag.com\/fi\/wp-json\/wp\/v2\/product\/117\/revisions\/1339"}],"wp:featuredmedia":[{"embeddable":true,"href":"https:\/\/rfid-laundry-tag.com\/fi\/wp-json\/wp\/v2\/media\/147"}],"wp:attachment":[{"href":"https:\/\/rfid-laundry-tag.com\/fi\/wp-json\/wp\/v2\/media?parent=117"}],"wp:term":[{"taxonomy":"product_brand","embeddable":true,"href":"https:\/\/rfid-laundry-tag.com\/fi\/wp-json\/wp\/v2\/product_brand?post=117"},{"taxonomy":"product_cat","embeddable":true,"href":"https:\/\/rfid-laundry-tag.com\/fi\/wp-json\/wp\/v2\/product_cat?post=117"},{"taxonomy":"product_tag","embeddable":true,"href":"https:\/\/rfid-laundry-tag.com\/fi\/wp-json\/wp\/v2\/product_tag?post=117"}],"curies":[{"name":"wp","href":"https:\/\/api.w.org\/{rel}","templated":true}]}}