{"id":115,"date":"2024-06-12T04:52:26","date_gmt":"2024-06-12T04:52:26","guid":{"rendered":"https:\/\/rfid-laundry-tag.com\/?post_type=product&#038;p=115"},"modified":"2024-08-14T16:51:27","modified_gmt":"2024-08-14T16:51:27","slug":"rfid-laundry-tag-pps-t5577","status":"publish","type":"product","link":"https:\/\/rfid-laundry-tag.com\/fi\/rfid-laundry-tag-pps-t5577\/","title":{"rendered":"RFID Laundry Tag-PPS -T5577"},"content":{"rendered":"<div class=\"J_module\">\n<div class=\"ife-detail-decorate-table\">\n<table style=\"border-collapse: collapse; width: 451.23pt;\" border=\"0\" width=\"752\" cellspacing=\"0\" cellpadding=\"0\">\n<tbody>\n<tr style=\"height: 28.00pt;\">\n<td class=\"et2\" style=\"height: 28.00pt; width: 138.60pt;\" width=\"231\" height=\"46\">Tuotteen nimi<\/td>\n<td class=\"et3\" style=\"width: 312.60pt;\" width=\"521\">RFID Laundry Tag-PPS -T5577<\/td>\n<\/tr>\n<tr style=\"height: 14.40pt;\">\n<td class=\"et3\" style=\"height: 14.40pt; width: 138.60pt;\" width=\"231\" height=\"24\">Materiaali<\/td>\n<td class=\"et3\" style=\"width: 312.60pt;\" width=\"521\">PPS<\/td>\n<\/tr>\n<tr style=\"height: 14.40pt;\">\n<td class=\"et3\" style=\"height: 14.40pt; width: 138.60pt;\" width=\"231\" height=\"24\">V\u00e4ri<\/td>\n<td class=\"et3\" style=\"width: 312.60pt;\" width=\"521\">Musta<\/td>\n<\/tr>\n<tr style=\"height: 14.40pt;\">\n<td class=\"et3\" style=\"height: 14.40pt; width: 138.60pt;\" width=\"231\" height=\"24\">MOQ<\/td>\n<td class=\"et3\" style=\"width: 312.60pt;\" width=\"521\">500 kpl<\/td>\n<\/tr>\n<tr style=\"height: 42.00pt;\">\n<td class=\"et3\" style=\"height: 42.00pt; width: 138.60pt;\" width=\"231\" height=\"70\">Valmistaja\/siru<\/td>\n<td class=\"et3\" style=\"width: 312.60pt;\" width=\"521\">EM4200, TK4100, EM4305, T5577 jne<\/td>\n<\/tr>\n<tr style=\"height: 14.40pt;\">\n<td class=\"et3\" style=\"height: 14.40pt; width: 138.60pt;\" width=\"231\" height=\"24\">Taajuus<\/td>\n<td class=\"et3\" style=\"width: 312.60pt;\" width=\"521\">125 khz<\/td>\n<\/tr>\n<tr style=\"height: 70.00pt;\">\n<td class=\"et3\" style=\"height: 70.00pt; width: 138.60pt;\" width=\"231\" height=\"116\">Koko<\/td>\n<td class=\"et3\" style=\"width: 312.60pt;\" width=\"521\">Halkaisija 14 mm, halkaisija 15 mm, 18 mm, 20 mm,<\/p>\n<p>Halkaisija 22 mm, halkaisija 24 mm, halkaisija 30 mm jne<\/td>\n<\/tr>\n<tr style=\"height: 14.40pt;\">\n<td class=\"et3\" style=\"height: 14.40pt; width: 138.60pt;\" width=\"231\" height=\"24\">Lue Et\u00e4isyys<\/td>\n<td class=\"et3\" style=\"width: 312.60pt;\" width=\"521\">1-5 cm<\/td>\n<\/tr>\n<tr style=\"height: 14.40pt;\">\n<td class=\"et3\" style=\"height: 14.40pt; width: 138.60pt;\" width=\"231\" height=\"24\">Ty\u00f6tila<\/td>\n<td class=\"et3\" style=\"width: 312.60pt;\" width=\"521\">passiivinen<\/td>\n<\/tr>\n<tr style=\"height: 14.40pt;\">\n<td class=\"et3\" style=\"height: 14.40pt; width: 138.60pt;\" width=\"231\" height=\"24\">Ty\u00f6skentelyl\u00e4mp\u00f6tila<\/td>\n<td class=\"et3\" style=\"width: 312.60pt;\" width=\"521\">-25<span class=\"font0\">\u2103<\/span><span class=\"font2\">~+110<\/span><span class=\"font0\">\u2103<\/span><\/td>\n<\/tr>\n<tr style=\"height: 14.40pt;\">\n<td class=\"et3\" style=\"height: 14.40pt; width: 138.60pt;\" width=\"231\" height=\"24\">S\u00e4ilytysl\u00e4mp\u00f6tila<\/td>\n<td class=\"et3\" style=\"width: 312.60pt;\" width=\"521\">-40<span class=\"font0\">\u2103<\/span><span class=\"font2\">~+85<\/span><span class=\"font0\">\u2103<\/span><\/td>\n<\/tr>\n<tr style=\"height: 73.00pt;\">\n<td class=\"et4\" style=\"height: 73.00pt;\" height=\"121\">K\u00e4ytt\u00f6tiedot<\/td>\n<td class=\"et3\" style=\"width: 312.60pt;\" width=\"521\">Vedenkest\u00e4v\u00e4; kest\u00e4\u00e4 upotusta suolaveteen, alkoholiin, \u00f6ljyyn, 10%HCL; ammoniakki; isku ja t\u00e4rin\u00e4<\/td>\n<\/tr>\n<tr style=\"height: 14.40pt;\">\n<td class=\"et3\" style=\"height: 14.40pt; width: 138.60pt;\" width=\"231\" height=\"24\">ominaisuudet<\/td>\n<td class=\"et3\" style=\"width: 312.60pt;\" width=\"521\">vedenpit\u00e4v\u00e4, pest\u00e4v\u00e4, korkeita l\u00e4mp\u00f6tiloja kest\u00e4v\u00e4<\/td>\n<\/tr>\n<tr style=\"height: 14.40pt;\">\n<td class=\"et3\" style=\"height: 14.40pt; width: 138.60pt;\" width=\"231\" height=\"24\">Sovellukset<\/td>\n<td class=\"et3\" style=\"width: 312.60pt;\" width=\"521\">pyykin hallinta ja seuranta<\/td>\n<\/tr>\n<\/tbody>\n<\/table>\n<\/div>\n<p>&nbsp;<\/p>\n<p><strong>ATA5577 IC<\/strong> on kontaktiton luku\/kirjoitustunnistuksen integroitu siru (IDIC\u00ae<br \/>\n) sovelluksille taajuudella 125 kHz tai 134 kHz<br \/>\nkHz taajuusalue. Yksi siruun kytketty k\u00e4\u00e4mi toimii IC:n virtal\u00e4hteen\u00e4 ja kaksisuuntaisena<br \/>\nviestint\u00e4liittym\u00e4. Antenni ja siru muodostavat yhdess\u00e4 transponderin tai tunnisteen. Sirussa oleva 363-bittinen EEPROM<br \/>\n(11 lohkoa, kussakin 33 bitti\u00e4) luetaan ja kirjoitetaan lohkoittain tukiasemalta (lukijalta). Tiedot l\u00e4hetet\u00e4\u00e4n osoitteesta<br \/>\nIDIC (uplink) kuorman modulaatiolla. T\u00e4m\u00e4 saavutetaan vaimentamalla RF-kentt\u00e4\u00e4 n\u00e4iden kahden v\u00e4lisell\u00e4 resistiivisell\u00e4 kuormalla<br \/>\nliittimet, &quot;K\u00e4\u00e4la 1 ja kela 2&quot;. IC vastaanottaa ja dekoodaa sarjatukiasemakomennot (downlink), jotka ovat<br \/>\nkoodattu 100% amplitudimoduloituna On-Off Keying (OOK) Pulse Interval Encoded (PIE) -bittivirroina.<\/p>\n<p><strong>ATA5577 IC:n ominaisuudet<\/strong><br \/>\nN\u00e4m\u00e4 ovat seuraavat luku\/kirjoitus LF RFID IDIC 100 kHz - 150 kHz ominaisuudet:<br \/>\n\u2022 Kontaktiton virtal\u00e4hde<br \/>\n\u2022 Kontaktiton luku-\/kirjoitustiedonsiirto<br \/>\n\u2022 Radiotaajuus fRF 100 kHz - 150 kHz<br \/>\n\u2022 Perustila tai laajennettu tila<br \/>\n\u2022 Yhteensopiva T5557, ATA5567 kanssa<br \/>\n\u2022 Korvaa mallille e5551\/T5551 yleisimmiss\u00e4 toimintatiloissa<br \/>\n\u2022 Konfiguroitavissa ISO\/IEC 11784\/785 -yhteensopivuus<br \/>\n\u2022 Yhteens\u00e4 363 bitti\u00e4 EEPROM-muistia: 11 lohkoa (32 bitti\u00e4 + 1 lukitusbitti):<br \/>\n\u2013 7 \u00d7 32 bitin EEPROM-k\u00e4ytt\u00e4j\u00e4muisti, mukaan lukien 32-bittinen salasanamuisti<br \/>\n\u2013 2 \u00d7 32 bitti\u00e4 yksil\u00f6lliselle tunnisteelle<br \/>\n\u2013 1 \u00d7 32-bittinen optiorekisteri EEPROMissa analogisen k\u00e4ytt\u00f6liittym\u00e4n m\u00e4\u00e4ritt\u00e4miseksi:<br \/>\n\u2022 Kellon ja v\u00e4lin tunnistustaso<br \/>\n\u2022 Parannettu laskevan siirtotien ajoitus<br \/>\n\u2022 Puristus- ja modulaatioj\u00e4nnite<br \/>\n\u2022 Pehme\u00e4 modulaatiokytkent\u00e4<br \/>\n\u2022 Kirjoita vaimennus kuten T5557\/ATA5567 tai vastuksella<br \/>\n\u2022 Downlink-protokolla<br \/>\n\u2013 1 \u00d7 32-bittinen konfigurointirekisteri EEPROMissa m\u00e4\u00e4ritett\u00e4v\u00e4ksi:<br \/>\n\u2022 Datanopeus<br \/>\n\u2013 RF\/2 - RF\/128, bin\u00e4\u00e4rivalintainen tai<br \/>\n\u2013 Kiinte\u00e4t perustilan nopeudet<br \/>\n\u2022 Modulointi\/koodaus<br \/>\n- Bi-phase, Manchester, Frequency Shift Keying (FSK), Phase-Shift Keying (PSK), Non-Return-to-Zero (NRZ)<br \/>\n\u2022 Muita vaihtoehtoja:<br \/>\n\u2013 Salasanatila<br \/>\n\u2013 Max lohkoominaisuus<br \/>\n\u2013 Suora k\u00e4ytt\u00f6tila<br \/>\n\u2013 sekvenssin p\u00e4\u00e4tt\u00e4j\u00e4(t)<\/p>\n<\/div>\n<div class=\"J_module\">\n<div class=\"detail-decorate-json-renderer-container\">\n<div class=\"magic-1\">\n<div>\n<div><\/div>\n<\/div>\n<div class=\"magic-2\">\n<div>\n<div class=\"auto-hide-last-sibling-br paragraph_1252f paragraph-element\">\n<div class=\"auto-hide-last-sibling-br paragraph_1252f paragraph-element\"><strong>125 kHz PPS RFID Pesulatunnisteet<\/strong> tarjoaa lukuisia etuja integroituna RFID-pesutunnisteratkaisuihin.<\/div>\n<div class=\"auto-hide-last-sibling-br paragraph_1252f paragraph-element\">N\u00e4it\u00e4 etuja ovat:<\/div>\n<ol class=\"auto-hide-last-sibling-br\">\n<li>Tehdaskohtainen hinnoittelu takaa kustannustehokkaat ratkaisut.<\/li>\n<li>Taattu laatu, 100%-testaus suoritettu ennen toimitusta.<\/li>\n<li>Pitk\u00e4kestoinen luotettavuus, yli 200 pesukertaa sertifioitu tai 2 vuoden elinik\u00e4takuu l\u00e4hetyksen j\u00e4lkeen.<\/li>\n<li>Poikkeuksellinen kest\u00e4vyys, kest\u00e4\u00e4 vett\u00e4, l\u00e4mp\u00f6\u00e4, painetta ja kemikaaleja.<\/li>\n<li>Tarjoamme my\u00f6s ilmaisen n\u00e4ytteen laadunvarmistusta ja testausta varten.<\/li>\n<\/ol>\n<div class=\"auto-hide-last-sibling-br paragraph_1252f paragraph-element\"><strong>RFID Laundry Tag-PPS -T5577 Sovellukset:<\/strong><\/div>\n<ol class=\"auto-hide-last-sibling-br\">\n<li>\n<div class=\"auto-hide-last-sibling-br paragraph_1252f paragraph-element\">Teollisuuspesulat: Teollisuusareenalla RFID Laundry Tag Buttons -painikkeiden k\u00e4ytt\u00f6 tekee massiivisten pellavam\u00e4\u00e4rien seurannasta vaivatonta.<\/div>\n<\/li>\n<li>\n<div class=\"auto-hide-last-sibling-br paragraph_1252f paragraph-element\">Sairaalat ja hotellit: N\u00e4m\u00e4 laitokset hoitavat usein suuria m\u00e4\u00e4ri\u00e4 pesulateht\u00e4vi\u00e4, joissa n\u00e4m\u00e4 tunnisteet ovat osoittautuneet v\u00e4ltt\u00e4m\u00e4tt\u00f6miksi tehokkuuden parantamiseksi ja varastonhallinnan virtaviivaistamiseksi.<\/div>\n<\/li>\n<li>\n<div class=\"auto-hide-last-sibling-br paragraph_1252f paragraph-element\">Liinavaatteiden vuokraus: Liinavaatteiden vuokrauspalveluita tarjoavat yritykset ottavat k\u00e4ytt\u00f6\u00f6n n\u00e4m\u00e4 tunnisteet helpottaakseen varastonhallintaa ja varmistaakseen laadunvalvonnan.<\/div>\n<\/li>\n<\/ol>\n<\/div>\n<\/div>\n<\/div>\n<\/div>\n<\/div>\n<\/div>","protected":false},"excerpt":{"rendered":"<div class=\"auto-hide-last-sibling-br paragraph_1252f paragraph-element\">T5577 PPS RFID -pesutunnisteet, jotka on valmistettu joustavasta PPS-materiaalista, on suunniteltu kest\u00e4m\u00e4\u00e4n upottamista veteen, altistumista l\u00e4mm\u00f6lle, paineelle ja kemikaaleille, joten ne sopivat t\u00e4ydellisesti haastaviin ymp\u00e4rist\u00f6ihin.<\/div>","protected":false},"featured_media":116,"template":"","meta":{"_kad_post_transparent":"default","_kad_post_title":"","_kad_post_layout":"default","_kad_post_sidebar_id":"","_kad_post_content_style":"default","_kad_post_vertical_padding":"default","_kad_post_feature":"","_kad_post_feature_position":"","_kad_post_header":false,"_kad_post_footer":false,"_kad_post_classname":""},"product_brand":[],"product_cat":[21,18],"product_tag":[52,49,58],"class_list":{"0":"post-115","1":"product","2":"type-product","3":"status-publish","4":"has-post-thumbnail","6":"product_cat-pps-rfid-laundry-tag","7":"product_cat-125khz-rfid-laundry-tag","8":"product_tag-125khz-pps-rfid-laundry-tag","9":"product_tag-button-rfid-tag","10":"product_tag-rfid-laundry-tag-pps-t5577","12":"first","13":"instock","14":"shipping-taxable","15":"product-type-simple","16":"entry","17":"content-bg","18":"loop-entry"},"_links":{"self":[{"href":"https:\/\/rfid-laundry-tag.com\/fi\/wp-json\/wp\/v2\/product\/115","targetHints":{"allow":["GET"]}}],"collection":[{"href":"https:\/\/rfid-laundry-tag.com\/fi\/wp-json\/wp\/v2\/product"}],"about":[{"href":"https:\/\/rfid-laundry-tag.com\/fi\/wp-json\/wp\/v2\/types\/product"}],"version-history":[{"count":1,"href":"https:\/\/rfid-laundry-tag.com\/fi\/wp-json\/wp\/v2\/product\/115\/revisions"}],"predecessor-version":[{"id":1340,"href":"https:\/\/rfid-laundry-tag.com\/fi\/wp-json\/wp\/v2\/product\/115\/revisions\/1340"}],"wp:featuredmedia":[{"embeddable":true,"href":"https:\/\/rfid-laundry-tag.com\/fi\/wp-json\/wp\/v2\/media\/116"}],"wp:attachment":[{"href":"https:\/\/rfid-laundry-tag.com\/fi\/wp-json\/wp\/v2\/media?parent=115"}],"wp:term":[{"taxonomy":"product_brand","embeddable":true,"href":"https:\/\/rfid-laundry-tag.com\/fi\/wp-json\/wp\/v2\/product_brand?post=115"},{"taxonomy":"product_cat","embeddable":true,"href":"https:\/\/rfid-laundry-tag.com\/fi\/wp-json\/wp\/v2\/product_cat?post=115"},{"taxonomy":"product_tag","embeddable":true,"href":"https:\/\/rfid-laundry-tag.com\/fi\/wp-json\/wp\/v2\/product_tag?post=115"}],"curies":[{"name":"wp","href":"https:\/\/api.w.org\/{rel}","templated":true}]}}